{"id":3281,"date":"2023-09-27T19:01:47","date_gmt":"2023-09-27T19:01:47","guid":{"rendered":"https:\/\/abaa.mx\/tienda\/?post_type=product&#038;p=3281"},"modified":"2023-12-06T19:29:15","modified_gmt":"2023-12-06T19:29:15","slug":"manometro-diferencial-dwyer-2-5020-minihelic-ii-0-20w-c","status":"publish","type":"product","link":"https:\/\/abaa.mx\/tienda\/manometro-diferencial-dwyer-2-5020-minihelic-ii-0-20w-c\/","title":{"rendered":"Man\u00f3metro diferencial dwyer 2-5020 minihelic ii (0-20&#8243;w.c.)"},"content":{"rendered":"<p>Dise\u00f1ado para montaje en panel en un orificio de 2-5\/8&#8243; de di\u00e1metro. Las conexiones de presi\u00f3n son de p\u00faas.<\/p>\n<h4>Dwyer 2-5020 Ofertas<\/h4>\n<p><strong>Funciones<\/strong><\/p>\n<ul>\n<li>La carcasa est\u00e1 moldeada a partir de nylon relleno de mineral y vidrio fuerte<\/li>\n<li>Los topes del puntero de caucho moldeado evitan el sobrerecorrido del puntero sin da\u00f1ar<\/li>\n<li>La lente Full View es extra\u00edble y moldeada de acr\u00edlico resistente<\/li>\n<li>Escala de aluminio lito-impresa negro sobre blanco, mejora la legibilidad<\/li>\n<li>Puntero de aluminio de punta roja, montado r\u00edgidamente en h\u00e9lice es f\u00e1cil de ver<\/li>\n<li>El conjunto de horquilla proporciona montaje para h\u00e9lice, cojinetes helicoidales y eje de puntero<\/li>\n<li>Los rodamientos Jewel proporcionan un movimiento de h\u00e9lice pr\u00e1cticamente sin fricci\u00f3n<\/li>\n<li>Helix es libre de girar en rodamientos de joyas. Se alinea con el campo magn\u00e9tico del im\u00e1n para transmitir indicaciones de presi\u00f3n al puntero<\/li>\n<li>El tornillo de ajuste cero, ubicado detr\u00e1s de la lente extra\u00edble, elimina la manipulaci\u00f3n<\/li>\n<li>La abrazadera de calibraci\u00f3n de resorte de rango fija la longitud viva del resorte para una calibraci\u00f3n adecuada del medidor y est\u00e1 configurada y sellada de f\u00e1brica<\/li>\n<li>El diafragma de caucho de silicona permite una respuesta precisa a un amplio rango de temperaturas y a una presi\u00f3n extremadamente baja. Incorpora \u00e1rea de soplado para protecci\u00f3n contra sobrepresi\u00f3n<\/li>\n<li>Las placas de soporte del diafragma de aluminio liviano a cada lado del diafragma minimizan la sensibilidad de posici\u00f3n o actitud y ayudan a definir el \u00e1rea de presi\u00f3n<\/li>\n<li>El resorte de la gama de hojas planas reacciona a la presi\u00f3n sobre el diafragma. La longitud de vida es ajustable para la calibraci\u00f3n. La peque\u00f1a amplitud de movimiento minimiza las imprecisiones y asegura una larga vida \u00fatil<\/li>\n<li>El grifo de baja presi\u00f3n se conecta a la c\u00e1mara trasera<\/li>\n<li>El eslab\u00f3n del resorte helicoidal proporciona una conexi\u00f3n resistente entre el diafragma y el resorte de rango<\/li>\n<li>El im\u00e1n cer\u00e1mico montado en un soporte moldeado al final del resorte de rango gira la h\u00e9lice sin enlace mec\u00e1nico directo<\/li>\n<li>El grifo de alta presi\u00f3n se conecta con la c\u00e1mara frontal a trav\u00e9s del pasillo en la caja de pl\u00e1stico y un anillo de sellado moldeado en el borde del diafragma<\/li>\n<\/ul>\n<p><strong>Aplicaciones<\/strong><\/p>\n<ul>\n<li>Detecci\u00f3n de presi\u00f3n positiva en la sala<\/li>\n<li>Indicaci\u00f3n local sobre el estado del filtro<\/li>\n<li>Velocidad de la cara en la capucha de humos<\/li>\n<li>Presiones de conductos<\/li>\n<\/ul>\n<h4>Dwyer 2-5020 Especificaciones<\/h4>\n<table class=\"table table-striped\">\n<tbody>\n<tr>\n<td>Servicio<\/td>\n<td>Aire y gases compatibles<\/td>\n<\/tr>\n<tr>\n<td>Vivienda<\/td>\n<td>Lente de policarbonato de nylon<br \/>\nrellena de vidrio<\/td>\n<\/tr>\n<tr>\n<td>Exactitud<\/td>\n<td>\u00b15% de FS a 70\u00b0F (21.1\u00b0C)<\/td>\n<\/tr>\n<tr>\n<td>L\u00edmites de presi\u00f3n<\/td>\n<td>30 psig (2,067 bar) continuo a cualquiera de las conexiones de presi\u00f3n<\/td>\n<\/tr>\n<tr>\n<td>L\u00edmites de temperatura<\/td>\n<td>20 a 120\u00b0F (-6.67 a 48.9\u00b0C)<\/td>\n<\/tr>\n<tr>\n<td>Orientaci\u00f3n de montaje<\/td>\n<td>Diafragma en posici\u00f3n vertical<\/td>\n<\/tr>\n<tr>\n<td>Conexiones de proceso<\/td>\n<td>P\u00faas, para\u00a0<sup>3<\/sup>\u2044<sub>16<\/sub>&#8221; Tubo de identificaci\u00f3n (est\u00e1ndar) 1\/8&#8243; NPT macho (opcional)<\/td>\n<\/tr>\n<tr>\n<td>Peso<\/td>\n<td>6 onzas (170,1 g)<\/td>\n<\/tr>\n<tr>\n<td>Aprobaciones de agencias<\/td>\n<td>Cumple con los requisitos t\u00e9cnicos de la Directiva de la UE 2011\/65 \/ UE (RoHS II)<\/td>\n<\/tr>\n<\/tbody>\n<\/table>\n","protected":false},"excerpt":{"rendered":"<p>Dise\u00f1ado para montaje en panel en un orificio de 2-5\/8&#8243; de di\u00e1metro. Las conexiones de presi\u00f3n son de p\u00faas.<\/p>\n","protected":false},"featured_media":3295,"comment_status":"open","ping_status":"closed","template":"","meta":{"_joinchat":[]},"product_brand":[],"product_cat":[15],"product_tag":[],"class_list":{"0":"post-3281","1":"product","2":"type-product","3":"status-publish","4":"has-post-thumbnail","6":"product_cat-sin-categorizar","8":"first","9":"instock","10":"shipping-taxable","11":"product-type-simple"},"yoast_head":"<!-- This site is optimized with the Yoast SEO plugin v26.4 - https:\/\/yoast.com\/wordpress\/plugins\/seo\/ -->\n<title>Man\u00f3metro diferencial dwyer 2-5020 minihelic ii (0-20&quot;w.c.) - Abaa tienda online<\/title>\n<meta name=\"robots\" content=\"index, follow, max-snippet:-1, max-image-preview:large, max-video-preview:-1\" \/>\n<link rel=\"canonical\" href=\"https:\/\/abaa.mx\/tienda\/manometro-diferencial-dwyer-2-5020-minihelic-ii-0-20w-c\/\" \/>\n<meta property=\"og:locale\" content=\"es_MX\" \/>\n<meta property=\"og:type\" content=\"article\" \/>\n<meta property=\"og:title\" content=\"Man\u00f3metro diferencial dwyer 2-5020 minihelic ii (0-20&quot;w.c.) - Abaa tienda online\" \/>\n<meta property=\"og:description\" content=\"Dise\u00f1ado para montaje en panel en un orificio de 2-5\/8&quot; de di\u00e1metro. Las conexiones de presi\u00f3n son de p\u00faas.\" \/>\n<meta property=\"og:url\" content=\"https:\/\/abaa.mx\/tienda\/manometro-diferencial-dwyer-2-5020-minihelic-ii-0-20w-c\/\" \/>\n<meta property=\"og:site_name\" content=\"Abaa tienda online\" \/>\n<meta property=\"article:modified_time\" content=\"2023-12-06T19:29:15+00:00\" \/>\n<meta property=\"og:image\" content=\"https:\/\/abaa.mx\/tienda\/wp-content\/uploads\/2023\/09\/2-5020.jpg\" \/>\n\t<meta property=\"og:image:width\" content=\"270\" \/>\n\t<meta property=\"og:image:height\" content=\"270\" \/>\n\t<meta property=\"og:image:type\" content=\"image\/jpeg\" \/>\n<meta name=\"twitter:card\" content=\"summary_large_image\" \/>\n<meta name=\"twitter:label1\" content=\"Tiempo de lectura\" \/>\n\t<meta name=\"twitter:data1\" content=\"3 minutos\" \/>\n<script type=\"application\/ld+json\" class=\"yoast-schema-graph\">{\"@context\":\"https:\/\/schema.org\",\"@graph\":[{\"@type\":\"WebPage\",\"@id\":\"https:\/\/abaa.mx\/tienda\/manometro-diferencial-dwyer-2-5020-minihelic-ii-0-20w-c\/\",\"url\":\"https:\/\/abaa.mx\/tienda\/manometro-diferencial-dwyer-2-5020-minihelic-ii-0-20w-c\/\",\"name\":\"Man\u00f3metro diferencial dwyer 2-5020 minihelic ii (0-20\\\"w.c.) - Abaa tienda online\",\"isPartOf\":{\"@id\":\"https:\/\/abaa.mx\/tienda\/#website\"},\"primaryImageOfPage\":{\"@id\":\"https:\/\/abaa.mx\/tienda\/manometro-diferencial-dwyer-2-5020-minihelic-ii-0-20w-c\/#primaryimage\"},\"image\":{\"@id\":\"https:\/\/abaa.mx\/tienda\/manometro-diferencial-dwyer-2-5020-minihelic-ii-0-20w-c\/#primaryimage\"},\"thumbnailUrl\":\"https:\/\/abaa.mx\/tienda\/wp-content\/uploads\/2023\/09\/2-5020.jpg\",\"datePublished\":\"2023-09-27T19:01:47+00:00\",\"dateModified\":\"2023-12-06T19:29:15+00:00\",\"breadcrumb\":{\"@id\":\"https:\/\/abaa.mx\/tienda\/manometro-diferencial-dwyer-2-5020-minihelic-ii-0-20w-c\/#breadcrumb\"},\"inLanguage\":\"es\",\"potentialAction\":[{\"@type\":\"ReadAction\",\"target\":[\"https:\/\/abaa.mx\/tienda\/manometro-diferencial-dwyer-2-5020-minihelic-ii-0-20w-c\/\"]}]},{\"@type\":\"ImageObject\",\"inLanguage\":\"es\",\"@id\":\"https:\/\/abaa.mx\/tienda\/manometro-diferencial-dwyer-2-5020-minihelic-ii-0-20w-c\/#primaryimage\",\"url\":\"https:\/\/abaa.mx\/tienda\/wp-content\/uploads\/2023\/09\/2-5020.jpg\",\"contentUrl\":\"https:\/\/abaa.mx\/tienda\/wp-content\/uploads\/2023\/09\/2-5020.jpg\",\"width\":270,\"height\":270,\"caption\":\"2-5020\"},{\"@type\":\"BreadcrumbList\",\"@id\":\"https:\/\/abaa.mx\/tienda\/manometro-diferencial-dwyer-2-5020-minihelic-ii-0-20w-c\/#breadcrumb\",\"itemListElement\":[{\"@type\":\"ListItem\",\"position\":1,\"name\":\"Inicio\",\"item\":\"https:\/\/abaa.mx\/tienda\/\"},{\"@type\":\"ListItem\",\"position\":2,\"name\":\"Tienda\",\"item\":\"https:\/\/abaa.mx\/tienda\/\"},{\"@type\":\"ListItem\",\"position\":3,\"name\":\"Man\u00f3metro diferencial dwyer 2-5020 minihelic ii (0-20&#8243;w.c.)\"}]},{\"@type\":\"WebSite\",\"@id\":\"https:\/\/abaa.mx\/tienda\/#website\",\"url\":\"https:\/\/abaa.mx\/tienda\/\",\"name\":\"Abaa tienda online\",\"description\":\"Instrumentos de medici\u00f3n\",\"publisher\":{\"@id\":\"https:\/\/abaa.mx\/tienda\/#organization\"},\"potentialAction\":[{\"@type\":\"SearchAction\",\"target\":{\"@type\":\"EntryPoint\",\"urlTemplate\":\"https:\/\/abaa.mx\/tienda\/?s={search_term_string}\"},\"query-input\":{\"@type\":\"PropertyValueSpecification\",\"valueRequired\":true,\"valueName\":\"search_term_string\"}}],\"inLanguage\":\"es\"},{\"@type\":\"Organization\",\"@id\":\"https:\/\/abaa.mx\/tienda\/#organization\",\"name\":\"Abaa tienda online\",\"url\":\"https:\/\/abaa.mx\/tienda\/\",\"logo\":{\"@type\":\"ImageObject\",\"inLanguage\":\"es\",\"@id\":\"https:\/\/abaa.mx\/tienda\/#\/schema\/logo\/image\/\",\"url\":\"https:\/\/abaa.mx\/tienda\/wp-content\/uploads\/2024\/01\/abaa-metrologia-tienda.png\",\"contentUrl\":\"https:\/\/abaa.mx\/tienda\/wp-content\/uploads\/2024\/01\/abaa-metrologia-tienda.png\",\"width\":300,\"height\":141,\"caption\":\"Abaa tienda online\"},\"image\":{\"@id\":\"https:\/\/abaa.mx\/tienda\/#\/schema\/logo\/image\/\"}}]}<\/script>\n<!-- \/ Yoast SEO plugin. -->","yoast_head_json":{"title":"Man\u00f3metro diferencial dwyer 2-5020 minihelic ii (0-20\"w.c.) - Abaa tienda online","robots":{"index":"index","follow":"follow","max-snippet":"max-snippet:-1","max-image-preview":"max-image-preview:large","max-video-preview":"max-video-preview:-1"},"canonical":"https:\/\/abaa.mx\/tienda\/manometro-diferencial-dwyer-2-5020-minihelic-ii-0-20w-c\/","og_locale":"es_MX","og_type":"article","og_title":"Man\u00f3metro diferencial dwyer 2-5020 minihelic ii (0-20\"w.c.) - Abaa tienda online","og_description":"Dise\u00f1ado para montaje en panel en un orificio de 2-5\/8\" de di\u00e1metro. Las conexiones de presi\u00f3n son de p\u00faas.","og_url":"https:\/\/abaa.mx\/tienda\/manometro-diferencial-dwyer-2-5020-minihelic-ii-0-20w-c\/","og_site_name":"Abaa tienda online","article_modified_time":"2023-12-06T19:29:15+00:00","og_image":[{"width":270,"height":270,"url":"https:\/\/abaa.mx\/tienda\/wp-content\/uploads\/2023\/09\/2-5020.jpg","type":"image\/jpeg"}],"twitter_card":"summary_large_image","twitter_misc":{"Tiempo de lectura":"3 minutos"},"schema":{"@context":"https:\/\/schema.org","@graph":[{"@type":"WebPage","@id":"https:\/\/abaa.mx\/tienda\/manometro-diferencial-dwyer-2-5020-minihelic-ii-0-20w-c\/","url":"https:\/\/abaa.mx\/tienda\/manometro-diferencial-dwyer-2-5020-minihelic-ii-0-20w-c\/","name":"Man\u00f3metro diferencial dwyer 2-5020 minihelic ii (0-20\"w.c.) - Abaa tienda online","isPartOf":{"@id":"https:\/\/abaa.mx\/tienda\/#website"},"primaryImageOfPage":{"@id":"https:\/\/abaa.mx\/tienda\/manometro-diferencial-dwyer-2-5020-minihelic-ii-0-20w-c\/#primaryimage"},"image":{"@id":"https:\/\/abaa.mx\/tienda\/manometro-diferencial-dwyer-2-5020-minihelic-ii-0-20w-c\/#primaryimage"},"thumbnailUrl":"https:\/\/abaa.mx\/tienda\/wp-content\/uploads\/2023\/09\/2-5020.jpg","datePublished":"2023-09-27T19:01:47+00:00","dateModified":"2023-12-06T19:29:15+00:00","breadcrumb":{"@id":"https:\/\/abaa.mx\/tienda\/manometro-diferencial-dwyer-2-5020-minihelic-ii-0-20w-c\/#breadcrumb"},"inLanguage":"es","potentialAction":[{"@type":"ReadAction","target":["https:\/\/abaa.mx\/tienda\/manometro-diferencial-dwyer-2-5020-minihelic-ii-0-20w-c\/"]}]},{"@type":"ImageObject","inLanguage":"es","@id":"https:\/\/abaa.mx\/tienda\/manometro-diferencial-dwyer-2-5020-minihelic-ii-0-20w-c\/#primaryimage","url":"https:\/\/abaa.mx\/tienda\/wp-content\/uploads\/2023\/09\/2-5020.jpg","contentUrl":"https:\/\/abaa.mx\/tienda\/wp-content\/uploads\/2023\/09\/2-5020.jpg","width":270,"height":270,"caption":"2-5020"},{"@type":"BreadcrumbList","@id":"https:\/\/abaa.mx\/tienda\/manometro-diferencial-dwyer-2-5020-minihelic-ii-0-20w-c\/#breadcrumb","itemListElement":[{"@type":"ListItem","position":1,"name":"Inicio","item":"https:\/\/abaa.mx\/tienda\/"},{"@type":"ListItem","position":2,"name":"Tienda","item":"https:\/\/abaa.mx\/tienda\/"},{"@type":"ListItem","position":3,"name":"Man\u00f3metro diferencial dwyer 2-5020 minihelic ii (0-20&#8243;w.c.)"}]},{"@type":"WebSite","@id":"https:\/\/abaa.mx\/tienda\/#website","url":"https:\/\/abaa.mx\/tienda\/","name":"Abaa tienda online","description":"Instrumentos de medici\u00f3n","publisher":{"@id":"https:\/\/abaa.mx\/tienda\/#organization"},"potentialAction":[{"@type":"SearchAction","target":{"@type":"EntryPoint","urlTemplate":"https:\/\/abaa.mx\/tienda\/?s={search_term_string}"},"query-input":{"@type":"PropertyValueSpecification","valueRequired":true,"valueName":"search_term_string"}}],"inLanguage":"es"},{"@type":"Organization","@id":"https:\/\/abaa.mx\/tienda\/#organization","name":"Abaa tienda online","url":"https:\/\/abaa.mx\/tienda\/","logo":{"@type":"ImageObject","inLanguage":"es","@id":"https:\/\/abaa.mx\/tienda\/#\/schema\/logo\/image\/","url":"https:\/\/abaa.mx\/tienda\/wp-content\/uploads\/2024\/01\/abaa-metrologia-tienda.png","contentUrl":"https:\/\/abaa.mx\/tienda\/wp-content\/uploads\/2024\/01\/abaa-metrologia-tienda.png","width":300,"height":141,"caption":"Abaa tienda online"},"image":{"@id":"https:\/\/abaa.mx\/tienda\/#\/schema\/logo\/image\/"}}]}},"_links":{"self":[{"href":"https:\/\/abaa.mx\/tienda\/wp-json\/wp\/v2\/product\/3281","targetHints":{"allow":["GET"]}}],"collection":[{"href":"https:\/\/abaa.mx\/tienda\/wp-json\/wp\/v2\/product"}],"about":[{"href":"https:\/\/abaa.mx\/tienda\/wp-json\/wp\/v2\/types\/product"}],"replies":[{"embeddable":true,"href":"https:\/\/abaa.mx\/tienda\/wp-json\/wp\/v2\/comments?post=3281"}],"wp:featuredmedia":[{"embeddable":true,"href":"https:\/\/abaa.mx\/tienda\/wp-json\/wp\/v2\/media\/3295"}],"wp:attachment":[{"href":"https:\/\/abaa.mx\/tienda\/wp-json\/wp\/v2\/media?parent=3281"}],"wp:term":[{"taxonomy":"product_brand","embeddable":true,"href":"https:\/\/abaa.mx\/tienda\/wp-json\/wp\/v2\/product_brand?post=3281"},{"taxonomy":"product_cat","embeddable":true,"href":"https:\/\/abaa.mx\/tienda\/wp-json\/wp\/v2\/product_cat?post=3281"},{"taxonomy":"product_tag","embeddable":true,"href":"https:\/\/abaa.mx\/tienda\/wp-json\/wp\/v2\/product_tag?post=3281"}],"curies":[{"name":"wp","href":"https:\/\/api.w.org\/{rel}","templated":true}]}}