{"id":3279,"date":"2023-09-27T18:57:47","date_gmt":"2023-09-27T18:57:47","guid":{"rendered":"https:\/\/abaa.mx\/tienda\/?post_type=product&#038;p=3279"},"modified":"2023-12-06T19:30:17","modified_gmt":"2023-12-06T19:30:17","slug":"manometro-diferencial-dwyer-2-5005-minihelic-ii-0-5-w-c","status":"publish","type":"product","link":"https:\/\/abaa.mx\/tienda\/manometro-diferencial-dwyer-2-5005-minihelic-ii-0-5-w-c\/","title":{"rendered":"Man\u00f3metro diferencial dwyer 2-5005 minihelic ii (0-5 &#8220;w.c.)"},"content":{"rendered":"<p>Dise\u00f1ado para montaje en panel en un orificio de 2-5\/8&#8243; de di\u00e1metro. Las conexiones de presi\u00f3n son de p\u00faas.<\/p>\n<h4>Man\u00f3metro diferencial Dwyer 2-5005 Minihelic II, rango 0-5.0<\/h4>\n<p>El man\u00f3metro diferencial Dwyer 2-5005 Minihelic II cuenta con un rango de 0-5.0&#8243; w.c.<\/p>\n<p><strong>Combinando<\/strong> un dise\u00f1o limpio, tama\u00f1o peque\u00f1o y bajo costo con suficiente precisi\u00f3n para todas las aplicaciones, excepto las m\u00e1s exigentes, nuestro medidor Minihelic II ofrece lo \u00faltimo en caracter\u00edsticas de dise\u00f1o para un man\u00f3metro diferencial tipo dial. Es nuestro man\u00f3metro m\u00e1s compacto, pero es f\u00e1cil de leer y puede operar con seguridad a presiones totales de hasta 30 psig. El medidor Minihelic II est\u00e1 dise\u00f1ado para el montaje en panel en un solo orificio de 2-5\/8&#8243; de di\u00e1metro. Las conexiones de presi\u00f3n est\u00e1ndar son accesorios de p\u00faas para tubos de identificaci\u00f3n de 3\/16 &#8220;; tambi\u00e9n est\u00e1n disponibles conexiones NPT macho opcionales de 1\/8&#8221;. La protecci\u00f3n contra sobrepresi\u00f3n est\u00e1 integrada en el man\u00f3metro Minihelic II por medio de una membrana de soplado moldeada junto con el diafragma. El sobrealcance accidental hasta la presi\u00f3n total nominal no da\u00f1ar\u00e1 el man\u00f3metro. Con lente extra\u00edble y carcasa trasera, el medidor puede ser f\u00e1cilmente reparado a un costo m\u00ednimo.<\/p>\n<p>Con la carcasa moldeada de nylon relleno de mineral y vidrio y la lente moldeada de acr\u00edlico, el medidor resistir\u00e1 el uso y la exposici\u00f3n bruscos, as\u00ed como la alta presi\u00f3n total. La precisi\u00f3n del 5% y el bajo costo del medidor Minihelic II lo hacen adecuado para una amplia variedad de aplicaciones OEM y de usuario. Las aplicaciones OEM incluyen purga de aire de gabinete, equipos de terapia respiratoria m\u00e9dica, muestreadores de aire, campanas de flujo laminar y sistemas electr\u00f3nicos de enfriamiento de aire. Como indicador de filtro de aire, el medidor Minihelic II encuentra muchas aplicaciones de uso final en grandes motores estacionarios, compresores, ventiladores y unidades de tratamiento de aire. El medidor Minihelic II es adecuado para muchas de las mismas aplicaciones que el medidor Magnehelic, donde no se requieren la mayor precisi\u00f3n,sensibilidad y rangos de presi\u00f3n diferencial m\u00e1s altos y m\u00e1s bajos del medidor Magnehlic.<\/p>\n<h4>Dwyer 2-5005 Especificaciones<\/h4>\n<table class=\"table table-striped\">\n<tbody>\n<tr>\n<td>Servicio<\/td>\n<td>Aire y gases compatibles<\/td>\n<\/tr>\n<tr>\n<td>Vivienda<\/td>\n<td>Lente de policarbonato de nylon<br \/>\nrellena de vidrio<\/td>\n<\/tr>\n<tr>\n<td>Exactitud<\/td>\n<td>\u00b15% de FS a 70\u00b0F (21.1\u00b0C)<\/td>\n<\/tr>\n<tr>\n<td>L\u00edmites de presi\u00f3n<\/td>\n<td>30 psig (2,067 bar) continuo a cualquiera de las conexiones de presi\u00f3n<\/td>\n<\/tr>\n<tr>\n<td>L\u00edmites de temperatura<\/td>\n<td>20 a 120\u00b0F (-6.67 a 48.9\u00b0C)<\/td>\n<\/tr>\n<tr>\n<td>Orientaci\u00f3n de montaje<\/td>\n<td>Diafragma en posici\u00f3n vertical<\/td>\n<\/tr>\n<tr>\n<td>Conexiones de proceso<\/td>\n<td>P\u00faas, para\u00a0<sup>3<\/sup>\u2044<sub>16<\/sub>&#8221; Tubo de identificaci\u00f3n (est\u00e1ndar) 1\/8&#8243; NPT macho (opcional)<\/td>\n<\/tr>\n<tr>\n<td>Peso<\/td>\n<td>6 onzas (170,1 g)<\/td>\n<\/tr>\n<tr>\n<td>Aprobaciones de agencias<\/td>\n<td>Cumple con los requisitos t\u00e9cnicos de la Directiva de la UE 2011\/65 \/ UE (RoHS II)<\/td>\n<\/tr>\n<\/tbody>\n<\/table>\n","protected":false},"excerpt":{"rendered":"<p>Dise\u00f1ado para montaje en panel en un orificio de 2-5\/8&#8243; de di\u00e1metro. Las conexiones de presi\u00f3n son de p\u00faas.<\/p>\n<p>&nbsp;<\/p>\n","protected":false},"featured_media":3284,"comment_status":"open","ping_status":"closed","template":"","meta":{"_joinchat":[]},"product_brand":[],"product_cat":[15],"product_tag":[],"class_list":{"0":"post-3279","1":"product","2":"type-product","3":"status-publish","4":"has-post-thumbnail","6":"product_cat-sin-categorizar","8":"first","9":"instock","10":"shipping-taxable","11":"product-type-simple"},"yoast_head":"<!-- This site is optimized with the Yoast SEO plugin v26.4 - https:\/\/yoast.com\/wordpress\/plugins\/seo\/ -->\n<title>Man\u00f3metro diferencial dwyer 2-5005 minihelic ii (0-5 &quot;w.c.) - Abaa tienda online<\/title>\n<meta name=\"robots\" content=\"index, follow, max-snippet:-1, max-image-preview:large, max-video-preview:-1\" \/>\n<link rel=\"canonical\" href=\"https:\/\/abaa.mx\/tienda\/manometro-diferencial-dwyer-2-5005-minihelic-ii-0-5-w-c\/\" \/>\n<meta property=\"og:locale\" content=\"es_MX\" \/>\n<meta property=\"og:type\" content=\"article\" \/>\n<meta property=\"og:title\" content=\"Man\u00f3metro diferencial dwyer 2-5005 minihelic ii (0-5 &quot;w.c.) - Abaa tienda online\" \/>\n<meta property=\"og:description\" content=\"Dise\u00f1ado para montaje en panel en un orificio de 2-5\/8&quot; de di\u00e1metro. Las conexiones de presi\u00f3n son de p\u00faas.  &nbsp;\" \/>\n<meta property=\"og:url\" content=\"https:\/\/abaa.mx\/tienda\/manometro-diferencial-dwyer-2-5005-minihelic-ii-0-5-w-c\/\" \/>\n<meta property=\"og:site_name\" content=\"Abaa tienda online\" \/>\n<meta property=\"article:modified_time\" content=\"2023-12-06T19:30:17+00:00\" \/>\n<meta property=\"og:image\" content=\"https:\/\/abaa.mx\/tienda\/wp-content\/uploads\/2023\/09\/2-5005.jpg\" \/>\n\t<meta property=\"og:image:width\" content=\"270\" \/>\n\t<meta property=\"og:image:height\" content=\"270\" \/>\n\t<meta property=\"og:image:type\" content=\"image\/jpeg\" \/>\n<meta name=\"twitter:card\" content=\"summary_large_image\" \/>\n<meta name=\"twitter:label1\" content=\"Tiempo de lectura\" \/>\n\t<meta name=\"twitter:data1\" content=\"3 minutos\" \/>\n<script type=\"application\/ld+json\" class=\"yoast-schema-graph\">{\"@context\":\"https:\/\/schema.org\",\"@graph\":[{\"@type\":\"WebPage\",\"@id\":\"https:\/\/abaa.mx\/tienda\/manometro-diferencial-dwyer-2-5005-minihelic-ii-0-5-w-c\/\",\"url\":\"https:\/\/abaa.mx\/tienda\/manometro-diferencial-dwyer-2-5005-minihelic-ii-0-5-w-c\/\",\"name\":\"Man\u00f3metro diferencial dwyer 2-5005 minihelic ii (0-5 \\\"w.c.) - Abaa tienda online\",\"isPartOf\":{\"@id\":\"https:\/\/abaa.mx\/tienda\/#website\"},\"primaryImageOfPage\":{\"@id\":\"https:\/\/abaa.mx\/tienda\/manometro-diferencial-dwyer-2-5005-minihelic-ii-0-5-w-c\/#primaryimage\"},\"image\":{\"@id\":\"https:\/\/abaa.mx\/tienda\/manometro-diferencial-dwyer-2-5005-minihelic-ii-0-5-w-c\/#primaryimage\"},\"thumbnailUrl\":\"https:\/\/abaa.mx\/tienda\/wp-content\/uploads\/2023\/09\/2-5005.jpg\",\"datePublished\":\"2023-09-27T18:57:47+00:00\",\"dateModified\":\"2023-12-06T19:30:17+00:00\",\"breadcrumb\":{\"@id\":\"https:\/\/abaa.mx\/tienda\/manometro-diferencial-dwyer-2-5005-minihelic-ii-0-5-w-c\/#breadcrumb\"},\"inLanguage\":\"es\",\"potentialAction\":[{\"@type\":\"ReadAction\",\"target\":[\"https:\/\/abaa.mx\/tienda\/manometro-diferencial-dwyer-2-5005-minihelic-ii-0-5-w-c\/\"]}]},{\"@type\":\"ImageObject\",\"inLanguage\":\"es\",\"@id\":\"https:\/\/abaa.mx\/tienda\/manometro-diferencial-dwyer-2-5005-minihelic-ii-0-5-w-c\/#primaryimage\",\"url\":\"https:\/\/abaa.mx\/tienda\/wp-content\/uploads\/2023\/09\/2-5005.jpg\",\"contentUrl\":\"https:\/\/abaa.mx\/tienda\/wp-content\/uploads\/2023\/09\/2-5005.jpg\",\"width\":270,\"height\":270,\"caption\":\"2-5005\"},{\"@type\":\"BreadcrumbList\",\"@id\":\"https:\/\/abaa.mx\/tienda\/manometro-diferencial-dwyer-2-5005-minihelic-ii-0-5-w-c\/#breadcrumb\",\"itemListElement\":[{\"@type\":\"ListItem\",\"position\":1,\"name\":\"Inicio\",\"item\":\"https:\/\/abaa.mx\/tienda\/\"},{\"@type\":\"ListItem\",\"position\":2,\"name\":\"Tienda\",\"item\":\"https:\/\/abaa.mx\/tienda\/\"},{\"@type\":\"ListItem\",\"position\":3,\"name\":\"Man\u00f3metro diferencial dwyer 2-5005 minihelic ii (0-5 &#8220;w.c.)\"}]},{\"@type\":\"WebSite\",\"@id\":\"https:\/\/abaa.mx\/tienda\/#website\",\"url\":\"https:\/\/abaa.mx\/tienda\/\",\"name\":\"Abaa tienda online\",\"description\":\"Instrumentos de medici\u00f3n\",\"publisher\":{\"@id\":\"https:\/\/abaa.mx\/tienda\/#organization\"},\"potentialAction\":[{\"@type\":\"SearchAction\",\"target\":{\"@type\":\"EntryPoint\",\"urlTemplate\":\"https:\/\/abaa.mx\/tienda\/?s={search_term_string}\"},\"query-input\":{\"@type\":\"PropertyValueSpecification\",\"valueRequired\":true,\"valueName\":\"search_term_string\"}}],\"inLanguage\":\"es\"},{\"@type\":\"Organization\",\"@id\":\"https:\/\/abaa.mx\/tienda\/#organization\",\"name\":\"Abaa tienda online\",\"url\":\"https:\/\/abaa.mx\/tienda\/\",\"logo\":{\"@type\":\"ImageObject\",\"inLanguage\":\"es\",\"@id\":\"https:\/\/abaa.mx\/tienda\/#\/schema\/logo\/image\/\",\"url\":\"https:\/\/abaa.mx\/tienda\/wp-content\/uploads\/2024\/01\/abaa-metrologia-tienda.png\",\"contentUrl\":\"https:\/\/abaa.mx\/tienda\/wp-content\/uploads\/2024\/01\/abaa-metrologia-tienda.png\",\"width\":300,\"height\":141,\"caption\":\"Abaa tienda online\"},\"image\":{\"@id\":\"https:\/\/abaa.mx\/tienda\/#\/schema\/logo\/image\/\"}}]}<\/script>\n<!-- \/ Yoast SEO plugin. -->","yoast_head_json":{"title":"Man\u00f3metro diferencial dwyer 2-5005 minihelic ii (0-5 \"w.c.) - Abaa tienda online","robots":{"index":"index","follow":"follow","max-snippet":"max-snippet:-1","max-image-preview":"max-image-preview:large","max-video-preview":"max-video-preview:-1"},"canonical":"https:\/\/abaa.mx\/tienda\/manometro-diferencial-dwyer-2-5005-minihelic-ii-0-5-w-c\/","og_locale":"es_MX","og_type":"article","og_title":"Man\u00f3metro diferencial dwyer 2-5005 minihelic ii (0-5 \"w.c.) - Abaa tienda online","og_description":"Dise\u00f1ado para montaje en panel en un orificio de 2-5\/8\" de di\u00e1metro. Las conexiones de presi\u00f3n son de p\u00faas.  &nbsp;","og_url":"https:\/\/abaa.mx\/tienda\/manometro-diferencial-dwyer-2-5005-minihelic-ii-0-5-w-c\/","og_site_name":"Abaa tienda online","article_modified_time":"2023-12-06T19:30:17+00:00","og_image":[{"width":270,"height":270,"url":"https:\/\/abaa.mx\/tienda\/wp-content\/uploads\/2023\/09\/2-5005.jpg","type":"image\/jpeg"}],"twitter_card":"summary_large_image","twitter_misc":{"Tiempo de lectura":"3 minutos"},"schema":{"@context":"https:\/\/schema.org","@graph":[{"@type":"WebPage","@id":"https:\/\/abaa.mx\/tienda\/manometro-diferencial-dwyer-2-5005-minihelic-ii-0-5-w-c\/","url":"https:\/\/abaa.mx\/tienda\/manometro-diferencial-dwyer-2-5005-minihelic-ii-0-5-w-c\/","name":"Man\u00f3metro diferencial dwyer 2-5005 minihelic ii (0-5 \"w.c.) - Abaa tienda online","isPartOf":{"@id":"https:\/\/abaa.mx\/tienda\/#website"},"primaryImageOfPage":{"@id":"https:\/\/abaa.mx\/tienda\/manometro-diferencial-dwyer-2-5005-minihelic-ii-0-5-w-c\/#primaryimage"},"image":{"@id":"https:\/\/abaa.mx\/tienda\/manometro-diferencial-dwyer-2-5005-minihelic-ii-0-5-w-c\/#primaryimage"},"thumbnailUrl":"https:\/\/abaa.mx\/tienda\/wp-content\/uploads\/2023\/09\/2-5005.jpg","datePublished":"2023-09-27T18:57:47+00:00","dateModified":"2023-12-06T19:30:17+00:00","breadcrumb":{"@id":"https:\/\/abaa.mx\/tienda\/manometro-diferencial-dwyer-2-5005-minihelic-ii-0-5-w-c\/#breadcrumb"},"inLanguage":"es","potentialAction":[{"@type":"ReadAction","target":["https:\/\/abaa.mx\/tienda\/manometro-diferencial-dwyer-2-5005-minihelic-ii-0-5-w-c\/"]}]},{"@type":"ImageObject","inLanguage":"es","@id":"https:\/\/abaa.mx\/tienda\/manometro-diferencial-dwyer-2-5005-minihelic-ii-0-5-w-c\/#primaryimage","url":"https:\/\/abaa.mx\/tienda\/wp-content\/uploads\/2023\/09\/2-5005.jpg","contentUrl":"https:\/\/abaa.mx\/tienda\/wp-content\/uploads\/2023\/09\/2-5005.jpg","width":270,"height":270,"caption":"2-5005"},{"@type":"BreadcrumbList","@id":"https:\/\/abaa.mx\/tienda\/manometro-diferencial-dwyer-2-5005-minihelic-ii-0-5-w-c\/#breadcrumb","itemListElement":[{"@type":"ListItem","position":1,"name":"Inicio","item":"https:\/\/abaa.mx\/tienda\/"},{"@type":"ListItem","position":2,"name":"Tienda","item":"https:\/\/abaa.mx\/tienda\/"},{"@type":"ListItem","position":3,"name":"Man\u00f3metro diferencial dwyer 2-5005 minihelic ii (0-5 &#8220;w.c.)"}]},{"@type":"WebSite","@id":"https:\/\/abaa.mx\/tienda\/#website","url":"https:\/\/abaa.mx\/tienda\/","name":"Abaa tienda online","description":"Instrumentos de medici\u00f3n","publisher":{"@id":"https:\/\/abaa.mx\/tienda\/#organization"},"potentialAction":[{"@type":"SearchAction","target":{"@type":"EntryPoint","urlTemplate":"https:\/\/abaa.mx\/tienda\/?s={search_term_string}"},"query-input":{"@type":"PropertyValueSpecification","valueRequired":true,"valueName":"search_term_string"}}],"inLanguage":"es"},{"@type":"Organization","@id":"https:\/\/abaa.mx\/tienda\/#organization","name":"Abaa tienda online","url":"https:\/\/abaa.mx\/tienda\/","logo":{"@type":"ImageObject","inLanguage":"es","@id":"https:\/\/abaa.mx\/tienda\/#\/schema\/logo\/image\/","url":"https:\/\/abaa.mx\/tienda\/wp-content\/uploads\/2024\/01\/abaa-metrologia-tienda.png","contentUrl":"https:\/\/abaa.mx\/tienda\/wp-content\/uploads\/2024\/01\/abaa-metrologia-tienda.png","width":300,"height":141,"caption":"Abaa tienda online"},"image":{"@id":"https:\/\/abaa.mx\/tienda\/#\/schema\/logo\/image\/"}}]}},"_links":{"self":[{"href":"https:\/\/abaa.mx\/tienda\/wp-json\/wp\/v2\/product\/3279","targetHints":{"allow":["GET"]}}],"collection":[{"href":"https:\/\/abaa.mx\/tienda\/wp-json\/wp\/v2\/product"}],"about":[{"href":"https:\/\/abaa.mx\/tienda\/wp-json\/wp\/v2\/types\/product"}],"replies":[{"embeddable":true,"href":"https:\/\/abaa.mx\/tienda\/wp-json\/wp\/v2\/comments?post=3279"}],"wp:featuredmedia":[{"embeddable":true,"href":"https:\/\/abaa.mx\/tienda\/wp-json\/wp\/v2\/media\/3284"}],"wp:attachment":[{"href":"https:\/\/abaa.mx\/tienda\/wp-json\/wp\/v2\/media?parent=3279"}],"wp:term":[{"taxonomy":"product_brand","embeddable":true,"href":"https:\/\/abaa.mx\/tienda\/wp-json\/wp\/v2\/product_brand?post=3279"},{"taxonomy":"product_cat","embeddable":true,"href":"https:\/\/abaa.mx\/tienda\/wp-json\/wp\/v2\/product_cat?post=3279"},{"taxonomy":"product_tag","embeddable":true,"href":"https:\/\/abaa.mx\/tienda\/wp-json\/wp\/v2\/product_tag?post=3279"}],"curies":[{"name":"wp","href":"https:\/\/api.w.org\/{rel}","templated":true}]}}