{"id":3190,"date":"2023-09-27T15:37:30","date_gmt":"2023-09-27T15:37:30","guid":{"rendered":"https:\/\/abaa.mx\/tienda\/?post_type=product&#038;p=3190"},"modified":"2023-12-06T19:51:26","modified_gmt":"2023-12-06T19:51:26","slug":"dwyer-a3004-presostato-manometro-fotohelicoidal-0-4-0-w-c","status":"publish","type":"product","link":"https:\/\/abaa.mx\/tienda\/dwyer-a3004-presostato-manometro-fotohelicoidal-0-4-0-w-c\/","title":{"rendered":"Dwyer a3004 presostato-man\u00f3metro fotohelicoidal (0-4.0 &#8220;w.c.)"},"content":{"rendered":"<p>Bisel y cubierta frontal (con perillas de punto de ajuste y tornillo de ajuste cero) retirados para exponer el interruptor fotohelicoidal\/mecanismo de punto de ajuste. El puntero del medidor y el obturador de luz est\u00e1n montados en h\u00e9lice y contrapeso de equilibrio.<\/p>\n<h4>Dwyer A3004<\/h4>\n<p><strong>Funciones<\/strong><\/p>\n<ul>\n<li>Bisel y cubierta frontal (con perillas de punto de ajuste y tornillo de ajuste cero) retirados para exponer el interruptor fotohelicoidal \/ mecanismo de punto de ajuste del medidor (la cubierta es de pl\u00e1stico de policarbonato transparente)<\/li>\n<li>El puntero del indicador y el obturador de luz est\u00e1n montados en h\u00e9lice y contrapeso de equilibrio<\/li>\n<li>El obturador pasa a trav\u00e9s de la ranura en el interruptor de l\u00edmite \u00f3ptico para exponer los fototransistores a la fuente de luz infrarroja integral o enmascararlos seg\u00fan la presi\u00f3n aplicada<\/li>\n<li>El escudo de luz protege eficazmente los fototransistores de fuentes de luz externas fuertes, pero permite el movimiento libre del puntero; Tambi\u00e9n le da al interior un aspecto limpio &#8220;terminado&#8221;<\/li>\n<li>Los finales de carrera \u00f3pticos se utilizan para ofrecer fiabilidad y larga vida \u00fatil. Conectados directamente a los punteros de ajuste, est\u00e1n alineados individualmente para garantizar una precisi\u00f3n de conmutaci\u00f3n precisa<\/li>\n<li>El eje de transmisi\u00f3n semiflexible se conecta a las perillas del punto de ajuste<\/li>\n<li>El tornillo de ajuste a cero se conecta al tornillo en la cubierta para ajustar la lectura de presi\u00f3n cero<\/li>\n<li>La carcasa de pl\u00e1stico protege los componentes electr\u00f3nicos y las conexiones el\u00e9ctricas<\/li>\n<li>La conexi\u00f3n de policarbonato o la placa de terminales se extinguen autom\u00e1ticamente<\/li>\n<li>Placas de circuito impreso epoxi de vidrio para mayor durabilidad y permanencia<\/li>\n<li>Los rel\u00e9s de carga son DPDT con funci\u00f3n de enganche para una m\u00e1xima versatilidad de aplicaci\u00f3n<\/li>\n<li>La electr\u00f3nica est\u00e1 dise\u00f1ada para funcionar en 50\/60 Hz, corriente de 120 voltios con 10% de m\u00e1s o menos voltaje<\/li>\n<li>Los punteros de ajuste del interruptor muestran la configuraci\u00f3n del interruptor en todo momento<\/li>\n<li>El embrague de fricci\u00f3n accionado por resorte evita que el operador da\u00f1e el mecanismo de punto de ajuste<\/li>\n<li>El instrumento 3 en 1 permite la reducci\u00f3n de varios instrumentos con un solo producto<\/li>\n<li>El dise\u00f1o \u00fanico y la banda muerta a escala completa del 1% proporcionan una respuesta r\u00e1pida a los cambios de presi\u00f3n, lo que significa que no hay demora en la conmutaci\u00f3n y el funcionamiento sin chatter<\/li>\n<\/ul>\n<p><strong>Aplicaciones<\/strong><\/p>\n<ul>\n<li>Sistemas de aire acondicionado<\/li>\n<li>Habitaciones limpias<\/li>\n<li>Sistemas de escape de humos<\/li>\n<\/ul>\n<h4>Dwyer A3004 Especificaciones<\/h4>\n<table class=\"table table-striped\">\n<tbody>\n<tr>\n<td colspan=\"2\"><strong>Especificaciones del interruptor<\/strong><\/td>\n<\/tr>\n<tr>\n<td>Tipo de interruptor<\/td>\n<td>Cada punto de ajuste tiene 2 rel\u00e9s Form C (DPDT)<\/td>\n<\/tr>\n<tr>\n<td>Repetibilidad<\/td>\n<td>\u00b11% de FS<\/td>\n<\/tr>\n<tr>\n<td>Clasificaci\u00f3n el\u00e9ctrica<\/td>\n<td>10 A a 28 VCC<br \/>\n10 A a 120<br \/>\n240 VCA<\/td>\n<\/tr>\n<tr>\n<td>Conexiones el\u00e9ctricas<\/td>\n<td>Terminales de tornillo. Utilice solo conductores de cobre a 167 \u00b0F (75 \u00b0C)<\/td>\n<\/tr>\n<tr>\n<td>Requisitos de alimentaci\u00f3n<\/td>\n<td>Alimentaci\u00f3n opcional de 120 VCA, 50\/60 Hz<br \/>\n240 VCA y 24 VCA<\/td>\n<\/tr>\n<tr>\n<td>Orientaci\u00f3n de montaje<\/td>\n<td>Diafragma en posici\u00f3n vertical. Consulte a la f\u00e1brica para otras orientaciones de posici\u00f3n<\/td>\n<\/tr>\n<tr>\n<td>Ajuste del punto de ajuste<\/td>\n<td>Perillas ajustables en la cara<\/td>\n<\/tr>\n<tr>\n<td>Aprobaciones de agencias<\/td>\n<td>CE, CSA, UL<\/td>\n<\/tr>\n<tr>\n<td colspan=\"2\"><strong>Especificaciones del medidor<\/strong><\/td>\n<\/tr>\n<tr>\n<td>Servicio<\/td>\n<td>Aire y gases no combustibles, compatibles<\/td>\n<\/tr>\n<tr>\n<td>Exactitud<\/td>\n<td>\u00b12% de FS a 70\u00b0F (21.1\u00b0C)<br \/>\n\u00b13% en -0<br \/>\n\u00b14% en modelos -00<\/td>\n<\/tr>\n<tr>\n<td>L\u00edmites de presi\u00f3n<\/td>\n<td>Opci\u00f3n MP de -20&#8243; Hg a 25 psig (-0,677 a 1,72 bar);<br \/>\nOpci\u00f3n HP de 35 psig (2,41 bar);<br \/>\n80 psig (5.52 bar)<\/td>\n<\/tr>\n<tr>\n<td>L\u00edmites de temperatura<\/td>\n<td>20 a 120 \u00b0F (-6,67 a 48,9 \u00b0C) -20 a 120 \u00b0F (-28 a 48,9 \u00b0C)<br \/>\ncon opci\u00f3n de baja temperatura<\/td>\n<\/tr>\n<tr>\n<td>Conexiones de proceso<\/td>\n<td>1\/8 mujer NPT<\/td>\n<\/tr>\n<tr>\n<td>Dimensiones<\/td>\n<td>Esfera de 4&#8243; (101,6 mm) 5<br \/>\nx 8\/127&#8243; (209 x 55,&lt;&gt; mm)<\/td>\n<\/tr>\n<tr>\n<td>Peso<\/td>\n<td>4 lb (1,81 kg)<\/td>\n<\/tr>\n<\/tbody>\n<\/table>\n","protected":false},"excerpt":{"rendered":"<p>Bisel y cubierta frontal (con perillas de punto de ajuste y tornillo de ajuste cero) retirados para exponer el interruptor fotohelicoidal\/mecanismo de punto de ajuste. El puntero del medidor y el obturador de luz est\u00e1n montados en h\u00e9lice y contrapeso de equilibrio.<\/p>\n","protected":false},"featured_media":3192,"comment_status":"open","ping_status":"closed","template":"","meta":{"_joinchat":[]},"product_brand":[],"product_cat":[15],"product_tag":[],"class_list":{"0":"post-3190","1":"product","2":"type-product","3":"status-publish","4":"has-post-thumbnail","6":"product_cat-sin-categorizar","8":"first","9":"instock","10":"shipping-taxable","11":"product-type-simple"},"yoast_head":"<!-- This site is optimized with the Yoast SEO plugin v26.4 - https:\/\/yoast.com\/wordpress\/plugins\/seo\/ -->\n<title>Dwyer a3004 presostato-man\u00f3metro fotohelicoidal (0-4.0 &quot;w.c.) - Abaa tienda online<\/title>\n<meta name=\"robots\" content=\"index, follow, max-snippet:-1, max-image-preview:large, max-video-preview:-1\" \/>\n<link rel=\"canonical\" href=\"https:\/\/abaa.mx\/tienda\/dwyer-a3004-presostato-manometro-fotohelicoidal-0-4-0-w-c\/\" \/>\n<meta property=\"og:locale\" content=\"es_MX\" \/>\n<meta property=\"og:type\" content=\"article\" \/>\n<meta property=\"og:title\" content=\"Dwyer a3004 presostato-man\u00f3metro fotohelicoidal (0-4.0 &quot;w.c.) - Abaa tienda online\" \/>\n<meta property=\"og:description\" content=\"Bisel y cubierta frontal (con perillas de punto de ajuste y tornillo de ajuste cero) retirados para exponer el interruptor fotohelicoidal\/mecanismo de punto de ajuste. El puntero del medidor y el obturador de luz est\u00e1n montados en h\u00e9lice y contrapeso de equilibrio.\" \/>\n<meta property=\"og:url\" content=\"https:\/\/abaa.mx\/tienda\/dwyer-a3004-presostato-manometro-fotohelicoidal-0-4-0-w-c\/\" \/>\n<meta property=\"og:site_name\" content=\"Abaa tienda online\" \/>\n<meta property=\"article:modified_time\" content=\"2023-12-06T19:51:26+00:00\" \/>\n<meta property=\"og:image\" content=\"https:\/\/abaa.mx\/tienda\/wp-content\/uploads\/2023\/09\/A3004.jpg\" \/>\n\t<meta property=\"og:image:width\" content=\"270\" \/>\n\t<meta property=\"og:image:height\" content=\"270\" \/>\n\t<meta property=\"og:image:type\" content=\"image\/jpeg\" \/>\n<meta name=\"twitter:card\" content=\"summary_large_image\" \/>\n<meta name=\"twitter:label1\" content=\"Tiempo de lectura\" \/>\n\t<meta name=\"twitter:data1\" content=\"3 minutos\" \/>\n<script type=\"application\/ld+json\" class=\"yoast-schema-graph\">{\"@context\":\"https:\/\/schema.org\",\"@graph\":[{\"@type\":\"WebPage\",\"@id\":\"https:\/\/abaa.mx\/tienda\/dwyer-a3004-presostato-manometro-fotohelicoidal-0-4-0-w-c\/\",\"url\":\"https:\/\/abaa.mx\/tienda\/dwyer-a3004-presostato-manometro-fotohelicoidal-0-4-0-w-c\/\",\"name\":\"Dwyer a3004 presostato-man\u00f3metro fotohelicoidal (0-4.0 \\\"w.c.) - Abaa tienda online\",\"isPartOf\":{\"@id\":\"https:\/\/abaa.mx\/tienda\/#website\"},\"primaryImageOfPage\":{\"@id\":\"https:\/\/abaa.mx\/tienda\/dwyer-a3004-presostato-manometro-fotohelicoidal-0-4-0-w-c\/#primaryimage\"},\"image\":{\"@id\":\"https:\/\/abaa.mx\/tienda\/dwyer-a3004-presostato-manometro-fotohelicoidal-0-4-0-w-c\/#primaryimage\"},\"thumbnailUrl\":\"https:\/\/abaa.mx\/tienda\/wp-content\/uploads\/2023\/09\/A3004.jpg\",\"datePublished\":\"2023-09-27T15:37:30+00:00\",\"dateModified\":\"2023-12-06T19:51:26+00:00\",\"breadcrumb\":{\"@id\":\"https:\/\/abaa.mx\/tienda\/dwyer-a3004-presostato-manometro-fotohelicoidal-0-4-0-w-c\/#breadcrumb\"},\"inLanguage\":\"es\",\"potentialAction\":[{\"@type\":\"ReadAction\",\"target\":[\"https:\/\/abaa.mx\/tienda\/dwyer-a3004-presostato-manometro-fotohelicoidal-0-4-0-w-c\/\"]}]},{\"@type\":\"ImageObject\",\"inLanguage\":\"es\",\"@id\":\"https:\/\/abaa.mx\/tienda\/dwyer-a3004-presostato-manometro-fotohelicoidal-0-4-0-w-c\/#primaryimage\",\"url\":\"https:\/\/abaa.mx\/tienda\/wp-content\/uploads\/2023\/09\/A3004.jpg\",\"contentUrl\":\"https:\/\/abaa.mx\/tienda\/wp-content\/uploads\/2023\/09\/A3004.jpg\",\"width\":270,\"height\":270,\"caption\":\"A3004\"},{\"@type\":\"BreadcrumbList\",\"@id\":\"https:\/\/abaa.mx\/tienda\/dwyer-a3004-presostato-manometro-fotohelicoidal-0-4-0-w-c\/#breadcrumb\",\"itemListElement\":[{\"@type\":\"ListItem\",\"position\":1,\"name\":\"Inicio\",\"item\":\"https:\/\/abaa.mx\/tienda\/\"},{\"@type\":\"ListItem\",\"position\":2,\"name\":\"Tienda\",\"item\":\"https:\/\/abaa.mx\/tienda\/\"},{\"@type\":\"ListItem\",\"position\":3,\"name\":\"Dwyer a3004 presostato-man\u00f3metro fotohelicoidal (0-4.0 &#8220;w.c.)\"}]},{\"@type\":\"WebSite\",\"@id\":\"https:\/\/abaa.mx\/tienda\/#website\",\"url\":\"https:\/\/abaa.mx\/tienda\/\",\"name\":\"Abaa tienda online\",\"description\":\"Instrumentos de medici\u00f3n\",\"publisher\":{\"@id\":\"https:\/\/abaa.mx\/tienda\/#organization\"},\"potentialAction\":[{\"@type\":\"SearchAction\",\"target\":{\"@type\":\"EntryPoint\",\"urlTemplate\":\"https:\/\/abaa.mx\/tienda\/?s={search_term_string}\"},\"query-input\":{\"@type\":\"PropertyValueSpecification\",\"valueRequired\":true,\"valueName\":\"search_term_string\"}}],\"inLanguage\":\"es\"},{\"@type\":\"Organization\",\"@id\":\"https:\/\/abaa.mx\/tienda\/#organization\",\"name\":\"Abaa tienda online\",\"url\":\"https:\/\/abaa.mx\/tienda\/\",\"logo\":{\"@type\":\"ImageObject\",\"inLanguage\":\"es\",\"@id\":\"https:\/\/abaa.mx\/tienda\/#\/schema\/logo\/image\/\",\"url\":\"https:\/\/abaa.mx\/tienda\/wp-content\/uploads\/2024\/01\/abaa-metrologia-tienda.png\",\"contentUrl\":\"https:\/\/abaa.mx\/tienda\/wp-content\/uploads\/2024\/01\/abaa-metrologia-tienda.png\",\"width\":300,\"height\":141,\"caption\":\"Abaa tienda online\"},\"image\":{\"@id\":\"https:\/\/abaa.mx\/tienda\/#\/schema\/logo\/image\/\"}}]}<\/script>\n<!-- \/ Yoast SEO plugin. -->","yoast_head_json":{"title":"Dwyer a3004 presostato-man\u00f3metro fotohelicoidal (0-4.0 \"w.c.) - Abaa tienda online","robots":{"index":"index","follow":"follow","max-snippet":"max-snippet:-1","max-image-preview":"max-image-preview:large","max-video-preview":"max-video-preview:-1"},"canonical":"https:\/\/abaa.mx\/tienda\/dwyer-a3004-presostato-manometro-fotohelicoidal-0-4-0-w-c\/","og_locale":"es_MX","og_type":"article","og_title":"Dwyer a3004 presostato-man\u00f3metro fotohelicoidal (0-4.0 \"w.c.) - Abaa tienda online","og_description":"Bisel y cubierta frontal (con perillas de punto de ajuste y tornillo de ajuste cero) retirados para exponer el interruptor fotohelicoidal\/mecanismo de punto de ajuste. El puntero del medidor y el obturador de luz est\u00e1n montados en h\u00e9lice y contrapeso de equilibrio.","og_url":"https:\/\/abaa.mx\/tienda\/dwyer-a3004-presostato-manometro-fotohelicoidal-0-4-0-w-c\/","og_site_name":"Abaa tienda online","article_modified_time":"2023-12-06T19:51:26+00:00","og_image":[{"width":270,"height":270,"url":"https:\/\/abaa.mx\/tienda\/wp-content\/uploads\/2023\/09\/A3004.jpg","type":"image\/jpeg"}],"twitter_card":"summary_large_image","twitter_misc":{"Tiempo de lectura":"3 minutos"},"schema":{"@context":"https:\/\/schema.org","@graph":[{"@type":"WebPage","@id":"https:\/\/abaa.mx\/tienda\/dwyer-a3004-presostato-manometro-fotohelicoidal-0-4-0-w-c\/","url":"https:\/\/abaa.mx\/tienda\/dwyer-a3004-presostato-manometro-fotohelicoidal-0-4-0-w-c\/","name":"Dwyer a3004 presostato-man\u00f3metro fotohelicoidal (0-4.0 \"w.c.) - Abaa tienda online","isPartOf":{"@id":"https:\/\/abaa.mx\/tienda\/#website"},"primaryImageOfPage":{"@id":"https:\/\/abaa.mx\/tienda\/dwyer-a3004-presostato-manometro-fotohelicoidal-0-4-0-w-c\/#primaryimage"},"image":{"@id":"https:\/\/abaa.mx\/tienda\/dwyer-a3004-presostato-manometro-fotohelicoidal-0-4-0-w-c\/#primaryimage"},"thumbnailUrl":"https:\/\/abaa.mx\/tienda\/wp-content\/uploads\/2023\/09\/A3004.jpg","datePublished":"2023-09-27T15:37:30+00:00","dateModified":"2023-12-06T19:51:26+00:00","breadcrumb":{"@id":"https:\/\/abaa.mx\/tienda\/dwyer-a3004-presostato-manometro-fotohelicoidal-0-4-0-w-c\/#breadcrumb"},"inLanguage":"es","potentialAction":[{"@type":"ReadAction","target":["https:\/\/abaa.mx\/tienda\/dwyer-a3004-presostato-manometro-fotohelicoidal-0-4-0-w-c\/"]}]},{"@type":"ImageObject","inLanguage":"es","@id":"https:\/\/abaa.mx\/tienda\/dwyer-a3004-presostato-manometro-fotohelicoidal-0-4-0-w-c\/#primaryimage","url":"https:\/\/abaa.mx\/tienda\/wp-content\/uploads\/2023\/09\/A3004.jpg","contentUrl":"https:\/\/abaa.mx\/tienda\/wp-content\/uploads\/2023\/09\/A3004.jpg","width":270,"height":270,"caption":"A3004"},{"@type":"BreadcrumbList","@id":"https:\/\/abaa.mx\/tienda\/dwyer-a3004-presostato-manometro-fotohelicoidal-0-4-0-w-c\/#breadcrumb","itemListElement":[{"@type":"ListItem","position":1,"name":"Inicio","item":"https:\/\/abaa.mx\/tienda\/"},{"@type":"ListItem","position":2,"name":"Tienda","item":"https:\/\/abaa.mx\/tienda\/"},{"@type":"ListItem","position":3,"name":"Dwyer a3004 presostato-man\u00f3metro fotohelicoidal (0-4.0 &#8220;w.c.)"}]},{"@type":"WebSite","@id":"https:\/\/abaa.mx\/tienda\/#website","url":"https:\/\/abaa.mx\/tienda\/","name":"Abaa tienda online","description":"Instrumentos de medici\u00f3n","publisher":{"@id":"https:\/\/abaa.mx\/tienda\/#organization"},"potentialAction":[{"@type":"SearchAction","target":{"@type":"EntryPoint","urlTemplate":"https:\/\/abaa.mx\/tienda\/?s={search_term_string}"},"query-input":{"@type":"PropertyValueSpecification","valueRequired":true,"valueName":"search_term_string"}}],"inLanguage":"es"},{"@type":"Organization","@id":"https:\/\/abaa.mx\/tienda\/#organization","name":"Abaa tienda online","url":"https:\/\/abaa.mx\/tienda\/","logo":{"@type":"ImageObject","inLanguage":"es","@id":"https:\/\/abaa.mx\/tienda\/#\/schema\/logo\/image\/","url":"https:\/\/abaa.mx\/tienda\/wp-content\/uploads\/2024\/01\/abaa-metrologia-tienda.png","contentUrl":"https:\/\/abaa.mx\/tienda\/wp-content\/uploads\/2024\/01\/abaa-metrologia-tienda.png","width":300,"height":141,"caption":"Abaa tienda online"},"image":{"@id":"https:\/\/abaa.mx\/tienda\/#\/schema\/logo\/image\/"}}]}},"_links":{"self":[{"href":"https:\/\/abaa.mx\/tienda\/wp-json\/wp\/v2\/product\/3190","targetHints":{"allow":["GET"]}}],"collection":[{"href":"https:\/\/abaa.mx\/tienda\/wp-json\/wp\/v2\/product"}],"about":[{"href":"https:\/\/abaa.mx\/tienda\/wp-json\/wp\/v2\/types\/product"}],"replies":[{"embeddable":true,"href":"https:\/\/abaa.mx\/tienda\/wp-json\/wp\/v2\/comments?post=3190"}],"wp:featuredmedia":[{"embeddable":true,"href":"https:\/\/abaa.mx\/tienda\/wp-json\/wp\/v2\/media\/3192"}],"wp:attachment":[{"href":"https:\/\/abaa.mx\/tienda\/wp-json\/wp\/v2\/media?parent=3190"}],"wp:term":[{"taxonomy":"product_brand","embeddable":true,"href":"https:\/\/abaa.mx\/tienda\/wp-json\/wp\/v2\/product_brand?post=3190"},{"taxonomy":"product_cat","embeddable":true,"href":"https:\/\/abaa.mx\/tienda\/wp-json\/wp\/v2\/product_cat?post=3190"},{"taxonomy":"product_tag","embeddable":true,"href":"https:\/\/abaa.mx\/tienda\/wp-json\/wp\/v2\/product_tag?post=3190"}],"curies":[{"name":"wp","href":"https:\/\/api.w.org\/{rel}","templated":true}]}}