{"id":3180,"date":"2023-09-27T15:57:19","date_gmt":"2023-09-27T15:57:19","guid":{"rendered":"https:\/\/abaa.mx\/tienda\/?post_type=product&#038;p=3180"},"modified":"2023-10-27T16:20:40","modified_gmt":"2023-10-27T16:20:40","slug":"modulo-de-presion-manometrica-fluke-750p05-0-2-bar-clasificacion-de-rafaga-4x","status":"publish","type":"product","link":"https:\/\/abaa.mx\/tienda\/modulo-de-presion-manometrica-fluke-750p05-0-2-bar-clasificacion-de-rafaga-4x\/","title":{"rendered":"M\u00f3dulo de presi\u00f3n manom\u00e9trica fluke 750p05, 0-2 bar, clasificaci\u00f3n de r\u00e1faga 4x"},"content":{"rendered":"<h4>Fluke 750P05<\/h4>\n<p>&nbsp;<\/p>\n<p>Los m\u00f3dulos de presi\u00f3n de la serie 750P de Fluke son f\u00e1ciles de usar. Para medir la presi\u00f3n, conecte el m\u00f3dulo de presi\u00f3n a una fuente de presi\u00f3n o bomba manual y, a continuaci\u00f3n, conecte el cable del m\u00f3dulo de presi\u00f3n al calibrador. Aplique presi\u00f3n desde la fuente de presi\u00f3n y se mostrar\u00e1 digitalmente en el calibrador. Con solo tocar un bot\u00f3n, la presi\u00f3n se puede mostrar en hasta 11 unidades de ingenier\u00eda diferentes. Cuando se utilizan con los calibradores de proceso de documentaci\u00f3n de la serie 750, las lecturas de presi\u00f3n se pueden marcar con fecha y hora y almacenarse electr\u00f3nicamente para su posterior recuperaci\u00f3n. Esto ahorra tiempo, elimina errores y respalda el cumplimiento de F85 con los est\u00e1ndares y regulaciones de calidad.<\/p>\n<h5><strong>Funciones<\/strong><\/h5>\n<ul class=\"specs-list-fd\">\n<li>Par\u00e1metro\/Rango:0 a 30 psi (0 a 2 bar)<\/li>\n<li>Calificaci\u00f3n de r\u00e1faga6: 4x<\/li>\n<li>Hola Side Media2:316 SS<\/li>\n<li>Lo Side Media2:N\/A<\/li>\n<li>Incertidumbre de referencia4:\u00b1 0,0175%<\/li>\n<li>Incertidumbre total 1 a\u00f1o (15-35\u00b0C):\u00b1 0.035%<\/li>\n<li>Incertidumbre total 1 a\u00f1o1:\u00b1 0,045%<\/li>\n<li>Incertidumbre total 6 meses (15-35\u00b0C):\u00b1 0.03%<\/li>\n<li>Incertidumbre total 6 meses1:\u00b1 0,04%<\/li>\n<\/ul>\n<h5><strong>Aplicaciones<\/strong><\/h5>\n<ul>\n<li>Calibraci\u00f3n de instrumentos de presi\u00f3n<\/li>\n<li>Petroqu\u00edmica<\/li>\n<li>Petr\u00f3leo y Gas<\/li>\n<li>Farmac\u00e9utico<\/li>\n<li>Agua y aguas residuales<\/li>\n<li>Alimentos y bebidas<\/li>\n<li>Generaci\u00f3n de energ\u00eda<\/li>\n<\/ul>\n<h4>Fluke 750P05 Especificaciones<\/h4>\n<table class=\"table table-striped\">\n<tbody>\n<tr>\n<td>Rango de par\u00e1metros<\/td>\n<td>0 a 30 psi (0 a 2 bar)<\/td>\n<\/tr>\n<tr>\n<td>Clasificaci\u00f3n de r\u00e1faga<\/td>\n<td>4X<\/td>\n<\/tr>\n<tr>\n<td>Hi Side Media<\/td>\n<td>316 SS<\/td>\n<\/tr>\n<tr>\n<td>Medios de lado bajo<\/td>\n<td>NA<\/td>\n<\/tr>\n<tr>\n<td>Incertidumbre de referencia<\/td>\n<td>\u00b10,0175 %<\/td>\n<\/tr>\n<tr>\n<td>Incertidumbre total 1 a\u00f1o (15-35\u00b0C)<\/td>\n<td>\u00b1 0,035 %<\/td>\n<\/tr>\n<\/tbody>\n<\/table>\n","protected":false},"excerpt":{"rendered":"<p class=\"short-description mhide ipad-view-setting\">M\u00f3dulo de presi\u00f3n manom\u00e9trica con un rango de 0 a 30 psi (0 a 2 bar) y una clasificaci\u00f3n de r\u00e1faga 4X. Este m\u00f3dulo presenta una incertidumbre de referencia de \u00b10,0175%.<\/p>\n<div class=\"row-fluid\">\n<div class=\"span12 mobile-pricing-box-padding\">\n<form id=\"19957\" accept-charset=\"utf-8\" action=\"https:\/\/www.globaltestsupply.com\/shop\/add\" method=\"post\" name=\"addTocartFunction\">\n<div><\/div>\n<\/form>\n<\/div>\n<\/div>\n","protected":false},"featured_media":3204,"comment_status":"open","ping_status":"closed","template":"","meta":{"_joinchat":[]},"product_brand":[],"product_cat":[15],"product_tag":[],"class_list":{"0":"post-3180","1":"product","2":"type-product","3":"status-publish","4":"has-post-thumbnail","6":"product_cat-sin-categorizar","8":"first","9":"instock","10":"shipping-taxable","11":"product-type-simple"},"yoast_head":"<!-- This site is optimized with the Yoast SEO plugin v26.4 - https:\/\/yoast.com\/wordpress\/plugins\/seo\/ -->\n<title>M\u00f3dulo de presi\u00f3n manom\u00e9trica fluke 750p05, 0-2 bar, clasificaci\u00f3n de r\u00e1faga 4x - Abaa tienda online<\/title>\n<meta name=\"robots\" content=\"index, follow, max-snippet:-1, max-image-preview:large, max-video-preview:-1\" \/>\n<link rel=\"canonical\" href=\"https:\/\/abaa.mx\/tienda\/modulo-de-presion-manometrica-fluke-750p05-0-2-bar-clasificacion-de-rafaga-4x\/\" \/>\n<meta property=\"og:locale\" content=\"es_MX\" \/>\n<meta property=\"og:type\" content=\"article\" \/>\n<meta property=\"og:title\" content=\"M\u00f3dulo de presi\u00f3n manom\u00e9trica fluke 750p05, 0-2 bar, clasificaci\u00f3n de r\u00e1faga 4x - Abaa tienda online\" \/>\n<meta property=\"og:description\" content=\"M\u00f3dulo de presi\u00f3n manom\u00e9trica con un rango de 0 a 30 psi (0 a 2 bar) y una clasificaci\u00f3n de r\u00e1faga 4X. Este m\u00f3dulo presenta una incertidumbre de referencia de \u00b10,0175%.\" \/>\n<meta property=\"og:url\" content=\"https:\/\/abaa.mx\/tienda\/modulo-de-presion-manometrica-fluke-750p05-0-2-bar-clasificacion-de-rafaga-4x\/\" \/>\n<meta property=\"og:site_name\" content=\"Abaa tienda online\" \/>\n<meta property=\"article:modified_time\" content=\"2023-10-27T16:20:40+00:00\" \/>\n<meta property=\"og:image\" content=\"https:\/\/abaa.mx\/tienda\/wp-content\/uploads\/2023\/09\/750P05.jpg\" \/>\n\t<meta property=\"og:image:width\" content=\"474\" \/>\n\t<meta property=\"og:image:height\" content=\"316\" \/>\n\t<meta property=\"og:image:type\" content=\"image\/jpeg\" \/>\n<meta name=\"twitter:card\" content=\"summary_large_image\" \/>\n<meta name=\"twitter:label1\" content=\"Tiempo de lectura\" \/>\n\t<meta name=\"twitter:data1\" content=\"2 minutos\" \/>\n<script type=\"application\/ld+json\" class=\"yoast-schema-graph\">{\"@context\":\"https:\/\/schema.org\",\"@graph\":[{\"@type\":\"WebPage\",\"@id\":\"https:\/\/abaa.mx\/tienda\/modulo-de-presion-manometrica-fluke-750p05-0-2-bar-clasificacion-de-rafaga-4x\/\",\"url\":\"https:\/\/abaa.mx\/tienda\/modulo-de-presion-manometrica-fluke-750p05-0-2-bar-clasificacion-de-rafaga-4x\/\",\"name\":\"M\u00f3dulo de presi\u00f3n manom\u00e9trica fluke 750p05, 0-2 bar, clasificaci\u00f3n de r\u00e1faga 4x - Abaa tienda online\",\"isPartOf\":{\"@id\":\"https:\/\/abaa.mx\/tienda\/#website\"},\"primaryImageOfPage\":{\"@id\":\"https:\/\/abaa.mx\/tienda\/modulo-de-presion-manometrica-fluke-750p05-0-2-bar-clasificacion-de-rafaga-4x\/#primaryimage\"},\"image\":{\"@id\":\"https:\/\/abaa.mx\/tienda\/modulo-de-presion-manometrica-fluke-750p05-0-2-bar-clasificacion-de-rafaga-4x\/#primaryimage\"},\"thumbnailUrl\":\"https:\/\/abaa.mx\/tienda\/wp-content\/uploads\/2023\/09\/750P05.jpg\",\"datePublished\":\"2023-09-27T15:57:19+00:00\",\"dateModified\":\"2023-10-27T16:20:40+00:00\",\"breadcrumb\":{\"@id\":\"https:\/\/abaa.mx\/tienda\/modulo-de-presion-manometrica-fluke-750p05-0-2-bar-clasificacion-de-rafaga-4x\/#breadcrumb\"},\"inLanguage\":\"es\",\"potentialAction\":[{\"@type\":\"ReadAction\",\"target\":[\"https:\/\/abaa.mx\/tienda\/modulo-de-presion-manometrica-fluke-750p05-0-2-bar-clasificacion-de-rafaga-4x\/\"]}]},{\"@type\":\"ImageObject\",\"inLanguage\":\"es\",\"@id\":\"https:\/\/abaa.mx\/tienda\/modulo-de-presion-manometrica-fluke-750p05-0-2-bar-clasificacion-de-rafaga-4x\/#primaryimage\",\"url\":\"https:\/\/abaa.mx\/tienda\/wp-content\/uploads\/2023\/09\/750P05.jpg\",\"contentUrl\":\"https:\/\/abaa.mx\/tienda\/wp-content\/uploads\/2023\/09\/750P05.jpg\",\"width\":474,\"height\":316,\"caption\":\"modulo-de-presion-manometrica-fluke-750p05-0-2-bar-clasificacion-de-rafaga-4x\"},{\"@type\":\"BreadcrumbList\",\"@id\":\"https:\/\/abaa.mx\/tienda\/modulo-de-presion-manometrica-fluke-750p05-0-2-bar-clasificacion-de-rafaga-4x\/#breadcrumb\",\"itemListElement\":[{\"@type\":\"ListItem\",\"position\":1,\"name\":\"Inicio\",\"item\":\"https:\/\/abaa.mx\/tienda\/\"},{\"@type\":\"ListItem\",\"position\":2,\"name\":\"Tienda\",\"item\":\"https:\/\/abaa.mx\/tienda\/\"},{\"@type\":\"ListItem\",\"position\":3,\"name\":\"M\u00f3dulo de presi\u00f3n manom\u00e9trica fluke 750p05, 0-2 bar, clasificaci\u00f3n de r\u00e1faga 4x\"}]},{\"@type\":\"WebSite\",\"@id\":\"https:\/\/abaa.mx\/tienda\/#website\",\"url\":\"https:\/\/abaa.mx\/tienda\/\",\"name\":\"Abaa tienda online\",\"description\":\"Instrumentos de medici\u00f3n\",\"publisher\":{\"@id\":\"https:\/\/abaa.mx\/tienda\/#organization\"},\"potentialAction\":[{\"@type\":\"SearchAction\",\"target\":{\"@type\":\"EntryPoint\",\"urlTemplate\":\"https:\/\/abaa.mx\/tienda\/?s={search_term_string}\"},\"query-input\":{\"@type\":\"PropertyValueSpecification\",\"valueRequired\":true,\"valueName\":\"search_term_string\"}}],\"inLanguage\":\"es\"},{\"@type\":\"Organization\",\"@id\":\"https:\/\/abaa.mx\/tienda\/#organization\",\"name\":\"Abaa tienda online\",\"url\":\"https:\/\/abaa.mx\/tienda\/\",\"logo\":{\"@type\":\"ImageObject\",\"inLanguage\":\"es\",\"@id\":\"https:\/\/abaa.mx\/tienda\/#\/schema\/logo\/image\/\",\"url\":\"https:\/\/abaa.mx\/tienda\/wp-content\/uploads\/2024\/01\/abaa-metrologia-tienda.png\",\"contentUrl\":\"https:\/\/abaa.mx\/tienda\/wp-content\/uploads\/2024\/01\/abaa-metrologia-tienda.png\",\"width\":300,\"height\":141,\"caption\":\"Abaa tienda online\"},\"image\":{\"@id\":\"https:\/\/abaa.mx\/tienda\/#\/schema\/logo\/image\/\"}}]}<\/script>\n<!-- \/ Yoast SEO plugin. -->","yoast_head_json":{"title":"M\u00f3dulo de presi\u00f3n manom\u00e9trica fluke 750p05, 0-2 bar, clasificaci\u00f3n de r\u00e1faga 4x - Abaa tienda online","robots":{"index":"index","follow":"follow","max-snippet":"max-snippet:-1","max-image-preview":"max-image-preview:large","max-video-preview":"max-video-preview:-1"},"canonical":"https:\/\/abaa.mx\/tienda\/modulo-de-presion-manometrica-fluke-750p05-0-2-bar-clasificacion-de-rafaga-4x\/","og_locale":"es_MX","og_type":"article","og_title":"M\u00f3dulo de presi\u00f3n manom\u00e9trica fluke 750p05, 0-2 bar, clasificaci\u00f3n de r\u00e1faga 4x - Abaa tienda online","og_description":"M\u00f3dulo de presi\u00f3n manom\u00e9trica con un rango de 0 a 30 psi (0 a 2 bar) y una clasificaci\u00f3n de r\u00e1faga 4X. Este m\u00f3dulo presenta una incertidumbre de referencia de \u00b10,0175%.","og_url":"https:\/\/abaa.mx\/tienda\/modulo-de-presion-manometrica-fluke-750p05-0-2-bar-clasificacion-de-rafaga-4x\/","og_site_name":"Abaa tienda online","article_modified_time":"2023-10-27T16:20:40+00:00","og_image":[{"width":474,"height":316,"url":"https:\/\/abaa.mx\/tienda\/wp-content\/uploads\/2023\/09\/750P05.jpg","type":"image\/jpeg"}],"twitter_card":"summary_large_image","twitter_misc":{"Tiempo de lectura":"2 minutos"},"schema":{"@context":"https:\/\/schema.org","@graph":[{"@type":"WebPage","@id":"https:\/\/abaa.mx\/tienda\/modulo-de-presion-manometrica-fluke-750p05-0-2-bar-clasificacion-de-rafaga-4x\/","url":"https:\/\/abaa.mx\/tienda\/modulo-de-presion-manometrica-fluke-750p05-0-2-bar-clasificacion-de-rafaga-4x\/","name":"M\u00f3dulo de presi\u00f3n manom\u00e9trica fluke 750p05, 0-2 bar, clasificaci\u00f3n de r\u00e1faga 4x - Abaa tienda online","isPartOf":{"@id":"https:\/\/abaa.mx\/tienda\/#website"},"primaryImageOfPage":{"@id":"https:\/\/abaa.mx\/tienda\/modulo-de-presion-manometrica-fluke-750p05-0-2-bar-clasificacion-de-rafaga-4x\/#primaryimage"},"image":{"@id":"https:\/\/abaa.mx\/tienda\/modulo-de-presion-manometrica-fluke-750p05-0-2-bar-clasificacion-de-rafaga-4x\/#primaryimage"},"thumbnailUrl":"https:\/\/abaa.mx\/tienda\/wp-content\/uploads\/2023\/09\/750P05.jpg","datePublished":"2023-09-27T15:57:19+00:00","dateModified":"2023-10-27T16:20:40+00:00","breadcrumb":{"@id":"https:\/\/abaa.mx\/tienda\/modulo-de-presion-manometrica-fluke-750p05-0-2-bar-clasificacion-de-rafaga-4x\/#breadcrumb"},"inLanguage":"es","potentialAction":[{"@type":"ReadAction","target":["https:\/\/abaa.mx\/tienda\/modulo-de-presion-manometrica-fluke-750p05-0-2-bar-clasificacion-de-rafaga-4x\/"]}]},{"@type":"ImageObject","inLanguage":"es","@id":"https:\/\/abaa.mx\/tienda\/modulo-de-presion-manometrica-fluke-750p05-0-2-bar-clasificacion-de-rafaga-4x\/#primaryimage","url":"https:\/\/abaa.mx\/tienda\/wp-content\/uploads\/2023\/09\/750P05.jpg","contentUrl":"https:\/\/abaa.mx\/tienda\/wp-content\/uploads\/2023\/09\/750P05.jpg","width":474,"height":316,"caption":"modulo-de-presion-manometrica-fluke-750p05-0-2-bar-clasificacion-de-rafaga-4x"},{"@type":"BreadcrumbList","@id":"https:\/\/abaa.mx\/tienda\/modulo-de-presion-manometrica-fluke-750p05-0-2-bar-clasificacion-de-rafaga-4x\/#breadcrumb","itemListElement":[{"@type":"ListItem","position":1,"name":"Inicio","item":"https:\/\/abaa.mx\/tienda\/"},{"@type":"ListItem","position":2,"name":"Tienda","item":"https:\/\/abaa.mx\/tienda\/"},{"@type":"ListItem","position":3,"name":"M\u00f3dulo de presi\u00f3n manom\u00e9trica fluke 750p05, 0-2 bar, clasificaci\u00f3n de r\u00e1faga 4x"}]},{"@type":"WebSite","@id":"https:\/\/abaa.mx\/tienda\/#website","url":"https:\/\/abaa.mx\/tienda\/","name":"Abaa tienda online","description":"Instrumentos de medici\u00f3n","publisher":{"@id":"https:\/\/abaa.mx\/tienda\/#organization"},"potentialAction":[{"@type":"SearchAction","target":{"@type":"EntryPoint","urlTemplate":"https:\/\/abaa.mx\/tienda\/?s={search_term_string}"},"query-input":{"@type":"PropertyValueSpecification","valueRequired":true,"valueName":"search_term_string"}}],"inLanguage":"es"},{"@type":"Organization","@id":"https:\/\/abaa.mx\/tienda\/#organization","name":"Abaa tienda online","url":"https:\/\/abaa.mx\/tienda\/","logo":{"@type":"ImageObject","inLanguage":"es","@id":"https:\/\/abaa.mx\/tienda\/#\/schema\/logo\/image\/","url":"https:\/\/abaa.mx\/tienda\/wp-content\/uploads\/2024\/01\/abaa-metrologia-tienda.png","contentUrl":"https:\/\/abaa.mx\/tienda\/wp-content\/uploads\/2024\/01\/abaa-metrologia-tienda.png","width":300,"height":141,"caption":"Abaa tienda online"},"image":{"@id":"https:\/\/abaa.mx\/tienda\/#\/schema\/logo\/image\/"}}]}},"_links":{"self":[{"href":"https:\/\/abaa.mx\/tienda\/wp-json\/wp\/v2\/product\/3180","targetHints":{"allow":["GET"]}}],"collection":[{"href":"https:\/\/abaa.mx\/tienda\/wp-json\/wp\/v2\/product"}],"about":[{"href":"https:\/\/abaa.mx\/tienda\/wp-json\/wp\/v2\/types\/product"}],"replies":[{"embeddable":true,"href":"https:\/\/abaa.mx\/tienda\/wp-json\/wp\/v2\/comments?post=3180"}],"wp:featuredmedia":[{"embeddable":true,"href":"https:\/\/abaa.mx\/tienda\/wp-json\/wp\/v2\/media\/3204"}],"wp:attachment":[{"href":"https:\/\/abaa.mx\/tienda\/wp-json\/wp\/v2\/media?parent=3180"}],"wp:term":[{"taxonomy":"product_brand","embeddable":true,"href":"https:\/\/abaa.mx\/tienda\/wp-json\/wp\/v2\/product_brand?post=3180"},{"taxonomy":"product_cat","embeddable":true,"href":"https:\/\/abaa.mx\/tienda\/wp-json\/wp\/v2\/product_cat?post=3180"},{"taxonomy":"product_tag","embeddable":true,"href":"https:\/\/abaa.mx\/tienda\/wp-json\/wp\/v2\/product_tag?post=3180"}],"curies":[{"name":"wp","href":"https:\/\/api.w.org\/{rel}","templated":true}]}}