{"id":3167,"date":"2023-09-26T21:59:51","date_gmt":"2023-09-26T21:59:51","guid":{"rendered":"https:\/\/abaa.mx\/tienda\/?post_type=product&#038;p=3167"},"modified":"2023-10-27T17:14:25","modified_gmt":"2023-10-27T17:14:25","slug":"calibrador-de-presion-de-doble-sensor-fluke-721-1603","status":"publish","type":"product","link":"https:\/\/abaa.mx\/tienda\/calibrador-de-presion-de-doble-sensor-fluke-721-1603\/","title":{"rendered":"Calibrador de presi\u00f3n de doble sensor fluke 721-1603"},"content":{"rendered":"<h4>Fluke 721-1603<\/h4>\n<p>&nbsp;<\/p>\n<h5><strong>Funciones<\/strong><\/h5>\n<ul>\n<li>Dos sensores de presi\u00f3n aislados de acero inoxidable con una precisi\u00f3n del 0,025% f.s.<\/li>\n<li>Se puede configurar seleccionando un sensor de baja presi\u00f3n de 16 psig (1,1 bar) o 36 psig (2,48 bar) y luego agregando su elecci\u00f3n de 7 rangos de alta presi\u00f3n<\/li>\n<li>La conexi\u00f3n del m\u00f3dulo de presi\u00f3n externo admite todos los m\u00f3dulos de presi\u00f3n (29 rangos) para una capacidad de medici\u00f3n a\u00fan mayor<\/li>\n<li>La compensaci\u00f3n de temperatura garantiza la precisi\u00f3n en las aplicaciones de campo<\/li>\n<li>Entrada RTD Pt100 para medici\u00f3n de temperatura, con una precisi\u00f3n de 0,1 \u00b0C (0,2 \u00b0F) (requiere sonda RTD opcional que se vende por separado)<\/li>\n<li>Mida se\u00f1ales de 4-20 mA<\/li>\n<li>La fuente de alimentaci\u00f3n interna de bucle de 24 V puede alimentar un transmisor bajo prueba<\/li>\n<li>Mide hasta 30 V CC<\/li>\n<li>La pantalla LCD de estilo gr\u00e1fico grande con retroiluminaci\u00f3n se puede configurar para mostrar hasta 3 entradas simult\u00e1neamente (es decir, presi\u00f3n 1, presi\u00f3n 2 y RTD o cualquier combinaci\u00f3n de entradas)<\/li>\n<li>Presi\u00f3n mostrada en la elecci\u00f3n del usuario de 19 unidades de ingenier\u00eda<\/li>\n<li>Prueba de interruptor en ambas entradas de presi\u00f3n o m\u00f3dulo de presi\u00f3n externo<\/li>\n<li>Las capas de modo de funcionamiento admiten mediciones sencillas para aplicaciones complejas<\/li>\n<li>Se pueden almacenar hasta cinco configuraciones de uso frecuente; La \u00faltima instalaci\u00f3n se recuper\u00f3 autom\u00e1ticamente al encender<\/li>\n<li>% de funciones de error y amortiguaci\u00f3n<\/li>\n<\/ul>\n<h4>Fluke 721-1603 Especificaciones<\/h4>\n<table class=\"table table-striped\">\n<tbody>\n<tr>\n<td colspan=\"4\">Especificaciones 1 a\u00f1o<\/td>\n<\/tr>\n<tr>\n<td rowspan=\"2\">Sensor de baja presi\u00f3n<\/td>\n<td><strong>Gama<\/strong><\/td>\n<td><strong>Resoluci\u00f3n<\/strong><\/td>\n<td><strong>Exactitud<\/strong><\/td>\n<\/tr>\n<tr>\n<td class=\"nobold\">-14 psi a +16 psi, -0,97 bar a 1,1<br \/>\nbar<\/td>\n<td>0,001 psi, 0,0001<br \/>\nbar<\/td>\n<td>0,025 % de la escala completa<\/td>\n<\/tr>\n<tr>\n<td>Sensor de alta presi\u00f3n<\/td>\n<td>-12 psi a +300 psi, -0,83<br \/>\nbar a 20 bar<\/td>\n<td>0,01 psi, 0,001<br \/>\nbar<\/td>\n<td>0,025 % de la escala completa<\/td>\n<\/tr>\n<tr>\n<td colspan=\"4\">Especificaciones generales<\/td>\n<\/tr>\n<tr>\n<td>Retirada de la configuraci\u00f3n del instrumento<\/td>\n<td colspan=\"3\">Utilizado por \u00faltima vez en el encendido<\/td>\n<\/tr>\n<tr>\n<td>Medioambiental<\/td>\n<td colspan=\"3\">Temperatura de funcionamiento -10 \u00b0C a +50 \u00b0C Temperatura de almacenamiento (sin bater\u00edas) -20 \u00b0C a +60 \u00b0C<\/td>\n<\/tr>\n<tr>\n<td>Altitud<\/td>\n<td colspan=\"3\">2.000 metros<\/td>\n<\/tr>\n<tr>\n<td>Protecci\u00f3n de entrada<\/td>\n<td colspan=\"3\">IP-40<\/td>\n<\/tr>\n<tr>\n<td>Requisitos de alimentaci\u00f3n<\/td>\n<td colspan=\"3\">6,0 V CC<\/td>\n<\/tr>\n<tr>\n<td>Duraci\u00f3n de la bater\u00eda<\/td>\n<td colspan=\"3\">&gt;35 horas, uso t\u00edpico<\/td>\n<\/tr>\n<tr>\n<td>Bater\u00edas requeridas<\/td>\n<td colspan=\"3\">(4) Celdas AA est\u00e1ndar<\/td>\n<\/tr>\n<tr>\n<td>Dimensiones (HxWxD)<\/td>\n<td colspan=\"3\">7.9&#8243; X 4.3&#8243; X 2.3&#8243; (20 cm X 11 cm X 5.8 cm)<\/td>\n<\/tr>\n<tr>\n<td>Peso<\/td>\n<td colspan=\"3\">03539 kg (1 lb 3 oz)<\/td>\n<\/tr>\n<tr>\n<td>Presi\u00f3n de conectores\/puertos<\/td>\n<td colspan=\"3\">Dos, 1\/8 in NPT, m\u00f3dulo de presi\u00f3n de la serie 700P; Sonda RTD<\/td>\n<\/tr>\n<tr>\n<td colspan=\"4\">Medici\u00f3n el\u00e9ctrica y de temperatura 1 a\u00f1o<\/td>\n<\/tr>\n<tr>\n<td>Funci\u00f3n<\/td>\n<td><strong>Gama<\/strong><\/td>\n<td><strong>Resoluci\u00f3n<\/strong><\/td>\n<td><strong>Exactitud<\/strong><\/td>\n<\/tr>\n<tr>\n<td>Medida mA<\/td>\n<td>0 a 24 mA<\/td>\n<td>0,001 mA<\/td>\n<td>\u00b10,015% de rdg<br \/>\n\u00b10,002mA<\/td>\n<\/tr>\n<tr>\n<td>Medida VDC<\/td>\n<td>De 0 a 30 VCC<\/td>\n<td>0.001V<\/td>\n<td>\u00b10,015% de rdg<br \/>\n\u00b10,002V<\/td>\n<\/tr>\n<tr>\n<td>* Medida de temperatura (RTD \/ Ohmios)<\/td>\n<td>-40 \u00b0C a 150 \u00b0C<br \/>\n(-40 \u00b0F a 302 \u00b0F)<\/td>\n<td>0.01 \u00b0C, 0.01 \u00b0F<\/td>\n<td>\u00b10,015% de rdg<br \/>\n\u00b10,02 ohmios<br \/>\n\u00b10,1 \u00b0C (\u00b10,2 \u00b0F) \u00b10,25 \u00b0C (\u00b10,45<br \/>\n\u00b0F)<br \/>\nincertidumbre combinada al utilizar el accesorio de sonda 720 RTD<\/td>\n<\/tr>\n<tr>\n<td>Fuente de alimentaci\u00f3n de bucle<\/td>\n<td>24<\/td>\n<td>N\/A<\/td>\n<td>24 mA @ 24V<\/td>\n<\/tr>\n<tr>\n<td class=\"nobold\" colspan=\"4\">*La medici\u00f3n de temperatura requiere la sonda RTD Pt-720 opcional Fluke-100RTD disponible como accesorio<\/td>\n<\/tr>\n<tr>\n<td colspan=\"4\">Efecto de la temperatura<\/td>\n<\/tr>\n<tr>\n<td class=\"nobold\" colspan=\"4\">Sin efecto sobre la precisi\u00f3n en todas las funciones de 15 \u00b0C a 35 \u00b0C<\/td>\n<\/tr>\n<tr>\n<td class=\"nobold\" colspan=\"4\">A\u00f1adir \u00b1 0,002 % F.S.\/\u00b0C para temperaturas fuera de 15 \u00b0C a 35 \u00b0C<\/td>\n<\/tr>\n<tr>\n<td colspan=\"4\">Unidades de ingenier\u00eda de presi\u00f3n disponibles<\/td>\n<\/tr>\n<\/tbody>\n<\/table>\n","protected":false},"excerpt":{"rendered":"<p class=\"short-description mhide ipad-view-setting\">Calibrador de presi\u00f3n de precisi\u00f3n con sensores aislados duales para aplicaciones de transferencia de custodia de gas. Rangos: 16 psi (bajo) 300 psi (alto).<\/p>\n<div class=\"row-fluid\">\n<div class=\"span12 mobile-pricing-box-padding\">\n<form id=\"19519\" accept-charset=\"utf-8\" action=\"https:\/\/www.globaltestsupply.com\/shop\/add\" method=\"post\" name=\"addTocartFunction\">\n<div><\/div>\n<\/form>\n<\/div>\n<\/div>\n","protected":false},"featured_media":3173,"comment_status":"open","ping_status":"closed","template":"","meta":{"_joinchat":[]},"product_brand":[],"product_cat":[15],"product_tag":[],"class_list":{"0":"post-3167","1":"product","2":"type-product","3":"status-publish","4":"has-post-thumbnail","6":"product_cat-sin-categorizar","8":"first","9":"instock","10":"shipping-taxable","11":"product-type-simple"},"yoast_head":"<!-- This site is optimized with the Yoast SEO plugin v26.4 - https:\/\/yoast.com\/wordpress\/plugins\/seo\/ -->\n<title>Calibrador de presi\u00f3n de doble sensor fluke 721-1603 - Abaa tienda online<\/title>\n<meta name=\"robots\" content=\"index, follow, max-snippet:-1, max-image-preview:large, max-video-preview:-1\" \/>\n<link rel=\"canonical\" href=\"https:\/\/abaa.mx\/tienda\/calibrador-de-presion-de-doble-sensor-fluke-721-1603\/\" \/>\n<meta property=\"og:locale\" content=\"es_MX\" \/>\n<meta property=\"og:type\" content=\"article\" \/>\n<meta property=\"og:title\" content=\"Calibrador de presi\u00f3n de doble sensor fluke 721-1603 - Abaa tienda online\" \/>\n<meta property=\"og:description\" content=\"Calibrador de presi\u00f3n de precisi\u00f3n con sensores aislados duales para aplicaciones de transferencia de custodia de gas. Rangos: 16 psi (bajo) 300 psi (alto).\" \/>\n<meta property=\"og:url\" content=\"https:\/\/abaa.mx\/tienda\/calibrador-de-presion-de-doble-sensor-fluke-721-1603\/\" \/>\n<meta property=\"og:site_name\" content=\"Abaa tienda online\" \/>\n<meta property=\"article:modified_time\" content=\"2023-10-27T17:14:25+00:00\" \/>\n<meta property=\"og:image\" content=\"https:\/\/abaa.mx\/tienda\/wp-content\/uploads\/2023\/09\/721-1603.jpg\" \/>\n\t<meta property=\"og:image:width\" content=\"2000\" \/>\n\t<meta property=\"og:image:height\" content=\"2000\" \/>\n\t<meta property=\"og:image:type\" content=\"image\/jpeg\" \/>\n<meta name=\"twitter:card\" content=\"summary_large_image\" \/>\n<meta name=\"twitter:label1\" content=\"Tiempo de lectura\" \/>\n\t<meta name=\"twitter:data1\" content=\"3 minutos\" \/>\n<script type=\"application\/ld+json\" class=\"yoast-schema-graph\">{\"@context\":\"https:\/\/schema.org\",\"@graph\":[{\"@type\":\"WebPage\",\"@id\":\"https:\/\/abaa.mx\/tienda\/calibrador-de-presion-de-doble-sensor-fluke-721-1603\/\",\"url\":\"https:\/\/abaa.mx\/tienda\/calibrador-de-presion-de-doble-sensor-fluke-721-1603\/\",\"name\":\"Calibrador de presi\u00f3n de doble sensor fluke 721-1603 - Abaa tienda online\",\"isPartOf\":{\"@id\":\"https:\/\/abaa.mx\/tienda\/#website\"},\"primaryImageOfPage\":{\"@id\":\"https:\/\/abaa.mx\/tienda\/calibrador-de-presion-de-doble-sensor-fluke-721-1603\/#primaryimage\"},\"image\":{\"@id\":\"https:\/\/abaa.mx\/tienda\/calibrador-de-presion-de-doble-sensor-fluke-721-1603\/#primaryimage\"},\"thumbnailUrl\":\"https:\/\/abaa.mx\/tienda\/wp-content\/uploads\/2023\/09\/721-1603.jpg\",\"datePublished\":\"2023-09-26T21:59:51+00:00\",\"dateModified\":\"2023-10-27T17:14:25+00:00\",\"breadcrumb\":{\"@id\":\"https:\/\/abaa.mx\/tienda\/calibrador-de-presion-de-doble-sensor-fluke-721-1603\/#breadcrumb\"},\"inLanguage\":\"es\",\"potentialAction\":[{\"@type\":\"ReadAction\",\"target\":[\"https:\/\/abaa.mx\/tienda\/calibrador-de-presion-de-doble-sensor-fluke-721-1603\/\"]}]},{\"@type\":\"ImageObject\",\"inLanguage\":\"es\",\"@id\":\"https:\/\/abaa.mx\/tienda\/calibrador-de-presion-de-doble-sensor-fluke-721-1603\/#primaryimage\",\"url\":\"https:\/\/abaa.mx\/tienda\/wp-content\/uploads\/2023\/09\/721-1603.jpg\",\"contentUrl\":\"https:\/\/abaa.mx\/tienda\/wp-content\/uploads\/2023\/09\/721-1603.jpg\",\"width\":2000,\"height\":2000,\"caption\":\"calibrador-de-presion-de-doble-sensor-fluke-721-1603\"},{\"@type\":\"BreadcrumbList\",\"@id\":\"https:\/\/abaa.mx\/tienda\/calibrador-de-presion-de-doble-sensor-fluke-721-1603\/#breadcrumb\",\"itemListElement\":[{\"@type\":\"ListItem\",\"position\":1,\"name\":\"Inicio\",\"item\":\"https:\/\/abaa.mx\/tienda\/\"},{\"@type\":\"ListItem\",\"position\":2,\"name\":\"Tienda\",\"item\":\"https:\/\/abaa.mx\/tienda\/\"},{\"@type\":\"ListItem\",\"position\":3,\"name\":\"Calibrador de presi\u00f3n de doble sensor fluke 721-1603\"}]},{\"@type\":\"WebSite\",\"@id\":\"https:\/\/abaa.mx\/tienda\/#website\",\"url\":\"https:\/\/abaa.mx\/tienda\/\",\"name\":\"Abaa tienda online\",\"description\":\"Instrumentos de medici\u00f3n\",\"publisher\":{\"@id\":\"https:\/\/abaa.mx\/tienda\/#organization\"},\"potentialAction\":[{\"@type\":\"SearchAction\",\"target\":{\"@type\":\"EntryPoint\",\"urlTemplate\":\"https:\/\/abaa.mx\/tienda\/?s={search_term_string}\"},\"query-input\":{\"@type\":\"PropertyValueSpecification\",\"valueRequired\":true,\"valueName\":\"search_term_string\"}}],\"inLanguage\":\"es\"},{\"@type\":\"Organization\",\"@id\":\"https:\/\/abaa.mx\/tienda\/#organization\",\"name\":\"Abaa tienda online\",\"url\":\"https:\/\/abaa.mx\/tienda\/\",\"logo\":{\"@type\":\"ImageObject\",\"inLanguage\":\"es\",\"@id\":\"https:\/\/abaa.mx\/tienda\/#\/schema\/logo\/image\/\",\"url\":\"https:\/\/abaa.mx\/tienda\/wp-content\/uploads\/2024\/01\/abaa-metrologia-tienda.png\",\"contentUrl\":\"https:\/\/abaa.mx\/tienda\/wp-content\/uploads\/2024\/01\/abaa-metrologia-tienda.png\",\"width\":300,\"height\":141,\"caption\":\"Abaa tienda online\"},\"image\":{\"@id\":\"https:\/\/abaa.mx\/tienda\/#\/schema\/logo\/image\/\"}}]}<\/script>\n<!-- \/ Yoast SEO plugin. -->","yoast_head_json":{"title":"Calibrador de presi\u00f3n de doble sensor fluke 721-1603 - Abaa tienda online","robots":{"index":"index","follow":"follow","max-snippet":"max-snippet:-1","max-image-preview":"max-image-preview:large","max-video-preview":"max-video-preview:-1"},"canonical":"https:\/\/abaa.mx\/tienda\/calibrador-de-presion-de-doble-sensor-fluke-721-1603\/","og_locale":"es_MX","og_type":"article","og_title":"Calibrador de presi\u00f3n de doble sensor fluke 721-1603 - Abaa tienda online","og_description":"Calibrador de presi\u00f3n de precisi\u00f3n con sensores aislados duales para aplicaciones de transferencia de custodia de gas. Rangos: 16 psi (bajo) 300 psi (alto).","og_url":"https:\/\/abaa.mx\/tienda\/calibrador-de-presion-de-doble-sensor-fluke-721-1603\/","og_site_name":"Abaa tienda online","article_modified_time":"2023-10-27T17:14:25+00:00","og_image":[{"width":2000,"height":2000,"url":"https:\/\/abaa.mx\/tienda\/wp-content\/uploads\/2023\/09\/721-1603.jpg","type":"image\/jpeg"}],"twitter_card":"summary_large_image","twitter_misc":{"Tiempo de lectura":"3 minutos"},"schema":{"@context":"https:\/\/schema.org","@graph":[{"@type":"WebPage","@id":"https:\/\/abaa.mx\/tienda\/calibrador-de-presion-de-doble-sensor-fluke-721-1603\/","url":"https:\/\/abaa.mx\/tienda\/calibrador-de-presion-de-doble-sensor-fluke-721-1603\/","name":"Calibrador de presi\u00f3n de doble sensor fluke 721-1603 - Abaa tienda online","isPartOf":{"@id":"https:\/\/abaa.mx\/tienda\/#website"},"primaryImageOfPage":{"@id":"https:\/\/abaa.mx\/tienda\/calibrador-de-presion-de-doble-sensor-fluke-721-1603\/#primaryimage"},"image":{"@id":"https:\/\/abaa.mx\/tienda\/calibrador-de-presion-de-doble-sensor-fluke-721-1603\/#primaryimage"},"thumbnailUrl":"https:\/\/abaa.mx\/tienda\/wp-content\/uploads\/2023\/09\/721-1603.jpg","datePublished":"2023-09-26T21:59:51+00:00","dateModified":"2023-10-27T17:14:25+00:00","breadcrumb":{"@id":"https:\/\/abaa.mx\/tienda\/calibrador-de-presion-de-doble-sensor-fluke-721-1603\/#breadcrumb"},"inLanguage":"es","potentialAction":[{"@type":"ReadAction","target":["https:\/\/abaa.mx\/tienda\/calibrador-de-presion-de-doble-sensor-fluke-721-1603\/"]}]},{"@type":"ImageObject","inLanguage":"es","@id":"https:\/\/abaa.mx\/tienda\/calibrador-de-presion-de-doble-sensor-fluke-721-1603\/#primaryimage","url":"https:\/\/abaa.mx\/tienda\/wp-content\/uploads\/2023\/09\/721-1603.jpg","contentUrl":"https:\/\/abaa.mx\/tienda\/wp-content\/uploads\/2023\/09\/721-1603.jpg","width":2000,"height":2000,"caption":"calibrador-de-presion-de-doble-sensor-fluke-721-1603"},{"@type":"BreadcrumbList","@id":"https:\/\/abaa.mx\/tienda\/calibrador-de-presion-de-doble-sensor-fluke-721-1603\/#breadcrumb","itemListElement":[{"@type":"ListItem","position":1,"name":"Inicio","item":"https:\/\/abaa.mx\/tienda\/"},{"@type":"ListItem","position":2,"name":"Tienda","item":"https:\/\/abaa.mx\/tienda\/"},{"@type":"ListItem","position":3,"name":"Calibrador de presi\u00f3n de doble sensor fluke 721-1603"}]},{"@type":"WebSite","@id":"https:\/\/abaa.mx\/tienda\/#website","url":"https:\/\/abaa.mx\/tienda\/","name":"Abaa tienda online","description":"Instrumentos de medici\u00f3n","publisher":{"@id":"https:\/\/abaa.mx\/tienda\/#organization"},"potentialAction":[{"@type":"SearchAction","target":{"@type":"EntryPoint","urlTemplate":"https:\/\/abaa.mx\/tienda\/?s={search_term_string}"},"query-input":{"@type":"PropertyValueSpecification","valueRequired":true,"valueName":"search_term_string"}}],"inLanguage":"es"},{"@type":"Organization","@id":"https:\/\/abaa.mx\/tienda\/#organization","name":"Abaa tienda online","url":"https:\/\/abaa.mx\/tienda\/","logo":{"@type":"ImageObject","inLanguage":"es","@id":"https:\/\/abaa.mx\/tienda\/#\/schema\/logo\/image\/","url":"https:\/\/abaa.mx\/tienda\/wp-content\/uploads\/2024\/01\/abaa-metrologia-tienda.png","contentUrl":"https:\/\/abaa.mx\/tienda\/wp-content\/uploads\/2024\/01\/abaa-metrologia-tienda.png","width":300,"height":141,"caption":"Abaa tienda online"},"image":{"@id":"https:\/\/abaa.mx\/tienda\/#\/schema\/logo\/image\/"}}]}},"_links":{"self":[{"href":"https:\/\/abaa.mx\/tienda\/wp-json\/wp\/v2\/product\/3167","targetHints":{"allow":["GET"]}}],"collection":[{"href":"https:\/\/abaa.mx\/tienda\/wp-json\/wp\/v2\/product"}],"about":[{"href":"https:\/\/abaa.mx\/tienda\/wp-json\/wp\/v2\/types\/product"}],"replies":[{"embeddable":true,"href":"https:\/\/abaa.mx\/tienda\/wp-json\/wp\/v2\/comments?post=3167"}],"wp:featuredmedia":[{"embeddable":true,"href":"https:\/\/abaa.mx\/tienda\/wp-json\/wp\/v2\/media\/3173"}],"wp:attachment":[{"href":"https:\/\/abaa.mx\/tienda\/wp-json\/wp\/v2\/media?parent=3167"}],"wp:term":[{"taxonomy":"product_brand","embeddable":true,"href":"https:\/\/abaa.mx\/tienda\/wp-json\/wp\/v2\/product_brand?post=3167"},{"taxonomy":"product_cat","embeddable":true,"href":"https:\/\/abaa.mx\/tienda\/wp-json\/wp\/v2\/product_cat?post=3167"},{"taxonomy":"product_tag","embeddable":true,"href":"https:\/\/abaa.mx\/tienda\/wp-json\/wp\/v2\/product_tag?post=3167"}],"curies":[{"name":"wp","href":"https:\/\/api.w.org\/{rel}","templated":true}]}}