{"id":3161,"date":"2023-09-26T21:51:52","date_gmt":"2023-09-26T21:51:52","guid":{"rendered":"https:\/\/abaa.mx\/tienda\/?post_type=product&#038;p=3161"},"modified":"2023-12-06T19:56:14","modified_gmt":"2023-12-06T19:56:14","slug":"dwyer-a3000-0-presostato-manometro-fotohelicoidal-0-0-5w-c","status":"publish","type":"product","link":"https:\/\/abaa.mx\/tienda\/dwyer-a3000-0-presostato-manometro-fotohelicoidal-0-0-5w-c\/","title":{"rendered":"Dwyer a3000-0 presostato-man\u00f3metro fotohelicoidal (0-0.5&#8243;w.c.)"},"content":{"rendered":"<div class=\"container master\">\n<div class=\"content mobile-setting-product-page\">\n<div class=\"row-fluid\">\n<div class=\"span12\">\n<div class=\"row-fluid\">\n<div class=\"span10\">\n<div class=\"mhide ipad-view-setting\">\n<div class=\"row-fluid ProductTabs\">\n<div class=\"span12\">\n<div class=\"tab-content\">\n<div id=\"tab0\" class=\"product-tabs tab-pane active\">\n<h4>INTERRUPTOR DE PRESI\u00d3N Dwyer A3000-0, MEDIDOR PHOTOHEL, 0-.5in WC, CSA<\/h4>\n<ul>\n<li>Bisel y cubierta frontal (con perillas de punto de ajuste y tornillo de ajuste cero) retirados para exponer el interruptor fotohelicoidal\/mecanismo de punto de ajuste<\/li>\n<li>La cubierta es de pl\u00e1stico de policarbonato transparente<\/li>\n<li>El puntero del medidor y el obturador de luz est\u00e1n montados en h\u00e9lice y contrapeso de equilibrio. El obturador pasa a trav\u00e9s de la ranura en el interruptor de l\u00edmite \u00f3ptico para exponer los fototransistores a la fuente de luz infrarroja integral o enmascararlos seg\u00fan la presi\u00f3n aplicada.<\/li>\n<li>El escudo de luz protege eficazmente los fototransistores de fuertes fuentes de luz externas, pero permite el movimiento libre del puntero. Tambi\u00e9n le da al interior un aspecto limpio &#8220;terminado&#8221;.<\/li>\n<li>Los finales de carrera \u00f3pticos se utilizan para ofrecer fiabilidad y larga vida \u00fatil. Conectados directamente a los punteros de ajuste, est\u00e1n alineados individualmente para garantizar una precisi\u00f3n de conmutaci\u00f3n precisa.<\/li>\n<li>El eje de transmisi\u00f3n semiflexible se conecta a las perillas del punto de ajuste.<\/li>\n<li>El tornillo de ajuste de cero se conecta al tornillo en la cubierta para ajustar la lectura de presi\u00f3n cero.<\/li>\n<li>La carcasa de pl\u00e1stico protege los componentes electr\u00f3nicos y las conexiones el\u00e9ctricas.<\/li>\n<li>La conexi\u00f3n de policarbonato o placa de terminales es autoextinguible.<\/li>\n<li>Placas de circuito impreso epoxi de vidrio para mayor durabilidad y permanencia.<\/li>\n<li>Los rel\u00e9s de carga son DPDT con funci\u00f3n de enganche para una m\u00e1xima versatilidad de aplicaci\u00f3n.<\/li>\n<li>La electr\u00f3nica est\u00e1 dise\u00f1ada para funcionar en 50\/60 Hz, corriente de 120 voltios con 10% de m\u00e1s o menos voltaje. Unidades especiales para otros voltajes est\u00e1n disponibles.<\/li>\n<li>Los punteros de ajuste de interruptores muestran la configuraci\u00f3n del interruptor en todo momento.<\/li>\n<li>El embrague de fricci\u00f3n accionado por resorte evita que el operador da\u00f1e el mecanismo de punto de ajuste.<\/li>\n<\/ul>\n<p><strong>Caracter\u00edsticas t\u00e9cnicas:<\/strong><\/p>\n<p>Especificaciones del medidor Servicio: Aire y gases no combustibles, compatibles<br \/>\nMateriales h\u00famedos: Consulte precisi\u00f3n de f\u00e1brica<br \/>\n: \u00b12% de la escala completa a 70 \u00b0 F (21.1 \u00b0 C) \u00b13% en los modelos<br \/>\n-0 y \u00b14% en -00 L\u00edmites de presi\u00f3n: -20 &#8220;Hg a 25 psig (-0.677 a 1.72 bar)<br \/>\nopci\u00f3n MP; 35 psig (2,41 bar), opci\u00f3n HP; 80 psig (5,52 bar) 36003S \u2013 36010S; 150 psig (10,34 bar) 36020S y superior; 1,2 x presi\u00f3n<br \/>\na escala completa L\u00edmites de temperatura: 20 a 120 \u00b0F (-6.67 a 48.9 \u00b0C) Opci\u00f3n de baja temperatura disponible<br \/>\nConexiones de proceso: 1\/8&#8243; hembra NPT Tama\u00f1o: 4&#8243; (101,6 mm) esfera de esfera, 5&#8243; (127 mm) O.D x 8-1\/4&#8221; (209,55 mm) Peso: 4 lb (1,81 kg)Tipo de interruptor: Cada punto de consigna tiene 2 rel\u00e9s Form C (DPDT<br \/>\n)<\/p>\n<p>Repetibilidad: \u00b11% de la escala<br \/>\ncompleta Clasificaci\u00f3n el\u00e9ctrica: 10A @ 28 VDC, 10A @ 120, 240 VCA; Conexiones el\u00e9ctricas: Los terminales de tornillo utilizan solo<br \/>\nconductores de cobre de 167 \u00b0F (75 \u00b0C) Requisitos de<br \/>\nalimentaci\u00f3n: 120 VCA, 50\/60 Hz; Alimentaci\u00f3n de 240 VCA y 24 VCA opcional Orientaci\u00f3n de montaje: Diafragma en posici\u00f3n vertical, consulte de f\u00e1brica para otras orientaciones de posici\u00f3n Ajuste del punto de ajuste: perillas ajustables en la cara Aprobaciones de la agencia: UL, CSA, CE NOTA: Opcional (-EXPL) El gabinete a prueba de explosiones no posee ninguna aprobaci\u00f3n de la<br \/>\nagencia.<\/p>\n<h4>Dwyer A3000-0 Especificaciones<\/h4>\n<table class=\"table table-striped\">\n<tbody>\n<tr>\n<td colspan=\"2\"><strong>Especificaciones del interruptor<\/strong><\/td>\n<\/tr>\n<tr>\n<td>Tipo de interruptor<\/td>\n<td>Cada punto de ajuste tiene 2 rel\u00e9s Form C (DPDT)<\/td>\n<\/tr>\n<tr>\n<td>Repetibilidad<\/td>\n<td>\u00b11% de FS<\/td>\n<\/tr>\n<tr>\n<td>Clasificaci\u00f3n el\u00e9ctrica<\/td>\n<td>10 A a 28 VCC<br \/>\n10 A a 120<br \/>\n240 VCA<\/td>\n<\/tr>\n<tr>\n<td>Conexiones el\u00e9ctricas<\/td>\n<td>Terminales de tornillo. Utilice solo conductores de cobre a 167 \u00b0F (75 \u00b0C)<\/td>\n<\/tr>\n<tr>\n<td>Requisitos de alimentaci\u00f3n<\/td>\n<td>Alimentaci\u00f3n opcional de 120 VCA, 50\/60 Hz<br \/>\n240 VCA y 24 VCA<\/td>\n<\/tr>\n<tr>\n<td>Orientaci\u00f3n de montaje<\/td>\n<td>Diafragma en posici\u00f3n vertical. Consulte a la f\u00e1brica para otras orientaciones de posici\u00f3n<\/td>\n<\/tr>\n<tr>\n<td>Ajuste del punto de ajuste<\/td>\n<td>Perillas ajustables en la cara<\/td>\n<\/tr>\n<tr>\n<td>Aprobaciones de agencias<\/td>\n<td>CE, CSA, UL<\/td>\n<\/tr>\n<tr>\n<td colspan=\"2\"><strong>Especificaciones del medidor<\/strong><\/td>\n<\/tr>\n<tr>\n<td>Servicio<\/td>\n<td>Aire y gases no combustibles, compatibles<\/td>\n<\/tr>\n<tr>\n<td>Exactitud<\/td>\n<td>\u00b12% de FS a 70\u00b0F (21.1\u00b0C)<br \/>\n\u00b13% en -0<br \/>\n\u00b14% en modelos -00<\/td>\n<\/tr>\n<tr>\n<td>L\u00edmites de presi\u00f3n<\/td>\n<td>Opci\u00f3n MP de -20&#8243; Hg a 25 psig (-0,677 a 1,72 bar);<br \/>\nOpci\u00f3n HP de 35 psig (2,41 bar);<br \/>\n80 psig (5.52 bar)<\/td>\n<\/tr>\n<tr>\n<td>L\u00edmites de temperatura<\/td>\n<td>20 a 120 \u00b0F (-6,67 a 48,9 \u00b0C) -20 a 120 \u00b0F (-28 a 48,9 \u00b0C)<br \/>\ncon opci\u00f3n de baja temperatura<\/td>\n<\/tr>\n<tr>\n<td>Conexiones de proceso<\/td>\n<td>1\/8 mujer NPT<\/td>\n<\/tr>\n<tr>\n<td>Dimensiones<\/td>\n<td>Esfera de 4&#8243; (101,6 mm) 5<br \/>\nx 8\/127&#8243; (209 x 55,&lt;&gt; mm)<\/td>\n<\/tr>\n<tr>\n<td>Peso<\/td>\n<td>4 lb (1,81 kg)<\/td>\n<\/tr>\n<\/tbody>\n<\/table>\n<\/div>\n<\/div>\n<\/div>\n<\/div>\n<\/div>\n<\/div>\n<\/div>\n<\/div>\n<\/div>\n<\/div>\n<\/div>\n","protected":false},"excerpt":{"rendered":"<p>Bisel y cubierta frontal (con perillas de punto de ajuste y tornillo de ajuste cero) retirados para exponer el interruptor fotohelicoidal\u00ae\/mecanismo de punto de ajuste. La cubierta es de pl\u00e1stico de policarbonato transparente. El puntero del medidor y el obturador de luz est\u00e1n montados en h\u00e9lice y contrapeso de equilibrio.<\/p>\n","protected":false},"featured_media":3170,"comment_status":"open","ping_status":"closed","template":"","meta":{"_joinchat":[]},"product_brand":[],"product_cat":[15],"product_tag":[],"class_list":{"0":"post-3161","1":"product","2":"type-product","3":"status-publish","4":"has-post-thumbnail","6":"product_cat-sin-categorizar","8":"first","9":"instock","10":"shipping-taxable","11":"product-type-simple"},"yoast_head":"<!-- This site is optimized with the Yoast SEO plugin v26.4 - https:\/\/yoast.com\/wordpress\/plugins\/seo\/ -->\n<title>Dwyer a3000-0 presostato-man\u00f3metro fotohelicoidal (0-0.5&quot;w.c.) - Abaa tienda online<\/title>\n<meta name=\"robots\" content=\"index, follow, max-snippet:-1, max-image-preview:large, max-video-preview:-1\" \/>\n<link rel=\"canonical\" href=\"https:\/\/abaa.mx\/tienda\/dwyer-a3000-0-presostato-manometro-fotohelicoidal-0-0-5w-c\/\" \/>\n<meta property=\"og:locale\" content=\"es_MX\" \/>\n<meta property=\"og:type\" content=\"article\" \/>\n<meta property=\"og:title\" content=\"Dwyer a3000-0 presostato-man\u00f3metro fotohelicoidal (0-0.5&quot;w.c.) - Abaa tienda online\" \/>\n<meta property=\"og:description\" content=\"Bisel y cubierta frontal (con perillas de punto de ajuste y tornillo de ajuste cero) retirados para exponer el interruptor fotohelicoidal\u00ae\/mecanismo de punto de ajuste. La cubierta es de pl\u00e1stico de policarbonato transparente. El puntero del medidor y el obturador de luz est\u00e1n montados en h\u00e9lice y contrapeso de equilibrio.\" \/>\n<meta property=\"og:url\" content=\"https:\/\/abaa.mx\/tienda\/dwyer-a3000-0-presostato-manometro-fotohelicoidal-0-0-5w-c\/\" \/>\n<meta property=\"og:site_name\" content=\"Abaa tienda online\" \/>\n<meta property=\"article:modified_time\" content=\"2023-12-06T19:56:14+00:00\" \/>\n<meta property=\"og:image\" content=\"https:\/\/abaa.mx\/tienda\/wp-content\/uploads\/2023\/09\/A3000-0-1.jpg\" \/>\n\t<meta property=\"og:image:width\" content=\"270\" \/>\n\t<meta property=\"og:image:height\" content=\"270\" \/>\n\t<meta property=\"og:image:type\" content=\"image\/jpeg\" \/>\n<meta name=\"twitter:card\" content=\"summary_large_image\" \/>\n<meta name=\"twitter:label1\" content=\"Tiempo de lectura\" \/>\n\t<meta name=\"twitter:data1\" content=\"4 minutos\" \/>\n<script type=\"application\/ld+json\" class=\"yoast-schema-graph\">{\"@context\":\"https:\/\/schema.org\",\"@graph\":[{\"@type\":\"WebPage\",\"@id\":\"https:\/\/abaa.mx\/tienda\/dwyer-a3000-0-presostato-manometro-fotohelicoidal-0-0-5w-c\/\",\"url\":\"https:\/\/abaa.mx\/tienda\/dwyer-a3000-0-presostato-manometro-fotohelicoidal-0-0-5w-c\/\",\"name\":\"Dwyer a3000-0 presostato-man\u00f3metro fotohelicoidal (0-0.5\\\"w.c.) - Abaa tienda online\",\"isPartOf\":{\"@id\":\"https:\/\/abaa.mx\/tienda\/#website\"},\"primaryImageOfPage\":{\"@id\":\"https:\/\/abaa.mx\/tienda\/dwyer-a3000-0-presostato-manometro-fotohelicoidal-0-0-5w-c\/#primaryimage\"},\"image\":{\"@id\":\"https:\/\/abaa.mx\/tienda\/dwyer-a3000-0-presostato-manometro-fotohelicoidal-0-0-5w-c\/#primaryimage\"},\"thumbnailUrl\":\"https:\/\/abaa.mx\/tienda\/wp-content\/uploads\/2023\/09\/A3000-0-1.jpg\",\"datePublished\":\"2023-09-26T21:51:52+00:00\",\"dateModified\":\"2023-12-06T19:56:14+00:00\",\"breadcrumb\":{\"@id\":\"https:\/\/abaa.mx\/tienda\/dwyer-a3000-0-presostato-manometro-fotohelicoidal-0-0-5w-c\/#breadcrumb\"},\"inLanguage\":\"es\",\"potentialAction\":[{\"@type\":\"ReadAction\",\"target\":[\"https:\/\/abaa.mx\/tienda\/dwyer-a3000-0-presostato-manometro-fotohelicoidal-0-0-5w-c\/\"]}]},{\"@type\":\"ImageObject\",\"inLanguage\":\"es\",\"@id\":\"https:\/\/abaa.mx\/tienda\/dwyer-a3000-0-presostato-manometro-fotohelicoidal-0-0-5w-c\/#primaryimage\",\"url\":\"https:\/\/abaa.mx\/tienda\/wp-content\/uploads\/2023\/09\/A3000-0-1.jpg\",\"contentUrl\":\"https:\/\/abaa.mx\/tienda\/wp-content\/uploads\/2023\/09\/A3000-0-1.jpg\",\"width\":270,\"height\":270,\"caption\":\"A3000-0\"},{\"@type\":\"BreadcrumbList\",\"@id\":\"https:\/\/abaa.mx\/tienda\/dwyer-a3000-0-presostato-manometro-fotohelicoidal-0-0-5w-c\/#breadcrumb\",\"itemListElement\":[{\"@type\":\"ListItem\",\"position\":1,\"name\":\"Inicio\",\"item\":\"https:\/\/abaa.mx\/tienda\/\"},{\"@type\":\"ListItem\",\"position\":2,\"name\":\"Tienda\",\"item\":\"https:\/\/abaa.mx\/tienda\/\"},{\"@type\":\"ListItem\",\"position\":3,\"name\":\"Dwyer a3000-0 presostato-man\u00f3metro fotohelicoidal (0-0.5&#8243;w.c.)\"}]},{\"@type\":\"WebSite\",\"@id\":\"https:\/\/abaa.mx\/tienda\/#website\",\"url\":\"https:\/\/abaa.mx\/tienda\/\",\"name\":\"Abaa tienda online\",\"description\":\"Instrumentos de medici\u00f3n\",\"publisher\":{\"@id\":\"https:\/\/abaa.mx\/tienda\/#organization\"},\"potentialAction\":[{\"@type\":\"SearchAction\",\"target\":{\"@type\":\"EntryPoint\",\"urlTemplate\":\"https:\/\/abaa.mx\/tienda\/?s={search_term_string}\"},\"query-input\":{\"@type\":\"PropertyValueSpecification\",\"valueRequired\":true,\"valueName\":\"search_term_string\"}}],\"inLanguage\":\"es\"},{\"@type\":\"Organization\",\"@id\":\"https:\/\/abaa.mx\/tienda\/#organization\",\"name\":\"Abaa tienda online\",\"url\":\"https:\/\/abaa.mx\/tienda\/\",\"logo\":{\"@type\":\"ImageObject\",\"inLanguage\":\"es\",\"@id\":\"https:\/\/abaa.mx\/tienda\/#\/schema\/logo\/image\/\",\"url\":\"https:\/\/abaa.mx\/tienda\/wp-content\/uploads\/2024\/01\/abaa-metrologia-tienda.png\",\"contentUrl\":\"https:\/\/abaa.mx\/tienda\/wp-content\/uploads\/2024\/01\/abaa-metrologia-tienda.png\",\"width\":300,\"height\":141,\"caption\":\"Abaa tienda online\"},\"image\":{\"@id\":\"https:\/\/abaa.mx\/tienda\/#\/schema\/logo\/image\/\"}}]}<\/script>\n<!-- \/ Yoast SEO plugin. -->","yoast_head_json":{"title":"Dwyer a3000-0 presostato-man\u00f3metro fotohelicoidal (0-0.5\"w.c.) - Abaa tienda online","robots":{"index":"index","follow":"follow","max-snippet":"max-snippet:-1","max-image-preview":"max-image-preview:large","max-video-preview":"max-video-preview:-1"},"canonical":"https:\/\/abaa.mx\/tienda\/dwyer-a3000-0-presostato-manometro-fotohelicoidal-0-0-5w-c\/","og_locale":"es_MX","og_type":"article","og_title":"Dwyer a3000-0 presostato-man\u00f3metro fotohelicoidal (0-0.5\"w.c.) - Abaa tienda online","og_description":"Bisel y cubierta frontal (con perillas de punto de ajuste y tornillo de ajuste cero) retirados para exponer el interruptor fotohelicoidal\u00ae\/mecanismo de punto de ajuste. La cubierta es de pl\u00e1stico de policarbonato transparente. El puntero del medidor y el obturador de luz est\u00e1n montados en h\u00e9lice y contrapeso de equilibrio.","og_url":"https:\/\/abaa.mx\/tienda\/dwyer-a3000-0-presostato-manometro-fotohelicoidal-0-0-5w-c\/","og_site_name":"Abaa tienda online","article_modified_time":"2023-12-06T19:56:14+00:00","og_image":[{"width":270,"height":270,"url":"https:\/\/abaa.mx\/tienda\/wp-content\/uploads\/2023\/09\/A3000-0-1.jpg","type":"image\/jpeg"}],"twitter_card":"summary_large_image","twitter_misc":{"Tiempo de lectura":"4 minutos"},"schema":{"@context":"https:\/\/schema.org","@graph":[{"@type":"WebPage","@id":"https:\/\/abaa.mx\/tienda\/dwyer-a3000-0-presostato-manometro-fotohelicoidal-0-0-5w-c\/","url":"https:\/\/abaa.mx\/tienda\/dwyer-a3000-0-presostato-manometro-fotohelicoidal-0-0-5w-c\/","name":"Dwyer a3000-0 presostato-man\u00f3metro fotohelicoidal (0-0.5\"w.c.) - Abaa tienda online","isPartOf":{"@id":"https:\/\/abaa.mx\/tienda\/#website"},"primaryImageOfPage":{"@id":"https:\/\/abaa.mx\/tienda\/dwyer-a3000-0-presostato-manometro-fotohelicoidal-0-0-5w-c\/#primaryimage"},"image":{"@id":"https:\/\/abaa.mx\/tienda\/dwyer-a3000-0-presostato-manometro-fotohelicoidal-0-0-5w-c\/#primaryimage"},"thumbnailUrl":"https:\/\/abaa.mx\/tienda\/wp-content\/uploads\/2023\/09\/A3000-0-1.jpg","datePublished":"2023-09-26T21:51:52+00:00","dateModified":"2023-12-06T19:56:14+00:00","breadcrumb":{"@id":"https:\/\/abaa.mx\/tienda\/dwyer-a3000-0-presostato-manometro-fotohelicoidal-0-0-5w-c\/#breadcrumb"},"inLanguage":"es","potentialAction":[{"@type":"ReadAction","target":["https:\/\/abaa.mx\/tienda\/dwyer-a3000-0-presostato-manometro-fotohelicoidal-0-0-5w-c\/"]}]},{"@type":"ImageObject","inLanguage":"es","@id":"https:\/\/abaa.mx\/tienda\/dwyer-a3000-0-presostato-manometro-fotohelicoidal-0-0-5w-c\/#primaryimage","url":"https:\/\/abaa.mx\/tienda\/wp-content\/uploads\/2023\/09\/A3000-0-1.jpg","contentUrl":"https:\/\/abaa.mx\/tienda\/wp-content\/uploads\/2023\/09\/A3000-0-1.jpg","width":270,"height":270,"caption":"A3000-0"},{"@type":"BreadcrumbList","@id":"https:\/\/abaa.mx\/tienda\/dwyer-a3000-0-presostato-manometro-fotohelicoidal-0-0-5w-c\/#breadcrumb","itemListElement":[{"@type":"ListItem","position":1,"name":"Inicio","item":"https:\/\/abaa.mx\/tienda\/"},{"@type":"ListItem","position":2,"name":"Tienda","item":"https:\/\/abaa.mx\/tienda\/"},{"@type":"ListItem","position":3,"name":"Dwyer a3000-0 presostato-man\u00f3metro fotohelicoidal (0-0.5&#8243;w.c.)"}]},{"@type":"WebSite","@id":"https:\/\/abaa.mx\/tienda\/#website","url":"https:\/\/abaa.mx\/tienda\/","name":"Abaa tienda online","description":"Instrumentos de medici\u00f3n","publisher":{"@id":"https:\/\/abaa.mx\/tienda\/#organization"},"potentialAction":[{"@type":"SearchAction","target":{"@type":"EntryPoint","urlTemplate":"https:\/\/abaa.mx\/tienda\/?s={search_term_string}"},"query-input":{"@type":"PropertyValueSpecification","valueRequired":true,"valueName":"search_term_string"}}],"inLanguage":"es"},{"@type":"Organization","@id":"https:\/\/abaa.mx\/tienda\/#organization","name":"Abaa tienda online","url":"https:\/\/abaa.mx\/tienda\/","logo":{"@type":"ImageObject","inLanguage":"es","@id":"https:\/\/abaa.mx\/tienda\/#\/schema\/logo\/image\/","url":"https:\/\/abaa.mx\/tienda\/wp-content\/uploads\/2024\/01\/abaa-metrologia-tienda.png","contentUrl":"https:\/\/abaa.mx\/tienda\/wp-content\/uploads\/2024\/01\/abaa-metrologia-tienda.png","width":300,"height":141,"caption":"Abaa tienda online"},"image":{"@id":"https:\/\/abaa.mx\/tienda\/#\/schema\/logo\/image\/"}}]}},"_links":{"self":[{"href":"https:\/\/abaa.mx\/tienda\/wp-json\/wp\/v2\/product\/3161","targetHints":{"allow":["GET"]}}],"collection":[{"href":"https:\/\/abaa.mx\/tienda\/wp-json\/wp\/v2\/product"}],"about":[{"href":"https:\/\/abaa.mx\/tienda\/wp-json\/wp\/v2\/types\/product"}],"replies":[{"embeddable":true,"href":"https:\/\/abaa.mx\/tienda\/wp-json\/wp\/v2\/comments?post=3161"}],"wp:featuredmedia":[{"embeddable":true,"href":"https:\/\/abaa.mx\/tienda\/wp-json\/wp\/v2\/media\/3170"}],"wp:attachment":[{"href":"https:\/\/abaa.mx\/tienda\/wp-json\/wp\/v2\/media?parent=3161"}],"wp:term":[{"taxonomy":"product_brand","embeddable":true,"href":"https:\/\/abaa.mx\/tienda\/wp-json\/wp\/v2\/product_brand?post=3161"},{"taxonomy":"product_cat","embeddable":true,"href":"https:\/\/abaa.mx\/tienda\/wp-json\/wp\/v2\/product_cat?post=3161"},{"taxonomy":"product_tag","embeddable":true,"href":"https:\/\/abaa.mx\/tienda\/wp-json\/wp\/v2\/product_tag?post=3161"}],"curies":[{"name":"wp","href":"https:\/\/api.w.org\/{rel}","templated":true}]}}