{"id":3153,"date":"2023-09-26T21:37:39","date_gmt":"2023-09-26T21:37:39","guid":{"rendered":"https:\/\/abaa.mx\/tienda\/?post_type=product&#038;p=3153"},"modified":"2023-11-27T14:51:39","modified_gmt":"2023-11-27T14:51:39","slug":"calibrador-de-presion-electrico-fluke-719pro-30g-30-psi-2-bar","status":"publish","type":"product","link":"https:\/\/abaa.mx\/tienda\/calibrador-de-presion-electrico-fluke-719pro-30g-30-psi-2-bar\/","title":{"rendered":"Calibrador de presi\u00f3n el\u00e9ctrico fluke 719pro-30g, 30 psi, 2 bar"},"content":{"rendered":"<p>Elimine la sobrepresurizaci\u00f3n y programe la presi\u00f3n objetivo para el bombeo con el l\u00edmite de la bomba del calibrador de presi\u00f3n. F\u00e1cil de usar y vers\u00e1til, el calibrador de presi\u00f3n cuenta con entradas para mA, voltaje, contactos de interruptor y una sonda RTD.<\/p>\n<p>&nbsp;<\/p>\n<p><strong>Bomba el\u00e9ctrica integrada: ahora hasta 300 psi, 20 bar<\/strong><\/p>\n<p>El calibrador de presi\u00f3n el\u00e9ctrico es la herramienta de prueba ideal para calibrar transmisores, presostatos y man\u00f3metros de alta precisi\u00f3n. La unidad incluye un calibrador de bucle de funcionamiento completo que obtiene, simula y mide se\u00f1ales mA y m\u00e1s. La gran pantalla retroiluminada muestra tres par\u00e1metros a la vez.<\/p>\n<p>&nbsp;<\/p>\n<p><strong>Funciones<\/strong><\/p>\n<ul>\n<li>Medici\u00f3n de presi\u00f3n desde sensor interno o externo.<\/li>\n<li>Valores de mA de origen\/simulados o medidos.<\/li>\n<li>Temperatura medida por sonda RTD opcional.<\/li>\n<li>Bomba el\u00e9ctrica para calibraci\u00f3n de presi\u00f3n con una sola mano.<\/li>\n<li>La mejor incertidumbre de medici\u00f3n de presi\u00f3n de su clase de 0.025%.<\/li>\n<li>Mida y obtenga mA con la mejor precisi\u00f3n de su clase del 0,015%.<\/li>\n<li>Vernier de ajuste de presi\u00f3n de precisi\u00f3n para una calibraci\u00f3n precisa de la presi\u00f3n.<\/li>\n<li>V\u00e1lvula de purga de velocidad de liberaci\u00f3n variable para un f\u00e1cil ajuste de la presi\u00f3n.<\/li>\n<li>L\u00edmite de bomba del calibrador de presi\u00f3n programable: elimina la sobrepresurizaci\u00f3n y permite al usuario programar las presiones objetivo para el bombeo.<\/li>\n<li>Pantalla programable de 3 niveles para una m\u00e1xima flexibilidad al mostrar la presi\u00f3n, la temperatura y los par\u00e1metros el\u00e9ctricos de su elecci\u00f3n.<\/li>\n<li>Retroiluminaci\u00f3n de la pantalla.<\/li>\n<li>Funci\u00f3n de amortiguaci\u00f3n, m\u00edn\/m\u00e1x. y % de error.<\/li>\n<li>Fuente mA con medici\u00f3n de presi\u00f3n simult\u00e1nea para probar v\u00e1lvulas e I\/Ps.<\/li>\n<li>Simular se\u00f1ales mA para solucionar problemas de bucles de 4-20 mA.<\/li>\n<li>Presostatos de prueba con funci\u00f3n de prueba de interruptor incorporada.<\/li>\n<li>Transmisores de potencia durante la prueba utilizando alimentaci\u00f3n de bucle de 24 V con medici\u00f3n simult\u00e1nea de mA.<\/li>\n<li>Medici\u00f3n de temperatura de precisi\u00f3n con la adici\u00f3n de una sonda RTD accesoria (disponible como opci\u00f3n).<\/li>\n<li>Los puertos de limpieza probados reducen los fallos de la bomba.<\/li>\n<li>La trampa de humedad incluida con la unidad ayuda a mitigar el riesgo de da\u00f1os por humedad.<\/li>\n<\/ul>\n<p>&nbsp;<\/p>\n<p><strong>Aplicaciones<\/strong><\/p>\n<ul>\n<li>Petroqu\u00edmica.<\/li>\n<li>Petr\u00f3leo y gas.<\/li>\n<li>Farmac\u00e9utico.<\/li>\n<li>Agua y aguas residuales.<\/li>\n<li>Alimentos y bebidas.<\/li>\n<li>Generaci\u00f3n de energ\u00eda.<\/li>\n<\/ul>\n<p>&nbsp;<\/p>\n<h4>Fluke 719PRO-30G Especificaciones<\/h4>\n<table class=\"table table-striped\">\n<tbody>\n<tr>\n<td colspan=\"2\"><strong>Presi\u00f3n<\/strong><\/td>\n<\/tr>\n<tr>\n<td>Gama<\/td>\n<td>-12 a 30 psi \/ -0.8 a 2 bar<\/td>\n<\/tr>\n<tr>\n<td>Resoluci\u00f3n<\/td>\n<td>0,001 psi, 0,0001 bar<\/td>\n<\/tr>\n<tr>\n<td>Exactitud<\/td>\n<td>\u00b10.025% de la escala completa, 6 meses \u00b1 0.035% de la escala completa, 1 a\u00f1o de aire seco y gas no corrosivo solamente<\/td>\n<\/tr>\n<tr>\n<td>Efecto de la temperatura<\/td>\n<td>Agregue \u00b1 0.002% F.S.\/\u00b0C para temperaturas fuera de 59 a 95\u00b0F (15 a 35\u00b0C)<br \/>\nSin efecto sobre la precisi\u00f3n en todas las funciones de 15 a 35\u00b0C<\/td>\n<\/tr>\n<tr>\n<td colspan=\"2\"><strong>mA DC (Simulaci\u00f3n y Medici\u00f3n)<\/strong><\/td>\n<\/tr>\n<tr>\n<td>Gama<\/td>\n<td>De 0 a 24 mA CC<\/td>\n<\/tr>\n<tr>\n<td>Resoluci\u00f3n<\/td>\n<td>0,001 mA<\/td>\n<\/tr>\n<tr>\n<td>Exactitud<\/td>\n<td>\u00b1 0.015% de lectura \u00b1 2 cuentas<\/td>\n<\/tr>\n<tr>\n<td>Carga m\u00e1xima en origen mA<\/td>\n<td>1000 \u03a9<\/td>\n<\/tr>\n<tr>\n<td>Voltaje m\u00e1ximo en mA Simular<\/td>\n<td>26 V CC<\/td>\n<\/tr>\n<tr>\n<td colspan=\"2\"><strong>Voltios DC (solo medici\u00f3n)<\/strong><\/td>\n<\/tr>\n<tr>\n<td>Gama<\/td>\n<td>30 V CC<\/td>\n<\/tr>\n<tr>\n<td>Resoluci\u00f3n<\/td>\n<td>0,001 V<\/td>\n<\/tr>\n<tr>\n<td>Exactitud<\/td>\n<td>\u00b1 0.015% de lectura \u00b1 2 cuentas<\/td>\n<\/tr>\n<tr>\n<td colspan=\"2\"><strong>Temperatura (solo medici\u00f3n, Pt100 RTD)<\/strong><\/td>\n<\/tr>\n<tr>\n<td>Gama<\/td>\n<td>-50 a 150 \u00b0C (-50 a 302 \u00b0F)<\/td>\n<\/tr>\n<tr>\n<td>Resoluci\u00f3n<\/td>\n<td>0.01 a 0.01\u00b0F<\/td>\n<\/tr>\n<tr>\n<td>Exactitud<\/td>\n<td>\u00b1 0.1\u00b0C (0.2\u00b0F)<\/td>\n<\/tr>\n<tr>\n<td colspan=\"2\"><strong>Fuente de alimentaci\u00f3n de bucle<\/strong><\/td>\n<\/tr>\n<tr>\n<td>Gama<\/td>\n<td>24 V CC<\/td>\n<\/tr>\n<tr>\n<td>Exactitud<\/td>\n<td>24 mA a 24 V<\/td>\n<\/tr>\n<tr>\n<td colspan=\"2\"><strong>Efecto de temperatura (todas las funciones)<\/strong><\/td>\n<\/tr>\n<tr>\n<td>Exactitud<\/td>\n<td>Agregue \u00b1 0.002% F.S.\/\u00b0C para temperaturas fuera de 15 a 35\u00b0C Sin efecto sobre la precisi\u00f3n en todas las funciones de 15 a 35 \u00b0C<\/td>\n<\/tr>\n<tr>\n<td colspan=\"2\"><strong>Conexiones<\/strong><\/td>\n<\/tr>\n<tr>\n<td>Presi\u00f3n<\/td>\n<td>1\/8&#8243; NPT hembra<\/td>\n<\/tr>\n<tr>\n<td>El\u00e9ctrico<\/td>\n<td>Gatos banana est\u00e1ndar<\/td>\n<\/tr>\n<tr>\n<td>IDT<\/td>\n<td>Circular miniatura de 4 pines<\/td>\n<\/tr>\n<tr>\n<td>M\u00f3dulo externo<\/td>\n<td>Circular miniatura de 6 pines<\/td>\n<\/tr>\n<tr>\n<td colspan=\"2\"><strong>Requisitos de alimentaci\u00f3n<\/strong><\/td>\n<\/tr>\n<tr>\n<td>Bater\u00eda<\/td>\n<td>8 pilas alcalinas AA est\u00e1ndar<\/td>\n<\/tr>\n<tr>\n<td>Duraci\u00f3n de la bater\u00eda<\/td>\n<td>300 ciclos de bomba a 150 PSI m\u00ednimo; 1000 ciclos de bomba a 30 psi; 100 ciclos de bomba a 300 psi m\u00ednimo<\/td>\n<\/tr>\n<tr>\n<td colspan=\"2\"><strong>F\u00edsico<\/strong><\/td>\n<\/tr>\n<tr>\n<td>Dimensiones<\/td>\n<td>9,5 x 4,4 x 2,8&#8243; (24,13 x 11,18 x 7 cm)<\/td>\n<\/tr>\n<tr>\n<td>Peso<\/td>\n<td>Con funda 2,5 lb (1,2 kg)<\/td>\n<\/tr>\n<\/tbody>\n<\/table>\n","protected":false},"excerpt":{"rendered":"<p class=\"short-description mhide ipad-view-setting\">Fuente, simule y mida se\u00f1ales mA con este calibrador de presi\u00f3n el\u00e9ctrico que cuenta con una bomba el\u00e9ctrica integrada para calibrar la presi\u00f3n con una sola mano hasta 30 psi. Ideal para calibrar transmisores, presostatos y man\u00f3metros de alta precisi\u00f3n, la unidad cuenta con una pantalla retroiluminada y un dise\u00f1o robusto y port\u00e1til.<\/p>\n","protected":false},"featured_media":3157,"comment_status":"open","ping_status":"closed","template":"","meta":{"_joinchat":[]},"product_brand":[],"product_cat":[15],"product_tag":[],"class_list":{"0":"post-3153","1":"product","2":"type-product","3":"status-publish","4":"has-post-thumbnail","6":"product_cat-sin-categorizar","8":"first","9":"instock","10":"shipping-taxable","11":"product-type-simple"},"yoast_head":"<!-- This site is optimized with the Yoast SEO plugin v26.4 - https:\/\/yoast.com\/wordpress\/plugins\/seo\/ -->\n<title>Calibrador de presi\u00f3n el\u00e9ctrico fluke 719pro-30g, 30 psi, 2 bar - Abaa tienda online<\/title>\n<meta name=\"robots\" content=\"index, follow, max-snippet:-1, max-image-preview:large, max-video-preview:-1\" \/>\n<link rel=\"canonical\" href=\"https:\/\/abaa.mx\/tienda\/calibrador-de-presion-electrico-fluke-719pro-30g-30-psi-2-bar\/\" \/>\n<meta property=\"og:locale\" content=\"es_MX\" \/>\n<meta property=\"og:type\" content=\"article\" \/>\n<meta property=\"og:title\" content=\"Calibrador de presi\u00f3n el\u00e9ctrico fluke 719pro-30g, 30 psi, 2 bar - Abaa tienda online\" \/>\n<meta property=\"og:description\" content=\"Fuente, simule y mida se\u00f1ales mA con este calibrador de presi\u00f3n el\u00e9ctrico que cuenta con una bomba el\u00e9ctrica integrada para calibrar la presi\u00f3n con una sola mano hasta 30 psi. Ideal para calibrar transmisores, presostatos y man\u00f3metros de alta precisi\u00f3n, la unidad cuenta con una pantalla retroiluminada y un dise\u00f1o robusto y port\u00e1til.\" \/>\n<meta property=\"og:url\" content=\"https:\/\/abaa.mx\/tienda\/calibrador-de-presion-electrico-fluke-719pro-30g-30-psi-2-bar\/\" \/>\n<meta property=\"og:site_name\" content=\"Abaa tienda online\" \/>\n<meta property=\"article:modified_time\" content=\"2023-11-27T14:51:39+00:00\" \/>\n<meta property=\"og:image\" content=\"https:\/\/abaa.mx\/tienda\/wp-content\/uploads\/2023\/09\/719-30G-1.jpg\" \/>\n\t<meta property=\"og:image:width\" content=\"1500\" \/>\n\t<meta property=\"og:image:height\" content=\"1000\" \/>\n\t<meta property=\"og:image:type\" content=\"image\/jpeg\" \/>\n<meta name=\"twitter:card\" content=\"summary_large_image\" \/>\n<meta name=\"twitter:label1\" content=\"Tiempo de lectura\" \/>\n\t<meta name=\"twitter:data1\" content=\"3 minutos\" \/>\n<script type=\"application\/ld+json\" class=\"yoast-schema-graph\">{\"@context\":\"https:\/\/schema.org\",\"@graph\":[{\"@type\":\"WebPage\",\"@id\":\"https:\/\/abaa.mx\/tienda\/calibrador-de-presion-electrico-fluke-719pro-30g-30-psi-2-bar\/\",\"url\":\"https:\/\/abaa.mx\/tienda\/calibrador-de-presion-electrico-fluke-719pro-30g-30-psi-2-bar\/\",\"name\":\"Calibrador de presi\u00f3n el\u00e9ctrico fluke 719pro-30g, 30 psi, 2 bar - Abaa tienda online\",\"isPartOf\":{\"@id\":\"https:\/\/abaa.mx\/tienda\/#website\"},\"primaryImageOfPage\":{\"@id\":\"https:\/\/abaa.mx\/tienda\/calibrador-de-presion-electrico-fluke-719pro-30g-30-psi-2-bar\/#primaryimage\"},\"image\":{\"@id\":\"https:\/\/abaa.mx\/tienda\/calibrador-de-presion-electrico-fluke-719pro-30g-30-psi-2-bar\/#primaryimage\"},\"thumbnailUrl\":\"https:\/\/abaa.mx\/tienda\/wp-content\/uploads\/2023\/09\/719-30G-1.jpg\",\"datePublished\":\"2023-09-26T21:37:39+00:00\",\"dateModified\":\"2023-11-27T14:51:39+00:00\",\"breadcrumb\":{\"@id\":\"https:\/\/abaa.mx\/tienda\/calibrador-de-presion-electrico-fluke-719pro-30g-30-psi-2-bar\/#breadcrumb\"},\"inLanguage\":\"es\",\"potentialAction\":[{\"@type\":\"ReadAction\",\"target\":[\"https:\/\/abaa.mx\/tienda\/calibrador-de-presion-electrico-fluke-719pro-30g-30-psi-2-bar\/\"]}]},{\"@type\":\"ImageObject\",\"inLanguage\":\"es\",\"@id\":\"https:\/\/abaa.mx\/tienda\/calibrador-de-presion-electrico-fluke-719pro-30g-30-psi-2-bar\/#primaryimage\",\"url\":\"https:\/\/abaa.mx\/tienda\/wp-content\/uploads\/2023\/09\/719-30G-1.jpg\",\"contentUrl\":\"https:\/\/abaa.mx\/tienda\/wp-content\/uploads\/2023\/09\/719-30G-1.jpg\",\"width\":1500,\"height\":1000,\"caption\":\"fluke-719pro-30g-30-psi-2-bar\"},{\"@type\":\"BreadcrumbList\",\"@id\":\"https:\/\/abaa.mx\/tienda\/calibrador-de-presion-electrico-fluke-719pro-30g-30-psi-2-bar\/#breadcrumb\",\"itemListElement\":[{\"@type\":\"ListItem\",\"position\":1,\"name\":\"Inicio\",\"item\":\"https:\/\/abaa.mx\/tienda\/\"},{\"@type\":\"ListItem\",\"position\":2,\"name\":\"Tienda\",\"item\":\"https:\/\/abaa.mx\/tienda\/\"},{\"@type\":\"ListItem\",\"position\":3,\"name\":\"Calibrador de presi\u00f3n el\u00e9ctrico fluke 719pro-30g, 30 psi, 2 bar\"}]},{\"@type\":\"WebSite\",\"@id\":\"https:\/\/abaa.mx\/tienda\/#website\",\"url\":\"https:\/\/abaa.mx\/tienda\/\",\"name\":\"Abaa tienda online\",\"description\":\"Instrumentos de medici\u00f3n\",\"publisher\":{\"@id\":\"https:\/\/abaa.mx\/tienda\/#organization\"},\"potentialAction\":[{\"@type\":\"SearchAction\",\"target\":{\"@type\":\"EntryPoint\",\"urlTemplate\":\"https:\/\/abaa.mx\/tienda\/?s={search_term_string}\"},\"query-input\":{\"@type\":\"PropertyValueSpecification\",\"valueRequired\":true,\"valueName\":\"search_term_string\"}}],\"inLanguage\":\"es\"},{\"@type\":\"Organization\",\"@id\":\"https:\/\/abaa.mx\/tienda\/#organization\",\"name\":\"Abaa tienda online\",\"url\":\"https:\/\/abaa.mx\/tienda\/\",\"logo\":{\"@type\":\"ImageObject\",\"inLanguage\":\"es\",\"@id\":\"https:\/\/abaa.mx\/tienda\/#\/schema\/logo\/image\/\",\"url\":\"https:\/\/abaa.mx\/tienda\/wp-content\/uploads\/2024\/01\/abaa-metrologia-tienda.png\",\"contentUrl\":\"https:\/\/abaa.mx\/tienda\/wp-content\/uploads\/2024\/01\/abaa-metrologia-tienda.png\",\"width\":300,\"height\":141,\"caption\":\"Abaa tienda online\"},\"image\":{\"@id\":\"https:\/\/abaa.mx\/tienda\/#\/schema\/logo\/image\/\"}}]}<\/script>\n<!-- \/ Yoast SEO plugin. -->","yoast_head_json":{"title":"Calibrador de presi\u00f3n el\u00e9ctrico fluke 719pro-30g, 30 psi, 2 bar - Abaa tienda online","robots":{"index":"index","follow":"follow","max-snippet":"max-snippet:-1","max-image-preview":"max-image-preview:large","max-video-preview":"max-video-preview:-1"},"canonical":"https:\/\/abaa.mx\/tienda\/calibrador-de-presion-electrico-fluke-719pro-30g-30-psi-2-bar\/","og_locale":"es_MX","og_type":"article","og_title":"Calibrador de presi\u00f3n el\u00e9ctrico fluke 719pro-30g, 30 psi, 2 bar - Abaa tienda online","og_description":"Fuente, simule y mida se\u00f1ales mA con este calibrador de presi\u00f3n el\u00e9ctrico que cuenta con una bomba el\u00e9ctrica integrada para calibrar la presi\u00f3n con una sola mano hasta 30 psi. Ideal para calibrar transmisores, presostatos y man\u00f3metros de alta precisi\u00f3n, la unidad cuenta con una pantalla retroiluminada y un dise\u00f1o robusto y port\u00e1til.","og_url":"https:\/\/abaa.mx\/tienda\/calibrador-de-presion-electrico-fluke-719pro-30g-30-psi-2-bar\/","og_site_name":"Abaa tienda online","article_modified_time":"2023-11-27T14:51:39+00:00","og_image":[{"width":1500,"height":1000,"url":"https:\/\/abaa.mx\/tienda\/wp-content\/uploads\/2023\/09\/719-30G-1.jpg","type":"image\/jpeg"}],"twitter_card":"summary_large_image","twitter_misc":{"Tiempo de lectura":"3 minutos"},"schema":{"@context":"https:\/\/schema.org","@graph":[{"@type":"WebPage","@id":"https:\/\/abaa.mx\/tienda\/calibrador-de-presion-electrico-fluke-719pro-30g-30-psi-2-bar\/","url":"https:\/\/abaa.mx\/tienda\/calibrador-de-presion-electrico-fluke-719pro-30g-30-psi-2-bar\/","name":"Calibrador de presi\u00f3n el\u00e9ctrico fluke 719pro-30g, 30 psi, 2 bar - Abaa tienda online","isPartOf":{"@id":"https:\/\/abaa.mx\/tienda\/#website"},"primaryImageOfPage":{"@id":"https:\/\/abaa.mx\/tienda\/calibrador-de-presion-electrico-fluke-719pro-30g-30-psi-2-bar\/#primaryimage"},"image":{"@id":"https:\/\/abaa.mx\/tienda\/calibrador-de-presion-electrico-fluke-719pro-30g-30-psi-2-bar\/#primaryimage"},"thumbnailUrl":"https:\/\/abaa.mx\/tienda\/wp-content\/uploads\/2023\/09\/719-30G-1.jpg","datePublished":"2023-09-26T21:37:39+00:00","dateModified":"2023-11-27T14:51:39+00:00","breadcrumb":{"@id":"https:\/\/abaa.mx\/tienda\/calibrador-de-presion-electrico-fluke-719pro-30g-30-psi-2-bar\/#breadcrumb"},"inLanguage":"es","potentialAction":[{"@type":"ReadAction","target":["https:\/\/abaa.mx\/tienda\/calibrador-de-presion-electrico-fluke-719pro-30g-30-psi-2-bar\/"]}]},{"@type":"ImageObject","inLanguage":"es","@id":"https:\/\/abaa.mx\/tienda\/calibrador-de-presion-electrico-fluke-719pro-30g-30-psi-2-bar\/#primaryimage","url":"https:\/\/abaa.mx\/tienda\/wp-content\/uploads\/2023\/09\/719-30G-1.jpg","contentUrl":"https:\/\/abaa.mx\/tienda\/wp-content\/uploads\/2023\/09\/719-30G-1.jpg","width":1500,"height":1000,"caption":"fluke-719pro-30g-30-psi-2-bar"},{"@type":"BreadcrumbList","@id":"https:\/\/abaa.mx\/tienda\/calibrador-de-presion-electrico-fluke-719pro-30g-30-psi-2-bar\/#breadcrumb","itemListElement":[{"@type":"ListItem","position":1,"name":"Inicio","item":"https:\/\/abaa.mx\/tienda\/"},{"@type":"ListItem","position":2,"name":"Tienda","item":"https:\/\/abaa.mx\/tienda\/"},{"@type":"ListItem","position":3,"name":"Calibrador de presi\u00f3n el\u00e9ctrico fluke 719pro-30g, 30 psi, 2 bar"}]},{"@type":"WebSite","@id":"https:\/\/abaa.mx\/tienda\/#website","url":"https:\/\/abaa.mx\/tienda\/","name":"Abaa tienda online","description":"Instrumentos de medici\u00f3n","publisher":{"@id":"https:\/\/abaa.mx\/tienda\/#organization"},"potentialAction":[{"@type":"SearchAction","target":{"@type":"EntryPoint","urlTemplate":"https:\/\/abaa.mx\/tienda\/?s={search_term_string}"},"query-input":{"@type":"PropertyValueSpecification","valueRequired":true,"valueName":"search_term_string"}}],"inLanguage":"es"},{"@type":"Organization","@id":"https:\/\/abaa.mx\/tienda\/#organization","name":"Abaa tienda online","url":"https:\/\/abaa.mx\/tienda\/","logo":{"@type":"ImageObject","inLanguage":"es","@id":"https:\/\/abaa.mx\/tienda\/#\/schema\/logo\/image\/","url":"https:\/\/abaa.mx\/tienda\/wp-content\/uploads\/2024\/01\/abaa-metrologia-tienda.png","contentUrl":"https:\/\/abaa.mx\/tienda\/wp-content\/uploads\/2024\/01\/abaa-metrologia-tienda.png","width":300,"height":141,"caption":"Abaa tienda online"},"image":{"@id":"https:\/\/abaa.mx\/tienda\/#\/schema\/logo\/image\/"}}]}},"_links":{"self":[{"href":"https:\/\/abaa.mx\/tienda\/wp-json\/wp\/v2\/product\/3153","targetHints":{"allow":["GET"]}}],"collection":[{"href":"https:\/\/abaa.mx\/tienda\/wp-json\/wp\/v2\/product"}],"about":[{"href":"https:\/\/abaa.mx\/tienda\/wp-json\/wp\/v2\/types\/product"}],"replies":[{"embeddable":true,"href":"https:\/\/abaa.mx\/tienda\/wp-json\/wp\/v2\/comments?post=3153"}],"wp:featuredmedia":[{"embeddable":true,"href":"https:\/\/abaa.mx\/tienda\/wp-json\/wp\/v2\/media\/3157"}],"wp:attachment":[{"href":"https:\/\/abaa.mx\/tienda\/wp-json\/wp\/v2\/media?parent=3153"}],"wp:term":[{"taxonomy":"product_brand","embeddable":true,"href":"https:\/\/abaa.mx\/tienda\/wp-json\/wp\/v2\/product_brand?post=3153"},{"taxonomy":"product_cat","embeddable":true,"href":"https:\/\/abaa.mx\/tienda\/wp-json\/wp\/v2\/product_cat?post=3153"},{"taxonomy":"product_tag","embeddable":true,"href":"https:\/\/abaa.mx\/tienda\/wp-json\/wp\/v2\/product_tag?post=3153"}],"curies":[{"name":"wp","href":"https:\/\/api.w.org\/{rel}","templated":true}]}}