{"id":3143,"date":"2023-09-26T20:58:45","date_gmt":"2023-09-26T20:58:45","guid":{"rendered":"https:\/\/abaa.mx\/tienda\/?post_type=product&#038;p=3143"},"modified":"2023-12-06T19:56:26","modified_gmt":"2023-12-06T19:56:26","slug":"dwyer-3005mr-interruptor-manometro-diferencial-fotohelico-0-5-0-w-c","status":"publish","type":"product","link":"https:\/\/abaa.mx\/tienda\/dwyer-3005mr-interruptor-manometro-diferencial-fotohelico-0-5-0-w-c\/","title":{"rendered":"Dwyer 3005MR Interruptor-man\u00f3metro diferencial fotoh\u00e9lico (0-5.0 &#8220;w.c.)"},"content":{"rendered":"<p>Combine las funciones de un presostato diferencial preciso y altamente repetible con un man\u00f3metro anal\u00f3gico grande y f\u00e1cil de leer que emplea el dise\u00f1o duradero y probado del medidor Magnehelic. Rel\u00e9s electromec\u00e1nicos vers\u00e1tiles con contactos dorados sobre plateados, ideales para circuitos secos.<\/p>\n<div class=\"span10\">\n<div class=\"mhide ipad-view-setting\">\n<div class=\"row-fluid ProductTabs\">\n<div class=\"span12\">\n<div class=\"tab-content\">\n<div id=\"tab0\" class=\"product-tabs tab-pane active\">\n<h4>Dwyer 3005MR Photohelic, Switch\/Gauge 0 to 5 in W.C.<\/h4>\n<p>Utilizando tecnolog\u00eda de estado s\u00f3lido, los interruptores fotohelicoidales de las series 3000MR y 3000MRS combinan las funciones de un presostato diferencial preciso y altamente repetible con un man\u00f3metro anal\u00f3gico grande y f\u00e1cil de leer que emplea el dise\u00f1o duradero y probado del man\u00f3metro Magnehelic. La configuraci\u00f3n del interruptor es f\u00e1cil de ajustar con grandes perillas externas en la cara del indicador. La lectura del medidor no se ve afectada por la operaci\u00f3n del interruptor: indicar\u00e1 con precisi\u00f3n incluso si se interrumpe la alimentaci\u00f3n. El dise\u00f1o de estado s\u00f3lido ahora resulta en un tama\u00f1o y peso muy reducidos. Las unidades pueden montarse empotrados en un orificio de 4-13\/16&#8243; (122 mm) o montarse en superficie con hardware suministrado. Los modelos 3000MR emplean rel\u00e9s electromec\u00e1nicos vers\u00e1tiles con contactos de oro sobre plata, ideales para circuitos secos. Para aplicaciones que requieren altas velocidades de ciclo, elija modelos 3000MRS con rel\u00e9s de estado s\u00f3lido SPST (N.O.). Todos los modelos proporcionan control de l\u00edmite bajo y alto e incluyen conjuntos de cables de 18 pulgadas (45 cm) para conexiones el\u00e9ctricas.<\/p>\n<p>La precisi\u00f3n del medidor es del \u00b12% de la escala completa y la repetibilidad del interruptor es del \u00b11%. La banda muerta del conmutador es un ancho de puntero, menos del 1% de la escala completa. Compatibles con el aire y otros gases no combustibles y no corrosivos, se pueden utilizar en sistemas con presiones de hasta 25 psig (1.725 bar).<\/p>\n<p>Rango 0-5&#8243; W.C., .10 divisiones menores<\/p>\n<div class=\"span10\">\n<div class=\"mhide ipad-view-setting\">\n<div class=\"row-fluid ProductTabs\">\n<div class=\"span12\">\n<div class=\"tab-content\">\n<div id=\"tab1\" class=\"product-tabs tab-pane active\">\n<h4>Dwyer 3005MR Especificaciones<\/h4>\n<table class=\"table table-striped\">\n<tbody>\n<tr>\n<td colspan=\"2\"><strong>Especificaciones del conmutador 3000MR<\/strong><\/td>\n<\/tr>\n<tr>\n<td>Tipo de interruptor<\/td>\n<td>Cada punto de consigna tiene 1 forma C de rel\u00e9s (SPDT)<\/td>\n<\/tr>\n<tr>\n<td>Contactos de retransmisi\u00f3n<\/td>\n<td>(Carga resistiva) 1 forma C clasificada 1.0 A a 30 VCC 0.3 A a 110 VCC<\/p>\n<p>O 0.5 A a 125 VCA<br \/>\nOro sobre plata revestida &#8211; adecuado para circuitos secos<\/td>\n<\/tr>\n<tr>\n<td>Conexiones el\u00e9ctricas<\/td>\n<td>Conjunto de cable de 18&#8243; (46 cm) con 8 conductores<br \/>\nLongitudes opcionales de hasta 100,30 m (5 pies)<\/td>\n<\/tr>\n<tr>\n<td>Requisitos de alimentaci\u00f3n<\/td>\n<td>24 VCC, regulado \u00b110%<\/td>\n<\/tr>\n<tr>\n<td>Orientaci\u00f3n de montaje<\/td>\n<td>Diafragma en posici\u00f3n vertical<\/td>\n<\/tr>\n<tr>\n<td>Ajuste del punto de ajuste<\/td>\n<td>Perillas ajustables en la cara<\/td>\n<\/tr>\n<tr>\n<td>Aprobaciones de agencias<\/td>\n<td>Despu\u00e9s de Cristo<\/td>\n<\/tr>\n<tr>\n<td colspan=\"2\"><strong>Especificaciones del interruptor 3000MRS<\/strong><\/td>\n<\/tr>\n<tr>\n<td>Tipo de interruptor<\/td>\n<td>Cada punto de ajuste tiene un rel\u00e9 de estado s\u00f3lido<\/td>\n<\/tr>\n<tr>\n<td>Voltaje de conmutaci\u00f3n<\/td>\n<td>20 a 280 VCA (47 a 63 Hz)<\/td>\n<\/tr>\n<tr>\n<td>Corriente de conmutaci\u00f3n<\/td>\n<td>1,0 amperios (CA) m\u00e1ximo<br \/>\n0,01 mA (CA) m\u00ednimo<br \/>\n(2) SPST NO<\/td>\n<\/tr>\n<tr>\n<td>Conexiones el\u00e9ctricas<\/td>\n<td>Conjunto de cable de 18&#8243; (46 cm) con 6 conductores<br \/>\nLongitudes opcionales de hasta 100,30 m (5 pies)<\/td>\n<\/tr>\n<tr>\n<td>Requisitos de alimentaci\u00f3n<\/td>\n<td>24 VCC, regulado \u00b110%<\/td>\n<\/tr>\n<tr>\n<td>Orientaci\u00f3n de montaje<\/td>\n<td>Diafragma en posici\u00f3n vertical<\/td>\n<\/tr>\n<tr>\n<td>Ajuste del punto de ajuste<\/td>\n<td>Perillas ajustables en la cara<\/td>\n<\/tr>\n<tr>\n<td>Aprobaciones de agencias<\/td>\n<td>Despu\u00e9s de Cristo<\/td>\n<\/tr>\n<tr>\n<td colspan=\"2\"><strong>Especificaciones del medidor<\/strong><\/td>\n<\/tr>\n<tr>\n<td>Servicio<\/td>\n<td>Aire y gases no combustibles, compatibles<\/td>\n<\/tr>\n<tr>\n<td>Exactitud<\/td>\n<td>\u00b12% de FS (3000-0 \u00b13% de FS) (3000-00 \u00b14% de FS)<\/td>\n<\/tr>\n<tr>\n<td>L\u00edmite de presi\u00f3n<\/td>\n<td>-20&#8243; Hg a 25 psig (-0.677 bar a 1.72 bar) Opci\u00f3n MP: 35 psig (2.41 bar) Opci\u00f3n HP: 80 psig (5.52 bar)<\/td>\n<\/tr>\n<tr>\n<td>L\u00edmites de temperatura<\/td>\n<td>20 a 120\u00b0F (-6.67 a 48.9\u00b0C)<\/td>\n<\/tr>\n<tr>\n<td>Conexiones de proceso<\/td>\n<td>1\/8&#8243; NPT hembra (lado y espalda duplicados)<\/td>\n<\/tr>\n<tr>\n<td>Dimensiones<\/td>\n<td>Esfera<br \/>\nde 4&#8243; (101,6 mm) 5 x 3\/127&#8243; (79 x 38,&lt;&gt; mm)<\/td>\n<\/tr>\n<tr>\n<td>Peso<\/td>\n<td>1,8 libras (816 g)<\/td>\n<\/tr>\n<\/tbody>\n<\/table>\n<\/div>\n<\/div>\n<\/div>\n<\/div>\n<\/div>\n<\/div>\n<\/div>\n<\/div>\n<\/div>\n<\/div>\n<\/div>\n<\/div>\n","protected":false},"excerpt":{"rendered":"<p>Combine las funciones de un presostato diferencial preciso y altamente repetible con un man\u00f3metro anal\u00f3gico grande y f\u00e1cil de leer que emplea el dise\u00f1o duradero y probado del medidor Magnehelic. Rel\u00e9s electromec\u00e1nicos vers\u00e1tiles con contactos dorados sobre plateados, ideales para circuitos secos.<\/p>\n<p>&nbsp;<\/p>\n","protected":false},"featured_media":3144,"comment_status":"open","ping_status":"closed","template":"","meta":{"_joinchat":[]},"product_brand":[],"product_cat":[15],"product_tag":[],"class_list":{"0":"post-3143","1":"product","2":"type-product","3":"status-publish","4":"has-post-thumbnail","6":"product_cat-sin-categorizar","8":"first","9":"instock","10":"shipping-taxable","11":"product-type-simple"},"yoast_head":"<!-- This site is optimized with the Yoast SEO plugin v26.4 - https:\/\/yoast.com\/wordpress\/plugins\/seo\/ -->\n<title>Dwyer 3005MR Interruptor-man\u00f3metro diferencial fotoh\u00e9lico (0-5.0 &quot;w.c.) - Abaa tienda online<\/title>\n<meta name=\"robots\" content=\"index, follow, max-snippet:-1, max-image-preview:large, max-video-preview:-1\" \/>\n<link rel=\"canonical\" href=\"https:\/\/abaa.mx\/tienda\/dwyer-3005mr-interruptor-manometro-diferencial-fotohelico-0-5-0-w-c\/\" \/>\n<meta property=\"og:locale\" content=\"es_MX\" \/>\n<meta property=\"og:type\" content=\"article\" \/>\n<meta property=\"og:title\" content=\"Dwyer 3005MR Interruptor-man\u00f3metro diferencial fotoh\u00e9lico (0-5.0 &quot;w.c.) - Abaa tienda online\" \/>\n<meta property=\"og:description\" content=\"Combine las funciones de un presostato diferencial preciso y altamente repetible con un man\u00f3metro anal\u00f3gico grande y f\u00e1cil de leer que emplea el dise\u00f1o duradero y probado del medidor Magnehelic. Rel\u00e9s electromec\u00e1nicos vers\u00e1tiles con contactos dorados sobre plateados, ideales para circuitos secos.  &nbsp;\" \/>\n<meta property=\"og:url\" content=\"https:\/\/abaa.mx\/tienda\/dwyer-3005mr-interruptor-manometro-diferencial-fotohelico-0-5-0-w-c\/\" \/>\n<meta property=\"og:site_name\" content=\"Abaa tienda online\" \/>\n<meta property=\"article:modified_time\" content=\"2023-12-06T19:56:26+00:00\" \/>\n<meta property=\"og:image\" content=\"https:\/\/abaa.mx\/tienda\/wp-content\/uploads\/2023\/09\/3005MR.jpg\" \/>\n\t<meta property=\"og:image:width\" content=\"270\" \/>\n\t<meta property=\"og:image:height\" content=\"270\" \/>\n\t<meta property=\"og:image:type\" content=\"image\/jpeg\" \/>\n<meta name=\"twitter:card\" content=\"summary_large_image\" \/>\n<meta name=\"twitter:label1\" content=\"Tiempo de lectura\" \/>\n\t<meta name=\"twitter:data1\" content=\"3 minutos\" \/>\n<script type=\"application\/ld+json\" class=\"yoast-schema-graph\">{\"@context\":\"https:\/\/schema.org\",\"@graph\":[{\"@type\":\"WebPage\",\"@id\":\"https:\/\/abaa.mx\/tienda\/dwyer-3005mr-interruptor-manometro-diferencial-fotohelico-0-5-0-w-c\/\",\"url\":\"https:\/\/abaa.mx\/tienda\/dwyer-3005mr-interruptor-manometro-diferencial-fotohelico-0-5-0-w-c\/\",\"name\":\"Dwyer 3005MR Interruptor-man\u00f3metro diferencial fotoh\u00e9lico (0-5.0 \\\"w.c.) - Abaa tienda online\",\"isPartOf\":{\"@id\":\"https:\/\/abaa.mx\/tienda\/#website\"},\"primaryImageOfPage\":{\"@id\":\"https:\/\/abaa.mx\/tienda\/dwyer-3005mr-interruptor-manometro-diferencial-fotohelico-0-5-0-w-c\/#primaryimage\"},\"image\":{\"@id\":\"https:\/\/abaa.mx\/tienda\/dwyer-3005mr-interruptor-manometro-diferencial-fotohelico-0-5-0-w-c\/#primaryimage\"},\"thumbnailUrl\":\"https:\/\/abaa.mx\/tienda\/wp-content\/uploads\/2023\/09\/3005MR.jpg\",\"datePublished\":\"2023-09-26T20:58:45+00:00\",\"dateModified\":\"2023-12-06T19:56:26+00:00\",\"breadcrumb\":{\"@id\":\"https:\/\/abaa.mx\/tienda\/dwyer-3005mr-interruptor-manometro-diferencial-fotohelico-0-5-0-w-c\/#breadcrumb\"},\"inLanguage\":\"es\",\"potentialAction\":[{\"@type\":\"ReadAction\",\"target\":[\"https:\/\/abaa.mx\/tienda\/dwyer-3005mr-interruptor-manometro-diferencial-fotohelico-0-5-0-w-c\/\"]}]},{\"@type\":\"ImageObject\",\"inLanguage\":\"es\",\"@id\":\"https:\/\/abaa.mx\/tienda\/dwyer-3005mr-interruptor-manometro-diferencial-fotohelico-0-5-0-w-c\/#primaryimage\",\"url\":\"https:\/\/abaa.mx\/tienda\/wp-content\/uploads\/2023\/09\/3005MR.jpg\",\"contentUrl\":\"https:\/\/abaa.mx\/tienda\/wp-content\/uploads\/2023\/09\/3005MR.jpg\",\"width\":270,\"height\":270,\"caption\":\"3005MR\"},{\"@type\":\"BreadcrumbList\",\"@id\":\"https:\/\/abaa.mx\/tienda\/dwyer-3005mr-interruptor-manometro-diferencial-fotohelico-0-5-0-w-c\/#breadcrumb\",\"itemListElement\":[{\"@type\":\"ListItem\",\"position\":1,\"name\":\"Inicio\",\"item\":\"https:\/\/abaa.mx\/tienda\/\"},{\"@type\":\"ListItem\",\"position\":2,\"name\":\"Tienda\",\"item\":\"https:\/\/abaa.mx\/tienda\/\"},{\"@type\":\"ListItem\",\"position\":3,\"name\":\"Dwyer 3005MR Interruptor-man\u00f3metro diferencial fotoh\u00e9lico (0-5.0 &#8220;w.c.)\"}]},{\"@type\":\"WebSite\",\"@id\":\"https:\/\/abaa.mx\/tienda\/#website\",\"url\":\"https:\/\/abaa.mx\/tienda\/\",\"name\":\"Abaa tienda online\",\"description\":\"Instrumentos de medici\u00f3n\",\"publisher\":{\"@id\":\"https:\/\/abaa.mx\/tienda\/#organization\"},\"potentialAction\":[{\"@type\":\"SearchAction\",\"target\":{\"@type\":\"EntryPoint\",\"urlTemplate\":\"https:\/\/abaa.mx\/tienda\/?s={search_term_string}\"},\"query-input\":{\"@type\":\"PropertyValueSpecification\",\"valueRequired\":true,\"valueName\":\"search_term_string\"}}],\"inLanguage\":\"es\"},{\"@type\":\"Organization\",\"@id\":\"https:\/\/abaa.mx\/tienda\/#organization\",\"name\":\"Abaa tienda online\",\"url\":\"https:\/\/abaa.mx\/tienda\/\",\"logo\":{\"@type\":\"ImageObject\",\"inLanguage\":\"es\",\"@id\":\"https:\/\/abaa.mx\/tienda\/#\/schema\/logo\/image\/\",\"url\":\"https:\/\/abaa.mx\/tienda\/wp-content\/uploads\/2024\/01\/abaa-metrologia-tienda.png\",\"contentUrl\":\"https:\/\/abaa.mx\/tienda\/wp-content\/uploads\/2024\/01\/abaa-metrologia-tienda.png\",\"width\":300,\"height\":141,\"caption\":\"Abaa tienda online\"},\"image\":{\"@id\":\"https:\/\/abaa.mx\/tienda\/#\/schema\/logo\/image\/\"}}]}<\/script>\n<!-- \/ Yoast SEO plugin. -->","yoast_head_json":{"title":"Dwyer 3005MR Interruptor-man\u00f3metro diferencial fotoh\u00e9lico (0-5.0 \"w.c.) - Abaa tienda online","robots":{"index":"index","follow":"follow","max-snippet":"max-snippet:-1","max-image-preview":"max-image-preview:large","max-video-preview":"max-video-preview:-1"},"canonical":"https:\/\/abaa.mx\/tienda\/dwyer-3005mr-interruptor-manometro-diferencial-fotohelico-0-5-0-w-c\/","og_locale":"es_MX","og_type":"article","og_title":"Dwyer 3005MR Interruptor-man\u00f3metro diferencial fotoh\u00e9lico (0-5.0 \"w.c.) - Abaa tienda online","og_description":"Combine las funciones de un presostato diferencial preciso y altamente repetible con un man\u00f3metro anal\u00f3gico grande y f\u00e1cil de leer que emplea el dise\u00f1o duradero y probado del medidor Magnehelic. Rel\u00e9s electromec\u00e1nicos vers\u00e1tiles con contactos dorados sobre plateados, ideales para circuitos secos.  &nbsp;","og_url":"https:\/\/abaa.mx\/tienda\/dwyer-3005mr-interruptor-manometro-diferencial-fotohelico-0-5-0-w-c\/","og_site_name":"Abaa tienda online","article_modified_time":"2023-12-06T19:56:26+00:00","og_image":[{"width":270,"height":270,"url":"https:\/\/abaa.mx\/tienda\/wp-content\/uploads\/2023\/09\/3005MR.jpg","type":"image\/jpeg"}],"twitter_card":"summary_large_image","twitter_misc":{"Tiempo de lectura":"3 minutos"},"schema":{"@context":"https:\/\/schema.org","@graph":[{"@type":"WebPage","@id":"https:\/\/abaa.mx\/tienda\/dwyer-3005mr-interruptor-manometro-diferencial-fotohelico-0-5-0-w-c\/","url":"https:\/\/abaa.mx\/tienda\/dwyer-3005mr-interruptor-manometro-diferencial-fotohelico-0-5-0-w-c\/","name":"Dwyer 3005MR Interruptor-man\u00f3metro diferencial fotoh\u00e9lico (0-5.0 \"w.c.) - Abaa tienda online","isPartOf":{"@id":"https:\/\/abaa.mx\/tienda\/#website"},"primaryImageOfPage":{"@id":"https:\/\/abaa.mx\/tienda\/dwyer-3005mr-interruptor-manometro-diferencial-fotohelico-0-5-0-w-c\/#primaryimage"},"image":{"@id":"https:\/\/abaa.mx\/tienda\/dwyer-3005mr-interruptor-manometro-diferencial-fotohelico-0-5-0-w-c\/#primaryimage"},"thumbnailUrl":"https:\/\/abaa.mx\/tienda\/wp-content\/uploads\/2023\/09\/3005MR.jpg","datePublished":"2023-09-26T20:58:45+00:00","dateModified":"2023-12-06T19:56:26+00:00","breadcrumb":{"@id":"https:\/\/abaa.mx\/tienda\/dwyer-3005mr-interruptor-manometro-diferencial-fotohelico-0-5-0-w-c\/#breadcrumb"},"inLanguage":"es","potentialAction":[{"@type":"ReadAction","target":["https:\/\/abaa.mx\/tienda\/dwyer-3005mr-interruptor-manometro-diferencial-fotohelico-0-5-0-w-c\/"]}]},{"@type":"ImageObject","inLanguage":"es","@id":"https:\/\/abaa.mx\/tienda\/dwyer-3005mr-interruptor-manometro-diferencial-fotohelico-0-5-0-w-c\/#primaryimage","url":"https:\/\/abaa.mx\/tienda\/wp-content\/uploads\/2023\/09\/3005MR.jpg","contentUrl":"https:\/\/abaa.mx\/tienda\/wp-content\/uploads\/2023\/09\/3005MR.jpg","width":270,"height":270,"caption":"3005MR"},{"@type":"BreadcrumbList","@id":"https:\/\/abaa.mx\/tienda\/dwyer-3005mr-interruptor-manometro-diferencial-fotohelico-0-5-0-w-c\/#breadcrumb","itemListElement":[{"@type":"ListItem","position":1,"name":"Inicio","item":"https:\/\/abaa.mx\/tienda\/"},{"@type":"ListItem","position":2,"name":"Tienda","item":"https:\/\/abaa.mx\/tienda\/"},{"@type":"ListItem","position":3,"name":"Dwyer 3005MR Interruptor-man\u00f3metro diferencial fotoh\u00e9lico (0-5.0 &#8220;w.c.)"}]},{"@type":"WebSite","@id":"https:\/\/abaa.mx\/tienda\/#website","url":"https:\/\/abaa.mx\/tienda\/","name":"Abaa tienda online","description":"Instrumentos de medici\u00f3n","publisher":{"@id":"https:\/\/abaa.mx\/tienda\/#organization"},"potentialAction":[{"@type":"SearchAction","target":{"@type":"EntryPoint","urlTemplate":"https:\/\/abaa.mx\/tienda\/?s={search_term_string}"},"query-input":{"@type":"PropertyValueSpecification","valueRequired":true,"valueName":"search_term_string"}}],"inLanguage":"es"},{"@type":"Organization","@id":"https:\/\/abaa.mx\/tienda\/#organization","name":"Abaa tienda online","url":"https:\/\/abaa.mx\/tienda\/","logo":{"@type":"ImageObject","inLanguage":"es","@id":"https:\/\/abaa.mx\/tienda\/#\/schema\/logo\/image\/","url":"https:\/\/abaa.mx\/tienda\/wp-content\/uploads\/2024\/01\/abaa-metrologia-tienda.png","contentUrl":"https:\/\/abaa.mx\/tienda\/wp-content\/uploads\/2024\/01\/abaa-metrologia-tienda.png","width":300,"height":141,"caption":"Abaa tienda online"},"image":{"@id":"https:\/\/abaa.mx\/tienda\/#\/schema\/logo\/image\/"}}]}},"_links":{"self":[{"href":"https:\/\/abaa.mx\/tienda\/wp-json\/wp\/v2\/product\/3143","targetHints":{"allow":["GET"]}}],"collection":[{"href":"https:\/\/abaa.mx\/tienda\/wp-json\/wp\/v2\/product"}],"about":[{"href":"https:\/\/abaa.mx\/tienda\/wp-json\/wp\/v2\/types\/product"}],"replies":[{"embeddable":true,"href":"https:\/\/abaa.mx\/tienda\/wp-json\/wp\/v2\/comments?post=3143"}],"wp:featuredmedia":[{"embeddable":true,"href":"https:\/\/abaa.mx\/tienda\/wp-json\/wp\/v2\/media\/3144"}],"wp:attachment":[{"href":"https:\/\/abaa.mx\/tienda\/wp-json\/wp\/v2\/media?parent=3143"}],"wp:term":[{"taxonomy":"product_brand","embeddable":true,"href":"https:\/\/abaa.mx\/tienda\/wp-json\/wp\/v2\/product_brand?post=3143"},{"taxonomy":"product_cat","embeddable":true,"href":"https:\/\/abaa.mx\/tienda\/wp-json\/wp\/v2\/product_cat?post=3143"},{"taxonomy":"product_tag","embeddable":true,"href":"https:\/\/abaa.mx\/tienda\/wp-json\/wp\/v2\/product_tag?post=3143"}],"curies":[{"name":"wp","href":"https:\/\/api.w.org\/{rel}","templated":true}]}}