{"id":3135,"date":"2023-09-26T21:19:34","date_gmt":"2023-09-26T21:19:34","guid":{"rendered":"https:\/\/abaa.mx\/tienda\/?post_type=product&#038;p=3135"},"modified":"2023-11-27T14:59:01","modified_gmt":"2023-11-27T14:59:01","slug":"calibrador-de-presion-fluke-719-30g-30-psi","status":"publish","type":"product","link":"https:\/\/abaa.mx\/tienda\/calibrador-de-presion-fluke-719-30g-30-psi\/","title":{"rendered":"Calibrador de presi\u00f3n fluke 719-30g, 30 psi"},"content":{"rendered":"<p>&nbsp;<\/p>\n<p><strong>Funciones:<\/strong><\/p>\n<ul>\n<li>Mida y obtenga mA con la mejor precisi\u00f3n de su clase del 0,015%.<\/li>\n<li>Vernier de ajuste de presi\u00f3n de precisi\u00f3n para una calibraci\u00f3n precisa de la presi\u00f3n.<\/li>\n<li>V\u00e1lvula de purga de velocidad de liberaci\u00f3n variable para un f\u00e1cil ajuste de la presi\u00f3n.<\/li>\n<li>Rendimiento ideal para la calibraci\u00f3n de transmisores de alta precisi\u00f3n.<\/li>\n<li>Rangos de presi\u00f3n de 30 PSI y 100 PSI.<\/li>\n<li>L\u00edmite de bomba del calibrador de presi\u00f3n programable.<\/li>\n<li>Elimina la sobrepresurizaci\u00f3n.<\/li>\n<li>Permite al usuario programar presiones objetivo para el bombeo.<\/li>\n<li>Rango de medici\u00f3n de presi\u00f3n ampliado con cualquiera de los 29 m\u00f3dulos de presi\u00f3n 700Pxx.<\/li>\n<li>Fuente mA con medici\u00f3n de presi\u00f3n simult\u00e1nea para probar v\u00e1lvulas e I\/Ps.<\/li>\n<li>Simular se\u00f1ales mA para solucionar problemas de bucles de 4-20 mA.<\/li>\n<li>Presostatos de prueba con funci\u00f3n de prueba de interruptor incorporada.<\/li>\n<li>Transmisores de potencia durante la prueba utilizando alimentaci\u00f3n de bucle de 24 V con medici\u00f3n simult\u00e1nea de mA.<\/li>\n<li>El calibrador de presi\u00f3n incluye puertos de limpieza probados que reducen las fallas de la bomba.<\/li>\n<\/ul>\n<p>&nbsp;<\/p>\n<p><strong>Aplicaciones:<\/strong><\/p>\n<ul>\n<li>Petroqu\u00edmica.<\/li>\n<li>Petr\u00f3leo y Gas.<\/li>\n<li>Farmac\u00e9utico.<\/li>\n<li>Agua y aguas residuales.<\/li>\n<li>Alimentos y bebidas.<\/li>\n<li>Generaci\u00f3n de energ\u00eda.<\/li>\n<\/ul>\n<p>&nbsp;<\/p>\n<h4>Fluke 719-30G Especificaciones<\/h4>\n<table class=\"table table-striped\">\n<tbody>\n<tr>\n<td>Gama<\/td>\n<td>-12 a 36 psi, -850 mbar a 2,4 bar<\/td>\n<\/tr>\n<tr>\n<td>Resoluci\u00f3n<\/td>\n<td>0,001 psi, 0,1 mbar<\/td>\n<\/tr>\n<tr>\n<td>Exactitud<\/td>\n<td>Rango de 0.025% durante 6 meses, 0.035% durante 1 a\u00f1o<\/td>\n<\/tr>\n<tr>\n<td>Temperatura de almacenamiento<\/td>\n<td>-30 a 60 \u00b0C<\/td>\n<\/tr>\n<tr>\n<td>Temperatura de funcionamiento<\/td>\n<td>-10 a 55 \u00b0C<\/td>\n<\/tr>\n<tr>\n<td>Shock<\/td>\n<td>Prueba de ca\u00edda de 1 metro<\/td>\n<\/tr>\n<tr>\n<td>Tama\u00f1o<\/td>\n<td>60 mm x 87 mm x 210 mm<\/td>\n<\/tr>\n<tr>\n<td>Peso<\/td>\n<td>912 g (2 lb)<\/td>\n<\/tr>\n<tr>\n<td>Bater\u00eda<\/td>\n<td>Dos pilas alcalinas de 9 V<\/td>\n<\/tr>\n<tr>\n<td>Duraci\u00f3n de la bater\u00eda<\/td>\n<td>12 horas<\/td>\n<\/tr>\n<\/tbody>\n<\/table>\n","protected":false},"excerpt":{"rendered":"<p class=\"short-description mhide ipad-view-setting\">Bomba el\u00e9ctrica para calibraci\u00f3n de presi\u00f3n con una sola mano. La mejor incertidumbre de medici\u00f3n de presi\u00f3n de su clase de 0.025%.<\/p>\n","protected":false},"featured_media":3147,"comment_status":"open","ping_status":"closed","template":"","meta":{"_joinchat":[]},"product_brand":[],"product_cat":[15],"product_tag":[],"class_list":{"0":"post-3135","1":"product","2":"type-product","3":"status-publish","4":"has-post-thumbnail","6":"product_cat-sin-categorizar","8":"first","9":"instock","10":"shipping-taxable","11":"product-type-simple"},"yoast_head":"<!-- This site is optimized with the Yoast SEO plugin v26.4 - https:\/\/yoast.com\/wordpress\/plugins\/seo\/ -->\n<title>Calibrador de presi\u00f3n fluke 719-30g, 30 psi - Abaa tienda online<\/title>\n<meta name=\"robots\" content=\"index, follow, max-snippet:-1, max-image-preview:large, max-video-preview:-1\" \/>\n<link rel=\"canonical\" href=\"https:\/\/abaa.mx\/tienda\/calibrador-de-presion-fluke-719-30g-30-psi\/\" \/>\n<meta property=\"og:locale\" content=\"es_MX\" \/>\n<meta property=\"og:type\" content=\"article\" \/>\n<meta property=\"og:title\" content=\"Calibrador de presi\u00f3n fluke 719-30g, 30 psi - Abaa tienda online\" \/>\n<meta property=\"og:description\" content=\"Bomba el\u00e9ctrica para calibraci\u00f3n de presi\u00f3n con una sola mano. La mejor incertidumbre de medici\u00f3n de presi\u00f3n de su clase de 0.025%.\" \/>\n<meta property=\"og:url\" content=\"https:\/\/abaa.mx\/tienda\/calibrador-de-presion-fluke-719-30g-30-psi\/\" \/>\n<meta property=\"og:site_name\" content=\"Abaa tienda online\" \/>\n<meta property=\"article:modified_time\" content=\"2023-11-27T14:59:01+00:00\" \/>\n<meta property=\"og:image\" content=\"https:\/\/abaa.mx\/tienda\/wp-content\/uploads\/2023\/09\/719-30G.jpg\" \/>\n\t<meta property=\"og:image:width\" content=\"1500\" \/>\n\t<meta property=\"og:image:height\" content=\"1000\" \/>\n\t<meta property=\"og:image:type\" content=\"image\/jpeg\" \/>\n<meta name=\"twitter:card\" content=\"summary_large_image\" \/>\n<meta name=\"twitter:label1\" content=\"Tiempo de lectura\" \/>\n\t<meta name=\"twitter:data1\" content=\"2 minutos\" \/>\n<script type=\"application\/ld+json\" class=\"yoast-schema-graph\">{\"@context\":\"https:\/\/schema.org\",\"@graph\":[{\"@type\":\"WebPage\",\"@id\":\"https:\/\/abaa.mx\/tienda\/calibrador-de-presion-fluke-719-30g-30-psi\/\",\"url\":\"https:\/\/abaa.mx\/tienda\/calibrador-de-presion-fluke-719-30g-30-psi\/\",\"name\":\"Calibrador de presi\u00f3n fluke 719-30g, 30 psi - Abaa tienda online\",\"isPartOf\":{\"@id\":\"https:\/\/abaa.mx\/tienda\/#website\"},\"primaryImageOfPage\":{\"@id\":\"https:\/\/abaa.mx\/tienda\/calibrador-de-presion-fluke-719-30g-30-psi\/#primaryimage\"},\"image\":{\"@id\":\"https:\/\/abaa.mx\/tienda\/calibrador-de-presion-fluke-719-30g-30-psi\/#primaryimage\"},\"thumbnailUrl\":\"https:\/\/abaa.mx\/tienda\/wp-content\/uploads\/2023\/09\/719-30G.jpg\",\"datePublished\":\"2023-09-26T21:19:34+00:00\",\"dateModified\":\"2023-11-27T14:59:01+00:00\",\"breadcrumb\":{\"@id\":\"https:\/\/abaa.mx\/tienda\/calibrador-de-presion-fluke-719-30g-30-psi\/#breadcrumb\"},\"inLanguage\":\"es\",\"potentialAction\":[{\"@type\":\"ReadAction\",\"target\":[\"https:\/\/abaa.mx\/tienda\/calibrador-de-presion-fluke-719-30g-30-psi\/\"]}]},{\"@type\":\"ImageObject\",\"inLanguage\":\"es\",\"@id\":\"https:\/\/abaa.mx\/tienda\/calibrador-de-presion-fluke-719-30g-30-psi\/#primaryimage\",\"url\":\"https:\/\/abaa.mx\/tienda\/wp-content\/uploads\/2023\/09\/719-30G.jpg\",\"contentUrl\":\"https:\/\/abaa.mx\/tienda\/wp-content\/uploads\/2023\/09\/719-30G.jpg\",\"width\":1500,\"height\":1000,\"caption\":\"fluke-719-30g-30-psi\"},{\"@type\":\"BreadcrumbList\",\"@id\":\"https:\/\/abaa.mx\/tienda\/calibrador-de-presion-fluke-719-30g-30-psi\/#breadcrumb\",\"itemListElement\":[{\"@type\":\"ListItem\",\"position\":1,\"name\":\"Inicio\",\"item\":\"https:\/\/abaa.mx\/tienda\/\"},{\"@type\":\"ListItem\",\"position\":2,\"name\":\"Tienda\",\"item\":\"https:\/\/abaa.mx\/tienda\/\"},{\"@type\":\"ListItem\",\"position\":3,\"name\":\"Calibrador de presi\u00f3n fluke 719-30g, 30 psi\"}]},{\"@type\":\"WebSite\",\"@id\":\"https:\/\/abaa.mx\/tienda\/#website\",\"url\":\"https:\/\/abaa.mx\/tienda\/\",\"name\":\"Abaa tienda online\",\"description\":\"Instrumentos de medici\u00f3n\",\"publisher\":{\"@id\":\"https:\/\/abaa.mx\/tienda\/#organization\"},\"potentialAction\":[{\"@type\":\"SearchAction\",\"target\":{\"@type\":\"EntryPoint\",\"urlTemplate\":\"https:\/\/abaa.mx\/tienda\/?s={search_term_string}\"},\"query-input\":{\"@type\":\"PropertyValueSpecification\",\"valueRequired\":true,\"valueName\":\"search_term_string\"}}],\"inLanguage\":\"es\"},{\"@type\":\"Organization\",\"@id\":\"https:\/\/abaa.mx\/tienda\/#organization\",\"name\":\"Abaa tienda online\",\"url\":\"https:\/\/abaa.mx\/tienda\/\",\"logo\":{\"@type\":\"ImageObject\",\"inLanguage\":\"es\",\"@id\":\"https:\/\/abaa.mx\/tienda\/#\/schema\/logo\/image\/\",\"url\":\"https:\/\/abaa.mx\/tienda\/wp-content\/uploads\/2024\/01\/abaa-metrologia-tienda.png\",\"contentUrl\":\"https:\/\/abaa.mx\/tienda\/wp-content\/uploads\/2024\/01\/abaa-metrologia-tienda.png\",\"width\":300,\"height\":141,\"caption\":\"Abaa tienda online\"},\"image\":{\"@id\":\"https:\/\/abaa.mx\/tienda\/#\/schema\/logo\/image\/\"}}]}<\/script>\n<!-- \/ Yoast SEO plugin. -->","yoast_head_json":{"title":"Calibrador de presi\u00f3n fluke 719-30g, 30 psi - Abaa tienda online","robots":{"index":"index","follow":"follow","max-snippet":"max-snippet:-1","max-image-preview":"max-image-preview:large","max-video-preview":"max-video-preview:-1"},"canonical":"https:\/\/abaa.mx\/tienda\/calibrador-de-presion-fluke-719-30g-30-psi\/","og_locale":"es_MX","og_type":"article","og_title":"Calibrador de presi\u00f3n fluke 719-30g, 30 psi - Abaa tienda online","og_description":"Bomba el\u00e9ctrica para calibraci\u00f3n de presi\u00f3n con una sola mano. La mejor incertidumbre de medici\u00f3n de presi\u00f3n de su clase de 0.025%.","og_url":"https:\/\/abaa.mx\/tienda\/calibrador-de-presion-fluke-719-30g-30-psi\/","og_site_name":"Abaa tienda online","article_modified_time":"2023-11-27T14:59:01+00:00","og_image":[{"width":1500,"height":1000,"url":"https:\/\/abaa.mx\/tienda\/wp-content\/uploads\/2023\/09\/719-30G.jpg","type":"image\/jpeg"}],"twitter_card":"summary_large_image","twitter_misc":{"Tiempo de lectura":"2 minutos"},"schema":{"@context":"https:\/\/schema.org","@graph":[{"@type":"WebPage","@id":"https:\/\/abaa.mx\/tienda\/calibrador-de-presion-fluke-719-30g-30-psi\/","url":"https:\/\/abaa.mx\/tienda\/calibrador-de-presion-fluke-719-30g-30-psi\/","name":"Calibrador de presi\u00f3n fluke 719-30g, 30 psi - Abaa tienda online","isPartOf":{"@id":"https:\/\/abaa.mx\/tienda\/#website"},"primaryImageOfPage":{"@id":"https:\/\/abaa.mx\/tienda\/calibrador-de-presion-fluke-719-30g-30-psi\/#primaryimage"},"image":{"@id":"https:\/\/abaa.mx\/tienda\/calibrador-de-presion-fluke-719-30g-30-psi\/#primaryimage"},"thumbnailUrl":"https:\/\/abaa.mx\/tienda\/wp-content\/uploads\/2023\/09\/719-30G.jpg","datePublished":"2023-09-26T21:19:34+00:00","dateModified":"2023-11-27T14:59:01+00:00","breadcrumb":{"@id":"https:\/\/abaa.mx\/tienda\/calibrador-de-presion-fluke-719-30g-30-psi\/#breadcrumb"},"inLanguage":"es","potentialAction":[{"@type":"ReadAction","target":["https:\/\/abaa.mx\/tienda\/calibrador-de-presion-fluke-719-30g-30-psi\/"]}]},{"@type":"ImageObject","inLanguage":"es","@id":"https:\/\/abaa.mx\/tienda\/calibrador-de-presion-fluke-719-30g-30-psi\/#primaryimage","url":"https:\/\/abaa.mx\/tienda\/wp-content\/uploads\/2023\/09\/719-30G.jpg","contentUrl":"https:\/\/abaa.mx\/tienda\/wp-content\/uploads\/2023\/09\/719-30G.jpg","width":1500,"height":1000,"caption":"fluke-719-30g-30-psi"},{"@type":"BreadcrumbList","@id":"https:\/\/abaa.mx\/tienda\/calibrador-de-presion-fluke-719-30g-30-psi\/#breadcrumb","itemListElement":[{"@type":"ListItem","position":1,"name":"Inicio","item":"https:\/\/abaa.mx\/tienda\/"},{"@type":"ListItem","position":2,"name":"Tienda","item":"https:\/\/abaa.mx\/tienda\/"},{"@type":"ListItem","position":3,"name":"Calibrador de presi\u00f3n fluke 719-30g, 30 psi"}]},{"@type":"WebSite","@id":"https:\/\/abaa.mx\/tienda\/#website","url":"https:\/\/abaa.mx\/tienda\/","name":"Abaa tienda online","description":"Instrumentos de medici\u00f3n","publisher":{"@id":"https:\/\/abaa.mx\/tienda\/#organization"},"potentialAction":[{"@type":"SearchAction","target":{"@type":"EntryPoint","urlTemplate":"https:\/\/abaa.mx\/tienda\/?s={search_term_string}"},"query-input":{"@type":"PropertyValueSpecification","valueRequired":true,"valueName":"search_term_string"}}],"inLanguage":"es"},{"@type":"Organization","@id":"https:\/\/abaa.mx\/tienda\/#organization","name":"Abaa tienda online","url":"https:\/\/abaa.mx\/tienda\/","logo":{"@type":"ImageObject","inLanguage":"es","@id":"https:\/\/abaa.mx\/tienda\/#\/schema\/logo\/image\/","url":"https:\/\/abaa.mx\/tienda\/wp-content\/uploads\/2024\/01\/abaa-metrologia-tienda.png","contentUrl":"https:\/\/abaa.mx\/tienda\/wp-content\/uploads\/2024\/01\/abaa-metrologia-tienda.png","width":300,"height":141,"caption":"Abaa tienda online"},"image":{"@id":"https:\/\/abaa.mx\/tienda\/#\/schema\/logo\/image\/"}}]}},"_links":{"self":[{"href":"https:\/\/abaa.mx\/tienda\/wp-json\/wp\/v2\/product\/3135","targetHints":{"allow":["GET"]}}],"collection":[{"href":"https:\/\/abaa.mx\/tienda\/wp-json\/wp\/v2\/product"}],"about":[{"href":"https:\/\/abaa.mx\/tienda\/wp-json\/wp\/v2\/types\/product"}],"replies":[{"embeddable":true,"href":"https:\/\/abaa.mx\/tienda\/wp-json\/wp\/v2\/comments?post=3135"}],"wp:featuredmedia":[{"embeddable":true,"href":"https:\/\/abaa.mx\/tienda\/wp-json\/wp\/v2\/media\/3147"}],"wp:attachment":[{"href":"https:\/\/abaa.mx\/tienda\/wp-json\/wp\/v2\/media?parent=3135"}],"wp:term":[{"taxonomy":"product_brand","embeddable":true,"href":"https:\/\/abaa.mx\/tienda\/wp-json\/wp\/v2\/product_brand?post=3135"},{"taxonomy":"product_cat","embeddable":true,"href":"https:\/\/abaa.mx\/tienda\/wp-json\/wp\/v2\/product_cat?post=3135"},{"taxonomy":"product_tag","embeddable":true,"href":"https:\/\/abaa.mx\/tienda\/wp-json\/wp\/v2\/product_tag?post=3135"}],"curies":[{"name":"wp","href":"https:\/\/api.w.org\/{rel}","templated":true}]}}