{"id":3133,"date":"2023-09-26T21:19:30","date_gmt":"2023-09-26T21:19:30","guid":{"rendered":"https:\/\/abaa.mx\/tienda\/?post_type=product&#038;p=3133"},"modified":"2023-11-27T15:38:52","modified_gmt":"2023-11-27T15:38:52","slug":"calibrador-de-presion-intrinsecamente-seguro-fluke-718ex-300-2","status":"publish","type":"product","link":"https:\/\/abaa.mx\/tienda\/calibrador-de-presion-intrinsecamente-seguro-fluke-718ex-300-2\/","title":{"rendered":"Term\u00f3metro infrarrojo de -50 a 450\u00b0C BT-GM300"},"content":{"rendered":"<p>Term\u00f3metro infrarrojo de -50 a 450\u00b0C BT-GM300.<\/p>\n","protected":false},"excerpt":{"rendered":"<p>Esta unidad se compone de \u00f3ptica, amplificador de se\u00f1al del sensor de temperatura, circuito de procesamiento y pantalla LCD.La \u00d3ptica recolect\u00f3 la energ\u00eda infrarroja emitida por el objeto y se enfoc\u00f3 en el Sensor. Entonces el sensor traduce la energ\u00eda en una se\u00f1al el\u00e9ctrica. Esta se\u00f1al resultar\u00e1 ser digital que se muestra en la pantalla LCD despu\u00e9s del amplificador de se\u00f1al y el circuito de procesamiento.<\/p>\n<ul>\n<li>Retenci\u00f3n de datos.<\/li>\n<li>Luz de fondo LCD.<\/li>\n<li>L\u00e1ser de posicionamiento.<\/li>\n<li>Apagado autom\u00e1tico.<\/li>\n<li>Conversi\u00f3n de unidad de temperatura de 1.\u2103 \/ \u2109.<\/li>\n<\/ul>\n<table border=\"1\" cellspacing=\"0\" cellpadding=\"2\">\n<tbody>\n<tr>\n<td>Rango de temperatura<\/td>\n<td>-50 ~ 450 \u2103 (-58 ~ 842 \u2109)<\/td>\n<\/tr>\n<tr>\n<td>Exactitud<\/td>\n<td>0\u2103~450\u2103 (32\u2109~842\u2109) \uff1a\u00b11.5\u2103(\u00b12.7\u2109)<br \/>\nor\u00b11.5%<br \/>\n-50\u2103~0\u2103(-58\u2109~32\u2109)\uff1a \u00b13\u2103 (\u00b15\u2109)<br \/>\nCualquiera que sea mayor que<\/td>\n<\/tr>\n<tr>\n<td>Resoluci\u00f3n<\/td>\n<td>0,1 \u2103 o 0,1 \u2109<\/td>\n<\/tr>\n<tr>\n<td>Repetibilidad<\/td>\n<td>1% de lectura o 1\u2103<\/td>\n<\/tr>\n<tr>\n<td>Tiempo de respuesta<\/td>\n<td>500 mseg, 95% de respuesta<\/td>\n<\/tr>\n<tr>\n<td>Respuesta espectral<\/td>\n<td>5-14 um<\/td>\n<\/tr>\n<tr>\n<td>emisividad<\/td>\n<td>0,95 preestablecido<\/td>\n<\/tr>\n<tr>\n<td>Distancia al tama\u00f1o del punto<\/td>\n<td>12:1<\/td>\n<\/tr>\n<tr>\n<td>Temperatura de funcionamiento<\/td>\n<td>0 ~40 \u2103 (32 ~ 104 \u2109)<\/td>\n<\/tr>\n<tr>\n<td>Humedad de funcionamiento<\/td>\n<td>10~95 % de HR sin condensaci\u00f3n,<br \/>\nhasta 30 \u2103 (86 \u2109)<\/td>\n<\/tr>\n<tr>\n<td>Temperatura de almacenamiento<\/td>\n<td>-20 ~ 60 \u2103 (-4 ~ 140 \u2109)<\/td>\n<\/tr>\n<tr>\n<td>Energ\u00eda<\/td>\n<td>bater\u00eda de 9V (6F22)<\/td>\n<\/tr>\n<tr>\n<td>Duraci\u00f3n t\u00edpica de la bater\u00eda<\/td>\n<td>Modo no l\u00e1ser: 22 horas;<br \/>\nModelos l\u00e1ser: 12 horas<\/td>\n<\/tr>\n<tr>\n<td>Peso<\/td>\n<td>147,5 g<\/td>\n<\/tr>\n<tr>\n<td>Dimensi\u00f3n<\/td>\n<td>153x101x43mm<\/td>\n<\/tr>\n<\/tbody>\n<\/table>\n","protected":false},"featured_media":9333,"comment_status":"open","ping_status":"closed","template":"","meta":{"_joinchat":[]},"product_brand":[],"product_cat":[57],"product_tag":[],"class_list":{"0":"post-3133","1":"product","2":"type-product","3":"status-publish","4":"has-post-thumbnail","6":"product_cat-termometros","8":"first","9":"instock","10":"shipping-taxable","11":"product-type-simple"},"yoast_head":"<!-- This site is optimized with the Yoast SEO plugin v26.4 - https:\/\/yoast.com\/wordpress\/plugins\/seo\/ -->\n<title>Term\u00f3metro infrarrojo de -50 a 450\u00b0C BT-GM300 - Abaa tienda online<\/title>\n<meta name=\"robots\" content=\"index, follow, max-snippet:-1, max-image-preview:large, max-video-preview:-1\" \/>\n<link rel=\"canonical\" href=\"https:\/\/abaa.mx\/tienda\/calibrador-de-presion-intrinsecamente-seguro-fluke-718ex-300-2\/\" \/>\n<meta property=\"og:locale\" content=\"es_MX\" \/>\n<meta property=\"og:type\" content=\"article\" \/>\n<meta property=\"og:title\" content=\"Term\u00f3metro infrarrojo de -50 a 450\u00b0C BT-GM300 - Abaa tienda online\" \/>\n<meta property=\"og:description\" content=\"Esta unidad se compone de \u00f3ptica, amplificador de se\u00f1al del sensor de temperatura, circuito de procesamiento y pantalla LCD.La \u00d3ptica recolect\u00f3 la energ\u00eda infrarroja emitida por el objeto y se enfoc\u00f3 en el Sensor. Entonces el sensor traduce la energ\u00eda en una se\u00f1al el\u00e9ctrica. Esta se\u00f1al resultar\u00e1 ser digital que se muestra en la pantalla LCD despu\u00e9s del amplificador de se\u00f1al y el circuito de procesamiento.   Retenci\u00f3n de datos.  Luz de fondo LCD.  L\u00e1ser de posicionamiento.  Apagado autom\u00e1tico.  Conversi\u00f3n de unidad de temperatura de 1.\u2103 \/ \u2109.     Rango de temperatura -50 ~ 450 \u2103 (-58 ~ 842 \u2109)   Exactitud 0\u2103~450\u2103 (32\u2109~842\u2109) \uff1a\u00b11.5\u2103(\u00b12.7\u2109) or\u00b11.5% -50\u2103~0\u2103(-58\u2109~32\u2109)\uff1a \u00b13\u2103 (\u00b15\u2109) Cualquiera que sea mayor que   Resoluci\u00f3n 0,1 \u2103 o 0,1 \u2109   Repetibilidad 1% de lectura o 1\u2103   Tiempo de respuesta 500 mseg, 95% de respuesta   Respuesta espectral 5-14 um   emisividad 0,95 preestablecido   Distancia al tama\u00f1o del punto 12:1   Temperatura de funcionamiento 0 ~40 \u2103 (32 ~ 104 \u2109)   Humedad de funcionamiento 10~95 % de HR sin condensaci\u00f3n, hasta 30 \u2103 (86 \u2109)   Temperatura de almacenamiento -20 ~ 60 \u2103 (-4 ~ 140 \u2109)   Energ\u00eda bater\u00eda de 9V (6F22)   Duraci\u00f3n t\u00edpica de la bater\u00eda Modo no l\u00e1ser: 22 horas; Modelos l\u00e1ser: 12 horas   Peso 147,5 g   Dimensi\u00f3n 153x101x43mm\" \/>\n<meta property=\"og:url\" content=\"https:\/\/abaa.mx\/tienda\/calibrador-de-presion-intrinsecamente-seguro-fluke-718ex-300-2\/\" \/>\n<meta property=\"og:site_name\" content=\"Abaa tienda online\" \/>\n<meta property=\"article:modified_time\" content=\"2023-11-27T15:38:52+00:00\" \/>\n<meta property=\"og:image\" content=\"https:\/\/abaa.mx\/tienda\/wp-content\/uploads\/2023\/09\/ALFAMETRIC-BT-GM300.jpg\" \/>\n\t<meta property=\"og:image:width\" content=\"393\" \/>\n\t<meta property=\"og:image:height\" content=\"433\" \/>\n\t<meta property=\"og:image:type\" content=\"image\/jpeg\" \/>\n<meta name=\"twitter:card\" content=\"summary_large_image\" \/>\n<meta name=\"twitter:label1\" content=\"Tiempo de lectura\" \/>\n\t<meta name=\"twitter:data1\" content=\"1 minuto\" \/>\n<script type=\"application\/ld+json\" class=\"yoast-schema-graph\">{\"@context\":\"https:\/\/schema.org\",\"@graph\":[{\"@type\":\"WebPage\",\"@id\":\"https:\/\/abaa.mx\/tienda\/calibrador-de-presion-intrinsecamente-seguro-fluke-718ex-300-2\/\",\"url\":\"https:\/\/abaa.mx\/tienda\/calibrador-de-presion-intrinsecamente-seguro-fluke-718ex-300-2\/\",\"name\":\"Term\u00f3metro infrarrojo de -50 a 450\u00b0C BT-GM300 - Abaa tienda online\",\"isPartOf\":{\"@id\":\"https:\/\/abaa.mx\/tienda\/#website\"},\"primaryImageOfPage\":{\"@id\":\"https:\/\/abaa.mx\/tienda\/calibrador-de-presion-intrinsecamente-seguro-fluke-718ex-300-2\/#primaryimage\"},\"image\":{\"@id\":\"https:\/\/abaa.mx\/tienda\/calibrador-de-presion-intrinsecamente-seguro-fluke-718ex-300-2\/#primaryimage\"},\"thumbnailUrl\":\"https:\/\/abaa.mx\/tienda\/wp-content\/uploads\/2023\/09\/ALFAMETRIC-BT-GM300.jpg\",\"datePublished\":\"2023-09-26T21:19:30+00:00\",\"dateModified\":\"2023-11-27T15:38:52+00:00\",\"breadcrumb\":{\"@id\":\"https:\/\/abaa.mx\/tienda\/calibrador-de-presion-intrinsecamente-seguro-fluke-718ex-300-2\/#breadcrumb\"},\"inLanguage\":\"es\",\"potentialAction\":[{\"@type\":\"ReadAction\",\"target\":[\"https:\/\/abaa.mx\/tienda\/calibrador-de-presion-intrinsecamente-seguro-fluke-718ex-300-2\/\"]}]},{\"@type\":\"ImageObject\",\"inLanguage\":\"es\",\"@id\":\"https:\/\/abaa.mx\/tienda\/calibrador-de-presion-intrinsecamente-seguro-fluke-718ex-300-2\/#primaryimage\",\"url\":\"https:\/\/abaa.mx\/tienda\/wp-content\/uploads\/2023\/09\/ALFAMETRIC-BT-GM300.jpg\",\"contentUrl\":\"https:\/\/abaa.mx\/tienda\/wp-content\/uploads\/2023\/09\/ALFAMETRIC-BT-GM300.jpg\",\"width\":393,\"height\":433,\"caption\":\"ALFAMETRIC-BT-GM300\"},{\"@type\":\"BreadcrumbList\",\"@id\":\"https:\/\/abaa.mx\/tienda\/calibrador-de-presion-intrinsecamente-seguro-fluke-718ex-300-2\/#breadcrumb\",\"itemListElement\":[{\"@type\":\"ListItem\",\"position\":1,\"name\":\"Inicio\",\"item\":\"https:\/\/abaa.mx\/tienda\/\"},{\"@type\":\"ListItem\",\"position\":2,\"name\":\"Tienda\",\"item\":\"https:\/\/abaa.mx\/tienda\/\"},{\"@type\":\"ListItem\",\"position\":3,\"name\":\"Term\u00f3metro infrarrojo de -50 a 450\u00b0C BT-GM300\"}]},{\"@type\":\"WebSite\",\"@id\":\"https:\/\/abaa.mx\/tienda\/#website\",\"url\":\"https:\/\/abaa.mx\/tienda\/\",\"name\":\"Abaa tienda online\",\"description\":\"Instrumentos de medici\u00f3n\",\"publisher\":{\"@id\":\"https:\/\/abaa.mx\/tienda\/#organization\"},\"potentialAction\":[{\"@type\":\"SearchAction\",\"target\":{\"@type\":\"EntryPoint\",\"urlTemplate\":\"https:\/\/abaa.mx\/tienda\/?s={search_term_string}\"},\"query-input\":{\"@type\":\"PropertyValueSpecification\",\"valueRequired\":true,\"valueName\":\"search_term_string\"}}],\"inLanguage\":\"es\"},{\"@type\":\"Organization\",\"@id\":\"https:\/\/abaa.mx\/tienda\/#organization\",\"name\":\"Abaa tienda online\",\"url\":\"https:\/\/abaa.mx\/tienda\/\",\"logo\":{\"@type\":\"ImageObject\",\"inLanguage\":\"es\",\"@id\":\"https:\/\/abaa.mx\/tienda\/#\/schema\/logo\/image\/\",\"url\":\"https:\/\/abaa.mx\/tienda\/wp-content\/uploads\/2024\/01\/abaa-metrologia-tienda.png\",\"contentUrl\":\"https:\/\/abaa.mx\/tienda\/wp-content\/uploads\/2024\/01\/abaa-metrologia-tienda.png\",\"width\":300,\"height\":141,\"caption\":\"Abaa tienda online\"},\"image\":{\"@id\":\"https:\/\/abaa.mx\/tienda\/#\/schema\/logo\/image\/\"}}]}<\/script>\n<!-- \/ Yoast SEO plugin. -->","yoast_head_json":{"title":"Term\u00f3metro infrarrojo de -50 a 450\u00b0C BT-GM300 - Abaa tienda online","robots":{"index":"index","follow":"follow","max-snippet":"max-snippet:-1","max-image-preview":"max-image-preview:large","max-video-preview":"max-video-preview:-1"},"canonical":"https:\/\/abaa.mx\/tienda\/calibrador-de-presion-intrinsecamente-seguro-fluke-718ex-300-2\/","og_locale":"es_MX","og_type":"article","og_title":"Term\u00f3metro infrarrojo de -50 a 450\u00b0C BT-GM300 - Abaa tienda online","og_description":"Esta unidad se compone de \u00f3ptica, amplificador de se\u00f1al del sensor de temperatura, circuito de procesamiento y pantalla LCD.La \u00d3ptica recolect\u00f3 la energ\u00eda infrarroja emitida por el objeto y se enfoc\u00f3 en el Sensor. Entonces el sensor traduce la energ\u00eda en una se\u00f1al el\u00e9ctrica. Esta se\u00f1al resultar\u00e1 ser digital que se muestra en la pantalla LCD despu\u00e9s del amplificador de se\u00f1al y el circuito de procesamiento.   Retenci\u00f3n de datos.  Luz de fondo LCD.  L\u00e1ser de posicionamiento.  Apagado autom\u00e1tico.  Conversi\u00f3n de unidad de temperatura de 1.\u2103 \/ \u2109.     Rango de temperatura -50 ~ 450 \u2103 (-58 ~ 842 \u2109)   Exactitud 0\u2103~450\u2103 (32\u2109~842\u2109) \uff1a\u00b11.5\u2103(\u00b12.7\u2109) or\u00b11.5% -50\u2103~0\u2103(-58\u2109~32\u2109)\uff1a \u00b13\u2103 (\u00b15\u2109) Cualquiera que sea mayor que   Resoluci\u00f3n 0,1 \u2103 o 0,1 \u2109   Repetibilidad 1% de lectura o 1\u2103   Tiempo de respuesta 500 mseg, 95% de respuesta   Respuesta espectral 5-14 um   emisividad 0,95 preestablecido   Distancia al tama\u00f1o del punto 12:1   Temperatura de funcionamiento 0 ~40 \u2103 (32 ~ 104 \u2109)   Humedad de funcionamiento 10~95 % de HR sin condensaci\u00f3n, hasta 30 \u2103 (86 \u2109)   Temperatura de almacenamiento -20 ~ 60 \u2103 (-4 ~ 140 \u2109)   Energ\u00eda bater\u00eda de 9V (6F22)   Duraci\u00f3n t\u00edpica de la bater\u00eda Modo no l\u00e1ser: 22 horas; Modelos l\u00e1ser: 12 horas   Peso 147,5 g   Dimensi\u00f3n 153x101x43mm","og_url":"https:\/\/abaa.mx\/tienda\/calibrador-de-presion-intrinsecamente-seguro-fluke-718ex-300-2\/","og_site_name":"Abaa tienda online","article_modified_time":"2023-11-27T15:38:52+00:00","og_image":[{"width":393,"height":433,"url":"https:\/\/abaa.mx\/tienda\/wp-content\/uploads\/2023\/09\/ALFAMETRIC-BT-GM300.jpg","type":"image\/jpeg"}],"twitter_card":"summary_large_image","twitter_misc":{"Tiempo de lectura":"1 minuto"},"schema":{"@context":"https:\/\/schema.org","@graph":[{"@type":"WebPage","@id":"https:\/\/abaa.mx\/tienda\/calibrador-de-presion-intrinsecamente-seguro-fluke-718ex-300-2\/","url":"https:\/\/abaa.mx\/tienda\/calibrador-de-presion-intrinsecamente-seguro-fluke-718ex-300-2\/","name":"Term\u00f3metro infrarrojo de -50 a 450\u00b0C BT-GM300 - Abaa tienda online","isPartOf":{"@id":"https:\/\/abaa.mx\/tienda\/#website"},"primaryImageOfPage":{"@id":"https:\/\/abaa.mx\/tienda\/calibrador-de-presion-intrinsecamente-seguro-fluke-718ex-300-2\/#primaryimage"},"image":{"@id":"https:\/\/abaa.mx\/tienda\/calibrador-de-presion-intrinsecamente-seguro-fluke-718ex-300-2\/#primaryimage"},"thumbnailUrl":"https:\/\/abaa.mx\/tienda\/wp-content\/uploads\/2023\/09\/ALFAMETRIC-BT-GM300.jpg","datePublished":"2023-09-26T21:19:30+00:00","dateModified":"2023-11-27T15:38:52+00:00","breadcrumb":{"@id":"https:\/\/abaa.mx\/tienda\/calibrador-de-presion-intrinsecamente-seguro-fluke-718ex-300-2\/#breadcrumb"},"inLanguage":"es","potentialAction":[{"@type":"ReadAction","target":["https:\/\/abaa.mx\/tienda\/calibrador-de-presion-intrinsecamente-seguro-fluke-718ex-300-2\/"]}]},{"@type":"ImageObject","inLanguage":"es","@id":"https:\/\/abaa.mx\/tienda\/calibrador-de-presion-intrinsecamente-seguro-fluke-718ex-300-2\/#primaryimage","url":"https:\/\/abaa.mx\/tienda\/wp-content\/uploads\/2023\/09\/ALFAMETRIC-BT-GM300.jpg","contentUrl":"https:\/\/abaa.mx\/tienda\/wp-content\/uploads\/2023\/09\/ALFAMETRIC-BT-GM300.jpg","width":393,"height":433,"caption":"ALFAMETRIC-BT-GM300"},{"@type":"BreadcrumbList","@id":"https:\/\/abaa.mx\/tienda\/calibrador-de-presion-intrinsecamente-seguro-fluke-718ex-300-2\/#breadcrumb","itemListElement":[{"@type":"ListItem","position":1,"name":"Inicio","item":"https:\/\/abaa.mx\/tienda\/"},{"@type":"ListItem","position":2,"name":"Tienda","item":"https:\/\/abaa.mx\/tienda\/"},{"@type":"ListItem","position":3,"name":"Term\u00f3metro infrarrojo de -50 a 450\u00b0C BT-GM300"}]},{"@type":"WebSite","@id":"https:\/\/abaa.mx\/tienda\/#website","url":"https:\/\/abaa.mx\/tienda\/","name":"Abaa tienda online","description":"Instrumentos de medici\u00f3n","publisher":{"@id":"https:\/\/abaa.mx\/tienda\/#organization"},"potentialAction":[{"@type":"SearchAction","target":{"@type":"EntryPoint","urlTemplate":"https:\/\/abaa.mx\/tienda\/?s={search_term_string}"},"query-input":{"@type":"PropertyValueSpecification","valueRequired":true,"valueName":"search_term_string"}}],"inLanguage":"es"},{"@type":"Organization","@id":"https:\/\/abaa.mx\/tienda\/#organization","name":"Abaa tienda online","url":"https:\/\/abaa.mx\/tienda\/","logo":{"@type":"ImageObject","inLanguage":"es","@id":"https:\/\/abaa.mx\/tienda\/#\/schema\/logo\/image\/","url":"https:\/\/abaa.mx\/tienda\/wp-content\/uploads\/2024\/01\/abaa-metrologia-tienda.png","contentUrl":"https:\/\/abaa.mx\/tienda\/wp-content\/uploads\/2024\/01\/abaa-metrologia-tienda.png","width":300,"height":141,"caption":"Abaa tienda online"},"image":{"@id":"https:\/\/abaa.mx\/tienda\/#\/schema\/logo\/image\/"}}]}},"_links":{"self":[{"href":"https:\/\/abaa.mx\/tienda\/wp-json\/wp\/v2\/product\/3133","targetHints":{"allow":["GET"]}}],"collection":[{"href":"https:\/\/abaa.mx\/tienda\/wp-json\/wp\/v2\/product"}],"about":[{"href":"https:\/\/abaa.mx\/tienda\/wp-json\/wp\/v2\/types\/product"}],"replies":[{"embeddable":true,"href":"https:\/\/abaa.mx\/tienda\/wp-json\/wp\/v2\/comments?post=3133"}],"wp:featuredmedia":[{"embeddable":true,"href":"https:\/\/abaa.mx\/tienda\/wp-json\/wp\/v2\/media\/9333"}],"wp:attachment":[{"href":"https:\/\/abaa.mx\/tienda\/wp-json\/wp\/v2\/media?parent=3133"}],"wp:term":[{"taxonomy":"product_brand","embeddable":true,"href":"https:\/\/abaa.mx\/tienda\/wp-json\/wp\/v2\/product_brand?post=3133"},{"taxonomy":"product_cat","embeddable":true,"href":"https:\/\/abaa.mx\/tienda\/wp-json\/wp\/v2\/product_cat?post=3133"},{"taxonomy":"product_tag","embeddable":true,"href":"https:\/\/abaa.mx\/tienda\/wp-json\/wp\/v2\/product_tag?post=3133"}],"curies":[{"name":"wp","href":"https:\/\/api.w.org\/{rel}","templated":true}]}}