{"id":3129,"date":"2023-09-26T20:47:08","date_gmt":"2023-09-26T20:47:08","guid":{"rendered":"https:\/\/abaa.mx\/tienda\/?post_type=product&#038;p=3129"},"modified":"2023-12-06T20:00:41","modified_gmt":"2023-12-06T20:00:41","slug":"dwyer-3001mr-presostato-manometro-diferencial-fotohelico-0-1-w-c","status":"publish","type":"product","link":"https:\/\/abaa.mx\/tienda\/dwyer-3001mr-presostato-manometro-diferencial-fotohelico-0-1-w-c\/","title":{"rendered":"Dwyer 3001MR Presostato-man\u00f3metro diferencial fotoh\u00e9lico (0-1 &#8220;w.c.)"},"content":{"rendered":"<h4>Dwyer 3001MR Rango de man\u00f3metro de interruptor de presi\u00f3n 0 a 1 en WC<\/h4>\n<p>combine las funciones de un presostato diferencial preciso y altamente repetible con un man\u00f3metro anal\u00f3gico grande y f\u00e1cil de leer que emplea el dise\u00f1o duradero y probado del man\u00f3metro Magnehelic. La configuraci\u00f3n del interruptor es f\u00e1cil de ajustar con grandes perillas externas en la cara del indicador. La lectura del medidor no se ve afectada por la operaci\u00f3n del interruptor: indicar\u00e1 con precisi\u00f3n incluso si se interrumpe la alimentaci\u00f3n.<\/p>\n<h4>Dwyer 3001MR Especificaciones<\/h4>\n<table class=\"table table-striped\">\n<tbody>\n<tr>\n<td colspan=\"2\"><strong>Especificaciones del conmutador 3000MR<\/strong><\/td>\n<\/tr>\n<tr>\n<td>Tipo de interruptor<\/td>\n<td>Cada punto de consigna tiene 1 forma C de rel\u00e9s (SPDT)<\/td>\n<\/tr>\n<tr>\n<td>Contactos de retransmisi\u00f3n<\/td>\n<td>(Carga resistiva) 1 forma C clasificada 1.0 A a 30 VCC 0.3 A a 110 VCC<\/p>\n<p>O 0.5 A a 125 VCA<br \/>\nOro sobre plata revestida &#8211; adecuado para circuitos secos<\/td>\n<\/tr>\n<tr>\n<td>Conexiones el\u00e9ctricas<\/td>\n<td>Conjunto de cable de 18&#8243; (46 cm) con 8 conductores<br \/>\nLongitudes opcionales de hasta 100,30 m (5 pies)<\/td>\n<\/tr>\n<tr>\n<td>Requisitos de alimentaci\u00f3n<\/td>\n<td>24 VCC, regulado \u00b110%<\/td>\n<\/tr>\n<tr>\n<td>Orientaci\u00f3n de montaje<\/td>\n<td>Diafragma en posici\u00f3n vertical<\/td>\n<\/tr>\n<tr>\n<td>Ajuste del punto de ajuste<\/td>\n<td>Perillas ajustables en la cara<\/td>\n<\/tr>\n<tr>\n<td>Aprobaciones de agencias<\/td>\n<td>Despu\u00e9s de Cristo<\/td>\n<\/tr>\n<tr>\n<td colspan=\"2\"><strong>Especificaciones del interruptor 3000MRS<\/strong><\/td>\n<\/tr>\n<tr>\n<td>Tipo de interruptor<\/td>\n<td>Cada punto de ajuste tiene un rel\u00e9 de estado s\u00f3lido<\/td>\n<\/tr>\n<tr>\n<td>Voltaje de conmutaci\u00f3n<\/td>\n<td>20 a 280 VCA (47 a 63 Hz)<\/td>\n<\/tr>\n<tr>\n<td>Corriente de conmutaci\u00f3n<\/td>\n<td>1,0 amperios (CA) m\u00e1ximo<br \/>\n0,01 mA (CA) m\u00ednimo<br \/>\n(2) SPST NO<\/td>\n<\/tr>\n<tr>\n<td>Conexiones el\u00e9ctricas<\/td>\n<td>Conjunto de cable de 18&#8243; (46 cm) con 6 conductores<br \/>\nLongitudes opcionales de hasta 100,30 m (5 pies)<\/td>\n<\/tr>\n<tr>\n<td>Requisitos de alimentaci\u00f3n<\/td>\n<td>24 VCC, regulado \u00b110%<\/td>\n<\/tr>\n<tr>\n<td>Orientaci\u00f3n de montaje<\/td>\n<td>Diafragma en posici\u00f3n vertical<\/td>\n<\/tr>\n<tr>\n<td>Ajuste del punto de ajuste<\/td>\n<td>Perillas ajustables en la cara<\/td>\n<\/tr>\n<tr>\n<td>Aprobaciones de agencias<\/td>\n<td>Despu\u00e9s de Cristo<\/td>\n<\/tr>\n<tr>\n<td colspan=\"2\"><strong>Especificaciones del medidor<\/strong><\/td>\n<\/tr>\n<tr>\n<td>Servicio<\/td>\n<td>Aire y gases no combustibles, compatibles<\/td>\n<\/tr>\n<tr>\n<td>Exactitud<\/td>\n<td>\u00b12% de FS (3000-0 \u00b13% de FS) (3000-00 \u00b14% de FS)<\/td>\n<\/tr>\n<tr>\n<td>L\u00edmite de presi\u00f3n<\/td>\n<td>-20&#8243; Hg a 25 psig (-0.677 bar a 1.72 bar) Opci\u00f3n MP: 35 psig (2.41 bar) Opci\u00f3n HP: 80 psig (5.52 bar)<\/td>\n<\/tr>\n<tr>\n<td>L\u00edmites de temperatura<\/td>\n<td>20 a 120\u00b0F (-6.67 a 48.9\u00b0C)<\/td>\n<\/tr>\n<tr>\n<td>Conexiones de proceso<\/td>\n<td>1\/8&#8243; NPT hembra (lado y espalda duplicados)<\/td>\n<\/tr>\n<tr>\n<td>Dimensiones<\/td>\n<td>Esfera<br \/>\nde 4&#8243; (101,6 mm) 5 x 3\/127&#8243; (79 x 38,&lt;&gt; mm)<\/td>\n<\/tr>\n<tr>\n<td>Peso<\/td>\n<td>1,8 libras (816 g)<\/td>\n<\/tr>\n<\/tbody>\n<\/table>\n","protected":false},"excerpt":{"rendered":"<h4>Dwyer 3001MR Rango de man\u00f3metro de interruptor de presi\u00f3n 0 a 1 en WC<\/h4>\n<p>combine las funciones de un presostato diferencial preciso y altamente repetible con un man\u00f3metro anal\u00f3gico grande y f\u00e1cil de leer que emplea el dise\u00f1o duradero y probado del man\u00f3metro Magnehelic. La configuraci\u00f3n del interruptor es f\u00e1cil de ajustar con grandes perillas externas en la cara del indicador. La lectura del medidor no se ve afectada por la operaci\u00f3n del interruptor: indicar\u00e1 con precisi\u00f3n incluso si se interrumpe la alimentaci\u00f3n.<\/p>\n","protected":false},"featured_media":3140,"comment_status":"open","ping_status":"closed","template":"","meta":{"_joinchat":[]},"product_brand":[],"product_cat":[15],"product_tag":[],"class_list":{"0":"post-3129","1":"product","2":"type-product","3":"status-publish","4":"has-post-thumbnail","6":"product_cat-sin-categorizar","8":"first","9":"instock","10":"shipping-taxable","11":"product-type-simple"},"yoast_head":"<!-- This site is optimized with the Yoast SEO plugin v26.4 - https:\/\/yoast.com\/wordpress\/plugins\/seo\/ -->\n<title>Dwyer 3001MR Presostato-man\u00f3metro diferencial fotoh\u00e9lico (0-1 &quot;w.c.) - Abaa tienda online<\/title>\n<meta name=\"robots\" content=\"index, follow, max-snippet:-1, max-image-preview:large, max-video-preview:-1\" \/>\n<link rel=\"canonical\" href=\"https:\/\/abaa.mx\/tienda\/dwyer-3001mr-presostato-manometro-diferencial-fotohelico-0-1-w-c\/\" \/>\n<meta property=\"og:locale\" content=\"es_MX\" \/>\n<meta property=\"og:type\" content=\"article\" \/>\n<meta property=\"og:title\" content=\"Dwyer 3001MR Presostato-man\u00f3metro diferencial fotoh\u00e9lico (0-1 &quot;w.c.) - Abaa tienda online\" \/>\n<meta property=\"og:description\" content=\"Dwyer 3001MR Rango de man\u00f3metro de interruptor de presi\u00f3n 0 a 1 en WC combine las funciones de un presostato diferencial preciso y altamente repetible con un man\u00f3metro anal\u00f3gico grande y f\u00e1cil de leer que emplea el dise\u00f1o duradero y probado del man\u00f3metro Magnehelic. La configuraci\u00f3n del interruptor es f\u00e1cil de ajustar con grandes perillas externas en la cara del indicador. La lectura del medidor no se ve afectada por la operaci\u00f3n del interruptor: indicar\u00e1 con precisi\u00f3n incluso si se interrumpe la alimentaci\u00f3n.\" \/>\n<meta property=\"og:url\" content=\"https:\/\/abaa.mx\/tienda\/dwyer-3001mr-presostato-manometro-diferencial-fotohelico-0-1-w-c\/\" \/>\n<meta property=\"og:site_name\" content=\"Abaa tienda online\" \/>\n<meta property=\"article:modified_time\" content=\"2023-12-06T20:00:41+00:00\" \/>\n<meta property=\"og:image\" content=\"https:\/\/abaa.mx\/tienda\/wp-content\/uploads\/2023\/09\/3001MR.jpg\" \/>\n\t<meta property=\"og:image:width\" content=\"270\" \/>\n\t<meta property=\"og:image:height\" content=\"270\" \/>\n\t<meta property=\"og:image:type\" content=\"image\/jpeg\" \/>\n<meta name=\"twitter:card\" content=\"summary_large_image\" \/>\n<meta name=\"twitter:label1\" content=\"Tiempo de lectura\" \/>\n\t<meta name=\"twitter:data1\" content=\"2 minutos\" \/>\n<script type=\"application\/ld+json\" class=\"yoast-schema-graph\">{\"@context\":\"https:\/\/schema.org\",\"@graph\":[{\"@type\":\"WebPage\",\"@id\":\"https:\/\/abaa.mx\/tienda\/dwyer-3001mr-presostato-manometro-diferencial-fotohelico-0-1-w-c\/\",\"url\":\"https:\/\/abaa.mx\/tienda\/dwyer-3001mr-presostato-manometro-diferencial-fotohelico-0-1-w-c\/\",\"name\":\"Dwyer 3001MR Presostato-man\u00f3metro diferencial fotoh\u00e9lico (0-1 \\\"w.c.) - Abaa tienda online\",\"isPartOf\":{\"@id\":\"https:\/\/abaa.mx\/tienda\/#website\"},\"primaryImageOfPage\":{\"@id\":\"https:\/\/abaa.mx\/tienda\/dwyer-3001mr-presostato-manometro-diferencial-fotohelico-0-1-w-c\/#primaryimage\"},\"image\":{\"@id\":\"https:\/\/abaa.mx\/tienda\/dwyer-3001mr-presostato-manometro-diferencial-fotohelico-0-1-w-c\/#primaryimage\"},\"thumbnailUrl\":\"https:\/\/abaa.mx\/tienda\/wp-content\/uploads\/2023\/09\/3001MR.jpg\",\"datePublished\":\"2023-09-26T20:47:08+00:00\",\"dateModified\":\"2023-12-06T20:00:41+00:00\",\"breadcrumb\":{\"@id\":\"https:\/\/abaa.mx\/tienda\/dwyer-3001mr-presostato-manometro-diferencial-fotohelico-0-1-w-c\/#breadcrumb\"},\"inLanguage\":\"es\",\"potentialAction\":[{\"@type\":\"ReadAction\",\"target\":[\"https:\/\/abaa.mx\/tienda\/dwyer-3001mr-presostato-manometro-diferencial-fotohelico-0-1-w-c\/\"]}]},{\"@type\":\"ImageObject\",\"inLanguage\":\"es\",\"@id\":\"https:\/\/abaa.mx\/tienda\/dwyer-3001mr-presostato-manometro-diferencial-fotohelico-0-1-w-c\/#primaryimage\",\"url\":\"https:\/\/abaa.mx\/tienda\/wp-content\/uploads\/2023\/09\/3001MR.jpg\",\"contentUrl\":\"https:\/\/abaa.mx\/tienda\/wp-content\/uploads\/2023\/09\/3001MR.jpg\",\"width\":270,\"height\":270,\"caption\":\"3001MR\"},{\"@type\":\"BreadcrumbList\",\"@id\":\"https:\/\/abaa.mx\/tienda\/dwyer-3001mr-presostato-manometro-diferencial-fotohelico-0-1-w-c\/#breadcrumb\",\"itemListElement\":[{\"@type\":\"ListItem\",\"position\":1,\"name\":\"Inicio\",\"item\":\"https:\/\/abaa.mx\/tienda\/\"},{\"@type\":\"ListItem\",\"position\":2,\"name\":\"Tienda\",\"item\":\"https:\/\/abaa.mx\/tienda\/\"},{\"@type\":\"ListItem\",\"position\":3,\"name\":\"Dwyer 3001MR Presostato-man\u00f3metro diferencial fotoh\u00e9lico (0-1 &#8220;w.c.)\"}]},{\"@type\":\"WebSite\",\"@id\":\"https:\/\/abaa.mx\/tienda\/#website\",\"url\":\"https:\/\/abaa.mx\/tienda\/\",\"name\":\"Abaa tienda online\",\"description\":\"Instrumentos de medici\u00f3n\",\"publisher\":{\"@id\":\"https:\/\/abaa.mx\/tienda\/#organization\"},\"potentialAction\":[{\"@type\":\"SearchAction\",\"target\":{\"@type\":\"EntryPoint\",\"urlTemplate\":\"https:\/\/abaa.mx\/tienda\/?s={search_term_string}\"},\"query-input\":{\"@type\":\"PropertyValueSpecification\",\"valueRequired\":true,\"valueName\":\"search_term_string\"}}],\"inLanguage\":\"es\"},{\"@type\":\"Organization\",\"@id\":\"https:\/\/abaa.mx\/tienda\/#organization\",\"name\":\"Abaa tienda online\",\"url\":\"https:\/\/abaa.mx\/tienda\/\",\"logo\":{\"@type\":\"ImageObject\",\"inLanguage\":\"es\",\"@id\":\"https:\/\/abaa.mx\/tienda\/#\/schema\/logo\/image\/\",\"url\":\"https:\/\/abaa.mx\/tienda\/wp-content\/uploads\/2024\/01\/abaa-metrologia-tienda.png\",\"contentUrl\":\"https:\/\/abaa.mx\/tienda\/wp-content\/uploads\/2024\/01\/abaa-metrologia-tienda.png\",\"width\":300,\"height\":141,\"caption\":\"Abaa tienda online\"},\"image\":{\"@id\":\"https:\/\/abaa.mx\/tienda\/#\/schema\/logo\/image\/\"}}]}<\/script>\n<!-- \/ Yoast SEO plugin. -->","yoast_head_json":{"title":"Dwyer 3001MR Presostato-man\u00f3metro diferencial fotoh\u00e9lico (0-1 \"w.c.) - Abaa tienda online","robots":{"index":"index","follow":"follow","max-snippet":"max-snippet:-1","max-image-preview":"max-image-preview:large","max-video-preview":"max-video-preview:-1"},"canonical":"https:\/\/abaa.mx\/tienda\/dwyer-3001mr-presostato-manometro-diferencial-fotohelico-0-1-w-c\/","og_locale":"es_MX","og_type":"article","og_title":"Dwyer 3001MR Presostato-man\u00f3metro diferencial fotoh\u00e9lico (0-1 \"w.c.) - Abaa tienda online","og_description":"Dwyer 3001MR Rango de man\u00f3metro de interruptor de presi\u00f3n 0 a 1 en WC combine las funciones de un presostato diferencial preciso y altamente repetible con un man\u00f3metro anal\u00f3gico grande y f\u00e1cil de leer que emplea el dise\u00f1o duradero y probado del man\u00f3metro Magnehelic. La configuraci\u00f3n del interruptor es f\u00e1cil de ajustar con grandes perillas externas en la cara del indicador. La lectura del medidor no se ve afectada por la operaci\u00f3n del interruptor: indicar\u00e1 con precisi\u00f3n incluso si se interrumpe la alimentaci\u00f3n.","og_url":"https:\/\/abaa.mx\/tienda\/dwyer-3001mr-presostato-manometro-diferencial-fotohelico-0-1-w-c\/","og_site_name":"Abaa tienda online","article_modified_time":"2023-12-06T20:00:41+00:00","og_image":[{"width":270,"height":270,"url":"https:\/\/abaa.mx\/tienda\/wp-content\/uploads\/2023\/09\/3001MR.jpg","type":"image\/jpeg"}],"twitter_card":"summary_large_image","twitter_misc":{"Tiempo de lectura":"2 minutos"},"schema":{"@context":"https:\/\/schema.org","@graph":[{"@type":"WebPage","@id":"https:\/\/abaa.mx\/tienda\/dwyer-3001mr-presostato-manometro-diferencial-fotohelico-0-1-w-c\/","url":"https:\/\/abaa.mx\/tienda\/dwyer-3001mr-presostato-manometro-diferencial-fotohelico-0-1-w-c\/","name":"Dwyer 3001MR Presostato-man\u00f3metro diferencial fotoh\u00e9lico (0-1 \"w.c.) - Abaa tienda online","isPartOf":{"@id":"https:\/\/abaa.mx\/tienda\/#website"},"primaryImageOfPage":{"@id":"https:\/\/abaa.mx\/tienda\/dwyer-3001mr-presostato-manometro-diferencial-fotohelico-0-1-w-c\/#primaryimage"},"image":{"@id":"https:\/\/abaa.mx\/tienda\/dwyer-3001mr-presostato-manometro-diferencial-fotohelico-0-1-w-c\/#primaryimage"},"thumbnailUrl":"https:\/\/abaa.mx\/tienda\/wp-content\/uploads\/2023\/09\/3001MR.jpg","datePublished":"2023-09-26T20:47:08+00:00","dateModified":"2023-12-06T20:00:41+00:00","breadcrumb":{"@id":"https:\/\/abaa.mx\/tienda\/dwyer-3001mr-presostato-manometro-diferencial-fotohelico-0-1-w-c\/#breadcrumb"},"inLanguage":"es","potentialAction":[{"@type":"ReadAction","target":["https:\/\/abaa.mx\/tienda\/dwyer-3001mr-presostato-manometro-diferencial-fotohelico-0-1-w-c\/"]}]},{"@type":"ImageObject","inLanguage":"es","@id":"https:\/\/abaa.mx\/tienda\/dwyer-3001mr-presostato-manometro-diferencial-fotohelico-0-1-w-c\/#primaryimage","url":"https:\/\/abaa.mx\/tienda\/wp-content\/uploads\/2023\/09\/3001MR.jpg","contentUrl":"https:\/\/abaa.mx\/tienda\/wp-content\/uploads\/2023\/09\/3001MR.jpg","width":270,"height":270,"caption":"3001MR"},{"@type":"BreadcrumbList","@id":"https:\/\/abaa.mx\/tienda\/dwyer-3001mr-presostato-manometro-diferencial-fotohelico-0-1-w-c\/#breadcrumb","itemListElement":[{"@type":"ListItem","position":1,"name":"Inicio","item":"https:\/\/abaa.mx\/tienda\/"},{"@type":"ListItem","position":2,"name":"Tienda","item":"https:\/\/abaa.mx\/tienda\/"},{"@type":"ListItem","position":3,"name":"Dwyer 3001MR Presostato-man\u00f3metro diferencial fotoh\u00e9lico (0-1 &#8220;w.c.)"}]},{"@type":"WebSite","@id":"https:\/\/abaa.mx\/tienda\/#website","url":"https:\/\/abaa.mx\/tienda\/","name":"Abaa tienda online","description":"Instrumentos de medici\u00f3n","publisher":{"@id":"https:\/\/abaa.mx\/tienda\/#organization"},"potentialAction":[{"@type":"SearchAction","target":{"@type":"EntryPoint","urlTemplate":"https:\/\/abaa.mx\/tienda\/?s={search_term_string}"},"query-input":{"@type":"PropertyValueSpecification","valueRequired":true,"valueName":"search_term_string"}}],"inLanguage":"es"},{"@type":"Organization","@id":"https:\/\/abaa.mx\/tienda\/#organization","name":"Abaa tienda online","url":"https:\/\/abaa.mx\/tienda\/","logo":{"@type":"ImageObject","inLanguage":"es","@id":"https:\/\/abaa.mx\/tienda\/#\/schema\/logo\/image\/","url":"https:\/\/abaa.mx\/tienda\/wp-content\/uploads\/2024\/01\/abaa-metrologia-tienda.png","contentUrl":"https:\/\/abaa.mx\/tienda\/wp-content\/uploads\/2024\/01\/abaa-metrologia-tienda.png","width":300,"height":141,"caption":"Abaa tienda online"},"image":{"@id":"https:\/\/abaa.mx\/tienda\/#\/schema\/logo\/image\/"}}]}},"_links":{"self":[{"href":"https:\/\/abaa.mx\/tienda\/wp-json\/wp\/v2\/product\/3129","targetHints":{"allow":["GET"]}}],"collection":[{"href":"https:\/\/abaa.mx\/tienda\/wp-json\/wp\/v2\/product"}],"about":[{"href":"https:\/\/abaa.mx\/tienda\/wp-json\/wp\/v2\/types\/product"}],"replies":[{"embeddable":true,"href":"https:\/\/abaa.mx\/tienda\/wp-json\/wp\/v2\/comments?post=3129"}],"wp:featuredmedia":[{"embeddable":true,"href":"https:\/\/abaa.mx\/tienda\/wp-json\/wp\/v2\/media\/3140"}],"wp:attachment":[{"href":"https:\/\/abaa.mx\/tienda\/wp-json\/wp\/v2\/media?parent=3129"}],"wp:term":[{"taxonomy":"product_brand","embeddable":true,"href":"https:\/\/abaa.mx\/tienda\/wp-json\/wp\/v2\/product_brand?post=3129"},{"taxonomy":"product_cat","embeddable":true,"href":"https:\/\/abaa.mx\/tienda\/wp-json\/wp\/v2\/product_cat?post=3129"},{"taxonomy":"product_tag","embeddable":true,"href":"https:\/\/abaa.mx\/tienda\/wp-json\/wp\/v2\/product_tag?post=3129"}],"curies":[{"name":"wp","href":"https:\/\/api.w.org\/{rel}","templated":true}]}}