{"id":3115,"date":"2023-09-26T20:13:02","date_gmt":"2023-09-26T20:13:02","guid":{"rendered":"https:\/\/abaa.mx\/tienda\/?post_type=product&#038;p=3115"},"modified":"2023-09-26T20:13:03","modified_gmt":"2023-09-26T20:13:03","slug":"manometro-diferencial-magnehelico-dwyer-2000-0av-0-0-5-w-c-y-500-2800-fpm-escala-vertical","status":"publish","type":"product","link":"https:\/\/abaa.mx\/tienda\/manometro-diferencial-magnehelico-dwyer-2000-0av-0-0-5-w-c-y-500-2800-fpm-escala-vertical\/","title":{"rendered":"man\u00f3metro diferencial magneh\u00e9lico dwyer 2000-0av (0-0.5 &#8220;w.c. y 500-2800 fpm), escala vertical"},"content":{"rendered":"<p>El bisel proporciona brida para el montaje empotrado en el panel. La cara de pl\u00e1stico transparente es altamente resistente a la rotura. Proporciona una visualizaci\u00f3n sin distorsiones del puntero y la escala.<\/p>\n<h4>Ofertas de la serie Dwyer 2000<\/h4>\n<p><strong>Funciones<\/strong><\/p>\n<ul>\n<li>El bisel proporciona brida para el montaje empotrado en el panel<\/li>\n<li>La cara de pl\u00e1stico transparente es altamente resistente a la rotura y proporciona una visualizaci\u00f3n sin distorsiones del puntero y la escala<\/li>\n<li>La escala litoimpresa de precisi\u00f3n es precisa y f\u00e1cil de leer.<\/li>\n<li>El puntero de punta roja de tubo de aluminio tratado t\u00e9rmicamente es f\u00e1cil de ver. Est\u00e1 montado r\u00edgidamente en el eje de la h\u00e9lice.<\/li>\n<li>Los topes del puntero de caucho moldeado evitan el sobrerecorrido del puntero sin da\u00f1os.<\/li>\n<li>El conjunto &#8220;Wishbone&#8221; proporciona montaje para h\u00e9lice, cojinetes de h\u00e9lice y eje de puntero.<\/li>\n<li>Los rodamientos con joyas est\u00e1n montados resistentes a los golpes; Proporciona un movimiento pr\u00e1cticamente libre de fricci\u00f3n para la h\u00e9lice. Movimiento amortiguado con fluido de silicona de alta viscosidad.<\/li>\n<li>El tornillo de ajuste de cero est\u00e1 convenientemente ubicado en la cubierta de pl\u00e1stico y es accesible sin quitar la cubierta. El sello de junta t\u00f3rica proporciona estanqueidad a la presi\u00f3n.<\/li>\n<li>Helix es una precisi\u00f3n hecha de una aleaci\u00f3n de alta permeabilidad magn\u00e9tica. Montado en rodamientos enjoyados, gira libremente, siguiendo el campo magn\u00e9tico para mover el puntero a trav\u00e9s de la escala.<\/li>\n<li>El resorte de rango calibrado es acero de resorte plano. La peque\u00f1a amplitud de movimiento asegura consistencia y larga vida. Reacciona a la presi\u00f3n sobre el diafragma. Longitud de vida ajustable para calibraci\u00f3n.<\/li>\n<li>El diafragma de caucho de silicona con junta t\u00f3rica moldeada integralmente est\u00e1 soportado por placas delantera y trasera. Est\u00e1 bloqueado y sellado en posici\u00f3n con una placa de sellado y un anillo de retenci\u00f3n. El movimiento del diafragma est\u00e1 restringido para evitar da\u00f1os debido a sobrepresiones.<\/li>\n<li>La caja de aluminio fundido a presi\u00f3n est\u00e1 hecha con precisi\u00f3n y sumergida en iridita para soportar una prueba de corrosi\u00f3n por niebla salina de 168 horas. Exterior acabado en hammerloid gris oscuro horneado. Se utiliza un tama\u00f1o de caja para todas las opciones de presi\u00f3n est\u00e1ndar y para el montaje en superficie y empotrado.<\/li>\n<li>El tap\u00f3n de revent\u00f3n se compone de un tap\u00f3n de goma en la parte trasera que funciona como una v\u00e1lvula de alivio al descolocar y ventilar el interior del medidor cuando la sobrepresi\u00f3n alcanza aproximadamente 25 psig (1,7 bar). Para proporcionar un camino libre para el alivio de la presi\u00f3n, hay cuatro almohadillas espaciadoras que mantienen un espacio libre de 0.023 &#8220;cuando el medidor est\u00e1 montado en la superficie. No obstruya el espacio creado por estas almohadillas. El tap\u00f3n de revent\u00f3n no se utiliza en modelos de m\u00e1s de 180&#8221; de presi\u00f3n de agua, modelos de media o alta presi\u00f3n, o en medidores que requieren un elast\u00f3mero que no sea silicona para el diafragma. El tap\u00f3n de revent\u00f3n no debe utilizarse como control de sobrepresi\u00f3n del sistema. Las altas presiones de suministro a\u00fan pueden hacer que el medidor falle debido a la sobrepresurizaci\u00f3n, lo que resulta en da\u00f1os a la propiedad o lesiones graves. Se deben utilizar buenas pr\u00e1cticas de ingenier\u00eda para evitar que su sistema exceda las clasificaciones o cualquier componente.<\/li>\n<li>El sello de junta t\u00f3rica para la cubierta asegura la integridad de la presi\u00f3n de la caja.<\/li>\n<li>El im\u00e1n de samario cobalto montado en un extremo del resorte de rango gira la h\u00e9lice sin enlaces mec\u00e1nicos.<\/li>\n<\/ul>\n<p><strong>Aplicaciones<\/strong><\/p>\n<ul>\n<li>Monitoreo de filtros<\/li>\n<li>Velocidad del aire con tubo Dwyer Pitot<\/li>\n<li>Monitoreo de vac\u00edo del soplador<\/li>\n<li>Indicaci\u00f3n de presi\u00f3n del ventilador<\/li>\n<li>Presiones de conductos, habitaciones o edificios<\/li>\n<li>Indicaci\u00f3n de presi\u00f3n positiva en sala limpia<\/li>\n<\/ul>\n<h4>Dwyer 2000-0AV Especificaciones<\/h4>\n<table class=\"table table-striped\">\n<tbody>\n<tr>\n<td>Servicio<\/td>\n<td>Aire y gases no combustibles<br \/>\n, compatibles Se puede usar con hidr\u00f3geno<br \/>\nLas presiones deben ser inferiores a 35 psi<\/td>\n<\/tr>\n<tr>\n<td>Vivienda<\/td>\n<td>Caja y bisel de aluminio fundido a presi\u00f3n, con cubierta<br \/>\nde acr\u00edlico El acabado exterior est\u00e1 recubierto de gris para soportar una prueba de corrosi\u00f3n por niebla salina de 168 horas<\/td>\n<\/tr>\n<tr>\n<td>Exactitud<\/td>\n<td>\u00b12% (-HA modelo \u00b11) de FS (\u00b13% (-HA \u00b11.5%) en rangos -0, -100 PA, -125 PA, -10 MM \u00b14% (-HA<br \/>\n\u00b12%) en rangos -00, -60PA, -6MM), en todo el rango a 70\u00b0F (21.1\u00b0C)<\/td>\n<\/tr>\n<tr>\n<td>L\u00edmites de presi\u00f3n<\/td>\n<td>-20 pulgadas de Hg. a 15 psig.\u2020 (-0,677 bar a 1,034 bar) Opci\u00f3n MP: 35 psig (2,41 bar), Opci\u00f3n HP: 80 psig (5,52 bar)<\/td>\n<\/tr>\n<tr>\n<td>Clasificaci\u00f3n de la carcasa<\/td>\n<td>IP67<\/td>\n<\/tr>\n<tr>\n<td>Sobrepresi\u00f3n<\/td>\n<td>El tap\u00f3n de alivio se abre a aproximadamente 25 psig (1,72 bar), solo medidores est\u00e1ndar<\/td>\n<\/tr>\n<tr>\n<td>L\u00edmites de temperatura<\/td>\n<td>20 a 140 \u00b0F (-6,67 a 60 \u00b0C) -20 \u00b0F (-28 \u00b0C)<br \/>\ncon opci\u00f3n de baja temperatura<\/td>\n<\/tr>\n<tr>\n<td>Orientaci\u00f3n de montaje<\/td>\n<td>Diafragma en posici\u00f3n vertical<\/td>\n<\/tr>\n<tr>\n<td>Conexiones de proceso<\/td>\n<td>Grifos NPT duplicados de alta y baja presi\u00f3n emale de 1\/8&#8243; &#8211; un par de lado y un par de espalda<\/td>\n<\/tr>\n<tr>\n<td>Dimensiones<\/td>\n<td>Esfera de esfera de 4&#8243; (101,6 mm) de di\u00e1metro<\/td>\n<\/tr>\n<\/tbody>\n<\/table>\n","protected":false},"excerpt":{"rendered":"<p>El bisel proporciona brida para el montaje empotrado en el panel. La cara de pl\u00e1stico transparente es altamente resistente a la rotura. Proporciona una visualizaci\u00f3n sin distorsiones del puntero y la escala.<\/p>\n","protected":false},"featured_media":3116,"comment_status":"open","ping_status":"closed","template":"","meta":{"_joinchat":[]},"product_brand":[],"product_cat":[15],"product_tag":[],"class_list":{"0":"post-3115","1":"product","2":"type-product","3":"status-publish","4":"has-post-thumbnail","6":"product_cat-sin-categorizar","8":"first","9":"instock","10":"shipping-taxable","11":"product-type-simple"},"yoast_head":"<!-- This site is optimized with the Yoast SEO plugin v26.4 - https:\/\/yoast.com\/wordpress\/plugins\/seo\/ -->\n<title>man\u00f3metro diferencial magneh\u00e9lico dwyer 2000-0av (0-0.5 &quot;w.c. y 500-2800 fpm), escala vertical - Abaa tienda online<\/title>\n<meta name=\"robots\" content=\"index, follow, max-snippet:-1, max-image-preview:large, max-video-preview:-1\" \/>\n<link rel=\"canonical\" href=\"https:\/\/abaa.mx\/tienda\/manometro-diferencial-magnehelico-dwyer-2000-0av-0-0-5-w-c-y-500-2800-fpm-escala-vertical\/\" \/>\n<meta property=\"og:locale\" content=\"es_MX\" \/>\n<meta property=\"og:type\" content=\"article\" \/>\n<meta property=\"og:title\" content=\"man\u00f3metro diferencial magneh\u00e9lico dwyer 2000-0av (0-0.5 &quot;w.c. y 500-2800 fpm), escala vertical - Abaa tienda online\" \/>\n<meta property=\"og:description\" content=\"El bisel proporciona brida para el montaje empotrado en el panel. La cara de pl\u00e1stico transparente es altamente resistente a la rotura. Proporciona una visualizaci\u00f3n sin distorsiones del puntero y la escala.\" \/>\n<meta property=\"og:url\" content=\"https:\/\/abaa.mx\/tienda\/manometro-diferencial-magnehelico-dwyer-2000-0av-0-0-5-w-c-y-500-2800-fpm-escala-vertical\/\" \/>\n<meta property=\"og:site_name\" content=\"Abaa tienda online\" \/>\n<meta property=\"article:modified_time\" content=\"2023-09-26T20:13:03+00:00\" \/>\n<meta property=\"og:image\" content=\"https:\/\/abaa.mx\/tienda\/wp-content\/uploads\/2023\/09\/2000-0AV.jpg\" \/>\n\t<meta property=\"og:image:width\" content=\"270\" \/>\n\t<meta property=\"og:image:height\" content=\"230\" \/>\n\t<meta property=\"og:image:type\" content=\"image\/jpeg\" \/>\n<meta name=\"twitter:card\" content=\"summary_large_image\" \/>\n<meta name=\"twitter:label1\" content=\"Tiempo de lectura\" \/>\n\t<meta name=\"twitter:data1\" content=\"4 minutos\" \/>\n<script type=\"application\/ld+json\" class=\"yoast-schema-graph\">{\"@context\":\"https:\/\/schema.org\",\"@graph\":[{\"@type\":\"WebPage\",\"@id\":\"https:\/\/abaa.mx\/tienda\/manometro-diferencial-magnehelico-dwyer-2000-0av-0-0-5-w-c-y-500-2800-fpm-escala-vertical\/\",\"url\":\"https:\/\/abaa.mx\/tienda\/manometro-diferencial-magnehelico-dwyer-2000-0av-0-0-5-w-c-y-500-2800-fpm-escala-vertical\/\",\"name\":\"man\u00f3metro diferencial magneh\u00e9lico dwyer 2000-0av (0-0.5 \\\"w.c. y 500-2800 fpm), escala vertical - Abaa tienda online\",\"isPartOf\":{\"@id\":\"https:\/\/abaa.mx\/tienda\/#website\"},\"primaryImageOfPage\":{\"@id\":\"https:\/\/abaa.mx\/tienda\/manometro-diferencial-magnehelico-dwyer-2000-0av-0-0-5-w-c-y-500-2800-fpm-escala-vertical\/#primaryimage\"},\"image\":{\"@id\":\"https:\/\/abaa.mx\/tienda\/manometro-diferencial-magnehelico-dwyer-2000-0av-0-0-5-w-c-y-500-2800-fpm-escala-vertical\/#primaryimage\"},\"thumbnailUrl\":\"https:\/\/abaa.mx\/tienda\/wp-content\/uploads\/2023\/09\/2000-0AV.jpg\",\"datePublished\":\"2023-09-26T20:13:02+00:00\",\"dateModified\":\"2023-09-26T20:13:03+00:00\",\"breadcrumb\":{\"@id\":\"https:\/\/abaa.mx\/tienda\/manometro-diferencial-magnehelico-dwyer-2000-0av-0-0-5-w-c-y-500-2800-fpm-escala-vertical\/#breadcrumb\"},\"inLanguage\":\"es\",\"potentialAction\":[{\"@type\":\"ReadAction\",\"target\":[\"https:\/\/abaa.mx\/tienda\/manometro-diferencial-magnehelico-dwyer-2000-0av-0-0-5-w-c-y-500-2800-fpm-escala-vertical\/\"]}]},{\"@type\":\"ImageObject\",\"inLanguage\":\"es\",\"@id\":\"https:\/\/abaa.mx\/tienda\/manometro-diferencial-magnehelico-dwyer-2000-0av-0-0-5-w-c-y-500-2800-fpm-escala-vertical\/#primaryimage\",\"url\":\"https:\/\/abaa.mx\/tienda\/wp-content\/uploads\/2023\/09\/2000-0AV.jpg\",\"contentUrl\":\"https:\/\/abaa.mx\/tienda\/wp-content\/uploads\/2023\/09\/2000-0AV.jpg\",\"width\":270,\"height\":230,\"caption\":\"2000-0AV\"},{\"@type\":\"BreadcrumbList\",\"@id\":\"https:\/\/abaa.mx\/tienda\/manometro-diferencial-magnehelico-dwyer-2000-0av-0-0-5-w-c-y-500-2800-fpm-escala-vertical\/#breadcrumb\",\"itemListElement\":[{\"@type\":\"ListItem\",\"position\":1,\"name\":\"Inicio\",\"item\":\"https:\/\/abaa.mx\/tienda\/\"},{\"@type\":\"ListItem\",\"position\":2,\"name\":\"Tienda\",\"item\":\"https:\/\/abaa.mx\/tienda\/\"},{\"@type\":\"ListItem\",\"position\":3,\"name\":\"man\u00f3metro diferencial magneh\u00e9lico dwyer 2000-0av (0-0.5 &#8220;w.c. y 500-2800 fpm), escala vertical\"}]},{\"@type\":\"WebSite\",\"@id\":\"https:\/\/abaa.mx\/tienda\/#website\",\"url\":\"https:\/\/abaa.mx\/tienda\/\",\"name\":\"Abaa tienda online\",\"description\":\"Instrumentos de medici\u00f3n\",\"publisher\":{\"@id\":\"https:\/\/abaa.mx\/tienda\/#organization\"},\"potentialAction\":[{\"@type\":\"SearchAction\",\"target\":{\"@type\":\"EntryPoint\",\"urlTemplate\":\"https:\/\/abaa.mx\/tienda\/?s={search_term_string}\"},\"query-input\":{\"@type\":\"PropertyValueSpecification\",\"valueRequired\":true,\"valueName\":\"search_term_string\"}}],\"inLanguage\":\"es\"},{\"@type\":\"Organization\",\"@id\":\"https:\/\/abaa.mx\/tienda\/#organization\",\"name\":\"Abaa tienda online\",\"url\":\"https:\/\/abaa.mx\/tienda\/\",\"logo\":{\"@type\":\"ImageObject\",\"inLanguage\":\"es\",\"@id\":\"https:\/\/abaa.mx\/tienda\/#\/schema\/logo\/image\/\",\"url\":\"https:\/\/abaa.mx\/tienda\/wp-content\/uploads\/2024\/01\/abaa-metrologia-tienda.png\",\"contentUrl\":\"https:\/\/abaa.mx\/tienda\/wp-content\/uploads\/2024\/01\/abaa-metrologia-tienda.png\",\"width\":300,\"height\":141,\"caption\":\"Abaa tienda online\"},\"image\":{\"@id\":\"https:\/\/abaa.mx\/tienda\/#\/schema\/logo\/image\/\"}}]}<\/script>\n<!-- \/ Yoast SEO plugin. -->","yoast_head_json":{"title":"man\u00f3metro diferencial magneh\u00e9lico dwyer 2000-0av (0-0.5 \"w.c. y 500-2800 fpm), escala vertical - Abaa tienda online","robots":{"index":"index","follow":"follow","max-snippet":"max-snippet:-1","max-image-preview":"max-image-preview:large","max-video-preview":"max-video-preview:-1"},"canonical":"https:\/\/abaa.mx\/tienda\/manometro-diferencial-magnehelico-dwyer-2000-0av-0-0-5-w-c-y-500-2800-fpm-escala-vertical\/","og_locale":"es_MX","og_type":"article","og_title":"man\u00f3metro diferencial magneh\u00e9lico dwyer 2000-0av (0-0.5 \"w.c. y 500-2800 fpm), escala vertical - Abaa tienda online","og_description":"El bisel proporciona brida para el montaje empotrado en el panel. La cara de pl\u00e1stico transparente es altamente resistente a la rotura. Proporciona una visualizaci\u00f3n sin distorsiones del puntero y la escala.","og_url":"https:\/\/abaa.mx\/tienda\/manometro-diferencial-magnehelico-dwyer-2000-0av-0-0-5-w-c-y-500-2800-fpm-escala-vertical\/","og_site_name":"Abaa tienda online","article_modified_time":"2023-09-26T20:13:03+00:00","og_image":[{"width":270,"height":230,"url":"https:\/\/abaa.mx\/tienda\/wp-content\/uploads\/2023\/09\/2000-0AV.jpg","type":"image\/jpeg"}],"twitter_card":"summary_large_image","twitter_misc":{"Tiempo de lectura":"4 minutos"},"schema":{"@context":"https:\/\/schema.org","@graph":[{"@type":"WebPage","@id":"https:\/\/abaa.mx\/tienda\/manometro-diferencial-magnehelico-dwyer-2000-0av-0-0-5-w-c-y-500-2800-fpm-escala-vertical\/","url":"https:\/\/abaa.mx\/tienda\/manometro-diferencial-magnehelico-dwyer-2000-0av-0-0-5-w-c-y-500-2800-fpm-escala-vertical\/","name":"man\u00f3metro diferencial magneh\u00e9lico dwyer 2000-0av (0-0.5 \"w.c. y 500-2800 fpm), escala vertical - Abaa tienda online","isPartOf":{"@id":"https:\/\/abaa.mx\/tienda\/#website"},"primaryImageOfPage":{"@id":"https:\/\/abaa.mx\/tienda\/manometro-diferencial-magnehelico-dwyer-2000-0av-0-0-5-w-c-y-500-2800-fpm-escala-vertical\/#primaryimage"},"image":{"@id":"https:\/\/abaa.mx\/tienda\/manometro-diferencial-magnehelico-dwyer-2000-0av-0-0-5-w-c-y-500-2800-fpm-escala-vertical\/#primaryimage"},"thumbnailUrl":"https:\/\/abaa.mx\/tienda\/wp-content\/uploads\/2023\/09\/2000-0AV.jpg","datePublished":"2023-09-26T20:13:02+00:00","dateModified":"2023-09-26T20:13:03+00:00","breadcrumb":{"@id":"https:\/\/abaa.mx\/tienda\/manometro-diferencial-magnehelico-dwyer-2000-0av-0-0-5-w-c-y-500-2800-fpm-escala-vertical\/#breadcrumb"},"inLanguage":"es","potentialAction":[{"@type":"ReadAction","target":["https:\/\/abaa.mx\/tienda\/manometro-diferencial-magnehelico-dwyer-2000-0av-0-0-5-w-c-y-500-2800-fpm-escala-vertical\/"]}]},{"@type":"ImageObject","inLanguage":"es","@id":"https:\/\/abaa.mx\/tienda\/manometro-diferencial-magnehelico-dwyer-2000-0av-0-0-5-w-c-y-500-2800-fpm-escala-vertical\/#primaryimage","url":"https:\/\/abaa.mx\/tienda\/wp-content\/uploads\/2023\/09\/2000-0AV.jpg","contentUrl":"https:\/\/abaa.mx\/tienda\/wp-content\/uploads\/2023\/09\/2000-0AV.jpg","width":270,"height":230,"caption":"2000-0AV"},{"@type":"BreadcrumbList","@id":"https:\/\/abaa.mx\/tienda\/manometro-diferencial-magnehelico-dwyer-2000-0av-0-0-5-w-c-y-500-2800-fpm-escala-vertical\/#breadcrumb","itemListElement":[{"@type":"ListItem","position":1,"name":"Inicio","item":"https:\/\/abaa.mx\/tienda\/"},{"@type":"ListItem","position":2,"name":"Tienda","item":"https:\/\/abaa.mx\/tienda\/"},{"@type":"ListItem","position":3,"name":"man\u00f3metro diferencial magneh\u00e9lico dwyer 2000-0av (0-0.5 &#8220;w.c. y 500-2800 fpm), escala vertical"}]},{"@type":"WebSite","@id":"https:\/\/abaa.mx\/tienda\/#website","url":"https:\/\/abaa.mx\/tienda\/","name":"Abaa tienda online","description":"Instrumentos de medici\u00f3n","publisher":{"@id":"https:\/\/abaa.mx\/tienda\/#organization"},"potentialAction":[{"@type":"SearchAction","target":{"@type":"EntryPoint","urlTemplate":"https:\/\/abaa.mx\/tienda\/?s={search_term_string}"},"query-input":{"@type":"PropertyValueSpecification","valueRequired":true,"valueName":"search_term_string"}}],"inLanguage":"es"},{"@type":"Organization","@id":"https:\/\/abaa.mx\/tienda\/#organization","name":"Abaa tienda online","url":"https:\/\/abaa.mx\/tienda\/","logo":{"@type":"ImageObject","inLanguage":"es","@id":"https:\/\/abaa.mx\/tienda\/#\/schema\/logo\/image\/","url":"https:\/\/abaa.mx\/tienda\/wp-content\/uploads\/2024\/01\/abaa-metrologia-tienda.png","contentUrl":"https:\/\/abaa.mx\/tienda\/wp-content\/uploads\/2024\/01\/abaa-metrologia-tienda.png","width":300,"height":141,"caption":"Abaa tienda online"},"image":{"@id":"https:\/\/abaa.mx\/tienda\/#\/schema\/logo\/image\/"}}]}},"_links":{"self":[{"href":"https:\/\/abaa.mx\/tienda\/wp-json\/wp\/v2\/product\/3115","targetHints":{"allow":["GET"]}}],"collection":[{"href":"https:\/\/abaa.mx\/tienda\/wp-json\/wp\/v2\/product"}],"about":[{"href":"https:\/\/abaa.mx\/tienda\/wp-json\/wp\/v2\/types\/product"}],"replies":[{"embeddable":true,"href":"https:\/\/abaa.mx\/tienda\/wp-json\/wp\/v2\/comments?post=3115"}],"wp:featuredmedia":[{"embeddable":true,"href":"https:\/\/abaa.mx\/tienda\/wp-json\/wp\/v2\/media\/3116"}],"wp:attachment":[{"href":"https:\/\/abaa.mx\/tienda\/wp-json\/wp\/v2\/media?parent=3115"}],"wp:term":[{"taxonomy":"product_brand","embeddable":true,"href":"https:\/\/abaa.mx\/tienda\/wp-json\/wp\/v2\/product_brand?post=3115"},{"taxonomy":"product_cat","embeddable":true,"href":"https:\/\/abaa.mx\/tienda\/wp-json\/wp\/v2\/product_cat?post=3115"},{"taxonomy":"product_tag","embeddable":true,"href":"https:\/\/abaa.mx\/tienda\/wp-json\/wp\/v2\/product_tag?post=3115"}],"curies":[{"name":"wp","href":"https:\/\/api.w.org\/{rel}","templated":true}]}}