{"id":3098,"date":"2023-09-26T20:25:16","date_gmt":"2023-09-26T20:25:16","guid":{"rendered":"https:\/\/abaa.mx\/tienda\/?post_type=product&#038;p=3098"},"modified":"2023-09-26T20:25:17","modified_gmt":"2023-09-26T20:25:17","slug":"calibrador-de-presion-intrinsecamente-seguro-fluke-718ex-300","status":"publish","type":"product","link":"https:\/\/abaa.mx\/tienda\/calibrador-de-presion-intrinsecamente-seguro-fluke-718ex-300\/","title":{"rendered":"Calibrador de presi\u00f3n intr\u00ednsecamente seguro fluke 718ex-300"},"content":{"rendered":"<h4>Ofertas del Fluke 718EX-300<\/h4>\n<p>&nbsp;<\/p>\n<h5><strong>Funciones<\/strong><\/h5>\n<ul>\n<li>Fuente de presi\u00f3n y medici\u00f3n de miliamperios para calibrar y mantener casi cualquier dispositivo de presi\u00f3n<\/li>\n<li>La bomba integrada se limpia f\u00e1cilmente cuando se expone accidentalmente a fluidos, lo que reduce el costo de propiedad y reparaciones y permite el mantenimiento de la bomba en el campo<\/li>\n<li>C\u00e1lculo del % de error para una toma de decisiones m\u00e1s r\u00e1pida de aprobado\/no aprobado en el campo<\/li>\n<li>La mejor precisi\u00f3n mA de su clase del 0,015 % para una mejor confianza en la medici\u00f3n y cobertura de la carga de trabajo<\/li>\n<li>M\u00edn.\/M\u00e1x.\/Mantener para capturar mediciones cambiantes<\/li>\n<li>Funci\u00f3n de prueba de interruptores para pruebas de interruptores de presi\u00f3n m\u00e1s r\u00e1pidas y precisas<\/li>\n<li>Los nuevos rangos de presi\u00f3n de 1 y 300 PSI significan que se requieren menos herramientas adicionales<\/li>\n<li>Rangos de 1, 30, 100 y 300 PSI ahora disponibles<\/li>\n<\/ul>\n<h5><strong>Aplicaciones<\/strong><\/h5>\n<ul>\n<li>Calibraci\u00f3n de instrumentos de presi\u00f3n<\/li>\n<li>Mantenimiento de instrumentos de presi\u00f3n<\/li>\n<li>Petroqu\u00edmica<\/li>\n<li>Petr\u00f3leo y Gas<\/li>\n<li>Farmac\u00e9utico<\/li>\n<li>Agua y aguas residuales<\/li>\n<li>Alimentos y bebidas<\/li>\n<li>Generaci\u00f3n de energ\u00eda<\/li>\n<\/ul>\n<h4>Fluke 718EX-300 Especificaciones<\/h4>\n<table class=\"table table-striped\">\n<tbody>\n<tr>\n<td>Gama<\/td>\n<td>-830 mbar a 20 bar (sensor interno) Sobrepresi\u00f3n: 375 psi, 25 bar<\/td>\n<\/tr>\n<tr>\n<td>Resoluci\u00f3n<\/td>\n<td>0,0001 bar<\/td>\n<\/tr>\n<tr>\n<td>Exactitud<\/td>\n<td>0,05% FS<\/td>\n<\/tr>\n<tr>\n<td>Funciones<\/td>\n<td>Cero, M\u00edn., M\u00e1x., Mantener, H\u00famedo<\/td>\n<\/tr>\n<tr>\n<td>Poder<\/td>\n<td>Una pila alcalina de 9 voltios<\/td>\n<\/tr>\n<tr>\n<td>Duraci\u00f3n de la bater\u00eda<\/td>\n<td>De 4 a 20 horas, dependiendo de las funciones utilizadas<\/td>\n<\/tr>\n<tr>\n<td>Temperatura de funcionamiento<\/td>\n<td>-10 a 55 \u00b0C<\/td>\n<\/tr>\n<tr>\n<td>Temperatura no operativa<\/td>\n<td>-40 a 71 \u00b0C<\/td>\n<\/tr>\n<tr>\n<td>Tama\u00f1o (LxWxD)<\/td>\n<td>216 mm x 94 mm x 66 mm (8,50 en x 3,72 en en x 2,60 pulgadas)<\/td>\n<\/tr>\n<tr>\n<td>Peso<\/td>\n<td>35 onzas (992 g)<\/td>\n<\/tr>\n<tr>\n<td>Vibraci\u00f3n<\/td>\n<td>Aleatorio, 2g, 5-500 Hz<\/td>\n<\/tr>\n<tr>\n<td>Shock<\/td>\n<td>Prueba de ca\u00edda de 1 metro<\/td>\n<\/tr>\n<\/tbody>\n<\/table>\n","protected":false},"excerpt":{"rendered":"<p class=\"short-description mhide ipad-view-setting\">Potente calibrador de presi\u00f3n aut\u00f3nomo intr\u00ednsecamente seguro para su uso en \u00e1reas en peligro de explosi\u00f3n. Medici\u00f3n de corriente con 0,02% de precisi\u00f3n y resoluci\u00f3n de 0,001 mA.<\/p>\n<p class=\"comment-tag-product\">\n","protected":false},"featured_media":3132,"comment_status":"open","ping_status":"closed","template":"","meta":{"_joinchat":[]},"product_brand":[],"product_cat":[15],"product_tag":[],"class_list":{"0":"post-3098","1":"product","2":"type-product","3":"status-publish","4":"has-post-thumbnail","6":"product_cat-sin-categorizar","8":"first","9":"instock","10":"shipping-taxable","11":"product-type-simple"},"yoast_head":"<!-- This site is optimized with the Yoast SEO plugin v26.4 - https:\/\/yoast.com\/wordpress\/plugins\/seo\/ -->\n<title>Calibrador de presi\u00f3n intr\u00ednsecamente seguro fluke 718ex-300 - Abaa tienda online<\/title>\n<meta name=\"robots\" content=\"index, follow, max-snippet:-1, max-image-preview:large, max-video-preview:-1\" \/>\n<link rel=\"canonical\" href=\"https:\/\/abaa.mx\/tienda\/calibrador-de-presion-intrinsecamente-seguro-fluke-718ex-300\/\" \/>\n<meta property=\"og:locale\" content=\"es_MX\" \/>\n<meta property=\"og:type\" content=\"article\" \/>\n<meta property=\"og:title\" content=\"Calibrador de presi\u00f3n intr\u00ednsecamente seguro fluke 718ex-300 - Abaa tienda online\" \/>\n<meta property=\"og:description\" content=\"Potente calibrador de presi\u00f3n aut\u00f3nomo intr\u00ednsecamente seguro para su uso en \u00e1reas en peligro de explosi\u00f3n. Medici\u00f3n de corriente con 0,02% de precisi\u00f3n y resoluci\u00f3n de 0,001 mA.\" \/>\n<meta property=\"og:url\" content=\"https:\/\/abaa.mx\/tienda\/calibrador-de-presion-intrinsecamente-seguro-fluke-718ex-300\/\" \/>\n<meta property=\"og:site_name\" content=\"Abaa tienda online\" \/>\n<meta property=\"article:modified_time\" content=\"2023-09-26T20:25:17+00:00\" \/>\n<meta property=\"og:image\" content=\"https:\/\/abaa.mx\/tienda\/wp-content\/uploads\/2023\/09\/718EX-300.jpg\" \/>\n\t<meta property=\"og:image:width\" content=\"700\" \/>\n\t<meta property=\"og:image:height\" content=\"800\" \/>\n\t<meta property=\"og:image:type\" content=\"image\/jpeg\" \/>\n<meta name=\"twitter:card\" content=\"summary_large_image\" \/>\n<meta name=\"twitter:label1\" content=\"Tiempo de lectura\" \/>\n\t<meta name=\"twitter:data1\" content=\"2 minutos\" \/>\n<script type=\"application\/ld+json\" class=\"yoast-schema-graph\">{\"@context\":\"https:\/\/schema.org\",\"@graph\":[{\"@type\":\"WebPage\",\"@id\":\"https:\/\/abaa.mx\/tienda\/calibrador-de-presion-intrinsecamente-seguro-fluke-718ex-300\/\",\"url\":\"https:\/\/abaa.mx\/tienda\/calibrador-de-presion-intrinsecamente-seguro-fluke-718ex-300\/\",\"name\":\"Calibrador de presi\u00f3n intr\u00ednsecamente seguro fluke 718ex-300 - Abaa tienda online\",\"isPartOf\":{\"@id\":\"https:\/\/abaa.mx\/tienda\/#website\"},\"primaryImageOfPage\":{\"@id\":\"https:\/\/abaa.mx\/tienda\/calibrador-de-presion-intrinsecamente-seguro-fluke-718ex-300\/#primaryimage\"},\"image\":{\"@id\":\"https:\/\/abaa.mx\/tienda\/calibrador-de-presion-intrinsecamente-seguro-fluke-718ex-300\/#primaryimage\"},\"thumbnailUrl\":\"https:\/\/abaa.mx\/tienda\/wp-content\/uploads\/2023\/09\/718EX-300.jpg\",\"datePublished\":\"2023-09-26T20:25:16+00:00\",\"dateModified\":\"2023-09-26T20:25:17+00:00\",\"breadcrumb\":{\"@id\":\"https:\/\/abaa.mx\/tienda\/calibrador-de-presion-intrinsecamente-seguro-fluke-718ex-300\/#breadcrumb\"},\"inLanguage\":\"es\",\"potentialAction\":[{\"@type\":\"ReadAction\",\"target\":[\"https:\/\/abaa.mx\/tienda\/calibrador-de-presion-intrinsecamente-seguro-fluke-718ex-300\/\"]}]},{\"@type\":\"ImageObject\",\"inLanguage\":\"es\",\"@id\":\"https:\/\/abaa.mx\/tienda\/calibrador-de-presion-intrinsecamente-seguro-fluke-718ex-300\/#primaryimage\",\"url\":\"https:\/\/abaa.mx\/tienda\/wp-content\/uploads\/2023\/09\/718EX-300.jpg\",\"contentUrl\":\"https:\/\/abaa.mx\/tienda\/wp-content\/uploads\/2023\/09\/718EX-300.jpg\",\"width\":700,\"height\":800,\"caption\":\"calibrador-de-presion-intrinsecamente-seguro-fluke-718ex-300\"},{\"@type\":\"BreadcrumbList\",\"@id\":\"https:\/\/abaa.mx\/tienda\/calibrador-de-presion-intrinsecamente-seguro-fluke-718ex-300\/#breadcrumb\",\"itemListElement\":[{\"@type\":\"ListItem\",\"position\":1,\"name\":\"Inicio\",\"item\":\"https:\/\/abaa.mx\/tienda\/\"},{\"@type\":\"ListItem\",\"position\":2,\"name\":\"Tienda\",\"item\":\"https:\/\/abaa.mx\/tienda\/\"},{\"@type\":\"ListItem\",\"position\":3,\"name\":\"Calibrador de presi\u00f3n intr\u00ednsecamente seguro fluke 718ex-300\"}]},{\"@type\":\"WebSite\",\"@id\":\"https:\/\/abaa.mx\/tienda\/#website\",\"url\":\"https:\/\/abaa.mx\/tienda\/\",\"name\":\"Abaa tienda online\",\"description\":\"Instrumentos de medici\u00f3n\",\"publisher\":{\"@id\":\"https:\/\/abaa.mx\/tienda\/#organization\"},\"potentialAction\":[{\"@type\":\"SearchAction\",\"target\":{\"@type\":\"EntryPoint\",\"urlTemplate\":\"https:\/\/abaa.mx\/tienda\/?s={search_term_string}\"},\"query-input\":{\"@type\":\"PropertyValueSpecification\",\"valueRequired\":true,\"valueName\":\"search_term_string\"}}],\"inLanguage\":\"es\"},{\"@type\":\"Organization\",\"@id\":\"https:\/\/abaa.mx\/tienda\/#organization\",\"name\":\"Abaa tienda online\",\"url\":\"https:\/\/abaa.mx\/tienda\/\",\"logo\":{\"@type\":\"ImageObject\",\"inLanguage\":\"es\",\"@id\":\"https:\/\/abaa.mx\/tienda\/#\/schema\/logo\/image\/\",\"url\":\"https:\/\/abaa.mx\/tienda\/wp-content\/uploads\/2024\/01\/abaa-metrologia-tienda.png\",\"contentUrl\":\"https:\/\/abaa.mx\/tienda\/wp-content\/uploads\/2024\/01\/abaa-metrologia-tienda.png\",\"width\":300,\"height\":141,\"caption\":\"Abaa tienda online\"},\"image\":{\"@id\":\"https:\/\/abaa.mx\/tienda\/#\/schema\/logo\/image\/\"}}]}<\/script>\n<!-- \/ Yoast SEO plugin. -->","yoast_head_json":{"title":"Calibrador de presi\u00f3n intr\u00ednsecamente seguro fluke 718ex-300 - Abaa tienda online","robots":{"index":"index","follow":"follow","max-snippet":"max-snippet:-1","max-image-preview":"max-image-preview:large","max-video-preview":"max-video-preview:-1"},"canonical":"https:\/\/abaa.mx\/tienda\/calibrador-de-presion-intrinsecamente-seguro-fluke-718ex-300\/","og_locale":"es_MX","og_type":"article","og_title":"Calibrador de presi\u00f3n intr\u00ednsecamente seguro fluke 718ex-300 - Abaa tienda online","og_description":"Potente calibrador de presi\u00f3n aut\u00f3nomo intr\u00ednsecamente seguro para su uso en \u00e1reas en peligro de explosi\u00f3n. Medici\u00f3n de corriente con 0,02% de precisi\u00f3n y resoluci\u00f3n de 0,001 mA.","og_url":"https:\/\/abaa.mx\/tienda\/calibrador-de-presion-intrinsecamente-seguro-fluke-718ex-300\/","og_site_name":"Abaa tienda online","article_modified_time":"2023-09-26T20:25:17+00:00","og_image":[{"width":700,"height":800,"url":"https:\/\/abaa.mx\/tienda\/wp-content\/uploads\/2023\/09\/718EX-300.jpg","type":"image\/jpeg"}],"twitter_card":"summary_large_image","twitter_misc":{"Tiempo de lectura":"2 minutos"},"schema":{"@context":"https:\/\/schema.org","@graph":[{"@type":"WebPage","@id":"https:\/\/abaa.mx\/tienda\/calibrador-de-presion-intrinsecamente-seguro-fluke-718ex-300\/","url":"https:\/\/abaa.mx\/tienda\/calibrador-de-presion-intrinsecamente-seguro-fluke-718ex-300\/","name":"Calibrador de presi\u00f3n intr\u00ednsecamente seguro fluke 718ex-300 - Abaa tienda online","isPartOf":{"@id":"https:\/\/abaa.mx\/tienda\/#website"},"primaryImageOfPage":{"@id":"https:\/\/abaa.mx\/tienda\/calibrador-de-presion-intrinsecamente-seguro-fluke-718ex-300\/#primaryimage"},"image":{"@id":"https:\/\/abaa.mx\/tienda\/calibrador-de-presion-intrinsecamente-seguro-fluke-718ex-300\/#primaryimage"},"thumbnailUrl":"https:\/\/abaa.mx\/tienda\/wp-content\/uploads\/2023\/09\/718EX-300.jpg","datePublished":"2023-09-26T20:25:16+00:00","dateModified":"2023-09-26T20:25:17+00:00","breadcrumb":{"@id":"https:\/\/abaa.mx\/tienda\/calibrador-de-presion-intrinsecamente-seguro-fluke-718ex-300\/#breadcrumb"},"inLanguage":"es","potentialAction":[{"@type":"ReadAction","target":["https:\/\/abaa.mx\/tienda\/calibrador-de-presion-intrinsecamente-seguro-fluke-718ex-300\/"]}]},{"@type":"ImageObject","inLanguage":"es","@id":"https:\/\/abaa.mx\/tienda\/calibrador-de-presion-intrinsecamente-seguro-fluke-718ex-300\/#primaryimage","url":"https:\/\/abaa.mx\/tienda\/wp-content\/uploads\/2023\/09\/718EX-300.jpg","contentUrl":"https:\/\/abaa.mx\/tienda\/wp-content\/uploads\/2023\/09\/718EX-300.jpg","width":700,"height":800,"caption":"calibrador-de-presion-intrinsecamente-seguro-fluke-718ex-300"},{"@type":"BreadcrumbList","@id":"https:\/\/abaa.mx\/tienda\/calibrador-de-presion-intrinsecamente-seguro-fluke-718ex-300\/#breadcrumb","itemListElement":[{"@type":"ListItem","position":1,"name":"Inicio","item":"https:\/\/abaa.mx\/tienda\/"},{"@type":"ListItem","position":2,"name":"Tienda","item":"https:\/\/abaa.mx\/tienda\/"},{"@type":"ListItem","position":3,"name":"Calibrador de presi\u00f3n intr\u00ednsecamente seguro fluke 718ex-300"}]},{"@type":"WebSite","@id":"https:\/\/abaa.mx\/tienda\/#website","url":"https:\/\/abaa.mx\/tienda\/","name":"Abaa tienda online","description":"Instrumentos de medici\u00f3n","publisher":{"@id":"https:\/\/abaa.mx\/tienda\/#organization"},"potentialAction":[{"@type":"SearchAction","target":{"@type":"EntryPoint","urlTemplate":"https:\/\/abaa.mx\/tienda\/?s={search_term_string}"},"query-input":{"@type":"PropertyValueSpecification","valueRequired":true,"valueName":"search_term_string"}}],"inLanguage":"es"},{"@type":"Organization","@id":"https:\/\/abaa.mx\/tienda\/#organization","name":"Abaa tienda online","url":"https:\/\/abaa.mx\/tienda\/","logo":{"@type":"ImageObject","inLanguage":"es","@id":"https:\/\/abaa.mx\/tienda\/#\/schema\/logo\/image\/","url":"https:\/\/abaa.mx\/tienda\/wp-content\/uploads\/2024\/01\/abaa-metrologia-tienda.png","contentUrl":"https:\/\/abaa.mx\/tienda\/wp-content\/uploads\/2024\/01\/abaa-metrologia-tienda.png","width":300,"height":141,"caption":"Abaa tienda online"},"image":{"@id":"https:\/\/abaa.mx\/tienda\/#\/schema\/logo\/image\/"}}]}},"_links":{"self":[{"href":"https:\/\/abaa.mx\/tienda\/wp-json\/wp\/v2\/product\/3098","targetHints":{"allow":["GET"]}}],"collection":[{"href":"https:\/\/abaa.mx\/tienda\/wp-json\/wp\/v2\/product"}],"about":[{"href":"https:\/\/abaa.mx\/tienda\/wp-json\/wp\/v2\/types\/product"}],"replies":[{"embeddable":true,"href":"https:\/\/abaa.mx\/tienda\/wp-json\/wp\/v2\/comments?post=3098"}],"wp:featuredmedia":[{"embeddable":true,"href":"https:\/\/abaa.mx\/tienda\/wp-json\/wp\/v2\/media\/3132"}],"wp:attachment":[{"href":"https:\/\/abaa.mx\/tienda\/wp-json\/wp\/v2\/media?parent=3098"}],"wp:term":[{"taxonomy":"product_brand","embeddable":true,"href":"https:\/\/abaa.mx\/tienda\/wp-json\/wp\/v2\/product_brand?post=3098"},{"taxonomy":"product_cat","embeddable":true,"href":"https:\/\/abaa.mx\/tienda\/wp-json\/wp\/v2\/product_cat?post=3098"},{"taxonomy":"product_tag","embeddable":true,"href":"https:\/\/abaa.mx\/tienda\/wp-json\/wp\/v2\/product_tag?post=3098"}],"curies":[{"name":"wp","href":"https:\/\/api.w.org\/{rel}","templated":true}]}}