{"id":3097,"date":"2023-09-26T20:25:13","date_gmt":"2023-09-26T20:25:13","guid":{"rendered":"https:\/\/abaa.mx\/tienda\/?post_type=product&#038;p=3097"},"modified":"2023-11-27T15:07:28","modified_gmt":"2023-11-27T15:07:28","slug":"calibrador-de-presion-intrinsecamente-seguro-fluke-718ex-30g","status":"publish","type":"product","link":"https:\/\/abaa.mx\/tienda\/calibrador-de-presion-intrinsecamente-seguro-fluke-718ex-30g\/","title":{"rendered":"Calibrador de presi\u00f3n intr\u00ednsecamente seguro fluke 718ex-30g"},"content":{"rendered":"<p>El calibrador de presi\u00f3n intr\u00ednsecamente seguro Fluke 718Ex es un potente calibrador de presi\u00f3n aut\u00f3nomo intr\u00ednsecamente seguro para su uso en \u00e1reas con peligro de explosi\u00f3n.<\/p>\n<p>&nbsp;<\/p>\n<p><strong>Funciones:<\/strong><\/p>\n<ul>\n<li>Las mediciones reales de corriente y voltaje RMS le brindan lecturas precisas de formas de onda no sinusoidales.<\/li>\n<li>Las funciones del mult\u00edmetro incluyen voltaje AC \/ DC, resistencia, capacitancia, frecuencia, diodo y continuidad.<\/li>\n<li>La retenci\u00f3n m\u00e1xima captura corrientes de entrada y transitorios.<\/li>\n<li>Retenci\u00f3n de datos y funciones Max\/Min.<\/li>\n<li>Pantalla retroiluminada de 4000 unidades.<\/li>\n<li>Rango autom\u00e1tico con bot\u00f3n de rango manual.<\/li>\n<li>Apagado autom\u00e1tico.<\/li>\n<li>Abertura de mand\u00edbula de 1,7&#8243; (43 mm) para conductores de hasta 750 MCM o dos de 500 MCM.<\/li>\n<li>Completo con sonda de termopar tipo K, cables de prueba, bater\u00eda de 9V y funda de cintur\u00f3n.<\/li>\n<\/ul>\n<p>&nbsp;<\/p>\n<h4>Fluke 718EX-30 Especificaciones<\/h4>\n<table border=\"1\" width=\"570\" cellspacing=\"0\" cellpadding=\"4\" bgcolor=\"#EEEEEE\">\n<tbody>\n<tr>\n<td class=\"PrdSpecHeadline\" colspan=\"2\">Precisi\u00f3n de medici\u00f3n<\/td>\n<\/tr>\n<tr>\n<td class=\"PrdSpecItem\" width=\"150\">Presi\u00f3n<\/td>\n<td class=\"PrdSpecItem\" width=\"420\">\n<table border=\"0\" cellspacing=\"0\" cellpadding=\"0\">\n<tbody>\n<tr>\n<td class=\"PrdSpecSubject\">Fluke 718Ex 30G<\/td>\n<td class=\"PrdSpecValue\"><\/td>\n<\/tr>\n<tr>\n<td class=\"PrdSpecSubject\">Gama<\/td>\n<td class=\"PrdSpecValue\">-830 mbar a 2 bar (sensor interno)<\/td>\n<\/tr>\n<tr>\n<td class=\"PrdSpecSubject\"><\/td>\n<td class=\"PrdSpecValue\">Sobre presi\u00f3n: 3x FS<\/td>\n<\/tr>\n<tr>\n<td class=\"PrdSpecSubject\">Resoluci\u00f3n<\/td>\n<td class=\"PrdSpecValue\">0,0001 bar<\/td>\n<\/tr>\n<tr>\n<td class=\"PrdSpecSubject\">Exactitud<\/td>\n<td class=\"PrdSpecValue\">0,05% FS<\/td>\n<\/tr>\n<tr>\n<td class=\"PrdSpecSubject\">Funciones<\/td>\n<td class=\"PrdSpecValue\">Cero, M\u00edn., M\u00e1x., Mantener, H\u00famedo<\/td>\n<\/tr>\n<tr>\n<td class=\"PrdSpecSubject\"><\/td>\n<td class=\"PrdSpecValue\">Nota: para uso con gases no corrosivos<\/td>\n<\/tr>\n<tr>\n<td class=\"PrdSpecSubject\">Fluke 718Ex 100G<\/td>\n<td class=\"PrdSpecValue\"><\/td>\n<\/tr>\n<tr>\n<td class=\"PrdSpecSubject\">Gama<\/td>\n<td class=\"PrdSpecValue\">-830 mbar a 7 bar (sensor interno)<\/td>\n<\/tr>\n<tr>\n<td class=\"PrdSpecSubject\"><\/td>\n<td class=\"PrdSpecValue\">Sobre presi\u00f3n: 2x FS<\/td>\n<\/tr>\n<tr>\n<td class=\"PrdSpecSubject\">Resoluci\u00f3n<\/td>\n<td class=\"PrdSpecValue\">0,001 bar<\/td>\n<\/tr>\n<tr>\n<td class=\"PrdSpecSubject\">Exactitud<\/td>\n<td class=\"PrdSpecValue\">0,05% FS<\/td>\n<\/tr>\n<tr>\n<td class=\"PrdSpecSubject\">Funciones<\/td>\n<td class=\"PrdSpecValue\">Cero, M\u00edn., M\u00e1x., Mantener, H\u00famedo<\/td>\n<\/tr>\n<tr>\n<td class=\"PrdSpecSubject\"><\/td>\n<td class=\"PrdSpecValue\">Nota: para uso con gases no corrosivos<\/td>\n<\/tr>\n<tr>\n<td class=\"PrdSpecSubject\">Serie 718Ex de Fluke<\/td>\n<td class=\"PrdSpecValue\"><\/td>\n<\/tr>\n<tr>\n<td class=\"PrdSpecSubject\"><\/td>\n<td class=\"PrdSpecValue\">a trav\u00e9s del conector del m\u00f3dulo de presi\u00f3n<\/td>\n<\/tr>\n<tr>\n<td class=\"PrdSpecSubject\">Gama<\/td>\n<td class=\"PrdSpecValue\">29 m\u00f3dulos de presi\u00f3n, de 2,5 mbar a 700 bar<\/td>\n<\/tr>\n<tr>\n<td class=\"PrdSpecSubject\"><\/td>\n<td class=\"PrdSpecValue\">Especificaciones de sobrepresi\u00f3n por m\u00f3dulo de presi\u00f3n<\/td>\n<\/tr>\n<tr>\n<td class=\"PrdSpecSubject\">Resoluci\u00f3n<\/td>\n<td class=\"PrdSpecValue\">Especificaciones por m\u00f3dulo de presi\u00f3n<\/td>\n<\/tr>\n<tr>\n<td class=\"PrdSpecSubject\">Exactitud<\/td>\n<td class=\"PrdSpecValue\">Hasta el 0,025% del tramo completo, seg\u00fan las especificaciones del m\u00f3dulo de presi\u00f3n<\/td>\n<\/tr>\n<tr>\n<td class=\"PrdSpecSubject\">Funciones<\/td>\n<td class=\"PrdSpecValue\">Cero, M\u00edn., M\u00e1x., Mantener, H\u00famedo<\/td>\n<\/tr>\n<tr>\n<td class=\"PrdSpecSubject\"><\/td>\n<td class=\"PrdSpecValue\">Nota: compatibilidad de soportes por especificaciones de m\u00f3dulo de presi\u00f3n<\/td>\n<\/tr>\n<tr>\n<td class=\"PrdSpecSubject\">Fuente de presi\u00f3n, bomba incorporada<\/td>\n<td class=\"PrdSpecValue\"><\/td>\n<\/tr>\n<tr>\n<td class=\"PrdSpecSubject\">Gama<\/td>\n<td class=\"PrdSpecValue\">-820 mbar a escala completa<\/td>\n<\/tr>\n<tr>\n<td class=\"PrdSpecSubject\">Nota<\/td>\n<td class=\"PrdSpecValue\">Unidades de presi\u00f3n soportadas PSI, en. H<small><span class=\"PrdSub\">2<\/span><\/small>O (4 \u00b0C), pulg. H 2<small><\/small>O (20 \u00b0C), kPa, cm H<small><span class=\"PrdSub\">2<\/span><\/small>O (4 \u00b0C),<\/td>\n<\/tr>\n<tr>\n<td class=\"PrdSpecSubject\"><\/td>\n<td class=\"PrdSpecValue\">cm H<small><span class=\"PrdSub\">2<\/span><\/small>O (20 \u00b0C), bar, mbar, kg\/cm<sup>2<\/sup>, mmHg, en Hg<\/td>\n<\/tr>\n<\/tbody>\n<\/table>\n<\/td>\n<\/tr>\n<\/tbody>\n<\/table>\n<p>&nbsp;<\/p>\n<table border=\"1\" width=\"570\" cellspacing=\"0\" cellpadding=\"4\" bgcolor=\"#EEEEEE\">\n<tbody>\n<tr>\n<td class=\"PrdSpecHeadline\" colspan=\"2\">Datos t\u00e9cnicos<\/td>\n<\/tr>\n<tr>\n<td class=\"PrdSpecItem\" width=\"150\">Precisi\u00f3n de la medida<\/td>\n<td class=\"PrdSpecItem\" width=\"420\">\n<table border=\"0\" cellspacing=\"0\" cellpadding=\"0\">\n<tbody>\n<tr>\n<td class=\"PrdSpecSubject\">Gama<\/td>\n<td class=\"PrdSpecValue\">0-24 mA<\/td>\n<\/tr>\n<tr>\n<td class=\"PrdSpecSubject\">Resoluci\u00f3n<\/td>\n<td class=\"PrdSpecValue\">0,001 mA<\/td>\n<\/tr>\n<tr>\n<td class=\"PrdSpecSubject\">Exactitud<\/td>\n<td class=\"PrdSpecValue\">0.02% RDG \u00b1 2 recuentos<\/td>\n<\/tr>\n<\/tbody>\n<\/table>\n<\/td>\n<\/tr>\n<tr>\n<td class=\"PrdSpecItem\" width=\"150\">Monitor<\/td>\n<td class=\"PrdSpecItem\" width=\"420\">\n<table border=\"0\" cellspacing=\"0\" cellpadding=\"0\">\n<tbody>\n<tr>\n<td class=\"PrdSpecSubject\"><\/td>\n<td class=\"PrdSpecValue\">LCD, presi\u00f3n de 5 d\u00edgitos y corriente simult\u00e1nea<\/td>\n<\/tr>\n<\/tbody>\n<\/table>\n<\/td>\n<\/tr>\n<\/tbody>\n<\/table>\n<p>&nbsp;<\/p>\n<table border=\"1\" width=\"570\" cellspacing=\"0\" cellpadding=\"4\" bgcolor=\"#EEEEEE\">\n<tbody>\n<tr>\n<td class=\"PrdSpecHeadline\" colspan=\"2\">Especificaciones ambientales<\/td>\n<\/tr>\n<tr>\n<td class=\"PrdSpecItem\" width=\"150\">Temperatura de funcionamiento<\/td>\n<td class=\"PrdSpecItem\" width=\"420\">\n<table border=\"0\" cellspacing=\"0\" cellpadding=\"0\">\n<tbody>\n<tr>\n<td class=\"PrdSpecSubject\"><\/td>\n<td class=\"PrdSpecValue\">-10\u00b0C a 55\u00b0C<\/td>\n<\/tr>\n<\/tbody>\n<\/table>\n<\/td>\n<\/tr>\n<tr>\n<td class=\"PrdSpecItem\" width=\"150\">Temperatura de almacenamiento<\/td>\n<td class=\"PrdSpecItem\" width=\"420\">\n<table border=\"0\" cellspacing=\"0\" cellpadding=\"0\">\n<tbody>\n<tr>\n<td class=\"PrdSpecSubject\"><\/td>\n<td class=\"PrdSpecValue\">-40\u00b0C a 60\u00b0C<\/td>\n<\/tr>\n<\/tbody>\n<\/table>\n<\/td>\n<\/tr>\n<tr>\n<td class=\"PrdSpecItem\" width=\"150\">Humedad (sin condensaci\u00f3n)<\/td>\n<td class=\"PrdSpecItem\" width=\"420\">\n<table border=\"0\" cellspacing=\"0\" cellpadding=\"0\">\n<tbody>\n<tr>\n<td class=\"PrdSpecSubject\"><\/td>\n<td class=\"PrdSpecValue\">95% (10\u00b0C a 30\u00b0C)<\/td>\n<\/tr>\n<tr>\n<td class=\"PrdSpecSubject\"><\/td>\n<td class=\"PrdSpecValue\">75% (30\u00b0C a 40\u00b0C)<\/td>\n<\/tr>\n<tr>\n<td class=\"PrdSpecSubject\"><\/td>\n<td class=\"PrdSpecValue\">45% (40\u00b0C a 50\u00b0C)<\/td>\n<\/tr>\n<tr>\n<td class=\"PrdSpecSubject\"><\/td>\n<td class=\"PrdSpecValue\">35% (50\u00b0C a 55\u00b0C)<\/td>\n<\/tr>\n<\/tbody>\n<\/table>\n<\/td>\n<\/tr>\n<tr>\n<td class=\"PrdSpecItem\" width=\"150\">Altitud de funcionamiento<\/td>\n<td class=\"PrdSpecItem\" width=\"420\">\n<table border=\"0\" cellspacing=\"0\" cellpadding=\"0\">\n<tbody>\n<tr>\n<td class=\"PrdSpecSubject\"><\/td>\n<td class=\"PrdSpecValue\">3.000 m m\u00e1ximo<\/td>\n<\/tr>\n<\/tbody>\n<\/table>\n<\/td>\n<\/tr>\n<\/tbody>\n<\/table>\n<p>&nbsp;<\/p>\n<table border=\"1\" width=\"570\" cellspacing=\"0\" cellpadding=\"4\" bgcolor=\"#EEEEEE\">\n<tbody>\n<tr>\n<td class=\"PrdSpecHeadline\" colspan=\"2\">Especificaciones de seguridad<\/td>\n<\/tr>\n<tr>\n<td class=\"PrdSpecItem\" width=\"150\">Seguridad<\/td>\n<td class=\"PrdSpecItem\" width=\"420\">\n<table border=\"0\" cellspacing=\"0\" cellpadding=\"0\">\n<tbody>\n<tr>\n<td class=\"PrdSpecSubject\"><\/td>\n<td class=\"PrdSpecValue\">Compatible con ATEX II\u00a0<img decoding=\"async\" src=\"https:\/\/news.fluke.com\/images\/products\/industrial\/process_calibration_tools\/ex_logosmall.gif\" data-pagespeed-url-hash=\"2464229042\" \/>\u00a01G EEx ia IIC T4<\/td>\n<\/tr>\n<tr>\n<td class=\"PrdSpecSubject\"><\/td>\n<td class=\"PrdSpecValue\">Certificaci\u00f3n CSA I.S. Clase I,<\/td>\n<\/tr>\n<tr>\n<td class=\"PrdSpecSubject\"><\/td>\n<td class=\"PrdSpecValue\">Div 1 Grupos A-D , T4<\/td>\n<\/tr>\n<\/tbody>\n<\/table>\n<\/td>\n<\/tr>\n<\/tbody>\n<\/table>\n<p>&nbsp;<\/p>\n<table border=\"1\" width=\"570\" cellspacing=\"0\" cellpadding=\"4\" bgcolor=\"#EEEEEE\">\n<tbody>\n<tr>\n<td class=\"PrdSpecHeadline\" colspan=\"2\">Especificaciones mec\u00e1nicas y generales<\/td>\n<\/tr>\n<tr>\n<td class=\"PrdSpecItem\" width=\"150\">Tama\u00f1o<\/td>\n<td class=\"PrdSpecItem\" width=\"420\">\n<table border=\"0\" cellspacing=\"0\" cellpadding=\"0\">\n<tbody>\n<tr>\n<td class=\"PrdSpecSubject\"><\/td>\n<td class=\"PrdSpecValue\">216 mm L x 94 mm W x 66 mm H (con funda)<\/td>\n<\/tr>\n<\/tbody>\n<\/table>\n<\/td>\n<\/tr>\n<tr>\n<td class=\"PrdSpecItem\" width=\"150\">Peso<\/td>\n<td class=\"PrdSpecItem\" width=\"420\">\n<table border=\"0\" cellspacing=\"0\" cellpadding=\"0\">\n<tbody>\n<tr>\n<td class=\"PrdSpecSubject\"><\/td>\n<td class=\"PrdSpecValue\">Aprox. 992 g (con funda)<\/td>\n<\/tr>\n<\/tbody>\n<\/table>\n<\/td>\n<\/tr>\n<tr>\n<td class=\"PrdSpecItem\" width=\"150\">Garant\u00eda<\/td>\n<td class=\"PrdSpecItem\" width=\"420\">\n<table border=\"0\" cellspacing=\"0\" cellpadding=\"0\">\n<tbody>\n<tr>\n<td class=\"PrdSpecSubject\"><\/td>\n<td class=\"PrdSpecValue\">1 a\u00f1o<\/td>\n<\/tr>\n<\/tbody>\n<\/table>\n<\/td>\n<\/tr>\n<tr>\n<td class=\"PrdSpecItem\" width=\"150\">Shock<\/td>\n<td class=\"PrdSpecItem\" width=\"420\">\n<table border=\"0\" cellspacing=\"0\" cellpadding=\"0\">\n<tbody>\n<tr>\n<td class=\"PrdSpecSubject\"><\/td>\n<td class=\"PrdSpecValue\">Prueba de ca\u00edda de 1 metro<\/td>\n<\/tr>\n<\/tbody>\n<\/table>\n<\/td>\n<\/tr>\n<tr>\n<td class=\"PrdSpecItem\" width=\"150\">Vibraci\u00f3n<\/td>\n<td class=\"PrdSpecItem\" width=\"420\">\n<table border=\"0\" cellspacing=\"0\" cellpadding=\"0\">\n<tbody>\n<tr>\n<td class=\"PrdSpecSubject\"><\/td>\n<td class=\"PrdSpecValue\">Aleatorio, 2 G, 5-500 Hz<\/td>\n<\/tr>\n<\/tbody>\n<\/table>\n<\/td>\n<\/tr>\n<tr>\n<td class=\"PrdSpecItem\" width=\"150\">Tipo de bater\u00eda<\/td>\n<td class=\"PrdSpecItem\" width=\"420\">\n<table border=\"0\" cellspacing=\"0\" cellpadding=\"0\">\n<tbody>\n<tr>\n<td class=\"PrdSpecSubject\"><\/td>\n<td class=\"PrdSpecValue\">Una bater\u00eda alcalina de 9 voltios ANSI\/NEDA 1604A o IEC 6LR619V<\/td>\n<\/tr>\n<tr>\n<td class=\"PrdSpecSubject\"><\/td>\n<td class=\"PrdSpecValue\">Duraci\u00f3n de la bater\u00eda: 4 a 20 horas, dependiendo de las funciones utilizadas<\/td>\n<\/tr>\n<\/tbody>\n<\/table>\n<\/td>\n<\/tr>\n<\/tbody>\n<\/table>\n","protected":false},"excerpt":{"rendered":"<p class=\"short-description mhide ipad-view-setting\">Calibrador de presi\u00f3n intr\u00ednsecamente seguro: de 12 a 30 PSI (precisi\u00f3n de 0.5% FS; resoluci\u00f3n de 0.001 PSI).<\/p>\n<p class=\"comment-tag-product\">\n","protected":false},"featured_media":3131,"comment_status":"open","ping_status":"closed","template":"","meta":{"_joinchat":[]},"product_brand":[],"product_cat":[15],"product_tag":[],"class_list":{"0":"post-3097","1":"product","2":"type-product","3":"status-publish","4":"has-post-thumbnail","6":"product_cat-sin-categorizar","8":"first","9":"instock","10":"shipping-taxable","11":"product-type-simple"},"yoast_head":"<!-- This site is optimized with the Yoast SEO plugin v26.4 - https:\/\/yoast.com\/wordpress\/plugins\/seo\/ -->\n<title>Calibrador de presi\u00f3n intr\u00ednsecamente seguro fluke 718ex-30g - Abaa tienda online<\/title>\n<meta name=\"robots\" content=\"index, follow, max-snippet:-1, max-image-preview:large, max-video-preview:-1\" \/>\n<link rel=\"canonical\" href=\"https:\/\/abaa.mx\/tienda\/calibrador-de-presion-intrinsecamente-seguro-fluke-718ex-30g\/\" \/>\n<meta property=\"og:locale\" content=\"es_MX\" \/>\n<meta property=\"og:type\" content=\"article\" \/>\n<meta property=\"og:title\" content=\"Calibrador de presi\u00f3n intr\u00ednsecamente seguro fluke 718ex-30g - Abaa tienda online\" \/>\n<meta property=\"og:description\" content=\"Calibrador de presi\u00f3n intr\u00ednsecamente seguro: de 12 a 30 PSI (precisi\u00f3n de 0.5% FS; resoluci\u00f3n de 0.001 PSI).\" \/>\n<meta property=\"og:url\" content=\"https:\/\/abaa.mx\/tienda\/calibrador-de-presion-intrinsecamente-seguro-fluke-718ex-30g\/\" \/>\n<meta property=\"og:site_name\" content=\"Abaa tienda online\" \/>\n<meta property=\"article:modified_time\" content=\"2023-11-27T15:07:28+00:00\" \/>\n<meta property=\"og:image\" content=\"https:\/\/abaa.mx\/tienda\/wp-content\/uploads\/2023\/09\/718EX-30.jpg\" \/>\n\t<meta property=\"og:image:width\" content=\"1000\" \/>\n\t<meta property=\"og:image:height\" content=\"1000\" \/>\n\t<meta property=\"og:image:type\" content=\"image\/jpeg\" \/>\n<meta name=\"twitter:card\" content=\"summary_large_image\" \/>\n<meta name=\"twitter:label1\" content=\"Tiempo de lectura\" \/>\n\t<meta name=\"twitter:data1\" content=\"3 minutos\" \/>\n<script type=\"application\/ld+json\" class=\"yoast-schema-graph\">{\"@context\":\"https:\/\/schema.org\",\"@graph\":[{\"@type\":\"WebPage\",\"@id\":\"https:\/\/abaa.mx\/tienda\/calibrador-de-presion-intrinsecamente-seguro-fluke-718ex-30g\/\",\"url\":\"https:\/\/abaa.mx\/tienda\/calibrador-de-presion-intrinsecamente-seguro-fluke-718ex-30g\/\",\"name\":\"Calibrador de presi\u00f3n intr\u00ednsecamente seguro fluke 718ex-30g - Abaa tienda online\",\"isPartOf\":{\"@id\":\"https:\/\/abaa.mx\/tienda\/#website\"},\"primaryImageOfPage\":{\"@id\":\"https:\/\/abaa.mx\/tienda\/calibrador-de-presion-intrinsecamente-seguro-fluke-718ex-30g\/#primaryimage\"},\"image\":{\"@id\":\"https:\/\/abaa.mx\/tienda\/calibrador-de-presion-intrinsecamente-seguro-fluke-718ex-30g\/#primaryimage\"},\"thumbnailUrl\":\"https:\/\/abaa.mx\/tienda\/wp-content\/uploads\/2023\/09\/718EX-30.jpg\",\"datePublished\":\"2023-09-26T20:25:13+00:00\",\"dateModified\":\"2023-11-27T15:07:28+00:00\",\"breadcrumb\":{\"@id\":\"https:\/\/abaa.mx\/tienda\/calibrador-de-presion-intrinsecamente-seguro-fluke-718ex-30g\/#breadcrumb\"},\"inLanguage\":\"es\",\"potentialAction\":[{\"@type\":\"ReadAction\",\"target\":[\"https:\/\/abaa.mx\/tienda\/calibrador-de-presion-intrinsecamente-seguro-fluke-718ex-30g\/\"]}]},{\"@type\":\"ImageObject\",\"inLanguage\":\"es\",\"@id\":\"https:\/\/abaa.mx\/tienda\/calibrador-de-presion-intrinsecamente-seguro-fluke-718ex-30g\/#primaryimage\",\"url\":\"https:\/\/abaa.mx\/tienda\/wp-content\/uploads\/2023\/09\/718EX-30.jpg\",\"contentUrl\":\"https:\/\/abaa.mx\/tienda\/wp-content\/uploads\/2023\/09\/718EX-30.jpg\",\"width\":1000,\"height\":1000,\"caption\":\"fluke-718ex-30g\"},{\"@type\":\"BreadcrumbList\",\"@id\":\"https:\/\/abaa.mx\/tienda\/calibrador-de-presion-intrinsecamente-seguro-fluke-718ex-30g\/#breadcrumb\",\"itemListElement\":[{\"@type\":\"ListItem\",\"position\":1,\"name\":\"Inicio\",\"item\":\"https:\/\/abaa.mx\/tienda\/\"},{\"@type\":\"ListItem\",\"position\":2,\"name\":\"Tienda\",\"item\":\"https:\/\/abaa.mx\/tienda\/\"},{\"@type\":\"ListItem\",\"position\":3,\"name\":\"Calibrador de presi\u00f3n intr\u00ednsecamente seguro fluke 718ex-30g\"}]},{\"@type\":\"WebSite\",\"@id\":\"https:\/\/abaa.mx\/tienda\/#website\",\"url\":\"https:\/\/abaa.mx\/tienda\/\",\"name\":\"Abaa tienda online\",\"description\":\"Instrumentos de medici\u00f3n\",\"publisher\":{\"@id\":\"https:\/\/abaa.mx\/tienda\/#organization\"},\"potentialAction\":[{\"@type\":\"SearchAction\",\"target\":{\"@type\":\"EntryPoint\",\"urlTemplate\":\"https:\/\/abaa.mx\/tienda\/?s={search_term_string}\"},\"query-input\":{\"@type\":\"PropertyValueSpecification\",\"valueRequired\":true,\"valueName\":\"search_term_string\"}}],\"inLanguage\":\"es\"},{\"@type\":\"Organization\",\"@id\":\"https:\/\/abaa.mx\/tienda\/#organization\",\"name\":\"Abaa tienda online\",\"url\":\"https:\/\/abaa.mx\/tienda\/\",\"logo\":{\"@type\":\"ImageObject\",\"inLanguage\":\"es\",\"@id\":\"https:\/\/abaa.mx\/tienda\/#\/schema\/logo\/image\/\",\"url\":\"https:\/\/abaa.mx\/tienda\/wp-content\/uploads\/2024\/01\/abaa-metrologia-tienda.png\",\"contentUrl\":\"https:\/\/abaa.mx\/tienda\/wp-content\/uploads\/2024\/01\/abaa-metrologia-tienda.png\",\"width\":300,\"height\":141,\"caption\":\"Abaa tienda online\"},\"image\":{\"@id\":\"https:\/\/abaa.mx\/tienda\/#\/schema\/logo\/image\/\"}}]}<\/script>\n<!-- \/ Yoast SEO plugin. -->","yoast_head_json":{"title":"Calibrador de presi\u00f3n intr\u00ednsecamente seguro fluke 718ex-30g - Abaa tienda online","robots":{"index":"index","follow":"follow","max-snippet":"max-snippet:-1","max-image-preview":"max-image-preview:large","max-video-preview":"max-video-preview:-1"},"canonical":"https:\/\/abaa.mx\/tienda\/calibrador-de-presion-intrinsecamente-seguro-fluke-718ex-30g\/","og_locale":"es_MX","og_type":"article","og_title":"Calibrador de presi\u00f3n intr\u00ednsecamente seguro fluke 718ex-30g - Abaa tienda online","og_description":"Calibrador de presi\u00f3n intr\u00ednsecamente seguro: de 12 a 30 PSI (precisi\u00f3n de 0.5% FS; resoluci\u00f3n de 0.001 PSI).","og_url":"https:\/\/abaa.mx\/tienda\/calibrador-de-presion-intrinsecamente-seguro-fluke-718ex-30g\/","og_site_name":"Abaa tienda online","article_modified_time":"2023-11-27T15:07:28+00:00","og_image":[{"width":1000,"height":1000,"url":"https:\/\/abaa.mx\/tienda\/wp-content\/uploads\/2023\/09\/718EX-30.jpg","type":"image\/jpeg"}],"twitter_card":"summary_large_image","twitter_misc":{"Tiempo de lectura":"3 minutos"},"schema":{"@context":"https:\/\/schema.org","@graph":[{"@type":"WebPage","@id":"https:\/\/abaa.mx\/tienda\/calibrador-de-presion-intrinsecamente-seguro-fluke-718ex-30g\/","url":"https:\/\/abaa.mx\/tienda\/calibrador-de-presion-intrinsecamente-seguro-fluke-718ex-30g\/","name":"Calibrador de presi\u00f3n intr\u00ednsecamente seguro fluke 718ex-30g - Abaa tienda online","isPartOf":{"@id":"https:\/\/abaa.mx\/tienda\/#website"},"primaryImageOfPage":{"@id":"https:\/\/abaa.mx\/tienda\/calibrador-de-presion-intrinsecamente-seguro-fluke-718ex-30g\/#primaryimage"},"image":{"@id":"https:\/\/abaa.mx\/tienda\/calibrador-de-presion-intrinsecamente-seguro-fluke-718ex-30g\/#primaryimage"},"thumbnailUrl":"https:\/\/abaa.mx\/tienda\/wp-content\/uploads\/2023\/09\/718EX-30.jpg","datePublished":"2023-09-26T20:25:13+00:00","dateModified":"2023-11-27T15:07:28+00:00","breadcrumb":{"@id":"https:\/\/abaa.mx\/tienda\/calibrador-de-presion-intrinsecamente-seguro-fluke-718ex-30g\/#breadcrumb"},"inLanguage":"es","potentialAction":[{"@type":"ReadAction","target":["https:\/\/abaa.mx\/tienda\/calibrador-de-presion-intrinsecamente-seguro-fluke-718ex-30g\/"]}]},{"@type":"ImageObject","inLanguage":"es","@id":"https:\/\/abaa.mx\/tienda\/calibrador-de-presion-intrinsecamente-seguro-fluke-718ex-30g\/#primaryimage","url":"https:\/\/abaa.mx\/tienda\/wp-content\/uploads\/2023\/09\/718EX-30.jpg","contentUrl":"https:\/\/abaa.mx\/tienda\/wp-content\/uploads\/2023\/09\/718EX-30.jpg","width":1000,"height":1000,"caption":"fluke-718ex-30g"},{"@type":"BreadcrumbList","@id":"https:\/\/abaa.mx\/tienda\/calibrador-de-presion-intrinsecamente-seguro-fluke-718ex-30g\/#breadcrumb","itemListElement":[{"@type":"ListItem","position":1,"name":"Inicio","item":"https:\/\/abaa.mx\/tienda\/"},{"@type":"ListItem","position":2,"name":"Tienda","item":"https:\/\/abaa.mx\/tienda\/"},{"@type":"ListItem","position":3,"name":"Calibrador de presi\u00f3n intr\u00ednsecamente seguro fluke 718ex-30g"}]},{"@type":"WebSite","@id":"https:\/\/abaa.mx\/tienda\/#website","url":"https:\/\/abaa.mx\/tienda\/","name":"Abaa tienda online","description":"Instrumentos de medici\u00f3n","publisher":{"@id":"https:\/\/abaa.mx\/tienda\/#organization"},"potentialAction":[{"@type":"SearchAction","target":{"@type":"EntryPoint","urlTemplate":"https:\/\/abaa.mx\/tienda\/?s={search_term_string}"},"query-input":{"@type":"PropertyValueSpecification","valueRequired":true,"valueName":"search_term_string"}}],"inLanguage":"es"},{"@type":"Organization","@id":"https:\/\/abaa.mx\/tienda\/#organization","name":"Abaa tienda online","url":"https:\/\/abaa.mx\/tienda\/","logo":{"@type":"ImageObject","inLanguage":"es","@id":"https:\/\/abaa.mx\/tienda\/#\/schema\/logo\/image\/","url":"https:\/\/abaa.mx\/tienda\/wp-content\/uploads\/2024\/01\/abaa-metrologia-tienda.png","contentUrl":"https:\/\/abaa.mx\/tienda\/wp-content\/uploads\/2024\/01\/abaa-metrologia-tienda.png","width":300,"height":141,"caption":"Abaa tienda online"},"image":{"@id":"https:\/\/abaa.mx\/tienda\/#\/schema\/logo\/image\/"}}]}},"_links":{"self":[{"href":"https:\/\/abaa.mx\/tienda\/wp-json\/wp\/v2\/product\/3097","targetHints":{"allow":["GET"]}}],"collection":[{"href":"https:\/\/abaa.mx\/tienda\/wp-json\/wp\/v2\/product"}],"about":[{"href":"https:\/\/abaa.mx\/tienda\/wp-json\/wp\/v2\/types\/product"}],"replies":[{"embeddable":true,"href":"https:\/\/abaa.mx\/tienda\/wp-json\/wp\/v2\/comments?post=3097"}],"wp:featuredmedia":[{"embeddable":true,"href":"https:\/\/abaa.mx\/tienda\/wp-json\/wp\/v2\/media\/3131"}],"wp:attachment":[{"href":"https:\/\/abaa.mx\/tienda\/wp-json\/wp\/v2\/media?parent=3097"}],"wp:term":[{"taxonomy":"product_brand","embeddable":true,"href":"https:\/\/abaa.mx\/tienda\/wp-json\/wp\/v2\/product_brand?post=3097"},{"taxonomy":"product_cat","embeddable":true,"href":"https:\/\/abaa.mx\/tienda\/wp-json\/wp\/v2\/product_cat?post=3097"},{"taxonomy":"product_tag","embeddable":true,"href":"https:\/\/abaa.mx\/tienda\/wp-json\/wp\/v2\/product_tag?post=3097"}],"curies":[{"name":"wp","href":"https:\/\/api.w.org\/{rel}","templated":true}]}}