{"id":3095,"date":"2023-09-26T20:25:11","date_gmt":"2023-09-26T20:25:11","guid":{"rendered":"https:\/\/abaa.mx\/tienda\/?post_type=product&#038;p=3095"},"modified":"2023-11-27T15:10:41","modified_gmt":"2023-11-27T15:10:41","slug":"calibrador-de-presion-intrinsecamente-seguro-fluke-718ex-100-100-psig","status":"publish","type":"product","link":"https:\/\/abaa.mx\/tienda\/calibrador-de-presion-intrinsecamente-seguro-fluke-718ex-100-100-psig\/","title":{"rendered":"Calibrador de presi\u00f3n intr\u00ednsecamente seguro fluke 718ex-100, 100 psig"},"content":{"rendered":"<p>El calibrador Fluke 718Ex es tolerante a EMI, resistente al polvo y a las salpicaduras y cuenta con una tapa de bater\u00eda extra\u00edble para cambios r\u00e1pidos de bater\u00eda. El Fluke 718Ex mide simult\u00e1neamente la presi\u00f3n y los mA y suministra un suministro de bucle de 24 voltios mientras mide mA. El Fluke 718Ex proporciona una soluci\u00f3n de calibraci\u00f3n de presi\u00f3n total para transmisores, man\u00f3metros e interruptores. Esta soluci\u00f3n compacta de calibraci\u00f3n de presi\u00f3n es aproximadamente un tercio del tama\u00f1o de instrumentos comparables y pesa solo un kilogramo (dos libras). La bomba \u00fanica y f\u00e1cil de limpiar ayuda a proteger la bomba de da\u00f1os y proporciona la capacidad de reparar la bomba sin desmontarla, incluso en el campo.<\/p>\n<p>&nbsp;<\/p>\n<p><strong>Funciones:<\/strong><\/p>\n<ul>\n<li>Las mediciones reales de corriente y voltaje RMS le brindan lecturas precisas de formas de onda no sinusoidales.<\/li>\n<li>Las funciones del mult\u00edmetro incluyen voltaje AC \/ DC, resistencia, capacitancia, frecuencia, diodo y continuidad.<\/li>\n<li>La retenci\u00f3n m\u00e1xima captura corrientes de entrada y transitorios.<\/li>\n<li>Retenci\u00f3n de datos y funciones Max\/Min.<\/li>\n<li>Pantalla retroiluminada de 4000 unidades.<\/li>\n<li>Rango autom\u00e1tico con bot\u00f3n de rango manual.<\/li>\n<li>Apagado autom\u00e1tico.<\/li>\n<li>Abertura de mand\u00edbula de 1,7&#8243; (43 mm) para conductores de hasta 750 MCM o dos de 500 MCM.<\/li>\n<li>Completo con sonda de termopar tipo K, cables de prueba, bater\u00eda de 9V y funda de cintur\u00f3n.<\/li>\n<\/ul>\n<p>&nbsp;<\/p>\n<p><strong>Aplicaciones:<\/strong><\/p>\n<ul>\n<li>Petroqu\u00edmica.<\/li>\n<li>Petr\u00f3leo y Gas.<\/li>\n<li>Farmac\u00e9utico.<\/li>\n<li>Agua y aguas residuales.<\/li>\n<li>Alimentos y bebidas.<\/li>\n<li>Generaci\u00f3n de energ\u00eda.<\/li>\n<li>Alimentos y bebidas.<\/li>\n<li>Generaci\u00f3n de energ\u00eda.<\/li>\n<\/ul>\n<p>&nbsp;<\/p>\n<h4>Fluke 718EX-100 Especificaciones<\/h4>\n<table class=\"table table-striped\">\n<tbody>\n<tr>\n<td>Gama<\/td>\n<td>12 psi a 30 psi (-82,7 kPa a 207 kPa)<\/td>\n<\/tr>\n<tr>\n<td>Resoluci\u00f3n<\/td>\n<td>.001 psi (0,01 kPa)<\/td>\n<\/tr>\n<tr>\n<td>Exactitud<\/td>\n<td>.05 % FS<\/td>\n<\/tr>\n<tr>\n<td>Unidades de ingenier\u00eda (en Hg)<\/td>\n<td>PSI, en. H2O (4 \u00b0C), en. H2O (20 \u00b0C), kPa, cm H2O (4 \u00b0C), cm H2O (20 \u00b0C), BAR, mBAR, kg\/cm2, mmHg, en Hg<\/td>\n<\/tr>\n<tr>\n<td>Medio<\/td>\n<td>Gases (no corrosivos)<\/td>\n<\/tr>\n<tr>\n<td>Sobrepresi\u00f3n<\/td>\n<td>2 x F.S. en 100G<\/td>\n<\/tr>\n<tr>\n<td>Entrada de presi\u00f3n<\/td>\n<td>1\/8 pulg. Accesorio de presi\u00f3n NPT<\/td>\n<\/tr>\n<tr>\n<td>Entrada del m\u00f3dulo de presi\u00f3n<\/td>\n<td>Conector LEMO<\/td>\n<\/tr>\n<tr>\n<td>Entrada de corriente<\/td>\n<td>Gatos de pl\u00e1tano envueltos<\/td>\n<\/tr>\n<tr>\n<td>Poder<\/td>\n<td>Una pila alcalina de 9 voltios<\/td>\n<\/tr>\n<tr>\n<td>Duraci\u00f3n de la bater\u00eda<\/td>\n<td>De 4 a 20 horas, dependiendo de las funciones utilizadas<\/td>\n<\/tr>\n<tr>\n<td>Peso<\/td>\n<td>35 onzas (992 g)<\/td>\n<\/tr>\n<tr>\n<td>Tama\u00f1o<\/td>\n<td>216 mm x 94 mm x 66 mm (8,50 en x 3,72 en en x 2,60 pulgadas)<\/td>\n<\/tr>\n<\/tbody>\n<\/table>\n","protected":false},"excerpt":{"rendered":"<p class=\"short-description mhide ipad-view-setting\">El Fluke 718Ex es un potente calibrador de presi\u00f3n port\u00e1til aut\u00f3nomo intr\u00ednsecamente seguro para su uso en \u00e1reas con peligro de explosi\u00f3n.<\/p>\n<p class=\"comment-tag-product\">\n","protected":false},"featured_media":3130,"comment_status":"open","ping_status":"closed","template":"","meta":{"_joinchat":[]},"product_brand":[],"product_cat":[15],"product_tag":[],"class_list":{"0":"post-3095","1":"product","2":"type-product","3":"status-publish","4":"has-post-thumbnail","6":"product_cat-sin-categorizar","8":"first","9":"instock","10":"shipping-taxable","11":"product-type-simple"},"yoast_head":"<!-- This site is optimized with the Yoast SEO plugin v26.4 - https:\/\/yoast.com\/wordpress\/plugins\/seo\/ -->\n<title>Calibrador de presi\u00f3n intr\u00ednsecamente seguro fluke 718ex-100, 100 psig - Abaa tienda online<\/title>\n<meta name=\"robots\" content=\"index, follow, max-snippet:-1, max-image-preview:large, max-video-preview:-1\" \/>\n<link rel=\"canonical\" href=\"https:\/\/abaa.mx\/tienda\/calibrador-de-presion-intrinsecamente-seguro-fluke-718ex-100-100-psig\/\" \/>\n<meta property=\"og:locale\" content=\"es_MX\" \/>\n<meta property=\"og:type\" content=\"article\" \/>\n<meta property=\"og:title\" content=\"Calibrador de presi\u00f3n intr\u00ednsecamente seguro fluke 718ex-100, 100 psig - Abaa tienda online\" \/>\n<meta property=\"og:description\" content=\"El Fluke 718Ex es un potente calibrador de presi\u00f3n port\u00e1til aut\u00f3nomo intr\u00ednsecamente seguro para su uso en \u00e1reas con peligro de explosi\u00f3n.\" \/>\n<meta property=\"og:url\" content=\"https:\/\/abaa.mx\/tienda\/calibrador-de-presion-intrinsecamente-seguro-fluke-718ex-100-100-psig\/\" \/>\n<meta property=\"og:site_name\" content=\"Abaa tienda online\" \/>\n<meta property=\"article:modified_time\" content=\"2023-11-27T15:10:41+00:00\" \/>\n<meta property=\"og:image\" content=\"https:\/\/abaa.mx\/tienda\/wp-content\/uploads\/2023\/09\/718EX-100.jpg\" \/>\n\t<meta property=\"og:image:width\" content=\"888\" \/>\n\t<meta property=\"og:image:height\" content=\"1500\" \/>\n\t<meta property=\"og:image:type\" content=\"image\/jpeg\" \/>\n<meta name=\"twitter:card\" content=\"summary_large_image\" \/>\n<meta name=\"twitter:label1\" content=\"Tiempo de lectura\" \/>\n\t<meta name=\"twitter:data1\" content=\"2 minutos\" \/>\n<script type=\"application\/ld+json\" class=\"yoast-schema-graph\">{\"@context\":\"https:\/\/schema.org\",\"@graph\":[{\"@type\":\"WebPage\",\"@id\":\"https:\/\/abaa.mx\/tienda\/calibrador-de-presion-intrinsecamente-seguro-fluke-718ex-100-100-psig\/\",\"url\":\"https:\/\/abaa.mx\/tienda\/calibrador-de-presion-intrinsecamente-seguro-fluke-718ex-100-100-psig\/\",\"name\":\"Calibrador de presi\u00f3n intr\u00ednsecamente seguro fluke 718ex-100, 100 psig - Abaa tienda online\",\"isPartOf\":{\"@id\":\"https:\/\/abaa.mx\/tienda\/#website\"},\"primaryImageOfPage\":{\"@id\":\"https:\/\/abaa.mx\/tienda\/calibrador-de-presion-intrinsecamente-seguro-fluke-718ex-100-100-psig\/#primaryimage\"},\"image\":{\"@id\":\"https:\/\/abaa.mx\/tienda\/calibrador-de-presion-intrinsecamente-seguro-fluke-718ex-100-100-psig\/#primaryimage\"},\"thumbnailUrl\":\"https:\/\/abaa.mx\/tienda\/wp-content\/uploads\/2023\/09\/718EX-100.jpg\",\"datePublished\":\"2023-09-26T20:25:11+00:00\",\"dateModified\":\"2023-11-27T15:10:41+00:00\",\"breadcrumb\":{\"@id\":\"https:\/\/abaa.mx\/tienda\/calibrador-de-presion-intrinsecamente-seguro-fluke-718ex-100-100-psig\/#breadcrumb\"},\"inLanguage\":\"es\",\"potentialAction\":[{\"@type\":\"ReadAction\",\"target\":[\"https:\/\/abaa.mx\/tienda\/calibrador-de-presion-intrinsecamente-seguro-fluke-718ex-100-100-psig\/\"]}]},{\"@type\":\"ImageObject\",\"inLanguage\":\"es\",\"@id\":\"https:\/\/abaa.mx\/tienda\/calibrador-de-presion-intrinsecamente-seguro-fluke-718ex-100-100-psig\/#primaryimage\",\"url\":\"https:\/\/abaa.mx\/tienda\/wp-content\/uploads\/2023\/09\/718EX-100.jpg\",\"contentUrl\":\"https:\/\/abaa.mx\/tienda\/wp-content\/uploads\/2023\/09\/718EX-100.jpg\",\"width\":888,\"height\":1500,\"caption\":\"fluke 718ex-100, 100 psig\"},{\"@type\":\"BreadcrumbList\",\"@id\":\"https:\/\/abaa.mx\/tienda\/calibrador-de-presion-intrinsecamente-seguro-fluke-718ex-100-100-psig\/#breadcrumb\",\"itemListElement\":[{\"@type\":\"ListItem\",\"position\":1,\"name\":\"Inicio\",\"item\":\"https:\/\/abaa.mx\/tienda\/\"},{\"@type\":\"ListItem\",\"position\":2,\"name\":\"Tienda\",\"item\":\"https:\/\/abaa.mx\/tienda\/\"},{\"@type\":\"ListItem\",\"position\":3,\"name\":\"Calibrador de presi\u00f3n intr\u00ednsecamente seguro fluke 718ex-100, 100 psig\"}]},{\"@type\":\"WebSite\",\"@id\":\"https:\/\/abaa.mx\/tienda\/#website\",\"url\":\"https:\/\/abaa.mx\/tienda\/\",\"name\":\"Abaa tienda online\",\"description\":\"Instrumentos de medici\u00f3n\",\"publisher\":{\"@id\":\"https:\/\/abaa.mx\/tienda\/#organization\"},\"potentialAction\":[{\"@type\":\"SearchAction\",\"target\":{\"@type\":\"EntryPoint\",\"urlTemplate\":\"https:\/\/abaa.mx\/tienda\/?s={search_term_string}\"},\"query-input\":{\"@type\":\"PropertyValueSpecification\",\"valueRequired\":true,\"valueName\":\"search_term_string\"}}],\"inLanguage\":\"es\"},{\"@type\":\"Organization\",\"@id\":\"https:\/\/abaa.mx\/tienda\/#organization\",\"name\":\"Abaa tienda online\",\"url\":\"https:\/\/abaa.mx\/tienda\/\",\"logo\":{\"@type\":\"ImageObject\",\"inLanguage\":\"es\",\"@id\":\"https:\/\/abaa.mx\/tienda\/#\/schema\/logo\/image\/\",\"url\":\"https:\/\/abaa.mx\/tienda\/wp-content\/uploads\/2024\/01\/abaa-metrologia-tienda.png\",\"contentUrl\":\"https:\/\/abaa.mx\/tienda\/wp-content\/uploads\/2024\/01\/abaa-metrologia-tienda.png\",\"width\":300,\"height\":141,\"caption\":\"Abaa tienda online\"},\"image\":{\"@id\":\"https:\/\/abaa.mx\/tienda\/#\/schema\/logo\/image\/\"}}]}<\/script>\n<!-- \/ Yoast SEO plugin. -->","yoast_head_json":{"title":"Calibrador de presi\u00f3n intr\u00ednsecamente seguro fluke 718ex-100, 100 psig - Abaa tienda online","robots":{"index":"index","follow":"follow","max-snippet":"max-snippet:-1","max-image-preview":"max-image-preview:large","max-video-preview":"max-video-preview:-1"},"canonical":"https:\/\/abaa.mx\/tienda\/calibrador-de-presion-intrinsecamente-seguro-fluke-718ex-100-100-psig\/","og_locale":"es_MX","og_type":"article","og_title":"Calibrador de presi\u00f3n intr\u00ednsecamente seguro fluke 718ex-100, 100 psig - Abaa tienda online","og_description":"El Fluke 718Ex es un potente calibrador de presi\u00f3n port\u00e1til aut\u00f3nomo intr\u00ednsecamente seguro para su uso en \u00e1reas con peligro de explosi\u00f3n.","og_url":"https:\/\/abaa.mx\/tienda\/calibrador-de-presion-intrinsecamente-seguro-fluke-718ex-100-100-psig\/","og_site_name":"Abaa tienda online","article_modified_time":"2023-11-27T15:10:41+00:00","og_image":[{"width":888,"height":1500,"url":"https:\/\/abaa.mx\/tienda\/wp-content\/uploads\/2023\/09\/718EX-100.jpg","type":"image\/jpeg"}],"twitter_card":"summary_large_image","twitter_misc":{"Tiempo de lectura":"2 minutos"},"schema":{"@context":"https:\/\/schema.org","@graph":[{"@type":"WebPage","@id":"https:\/\/abaa.mx\/tienda\/calibrador-de-presion-intrinsecamente-seguro-fluke-718ex-100-100-psig\/","url":"https:\/\/abaa.mx\/tienda\/calibrador-de-presion-intrinsecamente-seguro-fluke-718ex-100-100-psig\/","name":"Calibrador de presi\u00f3n intr\u00ednsecamente seguro fluke 718ex-100, 100 psig - Abaa tienda online","isPartOf":{"@id":"https:\/\/abaa.mx\/tienda\/#website"},"primaryImageOfPage":{"@id":"https:\/\/abaa.mx\/tienda\/calibrador-de-presion-intrinsecamente-seguro-fluke-718ex-100-100-psig\/#primaryimage"},"image":{"@id":"https:\/\/abaa.mx\/tienda\/calibrador-de-presion-intrinsecamente-seguro-fluke-718ex-100-100-psig\/#primaryimage"},"thumbnailUrl":"https:\/\/abaa.mx\/tienda\/wp-content\/uploads\/2023\/09\/718EX-100.jpg","datePublished":"2023-09-26T20:25:11+00:00","dateModified":"2023-11-27T15:10:41+00:00","breadcrumb":{"@id":"https:\/\/abaa.mx\/tienda\/calibrador-de-presion-intrinsecamente-seguro-fluke-718ex-100-100-psig\/#breadcrumb"},"inLanguage":"es","potentialAction":[{"@type":"ReadAction","target":["https:\/\/abaa.mx\/tienda\/calibrador-de-presion-intrinsecamente-seguro-fluke-718ex-100-100-psig\/"]}]},{"@type":"ImageObject","inLanguage":"es","@id":"https:\/\/abaa.mx\/tienda\/calibrador-de-presion-intrinsecamente-seguro-fluke-718ex-100-100-psig\/#primaryimage","url":"https:\/\/abaa.mx\/tienda\/wp-content\/uploads\/2023\/09\/718EX-100.jpg","contentUrl":"https:\/\/abaa.mx\/tienda\/wp-content\/uploads\/2023\/09\/718EX-100.jpg","width":888,"height":1500,"caption":"fluke 718ex-100, 100 psig"},{"@type":"BreadcrumbList","@id":"https:\/\/abaa.mx\/tienda\/calibrador-de-presion-intrinsecamente-seguro-fluke-718ex-100-100-psig\/#breadcrumb","itemListElement":[{"@type":"ListItem","position":1,"name":"Inicio","item":"https:\/\/abaa.mx\/tienda\/"},{"@type":"ListItem","position":2,"name":"Tienda","item":"https:\/\/abaa.mx\/tienda\/"},{"@type":"ListItem","position":3,"name":"Calibrador de presi\u00f3n intr\u00ednsecamente seguro fluke 718ex-100, 100 psig"}]},{"@type":"WebSite","@id":"https:\/\/abaa.mx\/tienda\/#website","url":"https:\/\/abaa.mx\/tienda\/","name":"Abaa tienda online","description":"Instrumentos de medici\u00f3n","publisher":{"@id":"https:\/\/abaa.mx\/tienda\/#organization"},"potentialAction":[{"@type":"SearchAction","target":{"@type":"EntryPoint","urlTemplate":"https:\/\/abaa.mx\/tienda\/?s={search_term_string}"},"query-input":{"@type":"PropertyValueSpecification","valueRequired":true,"valueName":"search_term_string"}}],"inLanguage":"es"},{"@type":"Organization","@id":"https:\/\/abaa.mx\/tienda\/#organization","name":"Abaa tienda online","url":"https:\/\/abaa.mx\/tienda\/","logo":{"@type":"ImageObject","inLanguage":"es","@id":"https:\/\/abaa.mx\/tienda\/#\/schema\/logo\/image\/","url":"https:\/\/abaa.mx\/tienda\/wp-content\/uploads\/2024\/01\/abaa-metrologia-tienda.png","contentUrl":"https:\/\/abaa.mx\/tienda\/wp-content\/uploads\/2024\/01\/abaa-metrologia-tienda.png","width":300,"height":141,"caption":"Abaa tienda online"},"image":{"@id":"https:\/\/abaa.mx\/tienda\/#\/schema\/logo\/image\/"}}]}},"_links":{"self":[{"href":"https:\/\/abaa.mx\/tienda\/wp-json\/wp\/v2\/product\/3095","targetHints":{"allow":["GET"]}}],"collection":[{"href":"https:\/\/abaa.mx\/tienda\/wp-json\/wp\/v2\/product"}],"about":[{"href":"https:\/\/abaa.mx\/tienda\/wp-json\/wp\/v2\/types\/product"}],"replies":[{"embeddable":true,"href":"https:\/\/abaa.mx\/tienda\/wp-json\/wp\/v2\/comments?post=3095"}],"wp:featuredmedia":[{"embeddable":true,"href":"https:\/\/abaa.mx\/tienda\/wp-json\/wp\/v2\/media\/3130"}],"wp:attachment":[{"href":"https:\/\/abaa.mx\/tienda\/wp-json\/wp\/v2\/media?parent=3095"}],"wp:term":[{"taxonomy":"product_brand","embeddable":true,"href":"https:\/\/abaa.mx\/tienda\/wp-json\/wp\/v2\/product_brand?post=3095"},{"taxonomy":"product_cat","embeddable":true,"href":"https:\/\/abaa.mx\/tienda\/wp-json\/wp\/v2\/product_cat?post=3095"},{"taxonomy":"product_tag","embeddable":true,"href":"https:\/\/abaa.mx\/tienda\/wp-json\/wp\/v2\/product_tag?post=3095"}],"curies":[{"name":"wp","href":"https:\/\/api.w.org\/{rel}","templated":true}]}}