{"id":3093,"date":"2023-09-26T20:25:05","date_gmt":"2023-09-26T20:25:05","guid":{"rendered":"https:\/\/abaa.mx\/tienda\/?post_type=product&#038;p=3093"},"modified":"2023-11-27T15:16:22","modified_gmt":"2023-11-27T15:16:22","slug":"calibrador-de-presion-fluke718-300g-de-12-psi-a-300-psi","status":"publish","type":"product","link":"https:\/\/abaa.mx\/tienda\/calibrador-de-presion-fluke718-300g-de-12-psi-a-300-psi\/","title":{"rendered":"Calibrador de presi\u00f3n fluke 718-300g, de 12 psi a 300 psi"},"content":{"rendered":"<p>&nbsp;<\/p>\n<p><strong>Funciones:<\/strong><\/p>\n<ul>\n<li>C\u00e1lculo del % de error para una toma de decisiones m\u00e1s r\u00e1pida de aprobado\/no aprobado en el campo.<\/li>\n<li>La mejor precisi\u00f3n mA de su clase del 0,015 % para una mejor confianza en la medici\u00f3n y cobertura de la carga de trabajo.<\/li>\n<li>M\u00edn.\/M\u00e1x.\/Mantener para capturar mediciones cambiantes.<\/li>\n<li>Funci\u00f3n de prueba de interruptores para pruebas de interruptores de presi\u00f3n m\u00e1s r\u00e1pidas y precisas.<\/li>\n<li>Los nuevos rangos de presi\u00f3n de 1 y 300 PSI significan que se requieren menos herramientas adicionales.<\/li>\n<li>Rangos de 1, 30, 100 y 300 PSI ahora disponibles.<\/li>\n<\/ul>\n<p>&nbsp;<\/p>\n<p><strong>Aplicaciones:<\/strong><\/p>\n<ul>\n<li>Petroqu\u00edmica.<\/li>\n<li>Petr\u00f3leo y Gas.<\/li>\n<li>Alimentos y bebidas.<\/li>\n<li>Farmac\u00e9utico.<\/li>\n<li>Prueba y medici\u00f3n.<\/li>\n<li>Instrumentaci\u00f3n.<\/li>\n<\/ul>\n<p>&nbsp;<\/p>\n<p>&nbsp;<\/p>\n<h4>Fluke 718-300G Especificaciones<\/h4>\n<table class=\"table table-striped\">\n<tbody>\n<tr>\n<td>Gama<\/td>\n<td>-12 PSI a 300 PSI, (-850 mbar a 20,68 bar, -85 a 2068,42 kPa)<\/td>\n<\/tr>\n<tr>\n<td>Resoluci\u00f3n<\/td>\n<td>0,01 psi, 1 mbar<\/td>\n<\/tr>\n<tr>\n<td>Sobrepresi\u00f3n<\/td>\n<td>Sobre presi\u00f3n 375 PSI 25 bar<\/td>\n<\/tr>\n<tr>\n<td>Funciones<\/td>\n<td>Cero, M\u00edn., M\u00e1x., Mantener, H\u00famedo<\/td>\n<\/tr>\n<tr>\n<td>Tipo de bater\u00eda<\/td>\n<td>6 pilas alcalinas AA, NEDA 15A IEC LR6<\/td>\n<\/tr>\n<tr>\n<td>Duraci\u00f3n de la bater\u00eda<\/td>\n<td>100 horas m\u00ednimo. 200 horas en modo Registro<\/td>\n<\/tr>\n<tr>\n<td>Temperatura de funcionamiento.<\/td>\n<td>-20 C a 55 C<\/td>\n<\/tr>\n<tr>\n<td>Temperatura de almacenamiento.<\/td>\n<td>-40 C a 60 C<\/td>\n<\/tr>\n<tr>\n<td>Altitud de funcionamiento<\/td>\n<td>3000 metros<\/td>\n<\/tr>\n<tr>\n<td>Altitud de almacenamiento<\/td>\n<td>10000 metros<\/td>\n<\/tr>\n<tr>\n<td>Shock<\/td>\n<td>1 metro de ca\u00edda seg\u00fan IEC\/EN 61010-1 2\u00aa edici\u00f3n<\/td>\n<\/tr>\n<tr>\n<td>Tama\u00f1o<\/td>\n<td>8,75 x 4,03 en x 2,38 en (22,2 cm x 10,2 cm x 6,0 cm)<\/td>\n<\/tr>\n<tr>\n<td>Peso<\/td>\n<td>28,0 onzas (871 g)<\/td>\n<\/tr>\n<\/tbody>\n<\/table>\n","protected":false},"excerpt":{"rendered":"<p class=\"short-description mhide ipad-view-setting\">Fuente de presi\u00f3n y medici\u00f3n de miliamperios para calibrar y mantener casi cualquier dispositivo de presi\u00f3n. La bomba integrada se limpia f\u00e1cilmente cuando se expone accidentalmente a fluidos, lo que reduce el costo de propiedad y reparaciones y permite el mantenimiento de la bomba en el campo.<\/p>\n","protected":false},"featured_media":3123,"comment_status":"open","ping_status":"closed","template":"","meta":{"_joinchat":[]},"product_brand":[],"product_cat":[15],"product_tag":[],"class_list":{"0":"post-3093","1":"product","2":"type-product","3":"status-publish","4":"has-post-thumbnail","6":"product_cat-sin-categorizar","8":"first","9":"instock","10":"shipping-taxable","11":"product-type-simple"},"yoast_head":"<!-- This site is optimized with the Yoast SEO plugin v26.4 - https:\/\/yoast.com\/wordpress\/plugins\/seo\/ -->\n<title>Calibrador de presi\u00f3n fluke 718-300g, de 12 psi a 300 psi - Abaa tienda online<\/title>\n<meta name=\"robots\" content=\"index, follow, max-snippet:-1, max-image-preview:large, max-video-preview:-1\" \/>\n<link rel=\"canonical\" href=\"https:\/\/abaa.mx\/tienda\/calibrador-de-presion-fluke718-300g-de-12-psi-a-300-psi\/\" \/>\n<meta property=\"og:locale\" content=\"es_MX\" \/>\n<meta property=\"og:type\" content=\"article\" \/>\n<meta property=\"og:title\" content=\"Calibrador de presi\u00f3n fluke 718-300g, de 12 psi a 300 psi - Abaa tienda online\" \/>\n<meta property=\"og:description\" content=\"Fuente de presi\u00f3n y medici\u00f3n de miliamperios para calibrar y mantener casi cualquier dispositivo de presi\u00f3n. La bomba integrada se limpia f\u00e1cilmente cuando se expone accidentalmente a fluidos, lo que reduce el costo de propiedad y reparaciones y permite el mantenimiento de la bomba en el campo.\" \/>\n<meta property=\"og:url\" content=\"https:\/\/abaa.mx\/tienda\/calibrador-de-presion-fluke718-300g-de-12-psi-a-300-psi\/\" \/>\n<meta property=\"og:site_name\" content=\"Abaa tienda online\" \/>\n<meta property=\"article:modified_time\" content=\"2023-11-27T15:16:22+00:00\" \/>\n<meta property=\"og:image\" content=\"https:\/\/abaa.mx\/tienda\/wp-content\/uploads\/2023\/09\/718-300g.jpg\" \/>\n\t<meta property=\"og:image:width\" content=\"600\" \/>\n\t<meta property=\"og:image:height\" content=\"600\" \/>\n\t<meta property=\"og:image:type\" content=\"image\/jpeg\" \/>\n<meta name=\"twitter:card\" content=\"summary_large_image\" \/>\n<meta name=\"twitter:label1\" content=\"Tiempo de lectura\" \/>\n\t<meta name=\"twitter:data1\" content=\"2 minutos\" \/>\n<script type=\"application\/ld+json\" class=\"yoast-schema-graph\">{\"@context\":\"https:\/\/schema.org\",\"@graph\":[{\"@type\":\"WebPage\",\"@id\":\"https:\/\/abaa.mx\/tienda\/calibrador-de-presion-fluke718-300g-de-12-psi-a-300-psi\/\",\"url\":\"https:\/\/abaa.mx\/tienda\/calibrador-de-presion-fluke718-300g-de-12-psi-a-300-psi\/\",\"name\":\"Calibrador de presi\u00f3n fluke 718-300g, de 12 psi a 300 psi - Abaa tienda online\",\"isPartOf\":{\"@id\":\"https:\/\/abaa.mx\/tienda\/#website\"},\"primaryImageOfPage\":{\"@id\":\"https:\/\/abaa.mx\/tienda\/calibrador-de-presion-fluke718-300g-de-12-psi-a-300-psi\/#primaryimage\"},\"image\":{\"@id\":\"https:\/\/abaa.mx\/tienda\/calibrador-de-presion-fluke718-300g-de-12-psi-a-300-psi\/#primaryimage\"},\"thumbnailUrl\":\"https:\/\/abaa.mx\/tienda\/wp-content\/uploads\/2023\/09\/718-300g.jpg\",\"datePublished\":\"2023-09-26T20:25:05+00:00\",\"dateModified\":\"2023-11-27T15:16:22+00:00\",\"breadcrumb\":{\"@id\":\"https:\/\/abaa.mx\/tienda\/calibrador-de-presion-fluke718-300g-de-12-psi-a-300-psi\/#breadcrumb\"},\"inLanguage\":\"es\",\"potentialAction\":[{\"@type\":\"ReadAction\",\"target\":[\"https:\/\/abaa.mx\/tienda\/calibrador-de-presion-fluke718-300g-de-12-psi-a-300-psi\/\"]}]},{\"@type\":\"ImageObject\",\"inLanguage\":\"es\",\"@id\":\"https:\/\/abaa.mx\/tienda\/calibrador-de-presion-fluke718-300g-de-12-psi-a-300-psi\/#primaryimage\",\"url\":\"https:\/\/abaa.mx\/tienda\/wp-content\/uploads\/2023\/09\/718-300g.jpg\",\"contentUrl\":\"https:\/\/abaa.mx\/tienda\/wp-content\/uploads\/2023\/09\/718-300g.jpg\",\"width\":600,\"height\":600,\"caption\":\"fluke 718-300g, de 12 psi a 300 psi\"},{\"@type\":\"BreadcrumbList\",\"@id\":\"https:\/\/abaa.mx\/tienda\/calibrador-de-presion-fluke718-300g-de-12-psi-a-300-psi\/#breadcrumb\",\"itemListElement\":[{\"@type\":\"ListItem\",\"position\":1,\"name\":\"Inicio\",\"item\":\"https:\/\/abaa.mx\/tienda\/\"},{\"@type\":\"ListItem\",\"position\":2,\"name\":\"Tienda\",\"item\":\"https:\/\/abaa.mx\/tienda\/\"},{\"@type\":\"ListItem\",\"position\":3,\"name\":\"Calibrador de presi\u00f3n fluke 718-300g, de 12 psi a 300 psi\"}]},{\"@type\":\"WebSite\",\"@id\":\"https:\/\/abaa.mx\/tienda\/#website\",\"url\":\"https:\/\/abaa.mx\/tienda\/\",\"name\":\"Abaa tienda online\",\"description\":\"Instrumentos de medici\u00f3n\",\"publisher\":{\"@id\":\"https:\/\/abaa.mx\/tienda\/#organization\"},\"potentialAction\":[{\"@type\":\"SearchAction\",\"target\":{\"@type\":\"EntryPoint\",\"urlTemplate\":\"https:\/\/abaa.mx\/tienda\/?s={search_term_string}\"},\"query-input\":{\"@type\":\"PropertyValueSpecification\",\"valueRequired\":true,\"valueName\":\"search_term_string\"}}],\"inLanguage\":\"es\"},{\"@type\":\"Organization\",\"@id\":\"https:\/\/abaa.mx\/tienda\/#organization\",\"name\":\"Abaa tienda online\",\"url\":\"https:\/\/abaa.mx\/tienda\/\",\"logo\":{\"@type\":\"ImageObject\",\"inLanguage\":\"es\",\"@id\":\"https:\/\/abaa.mx\/tienda\/#\/schema\/logo\/image\/\",\"url\":\"https:\/\/abaa.mx\/tienda\/wp-content\/uploads\/2024\/01\/abaa-metrologia-tienda.png\",\"contentUrl\":\"https:\/\/abaa.mx\/tienda\/wp-content\/uploads\/2024\/01\/abaa-metrologia-tienda.png\",\"width\":300,\"height\":141,\"caption\":\"Abaa tienda online\"},\"image\":{\"@id\":\"https:\/\/abaa.mx\/tienda\/#\/schema\/logo\/image\/\"}}]}<\/script>\n<!-- \/ Yoast SEO plugin. -->","yoast_head_json":{"title":"Calibrador de presi\u00f3n fluke 718-300g, de 12 psi a 300 psi - Abaa tienda online","robots":{"index":"index","follow":"follow","max-snippet":"max-snippet:-1","max-image-preview":"max-image-preview:large","max-video-preview":"max-video-preview:-1"},"canonical":"https:\/\/abaa.mx\/tienda\/calibrador-de-presion-fluke718-300g-de-12-psi-a-300-psi\/","og_locale":"es_MX","og_type":"article","og_title":"Calibrador de presi\u00f3n fluke 718-300g, de 12 psi a 300 psi - Abaa tienda online","og_description":"Fuente de presi\u00f3n y medici\u00f3n de miliamperios para calibrar y mantener casi cualquier dispositivo de presi\u00f3n. La bomba integrada se limpia f\u00e1cilmente cuando se expone accidentalmente a fluidos, lo que reduce el costo de propiedad y reparaciones y permite el mantenimiento de la bomba en el campo.","og_url":"https:\/\/abaa.mx\/tienda\/calibrador-de-presion-fluke718-300g-de-12-psi-a-300-psi\/","og_site_name":"Abaa tienda online","article_modified_time":"2023-11-27T15:16:22+00:00","og_image":[{"width":600,"height":600,"url":"https:\/\/abaa.mx\/tienda\/wp-content\/uploads\/2023\/09\/718-300g.jpg","type":"image\/jpeg"}],"twitter_card":"summary_large_image","twitter_misc":{"Tiempo de lectura":"2 minutos"},"schema":{"@context":"https:\/\/schema.org","@graph":[{"@type":"WebPage","@id":"https:\/\/abaa.mx\/tienda\/calibrador-de-presion-fluke718-300g-de-12-psi-a-300-psi\/","url":"https:\/\/abaa.mx\/tienda\/calibrador-de-presion-fluke718-300g-de-12-psi-a-300-psi\/","name":"Calibrador de presi\u00f3n fluke 718-300g, de 12 psi a 300 psi - Abaa tienda online","isPartOf":{"@id":"https:\/\/abaa.mx\/tienda\/#website"},"primaryImageOfPage":{"@id":"https:\/\/abaa.mx\/tienda\/calibrador-de-presion-fluke718-300g-de-12-psi-a-300-psi\/#primaryimage"},"image":{"@id":"https:\/\/abaa.mx\/tienda\/calibrador-de-presion-fluke718-300g-de-12-psi-a-300-psi\/#primaryimage"},"thumbnailUrl":"https:\/\/abaa.mx\/tienda\/wp-content\/uploads\/2023\/09\/718-300g.jpg","datePublished":"2023-09-26T20:25:05+00:00","dateModified":"2023-11-27T15:16:22+00:00","breadcrumb":{"@id":"https:\/\/abaa.mx\/tienda\/calibrador-de-presion-fluke718-300g-de-12-psi-a-300-psi\/#breadcrumb"},"inLanguage":"es","potentialAction":[{"@type":"ReadAction","target":["https:\/\/abaa.mx\/tienda\/calibrador-de-presion-fluke718-300g-de-12-psi-a-300-psi\/"]}]},{"@type":"ImageObject","inLanguage":"es","@id":"https:\/\/abaa.mx\/tienda\/calibrador-de-presion-fluke718-300g-de-12-psi-a-300-psi\/#primaryimage","url":"https:\/\/abaa.mx\/tienda\/wp-content\/uploads\/2023\/09\/718-300g.jpg","contentUrl":"https:\/\/abaa.mx\/tienda\/wp-content\/uploads\/2023\/09\/718-300g.jpg","width":600,"height":600,"caption":"fluke 718-300g, de 12 psi a 300 psi"},{"@type":"BreadcrumbList","@id":"https:\/\/abaa.mx\/tienda\/calibrador-de-presion-fluke718-300g-de-12-psi-a-300-psi\/#breadcrumb","itemListElement":[{"@type":"ListItem","position":1,"name":"Inicio","item":"https:\/\/abaa.mx\/tienda\/"},{"@type":"ListItem","position":2,"name":"Tienda","item":"https:\/\/abaa.mx\/tienda\/"},{"@type":"ListItem","position":3,"name":"Calibrador de presi\u00f3n fluke 718-300g, de 12 psi a 300 psi"}]},{"@type":"WebSite","@id":"https:\/\/abaa.mx\/tienda\/#website","url":"https:\/\/abaa.mx\/tienda\/","name":"Abaa tienda online","description":"Instrumentos de medici\u00f3n","publisher":{"@id":"https:\/\/abaa.mx\/tienda\/#organization"},"potentialAction":[{"@type":"SearchAction","target":{"@type":"EntryPoint","urlTemplate":"https:\/\/abaa.mx\/tienda\/?s={search_term_string}"},"query-input":{"@type":"PropertyValueSpecification","valueRequired":true,"valueName":"search_term_string"}}],"inLanguage":"es"},{"@type":"Organization","@id":"https:\/\/abaa.mx\/tienda\/#organization","name":"Abaa tienda online","url":"https:\/\/abaa.mx\/tienda\/","logo":{"@type":"ImageObject","inLanguage":"es","@id":"https:\/\/abaa.mx\/tienda\/#\/schema\/logo\/image\/","url":"https:\/\/abaa.mx\/tienda\/wp-content\/uploads\/2024\/01\/abaa-metrologia-tienda.png","contentUrl":"https:\/\/abaa.mx\/tienda\/wp-content\/uploads\/2024\/01\/abaa-metrologia-tienda.png","width":300,"height":141,"caption":"Abaa tienda online"},"image":{"@id":"https:\/\/abaa.mx\/tienda\/#\/schema\/logo\/image\/"}}]}},"_links":{"self":[{"href":"https:\/\/abaa.mx\/tienda\/wp-json\/wp\/v2\/product\/3093","targetHints":{"allow":["GET"]}}],"collection":[{"href":"https:\/\/abaa.mx\/tienda\/wp-json\/wp\/v2\/product"}],"about":[{"href":"https:\/\/abaa.mx\/tienda\/wp-json\/wp\/v2\/types\/product"}],"replies":[{"embeddable":true,"href":"https:\/\/abaa.mx\/tienda\/wp-json\/wp\/v2\/comments?post=3093"}],"wp:featuredmedia":[{"embeddable":true,"href":"https:\/\/abaa.mx\/tienda\/wp-json\/wp\/v2\/media\/3123"}],"wp:attachment":[{"href":"https:\/\/abaa.mx\/tienda\/wp-json\/wp\/v2\/media?parent=3093"}],"wp:term":[{"taxonomy":"product_brand","embeddable":true,"href":"https:\/\/abaa.mx\/tienda\/wp-json\/wp\/v2\/product_brand?post=3093"},{"taxonomy":"product_cat","embeddable":true,"href":"https:\/\/abaa.mx\/tienda\/wp-json\/wp\/v2\/product_cat?post=3093"},{"taxonomy":"product_tag","embeddable":true,"href":"https:\/\/abaa.mx\/tienda\/wp-json\/wp\/v2\/product_tag?post=3093"}],"curies":[{"name":"wp","href":"https:\/\/api.w.org\/{rel}","templated":true}]}}