{"id":3092,"date":"2023-09-26T19:38:29","date_gmt":"2023-09-26T19:38:29","guid":{"rendered":"https:\/\/abaa.mx\/tienda\/?post_type=product&#038;p=3092"},"modified":"2023-09-26T19:38:29","modified_gmt":"2023-09-26T19:38:29","slug":"manometro-de-presion-diferencial-magnehelica-dwyer-2000-00d-0-25-w-c-y-0-62-pa","status":"publish","type":"product","link":"https:\/\/abaa.mx\/tienda\/manometro-de-presion-diferencial-magnehelica-dwyer-2000-00d-0-25-w-c-y-0-62-pa\/","title":{"rendered":"man\u00f3metro de presi\u00f3n diferencial magneh\u00e9lica dwyer 2000-00d (0-.25 &#8220;w.c. y 0-62 pa)"},"content":{"rendered":"<p>Doble escala. El bisel proporciona brida para el montaje empotrado en el panel. La cara de pl\u00e1stico transparente es altamente resistente a la rotura. Proporciona una visualizaci\u00f3n sin distorsiones del puntero y la escala.<\/p>\n<h4>Dwyer 2000-00D Ofertas<\/h4>\n<p><strong>Funciones<\/strong><\/p>\n<ul>\n<li>Mide las presiones del ventilador y del soplador, la resistencia del filtro, la velocidad del aire, el tiro del horno, la ca\u00edda de presi\u00f3n a trav\u00e9s de las placas del orificio<\/li>\n<li>Mide los niveles de l\u00edquido con sistemas de burbujeadores y presiones en amplificadores de fluidos o sistemas flu\u00eddicos<\/li>\n<li>Comprueba los controles de la relaci\u00f3n gas-aire y las v\u00e1lvulas autom\u00e1ticas<\/li>\n<li>Monitorea la presi\u00f3n sangu\u00ednea y respiratoria en el equipo de atenci\u00f3n m\u00e9dica<\/li>\n<\/ul>\n<h4>Dwyer 2000-00D Especificaciones<\/h4>\n<table class=\"table table-striped\">\n<tbody>\n<tr>\n<td>Rango, en w.c.<\/td>\n<td>De 0 a 0,25<\/td>\n<\/tr>\n<tr>\n<td>Rango, Pa o kPa<\/td>\n<td>0 a 62 Pa<\/td>\n<\/tr>\n<tr>\n<td>Servicio<\/td>\n<td>Aire y gases no combustibles, compatibles<\/td>\n<\/tr>\n<tr>\n<td>Vivienda<\/td>\n<td>Caja y bisel de aluminio fundido a presi\u00f3n, con cubierta de acr\u00edlico. El acabado exterior est\u00e1 recubierto de gris para soportar una prueba de corrosi\u00f3n por niebla salina de 168 horas.<\/td>\n<\/tr>\n<tr>\n<td>Exactitud<\/td>\n<td>\u00b12% de FS (\u00b13% en rangos de 0, -100 Pa, -125 Pa, 10MM y \u00b14% en &#8211; 00, -60 Pa, -6MM), en todo el rango a 70 \u00b0F (21.1 \u00b0C)<\/td>\n<\/tr>\n<tr>\n<td>L\u00edmites de presi\u00f3n<\/td>\n<td>-20 pulgadas de Hg a 15 psig\u2020 (-0,677 a 1,034 bar) Opci\u00f3n MP: 35 psig (2,41 bar) Opci\u00f3n HP: 80 psig (5,52 bar)<\/td>\n<\/tr>\n<tr>\n<td>Sobrepresi\u00f3n<\/td>\n<td>El tap\u00f3n de alivio se abre a aproximadamente 25 psig (1,72 bar), solo medidores est\u00e1ndar<\/td>\n<\/tr>\n<tr>\n<td>L\u00edmites de temperatura<\/td>\n<td>20 a 140 \u00b0F (-6,67 a 60 \u00b0C) -20 \u00b0F (-28 \u00b0C)<br \/>\ncon opci\u00f3n de baja temperatura<\/td>\n<\/tr>\n<tr>\n<td>Tama\u00f1o<\/td>\n<td>Esfera de esfera de 4&#8243; (101,6 mm) de di\u00e1metro<\/td>\n<\/tr>\n<tr>\n<td>Orientaci\u00f3n de montaje<\/td>\n<td>Diafragma en posici\u00f3n vertical<\/td>\n<\/tr>\n<tr>\n<td>Conexiones de proceso<\/td>\n<td>Grifos duplicados de alta y baja presi\u00f3n NPT hembra de 1\/8&#8243;: un par de lado y un par de espalda<\/td>\n<\/tr>\n<tr>\n<td>Peso<\/td>\n<td>1 lb 2 oz (510 g) MP y HP 2 lb 2 oz (963 g)<\/td>\n<\/tr>\n<tr>\n<td>Aprobaci\u00f3n de la agencia<\/td>\n<td>RoHS<\/td>\n<\/tr>\n<\/tbody>\n<\/table>\n","protected":false},"excerpt":{"rendered":"<p>Doble escala. El bisel proporciona brida para el montaje empotrado en el panel. La cara de pl\u00e1stico transparente es altamente resistente a la rotura. Proporciona una visualizaci\u00f3n sin distorsiones del puntero y la escala.<\/p>\n","protected":false},"featured_media":3100,"comment_status":"open","ping_status":"closed","template":"","meta":{"_joinchat":[]},"product_brand":[],"product_cat":[15],"product_tag":[],"class_list":{"0":"post-3092","1":"product","2":"type-product","3":"status-publish","4":"has-post-thumbnail","6":"product_cat-sin-categorizar","8":"first","9":"instock","10":"shipping-taxable","11":"product-type-simple"},"yoast_head":"<!-- This site is optimized with the Yoast SEO plugin v26.4 - https:\/\/yoast.com\/wordpress\/plugins\/seo\/ -->\n<title>man\u00f3metro de presi\u00f3n diferencial magneh\u00e9lica dwyer 2000-00d (0-.25 &quot;w.c. y 0-62 pa) - Abaa tienda online<\/title>\n<meta name=\"robots\" content=\"index, follow, max-snippet:-1, max-image-preview:large, max-video-preview:-1\" \/>\n<link rel=\"canonical\" href=\"https:\/\/abaa.mx\/tienda\/manometro-de-presion-diferencial-magnehelica-dwyer-2000-00d-0-25-w-c-y-0-62-pa\/\" \/>\n<meta property=\"og:locale\" content=\"es_MX\" \/>\n<meta property=\"og:type\" content=\"article\" \/>\n<meta property=\"og:title\" content=\"man\u00f3metro de presi\u00f3n diferencial magneh\u00e9lica dwyer 2000-00d (0-.25 &quot;w.c. y 0-62 pa) - Abaa tienda online\" \/>\n<meta property=\"og:description\" content=\"Doble escala. El bisel proporciona brida para el montaje empotrado en el panel. La cara de pl\u00e1stico transparente es altamente resistente a la rotura. Proporciona una visualizaci\u00f3n sin distorsiones del puntero y la escala.\" \/>\n<meta property=\"og:url\" content=\"https:\/\/abaa.mx\/tienda\/manometro-de-presion-diferencial-magnehelica-dwyer-2000-00d-0-25-w-c-y-0-62-pa\/\" \/>\n<meta property=\"og:site_name\" content=\"Abaa tienda online\" \/>\n<meta property=\"og:image\" content=\"https:\/\/abaa.mx\/tienda\/wp-content\/uploads\/2023\/09\/2000-00D.jpg\" \/>\n\t<meta property=\"og:image:width\" content=\"270\" \/>\n\t<meta property=\"og:image:height\" content=\"259\" \/>\n\t<meta property=\"og:image:type\" content=\"image\/jpeg\" \/>\n<meta name=\"twitter:card\" content=\"summary_large_image\" \/>\n<meta name=\"twitter:label1\" content=\"Tiempo de lectura\" \/>\n\t<meta name=\"twitter:data1\" content=\"2 minutos\" \/>\n<script type=\"application\/ld+json\" class=\"yoast-schema-graph\">{\"@context\":\"https:\/\/schema.org\",\"@graph\":[{\"@type\":\"WebPage\",\"@id\":\"https:\/\/abaa.mx\/tienda\/manometro-de-presion-diferencial-magnehelica-dwyer-2000-00d-0-25-w-c-y-0-62-pa\/\",\"url\":\"https:\/\/abaa.mx\/tienda\/manometro-de-presion-diferencial-magnehelica-dwyer-2000-00d-0-25-w-c-y-0-62-pa\/\",\"name\":\"man\u00f3metro de presi\u00f3n diferencial magneh\u00e9lica dwyer 2000-00d (0-.25 \\\"w.c. y 0-62 pa) - Abaa tienda online\",\"isPartOf\":{\"@id\":\"https:\/\/abaa.mx\/tienda\/#website\"},\"primaryImageOfPage\":{\"@id\":\"https:\/\/abaa.mx\/tienda\/manometro-de-presion-diferencial-magnehelica-dwyer-2000-00d-0-25-w-c-y-0-62-pa\/#primaryimage\"},\"image\":{\"@id\":\"https:\/\/abaa.mx\/tienda\/manometro-de-presion-diferencial-magnehelica-dwyer-2000-00d-0-25-w-c-y-0-62-pa\/#primaryimage\"},\"thumbnailUrl\":\"https:\/\/abaa.mx\/tienda\/wp-content\/uploads\/2023\/09\/2000-00D.jpg\",\"datePublished\":\"2023-09-26T19:38:29+00:00\",\"breadcrumb\":{\"@id\":\"https:\/\/abaa.mx\/tienda\/manometro-de-presion-diferencial-magnehelica-dwyer-2000-00d-0-25-w-c-y-0-62-pa\/#breadcrumb\"},\"inLanguage\":\"es\",\"potentialAction\":[{\"@type\":\"ReadAction\",\"target\":[\"https:\/\/abaa.mx\/tienda\/manometro-de-presion-diferencial-magnehelica-dwyer-2000-00d-0-25-w-c-y-0-62-pa\/\"]}]},{\"@type\":\"ImageObject\",\"inLanguage\":\"es\",\"@id\":\"https:\/\/abaa.mx\/tienda\/manometro-de-presion-diferencial-magnehelica-dwyer-2000-00d-0-25-w-c-y-0-62-pa\/#primaryimage\",\"url\":\"https:\/\/abaa.mx\/tienda\/wp-content\/uploads\/2023\/09\/2000-00D.jpg\",\"contentUrl\":\"https:\/\/abaa.mx\/tienda\/wp-content\/uploads\/2023\/09\/2000-00D.jpg\",\"width\":270,\"height\":259,\"caption\":\"2000-00D\"},{\"@type\":\"BreadcrumbList\",\"@id\":\"https:\/\/abaa.mx\/tienda\/manometro-de-presion-diferencial-magnehelica-dwyer-2000-00d-0-25-w-c-y-0-62-pa\/#breadcrumb\",\"itemListElement\":[{\"@type\":\"ListItem\",\"position\":1,\"name\":\"Inicio\",\"item\":\"https:\/\/abaa.mx\/tienda\/\"},{\"@type\":\"ListItem\",\"position\":2,\"name\":\"Tienda\",\"item\":\"https:\/\/abaa.mx\/tienda\/\"},{\"@type\":\"ListItem\",\"position\":3,\"name\":\"man\u00f3metro de presi\u00f3n diferencial magneh\u00e9lica dwyer 2000-00d (0-.25 &#8220;w.c. y 0-62 pa)\"}]},{\"@type\":\"WebSite\",\"@id\":\"https:\/\/abaa.mx\/tienda\/#website\",\"url\":\"https:\/\/abaa.mx\/tienda\/\",\"name\":\"Abaa tienda online\",\"description\":\"Instrumentos de medici\u00f3n\",\"publisher\":{\"@id\":\"https:\/\/abaa.mx\/tienda\/#organization\"},\"potentialAction\":[{\"@type\":\"SearchAction\",\"target\":{\"@type\":\"EntryPoint\",\"urlTemplate\":\"https:\/\/abaa.mx\/tienda\/?s={search_term_string}\"},\"query-input\":{\"@type\":\"PropertyValueSpecification\",\"valueRequired\":true,\"valueName\":\"search_term_string\"}}],\"inLanguage\":\"es\"},{\"@type\":\"Organization\",\"@id\":\"https:\/\/abaa.mx\/tienda\/#organization\",\"name\":\"Abaa tienda online\",\"url\":\"https:\/\/abaa.mx\/tienda\/\",\"logo\":{\"@type\":\"ImageObject\",\"inLanguage\":\"es\",\"@id\":\"https:\/\/abaa.mx\/tienda\/#\/schema\/logo\/image\/\",\"url\":\"https:\/\/abaa.mx\/tienda\/wp-content\/uploads\/2024\/01\/abaa-metrologia-tienda.png\",\"contentUrl\":\"https:\/\/abaa.mx\/tienda\/wp-content\/uploads\/2024\/01\/abaa-metrologia-tienda.png\",\"width\":300,\"height\":141,\"caption\":\"Abaa tienda online\"},\"image\":{\"@id\":\"https:\/\/abaa.mx\/tienda\/#\/schema\/logo\/image\/\"}}]}<\/script>\n<!-- \/ Yoast SEO plugin. -->","yoast_head_json":{"title":"man\u00f3metro de presi\u00f3n diferencial magneh\u00e9lica dwyer 2000-00d (0-.25 \"w.c. y 0-62 pa) - Abaa tienda online","robots":{"index":"index","follow":"follow","max-snippet":"max-snippet:-1","max-image-preview":"max-image-preview:large","max-video-preview":"max-video-preview:-1"},"canonical":"https:\/\/abaa.mx\/tienda\/manometro-de-presion-diferencial-magnehelica-dwyer-2000-00d-0-25-w-c-y-0-62-pa\/","og_locale":"es_MX","og_type":"article","og_title":"man\u00f3metro de presi\u00f3n diferencial magneh\u00e9lica dwyer 2000-00d (0-.25 \"w.c. y 0-62 pa) - Abaa tienda online","og_description":"Doble escala. El bisel proporciona brida para el montaje empotrado en el panel. La cara de pl\u00e1stico transparente es altamente resistente a la rotura. Proporciona una visualizaci\u00f3n sin distorsiones del puntero y la escala.","og_url":"https:\/\/abaa.mx\/tienda\/manometro-de-presion-diferencial-magnehelica-dwyer-2000-00d-0-25-w-c-y-0-62-pa\/","og_site_name":"Abaa tienda online","og_image":[{"width":270,"height":259,"url":"https:\/\/abaa.mx\/tienda\/wp-content\/uploads\/2023\/09\/2000-00D.jpg","type":"image\/jpeg"}],"twitter_card":"summary_large_image","twitter_misc":{"Tiempo de lectura":"2 minutos"},"schema":{"@context":"https:\/\/schema.org","@graph":[{"@type":"WebPage","@id":"https:\/\/abaa.mx\/tienda\/manometro-de-presion-diferencial-magnehelica-dwyer-2000-00d-0-25-w-c-y-0-62-pa\/","url":"https:\/\/abaa.mx\/tienda\/manometro-de-presion-diferencial-magnehelica-dwyer-2000-00d-0-25-w-c-y-0-62-pa\/","name":"man\u00f3metro de presi\u00f3n diferencial magneh\u00e9lica dwyer 2000-00d (0-.25 \"w.c. y 0-62 pa) - Abaa tienda online","isPartOf":{"@id":"https:\/\/abaa.mx\/tienda\/#website"},"primaryImageOfPage":{"@id":"https:\/\/abaa.mx\/tienda\/manometro-de-presion-diferencial-magnehelica-dwyer-2000-00d-0-25-w-c-y-0-62-pa\/#primaryimage"},"image":{"@id":"https:\/\/abaa.mx\/tienda\/manometro-de-presion-diferencial-magnehelica-dwyer-2000-00d-0-25-w-c-y-0-62-pa\/#primaryimage"},"thumbnailUrl":"https:\/\/abaa.mx\/tienda\/wp-content\/uploads\/2023\/09\/2000-00D.jpg","datePublished":"2023-09-26T19:38:29+00:00","breadcrumb":{"@id":"https:\/\/abaa.mx\/tienda\/manometro-de-presion-diferencial-magnehelica-dwyer-2000-00d-0-25-w-c-y-0-62-pa\/#breadcrumb"},"inLanguage":"es","potentialAction":[{"@type":"ReadAction","target":["https:\/\/abaa.mx\/tienda\/manometro-de-presion-diferencial-magnehelica-dwyer-2000-00d-0-25-w-c-y-0-62-pa\/"]}]},{"@type":"ImageObject","inLanguage":"es","@id":"https:\/\/abaa.mx\/tienda\/manometro-de-presion-diferencial-magnehelica-dwyer-2000-00d-0-25-w-c-y-0-62-pa\/#primaryimage","url":"https:\/\/abaa.mx\/tienda\/wp-content\/uploads\/2023\/09\/2000-00D.jpg","contentUrl":"https:\/\/abaa.mx\/tienda\/wp-content\/uploads\/2023\/09\/2000-00D.jpg","width":270,"height":259,"caption":"2000-00D"},{"@type":"BreadcrumbList","@id":"https:\/\/abaa.mx\/tienda\/manometro-de-presion-diferencial-magnehelica-dwyer-2000-00d-0-25-w-c-y-0-62-pa\/#breadcrumb","itemListElement":[{"@type":"ListItem","position":1,"name":"Inicio","item":"https:\/\/abaa.mx\/tienda\/"},{"@type":"ListItem","position":2,"name":"Tienda","item":"https:\/\/abaa.mx\/tienda\/"},{"@type":"ListItem","position":3,"name":"man\u00f3metro de presi\u00f3n diferencial magneh\u00e9lica dwyer 2000-00d (0-.25 &#8220;w.c. y 0-62 pa)"}]},{"@type":"WebSite","@id":"https:\/\/abaa.mx\/tienda\/#website","url":"https:\/\/abaa.mx\/tienda\/","name":"Abaa tienda online","description":"Instrumentos de medici\u00f3n","publisher":{"@id":"https:\/\/abaa.mx\/tienda\/#organization"},"potentialAction":[{"@type":"SearchAction","target":{"@type":"EntryPoint","urlTemplate":"https:\/\/abaa.mx\/tienda\/?s={search_term_string}"},"query-input":{"@type":"PropertyValueSpecification","valueRequired":true,"valueName":"search_term_string"}}],"inLanguage":"es"},{"@type":"Organization","@id":"https:\/\/abaa.mx\/tienda\/#organization","name":"Abaa tienda online","url":"https:\/\/abaa.mx\/tienda\/","logo":{"@type":"ImageObject","inLanguage":"es","@id":"https:\/\/abaa.mx\/tienda\/#\/schema\/logo\/image\/","url":"https:\/\/abaa.mx\/tienda\/wp-content\/uploads\/2024\/01\/abaa-metrologia-tienda.png","contentUrl":"https:\/\/abaa.mx\/tienda\/wp-content\/uploads\/2024\/01\/abaa-metrologia-tienda.png","width":300,"height":141,"caption":"Abaa tienda online"},"image":{"@id":"https:\/\/abaa.mx\/tienda\/#\/schema\/logo\/image\/"}}]}},"_links":{"self":[{"href":"https:\/\/abaa.mx\/tienda\/wp-json\/wp\/v2\/product\/3092","targetHints":{"allow":["GET"]}}],"collection":[{"href":"https:\/\/abaa.mx\/tienda\/wp-json\/wp\/v2\/product"}],"about":[{"href":"https:\/\/abaa.mx\/tienda\/wp-json\/wp\/v2\/types\/product"}],"replies":[{"embeddable":true,"href":"https:\/\/abaa.mx\/tienda\/wp-json\/wp\/v2\/comments?post=3092"}],"wp:featuredmedia":[{"embeddable":true,"href":"https:\/\/abaa.mx\/tienda\/wp-json\/wp\/v2\/media\/3100"}],"wp:attachment":[{"href":"https:\/\/abaa.mx\/tienda\/wp-json\/wp\/v2\/media?parent=3092"}],"wp:term":[{"taxonomy":"product_brand","embeddable":true,"href":"https:\/\/abaa.mx\/tienda\/wp-json\/wp\/v2\/product_brand?post=3092"},{"taxonomy":"product_cat","embeddable":true,"href":"https:\/\/abaa.mx\/tienda\/wp-json\/wp\/v2\/product_cat?post=3092"},{"taxonomy":"product_tag","embeddable":true,"href":"https:\/\/abaa.mx\/tienda\/wp-json\/wp\/v2\/product_tag?post=3092"}],"curies":[{"name":"wp","href":"https:\/\/api.w.org\/{rel}","templated":true}]}}