{"id":3072,"date":"2023-09-26T19:26:30","date_gmt":"2023-09-26T19:26:30","guid":{"rendered":"https:\/\/abaa.mx\/tienda\/?post_type=product&#038;p=3072"},"modified":"2023-11-27T15:24:54","modified_gmt":"2023-11-27T15:24:54","slug":"calibrador-de-presion-fluke-718-100us-con-bomba-de-vacio-de-presion-12-a-100-psi","status":"publish","type":"product","link":"https:\/\/abaa.mx\/tienda\/calibrador-de-presion-fluke-718-100us-con-bomba-de-vacio-de-presion-12-a-100-psi\/","title":{"rendered":"Calibrador de presi\u00f3n Fluke 718-100US con bomba de vac\u00edo de presi\u00f3n, -12 a 100 PSI"},"content":{"rendered":"<p>El calibrador de presi\u00f3n 718-100G de Fluke es un calibrador compacto, ligero y f\u00e1cil de transportar que ofrece un rendimiento, durabilidad y fiabilidad excepcionales. El calibrador Fluke 718 es tolerante a EMI, resistente al polvo y a las salpicaduras y cuenta con una tapa de bater\u00eda extra\u00edble para cambios r\u00e1pidos de bater\u00eda.<\/p>\n<p>Este medidor proporciona una soluci\u00f3n de calibraci\u00f3n de presi\u00f3n total para transmisores, medidores e interruptores. Esta soluci\u00f3n compacta de calibraci\u00f3n de presi\u00f3n es aproximadamente un tercio del tama\u00f1o de instrumentos comparables y pesa solo un kilogramo (dos libras). La bomba \u00fanica y f\u00e1cil de limpiar ayuda a proteger la bomba de da\u00f1os y proporciona la capacidad de reparar la bomba sin desmontarla, incluso en el campo.<\/p>\n<p>El calibrador de presi\u00f3n Fluke 718 proporciona una soluci\u00f3n de calibraci\u00f3n de presi\u00f3n total para transmisores, man\u00f3metros e interruptores. Esta soluci\u00f3n compacta de calibraci\u00f3n de presi\u00f3n es aproximadamente un tercio del tama\u00f1o de instrumentos comparables y pesa solo un kilogramo (dos libras). La bomba \u00fanica y f\u00e1cil de limpiar ayuda a proteger la bomba de da\u00f1os y proporciona la capacidad de reparar la bomba sin desmontarla, incluso en el campo.<\/p>\n<p>&nbsp;<\/p>\n<p><strong>Funciones:<\/strong><\/p>\n<ul>\n<li>C\u00e1lculo del % de error para una toma de decisiones m\u00e1s r\u00e1pida de aprobado\/no aprobado en el campo.<\/li>\n<li>La mejor precisi\u00f3n mA de su clase del 0,015 % para una mejor confianza en la medici\u00f3n y cobertura de la carga de trabajo.<\/li>\n<li>M\u00edn.\/M\u00e1x.\/Mantener para capturar mediciones cambiantes.<\/li>\n<li>Funci\u00f3n de prueba de interruptores para pruebas de interruptores de presi\u00f3n m\u00e1s r\u00e1pidas y precisas.<\/li>\n<li>Los nuevos rangos de presi\u00f3n de 1 y 300 PSI significan que se requieren menos herramientas adicionales.<\/li>\n<li>Rangos de 1, 30, 100 y 300 PSI ahora disponibles.<\/li>\n<\/ul>\n<p>&nbsp;<\/p>\n<p><strong>Aplicaciones:<\/strong><\/p>\n<ul>\n<li>Calibraci\u00f3n de instrumentos de presi\u00f3n.<\/li>\n<li>Mantenimiento de instrumentos de presi\u00f3n.<\/li>\n<li>Petroqu\u00edmica.<\/li>\n<li>Petr\u00f3leo y Gas.<\/li>\n<li>Farmac\u00e9utico.<\/li>\n<li>Agua y aguas residuales.<\/li>\n<li>Alimentos y bebidas.<\/li>\n<li>Generaci\u00f3n de energ\u00eda.<\/li>\n<\/ul>\n<p>&nbsp;<\/p>\n<h4>Fluke 718-100US Especificaciones<\/h4>\n<table class=\"table table-striped\">\n<tbody>\n<tr>\n<td>Gama<\/td>\n<td>-12 a 100 PSI, -850 mbar a 7 bar (sensor interno) Sobrepresi\u00f3n 3xFS<\/td>\n<\/tr>\n<tr>\n<td>Resoluci\u00f3n<\/td>\n<td>0,01 psi, 1 mbar<\/td>\n<\/tr>\n<tr>\n<td>Exactitud<\/td>\n<td>0.05% de escala completa<\/td>\n<\/tr>\n<tr>\n<td>Funciones<\/td>\n<td>Cero, M\u00edn, M\u00e1x., Mantener, H\u00famedo, Nota: para uso con gases no corrosivos<\/td>\n<\/tr>\n<tr>\n<td>Rango de potencia de bucle<\/td>\n<td>24 V CC<\/td>\n<\/tr>\n<tr>\n<td>Precisi\u00f3n de potencia de bucle<\/td>\n<td>+\/- 10%<\/td>\n<\/tr>\n<tr>\n<td>Rango de precisi\u00f3n de medici\u00f3n<\/td>\n<td>0 a 24 mA<\/td>\n<\/tr>\n<tr>\n<td>Resoluci\u00f3n de precisi\u00f3n de medida<\/td>\n<td>0,001 mA<\/td>\n<\/tr>\n<tr>\n<td>Precisi\u00f3n de la medida<\/td>\n<td>0.025% + 1 cuenta<\/td>\n<\/tr>\n<tr>\n<td>Monitor<\/td>\n<td>LCD, presi\u00f3n de 5 d\u00edgitos y corriente simult\u00e1nea<\/td>\n<\/tr>\n<tr>\n<td>Temperatura de funcionamiento<\/td>\n<td>-10 a 55\u00b0C<\/td>\n<\/tr>\n<tr>\n<td>Voltaje m\u00e1ximo<\/td>\n<td>30<\/td>\n<\/tr>\n<tr>\n<td>Tama\u00f1o<\/td>\n<td>216 mm de largo x 94 mm de ancho x 67 mm (8,5 pulg. L X 3,72 pulgadas ancho x 2,61 pulg.)<\/td>\n<\/tr>\n<tr>\n<td>Peso<\/td>\n<td>Aprox. 992 g (35 oz)<\/td>\n<\/tr>\n<tr>\n<td>Choque y vibraci\u00f3n<\/td>\n<td>Prueba aleatoria, 2G, 5-500 Hz, ca\u00edda de 1 m<\/td>\n<\/tr>\n<tr>\n<td>Tipo de bater\u00eda<\/td>\n<td>Dos bater\u00edas de 9V, ANSI\/NEDA 1604A o IEC 6LR61, duraci\u00f3n de la bater\u00eda: 4 a 20 horas, t\u00edpica, dependiendo de las funciones<\/td>\n<\/tr>\n<\/tbody>\n<\/table>\n","protected":false},"excerpt":{"rendered":"<p class=\"short-description mhide ipad-view-setting\">Tome medidas de fuente de presi\u00f3n y miliamperios para calibrar y mantener casi cualquier dispositivo de presi\u00f3n.<\/p>\n<div class=\"row-fluid\">\n<div class=\"span12 mobile-pricing-box-padding\">\n<form id=\"1342\" accept-charset=\"utf-8\" action=\"https:\/\/www.globaltestsupply.com\/shop\/add\" method=\"post\" name=\"addTocartFunction\">\n<div><\/div>\n<\/form>\n<\/div>\n<\/div>\n","protected":false},"featured_media":3087,"comment_status":"open","ping_status":"closed","template":"","meta":{"_joinchat":[]},"product_brand":[],"product_cat":[15],"product_tag":[],"class_list":{"0":"post-3072","1":"product","2":"type-product","3":"status-publish","4":"has-post-thumbnail","6":"product_cat-sin-categorizar","8":"first","9":"instock","10":"shipping-taxable","11":"product-type-simple"},"yoast_head":"<!-- This site is optimized with the Yoast SEO plugin v26.4 - https:\/\/yoast.com\/wordpress\/plugins\/seo\/ -->\n<title>Calibrador de presi\u00f3n Fluke 718-100US con bomba de vac\u00edo de presi\u00f3n, -12 a 100 PSI - Abaa tienda online<\/title>\n<meta name=\"robots\" content=\"index, follow, max-snippet:-1, max-image-preview:large, max-video-preview:-1\" \/>\n<link rel=\"canonical\" href=\"https:\/\/abaa.mx\/tienda\/calibrador-de-presion-fluke-718-100us-con-bomba-de-vacio-de-presion-12-a-100-psi\/\" \/>\n<meta property=\"og:locale\" content=\"es_MX\" \/>\n<meta property=\"og:type\" content=\"article\" \/>\n<meta property=\"og:title\" content=\"Calibrador de presi\u00f3n Fluke 718-100US con bomba de vac\u00edo de presi\u00f3n, -12 a 100 PSI - Abaa tienda online\" \/>\n<meta property=\"og:description\" content=\"Tome medidas de fuente de presi\u00f3n y miliamperios para calibrar y mantener casi cualquier dispositivo de presi\u00f3n.\" \/>\n<meta property=\"og:url\" content=\"https:\/\/abaa.mx\/tienda\/calibrador-de-presion-fluke-718-100us-con-bomba-de-vacio-de-presion-12-a-100-psi\/\" \/>\n<meta property=\"og:site_name\" content=\"Abaa tienda online\" \/>\n<meta property=\"article:modified_time\" content=\"2023-11-27T15:24:54+00:00\" \/>\n<meta property=\"og:image\" content=\"https:\/\/abaa.mx\/tienda\/wp-content\/uploads\/2023\/09\/718-100US.jpg\" \/>\n\t<meta property=\"og:image:width\" content=\"420\" \/>\n\t<meta property=\"og:image:height\" content=\"420\" \/>\n\t<meta property=\"og:image:type\" content=\"image\/jpeg\" \/>\n<meta name=\"twitter:card\" content=\"summary_large_image\" \/>\n<meta name=\"twitter:label1\" content=\"Tiempo de lectura\" \/>\n\t<meta name=\"twitter:data1\" content=\"3 minutos\" \/>\n<script type=\"application\/ld+json\" class=\"yoast-schema-graph\">{\"@context\":\"https:\/\/schema.org\",\"@graph\":[{\"@type\":\"WebPage\",\"@id\":\"https:\/\/abaa.mx\/tienda\/calibrador-de-presion-fluke-718-100us-con-bomba-de-vacio-de-presion-12-a-100-psi\/\",\"url\":\"https:\/\/abaa.mx\/tienda\/calibrador-de-presion-fluke-718-100us-con-bomba-de-vacio-de-presion-12-a-100-psi\/\",\"name\":\"Calibrador de presi\u00f3n Fluke 718-100US con bomba de vac\u00edo de presi\u00f3n, -12 a 100 PSI - Abaa tienda online\",\"isPartOf\":{\"@id\":\"https:\/\/abaa.mx\/tienda\/#website\"},\"primaryImageOfPage\":{\"@id\":\"https:\/\/abaa.mx\/tienda\/calibrador-de-presion-fluke-718-100us-con-bomba-de-vacio-de-presion-12-a-100-psi\/#primaryimage\"},\"image\":{\"@id\":\"https:\/\/abaa.mx\/tienda\/calibrador-de-presion-fluke-718-100us-con-bomba-de-vacio-de-presion-12-a-100-psi\/#primaryimage\"},\"thumbnailUrl\":\"https:\/\/abaa.mx\/tienda\/wp-content\/uploads\/2023\/09\/718-100US.jpg\",\"datePublished\":\"2023-09-26T19:26:30+00:00\",\"dateModified\":\"2023-11-27T15:24:54+00:00\",\"breadcrumb\":{\"@id\":\"https:\/\/abaa.mx\/tienda\/calibrador-de-presion-fluke-718-100us-con-bomba-de-vacio-de-presion-12-a-100-psi\/#breadcrumb\"},\"inLanguage\":\"es\",\"potentialAction\":[{\"@type\":\"ReadAction\",\"target\":[\"https:\/\/abaa.mx\/tienda\/calibrador-de-presion-fluke-718-100us-con-bomba-de-vacio-de-presion-12-a-100-psi\/\"]}]},{\"@type\":\"ImageObject\",\"inLanguage\":\"es\",\"@id\":\"https:\/\/abaa.mx\/tienda\/calibrador-de-presion-fluke-718-100us-con-bomba-de-vacio-de-presion-12-a-100-psi\/#primaryimage\",\"url\":\"https:\/\/abaa.mx\/tienda\/wp-content\/uploads\/2023\/09\/718-100US.jpg\",\"contentUrl\":\"https:\/\/abaa.mx\/tienda\/wp-content\/uploads\/2023\/09\/718-100US.jpg\",\"width\":420,\"height\":420,\"caption\":\"Fluke 718-100US\"},{\"@type\":\"BreadcrumbList\",\"@id\":\"https:\/\/abaa.mx\/tienda\/calibrador-de-presion-fluke-718-100us-con-bomba-de-vacio-de-presion-12-a-100-psi\/#breadcrumb\",\"itemListElement\":[{\"@type\":\"ListItem\",\"position\":1,\"name\":\"Inicio\",\"item\":\"https:\/\/abaa.mx\/tienda\/\"},{\"@type\":\"ListItem\",\"position\":2,\"name\":\"Tienda\",\"item\":\"https:\/\/abaa.mx\/tienda\/\"},{\"@type\":\"ListItem\",\"position\":3,\"name\":\"Calibrador de presi\u00f3n Fluke 718-100US con bomba de vac\u00edo de presi\u00f3n, -12 a 100 PSI\"}]},{\"@type\":\"WebSite\",\"@id\":\"https:\/\/abaa.mx\/tienda\/#website\",\"url\":\"https:\/\/abaa.mx\/tienda\/\",\"name\":\"Abaa tienda online\",\"description\":\"Instrumentos de medici\u00f3n\",\"publisher\":{\"@id\":\"https:\/\/abaa.mx\/tienda\/#organization\"},\"potentialAction\":[{\"@type\":\"SearchAction\",\"target\":{\"@type\":\"EntryPoint\",\"urlTemplate\":\"https:\/\/abaa.mx\/tienda\/?s={search_term_string}\"},\"query-input\":{\"@type\":\"PropertyValueSpecification\",\"valueRequired\":true,\"valueName\":\"search_term_string\"}}],\"inLanguage\":\"es\"},{\"@type\":\"Organization\",\"@id\":\"https:\/\/abaa.mx\/tienda\/#organization\",\"name\":\"Abaa tienda online\",\"url\":\"https:\/\/abaa.mx\/tienda\/\",\"logo\":{\"@type\":\"ImageObject\",\"inLanguage\":\"es\",\"@id\":\"https:\/\/abaa.mx\/tienda\/#\/schema\/logo\/image\/\",\"url\":\"https:\/\/abaa.mx\/tienda\/wp-content\/uploads\/2024\/01\/abaa-metrologia-tienda.png\",\"contentUrl\":\"https:\/\/abaa.mx\/tienda\/wp-content\/uploads\/2024\/01\/abaa-metrologia-tienda.png\",\"width\":300,\"height\":141,\"caption\":\"Abaa tienda online\"},\"image\":{\"@id\":\"https:\/\/abaa.mx\/tienda\/#\/schema\/logo\/image\/\"}}]}<\/script>\n<!-- \/ Yoast SEO plugin. -->","yoast_head_json":{"title":"Calibrador de presi\u00f3n Fluke 718-100US con bomba de vac\u00edo de presi\u00f3n, -12 a 100 PSI - Abaa tienda online","robots":{"index":"index","follow":"follow","max-snippet":"max-snippet:-1","max-image-preview":"max-image-preview:large","max-video-preview":"max-video-preview:-1"},"canonical":"https:\/\/abaa.mx\/tienda\/calibrador-de-presion-fluke-718-100us-con-bomba-de-vacio-de-presion-12-a-100-psi\/","og_locale":"es_MX","og_type":"article","og_title":"Calibrador de presi\u00f3n Fluke 718-100US con bomba de vac\u00edo de presi\u00f3n, -12 a 100 PSI - Abaa tienda online","og_description":"Tome medidas de fuente de presi\u00f3n y miliamperios para calibrar y mantener casi cualquier dispositivo de presi\u00f3n.","og_url":"https:\/\/abaa.mx\/tienda\/calibrador-de-presion-fluke-718-100us-con-bomba-de-vacio-de-presion-12-a-100-psi\/","og_site_name":"Abaa tienda online","article_modified_time":"2023-11-27T15:24:54+00:00","og_image":[{"width":420,"height":420,"url":"https:\/\/abaa.mx\/tienda\/wp-content\/uploads\/2023\/09\/718-100US.jpg","type":"image\/jpeg"}],"twitter_card":"summary_large_image","twitter_misc":{"Tiempo de lectura":"3 minutos"},"schema":{"@context":"https:\/\/schema.org","@graph":[{"@type":"WebPage","@id":"https:\/\/abaa.mx\/tienda\/calibrador-de-presion-fluke-718-100us-con-bomba-de-vacio-de-presion-12-a-100-psi\/","url":"https:\/\/abaa.mx\/tienda\/calibrador-de-presion-fluke-718-100us-con-bomba-de-vacio-de-presion-12-a-100-psi\/","name":"Calibrador de presi\u00f3n Fluke 718-100US con bomba de vac\u00edo de presi\u00f3n, -12 a 100 PSI - Abaa tienda online","isPartOf":{"@id":"https:\/\/abaa.mx\/tienda\/#website"},"primaryImageOfPage":{"@id":"https:\/\/abaa.mx\/tienda\/calibrador-de-presion-fluke-718-100us-con-bomba-de-vacio-de-presion-12-a-100-psi\/#primaryimage"},"image":{"@id":"https:\/\/abaa.mx\/tienda\/calibrador-de-presion-fluke-718-100us-con-bomba-de-vacio-de-presion-12-a-100-psi\/#primaryimage"},"thumbnailUrl":"https:\/\/abaa.mx\/tienda\/wp-content\/uploads\/2023\/09\/718-100US.jpg","datePublished":"2023-09-26T19:26:30+00:00","dateModified":"2023-11-27T15:24:54+00:00","breadcrumb":{"@id":"https:\/\/abaa.mx\/tienda\/calibrador-de-presion-fluke-718-100us-con-bomba-de-vacio-de-presion-12-a-100-psi\/#breadcrumb"},"inLanguage":"es","potentialAction":[{"@type":"ReadAction","target":["https:\/\/abaa.mx\/tienda\/calibrador-de-presion-fluke-718-100us-con-bomba-de-vacio-de-presion-12-a-100-psi\/"]}]},{"@type":"ImageObject","inLanguage":"es","@id":"https:\/\/abaa.mx\/tienda\/calibrador-de-presion-fluke-718-100us-con-bomba-de-vacio-de-presion-12-a-100-psi\/#primaryimage","url":"https:\/\/abaa.mx\/tienda\/wp-content\/uploads\/2023\/09\/718-100US.jpg","contentUrl":"https:\/\/abaa.mx\/tienda\/wp-content\/uploads\/2023\/09\/718-100US.jpg","width":420,"height":420,"caption":"Fluke 718-100US"},{"@type":"BreadcrumbList","@id":"https:\/\/abaa.mx\/tienda\/calibrador-de-presion-fluke-718-100us-con-bomba-de-vacio-de-presion-12-a-100-psi\/#breadcrumb","itemListElement":[{"@type":"ListItem","position":1,"name":"Inicio","item":"https:\/\/abaa.mx\/tienda\/"},{"@type":"ListItem","position":2,"name":"Tienda","item":"https:\/\/abaa.mx\/tienda\/"},{"@type":"ListItem","position":3,"name":"Calibrador de presi\u00f3n Fluke 718-100US con bomba de vac\u00edo de presi\u00f3n, -12 a 100 PSI"}]},{"@type":"WebSite","@id":"https:\/\/abaa.mx\/tienda\/#website","url":"https:\/\/abaa.mx\/tienda\/","name":"Abaa tienda online","description":"Instrumentos de medici\u00f3n","publisher":{"@id":"https:\/\/abaa.mx\/tienda\/#organization"},"potentialAction":[{"@type":"SearchAction","target":{"@type":"EntryPoint","urlTemplate":"https:\/\/abaa.mx\/tienda\/?s={search_term_string}"},"query-input":{"@type":"PropertyValueSpecification","valueRequired":true,"valueName":"search_term_string"}}],"inLanguage":"es"},{"@type":"Organization","@id":"https:\/\/abaa.mx\/tienda\/#organization","name":"Abaa tienda online","url":"https:\/\/abaa.mx\/tienda\/","logo":{"@type":"ImageObject","inLanguage":"es","@id":"https:\/\/abaa.mx\/tienda\/#\/schema\/logo\/image\/","url":"https:\/\/abaa.mx\/tienda\/wp-content\/uploads\/2024\/01\/abaa-metrologia-tienda.png","contentUrl":"https:\/\/abaa.mx\/tienda\/wp-content\/uploads\/2024\/01\/abaa-metrologia-tienda.png","width":300,"height":141,"caption":"Abaa tienda online"},"image":{"@id":"https:\/\/abaa.mx\/tienda\/#\/schema\/logo\/image\/"}}]}},"_links":{"self":[{"href":"https:\/\/abaa.mx\/tienda\/wp-json\/wp\/v2\/product\/3072","targetHints":{"allow":["GET"]}}],"collection":[{"href":"https:\/\/abaa.mx\/tienda\/wp-json\/wp\/v2\/product"}],"about":[{"href":"https:\/\/abaa.mx\/tienda\/wp-json\/wp\/v2\/types\/product"}],"replies":[{"embeddable":true,"href":"https:\/\/abaa.mx\/tienda\/wp-json\/wp\/v2\/comments?post=3072"}],"wp:featuredmedia":[{"embeddable":true,"href":"https:\/\/abaa.mx\/tienda\/wp-json\/wp\/v2\/media\/3087"}],"wp:attachment":[{"href":"https:\/\/abaa.mx\/tienda\/wp-json\/wp\/v2\/media?parent=3072"}],"wp:term":[{"taxonomy":"product_brand","embeddable":true,"href":"https:\/\/abaa.mx\/tienda\/wp-json\/wp\/v2\/product_brand?post=3072"},{"taxonomy":"product_cat","embeddable":true,"href":"https:\/\/abaa.mx\/tienda\/wp-json\/wp\/v2\/product_cat?post=3072"},{"taxonomy":"product_tag","embeddable":true,"href":"https:\/\/abaa.mx\/tienda\/wp-json\/wp\/v2\/product_tag?post=3072"}],"curies":[{"name":"wp","href":"https:\/\/api.w.org\/{rel}","templated":true}]}}