{"id":3070,"date":"2023-09-26T19:26:24","date_gmt":"2023-09-26T19:26:24","guid":{"rendered":"https:\/\/abaa.mx\/tienda\/?post_type=product&#038;p=3070"},"modified":"2023-11-27T15:29:06","modified_gmt":"2023-11-27T15:29:06","slug":"calibrador-de-presion-fluke-717-5000g","status":"publish","type":"product","link":"https:\/\/abaa.mx\/tienda\/calibrador-de-presion-fluke-717-5000g\/","title":{"rendered":"Calibrador de presi\u00f3n Fluke 717-5000G"},"content":{"rendered":"<p>&nbsp;<\/p>\n<p><strong>Funciones:<\/strong><\/p>\n<ul>\n<li>1\/8 de accesorio de presi\u00f3n hembra NPT.<\/li>\n<li>Compatible con gases y l\u00edquidos no corrosivos.<\/li>\n<li>Funciones de cero, m\u00ednimo, m\u00e1ximo y retenci\u00f3n.<\/li>\n<li>Calibre instrumentos P\/I con medici\u00f3n simult\u00e1nea de presi\u00f3n y corriente.<\/li>\n<li>C\u00e1lculo de error % de mediciones mA para decisiones r\u00e1pidas de aprobaci\u00f3n y falla.<\/li>\n<li>Bater\u00eda de larga duraci\u00f3n.<\/li>\n<li>La funda cuenta con almacenamiento de cables de prueba.<\/li>\n<li>Compatible con el sistema de suspensi\u00f3n magn\u00e9tica Toolpack.<\/li>\n<li>Nueva prueba de conmutaci\u00f3n.<\/li>\n<\/ul>\n<h4><\/h4>\n<h4>Fluke 717-5000G Especificaciones<\/h4>\n<table border=\"0\" width=\"100%\" cellspacing=\"0\" cellpadding=\"0\">\n<tbody>\n<tr>\n<td valign=\"top\" width=\"90%\">\n<table border=\"0\" cellspacing=\"0\" cellpadding=\"0\">\n<tbody>\n<tr>\n<td valign=\"top\">\n<table border=\"1\" width=\"570\" cellspacing=\"0\" cellpadding=\"4\" bgcolor=\"#eeeeee\">\n<tbody>\n<tr>\n<td class=\"PrdSpecHeadline\" colspan=\"2\">Precisi\u00f3n de medici\u00f3n<\/td>\n<\/tr>\n<tr>\n<td class=\"PrdSpecItem\" width=\"150\">Presi\u00f3n<\/td>\n<td class=\"PrdSpecItem\" width=\"420\">\n<table border=\"0\" cellspacing=\"0\" cellpadding=\"0\">\n<tbody>\n<tr>\n<td class=\"PrdSpecSubject\">Serie 717<\/td>\n<td class=\"PrdSpecValue\"><\/td>\n<\/tr>\n<tr>\n<td class=\"PrdSpecSubject\">Medir la presi\u00f3n<\/td>\n<td class=\"PrdSpecValue\">(sensor interno)<\/td>\n<\/tr>\n<tr>\n<td class=\"PrdSpecSubject\">Exactitud<\/td>\n<td class=\"PrdSpecValue\">0.05% escala completa<\/td>\n<\/tr>\n<tr>\n<td class=\"PrdSpecSubject\">Funciones<\/td>\n<td class=\"PrdSpecValue\">Cero, M\u00edn., M\u00e1x., Mantener, H\u00famedo<\/td>\n<\/tr>\n<tr>\n<td class=\"PrdSpecSubject\"><\/td>\n<td class=\"PrdSpecValue\">Nota Gases \/ l\u00edquidos (no corrosivos)<\/td>\n<\/tr>\n<tr>\n<td class=\"PrdSpecSubject\"><\/td>\n<td class=\"PrdSpecValue\"><\/td>\n<\/tr>\n<tr>\n<td class=\"PrdSpecSubject\">Fluke 717 5000G<\/td>\n<td class=\"PrdSpecValue\"><\/td>\n<\/tr>\n<tr>\n<td class=\"PrdSpecSubject\">Gama<\/td>\n<td class=\"PrdSpecValue\">0 a 5000 PSI, (0 bar a 345 bar, 0 a 34474 kPa)<\/td>\n<\/tr>\n<tr>\n<td class=\"PrdSpecSubject\">Resoluci\u00f3n<\/td>\n<td class=\"PrdSpecValue\">0,1 PSI, 0,01 bar, 1 kPa<\/td>\n<\/tr>\n<tr>\n<td class=\"PrdSpecSubject\">Sobrepresi\u00f3n<\/td>\n<td class=\"PrdSpecValue\">2 X escala completa<\/td>\n<\/tr>\n<tr>\n<td class=\"PrdSpecSubject\"><\/td>\n<td class=\"PrdSpecValue\"><\/td>\n<\/tr>\n<tr>\n<td class=\"PrdSpecSubject\">Serie Fluke 717 con m\u00f3dulos de presi\u00f3n<\/td>\n<td class=\"PrdSpecValue\"><\/td>\n<\/tr>\n<tr>\n<td class=\"PrdSpecSubject\">Medir la presi\u00f3n<\/td>\n<td class=\"PrdSpecValue\">(a trav\u00e9s del conector del m\u00f3dulo de presi\u00f3n utilizando m\u00f3dulos de presi\u00f3n opcionales)<\/td>\n<\/tr>\n<tr>\n<td class=\"PrdSpecSubject\">Gama<\/td>\n<td class=\"PrdSpecValue\">29 m\u00f3dulos de presi\u00f3n, rangos de 0-1 inH20 a 10.000 PSI, de 2,5 mbar a 700 bar. Especificaciones de sobrepresi\u00f3n por m\u00f3dulo de presi\u00f3n<\/td>\n<\/tr>\n<tr>\n<td class=\"PrdSpecSubject\">Resoluci\u00f3n<\/td>\n<td class=\"PrdSpecValue\">Especificaciones por m\u00f3dulo de presi\u00f3n<\/td>\n<\/tr>\n<tr>\n<td class=\"PrdSpecSubject\">Exactitud<\/td>\n<td class=\"PrdSpecValue\">Especificaciones por m\u00f3dulo de presi\u00f3n<\/td>\n<\/tr>\n<tr>\n<td class=\"PrdSpecSubject\">Funciones<\/td>\n<td class=\"PrdSpecValue\">Cero, M\u00edn., M\u00e1x., Mantener, H\u00famedo<\/td>\n<\/tr>\n<\/tbody>\n<\/table>\n<\/td>\n<\/tr>\n<tr>\n<td class=\"PrdSpecItem\" width=\"150\">Actual<\/td>\n<td class=\"PrdSpecItem\" width=\"420\">\n<table border=\"0\" cellspacing=\"0\" cellpadding=\"0\">\n<tbody>\n<tr>\n<td class=\"PrdSpecSubject\">Gama:<\/td>\n<td class=\"PrdSpecValue\">0 a 24 mA (-25% a 125%)<\/td>\n<\/tr>\n<tr>\n<td class=\"PrdSpecSubject\">Resoluci\u00f3n<\/td>\n<td class=\"PrdSpecValue\">0,001 mA<\/td>\n<\/tr>\n<tr>\n<td class=\"PrdSpecSubject\">Exactitud<\/td>\n<td class=\"PrdSpecValue\">0.015% + 2 cuentas<\/td>\n<\/tr>\n<\/tbody>\n<\/table>\n<\/td>\n<\/tr>\n<\/tbody>\n<\/table>\n<p>&nbsp;<\/p>\n<table border=\"1\" width=\"570\" cellspacing=\"0\" cellpadding=\"4\" bgcolor=\"#eeeeee\">\n<tbody>\n<tr>\n<td class=\"PrdSpecHeadline\" colspan=\"2\">Caracter\u00edsticas t\u00e9cnicas<\/td>\n<\/tr>\n<tr>\n<td class=\"PrdSpecItem\" width=\"150\">Potencia de bucle<\/td>\n<td class=\"PrdSpecItem\" width=\"420\">\n<table border=\"0\" cellspacing=\"0\" cellpadding=\"0\">\n<tbody>\n<tr>\n<td class=\"PrdSpecSubject\">Gama<\/td>\n<td class=\"PrdSpecValue\">24 V CC<\/td>\n<\/tr>\n<tr>\n<td class=\"PrdSpecSubject\">Exactitud<\/td>\n<td class=\"PrdSpecValue\">+\/- 10%<\/td>\n<\/tr>\n<tr>\n<td class=\"PrdSpecSubject\"><\/td>\n<td class=\"PrdSpecValue\">Nota: Conducir; 20 mA en 1000 ohmios para bater\u00eda &gt;6.8V; 700 W para bater\u00eda de 5,8 a 6,8 V<\/td>\n<\/tr>\n<\/tbody>\n<\/table>\n<\/td>\n<\/tr>\n<tr>\n<td class=\"PrdSpecItem\" width=\"150\">Monitor<\/td>\n<td class=\"PrdSpecItem\" width=\"420\">\n<table border=\"0\" cellspacing=\"0\" cellpadding=\"0\">\n<tbody>\n<tr>\n<td class=\"PrdSpecSubject\"><\/td>\n<td class=\"PrdSpecValue\">LCD transparente de 5 d\u00edgitos<\/td>\n<\/tr>\n<\/tbody>\n<\/table>\n<\/td>\n<\/tr>\n<\/tbody>\n<\/table>\n<p>&nbsp;<\/p>\n<table border=\"1\" width=\"570\" cellspacing=\"0\" cellpadding=\"4\" bgcolor=\"#eeeeee\">\n<tbody>\n<tr>\n<td class=\"PrdSpecHeadline\" colspan=\"2\">Especificaciones ambientales<\/td>\n<\/tr>\n<tr>\n<td class=\"PrdSpecItem\" width=\"150\">Temperatura de funcionamiento<\/td>\n<td class=\"PrdSpecItem\" width=\"420\">\n<table border=\"0\" cellspacing=\"0\" cellpadding=\"0\">\n<tbody>\n<tr>\n<td class=\"PrdSpecSubject\"><\/td>\n<td class=\"PrdSpecValue\">-10 C a 55 C<\/td>\n<\/tr>\n<\/tbody>\n<\/table>\n<\/td>\n<\/tr>\n<tr>\n<td class=\"PrdSpecItem\" width=\"150\">Temperatura de almacenamiento<\/td>\n<td class=\"PrdSpecItem\" width=\"420\">\n<table border=\"0\" cellspacing=\"0\" cellpadding=\"0\">\n<tbody>\n<tr>\n<td class=\"PrdSpecSubject\"><\/td>\n<td class=\"PrdSpecValue\">-40 C a 60 C<\/td>\n<\/tr>\n<\/tbody>\n<\/table>\n<\/td>\n<\/tr>\n<tr>\n<td class=\"PrdSpecItem\" width=\"150\">Humedad (sin condensaci\u00f3n)<\/td>\n<td class=\"PrdSpecItem\" width=\"420\">\n<table border=\"0\" cellspacing=\"0\" cellpadding=\"0\">\n<tbody>\n<tr>\n<td class=\"PrdSpecSubject\"><\/td>\n<td class=\"PrdSpecValue\">95% (10 C a 30 C)<\/td>\n<\/tr>\n<tr>\n<td class=\"PrdSpecSubject\"><\/td>\n<td class=\"PrdSpecValue\">75% (30 C a 40 C)<\/td>\n<\/tr>\n<tr>\n<td class=\"PrdSpecSubject\"><\/td>\n<td class=\"PrdSpecValue\">45% (40 C a 50 C)<\/td>\n<\/tr>\n<tr>\n<td class=\"PrdSpecSubject\"><\/td>\n<td class=\"PrdSpecValue\">35% (50 C a 55 C)<\/td>\n<\/tr>\n<\/tbody>\n<\/table>\n<\/td>\n<\/tr>\n<tr>\n<td class=\"PrdSpecItem\" width=\"150\">Altitud de funcionamiento<\/td>\n<td class=\"PrdSpecItem\" width=\"420\">\n<table border=\"0\" cellspacing=\"0\" cellpadding=\"0\">\n<tbody>\n<tr>\n<td class=\"PrdSpecSubject\"><\/td>\n<td class=\"PrdSpecValue\">3.000 M m\u00e1ximo<\/td>\n<\/tr>\n<\/tbody>\n<\/table>\n<\/td>\n<\/tr>\n<\/tbody>\n<\/table>\n<p>&nbsp;<\/p>\n<table border=\"1\" width=\"570\" cellspacing=\"0\" cellpadding=\"4\" bgcolor=\"#eeeeee\">\n<tbody>\n<tr>\n<td class=\"PrdSpecHeadline\" colspan=\"2\">Especificaciones de seguridad<\/td>\n<\/tr>\n<tr>\n<td class=\"PrdSpecItem\" width=\"150\">Seguridad<\/td>\n<td class=\"PrdSpecItem\" width=\"420\">\n<table border=\"0\" cellspacing=\"0\" cellpadding=\"0\">\n<tbody>\n<tr>\n<td class=\"PrdSpecSubject\"><\/td>\n<td class=\"PrdSpecValue\">CSA C22.2 No. 1010.1:1992<\/td>\n<\/tr>\n<\/tbody>\n<\/table>\n<\/td>\n<\/tr>\n<\/tbody>\n<\/table>\n<p>&nbsp;<\/p>\n<table border=\"1\" width=\"570\" cellspacing=\"0\" cellpadding=\"4\" bgcolor=\"#eeeeee\">\n<tbody>\n<tr>\n<td class=\"PrdSpecHeadline\" colspan=\"2\">Especificaciones mec\u00e1nicas y generales<\/td>\n<\/tr>\n<tr>\n<td class=\"PrdSpecItem\" width=\"150\">Tama\u00f1o<\/td>\n<td class=\"PrdSpecItem\" width=\"420\">\n<table border=\"0\" cellspacing=\"0\" cellpadding=\"0\">\n<tbody>\n<tr>\n<td class=\"PrdSpecSubject\"><\/td>\n<td class=\"PrdSpecValue\">201 mm de largo x 98 mm de ancho x 52 mm (7,93 pulgadas). L x 3.86in. Ancho x 2.06in.)<\/td>\n<\/tr>\n<\/tbody>\n<\/table>\n<\/td>\n<\/tr>\n<tr>\n<td class=\"PrdSpecItem\" width=\"150\">Peso<\/td>\n<td class=\"PrdSpecItem\" width=\"420\">\n<table border=\"0\" cellspacing=\"0\" cellpadding=\"0\">\n<tbody>\n<tr>\n<td class=\"PrdSpecSubject\"><\/td>\n<td class=\"PrdSpecValue\">22 oz, aproximadamente 600G con funda<\/td>\n<\/tr>\n<\/tbody>\n<\/table>\n<\/td>\n<\/tr>\n<tr>\n<td class=\"PrdSpecItem\" width=\"150\">Garant\u00eda<\/td>\n<td class=\"PrdSpecItem\" width=\"420\">\n<table border=\"0\" cellspacing=\"0\" cellpadding=\"0\">\n<tbody>\n<tr>\n<td class=\"PrdSpecSubject\"><\/td>\n<td class=\"PrdSpecValue\">3 a\u00f1os<\/td>\n<\/tr>\n<\/tbody>\n<\/table>\n<\/td>\n<\/tr>\n<tr>\n<td class=\"PrdSpecItem\" width=\"150\">Choque y vibraci\u00f3n<\/td>\n<td class=\"PrdSpecItem\" width=\"420\">\n<table border=\"0\" cellspacing=\"0\" cellpadding=\"0\">\n<tbody>\n<tr>\n<td class=\"PrdSpecSubject\"><\/td>\n<td class=\"PrdSpecValue\">Aleatorio, 2G, 5-500 Hz<\/td>\n<\/tr>\n<tr>\n<td class=\"PrdSpecSubject\"><\/td>\n<td class=\"PrdSpecValue\">Prueba de ca\u00edda de 1 m<\/td>\n<\/tr>\n<\/tbody>\n<\/table>\n<\/td>\n<\/tr>\n<tr>\n<td class=\"PrdSpecItem\" width=\"150\">Tipo de bater\u00eda<\/td>\n<td class=\"PrdSpecItem\" width=\"420\">\n<table border=\"0\" cellspacing=\"0\" cellpadding=\"0\">\n<tbody>\n<tr>\n<td class=\"PrdSpecSubject\"><\/td>\n<td class=\"PrdSpecValue\">Una sola bater\u00eda de 9V ANSI\/NEDA 1604A o IEC 6LR619V alcalina<\/td>\n<\/tr>\n<\/tbody>\n<\/table>\n<\/td>\n<\/tr>\n<\/tbody>\n<\/table>\n<\/td>\n<\/tr>\n<\/tbody>\n<\/table>\n<\/td>\n<\/tr>\n<\/tbody>\n<\/table>\n","protected":false},"excerpt":{"rendered":"<p class=\"short-description mhide ipad-view-setting\">Calibrador de presi\u00f3n de 0 a 5000 PSI, (0 bar a 345 bar, 0 a 34474 kPa).<\/p>\n<div class=\"row-fluid\">\n<div class=\"span12 mobile-pricing-box-padding\">\n<form id=\"5615\" accept-charset=\"utf-8\" action=\"https:\/\/www.globaltestsupply.com\/shop\/add\" method=\"post\" name=\"addTocartFunction\">\n<div><\/div>\n<\/form>\n<\/div>\n<\/div>\n","protected":false},"featured_media":3085,"comment_status":"open","ping_status":"closed","template":"","meta":{"_joinchat":[]},"product_brand":[],"product_cat":[15],"product_tag":[],"class_list":{"0":"post-3070","1":"product","2":"type-product","3":"status-publish","4":"has-post-thumbnail","6":"product_cat-sin-categorizar","8":"first","9":"instock","10":"shipping-taxable","11":"product-type-simple"},"yoast_head":"<!-- This site is optimized with the Yoast SEO plugin v26.4 - https:\/\/yoast.com\/wordpress\/plugins\/seo\/ -->\n<title>Calibrador de presi\u00f3n Fluke 717-5000G - Abaa tienda online<\/title>\n<meta name=\"robots\" content=\"index, follow, max-snippet:-1, max-image-preview:large, max-video-preview:-1\" \/>\n<link rel=\"canonical\" href=\"https:\/\/abaa.mx\/tienda\/calibrador-de-presion-fluke-717-5000g\/\" \/>\n<meta property=\"og:locale\" content=\"es_MX\" \/>\n<meta property=\"og:type\" content=\"article\" \/>\n<meta property=\"og:title\" content=\"Calibrador de presi\u00f3n Fluke 717-5000G - Abaa tienda online\" \/>\n<meta property=\"og:description\" content=\"Calibrador de presi\u00f3n de 0 a 5000 PSI, (0 bar a 345 bar, 0 a 34474 kPa).\" \/>\n<meta property=\"og:url\" content=\"https:\/\/abaa.mx\/tienda\/calibrador-de-presion-fluke-717-5000g\/\" \/>\n<meta property=\"og:site_name\" content=\"Abaa tienda online\" \/>\n<meta property=\"article:modified_time\" content=\"2023-11-27T15:29:06+00:00\" \/>\n<meta property=\"og:image\" content=\"https:\/\/abaa.mx\/tienda\/wp-content\/uploads\/2023\/09\/717-5000G.jpg\" \/>\n\t<meta property=\"og:image:width\" content=\"772\" \/>\n\t<meta property=\"og:image:height\" content=\"911\" \/>\n\t<meta property=\"og:image:type\" content=\"image\/jpeg\" \/>\n<meta name=\"twitter:card\" content=\"summary_large_image\" \/>\n<meta name=\"twitter:label1\" content=\"Tiempo de lectura\" \/>\n\t<meta name=\"twitter:data1\" content=\"2 minutos\" \/>\n<script type=\"application\/ld+json\" class=\"yoast-schema-graph\">{\"@context\":\"https:\/\/schema.org\",\"@graph\":[{\"@type\":\"WebPage\",\"@id\":\"https:\/\/abaa.mx\/tienda\/calibrador-de-presion-fluke-717-5000g\/\",\"url\":\"https:\/\/abaa.mx\/tienda\/calibrador-de-presion-fluke-717-5000g\/\",\"name\":\"Calibrador de presi\u00f3n Fluke 717-5000G - Abaa tienda online\",\"isPartOf\":{\"@id\":\"https:\/\/abaa.mx\/tienda\/#website\"},\"primaryImageOfPage\":{\"@id\":\"https:\/\/abaa.mx\/tienda\/calibrador-de-presion-fluke-717-5000g\/#primaryimage\"},\"image\":{\"@id\":\"https:\/\/abaa.mx\/tienda\/calibrador-de-presion-fluke-717-5000g\/#primaryimage\"},\"thumbnailUrl\":\"https:\/\/abaa.mx\/tienda\/wp-content\/uploads\/2023\/09\/717-5000G.jpg\",\"datePublished\":\"2023-09-26T19:26:24+00:00\",\"dateModified\":\"2023-11-27T15:29:06+00:00\",\"breadcrumb\":{\"@id\":\"https:\/\/abaa.mx\/tienda\/calibrador-de-presion-fluke-717-5000g\/#breadcrumb\"},\"inLanguage\":\"es\",\"potentialAction\":[{\"@type\":\"ReadAction\",\"target\":[\"https:\/\/abaa.mx\/tienda\/calibrador-de-presion-fluke-717-5000g\/\"]}]},{\"@type\":\"ImageObject\",\"inLanguage\":\"es\",\"@id\":\"https:\/\/abaa.mx\/tienda\/calibrador-de-presion-fluke-717-5000g\/#primaryimage\",\"url\":\"https:\/\/abaa.mx\/tienda\/wp-content\/uploads\/2023\/09\/717-5000G.jpg\",\"contentUrl\":\"https:\/\/abaa.mx\/tienda\/wp-content\/uploads\/2023\/09\/717-5000G.jpg\",\"width\":772,\"height\":911,\"caption\":\"Fluke 717-5000G\"},{\"@type\":\"BreadcrumbList\",\"@id\":\"https:\/\/abaa.mx\/tienda\/calibrador-de-presion-fluke-717-5000g\/#breadcrumb\",\"itemListElement\":[{\"@type\":\"ListItem\",\"position\":1,\"name\":\"Inicio\",\"item\":\"https:\/\/abaa.mx\/tienda\/\"},{\"@type\":\"ListItem\",\"position\":2,\"name\":\"Tienda\",\"item\":\"https:\/\/abaa.mx\/tienda\/\"},{\"@type\":\"ListItem\",\"position\":3,\"name\":\"Calibrador de presi\u00f3n Fluke 717-5000G\"}]},{\"@type\":\"WebSite\",\"@id\":\"https:\/\/abaa.mx\/tienda\/#website\",\"url\":\"https:\/\/abaa.mx\/tienda\/\",\"name\":\"Abaa tienda online\",\"description\":\"Instrumentos de medici\u00f3n\",\"publisher\":{\"@id\":\"https:\/\/abaa.mx\/tienda\/#organization\"},\"potentialAction\":[{\"@type\":\"SearchAction\",\"target\":{\"@type\":\"EntryPoint\",\"urlTemplate\":\"https:\/\/abaa.mx\/tienda\/?s={search_term_string}\"},\"query-input\":{\"@type\":\"PropertyValueSpecification\",\"valueRequired\":true,\"valueName\":\"search_term_string\"}}],\"inLanguage\":\"es\"},{\"@type\":\"Organization\",\"@id\":\"https:\/\/abaa.mx\/tienda\/#organization\",\"name\":\"Abaa tienda online\",\"url\":\"https:\/\/abaa.mx\/tienda\/\",\"logo\":{\"@type\":\"ImageObject\",\"inLanguage\":\"es\",\"@id\":\"https:\/\/abaa.mx\/tienda\/#\/schema\/logo\/image\/\",\"url\":\"https:\/\/abaa.mx\/tienda\/wp-content\/uploads\/2024\/01\/abaa-metrologia-tienda.png\",\"contentUrl\":\"https:\/\/abaa.mx\/tienda\/wp-content\/uploads\/2024\/01\/abaa-metrologia-tienda.png\",\"width\":300,\"height\":141,\"caption\":\"Abaa tienda online\"},\"image\":{\"@id\":\"https:\/\/abaa.mx\/tienda\/#\/schema\/logo\/image\/\"}}]}<\/script>\n<!-- \/ Yoast SEO plugin. -->","yoast_head_json":{"title":"Calibrador de presi\u00f3n Fluke 717-5000G - Abaa tienda online","robots":{"index":"index","follow":"follow","max-snippet":"max-snippet:-1","max-image-preview":"max-image-preview:large","max-video-preview":"max-video-preview:-1"},"canonical":"https:\/\/abaa.mx\/tienda\/calibrador-de-presion-fluke-717-5000g\/","og_locale":"es_MX","og_type":"article","og_title":"Calibrador de presi\u00f3n Fluke 717-5000G - Abaa tienda online","og_description":"Calibrador de presi\u00f3n de 0 a 5000 PSI, (0 bar a 345 bar, 0 a 34474 kPa).","og_url":"https:\/\/abaa.mx\/tienda\/calibrador-de-presion-fluke-717-5000g\/","og_site_name":"Abaa tienda online","article_modified_time":"2023-11-27T15:29:06+00:00","og_image":[{"width":772,"height":911,"url":"https:\/\/abaa.mx\/tienda\/wp-content\/uploads\/2023\/09\/717-5000G.jpg","type":"image\/jpeg"}],"twitter_card":"summary_large_image","twitter_misc":{"Tiempo de lectura":"2 minutos"},"schema":{"@context":"https:\/\/schema.org","@graph":[{"@type":"WebPage","@id":"https:\/\/abaa.mx\/tienda\/calibrador-de-presion-fluke-717-5000g\/","url":"https:\/\/abaa.mx\/tienda\/calibrador-de-presion-fluke-717-5000g\/","name":"Calibrador de presi\u00f3n Fluke 717-5000G - Abaa tienda online","isPartOf":{"@id":"https:\/\/abaa.mx\/tienda\/#website"},"primaryImageOfPage":{"@id":"https:\/\/abaa.mx\/tienda\/calibrador-de-presion-fluke-717-5000g\/#primaryimage"},"image":{"@id":"https:\/\/abaa.mx\/tienda\/calibrador-de-presion-fluke-717-5000g\/#primaryimage"},"thumbnailUrl":"https:\/\/abaa.mx\/tienda\/wp-content\/uploads\/2023\/09\/717-5000G.jpg","datePublished":"2023-09-26T19:26:24+00:00","dateModified":"2023-11-27T15:29:06+00:00","breadcrumb":{"@id":"https:\/\/abaa.mx\/tienda\/calibrador-de-presion-fluke-717-5000g\/#breadcrumb"},"inLanguage":"es","potentialAction":[{"@type":"ReadAction","target":["https:\/\/abaa.mx\/tienda\/calibrador-de-presion-fluke-717-5000g\/"]}]},{"@type":"ImageObject","inLanguage":"es","@id":"https:\/\/abaa.mx\/tienda\/calibrador-de-presion-fluke-717-5000g\/#primaryimage","url":"https:\/\/abaa.mx\/tienda\/wp-content\/uploads\/2023\/09\/717-5000G.jpg","contentUrl":"https:\/\/abaa.mx\/tienda\/wp-content\/uploads\/2023\/09\/717-5000G.jpg","width":772,"height":911,"caption":"Fluke 717-5000G"},{"@type":"BreadcrumbList","@id":"https:\/\/abaa.mx\/tienda\/calibrador-de-presion-fluke-717-5000g\/#breadcrumb","itemListElement":[{"@type":"ListItem","position":1,"name":"Inicio","item":"https:\/\/abaa.mx\/tienda\/"},{"@type":"ListItem","position":2,"name":"Tienda","item":"https:\/\/abaa.mx\/tienda\/"},{"@type":"ListItem","position":3,"name":"Calibrador de presi\u00f3n Fluke 717-5000G"}]},{"@type":"WebSite","@id":"https:\/\/abaa.mx\/tienda\/#website","url":"https:\/\/abaa.mx\/tienda\/","name":"Abaa tienda online","description":"Instrumentos de medici\u00f3n","publisher":{"@id":"https:\/\/abaa.mx\/tienda\/#organization"},"potentialAction":[{"@type":"SearchAction","target":{"@type":"EntryPoint","urlTemplate":"https:\/\/abaa.mx\/tienda\/?s={search_term_string}"},"query-input":{"@type":"PropertyValueSpecification","valueRequired":true,"valueName":"search_term_string"}}],"inLanguage":"es"},{"@type":"Organization","@id":"https:\/\/abaa.mx\/tienda\/#organization","name":"Abaa tienda online","url":"https:\/\/abaa.mx\/tienda\/","logo":{"@type":"ImageObject","inLanguage":"es","@id":"https:\/\/abaa.mx\/tienda\/#\/schema\/logo\/image\/","url":"https:\/\/abaa.mx\/tienda\/wp-content\/uploads\/2024\/01\/abaa-metrologia-tienda.png","contentUrl":"https:\/\/abaa.mx\/tienda\/wp-content\/uploads\/2024\/01\/abaa-metrologia-tienda.png","width":300,"height":141,"caption":"Abaa tienda online"},"image":{"@id":"https:\/\/abaa.mx\/tienda\/#\/schema\/logo\/image\/"}}]}},"_links":{"self":[{"href":"https:\/\/abaa.mx\/tienda\/wp-json\/wp\/v2\/product\/3070","targetHints":{"allow":["GET"]}}],"collection":[{"href":"https:\/\/abaa.mx\/tienda\/wp-json\/wp\/v2\/product"}],"about":[{"href":"https:\/\/abaa.mx\/tienda\/wp-json\/wp\/v2\/types\/product"}],"replies":[{"embeddable":true,"href":"https:\/\/abaa.mx\/tienda\/wp-json\/wp\/v2\/comments?post=3070"}],"wp:featuredmedia":[{"embeddable":true,"href":"https:\/\/abaa.mx\/tienda\/wp-json\/wp\/v2\/media\/3085"}],"wp:attachment":[{"href":"https:\/\/abaa.mx\/tienda\/wp-json\/wp\/v2\/media?parent=3070"}],"wp:term":[{"taxonomy":"product_brand","embeddable":true,"href":"https:\/\/abaa.mx\/tienda\/wp-json\/wp\/v2\/product_brand?post=3070"},{"taxonomy":"product_cat","embeddable":true,"href":"https:\/\/abaa.mx\/tienda\/wp-json\/wp\/v2\/product_cat?post=3070"},{"taxonomy":"product_tag","embeddable":true,"href":"https:\/\/abaa.mx\/tienda\/wp-json\/wp\/v2\/product_tag?post=3070"}],"curies":[{"name":"wp","href":"https:\/\/api.w.org\/{rel}","templated":true}]}}