{"id":3037,"date":"2023-09-26T16:39:08","date_gmt":"2023-09-26T16:39:08","guid":{"rendered":"https:\/\/abaa.mx\/tienda\/?post_type=product&#038;p=3037"},"modified":"2023-12-06T19:20:44","modified_gmt":"2023-12-06T19:20:44","slug":"manometro-baker-lf45-30p-1-2-lleno-de-glicerina-conexion-inferior-npt-de-0-30-0-200-psi-kpa","status":"publish","type":"product","link":"https:\/\/abaa.mx\/tienda\/manometro-baker-lf45-30p-1-2-lleno-de-glicerina-conexion-inferior-npt-de-0-30-0-200-psi-kpa\/","title":{"rendered":"Man\u00f3metro baker lf45-30p-1-2, lleno de glicerina, conexi\u00f3n inferior npt de 0-30&#8221;, 0-200 psi-<>&#8211;<> kpa"},"content":{"rendered":"<p>Este man\u00f3metro cuenta con un dial de 4,5&#8243; de di\u00e1metro con una caja fen\u00f3lica negra resistente a los impactos. Cuenta con un tubo y un z\u00f3calo de acero inoxidable. 0-30 psi\/0-200 kPa.<\/p>\n<p><strong>Funciones<\/strong><\/p>\n<ul>\n<li>Caja fen\u00f3lica negra resistente a los impactos<\/li>\n<li>Tubo y z\u00f3calo Bourdon de acero inoxidable 316<\/li>\n<li>Lente de vidrio inastillable<\/li>\n<li>Puntero ajustable microm\u00e9trico<\/li>\n<li>L\u00edmite de sobrepresi\u00f3n transitorio: 30%<\/li>\n<li>L\u00edquido de silicona lleno y clasificado para -50 a 170 \u00b0 F<\/li>\n<li>Brida trasera integral con placa posterior de revent\u00f3n de seguridad<\/li>\n<\/ul>\n<p><strong>Aplicaciones<\/strong><\/p>\n<p>Ideal para las siguientes aplicaciones: Monitoreo de procesos, Pruebas de l\u00ednea de producci\u00f3n, Laboratorios<\/p>\n<h4>Baker LF45-30P-1\/2 Especificaciones<\/h4>\n<table class=\"table table-striped\">\n<tbody>\n<tr>\n<td>Di\u00e1metro del dial<\/td>\n<td>4\u00bd&#8221;<\/td>\n<\/tr>\n<tr>\n<td>Rango de presi\u00f3n<\/td>\n<td>0-30 psi\/0-200 kPa<\/td>\n<\/tr>\n<tr>\n<td>Exactitud<\/td>\n<td>\u00b10.5% de precisi\u00f3n F.S.<\/td>\n<\/tr>\n<tr>\n<td>Conexi\u00f3n<\/td>\n<td>Montaje inferior NPT de 1\/2&#8243;<\/td>\n<\/tr>\n<tr>\n<td>Tipo de dial<\/td>\n<td>Equivalente<\/td>\n<\/tr>\n<tr>\n<td>Intervalos de figuras<\/td>\n<td>5 psi<\/td>\n<\/tr>\n<tr>\n<td>Divisiones menores<\/td>\n<td>0,5 psi<\/td>\n<\/tr>\n<\/tbody>\n<\/table>\n","protected":false},"excerpt":{"rendered":"<p>Este man\u00f3metro cuenta con un dial de 4,5&#8243; de di\u00e1metro con una caja fen\u00f3lica negra resistente a los impactos. Cuenta con un tubo y un z\u00f3calo de acero inoxidable. 0-30 psi\/0-200 kPa.<\/p>\n","protected":false},"featured_media":3038,"comment_status":"open","ping_status":"closed","template":"","meta":{"_joinchat":[]},"product_brand":[],"product_cat":[15],"product_tag":[],"class_list":{"0":"post-3037","1":"product","2":"type-product","3":"status-publish","4":"has-post-thumbnail","6":"product_cat-sin-categorizar","8":"first","9":"instock","10":"shipping-taxable","11":"product-type-simple"},"yoast_head":"<!-- This site is optimized with the Yoast SEO plugin v26.4 - https:\/\/yoast.com\/wordpress\/plugins\/seo\/ -->\n<title>Man\u00f3metro baker lf45-30p-1-2, lleno de glicerina, conexi\u00f3n inferior npt de 0-30&#039;&#039;, 0-200 psi-- kpa - Abaa tienda online<\/title>\n<meta name=\"robots\" content=\"index, follow, max-snippet:-1, max-image-preview:large, max-video-preview:-1\" \/>\n<link rel=\"canonical\" href=\"https:\/\/abaa.mx\/tienda\/manometro-baker-lf45-30p-1-2-lleno-de-glicerina-conexion-inferior-npt-de-0-30-0-200-psi-kpa\/\" \/>\n<meta property=\"og:locale\" content=\"es_MX\" \/>\n<meta property=\"og:type\" content=\"article\" \/>\n<meta property=\"og:title\" content=\"Man\u00f3metro baker lf45-30p-1-2, lleno de glicerina, conexi\u00f3n inferior npt de 0-30&#039;&#039;, 0-200 psi-- kpa - Abaa tienda online\" \/>\n<meta property=\"og:description\" content=\"Este man\u00f3metro cuenta con un dial de 4,5&quot; de di\u00e1metro con una caja fen\u00f3lica negra resistente a los impactos. Cuenta con un tubo y un z\u00f3calo de acero inoxidable. 0-30 psi\/0-200 kPa.\" \/>\n<meta property=\"og:url\" content=\"https:\/\/abaa.mx\/tienda\/manometro-baker-lf45-30p-1-2-lleno-de-glicerina-conexion-inferior-npt-de-0-30-0-200-psi-kpa\/\" \/>\n<meta property=\"og:site_name\" content=\"Abaa tienda online\" \/>\n<meta property=\"article:modified_time\" content=\"2023-12-06T19:20:44+00:00\" \/>\n<meta property=\"og:image\" content=\"https:\/\/abaa.mx\/tienda\/wp-content\/uploads\/2023\/09\/LF45-30P-1-2.jpg\" \/>\n\t<meta property=\"og:image:width\" content=\"270\" \/>\n\t<meta property=\"og:image:height\" content=\"315\" \/>\n\t<meta property=\"og:image:type\" content=\"image\/jpeg\" \/>\n<meta name=\"twitter:card\" content=\"summary_large_image\" \/>\n<meta name=\"twitter:label1\" content=\"Tiempo de lectura\" \/>\n\t<meta name=\"twitter:data1\" content=\"1 minuto\" \/>\n<script type=\"application\/ld+json\" class=\"yoast-schema-graph\">{\"@context\":\"https:\/\/schema.org\",\"@graph\":[{\"@type\":\"WebPage\",\"@id\":\"https:\/\/abaa.mx\/tienda\/manometro-baker-lf45-30p-1-2-lleno-de-glicerina-conexion-inferior-npt-de-0-30-0-200-psi-kpa\/\",\"url\":\"https:\/\/abaa.mx\/tienda\/manometro-baker-lf45-30p-1-2-lleno-de-glicerina-conexion-inferior-npt-de-0-30-0-200-psi-kpa\/\",\"name\":\"Man\u00f3metro baker lf45-30p-1-2, lleno de glicerina, conexi\u00f3n inferior npt de 0-30'', 0-200 psi-- kpa - Abaa tienda online\",\"isPartOf\":{\"@id\":\"https:\/\/abaa.mx\/tienda\/#website\"},\"primaryImageOfPage\":{\"@id\":\"https:\/\/abaa.mx\/tienda\/manometro-baker-lf45-30p-1-2-lleno-de-glicerina-conexion-inferior-npt-de-0-30-0-200-psi-kpa\/#primaryimage\"},\"image\":{\"@id\":\"https:\/\/abaa.mx\/tienda\/manometro-baker-lf45-30p-1-2-lleno-de-glicerina-conexion-inferior-npt-de-0-30-0-200-psi-kpa\/#primaryimage\"},\"thumbnailUrl\":\"https:\/\/abaa.mx\/tienda\/wp-content\/uploads\/2023\/09\/LF45-30P-1-2.jpg\",\"datePublished\":\"2023-09-26T16:39:08+00:00\",\"dateModified\":\"2023-12-06T19:20:44+00:00\",\"breadcrumb\":{\"@id\":\"https:\/\/abaa.mx\/tienda\/manometro-baker-lf45-30p-1-2-lleno-de-glicerina-conexion-inferior-npt-de-0-30-0-200-psi-kpa\/#breadcrumb\"},\"inLanguage\":\"es\",\"potentialAction\":[{\"@type\":\"ReadAction\",\"target\":[\"https:\/\/abaa.mx\/tienda\/manometro-baker-lf45-30p-1-2-lleno-de-glicerina-conexion-inferior-npt-de-0-30-0-200-psi-kpa\/\"]}]},{\"@type\":\"ImageObject\",\"inLanguage\":\"es\",\"@id\":\"https:\/\/abaa.mx\/tienda\/manometro-baker-lf45-30p-1-2-lleno-de-glicerina-conexion-inferior-npt-de-0-30-0-200-psi-kpa\/#primaryimage\",\"url\":\"https:\/\/abaa.mx\/tienda\/wp-content\/uploads\/2023\/09\/LF45-30P-1-2.jpg\",\"contentUrl\":\"https:\/\/abaa.mx\/tienda\/wp-content\/uploads\/2023\/09\/LF45-30P-1-2.jpg\",\"width\":270,\"height\":315,\"caption\":\"LF45-30P-1-2\"},{\"@type\":\"BreadcrumbList\",\"@id\":\"https:\/\/abaa.mx\/tienda\/manometro-baker-lf45-30p-1-2-lleno-de-glicerina-conexion-inferior-npt-de-0-30-0-200-psi-kpa\/#breadcrumb\",\"itemListElement\":[{\"@type\":\"ListItem\",\"position\":1,\"name\":\"Inicio\",\"item\":\"https:\/\/abaa.mx\/tienda\/\"},{\"@type\":\"ListItem\",\"position\":2,\"name\":\"Tienda\",\"item\":\"https:\/\/abaa.mx\/tienda\/\"},{\"@type\":\"ListItem\",\"position\":3,\"name\":\"Man\u00f3metro baker lf45-30p-1-2, lleno de glicerina, conexi\u00f3n inferior npt de 0-30&#8221;, 0-200 psi-&#8211; kpa\"}]},{\"@type\":\"WebSite\",\"@id\":\"https:\/\/abaa.mx\/tienda\/#website\",\"url\":\"https:\/\/abaa.mx\/tienda\/\",\"name\":\"Abaa tienda online\",\"description\":\"Instrumentos de medici\u00f3n\",\"publisher\":{\"@id\":\"https:\/\/abaa.mx\/tienda\/#organization\"},\"potentialAction\":[{\"@type\":\"SearchAction\",\"target\":{\"@type\":\"EntryPoint\",\"urlTemplate\":\"https:\/\/abaa.mx\/tienda\/?s={search_term_string}\"},\"query-input\":{\"@type\":\"PropertyValueSpecification\",\"valueRequired\":true,\"valueName\":\"search_term_string\"}}],\"inLanguage\":\"es\"},{\"@type\":\"Organization\",\"@id\":\"https:\/\/abaa.mx\/tienda\/#organization\",\"name\":\"Abaa tienda online\",\"url\":\"https:\/\/abaa.mx\/tienda\/\",\"logo\":{\"@type\":\"ImageObject\",\"inLanguage\":\"es\",\"@id\":\"https:\/\/abaa.mx\/tienda\/#\/schema\/logo\/image\/\",\"url\":\"https:\/\/abaa.mx\/tienda\/wp-content\/uploads\/2024\/01\/abaa-metrologia-tienda.png\",\"contentUrl\":\"https:\/\/abaa.mx\/tienda\/wp-content\/uploads\/2024\/01\/abaa-metrologia-tienda.png\",\"width\":300,\"height\":141,\"caption\":\"Abaa tienda online\"},\"image\":{\"@id\":\"https:\/\/abaa.mx\/tienda\/#\/schema\/logo\/image\/\"}}]}<\/script>\n<!-- \/ Yoast SEO plugin. -->","yoast_head_json":{"title":"Man\u00f3metro baker lf45-30p-1-2, lleno de glicerina, conexi\u00f3n inferior npt de 0-30'', 0-200 psi-- kpa - Abaa tienda online","robots":{"index":"index","follow":"follow","max-snippet":"max-snippet:-1","max-image-preview":"max-image-preview:large","max-video-preview":"max-video-preview:-1"},"canonical":"https:\/\/abaa.mx\/tienda\/manometro-baker-lf45-30p-1-2-lleno-de-glicerina-conexion-inferior-npt-de-0-30-0-200-psi-kpa\/","og_locale":"es_MX","og_type":"article","og_title":"Man\u00f3metro baker lf45-30p-1-2, lleno de glicerina, conexi\u00f3n inferior npt de 0-30'', 0-200 psi-- kpa - Abaa tienda online","og_description":"Este man\u00f3metro cuenta con un dial de 4,5\" de di\u00e1metro con una caja fen\u00f3lica negra resistente a los impactos. Cuenta con un tubo y un z\u00f3calo de acero inoxidable. 0-30 psi\/0-200 kPa.","og_url":"https:\/\/abaa.mx\/tienda\/manometro-baker-lf45-30p-1-2-lleno-de-glicerina-conexion-inferior-npt-de-0-30-0-200-psi-kpa\/","og_site_name":"Abaa tienda online","article_modified_time":"2023-12-06T19:20:44+00:00","og_image":[{"width":270,"height":315,"url":"https:\/\/abaa.mx\/tienda\/wp-content\/uploads\/2023\/09\/LF45-30P-1-2.jpg","type":"image\/jpeg"}],"twitter_card":"summary_large_image","twitter_misc":{"Tiempo de lectura":"1 minuto"},"schema":{"@context":"https:\/\/schema.org","@graph":[{"@type":"WebPage","@id":"https:\/\/abaa.mx\/tienda\/manometro-baker-lf45-30p-1-2-lleno-de-glicerina-conexion-inferior-npt-de-0-30-0-200-psi-kpa\/","url":"https:\/\/abaa.mx\/tienda\/manometro-baker-lf45-30p-1-2-lleno-de-glicerina-conexion-inferior-npt-de-0-30-0-200-psi-kpa\/","name":"Man\u00f3metro baker lf45-30p-1-2, lleno de glicerina, conexi\u00f3n inferior npt de 0-30'', 0-200 psi-- kpa - Abaa tienda online","isPartOf":{"@id":"https:\/\/abaa.mx\/tienda\/#website"},"primaryImageOfPage":{"@id":"https:\/\/abaa.mx\/tienda\/manometro-baker-lf45-30p-1-2-lleno-de-glicerina-conexion-inferior-npt-de-0-30-0-200-psi-kpa\/#primaryimage"},"image":{"@id":"https:\/\/abaa.mx\/tienda\/manometro-baker-lf45-30p-1-2-lleno-de-glicerina-conexion-inferior-npt-de-0-30-0-200-psi-kpa\/#primaryimage"},"thumbnailUrl":"https:\/\/abaa.mx\/tienda\/wp-content\/uploads\/2023\/09\/LF45-30P-1-2.jpg","datePublished":"2023-09-26T16:39:08+00:00","dateModified":"2023-12-06T19:20:44+00:00","breadcrumb":{"@id":"https:\/\/abaa.mx\/tienda\/manometro-baker-lf45-30p-1-2-lleno-de-glicerina-conexion-inferior-npt-de-0-30-0-200-psi-kpa\/#breadcrumb"},"inLanguage":"es","potentialAction":[{"@type":"ReadAction","target":["https:\/\/abaa.mx\/tienda\/manometro-baker-lf45-30p-1-2-lleno-de-glicerina-conexion-inferior-npt-de-0-30-0-200-psi-kpa\/"]}]},{"@type":"ImageObject","inLanguage":"es","@id":"https:\/\/abaa.mx\/tienda\/manometro-baker-lf45-30p-1-2-lleno-de-glicerina-conexion-inferior-npt-de-0-30-0-200-psi-kpa\/#primaryimage","url":"https:\/\/abaa.mx\/tienda\/wp-content\/uploads\/2023\/09\/LF45-30P-1-2.jpg","contentUrl":"https:\/\/abaa.mx\/tienda\/wp-content\/uploads\/2023\/09\/LF45-30P-1-2.jpg","width":270,"height":315,"caption":"LF45-30P-1-2"},{"@type":"BreadcrumbList","@id":"https:\/\/abaa.mx\/tienda\/manometro-baker-lf45-30p-1-2-lleno-de-glicerina-conexion-inferior-npt-de-0-30-0-200-psi-kpa\/#breadcrumb","itemListElement":[{"@type":"ListItem","position":1,"name":"Inicio","item":"https:\/\/abaa.mx\/tienda\/"},{"@type":"ListItem","position":2,"name":"Tienda","item":"https:\/\/abaa.mx\/tienda\/"},{"@type":"ListItem","position":3,"name":"Man\u00f3metro baker lf45-30p-1-2, lleno de glicerina, conexi\u00f3n inferior npt de 0-30&#8221;, 0-200 psi-&#8211; kpa"}]},{"@type":"WebSite","@id":"https:\/\/abaa.mx\/tienda\/#website","url":"https:\/\/abaa.mx\/tienda\/","name":"Abaa tienda online","description":"Instrumentos de medici\u00f3n","publisher":{"@id":"https:\/\/abaa.mx\/tienda\/#organization"},"potentialAction":[{"@type":"SearchAction","target":{"@type":"EntryPoint","urlTemplate":"https:\/\/abaa.mx\/tienda\/?s={search_term_string}"},"query-input":{"@type":"PropertyValueSpecification","valueRequired":true,"valueName":"search_term_string"}}],"inLanguage":"es"},{"@type":"Organization","@id":"https:\/\/abaa.mx\/tienda\/#organization","name":"Abaa tienda online","url":"https:\/\/abaa.mx\/tienda\/","logo":{"@type":"ImageObject","inLanguage":"es","@id":"https:\/\/abaa.mx\/tienda\/#\/schema\/logo\/image\/","url":"https:\/\/abaa.mx\/tienda\/wp-content\/uploads\/2024\/01\/abaa-metrologia-tienda.png","contentUrl":"https:\/\/abaa.mx\/tienda\/wp-content\/uploads\/2024\/01\/abaa-metrologia-tienda.png","width":300,"height":141,"caption":"Abaa tienda online"},"image":{"@id":"https:\/\/abaa.mx\/tienda\/#\/schema\/logo\/image\/"}}]}},"_links":{"self":[{"href":"https:\/\/abaa.mx\/tienda\/wp-json\/wp\/v2\/product\/3037","targetHints":{"allow":["GET"]}}],"collection":[{"href":"https:\/\/abaa.mx\/tienda\/wp-json\/wp\/v2\/product"}],"about":[{"href":"https:\/\/abaa.mx\/tienda\/wp-json\/wp\/v2\/types\/product"}],"replies":[{"embeddable":true,"href":"https:\/\/abaa.mx\/tienda\/wp-json\/wp\/v2\/comments?post=3037"}],"wp:featuredmedia":[{"embeddable":true,"href":"https:\/\/abaa.mx\/tienda\/wp-json\/wp\/v2\/media\/3038"}],"wp:attachment":[{"href":"https:\/\/abaa.mx\/tienda\/wp-json\/wp\/v2\/media?parent=3037"}],"wp:term":[{"taxonomy":"product_brand","embeddable":true,"href":"https:\/\/abaa.mx\/tienda\/wp-json\/wp\/v2\/product_brand?post=3037"},{"taxonomy":"product_cat","embeddable":true,"href":"https:\/\/abaa.mx\/tienda\/wp-json\/wp\/v2\/product_cat?post=3037"},{"taxonomy":"product_tag","embeddable":true,"href":"https:\/\/abaa.mx\/tienda\/wp-json\/wp\/v2\/product_tag?post=3037"}],"curies":[{"name":"wp","href":"https:\/\/api.w.org\/{rel}","templated":true}]}}