{"id":3023,"date":"2023-09-26T16:31:49","date_gmt":"2023-09-26T16:31:49","guid":{"rendered":"https:\/\/abaa.mx\/tienda\/?post_type=product&#038;p=3023"},"modified":"2023-11-27T15:46:44","modified_gmt":"2023-11-27T15:46:44","slug":"calibrador-de-presion-fluke-717-100g-12-a-100-psi","status":"publish","type":"product","link":"https:\/\/abaa.mx\/tienda\/calibrador-de-presion-fluke-717-100g-12-a-100-psi\/","title":{"rendered":"Calibrador de presi\u00f3n fluke 717-100g, -12 a 100 psi"},"content":{"rendered":"<p>&nbsp;<\/p>\n<p>El calibrador de presi\u00f3n 717-100G de Fluke es un calibrador compacto, ligero y f\u00e1cil de transportar que ofrece un rendimiento, durabilidad y fiabilidad excepcionales. El calibrador Fluke 717 es tolerante a EMI, resistente al polvo y a las salpicaduras y cuenta con una tapa de bater\u00eda extra\u00edble para cambios r\u00e1pidos de bater\u00eda.<\/p>\n<p>El Fluke 717 mide simult\u00e1neamente la presi\u00f3n y los mA y suministra un suministro de bucle de 24 voltios mientras mide mA. Este nuevo calibrador de presi\u00f3n presenta soluciones rentables para mediciones de presi\u00f3n de alta precisi\u00f3n en un amplio rango de temperaturas. Con\u00e9ctelo con cualquiera de los m\u00f3dulos de presi\u00f3n de Fluke para abordar una amplia variedad de aplicaciones de presi\u00f3n manom\u00e9trica, diferencial, absoluta, de vac\u00edo y doble (compuesta).<\/p>\n<p>Fuente de presi\u00f3n y capacidad de medici\u00f3n de miliamperios para calibrar y mantener casi cualquier dispositivo de presi\u00f3n con una herramienta C\u00e1lculo del % de error para una toma de decisiones de aprobaci\u00f3n \/ falla m\u00e1s r\u00e1pida en el campo La mejor precisi\u00f3n mA de su clase (0.015% para una mejor confianza de medici\u00f3n y cobertura de carga de trabajo.<\/p>\n<p>&nbsp;<\/p>\n<p><strong>Funciones:<\/strong><\/p>\n<ul>\n<li>1\/8 de accesorio de presi\u00f3n hembra NPT.<\/li>\n<li>Compatible con gases y l\u00edquidos no corrosivos.<\/li>\n<li>Funciones de cero, m\u00ednimo, m\u00e1ximo y retenci\u00f3n.<\/li>\n<li>Calibre instrumentos P\/I con medici\u00f3n simult\u00e1nea de presi\u00f3n y corriente.<\/li>\n<li>C\u00e1lculo de error % de mediciones mA para decisiones r\u00e1pidas de aprobaci\u00f3n y falla.<\/li>\n<li>Bater\u00eda de larga duraci\u00f3n.<\/li>\n<li>La funda cuenta con almacenamiento de cables de prueba.<\/li>\n<li>Compatible con el sistema de suspensi\u00f3n magn\u00e9tica Toolpack.<\/li>\n<li>Nueva prueba de conmutaci\u00f3n.<\/li>\n<\/ul>\n<p>&nbsp;<\/p>\n<p><strong>Aplicaciones:<\/strong><\/p>\n<ul>\n<li>Petroqu\u00edmica.<\/li>\n<li>Petr\u00f3leo y Gas.<\/li>\n<li>Farmac\u00e9utico.<\/li>\n<li>Agua y aguas residuales.<\/li>\n<li>Alimentos y bebidas.<\/li>\n<li>Generaci\u00f3n de energ\u00eda.<\/li>\n<\/ul>\n<p>&nbsp;<\/p>\n<h4>Fluke 717-100G Especificaciones<\/h4>\n<table class=\"table table-striped\">\n<tbody>\n<tr>\n<td>Rango de presi\u00f3n<\/td>\n<td>-12 a 100 PSI, (-850 mbar a 7 bar, -83 a 689,48 kPa)<\/td>\n<\/tr>\n<tr>\n<td>Resoluci\u00f3n de presi\u00f3n<\/td>\n<td>0,01 psi, 0,1 mbar, 0,01 kPa<\/td>\n<\/tr>\n<tr>\n<td>Sobrepresi\u00f3n<\/td>\n<td>2 X escala completa<\/td>\n<\/tr>\n<tr>\n<td>Rango de potencia de bucle<\/td>\n<td>24 V CC<\/td>\n<\/tr>\n<tr>\n<td>Precisi\u00f3n de potencia de bucle<\/td>\n<td>+\/- 10%<\/td>\n<\/tr>\n<tr>\n<td>Monitor<\/td>\n<td>LCD transparente de 5 d\u00edgitos<\/td>\n<\/tr>\n<tr>\n<td>Temperatura de funcionamiento<\/td>\n<td>-10 a 55 \u00b0C<\/td>\n<\/tr>\n<tr>\n<td>Altitud de funcionamiento<\/td>\n<td>3.000 M m\u00e1ximo<\/td>\n<\/tr>\n<tr>\n<td>Tama\u00f1o<\/td>\n<td>201 mm de largo x 98 mm de ancho x 52 mm (7,93 pulgadas). L x 3.86in. Ancho x 2.06in.)<\/td>\n<\/tr>\n<tr>\n<td>Peso<\/td>\n<td>22 oz, aproximadamente 600G con funda<\/td>\n<\/tr>\n<tr>\n<td>Tipo de bater\u00eda<\/td>\n<td>Una sola bater\u00eda de 9V ANSI\/NEDA 1604A o IEC 6LR619V alcalina<\/td>\n<\/tr>\n<\/tbody>\n<\/table>\n","protected":false},"excerpt":{"rendered":"<p class=\"short-description mhide ipad-view-setting\">La funci\u00f3n de prueba del interruptor de presi\u00f3n captura los valores establecidos, de reinicio y de banda muerta de un interruptor de presi\u00f3n. Mida mA con una precisi\u00f3n del 0,015 % y una resoluci\u00f3n de 0,001 mA, a la vez que obtiene una potencia de bucle de 24 V.<\/p>\n<div class=\"row-fluid\">\n<div class=\"span12 mobile-pricing-box-padding\">\n<form id=\"1340\" accept-charset=\"utf-8\" action=\"https:\/\/www.globaltestsupply.com\/shop\/add\" method=\"post\" name=\"addTocartFunction\">\n<div><\/div>\n<\/form>\n<\/div>\n<\/div>\n","protected":false},"featured_media":3025,"comment_status":"open","ping_status":"closed","template":"","meta":{"_joinchat":[]},"product_brand":[],"product_cat":[15],"product_tag":[],"class_list":{"0":"post-3023","1":"product","2":"type-product","3":"status-publish","4":"has-post-thumbnail","6":"product_cat-sin-categorizar","8":"first","9":"instock","10":"shipping-taxable","11":"product-type-simple"},"yoast_head":"<!-- This site is optimized with the Yoast SEO plugin v26.4 - https:\/\/yoast.com\/wordpress\/plugins\/seo\/ -->\n<title>Calibrador de presi\u00f3n fluke 717-100g, -12 a 100 psi - Abaa tienda online<\/title>\n<meta name=\"robots\" content=\"index, follow, max-snippet:-1, max-image-preview:large, max-video-preview:-1\" \/>\n<link rel=\"canonical\" href=\"https:\/\/abaa.mx\/tienda\/calibrador-de-presion-fluke-717-100g-12-a-100-psi\/\" \/>\n<meta property=\"og:locale\" content=\"es_MX\" \/>\n<meta property=\"og:type\" content=\"article\" \/>\n<meta property=\"og:title\" content=\"Calibrador de presi\u00f3n fluke 717-100g, -12 a 100 psi - Abaa tienda online\" \/>\n<meta property=\"og:description\" content=\"La funci\u00f3n de prueba del interruptor de presi\u00f3n captura los valores establecidos, de reinicio y de banda muerta de un interruptor de presi\u00f3n. Mida mA con una precisi\u00f3n del 0,015 % y una resoluci\u00f3n de 0,001 mA, a la vez que obtiene una potencia de bucle de 24 V.\" \/>\n<meta property=\"og:url\" content=\"https:\/\/abaa.mx\/tienda\/calibrador-de-presion-fluke-717-100g-12-a-100-psi\/\" \/>\n<meta property=\"og:site_name\" content=\"Abaa tienda online\" \/>\n<meta property=\"article:modified_time\" content=\"2023-11-27T15:46:44+00:00\" \/>\n<meta property=\"og:image\" content=\"https:\/\/abaa.mx\/tienda\/wp-content\/uploads\/2023\/09\/717-100G.jpg\" \/>\n\t<meta property=\"og:image:width\" content=\"474\" \/>\n\t<meta property=\"og:image:height\" content=\"541\" \/>\n\t<meta property=\"og:image:type\" content=\"image\/jpeg\" \/>\n<meta name=\"twitter:card\" content=\"summary_large_image\" \/>\n<meta name=\"twitter:label1\" content=\"Tiempo de lectura\" \/>\n\t<meta name=\"twitter:data1\" content=\"2 minutos\" \/>\n<script type=\"application\/ld+json\" class=\"yoast-schema-graph\">{\"@context\":\"https:\/\/schema.org\",\"@graph\":[{\"@type\":\"WebPage\",\"@id\":\"https:\/\/abaa.mx\/tienda\/calibrador-de-presion-fluke-717-100g-12-a-100-psi\/\",\"url\":\"https:\/\/abaa.mx\/tienda\/calibrador-de-presion-fluke-717-100g-12-a-100-psi\/\",\"name\":\"Calibrador de presi\u00f3n fluke 717-100g, -12 a 100 psi - Abaa tienda online\",\"isPartOf\":{\"@id\":\"https:\/\/abaa.mx\/tienda\/#website\"},\"primaryImageOfPage\":{\"@id\":\"https:\/\/abaa.mx\/tienda\/calibrador-de-presion-fluke-717-100g-12-a-100-psi\/#primaryimage\"},\"image\":{\"@id\":\"https:\/\/abaa.mx\/tienda\/calibrador-de-presion-fluke-717-100g-12-a-100-psi\/#primaryimage\"},\"thumbnailUrl\":\"https:\/\/abaa.mx\/tienda\/wp-content\/uploads\/2023\/09\/717-100G.jpg\",\"datePublished\":\"2023-09-26T16:31:49+00:00\",\"dateModified\":\"2023-11-27T15:46:44+00:00\",\"breadcrumb\":{\"@id\":\"https:\/\/abaa.mx\/tienda\/calibrador-de-presion-fluke-717-100g-12-a-100-psi\/#breadcrumb\"},\"inLanguage\":\"es\",\"potentialAction\":[{\"@type\":\"ReadAction\",\"target\":[\"https:\/\/abaa.mx\/tienda\/calibrador-de-presion-fluke-717-100g-12-a-100-psi\/\"]}]},{\"@type\":\"ImageObject\",\"inLanguage\":\"es\",\"@id\":\"https:\/\/abaa.mx\/tienda\/calibrador-de-presion-fluke-717-100g-12-a-100-psi\/#primaryimage\",\"url\":\"https:\/\/abaa.mx\/tienda\/wp-content\/uploads\/2023\/09\/717-100G.jpg\",\"contentUrl\":\"https:\/\/abaa.mx\/tienda\/wp-content\/uploads\/2023\/09\/717-100G.jpg\",\"width\":474,\"height\":541,\"caption\":\"fluke-717-100g-12-a-100-psi\"},{\"@type\":\"BreadcrumbList\",\"@id\":\"https:\/\/abaa.mx\/tienda\/calibrador-de-presion-fluke-717-100g-12-a-100-psi\/#breadcrumb\",\"itemListElement\":[{\"@type\":\"ListItem\",\"position\":1,\"name\":\"Inicio\",\"item\":\"https:\/\/abaa.mx\/tienda\/\"},{\"@type\":\"ListItem\",\"position\":2,\"name\":\"Tienda\",\"item\":\"https:\/\/abaa.mx\/tienda\/\"},{\"@type\":\"ListItem\",\"position\":3,\"name\":\"Calibrador de presi\u00f3n fluke 717-100g, -12 a 100 psi\"}]},{\"@type\":\"WebSite\",\"@id\":\"https:\/\/abaa.mx\/tienda\/#website\",\"url\":\"https:\/\/abaa.mx\/tienda\/\",\"name\":\"Abaa tienda online\",\"description\":\"Instrumentos de medici\u00f3n\",\"publisher\":{\"@id\":\"https:\/\/abaa.mx\/tienda\/#organization\"},\"potentialAction\":[{\"@type\":\"SearchAction\",\"target\":{\"@type\":\"EntryPoint\",\"urlTemplate\":\"https:\/\/abaa.mx\/tienda\/?s={search_term_string}\"},\"query-input\":{\"@type\":\"PropertyValueSpecification\",\"valueRequired\":true,\"valueName\":\"search_term_string\"}}],\"inLanguage\":\"es\"},{\"@type\":\"Organization\",\"@id\":\"https:\/\/abaa.mx\/tienda\/#organization\",\"name\":\"Abaa tienda online\",\"url\":\"https:\/\/abaa.mx\/tienda\/\",\"logo\":{\"@type\":\"ImageObject\",\"inLanguage\":\"es\",\"@id\":\"https:\/\/abaa.mx\/tienda\/#\/schema\/logo\/image\/\",\"url\":\"https:\/\/abaa.mx\/tienda\/wp-content\/uploads\/2024\/01\/abaa-metrologia-tienda.png\",\"contentUrl\":\"https:\/\/abaa.mx\/tienda\/wp-content\/uploads\/2024\/01\/abaa-metrologia-tienda.png\",\"width\":300,\"height\":141,\"caption\":\"Abaa tienda online\"},\"image\":{\"@id\":\"https:\/\/abaa.mx\/tienda\/#\/schema\/logo\/image\/\"}}]}<\/script>\n<!-- \/ Yoast SEO plugin. -->","yoast_head_json":{"title":"Calibrador de presi\u00f3n fluke 717-100g, -12 a 100 psi - Abaa tienda online","robots":{"index":"index","follow":"follow","max-snippet":"max-snippet:-1","max-image-preview":"max-image-preview:large","max-video-preview":"max-video-preview:-1"},"canonical":"https:\/\/abaa.mx\/tienda\/calibrador-de-presion-fluke-717-100g-12-a-100-psi\/","og_locale":"es_MX","og_type":"article","og_title":"Calibrador de presi\u00f3n fluke 717-100g, -12 a 100 psi - Abaa tienda online","og_description":"La funci\u00f3n de prueba del interruptor de presi\u00f3n captura los valores establecidos, de reinicio y de banda muerta de un interruptor de presi\u00f3n. Mida mA con una precisi\u00f3n del 0,015 % y una resoluci\u00f3n de 0,001 mA, a la vez que obtiene una potencia de bucle de 24 V.","og_url":"https:\/\/abaa.mx\/tienda\/calibrador-de-presion-fluke-717-100g-12-a-100-psi\/","og_site_name":"Abaa tienda online","article_modified_time":"2023-11-27T15:46:44+00:00","og_image":[{"width":474,"height":541,"url":"https:\/\/abaa.mx\/tienda\/wp-content\/uploads\/2023\/09\/717-100G.jpg","type":"image\/jpeg"}],"twitter_card":"summary_large_image","twitter_misc":{"Tiempo de lectura":"2 minutos"},"schema":{"@context":"https:\/\/schema.org","@graph":[{"@type":"WebPage","@id":"https:\/\/abaa.mx\/tienda\/calibrador-de-presion-fluke-717-100g-12-a-100-psi\/","url":"https:\/\/abaa.mx\/tienda\/calibrador-de-presion-fluke-717-100g-12-a-100-psi\/","name":"Calibrador de presi\u00f3n fluke 717-100g, -12 a 100 psi - Abaa tienda online","isPartOf":{"@id":"https:\/\/abaa.mx\/tienda\/#website"},"primaryImageOfPage":{"@id":"https:\/\/abaa.mx\/tienda\/calibrador-de-presion-fluke-717-100g-12-a-100-psi\/#primaryimage"},"image":{"@id":"https:\/\/abaa.mx\/tienda\/calibrador-de-presion-fluke-717-100g-12-a-100-psi\/#primaryimage"},"thumbnailUrl":"https:\/\/abaa.mx\/tienda\/wp-content\/uploads\/2023\/09\/717-100G.jpg","datePublished":"2023-09-26T16:31:49+00:00","dateModified":"2023-11-27T15:46:44+00:00","breadcrumb":{"@id":"https:\/\/abaa.mx\/tienda\/calibrador-de-presion-fluke-717-100g-12-a-100-psi\/#breadcrumb"},"inLanguage":"es","potentialAction":[{"@type":"ReadAction","target":["https:\/\/abaa.mx\/tienda\/calibrador-de-presion-fluke-717-100g-12-a-100-psi\/"]}]},{"@type":"ImageObject","inLanguage":"es","@id":"https:\/\/abaa.mx\/tienda\/calibrador-de-presion-fluke-717-100g-12-a-100-psi\/#primaryimage","url":"https:\/\/abaa.mx\/tienda\/wp-content\/uploads\/2023\/09\/717-100G.jpg","contentUrl":"https:\/\/abaa.mx\/tienda\/wp-content\/uploads\/2023\/09\/717-100G.jpg","width":474,"height":541,"caption":"fluke-717-100g-12-a-100-psi"},{"@type":"BreadcrumbList","@id":"https:\/\/abaa.mx\/tienda\/calibrador-de-presion-fluke-717-100g-12-a-100-psi\/#breadcrumb","itemListElement":[{"@type":"ListItem","position":1,"name":"Inicio","item":"https:\/\/abaa.mx\/tienda\/"},{"@type":"ListItem","position":2,"name":"Tienda","item":"https:\/\/abaa.mx\/tienda\/"},{"@type":"ListItem","position":3,"name":"Calibrador de presi\u00f3n fluke 717-100g, -12 a 100 psi"}]},{"@type":"WebSite","@id":"https:\/\/abaa.mx\/tienda\/#website","url":"https:\/\/abaa.mx\/tienda\/","name":"Abaa tienda online","description":"Instrumentos de medici\u00f3n","publisher":{"@id":"https:\/\/abaa.mx\/tienda\/#organization"},"potentialAction":[{"@type":"SearchAction","target":{"@type":"EntryPoint","urlTemplate":"https:\/\/abaa.mx\/tienda\/?s={search_term_string}"},"query-input":{"@type":"PropertyValueSpecification","valueRequired":true,"valueName":"search_term_string"}}],"inLanguage":"es"},{"@type":"Organization","@id":"https:\/\/abaa.mx\/tienda\/#organization","name":"Abaa tienda online","url":"https:\/\/abaa.mx\/tienda\/","logo":{"@type":"ImageObject","inLanguage":"es","@id":"https:\/\/abaa.mx\/tienda\/#\/schema\/logo\/image\/","url":"https:\/\/abaa.mx\/tienda\/wp-content\/uploads\/2024\/01\/abaa-metrologia-tienda.png","contentUrl":"https:\/\/abaa.mx\/tienda\/wp-content\/uploads\/2024\/01\/abaa-metrologia-tienda.png","width":300,"height":141,"caption":"Abaa tienda online"},"image":{"@id":"https:\/\/abaa.mx\/tienda\/#\/schema\/logo\/image\/"}}]}},"_links":{"self":[{"href":"https:\/\/abaa.mx\/tienda\/wp-json\/wp\/v2\/product\/3023","targetHints":{"allow":["GET"]}}],"collection":[{"href":"https:\/\/abaa.mx\/tienda\/wp-json\/wp\/v2\/product"}],"about":[{"href":"https:\/\/abaa.mx\/tienda\/wp-json\/wp\/v2\/types\/product"}],"replies":[{"embeddable":true,"href":"https:\/\/abaa.mx\/tienda\/wp-json\/wp\/v2\/comments?post=3023"}],"wp:featuredmedia":[{"embeddable":true,"href":"https:\/\/abaa.mx\/tienda\/wp-json\/wp\/v2\/media\/3025"}],"wp:attachment":[{"href":"https:\/\/abaa.mx\/tienda\/wp-json\/wp\/v2\/media?parent=3023"}],"wp:term":[{"taxonomy":"product_brand","embeddable":true,"href":"https:\/\/abaa.mx\/tienda\/wp-json\/wp\/v2\/product_brand?post=3023"},{"taxonomy":"product_cat","embeddable":true,"href":"https:\/\/abaa.mx\/tienda\/wp-json\/wp\/v2\/product_cat?post=3023"},{"taxonomy":"product_tag","embeddable":true,"href":"https:\/\/abaa.mx\/tienda\/wp-json\/wp\/v2\/product_tag?post=3023"}],"curies":[{"name":"wp","href":"https:\/\/api.w.org\/{rel}","templated":true}]}}