{"id":3015,"date":"2023-09-26T16:10:59","date_gmt":"2023-09-26T16:10:59","guid":{"rendered":"https:\/\/abaa.mx\/tienda\/?post_type=product&#038;p=3015"},"modified":"2023-11-27T15:52:43","modified_gmt":"2023-11-27T15:52:43","slug":"calibrador-de-presion-fluke-717-10000g-10000-psig","status":"publish","type":"product","link":"https:\/\/abaa.mx\/tienda\/calibrador-de-presion-fluke-717-10000g-10000-psig\/","title":{"rendered":"Calibrador de presi\u00f3n fluke 717-10000g 10000 psig"},"content":{"rendered":"<p>Los calibradores de presi\u00f3n Fluke 717 ofrecen un rendimiento, durabilidad y fiabilidad excepcionales. Estos calibradores son compactos, ligeros y f\u00e1ciles de transportar. Con una interfaz de bot\u00f3n similar a los calibradores de proceso de documentaci\u00f3n multifunci\u00f3n de la serie 740 de Fluke, los 717 son f\u00e1ciles de usar. Son tolerantes a EMI, resistentes al polvo y a las salpicaduras, y cuentan con una tapa de bater\u00eda extra\u00edble para cambios r\u00e1pidos de bater\u00eda.<\/p>\n<p>Estos calibradores vienen en 9 modelos que miden una presi\u00f3n de hasta 5000 psi\/345 bar y son compatibles con los m\u00f3dulos de diferencial, man\u00f3metro y presi\u00f3n absoluta 700Pxx de Fluke para aumentar la funcionalidad.<\/p>\n<p>&nbsp;<\/p>\n<p><strong>Funciones<\/strong>:<\/p>\n<ul>\n<li>Medir presi\u00f3n, 0.05% de escala completa con sensor interno de hasta 5000 PSI\/345 bar (modelo 5000G).<\/li>\n<li>Mida mA con una precisi\u00f3n del 0,015 % y una resoluci\u00f3n de 0,001 mA, a la vez que obtiene una potencia de bucle de 24 V.<\/li>\n<li>Mida la presi\u00f3n hasta 10.000 psi\/700 bar con uno de los 29 m\u00f3dulos de presi\u00f3n 700Pxx de Fluke.<\/li>\n<li>1\/8 de accesorio de presi\u00f3n hembra NPT.<\/li>\n<li>Compatible con gases y l\u00edquidos no corrosivos.<\/li>\n<li>Seleccione once unidades de ingenier\u00eda diferentes.<\/li>\n<li>Funciones de cero, m\u00ednimo, m\u00e1ximo y retenci\u00f3n.<\/li>\n<li>Calibre instrumentos P\/I con medici\u00f3n simult\u00e1nea de presi\u00f3n y corriente.<\/li>\n<li>La funci\u00f3n de prueba del interruptor de presi\u00f3n captura los valores de ajuste, reinicio y banda muerta de un interruptor de presi\u00f3n.<\/li>\n<li>C\u00e1lculo de error % de mediciones mA para decisiones r\u00e1pidas de aprobaci\u00f3n y falla.<\/li>\n<li>Bater\u00eda de larga duraci\u00f3n.<\/li>\n<li>Caracter\u00edsticas de la funda Almacenamiento de cables de prueba.<\/li>\n<li>Compatible con el sistema de suspensi\u00f3n magn\u00e9tica Toolpack.<\/li>\n<li>Nueva prueba de conmutaci\u00f3n.<\/li>\n<\/ul>\n<p>&nbsp;<\/p>\n<h4>Fluke 717-10000G Especificaciones<\/h4>\n<table class=\"table table-striped\">\n<tbody>\n<tr>\n<td>Gama<\/td>\n<td>29 m\u00f3dulos de presi\u00f3n, 0 \u2013 1 en H20 a 10.000 PSI, rangos de 2,5 mbar a 700 bar sobre la presi\u00f3n por especificaciones del m\u00f3dulo de presi\u00f3n<\/td>\n<\/tr>\n<tr>\n<td>Resoluci\u00f3n<\/td>\n<td>Especificaciones por m\u00f3dulo de presi\u00f3n<\/td>\n<\/tr>\n<tr>\n<td>Exactitud<\/td>\n<td>0,025 % del tramo completo, por especificaciones del m\u00f3dulo de presi\u00f3n<\/td>\n<\/tr>\n<tr>\n<td>Funciones<\/td>\n<td>Cero, M\u00edn, M\u00e1x., Retenci\u00f3n, Humedad, c\u00e1lculo de errores<\/td>\n<\/tr>\n<tr>\n<td>Nota<\/td>\n<td>Compatibilidad de medios por especificaciones del m\u00f3dulo de presi\u00f3n<\/td>\n<\/tr>\n<\/tbody>\n<\/table>\n","protected":false},"excerpt":{"rendered":"<p>El Fluke 717-10000G tiene un rango de 0 a 10,000 PSIG.<\/p>\n","protected":false},"featured_media":3021,"comment_status":"open","ping_status":"closed","template":"","meta":{"_joinchat":[]},"product_brand":[],"product_cat":[15],"product_tag":[],"class_list":{"0":"post-3015","1":"product","2":"type-product","3":"status-publish","4":"has-post-thumbnail","6":"product_cat-sin-categorizar","8":"first","9":"instock","10":"shipping-taxable","11":"product-type-simple"},"yoast_head":"<!-- This site is optimized with the Yoast SEO plugin v26.4 - https:\/\/yoast.com\/wordpress\/plugins\/seo\/ -->\n<title>Calibrador de presi\u00f3n fluke 717-10000g 10000 psig - Abaa tienda online<\/title>\n<meta name=\"robots\" content=\"index, follow, max-snippet:-1, max-image-preview:large, max-video-preview:-1\" \/>\n<link rel=\"canonical\" href=\"https:\/\/abaa.mx\/tienda\/calibrador-de-presion-fluke-717-10000g-10000-psig\/\" \/>\n<meta property=\"og:locale\" content=\"es_MX\" \/>\n<meta property=\"og:type\" content=\"article\" \/>\n<meta property=\"og:title\" content=\"Calibrador de presi\u00f3n fluke 717-10000g 10000 psig - Abaa tienda online\" \/>\n<meta property=\"og:description\" content=\"El Fluke 717-10000G tiene un rango de 0 a 10,000 PSIG.\" \/>\n<meta property=\"og:url\" content=\"https:\/\/abaa.mx\/tienda\/calibrador-de-presion-fluke-717-10000g-10000-psig\/\" \/>\n<meta property=\"og:site_name\" content=\"Abaa tienda online\" \/>\n<meta property=\"article:modified_time\" content=\"2023-11-27T15:52:43+00:00\" \/>\n<meta property=\"og:image\" content=\"https:\/\/abaa.mx\/tienda\/wp-content\/uploads\/2023\/09\/717-10000G.png\" \/>\n\t<meta property=\"og:image:width\" content=\"500\" \/>\n\t<meta property=\"og:image:height\" content=\"500\" \/>\n\t<meta property=\"og:image:type\" content=\"image\/png\" \/>\n<meta name=\"twitter:card\" content=\"summary_large_image\" \/>\n<meta name=\"twitter:label1\" content=\"Tiempo de lectura\" \/>\n\t<meta name=\"twitter:data1\" content=\"2 minutos\" \/>\n<script type=\"application\/ld+json\" class=\"yoast-schema-graph\">{\"@context\":\"https:\/\/schema.org\",\"@graph\":[{\"@type\":\"WebPage\",\"@id\":\"https:\/\/abaa.mx\/tienda\/calibrador-de-presion-fluke-717-10000g-10000-psig\/\",\"url\":\"https:\/\/abaa.mx\/tienda\/calibrador-de-presion-fluke-717-10000g-10000-psig\/\",\"name\":\"Calibrador de presi\u00f3n fluke 717-10000g 10000 psig - Abaa tienda online\",\"isPartOf\":{\"@id\":\"https:\/\/abaa.mx\/tienda\/#website\"},\"primaryImageOfPage\":{\"@id\":\"https:\/\/abaa.mx\/tienda\/calibrador-de-presion-fluke-717-10000g-10000-psig\/#primaryimage\"},\"image\":{\"@id\":\"https:\/\/abaa.mx\/tienda\/calibrador-de-presion-fluke-717-10000g-10000-psig\/#primaryimage\"},\"thumbnailUrl\":\"https:\/\/abaa.mx\/tienda\/wp-content\/uploads\/2023\/09\/717-10000G.png\",\"datePublished\":\"2023-09-26T16:10:59+00:00\",\"dateModified\":\"2023-11-27T15:52:43+00:00\",\"breadcrumb\":{\"@id\":\"https:\/\/abaa.mx\/tienda\/calibrador-de-presion-fluke-717-10000g-10000-psig\/#breadcrumb\"},\"inLanguage\":\"es\",\"potentialAction\":[{\"@type\":\"ReadAction\",\"target\":[\"https:\/\/abaa.mx\/tienda\/calibrador-de-presion-fluke-717-10000g-10000-psig\/\"]}]},{\"@type\":\"ImageObject\",\"inLanguage\":\"es\",\"@id\":\"https:\/\/abaa.mx\/tienda\/calibrador-de-presion-fluke-717-10000g-10000-psig\/#primaryimage\",\"url\":\"https:\/\/abaa.mx\/tienda\/wp-content\/uploads\/2023\/09\/717-10000G.png\",\"contentUrl\":\"https:\/\/abaa.mx\/tienda\/wp-content\/uploads\/2023\/09\/717-10000G.png\",\"width\":500,\"height\":500,\"caption\":\"fluke-717-10000g-10000-psig\"},{\"@type\":\"BreadcrumbList\",\"@id\":\"https:\/\/abaa.mx\/tienda\/calibrador-de-presion-fluke-717-10000g-10000-psig\/#breadcrumb\",\"itemListElement\":[{\"@type\":\"ListItem\",\"position\":1,\"name\":\"Inicio\",\"item\":\"https:\/\/abaa.mx\/tienda\/\"},{\"@type\":\"ListItem\",\"position\":2,\"name\":\"Tienda\",\"item\":\"https:\/\/abaa.mx\/tienda\/\"},{\"@type\":\"ListItem\",\"position\":3,\"name\":\"Calibrador de presi\u00f3n fluke 717-10000g 10000 psig\"}]},{\"@type\":\"WebSite\",\"@id\":\"https:\/\/abaa.mx\/tienda\/#website\",\"url\":\"https:\/\/abaa.mx\/tienda\/\",\"name\":\"Abaa tienda online\",\"description\":\"Instrumentos de medici\u00f3n\",\"publisher\":{\"@id\":\"https:\/\/abaa.mx\/tienda\/#organization\"},\"potentialAction\":[{\"@type\":\"SearchAction\",\"target\":{\"@type\":\"EntryPoint\",\"urlTemplate\":\"https:\/\/abaa.mx\/tienda\/?s={search_term_string}\"},\"query-input\":{\"@type\":\"PropertyValueSpecification\",\"valueRequired\":true,\"valueName\":\"search_term_string\"}}],\"inLanguage\":\"es\"},{\"@type\":\"Organization\",\"@id\":\"https:\/\/abaa.mx\/tienda\/#organization\",\"name\":\"Abaa tienda online\",\"url\":\"https:\/\/abaa.mx\/tienda\/\",\"logo\":{\"@type\":\"ImageObject\",\"inLanguage\":\"es\",\"@id\":\"https:\/\/abaa.mx\/tienda\/#\/schema\/logo\/image\/\",\"url\":\"https:\/\/abaa.mx\/tienda\/wp-content\/uploads\/2024\/01\/abaa-metrologia-tienda.png\",\"contentUrl\":\"https:\/\/abaa.mx\/tienda\/wp-content\/uploads\/2024\/01\/abaa-metrologia-tienda.png\",\"width\":300,\"height\":141,\"caption\":\"Abaa tienda online\"},\"image\":{\"@id\":\"https:\/\/abaa.mx\/tienda\/#\/schema\/logo\/image\/\"}}]}<\/script>\n<!-- \/ Yoast SEO plugin. -->","yoast_head_json":{"title":"Calibrador de presi\u00f3n fluke 717-10000g 10000 psig - Abaa tienda online","robots":{"index":"index","follow":"follow","max-snippet":"max-snippet:-1","max-image-preview":"max-image-preview:large","max-video-preview":"max-video-preview:-1"},"canonical":"https:\/\/abaa.mx\/tienda\/calibrador-de-presion-fluke-717-10000g-10000-psig\/","og_locale":"es_MX","og_type":"article","og_title":"Calibrador de presi\u00f3n fluke 717-10000g 10000 psig - Abaa tienda online","og_description":"El Fluke 717-10000G tiene un rango de 0 a 10,000 PSIG.","og_url":"https:\/\/abaa.mx\/tienda\/calibrador-de-presion-fluke-717-10000g-10000-psig\/","og_site_name":"Abaa tienda online","article_modified_time":"2023-11-27T15:52:43+00:00","og_image":[{"width":500,"height":500,"url":"https:\/\/abaa.mx\/tienda\/wp-content\/uploads\/2023\/09\/717-10000G.png","type":"image\/png"}],"twitter_card":"summary_large_image","twitter_misc":{"Tiempo de lectura":"2 minutos"},"schema":{"@context":"https:\/\/schema.org","@graph":[{"@type":"WebPage","@id":"https:\/\/abaa.mx\/tienda\/calibrador-de-presion-fluke-717-10000g-10000-psig\/","url":"https:\/\/abaa.mx\/tienda\/calibrador-de-presion-fluke-717-10000g-10000-psig\/","name":"Calibrador de presi\u00f3n fluke 717-10000g 10000 psig - Abaa tienda online","isPartOf":{"@id":"https:\/\/abaa.mx\/tienda\/#website"},"primaryImageOfPage":{"@id":"https:\/\/abaa.mx\/tienda\/calibrador-de-presion-fluke-717-10000g-10000-psig\/#primaryimage"},"image":{"@id":"https:\/\/abaa.mx\/tienda\/calibrador-de-presion-fluke-717-10000g-10000-psig\/#primaryimage"},"thumbnailUrl":"https:\/\/abaa.mx\/tienda\/wp-content\/uploads\/2023\/09\/717-10000G.png","datePublished":"2023-09-26T16:10:59+00:00","dateModified":"2023-11-27T15:52:43+00:00","breadcrumb":{"@id":"https:\/\/abaa.mx\/tienda\/calibrador-de-presion-fluke-717-10000g-10000-psig\/#breadcrumb"},"inLanguage":"es","potentialAction":[{"@type":"ReadAction","target":["https:\/\/abaa.mx\/tienda\/calibrador-de-presion-fluke-717-10000g-10000-psig\/"]}]},{"@type":"ImageObject","inLanguage":"es","@id":"https:\/\/abaa.mx\/tienda\/calibrador-de-presion-fluke-717-10000g-10000-psig\/#primaryimage","url":"https:\/\/abaa.mx\/tienda\/wp-content\/uploads\/2023\/09\/717-10000G.png","contentUrl":"https:\/\/abaa.mx\/tienda\/wp-content\/uploads\/2023\/09\/717-10000G.png","width":500,"height":500,"caption":"fluke-717-10000g-10000-psig"},{"@type":"BreadcrumbList","@id":"https:\/\/abaa.mx\/tienda\/calibrador-de-presion-fluke-717-10000g-10000-psig\/#breadcrumb","itemListElement":[{"@type":"ListItem","position":1,"name":"Inicio","item":"https:\/\/abaa.mx\/tienda\/"},{"@type":"ListItem","position":2,"name":"Tienda","item":"https:\/\/abaa.mx\/tienda\/"},{"@type":"ListItem","position":3,"name":"Calibrador de presi\u00f3n fluke 717-10000g 10000 psig"}]},{"@type":"WebSite","@id":"https:\/\/abaa.mx\/tienda\/#website","url":"https:\/\/abaa.mx\/tienda\/","name":"Abaa tienda online","description":"Instrumentos de medici\u00f3n","publisher":{"@id":"https:\/\/abaa.mx\/tienda\/#organization"},"potentialAction":[{"@type":"SearchAction","target":{"@type":"EntryPoint","urlTemplate":"https:\/\/abaa.mx\/tienda\/?s={search_term_string}"},"query-input":{"@type":"PropertyValueSpecification","valueRequired":true,"valueName":"search_term_string"}}],"inLanguage":"es"},{"@type":"Organization","@id":"https:\/\/abaa.mx\/tienda\/#organization","name":"Abaa tienda online","url":"https:\/\/abaa.mx\/tienda\/","logo":{"@type":"ImageObject","inLanguage":"es","@id":"https:\/\/abaa.mx\/tienda\/#\/schema\/logo\/image\/","url":"https:\/\/abaa.mx\/tienda\/wp-content\/uploads\/2024\/01\/abaa-metrologia-tienda.png","contentUrl":"https:\/\/abaa.mx\/tienda\/wp-content\/uploads\/2024\/01\/abaa-metrologia-tienda.png","width":300,"height":141,"caption":"Abaa tienda online"},"image":{"@id":"https:\/\/abaa.mx\/tienda\/#\/schema\/logo\/image\/"}}]}},"_links":{"self":[{"href":"https:\/\/abaa.mx\/tienda\/wp-json\/wp\/v2\/product\/3015","targetHints":{"allow":["GET"]}}],"collection":[{"href":"https:\/\/abaa.mx\/tienda\/wp-json\/wp\/v2\/product"}],"about":[{"href":"https:\/\/abaa.mx\/tienda\/wp-json\/wp\/v2\/types\/product"}],"replies":[{"embeddable":true,"href":"https:\/\/abaa.mx\/tienda\/wp-json\/wp\/v2\/comments?post=3015"}],"wp:featuredmedia":[{"embeddable":true,"href":"https:\/\/abaa.mx\/tienda\/wp-json\/wp\/v2\/media\/3021"}],"wp:attachment":[{"href":"https:\/\/abaa.mx\/tienda\/wp-json\/wp\/v2\/media?parent=3015"}],"wp:term":[{"taxonomy":"product_brand","embeddable":true,"href":"https:\/\/abaa.mx\/tienda\/wp-json\/wp\/v2\/product_brand?post=3015"},{"taxonomy":"product_cat","embeddable":true,"href":"https:\/\/abaa.mx\/tienda\/wp-json\/wp\/v2\/product_cat?post=3015"},{"taxonomy":"product_tag","embeddable":true,"href":"https:\/\/abaa.mx\/tienda\/wp-json\/wp\/v2\/product_tag?post=3015"}],"curies":[{"name":"wp","href":"https:\/\/api.w.org\/{rel}","templated":true}]}}