{"id":3014,"date":"2023-09-26T16:10:56","date_gmt":"2023-09-26T16:10:56","guid":{"rendered":"https:\/\/abaa.mx\/tienda\/?post_type=product&#038;p=3014"},"modified":"2023-11-24T20:54:37","modified_gmt":"2023-11-24T20:54:37","slug":"calibrador-fluke-de-715-voltios-ma","status":"publish","type":"product","link":"https:\/\/abaa.mx\/tienda\/calibrador-fluke-de-715-voltios-ma\/","title":{"rendered":"Calibrador fluke de 715 voltios-ma"},"content":{"rendered":"<p>&nbsp;<\/p>\n<p><strong>Funciones:<\/strong><\/p>\n<ul>\n<li>Fuente o simulaci\u00f3n de corriente de bucle de 24 mA.<\/li>\n<li>Voltaje de fuente a 100 mV o 10V.<\/li>\n<li>Alimentaci\u00f3n de bucle de 24 V con medici\u00f3n de corriente simult\u00e1nea<\/li>\n<li>Medici\u00f3n mejorada de voltaje y corriente y precisi\u00f3n de la fuente.<\/li>\n<li>Duraci\u00f3n de la bater\u00eda mejorada.<\/li>\n<li>Resistencia HART de 250 ohmios con alimentaci\u00f3n de bucle.<\/li>\n<li>La funda cuenta con almacenamiento de cables de prueba.<\/li>\n<li>Compatible con el sistema de suspensi\u00f3n magn\u00e9tica toolpack.<\/li>\n<li>Funci\u00f3n de salida de rampa lineal y escalonada.<\/li>\n<li>Ajustes configurables de cero y spam.<\/li>\n<\/ul>\n<p>&nbsp;<\/p>\n<p><strong>Aplicaciones:<\/strong><\/p>\n<ul>\n<li>Calibraci\u00f3n de instrumentaci\u00f3n.<\/li>\n<li>Mantenimiento de instrumentaci\u00f3n.<\/li>\n<li>Petroqu\u00edmica.<\/li>\n<li>Petr\u00f3leo y Gas.<\/li>\n<li>Farmac\u00e9utico.<\/li>\n<li>Agua y aguas residuales.<\/li>\n<li>Alimentos y bebidas.<\/li>\n<li>Generaci\u00f3n de energ\u00eda.<\/li>\n<\/ul>\n<p>&nbsp;<\/p>\n<h4>Especificaciones de Fluke 715<\/h4>\n<table class=\"table table-striped\">\n<tbody>\n<tr>\n<td>Medida \/ Fuente mV<\/td>\n<td>Rango: 0 a 100 mV, Resoluci\u00f3n: 0.01 mV, Precisi\u00f3n: 0.02% + 2 recuentos<\/td>\n<\/tr>\n<tr>\n<td>Medida \/ Fuente V<\/td>\n<td>Rango: 0 a 10 V, Resoluci\u00f3n: 0.001 V, Precisi\u00f3n: 0.02% + 2 recuentos<\/td>\n<\/tr>\n<tr>\n<td>Medir \/ Fuente \/ Simular mA (% del span)<\/td>\n<td>Rango: 0 a 24 mA (-25% a 125%), Resoluci\u00f3n: 0.001 mA, Precisi\u00f3n: 0.015% + 2 recuentos<\/td>\n<\/tr>\n<tr>\n<td>Potencia de bucle<\/td>\n<td>Rango: 24 V dc, Precisi\u00f3n: +\/- 10%<\/td>\n<\/tr>\n<tr>\n<td>Monitor<\/td>\n<td>LCD transparente de 5 d\u00edgitos<\/td>\n<\/tr>\n<tr>\n<td>Temperatura de funcionamiento<\/td>\n<td>-10 a 55\u00b0C<\/td>\n<\/tr>\n<tr>\n<td>Temperatura de almacenamiento<\/td>\n<td>-40 a 60\u00b0C<\/td>\n<\/tr>\n<tr>\n<td>Altitud de funcionamiento<\/td>\n<td>3.000m m\u00e1ximo<\/td>\n<\/tr>\n<tr>\n<td>Tama\u00f1o<\/td>\n<td>187 mm L x 87mm W x 32 mm<\/td>\n<\/tr>\n<tr>\n<td>Peso<\/td>\n<td>Aprox. 330 g<\/td>\n<\/tr>\n<tr>\n<td>Tipo de bater\u00eda<\/td>\n<td>Una sola bater\u00eda de 9V ANSI\/NEDA 1604A o IEC 6LR619V alcalina<\/td>\n<\/tr>\n<\/tbody>\n<\/table>\n","protected":false},"excerpt":{"rendered":"<p>Mida se\u00f1ales de corriente de bucle (0-20 mA, 4-20 mA) con una precisi\u00f3n muy alta de 0.015% y una resoluci\u00f3n de 1 mA. Mida las se\u00f1ales de proceso de salida de voltaje de PLC y transmisores.<\/p>\n","protected":false},"featured_media":3020,"comment_status":"open","ping_status":"closed","template":"","meta":{"_joinchat":[]},"product_brand":[],"product_cat":[15],"product_tag":[],"class_list":{"0":"post-3014","1":"product","2":"type-product","3":"status-publish","4":"has-post-thumbnail","6":"product_cat-sin-categorizar","8":"first","9":"instock","10":"shipping-taxable","11":"product-type-simple"},"yoast_head":"<!-- This site is optimized with the Yoast SEO plugin v26.4 - https:\/\/yoast.com\/wordpress\/plugins\/seo\/ -->\n<title>Calibrador fluke de 715 voltios-ma - Abaa tienda online<\/title>\n<meta name=\"robots\" content=\"index, follow, max-snippet:-1, max-image-preview:large, max-video-preview:-1\" \/>\n<link rel=\"canonical\" href=\"https:\/\/abaa.mx\/tienda\/calibrador-fluke-de-715-voltios-ma\/\" \/>\n<meta property=\"og:locale\" content=\"es_MX\" \/>\n<meta property=\"og:type\" content=\"article\" \/>\n<meta property=\"og:title\" content=\"Calibrador fluke de 715 voltios-ma - Abaa tienda online\" \/>\n<meta property=\"og:description\" content=\"Mida se\u00f1ales de corriente de bucle (0-20 mA, 4-20 mA) con una precisi\u00f3n muy alta de 0.015% y una resoluci\u00f3n de 1 mA. Mida las se\u00f1ales de proceso de salida de voltaje de PLC y transmisores.\" \/>\n<meta property=\"og:url\" content=\"https:\/\/abaa.mx\/tienda\/calibrador-fluke-de-715-voltios-ma\/\" \/>\n<meta property=\"og:site_name\" content=\"Abaa tienda online\" \/>\n<meta property=\"article:modified_time\" content=\"2023-11-24T20:54:37+00:00\" \/>\n<meta property=\"og:image\" content=\"https:\/\/abaa.mx\/tienda\/wp-content\/uploads\/2023\/09\/715.jpg\" \/>\n\t<meta property=\"og:image:width\" content=\"380\" \/>\n\t<meta property=\"og:image:height\" content=\"452\" \/>\n\t<meta property=\"og:image:type\" content=\"image\/jpeg\" \/>\n<meta name=\"twitter:card\" content=\"summary_large_image\" \/>\n<meta name=\"twitter:label1\" content=\"Tiempo de lectura\" \/>\n\t<meta name=\"twitter:data1\" content=\"2 minutos\" \/>\n<script type=\"application\/ld+json\" class=\"yoast-schema-graph\">{\"@context\":\"https:\/\/schema.org\",\"@graph\":[{\"@type\":\"WebPage\",\"@id\":\"https:\/\/abaa.mx\/tienda\/calibrador-fluke-de-715-voltios-ma\/\",\"url\":\"https:\/\/abaa.mx\/tienda\/calibrador-fluke-de-715-voltios-ma\/\",\"name\":\"Calibrador fluke de 715 voltios-ma - Abaa tienda online\",\"isPartOf\":{\"@id\":\"https:\/\/abaa.mx\/tienda\/#website\"},\"primaryImageOfPage\":{\"@id\":\"https:\/\/abaa.mx\/tienda\/calibrador-fluke-de-715-voltios-ma\/#primaryimage\"},\"image\":{\"@id\":\"https:\/\/abaa.mx\/tienda\/calibrador-fluke-de-715-voltios-ma\/#primaryimage\"},\"thumbnailUrl\":\"https:\/\/abaa.mx\/tienda\/wp-content\/uploads\/2023\/09\/715.jpg\",\"datePublished\":\"2023-09-26T16:10:56+00:00\",\"dateModified\":\"2023-11-24T20:54:37+00:00\",\"breadcrumb\":{\"@id\":\"https:\/\/abaa.mx\/tienda\/calibrador-fluke-de-715-voltios-ma\/#breadcrumb\"},\"inLanguage\":\"es\",\"potentialAction\":[{\"@type\":\"ReadAction\",\"target\":[\"https:\/\/abaa.mx\/tienda\/calibrador-fluke-de-715-voltios-ma\/\"]}]},{\"@type\":\"ImageObject\",\"inLanguage\":\"es\",\"@id\":\"https:\/\/abaa.mx\/tienda\/calibrador-fluke-de-715-voltios-ma\/#primaryimage\",\"url\":\"https:\/\/abaa.mx\/tienda\/wp-content\/uploads\/2023\/09\/715.jpg\",\"contentUrl\":\"https:\/\/abaa.mx\/tienda\/wp-content\/uploads\/2023\/09\/715.jpg\",\"width\":380,\"height\":452,\"caption\":\"Fluke 715\"},{\"@type\":\"BreadcrumbList\",\"@id\":\"https:\/\/abaa.mx\/tienda\/calibrador-fluke-de-715-voltios-ma\/#breadcrumb\",\"itemListElement\":[{\"@type\":\"ListItem\",\"position\":1,\"name\":\"Inicio\",\"item\":\"https:\/\/abaa.mx\/tienda\/\"},{\"@type\":\"ListItem\",\"position\":2,\"name\":\"Tienda\",\"item\":\"https:\/\/abaa.mx\/tienda\/\"},{\"@type\":\"ListItem\",\"position\":3,\"name\":\"Calibrador fluke de 715 voltios-ma\"}]},{\"@type\":\"WebSite\",\"@id\":\"https:\/\/abaa.mx\/tienda\/#website\",\"url\":\"https:\/\/abaa.mx\/tienda\/\",\"name\":\"Abaa tienda online\",\"description\":\"Instrumentos de medici\u00f3n\",\"publisher\":{\"@id\":\"https:\/\/abaa.mx\/tienda\/#organization\"},\"potentialAction\":[{\"@type\":\"SearchAction\",\"target\":{\"@type\":\"EntryPoint\",\"urlTemplate\":\"https:\/\/abaa.mx\/tienda\/?s={search_term_string}\"},\"query-input\":{\"@type\":\"PropertyValueSpecification\",\"valueRequired\":true,\"valueName\":\"search_term_string\"}}],\"inLanguage\":\"es\"},{\"@type\":\"Organization\",\"@id\":\"https:\/\/abaa.mx\/tienda\/#organization\",\"name\":\"Abaa tienda online\",\"url\":\"https:\/\/abaa.mx\/tienda\/\",\"logo\":{\"@type\":\"ImageObject\",\"inLanguage\":\"es\",\"@id\":\"https:\/\/abaa.mx\/tienda\/#\/schema\/logo\/image\/\",\"url\":\"https:\/\/abaa.mx\/tienda\/wp-content\/uploads\/2024\/01\/abaa-metrologia-tienda.png\",\"contentUrl\":\"https:\/\/abaa.mx\/tienda\/wp-content\/uploads\/2024\/01\/abaa-metrologia-tienda.png\",\"width\":300,\"height\":141,\"caption\":\"Abaa tienda online\"},\"image\":{\"@id\":\"https:\/\/abaa.mx\/tienda\/#\/schema\/logo\/image\/\"}}]}<\/script>\n<!-- \/ Yoast SEO plugin. -->","yoast_head_json":{"title":"Calibrador fluke de 715 voltios-ma - Abaa tienda online","robots":{"index":"index","follow":"follow","max-snippet":"max-snippet:-1","max-image-preview":"max-image-preview:large","max-video-preview":"max-video-preview:-1"},"canonical":"https:\/\/abaa.mx\/tienda\/calibrador-fluke-de-715-voltios-ma\/","og_locale":"es_MX","og_type":"article","og_title":"Calibrador fluke de 715 voltios-ma - Abaa tienda online","og_description":"Mida se\u00f1ales de corriente de bucle (0-20 mA, 4-20 mA) con una precisi\u00f3n muy alta de 0.015% y una resoluci\u00f3n de 1 mA. Mida las se\u00f1ales de proceso de salida de voltaje de PLC y transmisores.","og_url":"https:\/\/abaa.mx\/tienda\/calibrador-fluke-de-715-voltios-ma\/","og_site_name":"Abaa tienda online","article_modified_time":"2023-11-24T20:54:37+00:00","og_image":[{"width":380,"height":452,"url":"https:\/\/abaa.mx\/tienda\/wp-content\/uploads\/2023\/09\/715.jpg","type":"image\/jpeg"}],"twitter_card":"summary_large_image","twitter_misc":{"Tiempo de lectura":"2 minutos"},"schema":{"@context":"https:\/\/schema.org","@graph":[{"@type":"WebPage","@id":"https:\/\/abaa.mx\/tienda\/calibrador-fluke-de-715-voltios-ma\/","url":"https:\/\/abaa.mx\/tienda\/calibrador-fluke-de-715-voltios-ma\/","name":"Calibrador fluke de 715 voltios-ma - Abaa tienda online","isPartOf":{"@id":"https:\/\/abaa.mx\/tienda\/#website"},"primaryImageOfPage":{"@id":"https:\/\/abaa.mx\/tienda\/calibrador-fluke-de-715-voltios-ma\/#primaryimage"},"image":{"@id":"https:\/\/abaa.mx\/tienda\/calibrador-fluke-de-715-voltios-ma\/#primaryimage"},"thumbnailUrl":"https:\/\/abaa.mx\/tienda\/wp-content\/uploads\/2023\/09\/715.jpg","datePublished":"2023-09-26T16:10:56+00:00","dateModified":"2023-11-24T20:54:37+00:00","breadcrumb":{"@id":"https:\/\/abaa.mx\/tienda\/calibrador-fluke-de-715-voltios-ma\/#breadcrumb"},"inLanguage":"es","potentialAction":[{"@type":"ReadAction","target":["https:\/\/abaa.mx\/tienda\/calibrador-fluke-de-715-voltios-ma\/"]}]},{"@type":"ImageObject","inLanguage":"es","@id":"https:\/\/abaa.mx\/tienda\/calibrador-fluke-de-715-voltios-ma\/#primaryimage","url":"https:\/\/abaa.mx\/tienda\/wp-content\/uploads\/2023\/09\/715.jpg","contentUrl":"https:\/\/abaa.mx\/tienda\/wp-content\/uploads\/2023\/09\/715.jpg","width":380,"height":452,"caption":"Fluke 715"},{"@type":"BreadcrumbList","@id":"https:\/\/abaa.mx\/tienda\/calibrador-fluke-de-715-voltios-ma\/#breadcrumb","itemListElement":[{"@type":"ListItem","position":1,"name":"Inicio","item":"https:\/\/abaa.mx\/tienda\/"},{"@type":"ListItem","position":2,"name":"Tienda","item":"https:\/\/abaa.mx\/tienda\/"},{"@type":"ListItem","position":3,"name":"Calibrador fluke de 715 voltios-ma"}]},{"@type":"WebSite","@id":"https:\/\/abaa.mx\/tienda\/#website","url":"https:\/\/abaa.mx\/tienda\/","name":"Abaa tienda online","description":"Instrumentos de medici\u00f3n","publisher":{"@id":"https:\/\/abaa.mx\/tienda\/#organization"},"potentialAction":[{"@type":"SearchAction","target":{"@type":"EntryPoint","urlTemplate":"https:\/\/abaa.mx\/tienda\/?s={search_term_string}"},"query-input":{"@type":"PropertyValueSpecification","valueRequired":true,"valueName":"search_term_string"}}],"inLanguage":"es"},{"@type":"Organization","@id":"https:\/\/abaa.mx\/tienda\/#organization","name":"Abaa tienda online","url":"https:\/\/abaa.mx\/tienda\/","logo":{"@type":"ImageObject","inLanguage":"es","@id":"https:\/\/abaa.mx\/tienda\/#\/schema\/logo\/image\/","url":"https:\/\/abaa.mx\/tienda\/wp-content\/uploads\/2024\/01\/abaa-metrologia-tienda.png","contentUrl":"https:\/\/abaa.mx\/tienda\/wp-content\/uploads\/2024\/01\/abaa-metrologia-tienda.png","width":300,"height":141,"caption":"Abaa tienda online"},"image":{"@id":"https:\/\/abaa.mx\/tienda\/#\/schema\/logo\/image\/"}}]}},"_links":{"self":[{"href":"https:\/\/abaa.mx\/tienda\/wp-json\/wp\/v2\/product\/3014","targetHints":{"allow":["GET"]}}],"collection":[{"href":"https:\/\/abaa.mx\/tienda\/wp-json\/wp\/v2\/product"}],"about":[{"href":"https:\/\/abaa.mx\/tienda\/wp-json\/wp\/v2\/types\/product"}],"replies":[{"embeddable":true,"href":"https:\/\/abaa.mx\/tienda\/wp-json\/wp\/v2\/comments?post=3014"}],"wp:featuredmedia":[{"embeddable":true,"href":"https:\/\/abaa.mx\/tienda\/wp-json\/wp\/v2\/media\/3020"}],"wp:attachment":[{"href":"https:\/\/abaa.mx\/tienda\/wp-json\/wp\/v2\/media?parent=3014"}],"wp:term":[{"taxonomy":"product_brand","embeddable":true,"href":"https:\/\/abaa.mx\/tienda\/wp-json\/wp\/v2\/product_brand?post=3014"},{"taxonomy":"product_cat","embeddable":true,"href":"https:\/\/abaa.mx\/tienda\/wp-json\/wp\/v2\/product_cat?post=3014"},{"taxonomy":"product_tag","embeddable":true,"href":"https:\/\/abaa.mx\/tienda\/wp-json\/wp\/v2\/product_tag?post=3014"}],"curies":[{"name":"wp","href":"https:\/\/api.w.org\/{rel}","templated":true}]}}