{"id":3007,"date":"2023-09-26T16:00:07","date_gmt":"2023-09-26T16:00:07","guid":{"rendered":"https:\/\/abaa.mx\/tienda\/?post_type=product&#038;p=3007"},"modified":"2023-09-26T16:00:08","modified_gmt":"2023-09-26T16:00:08","slug":"manometro-digital-baker-b50500-0-a-500-psi","status":"publish","type":"product","link":"https:\/\/abaa.mx\/tienda\/manometro-digital-baker-b50500-0-a-500-psi\/","title":{"rendered":"man\u00f3metro digital baker b50500, 0 a 500 psi"},"content":{"rendered":"<p>Muestra presi\u00f3n en tiempo real con tiempos de respuesta cortos y excelente estabilidad a largo plazo. Todas las piezas h\u00famedas de acero inoxidable hacen que estos medidores sean adecuados para una amplia variedad de l\u00edquidos industriales y medios gaseosos.<\/p>\n<p>Este man\u00f3metro digital con gr\u00e1fico de barras integrado cuenta con una precisi\u00f3n del 1%, retroiluminaci\u00f3n para facilitar la lectura y 4 unidades de ingenier\u00eda seleccionables que permiten utilizar un man\u00f3metro en una variedad de aplicaciones de presi\u00f3n.<\/p>\n<p><strong>Funciones<\/strong><\/p>\n<ul>\n<li>Compatible con aire, l\u00edquidos y gases<\/li>\n<li>4 unidades de medida de ingenier\u00eda seleccionables: psi, kgf\/cm\u00b2, inHg, MPa<\/li>\n<li>La pantalla LCD de 4 d\u00edgitos con luz de fondo proporciona una lectura clara<\/li>\n<li>304 Materiales h\u00famedos y carcasa de acero inoxidable<\/li>\n<li>Visualizaci\u00f3n del gr\u00e1fico de la barra de progreso de presi\u00f3n<\/li>\n<li>Pulsador cero<\/li>\n<\/ul>\n<p><strong>Aplicaciones<\/strong><\/p>\n<ul>\n<li>Aplicaciones OEM<\/li>\n<li>Instrumentaci\u00f3n y control<\/li>\n<li>Hidr\u00e1ulica<\/li>\n<li>Neum\u00e1tica<\/li>\n<li>Agua y aguas residuales<\/li>\n<li>Gases industriales y medicinales<\/li>\n<\/ul>\n<h4>Baker B50500 Especificaciones<\/h4>\n<table class=\"table table-striped\">\n<tbody>\n<tr>\n<td colspan=\"2\"><strong>Medidas<\/strong><\/td>\n<\/tr>\n<tr>\n<td>Rangos de medici\u00f3n<\/td>\n<td>0-500 psi<br \/>\n0-35.2 kgf\/cm\u00b2 0-1018 inHg<\/p>\n<p>0-3.45 MPa<\/td>\n<\/tr>\n<tr>\n<td>Resoluci\u00f3n<\/td>\n<td>1 psi<br \/>\n0.1 kgf\/cm\u00b2<br \/>\n1 inHg<br \/>\n0.01 Mpa<\/td>\n<\/tr>\n<tr>\n<td>Exactitud<\/td>\n<td>1% F.S.<\/td>\n<\/tr>\n<tr>\n<td>Estabilidad a largo plazo<\/td>\n<td>0,5% F.S.\/A\u00f1o<\/td>\n<\/tr>\n<tr>\n<td>Frecuencia de muestreo<\/td>\n<td>3x\/seg<\/td>\n<\/tr>\n<tr>\n<td>Capacidad de sobrecarga<\/td>\n<td>150%<\/td>\n<\/tr>\n<tr>\n<td colspan=\"2\"><strong>Medio y materiales<\/strong><\/td>\n<\/tr>\n<tr>\n<td>Servicio<\/td>\n<td>L\u00edquidos y gases compatibles<\/td>\n<\/tr>\n<tr>\n<td>Materiales h\u00famedos<\/td>\n<td>304 SS<\/td>\n<\/tr>\n<tr>\n<td>Materiales de la carcasa<\/td>\n<td>304 SS<\/td>\n<\/tr>\n<tr>\n<td colspan=\"2\"><strong>Especificaciones generales<\/strong><\/td>\n<\/tr>\n<tr>\n<td>Conexi\u00f3n de procesos<\/td>\n<td>1\/4&#8243; NPT macho<\/td>\n<\/tr>\n<tr>\n<td>Monitor<\/td>\n<td>LCD de 4 d\u00edgitos<\/td>\n<\/tr>\n<tr>\n<td>Pantalla retroiluminada<\/td>\n<td>S\u00ed<\/td>\n<\/tr>\n<tr>\n<td>Indicador de bater\u00eda baja<\/td>\n<td>S\u00ed<\/td>\n<\/tr>\n<tr>\n<td>Fuente de alimentaci\u00f3n<\/td>\n<td>2 x pilas AAA<\/td>\n<\/tr>\n<tr>\n<td>Duraci\u00f3n de la bater\u00eda<\/td>\n<td>12-18 meses<\/td>\n<\/tr>\n<tr>\n<td>Certificaciones de productos<\/td>\n<td>IP64<\/td>\n<\/tr>\n<tr>\n<td>Compatibilidad electromagn\u00e9tica<\/td>\n<td>EN61326<\/td>\n<\/tr>\n<tr>\n<td>Temperatura de funcionamiento<\/td>\n<td>23 a 104\u00b0F (-5 a 40\u00b0C)<\/td>\n<\/tr>\n<tr>\n<td>Dimensiones<\/td>\n<td>2.56&#8243; di\u00e1metro exterior x 1.50&#8243; de profundidad<\/td>\n<\/tr>\n<tr>\n<td>Peso<\/td>\n<td>8,82 onzas (250 g)<\/td>\n<\/tr>\n<\/tbody>\n<\/table>\n","protected":false},"excerpt":{"rendered":"<p>Muestra presi\u00f3n en tiempo real con tiempos de respuesta cortos y excelente estabilidad a largo plazo. Todas las piezas h\u00famedas de acero inoxidable hacen que estos medidores sean adecuados para una amplia variedad de l\u00edquidos industriales y medios gaseosos.<\/p>\n<p>&nbsp;<\/p>\n","protected":false},"featured_media":3009,"comment_status":"open","ping_status":"closed","template":"","meta":{"_joinchat":[]},"product_brand":[],"product_cat":[15],"product_tag":[],"class_list":{"0":"post-3007","1":"product","2":"type-product","3":"status-publish","4":"has-post-thumbnail","6":"product_cat-sin-categorizar","8":"first","9":"instock","10":"shipping-taxable","11":"product-type-simple"},"yoast_head":"<!-- This site is optimized with the Yoast SEO plugin v26.4 - https:\/\/yoast.com\/wordpress\/plugins\/seo\/ -->\n<title>man\u00f3metro digital baker b50500, 0 a 500 psi - Abaa tienda online<\/title>\n<meta name=\"robots\" content=\"index, follow, max-snippet:-1, max-image-preview:large, max-video-preview:-1\" \/>\n<link rel=\"canonical\" href=\"https:\/\/abaa.mx\/tienda\/manometro-digital-baker-b50500-0-a-500-psi\/\" \/>\n<meta property=\"og:locale\" content=\"es_MX\" \/>\n<meta property=\"og:type\" content=\"article\" \/>\n<meta property=\"og:title\" content=\"man\u00f3metro digital baker b50500, 0 a 500 psi - Abaa tienda online\" \/>\n<meta property=\"og:description\" content=\"Muestra presi\u00f3n en tiempo real con tiempos de respuesta cortos y excelente estabilidad a largo plazo. Todas las piezas h\u00famedas de acero inoxidable hacen que estos medidores sean adecuados para una amplia variedad de l\u00edquidos industriales y medios gaseosos.  &nbsp;\" \/>\n<meta property=\"og:url\" content=\"https:\/\/abaa.mx\/tienda\/manometro-digital-baker-b50500-0-a-500-psi\/\" \/>\n<meta property=\"og:site_name\" content=\"Abaa tienda online\" \/>\n<meta property=\"article:modified_time\" content=\"2023-09-26T16:00:08+00:00\" \/>\n<meta property=\"og:image\" content=\"https:\/\/abaa.mx\/tienda\/wp-content\/uploads\/2023\/09\/B50500.jpg\" \/>\n\t<meta property=\"og:image:width\" content=\"270\" \/>\n\t<meta property=\"og:image:height\" content=\"374\" \/>\n\t<meta property=\"og:image:type\" content=\"image\/jpeg\" \/>\n<meta name=\"twitter:card\" content=\"summary_large_image\" \/>\n<meta name=\"twitter:label1\" content=\"Tiempo de lectura\" \/>\n\t<meta name=\"twitter:data1\" content=\"2 minutos\" \/>\n<script type=\"application\/ld+json\" class=\"yoast-schema-graph\">{\"@context\":\"https:\/\/schema.org\",\"@graph\":[{\"@type\":\"WebPage\",\"@id\":\"https:\/\/abaa.mx\/tienda\/manometro-digital-baker-b50500-0-a-500-psi\/\",\"url\":\"https:\/\/abaa.mx\/tienda\/manometro-digital-baker-b50500-0-a-500-psi\/\",\"name\":\"man\u00f3metro digital baker b50500, 0 a 500 psi - Abaa tienda online\",\"isPartOf\":{\"@id\":\"https:\/\/abaa.mx\/tienda\/#website\"},\"primaryImageOfPage\":{\"@id\":\"https:\/\/abaa.mx\/tienda\/manometro-digital-baker-b50500-0-a-500-psi\/#primaryimage\"},\"image\":{\"@id\":\"https:\/\/abaa.mx\/tienda\/manometro-digital-baker-b50500-0-a-500-psi\/#primaryimage\"},\"thumbnailUrl\":\"https:\/\/abaa.mx\/tienda\/wp-content\/uploads\/2023\/09\/B50500.jpg\",\"datePublished\":\"2023-09-26T16:00:07+00:00\",\"dateModified\":\"2023-09-26T16:00:08+00:00\",\"breadcrumb\":{\"@id\":\"https:\/\/abaa.mx\/tienda\/manometro-digital-baker-b50500-0-a-500-psi\/#breadcrumb\"},\"inLanguage\":\"es\",\"potentialAction\":[{\"@type\":\"ReadAction\",\"target\":[\"https:\/\/abaa.mx\/tienda\/manometro-digital-baker-b50500-0-a-500-psi\/\"]}]},{\"@type\":\"ImageObject\",\"inLanguage\":\"es\",\"@id\":\"https:\/\/abaa.mx\/tienda\/manometro-digital-baker-b50500-0-a-500-psi\/#primaryimage\",\"url\":\"https:\/\/abaa.mx\/tienda\/wp-content\/uploads\/2023\/09\/B50500.jpg\",\"contentUrl\":\"https:\/\/abaa.mx\/tienda\/wp-content\/uploads\/2023\/09\/B50500.jpg\",\"width\":270,\"height\":374,\"caption\":\"B50500\"},{\"@type\":\"BreadcrumbList\",\"@id\":\"https:\/\/abaa.mx\/tienda\/manometro-digital-baker-b50500-0-a-500-psi\/#breadcrumb\",\"itemListElement\":[{\"@type\":\"ListItem\",\"position\":1,\"name\":\"Inicio\",\"item\":\"https:\/\/abaa.mx\/tienda\/\"},{\"@type\":\"ListItem\",\"position\":2,\"name\":\"Tienda\",\"item\":\"https:\/\/abaa.mx\/tienda\/\"},{\"@type\":\"ListItem\",\"position\":3,\"name\":\"man\u00f3metro digital baker b50500, 0 a 500 psi\"}]},{\"@type\":\"WebSite\",\"@id\":\"https:\/\/abaa.mx\/tienda\/#website\",\"url\":\"https:\/\/abaa.mx\/tienda\/\",\"name\":\"Abaa tienda online\",\"description\":\"Instrumentos de medici\u00f3n\",\"publisher\":{\"@id\":\"https:\/\/abaa.mx\/tienda\/#organization\"},\"potentialAction\":[{\"@type\":\"SearchAction\",\"target\":{\"@type\":\"EntryPoint\",\"urlTemplate\":\"https:\/\/abaa.mx\/tienda\/?s={search_term_string}\"},\"query-input\":{\"@type\":\"PropertyValueSpecification\",\"valueRequired\":true,\"valueName\":\"search_term_string\"}}],\"inLanguage\":\"es\"},{\"@type\":\"Organization\",\"@id\":\"https:\/\/abaa.mx\/tienda\/#organization\",\"name\":\"Abaa tienda online\",\"url\":\"https:\/\/abaa.mx\/tienda\/\",\"logo\":{\"@type\":\"ImageObject\",\"inLanguage\":\"es\",\"@id\":\"https:\/\/abaa.mx\/tienda\/#\/schema\/logo\/image\/\",\"url\":\"https:\/\/abaa.mx\/tienda\/wp-content\/uploads\/2024\/01\/abaa-metrologia-tienda.png\",\"contentUrl\":\"https:\/\/abaa.mx\/tienda\/wp-content\/uploads\/2024\/01\/abaa-metrologia-tienda.png\",\"width\":300,\"height\":141,\"caption\":\"Abaa tienda online\"},\"image\":{\"@id\":\"https:\/\/abaa.mx\/tienda\/#\/schema\/logo\/image\/\"}}]}<\/script>\n<!-- \/ Yoast SEO plugin. -->","yoast_head_json":{"title":"man\u00f3metro digital baker b50500, 0 a 500 psi - Abaa tienda online","robots":{"index":"index","follow":"follow","max-snippet":"max-snippet:-1","max-image-preview":"max-image-preview:large","max-video-preview":"max-video-preview:-1"},"canonical":"https:\/\/abaa.mx\/tienda\/manometro-digital-baker-b50500-0-a-500-psi\/","og_locale":"es_MX","og_type":"article","og_title":"man\u00f3metro digital baker b50500, 0 a 500 psi - Abaa tienda online","og_description":"Muestra presi\u00f3n en tiempo real con tiempos de respuesta cortos y excelente estabilidad a largo plazo. Todas las piezas h\u00famedas de acero inoxidable hacen que estos medidores sean adecuados para una amplia variedad de l\u00edquidos industriales y medios gaseosos.  &nbsp;","og_url":"https:\/\/abaa.mx\/tienda\/manometro-digital-baker-b50500-0-a-500-psi\/","og_site_name":"Abaa tienda online","article_modified_time":"2023-09-26T16:00:08+00:00","og_image":[{"width":270,"height":374,"url":"https:\/\/abaa.mx\/tienda\/wp-content\/uploads\/2023\/09\/B50500.jpg","type":"image\/jpeg"}],"twitter_card":"summary_large_image","twitter_misc":{"Tiempo de lectura":"2 minutos"},"schema":{"@context":"https:\/\/schema.org","@graph":[{"@type":"WebPage","@id":"https:\/\/abaa.mx\/tienda\/manometro-digital-baker-b50500-0-a-500-psi\/","url":"https:\/\/abaa.mx\/tienda\/manometro-digital-baker-b50500-0-a-500-psi\/","name":"man\u00f3metro digital baker b50500, 0 a 500 psi - Abaa tienda online","isPartOf":{"@id":"https:\/\/abaa.mx\/tienda\/#website"},"primaryImageOfPage":{"@id":"https:\/\/abaa.mx\/tienda\/manometro-digital-baker-b50500-0-a-500-psi\/#primaryimage"},"image":{"@id":"https:\/\/abaa.mx\/tienda\/manometro-digital-baker-b50500-0-a-500-psi\/#primaryimage"},"thumbnailUrl":"https:\/\/abaa.mx\/tienda\/wp-content\/uploads\/2023\/09\/B50500.jpg","datePublished":"2023-09-26T16:00:07+00:00","dateModified":"2023-09-26T16:00:08+00:00","breadcrumb":{"@id":"https:\/\/abaa.mx\/tienda\/manometro-digital-baker-b50500-0-a-500-psi\/#breadcrumb"},"inLanguage":"es","potentialAction":[{"@type":"ReadAction","target":["https:\/\/abaa.mx\/tienda\/manometro-digital-baker-b50500-0-a-500-psi\/"]}]},{"@type":"ImageObject","inLanguage":"es","@id":"https:\/\/abaa.mx\/tienda\/manometro-digital-baker-b50500-0-a-500-psi\/#primaryimage","url":"https:\/\/abaa.mx\/tienda\/wp-content\/uploads\/2023\/09\/B50500.jpg","contentUrl":"https:\/\/abaa.mx\/tienda\/wp-content\/uploads\/2023\/09\/B50500.jpg","width":270,"height":374,"caption":"B50500"},{"@type":"BreadcrumbList","@id":"https:\/\/abaa.mx\/tienda\/manometro-digital-baker-b50500-0-a-500-psi\/#breadcrumb","itemListElement":[{"@type":"ListItem","position":1,"name":"Inicio","item":"https:\/\/abaa.mx\/tienda\/"},{"@type":"ListItem","position":2,"name":"Tienda","item":"https:\/\/abaa.mx\/tienda\/"},{"@type":"ListItem","position":3,"name":"man\u00f3metro digital baker b50500, 0 a 500 psi"}]},{"@type":"WebSite","@id":"https:\/\/abaa.mx\/tienda\/#website","url":"https:\/\/abaa.mx\/tienda\/","name":"Abaa tienda online","description":"Instrumentos de medici\u00f3n","publisher":{"@id":"https:\/\/abaa.mx\/tienda\/#organization"},"potentialAction":[{"@type":"SearchAction","target":{"@type":"EntryPoint","urlTemplate":"https:\/\/abaa.mx\/tienda\/?s={search_term_string}"},"query-input":{"@type":"PropertyValueSpecification","valueRequired":true,"valueName":"search_term_string"}}],"inLanguage":"es"},{"@type":"Organization","@id":"https:\/\/abaa.mx\/tienda\/#organization","name":"Abaa tienda online","url":"https:\/\/abaa.mx\/tienda\/","logo":{"@type":"ImageObject","inLanguage":"es","@id":"https:\/\/abaa.mx\/tienda\/#\/schema\/logo\/image\/","url":"https:\/\/abaa.mx\/tienda\/wp-content\/uploads\/2024\/01\/abaa-metrologia-tienda.png","contentUrl":"https:\/\/abaa.mx\/tienda\/wp-content\/uploads\/2024\/01\/abaa-metrologia-tienda.png","width":300,"height":141,"caption":"Abaa tienda online"},"image":{"@id":"https:\/\/abaa.mx\/tienda\/#\/schema\/logo\/image\/"}}]}},"_links":{"self":[{"href":"https:\/\/abaa.mx\/tienda\/wp-json\/wp\/v2\/product\/3007","targetHints":{"allow":["GET"]}}],"collection":[{"href":"https:\/\/abaa.mx\/tienda\/wp-json\/wp\/v2\/product"}],"about":[{"href":"https:\/\/abaa.mx\/tienda\/wp-json\/wp\/v2\/types\/product"}],"replies":[{"embeddable":true,"href":"https:\/\/abaa.mx\/tienda\/wp-json\/wp\/v2\/comments?post=3007"}],"wp:featuredmedia":[{"embeddable":true,"href":"https:\/\/abaa.mx\/tienda\/wp-json\/wp\/v2\/media\/3009"}],"wp:attachment":[{"href":"https:\/\/abaa.mx\/tienda\/wp-json\/wp\/v2\/media?parent=3007"}],"wp:term":[{"taxonomy":"product_brand","embeddable":true,"href":"https:\/\/abaa.mx\/tienda\/wp-json\/wp\/v2\/product_brand?post=3007"},{"taxonomy":"product_cat","embeddable":true,"href":"https:\/\/abaa.mx\/tienda\/wp-json\/wp\/v2\/product_cat?post=3007"},{"taxonomy":"product_tag","embeddable":true,"href":"https:\/\/abaa.mx\/tienda\/wp-json\/wp\/v2\/product_tag?post=3007"}],"curies":[{"name":"wp","href":"https:\/\/api.w.org\/{rel}","templated":true}]}}