{"id":2991,"date":"2023-09-26T15:46:36","date_gmt":"2023-09-26T15:46:36","guid":{"rendered":"https:\/\/abaa.mx\/tienda\/?post_type=product&#038;p=2991"},"modified":"2023-12-14T16:17:06","modified_gmt":"2023-12-14T16:17:06","slug":"an340-anemometro-psicrometro-datalogger-con-extension-de-1mto-con-diametro-18mm","status":"publish","type":"product","link":"https:\/\/abaa.mx\/tienda\/an340-anemometro-psicrometro-datalogger-con-extension-de-1mto-con-diametro-18mm\/","title":{"rendered":"An340-Anem\u00f3metro-psicrometro datalogger con extensi\u00f3n de 1mto. con di\u00e1metro 18mm."},"content":{"rendered":"<p>An340-Anem\u00f3metro-psicrometro datalogger con extensi\u00f3n de 1mto. con di\u00e1metro 18mm.<\/p>\n","protected":false},"excerpt":{"rendered":"<p><strong>Caracter\u00edsticas:<\/strong><\/p>\n<ul id=\"features\">\n<li><span>El sensor de paleta telesc\u00f3pico de 0,7 &#8220;(18 mm) de di\u00e1metro se extiende desde 1 pie (0,3 m) hasta 3,3 pies (1 m).<\/span><\/li>\n<li><span>Mide la velocidad del aire, el flujo de aire, la temperatura del aire, la humedad, el punto de roc\u00edo y el bulbo h\u00famedo.<\/span><\/li>\n<li><span>Almacene \/ recupere manualmente hasta 99 lecturas.<\/span><\/li>\n<li><span>Registra autom\u00e1ticamente hasta 12000 lecturas (2000 lecturas para cada par\u00e1metro) con fecha y hora de 12\/24 horas.<\/span><\/li>\n<li><span>Seleccione la frecuencia de muestreo de datos de 1 sa 4 h: 59 min: 59 s.<\/span><\/li>\n<li><span>M\u00edn. \/ M\u00e1x. \/ Promedio, retenci\u00f3n de datos y apagado autom\u00e1tico.<\/span><\/li>\n<li><span>Interfaz de PC incorporada.<\/span><\/li>\n<li><span>Completo con sonda de paleta mini externa, software compatible con Windows, cable USB, 6 bater\u00edas AAA y estuche r\u00edgido de transporte.<\/span><\/li>\n<\/ul>\n","protected":false},"featured_media":9858,"comment_status":"open","ping_status":"closed","template":"","meta":{"_joinchat":[]},"product_brand":[],"product_cat":[15],"product_tag":[],"class_list":{"0":"post-2991","1":"product","2":"type-product","3":"status-publish","4":"has-post-thumbnail","6":"product_cat-sin-categorizar","8":"first","9":"instock","10":"shipping-taxable","11":"product-type-simple"},"yoast_head":"<!-- This site is optimized with the Yoast SEO plugin v26.4 - https:\/\/yoast.com\/wordpress\/plugins\/seo\/ -->\n<title>An340-Anem\u00f3metro-psicrometro datalogger con extensi\u00f3n de 1mto. con di\u00e1metro 18mm. - Abaa tienda online<\/title>\n<meta name=\"robots\" content=\"index, follow, max-snippet:-1, max-image-preview:large, max-video-preview:-1\" \/>\n<link rel=\"canonical\" href=\"https:\/\/abaa.mx\/tienda\/an340-anemometro-psicrometro-datalogger-con-extension-de-1mto-con-diametro-18mm\/\" \/>\n<meta property=\"og:locale\" content=\"es_MX\" \/>\n<meta property=\"og:type\" content=\"article\" \/>\n<meta property=\"og:title\" content=\"An340-Anem\u00f3metro-psicrometro datalogger con extensi\u00f3n de 1mto. con di\u00e1metro 18mm. - Abaa tienda online\" \/>\n<meta property=\"og:description\" content=\"Caracter\u00edsticas:   El sensor de paleta telesc\u00f3pico de 0,7 &quot;(18 mm) de di\u00e1metro se extiende desde 1 pie (0,3 m) hasta 3,3 pies (1 m).  Mide la velocidad del aire, el flujo de aire, la temperatura del aire, la humedad, el punto de roc\u00edo y el bulbo h\u00famedo.  Almacene \/ recupere manualmente hasta 99 lecturas.  Registra autom\u00e1ticamente hasta 12000 lecturas (2000 lecturas para cada par\u00e1metro) con fecha y hora de 12\/24 horas.  Seleccione la frecuencia de muestreo de datos de 1 sa 4 h: 59 min: 59 s.  M\u00edn. \/ M\u00e1x. \/ Promedio, retenci\u00f3n de datos y apagado autom\u00e1tico.  Interfaz de PC incorporada.  Completo con sonda de paleta mini externa, software compatible con Windows, cable USB, 6 bater\u00edas AAA y estuche r\u00edgido de transporte.\" \/>\n<meta property=\"og:url\" content=\"https:\/\/abaa.mx\/tienda\/an340-anemometro-psicrometro-datalogger-con-extension-de-1mto-con-diametro-18mm\/\" \/>\n<meta property=\"og:site_name\" content=\"Abaa tienda online\" \/>\n<meta property=\"article:modified_time\" content=\"2023-12-14T16:17:06+00:00\" \/>\n<meta property=\"og:image\" content=\"https:\/\/abaa.mx\/tienda\/wp-content\/uploads\/2023\/09\/Datalogger-AN340.jpg\" \/>\n\t<meta property=\"og:image:width\" content=\"1024\" \/>\n\t<meta property=\"og:image:height\" content=\"1024\" \/>\n\t<meta property=\"og:image:type\" content=\"image\/jpeg\" \/>\n<meta name=\"twitter:card\" content=\"summary_large_image\" \/>\n<meta name=\"twitter:label1\" content=\"Tiempo de lectura\" \/>\n\t<meta name=\"twitter:data1\" content=\"1 minuto\" \/>\n<script type=\"application\/ld+json\" class=\"yoast-schema-graph\">{\"@context\":\"https:\/\/schema.org\",\"@graph\":[{\"@type\":\"WebPage\",\"@id\":\"https:\/\/abaa.mx\/tienda\/an340-anemometro-psicrometro-datalogger-con-extension-de-1mto-con-diametro-18mm\/\",\"url\":\"https:\/\/abaa.mx\/tienda\/an340-anemometro-psicrometro-datalogger-con-extension-de-1mto-con-diametro-18mm\/\",\"name\":\"An340-Anem\u00f3metro-psicrometro datalogger con extensi\u00f3n de 1mto. con di\u00e1metro 18mm. - Abaa tienda online\",\"isPartOf\":{\"@id\":\"https:\/\/abaa.mx\/tienda\/#website\"},\"primaryImageOfPage\":{\"@id\":\"https:\/\/abaa.mx\/tienda\/an340-anemometro-psicrometro-datalogger-con-extension-de-1mto-con-diametro-18mm\/#primaryimage\"},\"image\":{\"@id\":\"https:\/\/abaa.mx\/tienda\/an340-anemometro-psicrometro-datalogger-con-extension-de-1mto-con-diametro-18mm\/#primaryimage\"},\"thumbnailUrl\":\"https:\/\/abaa.mx\/tienda\/wp-content\/uploads\/2023\/09\/Datalogger-AN340.jpg\",\"datePublished\":\"2023-09-26T15:46:36+00:00\",\"dateModified\":\"2023-12-14T16:17:06+00:00\",\"breadcrumb\":{\"@id\":\"https:\/\/abaa.mx\/tienda\/an340-anemometro-psicrometro-datalogger-con-extension-de-1mto-con-diametro-18mm\/#breadcrumb\"},\"inLanguage\":\"es\",\"potentialAction\":[{\"@type\":\"ReadAction\",\"target\":[\"https:\/\/abaa.mx\/tienda\/an340-anemometro-psicrometro-datalogger-con-extension-de-1mto-con-diametro-18mm\/\"]}]},{\"@type\":\"ImageObject\",\"inLanguage\":\"es\",\"@id\":\"https:\/\/abaa.mx\/tienda\/an340-anemometro-psicrometro-datalogger-con-extension-de-1mto-con-diametro-18mm\/#primaryimage\",\"url\":\"https:\/\/abaa.mx\/tienda\/wp-content\/uploads\/2023\/09\/Datalogger-AN340.jpg\",\"contentUrl\":\"https:\/\/abaa.mx\/tienda\/wp-content\/uploads\/2023\/09\/Datalogger-AN340.jpg\",\"width\":1024,\"height\":1024,\"caption\":\"Datalogger AN340\"},{\"@type\":\"BreadcrumbList\",\"@id\":\"https:\/\/abaa.mx\/tienda\/an340-anemometro-psicrometro-datalogger-con-extension-de-1mto-con-diametro-18mm\/#breadcrumb\",\"itemListElement\":[{\"@type\":\"ListItem\",\"position\":1,\"name\":\"Inicio\",\"item\":\"https:\/\/abaa.mx\/tienda\/\"},{\"@type\":\"ListItem\",\"position\":2,\"name\":\"Tienda\",\"item\":\"https:\/\/abaa.mx\/tienda\/\"},{\"@type\":\"ListItem\",\"position\":3,\"name\":\"An340-Anem\u00f3metro-psicrometro datalogger con extensi\u00f3n de 1mto. con di\u00e1metro 18mm.\"}]},{\"@type\":\"WebSite\",\"@id\":\"https:\/\/abaa.mx\/tienda\/#website\",\"url\":\"https:\/\/abaa.mx\/tienda\/\",\"name\":\"Abaa tienda online\",\"description\":\"Instrumentos de medici\u00f3n\",\"publisher\":{\"@id\":\"https:\/\/abaa.mx\/tienda\/#organization\"},\"potentialAction\":[{\"@type\":\"SearchAction\",\"target\":{\"@type\":\"EntryPoint\",\"urlTemplate\":\"https:\/\/abaa.mx\/tienda\/?s={search_term_string}\"},\"query-input\":{\"@type\":\"PropertyValueSpecification\",\"valueRequired\":true,\"valueName\":\"search_term_string\"}}],\"inLanguage\":\"es\"},{\"@type\":\"Organization\",\"@id\":\"https:\/\/abaa.mx\/tienda\/#organization\",\"name\":\"Abaa tienda online\",\"url\":\"https:\/\/abaa.mx\/tienda\/\",\"logo\":{\"@type\":\"ImageObject\",\"inLanguage\":\"es\",\"@id\":\"https:\/\/abaa.mx\/tienda\/#\/schema\/logo\/image\/\",\"url\":\"https:\/\/abaa.mx\/tienda\/wp-content\/uploads\/2024\/01\/abaa-metrologia-tienda.png\",\"contentUrl\":\"https:\/\/abaa.mx\/tienda\/wp-content\/uploads\/2024\/01\/abaa-metrologia-tienda.png\",\"width\":300,\"height\":141,\"caption\":\"Abaa tienda online\"},\"image\":{\"@id\":\"https:\/\/abaa.mx\/tienda\/#\/schema\/logo\/image\/\"}}]}<\/script>\n<!-- \/ Yoast SEO plugin. -->","yoast_head_json":{"title":"An340-Anem\u00f3metro-psicrometro datalogger con extensi\u00f3n de 1mto. con di\u00e1metro 18mm. - Abaa tienda online","robots":{"index":"index","follow":"follow","max-snippet":"max-snippet:-1","max-image-preview":"max-image-preview:large","max-video-preview":"max-video-preview:-1"},"canonical":"https:\/\/abaa.mx\/tienda\/an340-anemometro-psicrometro-datalogger-con-extension-de-1mto-con-diametro-18mm\/","og_locale":"es_MX","og_type":"article","og_title":"An340-Anem\u00f3metro-psicrometro datalogger con extensi\u00f3n de 1mto. con di\u00e1metro 18mm. - Abaa tienda online","og_description":"Caracter\u00edsticas:   El sensor de paleta telesc\u00f3pico de 0,7 \"(18 mm) de di\u00e1metro se extiende desde 1 pie (0,3 m) hasta 3,3 pies (1 m).  Mide la velocidad del aire, el flujo de aire, la temperatura del aire, la humedad, el punto de roc\u00edo y el bulbo h\u00famedo.  Almacene \/ recupere manualmente hasta 99 lecturas.  Registra autom\u00e1ticamente hasta 12000 lecturas (2000 lecturas para cada par\u00e1metro) con fecha y hora de 12\/24 horas.  Seleccione la frecuencia de muestreo de datos de 1 sa 4 h: 59 min: 59 s.  M\u00edn. \/ M\u00e1x. \/ Promedio, retenci\u00f3n de datos y apagado autom\u00e1tico.  Interfaz de PC incorporada.  Completo con sonda de paleta mini externa, software compatible con Windows, cable USB, 6 bater\u00edas AAA y estuche r\u00edgido de transporte.","og_url":"https:\/\/abaa.mx\/tienda\/an340-anemometro-psicrometro-datalogger-con-extension-de-1mto-con-diametro-18mm\/","og_site_name":"Abaa tienda online","article_modified_time":"2023-12-14T16:17:06+00:00","og_image":[{"width":1024,"height":1024,"url":"https:\/\/abaa.mx\/tienda\/wp-content\/uploads\/2023\/09\/Datalogger-AN340.jpg","type":"image\/jpeg"}],"twitter_card":"summary_large_image","twitter_misc":{"Tiempo de lectura":"1 minuto"},"schema":{"@context":"https:\/\/schema.org","@graph":[{"@type":"WebPage","@id":"https:\/\/abaa.mx\/tienda\/an340-anemometro-psicrometro-datalogger-con-extension-de-1mto-con-diametro-18mm\/","url":"https:\/\/abaa.mx\/tienda\/an340-anemometro-psicrometro-datalogger-con-extension-de-1mto-con-diametro-18mm\/","name":"An340-Anem\u00f3metro-psicrometro datalogger con extensi\u00f3n de 1mto. con di\u00e1metro 18mm. - Abaa tienda online","isPartOf":{"@id":"https:\/\/abaa.mx\/tienda\/#website"},"primaryImageOfPage":{"@id":"https:\/\/abaa.mx\/tienda\/an340-anemometro-psicrometro-datalogger-con-extension-de-1mto-con-diametro-18mm\/#primaryimage"},"image":{"@id":"https:\/\/abaa.mx\/tienda\/an340-anemometro-psicrometro-datalogger-con-extension-de-1mto-con-diametro-18mm\/#primaryimage"},"thumbnailUrl":"https:\/\/abaa.mx\/tienda\/wp-content\/uploads\/2023\/09\/Datalogger-AN340.jpg","datePublished":"2023-09-26T15:46:36+00:00","dateModified":"2023-12-14T16:17:06+00:00","breadcrumb":{"@id":"https:\/\/abaa.mx\/tienda\/an340-anemometro-psicrometro-datalogger-con-extension-de-1mto-con-diametro-18mm\/#breadcrumb"},"inLanguage":"es","potentialAction":[{"@type":"ReadAction","target":["https:\/\/abaa.mx\/tienda\/an340-anemometro-psicrometro-datalogger-con-extension-de-1mto-con-diametro-18mm\/"]}]},{"@type":"ImageObject","inLanguage":"es","@id":"https:\/\/abaa.mx\/tienda\/an340-anemometro-psicrometro-datalogger-con-extension-de-1mto-con-diametro-18mm\/#primaryimage","url":"https:\/\/abaa.mx\/tienda\/wp-content\/uploads\/2023\/09\/Datalogger-AN340.jpg","contentUrl":"https:\/\/abaa.mx\/tienda\/wp-content\/uploads\/2023\/09\/Datalogger-AN340.jpg","width":1024,"height":1024,"caption":"Datalogger AN340"},{"@type":"BreadcrumbList","@id":"https:\/\/abaa.mx\/tienda\/an340-anemometro-psicrometro-datalogger-con-extension-de-1mto-con-diametro-18mm\/#breadcrumb","itemListElement":[{"@type":"ListItem","position":1,"name":"Inicio","item":"https:\/\/abaa.mx\/tienda\/"},{"@type":"ListItem","position":2,"name":"Tienda","item":"https:\/\/abaa.mx\/tienda\/"},{"@type":"ListItem","position":3,"name":"An340-Anem\u00f3metro-psicrometro datalogger con extensi\u00f3n de 1mto. con di\u00e1metro 18mm."}]},{"@type":"WebSite","@id":"https:\/\/abaa.mx\/tienda\/#website","url":"https:\/\/abaa.mx\/tienda\/","name":"Abaa tienda online","description":"Instrumentos de medici\u00f3n","publisher":{"@id":"https:\/\/abaa.mx\/tienda\/#organization"},"potentialAction":[{"@type":"SearchAction","target":{"@type":"EntryPoint","urlTemplate":"https:\/\/abaa.mx\/tienda\/?s={search_term_string}"},"query-input":{"@type":"PropertyValueSpecification","valueRequired":true,"valueName":"search_term_string"}}],"inLanguage":"es"},{"@type":"Organization","@id":"https:\/\/abaa.mx\/tienda\/#organization","name":"Abaa tienda online","url":"https:\/\/abaa.mx\/tienda\/","logo":{"@type":"ImageObject","inLanguage":"es","@id":"https:\/\/abaa.mx\/tienda\/#\/schema\/logo\/image\/","url":"https:\/\/abaa.mx\/tienda\/wp-content\/uploads\/2024\/01\/abaa-metrologia-tienda.png","contentUrl":"https:\/\/abaa.mx\/tienda\/wp-content\/uploads\/2024\/01\/abaa-metrologia-tienda.png","width":300,"height":141,"caption":"Abaa tienda online"},"image":{"@id":"https:\/\/abaa.mx\/tienda\/#\/schema\/logo\/image\/"}}]}},"_links":{"self":[{"href":"https:\/\/abaa.mx\/tienda\/wp-json\/wp\/v2\/product\/2991","targetHints":{"allow":["GET"]}}],"collection":[{"href":"https:\/\/abaa.mx\/tienda\/wp-json\/wp\/v2\/product"}],"about":[{"href":"https:\/\/abaa.mx\/tienda\/wp-json\/wp\/v2\/types\/product"}],"replies":[{"embeddable":true,"href":"https:\/\/abaa.mx\/tienda\/wp-json\/wp\/v2\/comments?post=2991"}],"wp:featuredmedia":[{"embeddable":true,"href":"https:\/\/abaa.mx\/tienda\/wp-json\/wp\/v2\/media\/9858"}],"wp:attachment":[{"href":"https:\/\/abaa.mx\/tienda\/wp-json\/wp\/v2\/media?parent=2991"}],"wp:term":[{"taxonomy":"product_brand","embeddable":true,"href":"https:\/\/abaa.mx\/tienda\/wp-json\/wp\/v2\/product_brand?post=2991"},{"taxonomy":"product_cat","embeddable":true,"href":"https:\/\/abaa.mx\/tienda\/wp-json\/wp\/v2\/product_cat?post=2991"},{"taxonomy":"product_tag","embeddable":true,"href":"https:\/\/abaa.mx\/tienda\/wp-json\/wp\/v2\/product_tag?post=2991"}],"curies":[{"name":"wp","href":"https:\/\/api.w.org\/{rel}","templated":true}]}}