{"id":2973,"date":"2023-09-26T15:26:43","date_gmt":"2023-09-26T15:26:43","guid":{"rendered":"https:\/\/abaa.mx\/tienda\/?post_type=product&#038;p=2973"},"modified":"2023-11-27T16:10:22","modified_gmt":"2023-11-27T16:10:22","slug":"calibrador-de-manometro-fluke-700rg07-12-a-500-psi","status":"publish","type":"product","link":"https:\/\/abaa.mx\/tienda\/calibrador-de-manometro-fluke-700rg07-12-a-500-psi\/","title":{"rendered":"Calibrador de man\u00f3metro fluke 700rg07, -12 a 500 psi"},"content":{"rendered":"<h4><\/h4>\n<p>Calibrador de man\u00f3metro resistente y de alta calidad para obtener resultados de prueba r\u00e1pidos y precisos, los usuarios pueden incluso combinarse f\u00e1cilmente con los kits de bomba 700PTPK o 700HTPK para obtener una soluci\u00f3n completa de prueba de presi\u00f3n de hasta 600 psi (40 bar) con la bomba neum\u00e1tica PTP-1 y hasta 10,000 psi (690 bar) con la bomba hidr\u00e1ulica HTP-2. Aumente la eficiencia registrando m\u00e1s de 8000 mediciones de presi\u00f3n en la memoria con el software 700G\/TRACK.<\/p>\n<p>&nbsp;<\/p>\n<p><strong>Funciones:<\/strong><\/p>\n<ul>\n<li>Medici\u00f3n de presi\u00f3n de precisi\u00f3n de \u00b110 inH<sub>2<\/sub>O a 10,000 psi (20 a 690 bar).<\/li>\n<li>Rangos de medici\u00f3n de presi\u00f3n absoluta 15, 30, 100, 300 psia.<\/li>\n<li>Precisi\u00f3n al 0,05% de la escala completa.<\/li>\n<li>Precisi\u00f3n de calibre de clase de referencia al 0,04% de la lectura.<\/li>\n<li>Construcci\u00f3n robusta y f\u00e1cil de usar para un rendimiento fiable.<\/li>\n<li>CSA; Clase 1, Div 2, clasificaci\u00f3n de grupos A-D.<\/li>\n<li>Clasificaci\u00f3n ATEX: II 3 G Ex nA IIB T6.<\/li>\n<li>Comb\u00ednelo con los kits de bomba 700PTPK o 700HTPK para obtener una soluci\u00f3n completa de prueba de presi\u00f3n de hasta 600 psi (40 bar) con la bomba neum\u00e1tica PTP-1 y hasta 10,000 psi (690 bar) con la bomba hidr\u00e1ulica HTP-2.<\/li>\n<li>Registre hasta 8493 mediciones de presi\u00f3n en la memoria (requiere software 700G\/TRACK).<\/li>\n<\/ul>\n<p>&nbsp;<\/p>\n<h4>Fluke 700RG07 Especificaciones<\/h4>\n<table class=\"table table-striped\">\n<tbody>\n<tr>\n<td>Gama<\/td>\n<td>-12 a 500 psi (-0,83 a 34 bar)<\/td>\n<\/tr>\n<tr>\n<td>Resoluci\u00f3n<\/td>\n<td>0,01 psi (0,001 bar)<\/td>\n<\/tr>\n<tr>\n<td>Exactitud<\/td>\n<td>Presi\u00f3n positiva: \u00b1 0,04 % de la lectura, +0,01 % del rango Vac\u00edo \u00b10,1 % del rango<\/td>\n<\/tr>\n<tr>\n<td>Presi\u00f3n de rotura<\/td>\n<td>2000 psi (138 bar)<\/td>\n<\/tr>\n<tr>\n<td>Conexi\u00f3n de presi\u00f3n<\/td>\n<td>1\/4&#8243; NPT macho<\/td>\n<\/tr>\n<tr>\n<td>Monitor<\/td>\n<td>5\/16 d\u00edgitos, gr\u00e1fico de barras de 53 segmentos de 0,65 mm (20,0 pulgadas) de alto, de 100 a &lt;&gt; %<\/td>\n<\/tr>\n<tr>\n<td>Poder<\/td>\n<td>3 pilas alcalinas AA<\/td>\n<\/tr>\n<tr>\n<td>Duraci\u00f3n de la bater\u00eda<\/td>\n<td>1500 horas sin luz de fondo (encendido continuo), 2000 horas a frecuencia de muestreo lenta<\/td>\n<\/tr>\n<tr>\n<td>Dimensiones<\/td>\n<td>5 x 4,5 x 1,5&#8243; (12,7 x 11,4 x 3,7 cm)<\/td>\n<\/tr>\n<\/tbody>\n<\/table>\n<p>&nbsp;<\/p>\n","protected":false},"excerpt":{"rendered":"<p class=\"short-description mhide ipad-view-setting\">Dise\u00f1ado para la calibraci\u00f3n de presi\u00f3n de campo, este calibrador de man\u00f3metro ofrece un rendimiento de alta calidad a la vez que es f\u00e1cil de usar. Ya sea que est\u00e9 conectando una bomba de prueba hidr\u00e1ulica o neum\u00e1tica, este calibrador de man\u00f3metro ofrece un rango de -12 a 100 psi\u21b5 (-0.83 a 6.9 bar).<\/p>\n<div class=\"row-fluid\">\n<div class=\"span12 mobile-pricing-box-padding\">\n<form id=\"19510\" accept-charset=\"utf-8\" action=\"https:\/\/www.globaltestsupply.com\/shop\/add\" method=\"post\" name=\"addTocartFunction\"><\/form>\n<\/div>\n<\/div>\n","protected":false},"featured_media":2980,"comment_status":"open","ping_status":"closed","template":"","meta":{"_joinchat":[]},"product_brand":[],"product_cat":[15],"product_tag":[],"class_list":{"0":"post-2973","1":"product","2":"type-product","3":"status-publish","4":"has-post-thumbnail","6":"product_cat-sin-categorizar","8":"first","9":"instock","10":"shipping-taxable","11":"product-type-simple"},"yoast_head":"<!-- This site is optimized with the Yoast SEO plugin v26.4 - https:\/\/yoast.com\/wordpress\/plugins\/seo\/ -->\n<title>Calibrador de man\u00f3metro fluke 700rg07, -12 a 500 psi - Abaa tienda online<\/title>\n<meta name=\"robots\" content=\"index, follow, max-snippet:-1, max-image-preview:large, max-video-preview:-1\" \/>\n<link rel=\"canonical\" href=\"https:\/\/abaa.mx\/tienda\/calibrador-de-manometro-fluke-700rg07-12-a-500-psi\/\" \/>\n<meta property=\"og:locale\" content=\"es_MX\" \/>\n<meta property=\"og:type\" content=\"article\" \/>\n<meta property=\"og:title\" content=\"Calibrador de man\u00f3metro fluke 700rg07, -12 a 500 psi - Abaa tienda online\" \/>\n<meta property=\"og:description\" content=\"Dise\u00f1ado para la calibraci\u00f3n de presi\u00f3n de campo, este calibrador de man\u00f3metro ofrece un rendimiento de alta calidad a la vez que es f\u00e1cil de usar. Ya sea que est\u00e9 conectando una bomba de prueba hidr\u00e1ulica o neum\u00e1tica, este calibrador de man\u00f3metro ofrece un rango de -12 a 100 psi\u21b5 (-0.83 a 6.9 bar).\" \/>\n<meta property=\"og:url\" content=\"https:\/\/abaa.mx\/tienda\/calibrador-de-manometro-fluke-700rg07-12-a-500-psi\/\" \/>\n<meta property=\"og:site_name\" content=\"Abaa tienda online\" \/>\n<meta property=\"article:modified_time\" content=\"2023-11-27T16:10:22+00:00\" \/>\n<meta property=\"og:image\" content=\"https:\/\/abaa.mx\/tienda\/wp-content\/uploads\/2023\/09\/700RG07.jpg\" \/>\n\t<meta property=\"og:image:width\" content=\"500\" \/>\n\t<meta property=\"og:image:height\" content=\"500\" \/>\n\t<meta property=\"og:image:type\" content=\"image\/jpeg\" \/>\n<meta name=\"twitter:card\" content=\"summary_large_image\" \/>\n<meta name=\"twitter:label1\" content=\"Tiempo de lectura\" \/>\n\t<meta name=\"twitter:data1\" content=\"2 minutos\" \/>\n<script type=\"application\/ld+json\" class=\"yoast-schema-graph\">{\"@context\":\"https:\/\/schema.org\",\"@graph\":[{\"@type\":\"WebPage\",\"@id\":\"https:\/\/abaa.mx\/tienda\/calibrador-de-manometro-fluke-700rg07-12-a-500-psi\/\",\"url\":\"https:\/\/abaa.mx\/tienda\/calibrador-de-manometro-fluke-700rg07-12-a-500-psi\/\",\"name\":\"Calibrador de man\u00f3metro fluke 700rg07, -12 a 500 psi - Abaa tienda online\",\"isPartOf\":{\"@id\":\"https:\/\/abaa.mx\/tienda\/#website\"},\"primaryImageOfPage\":{\"@id\":\"https:\/\/abaa.mx\/tienda\/calibrador-de-manometro-fluke-700rg07-12-a-500-psi\/#primaryimage\"},\"image\":{\"@id\":\"https:\/\/abaa.mx\/tienda\/calibrador-de-manometro-fluke-700rg07-12-a-500-psi\/#primaryimage\"},\"thumbnailUrl\":\"https:\/\/abaa.mx\/tienda\/wp-content\/uploads\/2023\/09\/700RG07.jpg\",\"datePublished\":\"2023-09-26T15:26:43+00:00\",\"dateModified\":\"2023-11-27T16:10:22+00:00\",\"breadcrumb\":{\"@id\":\"https:\/\/abaa.mx\/tienda\/calibrador-de-manometro-fluke-700rg07-12-a-500-psi\/#breadcrumb\"},\"inLanguage\":\"es\",\"potentialAction\":[{\"@type\":\"ReadAction\",\"target\":[\"https:\/\/abaa.mx\/tienda\/calibrador-de-manometro-fluke-700rg07-12-a-500-psi\/\"]}]},{\"@type\":\"ImageObject\",\"inLanguage\":\"es\",\"@id\":\"https:\/\/abaa.mx\/tienda\/calibrador-de-manometro-fluke-700rg07-12-a-500-psi\/#primaryimage\",\"url\":\"https:\/\/abaa.mx\/tienda\/wp-content\/uploads\/2023\/09\/700RG07.jpg\",\"contentUrl\":\"https:\/\/abaa.mx\/tienda\/wp-content\/uploads\/2023\/09\/700RG07.jpg\",\"width\":500,\"height\":500,\"caption\":\"fluke-700rg07-12-a-500-psi\"},{\"@type\":\"BreadcrumbList\",\"@id\":\"https:\/\/abaa.mx\/tienda\/calibrador-de-manometro-fluke-700rg07-12-a-500-psi\/#breadcrumb\",\"itemListElement\":[{\"@type\":\"ListItem\",\"position\":1,\"name\":\"Inicio\",\"item\":\"https:\/\/abaa.mx\/tienda\/\"},{\"@type\":\"ListItem\",\"position\":2,\"name\":\"Tienda\",\"item\":\"https:\/\/abaa.mx\/tienda\/\"},{\"@type\":\"ListItem\",\"position\":3,\"name\":\"Calibrador de man\u00f3metro fluke 700rg07, -12 a 500 psi\"}]},{\"@type\":\"WebSite\",\"@id\":\"https:\/\/abaa.mx\/tienda\/#website\",\"url\":\"https:\/\/abaa.mx\/tienda\/\",\"name\":\"Abaa tienda online\",\"description\":\"Instrumentos de medici\u00f3n\",\"publisher\":{\"@id\":\"https:\/\/abaa.mx\/tienda\/#organization\"},\"potentialAction\":[{\"@type\":\"SearchAction\",\"target\":{\"@type\":\"EntryPoint\",\"urlTemplate\":\"https:\/\/abaa.mx\/tienda\/?s={search_term_string}\"},\"query-input\":{\"@type\":\"PropertyValueSpecification\",\"valueRequired\":true,\"valueName\":\"search_term_string\"}}],\"inLanguage\":\"es\"},{\"@type\":\"Organization\",\"@id\":\"https:\/\/abaa.mx\/tienda\/#organization\",\"name\":\"Abaa tienda online\",\"url\":\"https:\/\/abaa.mx\/tienda\/\",\"logo\":{\"@type\":\"ImageObject\",\"inLanguage\":\"es\",\"@id\":\"https:\/\/abaa.mx\/tienda\/#\/schema\/logo\/image\/\",\"url\":\"https:\/\/abaa.mx\/tienda\/wp-content\/uploads\/2024\/01\/abaa-metrologia-tienda.png\",\"contentUrl\":\"https:\/\/abaa.mx\/tienda\/wp-content\/uploads\/2024\/01\/abaa-metrologia-tienda.png\",\"width\":300,\"height\":141,\"caption\":\"Abaa tienda online\"},\"image\":{\"@id\":\"https:\/\/abaa.mx\/tienda\/#\/schema\/logo\/image\/\"}}]}<\/script>\n<!-- \/ Yoast SEO plugin. -->","yoast_head_json":{"title":"Calibrador de man\u00f3metro fluke 700rg07, -12 a 500 psi - Abaa tienda online","robots":{"index":"index","follow":"follow","max-snippet":"max-snippet:-1","max-image-preview":"max-image-preview:large","max-video-preview":"max-video-preview:-1"},"canonical":"https:\/\/abaa.mx\/tienda\/calibrador-de-manometro-fluke-700rg07-12-a-500-psi\/","og_locale":"es_MX","og_type":"article","og_title":"Calibrador de man\u00f3metro fluke 700rg07, -12 a 500 psi - Abaa tienda online","og_description":"Dise\u00f1ado para la calibraci\u00f3n de presi\u00f3n de campo, este calibrador de man\u00f3metro ofrece un rendimiento de alta calidad a la vez que es f\u00e1cil de usar. Ya sea que est\u00e9 conectando una bomba de prueba hidr\u00e1ulica o neum\u00e1tica, este calibrador de man\u00f3metro ofrece un rango de -12 a 100 psi\u21b5 (-0.83 a 6.9 bar).","og_url":"https:\/\/abaa.mx\/tienda\/calibrador-de-manometro-fluke-700rg07-12-a-500-psi\/","og_site_name":"Abaa tienda online","article_modified_time":"2023-11-27T16:10:22+00:00","og_image":[{"width":500,"height":500,"url":"https:\/\/abaa.mx\/tienda\/wp-content\/uploads\/2023\/09\/700RG07.jpg","type":"image\/jpeg"}],"twitter_card":"summary_large_image","twitter_misc":{"Tiempo de lectura":"2 minutos"},"schema":{"@context":"https:\/\/schema.org","@graph":[{"@type":"WebPage","@id":"https:\/\/abaa.mx\/tienda\/calibrador-de-manometro-fluke-700rg07-12-a-500-psi\/","url":"https:\/\/abaa.mx\/tienda\/calibrador-de-manometro-fluke-700rg07-12-a-500-psi\/","name":"Calibrador de man\u00f3metro fluke 700rg07, -12 a 500 psi - Abaa tienda online","isPartOf":{"@id":"https:\/\/abaa.mx\/tienda\/#website"},"primaryImageOfPage":{"@id":"https:\/\/abaa.mx\/tienda\/calibrador-de-manometro-fluke-700rg07-12-a-500-psi\/#primaryimage"},"image":{"@id":"https:\/\/abaa.mx\/tienda\/calibrador-de-manometro-fluke-700rg07-12-a-500-psi\/#primaryimage"},"thumbnailUrl":"https:\/\/abaa.mx\/tienda\/wp-content\/uploads\/2023\/09\/700RG07.jpg","datePublished":"2023-09-26T15:26:43+00:00","dateModified":"2023-11-27T16:10:22+00:00","breadcrumb":{"@id":"https:\/\/abaa.mx\/tienda\/calibrador-de-manometro-fluke-700rg07-12-a-500-psi\/#breadcrumb"},"inLanguage":"es","potentialAction":[{"@type":"ReadAction","target":["https:\/\/abaa.mx\/tienda\/calibrador-de-manometro-fluke-700rg07-12-a-500-psi\/"]}]},{"@type":"ImageObject","inLanguage":"es","@id":"https:\/\/abaa.mx\/tienda\/calibrador-de-manometro-fluke-700rg07-12-a-500-psi\/#primaryimage","url":"https:\/\/abaa.mx\/tienda\/wp-content\/uploads\/2023\/09\/700RG07.jpg","contentUrl":"https:\/\/abaa.mx\/tienda\/wp-content\/uploads\/2023\/09\/700RG07.jpg","width":500,"height":500,"caption":"fluke-700rg07-12-a-500-psi"},{"@type":"BreadcrumbList","@id":"https:\/\/abaa.mx\/tienda\/calibrador-de-manometro-fluke-700rg07-12-a-500-psi\/#breadcrumb","itemListElement":[{"@type":"ListItem","position":1,"name":"Inicio","item":"https:\/\/abaa.mx\/tienda\/"},{"@type":"ListItem","position":2,"name":"Tienda","item":"https:\/\/abaa.mx\/tienda\/"},{"@type":"ListItem","position":3,"name":"Calibrador de man\u00f3metro fluke 700rg07, -12 a 500 psi"}]},{"@type":"WebSite","@id":"https:\/\/abaa.mx\/tienda\/#website","url":"https:\/\/abaa.mx\/tienda\/","name":"Abaa tienda online","description":"Instrumentos de medici\u00f3n","publisher":{"@id":"https:\/\/abaa.mx\/tienda\/#organization"},"potentialAction":[{"@type":"SearchAction","target":{"@type":"EntryPoint","urlTemplate":"https:\/\/abaa.mx\/tienda\/?s={search_term_string}"},"query-input":{"@type":"PropertyValueSpecification","valueRequired":true,"valueName":"search_term_string"}}],"inLanguage":"es"},{"@type":"Organization","@id":"https:\/\/abaa.mx\/tienda\/#organization","name":"Abaa tienda online","url":"https:\/\/abaa.mx\/tienda\/","logo":{"@type":"ImageObject","inLanguage":"es","@id":"https:\/\/abaa.mx\/tienda\/#\/schema\/logo\/image\/","url":"https:\/\/abaa.mx\/tienda\/wp-content\/uploads\/2024\/01\/abaa-metrologia-tienda.png","contentUrl":"https:\/\/abaa.mx\/tienda\/wp-content\/uploads\/2024\/01\/abaa-metrologia-tienda.png","width":300,"height":141,"caption":"Abaa tienda online"},"image":{"@id":"https:\/\/abaa.mx\/tienda\/#\/schema\/logo\/image\/"}}]}},"_links":{"self":[{"href":"https:\/\/abaa.mx\/tienda\/wp-json\/wp\/v2\/product\/2973","targetHints":{"allow":["GET"]}}],"collection":[{"href":"https:\/\/abaa.mx\/tienda\/wp-json\/wp\/v2\/product"}],"about":[{"href":"https:\/\/abaa.mx\/tienda\/wp-json\/wp\/v2\/types\/product"}],"replies":[{"embeddable":true,"href":"https:\/\/abaa.mx\/tienda\/wp-json\/wp\/v2\/comments?post=2973"}],"wp:featuredmedia":[{"embeddable":true,"href":"https:\/\/abaa.mx\/tienda\/wp-json\/wp\/v2\/media\/2980"}],"wp:attachment":[{"href":"https:\/\/abaa.mx\/tienda\/wp-json\/wp\/v2\/media?parent=2973"}],"wp:term":[{"taxonomy":"product_brand","embeddable":true,"href":"https:\/\/abaa.mx\/tienda\/wp-json\/wp\/v2\/product_brand?post=2973"},{"taxonomy":"product_cat","embeddable":true,"href":"https:\/\/abaa.mx\/tienda\/wp-json\/wp\/v2\/product_cat?post=2973"},{"taxonomy":"product_tag","embeddable":true,"href":"https:\/\/abaa.mx\/tienda\/wp-json\/wp\/v2\/product_tag?post=2973"}],"curies":[{"name":"wp","href":"https:\/\/api.w.org\/{rel}","templated":true}]}}