{"id":2926,"date":"2023-09-25T21:29:07","date_gmt":"2023-09-25T21:29:07","guid":{"rendered":"https:\/\/abaa.mx\/tienda\/?post_type=product&#038;p=2926"},"modified":"2023-11-27T17:09:58","modified_gmt":"2023-11-27T17:09:58","slug":"calibrador-de-temperatura-fluke-724-2","status":"publish","type":"product","link":"https:\/\/abaa.mx\/tienda\/calibrador-de-temperatura-fluke-724-2\/","title":{"rendered":"Calibrador de temperatura fluke 724"},"content":{"rendered":"<h4><\/h4>\n<p>Pruebe y calibre todos los sensores y transmisores de temperatura en su planta con solo este calibrador de temperatura. Este instrumento es f\u00e1cil de usar, y fuentes y mide 12 termopares y siete tipos RTD, adem\u00e1s de voltios y ohmios. Adem\u00e1s, esta herramienta tambi\u00e9n maneja circuitos RTD pulsados de alta velocidad y proporciona alimentaci\u00f3n de bucle. Cuenta con una pantalla de medici\u00f3n \/ fuente de doble l\u00ednea que permite a los usuarios obtener temperatura y ver la corriente del bucle simult\u00e1neamente y controles de &#8220;sin men\u00fas&#8221;.<\/p>\n<p>&nbsp;<\/p>\n<p><strong>Funciones<\/strong><\/p>\n<ul>\n<li>La pantalla dual f\u00e1cil de leer le permite ver la entrada y la salida simult\u00e1neamente.<\/li>\n<li>Mida RTD, termopares, ohmios y voltios para probar sensores y transmisores.<\/li>\n<li>Fuente\/simulaci\u00f3n de termopares, RTD, voltios y ohmios para calibrar transmisores.<\/li>\n<li>Realice pruebas de linealidad r\u00e1pidas con pasos del 25% y 100%.<\/li>\n<li>Ejecute pruebas remotas con paso autom\u00e1tico y rampa autom\u00e1tica.<\/li>\n<li>Transmisores de potencia durante la prueba utilizando fuente de alimentaci\u00f3n de bucle con medici\u00f3n simult\u00e1nea de mA.<\/li>\n<li>Almacenar configuraciones de prueba de uso frecuente para su uso posterior.<\/li>\n<li>La luz de fondo te permite trabajar con poca luz.<\/li>\n<li>Gran capacidad de bater\u00eda de cuatro celdas AA.<\/li>\n<li>Tapa de la bater\u00eda para facilitar los cambios.<\/li>\n<li>Una forma compacta y aerodin\u00e1mica que facilita su transporte.<\/li>\n<li>Un dise\u00f1o robusto y fiable que resiste el uso en el campo.<\/li>\n<\/ul>\n<p>&nbsp;<\/p>\n<h4>Especificaciones de Fluke 724<\/h4>\n<table class=\"table table-striped\">\n<tbody>\n<tr>\n<td colspan=\"2\"><strong>Precisi\u00f3n de medici\u00f3n<\/strong><\/td>\n<\/tr>\n<tr>\n<td>Voltaje DC<\/td>\n<td>30.000 V: 0.02% + 2 recuentos (pantalla superior) 20.000 V: 0.02% + 2 recuentos (pantalla inferior) 100.00 mV: 0.02% + 2 recuentos<br \/>\n-10.00 a 75.00 mV: 0.025% + 1 conteo (a trav\u00e9s del conector TC)<\/td>\n<\/tr>\n<tr>\n<td>DC actual<\/td>\n<td>24.000 mA: 0,02% + 2 recuentos<\/td>\n<\/tr>\n<tr>\n<td>Resistencia<\/td>\n<td>0 a 400,0 \u03a9: 0,1 \u03a9 (4 hilos), 0,15 \u03a9 (2 y 3 hilos) 401 a 1500 \u03a9: 0,5 \u03a9 (4 hilos), 1 \u03a9 (2 y 3 hilos) 1500 a 3200 \u03a9: 1 \u03a9 (4 hilos), 1,5 \u03a9 (2 y 3 hilos)<\/td>\n<\/tr>\n<tr>\n<td colspan=\"2\"><strong>Precisi\u00f3n de la fuente<\/strong><\/td>\n<\/tr>\n<tr>\n<td>Voltaje DC<\/td>\n<td>100,00 mV: 0,02% +2 recuentos 10.000 V: 0,02% +2 recuentos<\/p>\n<p>\u201310,00 a 75,00 mV: 0,025% + 1 recuento (a trav\u00e9s del conector TC)<\/td>\n<\/tr>\n<tr>\n<td>Resistencia<\/td>\n<td>15.0 a 400.0 \u03a9: 0.15 \u03a9 (exc. corriente 0.15 a 0.5 mA), 0.1 \u03a9 (exc. corriente 0.5 a 2 mA) 401 a 1500 \u03a9: 0.5 \u03a9 (corriente de excitaci\u00f3n 0.05 a 0.8 mA) 1500 a 3200 \u03a9: 1 \u03a9 (corriente de excitaci\u00f3n 0.05 a 0.4 mA)<\/td>\n<\/tr>\n<tr>\n<td colspan=\"2\"><strong>Funciones<\/strong><\/td>\n<\/tr>\n<tr>\n<td>Funciones de rampa<\/td>\n<td>Funciones de la fuente: Voltaje, corriente, resistencia, frecuencia, temperatura<br \/>\nRampas: rampa lenta, rampa r\u00e1pida, 25% rampa escalonada<\/td>\n<\/tr>\n<tr>\n<td>Funci\u00f3n de potencia de bucle<\/td>\n<td>Voltaje: 24 V<br \/>\nPrecisi\u00f3n: 10%<br \/>\nCorriente m\u00e1xima: 22 mA, cortocircuito protegido<\/td>\n<\/tr>\n<tr>\n<td>Funciones de paso<\/td>\n<td>Funciones de la fuente: voltaje, resistencia, temperatura<br \/>\nPasos: 25% del rango, 100% del rango<\/td>\n<\/tr>\n<tr>\n<td colspan=\"2\"><strong>Especificaciones ambientales<\/strong><\/td>\n<\/tr>\n<tr>\n<td>Temperatura de funcionamiento<\/td>\n<td>14 a 131\u00b0F (\u201310 a 55\u00b0C)<\/td>\n<\/tr>\n<tr>\n<td>Temperatura de almacenamiento<\/td>\n<td>-4 a 160\u00b0F (\u201320 a 71\u00b0C)<\/td>\n<\/tr>\n<tr>\n<td>Humedad (sin condensaci\u00f3n)<\/td>\n<td>90% = 50 a 86 \u00b0F (10 a 30 \u00b0C) 75% = 86 a 104 \u00b0F (30 a 40 \u00b0C) 45% = 104 a 122 \u00b0F (40 a 50 \u00b0C) 35% = 122 a 131 \u00b0F (50 a 55 \u00b0C)<\/td>\n<\/tr>\n<tr>\n<td colspan=\"2\"><strong>Especificaciones de seguridad<\/strong><\/td>\n<\/tr>\n<tr>\n<td>Clasificaci\u00f3n de seguridad<\/td>\n<td>CSA C22.2 No. 1010.1:1992<\/td>\n<\/tr>\n<tr>\n<td>EMC<\/td>\n<td>EN50082-1:1992 y EN55022:1994 Clase B<\/td>\n<\/tr>\n<\/tbody>\n<\/table>\n","protected":false},"excerpt":{"rendered":"<p class=\"short-description mhide ipad-view-setting\">Un calibrador de temperatura f\u00e1cil de usar que puede medir y obtener 12 termopares y siete tipos RTD, voltios y ohmios, lo que permite a los usuarios probar y calibrar una amplia variedad de instrumentos de temperatura. Adem\u00e1s, esta herramienta tambi\u00e9n maneja circuitos RTD pulsados de alta velocidad y ofrece alimentaci\u00f3n de bucle.<\/p>\n<div class=\"row-fluid\">\n<div class=\"span12 mobile-pricing-box-padding\">\n<form id=\"1346\" accept-charset=\"utf-8\" action=\"https:\/\/www.globaltestsupply.com\/shop\/add\" method=\"post\" name=\"addTocartFunction\">\n<div><\/div>\n<\/form>\n<\/div>\n<\/div>\n","protected":false},"featured_media":2934,"comment_status":"open","ping_status":"closed","template":"","meta":{"_joinchat":[]},"product_brand":[],"product_cat":[15],"product_tag":[],"class_list":{"0":"post-2926","1":"product","2":"type-product","3":"status-publish","4":"has-post-thumbnail","6":"product_cat-sin-categorizar","8":"first","9":"instock","10":"shipping-taxable","11":"product-type-simple"},"yoast_head":"<!-- This site is optimized with the Yoast SEO plugin v26.4 - https:\/\/yoast.com\/wordpress\/plugins\/seo\/ -->\n<title>Calibrador de temperatura fluke 724 - Abaa tienda online<\/title>\n<meta name=\"robots\" content=\"index, follow, max-snippet:-1, max-image-preview:large, max-video-preview:-1\" \/>\n<link rel=\"canonical\" href=\"https:\/\/abaa.mx\/tienda\/calibrador-de-temperatura-fluke-724-2\/\" \/>\n<meta property=\"og:locale\" content=\"es_MX\" \/>\n<meta property=\"og:type\" content=\"article\" \/>\n<meta property=\"og:title\" content=\"Calibrador de temperatura fluke 724 - Abaa tienda online\" \/>\n<meta property=\"og:description\" content=\"Un calibrador de temperatura f\u00e1cil de usar que puede medir y obtener 12 termopares y siete tipos RTD, voltios y ohmios, lo que permite a los usuarios probar y calibrar una amplia variedad de instrumentos de temperatura. Adem\u00e1s, esta herramienta tambi\u00e9n maneja circuitos RTD pulsados de alta velocidad y ofrece alimentaci\u00f3n de bucle.\" \/>\n<meta property=\"og:url\" content=\"https:\/\/abaa.mx\/tienda\/calibrador-de-temperatura-fluke-724-2\/\" \/>\n<meta property=\"og:site_name\" content=\"Abaa tienda online\" \/>\n<meta property=\"article:modified_time\" content=\"2023-11-27T17:09:58+00:00\" \/>\n<meta property=\"og:image\" content=\"https:\/\/abaa.mx\/tienda\/wp-content\/uploads\/2023\/09\/724.1.jpg\" \/>\n\t<meta property=\"og:image:width\" content=\"380\" \/>\n\t<meta property=\"og:image:height\" content=\"452\" \/>\n\t<meta property=\"og:image:type\" content=\"image\/jpeg\" \/>\n<meta name=\"twitter:card\" content=\"summary_large_image\" \/>\n<meta name=\"twitter:label1\" content=\"Tiempo de lectura\" \/>\n\t<meta name=\"twitter:data1\" content=\"3 minutos\" \/>\n<script type=\"application\/ld+json\" class=\"yoast-schema-graph\">{\"@context\":\"https:\/\/schema.org\",\"@graph\":[{\"@type\":\"WebPage\",\"@id\":\"https:\/\/abaa.mx\/tienda\/calibrador-de-temperatura-fluke-724-2\/\",\"url\":\"https:\/\/abaa.mx\/tienda\/calibrador-de-temperatura-fluke-724-2\/\",\"name\":\"Calibrador de temperatura fluke 724 - Abaa tienda online\",\"isPartOf\":{\"@id\":\"https:\/\/abaa.mx\/tienda\/#website\"},\"primaryImageOfPage\":{\"@id\":\"https:\/\/abaa.mx\/tienda\/calibrador-de-temperatura-fluke-724-2\/#primaryimage\"},\"image\":{\"@id\":\"https:\/\/abaa.mx\/tienda\/calibrador-de-temperatura-fluke-724-2\/#primaryimage\"},\"thumbnailUrl\":\"https:\/\/abaa.mx\/tienda\/wp-content\/uploads\/2023\/09\/724.1.jpg\",\"datePublished\":\"2023-09-25T21:29:07+00:00\",\"dateModified\":\"2023-11-27T17:09:58+00:00\",\"breadcrumb\":{\"@id\":\"https:\/\/abaa.mx\/tienda\/calibrador-de-temperatura-fluke-724-2\/#breadcrumb\"},\"inLanguage\":\"es\",\"potentialAction\":[{\"@type\":\"ReadAction\",\"target\":[\"https:\/\/abaa.mx\/tienda\/calibrador-de-temperatura-fluke-724-2\/\"]}]},{\"@type\":\"ImageObject\",\"inLanguage\":\"es\",\"@id\":\"https:\/\/abaa.mx\/tienda\/calibrador-de-temperatura-fluke-724-2\/#primaryimage\",\"url\":\"https:\/\/abaa.mx\/tienda\/wp-content\/uploads\/2023\/09\/724.1.jpg\",\"contentUrl\":\"https:\/\/abaa.mx\/tienda\/wp-content\/uploads\/2023\/09\/724.1.jpg\",\"width\":380,\"height\":452,\"caption\":\"fluke-724-2\"},{\"@type\":\"BreadcrumbList\",\"@id\":\"https:\/\/abaa.mx\/tienda\/calibrador-de-temperatura-fluke-724-2\/#breadcrumb\",\"itemListElement\":[{\"@type\":\"ListItem\",\"position\":1,\"name\":\"Inicio\",\"item\":\"https:\/\/abaa.mx\/tienda\/\"},{\"@type\":\"ListItem\",\"position\":2,\"name\":\"Tienda\",\"item\":\"https:\/\/abaa.mx\/tienda\/\"},{\"@type\":\"ListItem\",\"position\":3,\"name\":\"Calibrador de temperatura fluke 724\"}]},{\"@type\":\"WebSite\",\"@id\":\"https:\/\/abaa.mx\/tienda\/#website\",\"url\":\"https:\/\/abaa.mx\/tienda\/\",\"name\":\"Abaa tienda online\",\"description\":\"Instrumentos de medici\u00f3n\",\"publisher\":{\"@id\":\"https:\/\/abaa.mx\/tienda\/#organization\"},\"potentialAction\":[{\"@type\":\"SearchAction\",\"target\":{\"@type\":\"EntryPoint\",\"urlTemplate\":\"https:\/\/abaa.mx\/tienda\/?s={search_term_string}\"},\"query-input\":{\"@type\":\"PropertyValueSpecification\",\"valueRequired\":true,\"valueName\":\"search_term_string\"}}],\"inLanguage\":\"es\"},{\"@type\":\"Organization\",\"@id\":\"https:\/\/abaa.mx\/tienda\/#organization\",\"name\":\"Abaa tienda online\",\"url\":\"https:\/\/abaa.mx\/tienda\/\",\"logo\":{\"@type\":\"ImageObject\",\"inLanguage\":\"es\",\"@id\":\"https:\/\/abaa.mx\/tienda\/#\/schema\/logo\/image\/\",\"url\":\"https:\/\/abaa.mx\/tienda\/wp-content\/uploads\/2024\/01\/abaa-metrologia-tienda.png\",\"contentUrl\":\"https:\/\/abaa.mx\/tienda\/wp-content\/uploads\/2024\/01\/abaa-metrologia-tienda.png\",\"width\":300,\"height\":141,\"caption\":\"Abaa tienda online\"},\"image\":{\"@id\":\"https:\/\/abaa.mx\/tienda\/#\/schema\/logo\/image\/\"}}]}<\/script>\n<!-- \/ Yoast SEO plugin. -->","yoast_head_json":{"title":"Calibrador de temperatura fluke 724 - Abaa tienda online","robots":{"index":"index","follow":"follow","max-snippet":"max-snippet:-1","max-image-preview":"max-image-preview:large","max-video-preview":"max-video-preview:-1"},"canonical":"https:\/\/abaa.mx\/tienda\/calibrador-de-temperatura-fluke-724-2\/","og_locale":"es_MX","og_type":"article","og_title":"Calibrador de temperatura fluke 724 - Abaa tienda online","og_description":"Un calibrador de temperatura f\u00e1cil de usar que puede medir y obtener 12 termopares y siete tipos RTD, voltios y ohmios, lo que permite a los usuarios probar y calibrar una amplia variedad de instrumentos de temperatura. Adem\u00e1s, esta herramienta tambi\u00e9n maneja circuitos RTD pulsados de alta velocidad y ofrece alimentaci\u00f3n de bucle.","og_url":"https:\/\/abaa.mx\/tienda\/calibrador-de-temperatura-fluke-724-2\/","og_site_name":"Abaa tienda online","article_modified_time":"2023-11-27T17:09:58+00:00","og_image":[{"width":380,"height":452,"url":"https:\/\/abaa.mx\/tienda\/wp-content\/uploads\/2023\/09\/724.1.jpg","type":"image\/jpeg"}],"twitter_card":"summary_large_image","twitter_misc":{"Tiempo de lectura":"3 minutos"},"schema":{"@context":"https:\/\/schema.org","@graph":[{"@type":"WebPage","@id":"https:\/\/abaa.mx\/tienda\/calibrador-de-temperatura-fluke-724-2\/","url":"https:\/\/abaa.mx\/tienda\/calibrador-de-temperatura-fluke-724-2\/","name":"Calibrador de temperatura fluke 724 - Abaa tienda online","isPartOf":{"@id":"https:\/\/abaa.mx\/tienda\/#website"},"primaryImageOfPage":{"@id":"https:\/\/abaa.mx\/tienda\/calibrador-de-temperatura-fluke-724-2\/#primaryimage"},"image":{"@id":"https:\/\/abaa.mx\/tienda\/calibrador-de-temperatura-fluke-724-2\/#primaryimage"},"thumbnailUrl":"https:\/\/abaa.mx\/tienda\/wp-content\/uploads\/2023\/09\/724.1.jpg","datePublished":"2023-09-25T21:29:07+00:00","dateModified":"2023-11-27T17:09:58+00:00","breadcrumb":{"@id":"https:\/\/abaa.mx\/tienda\/calibrador-de-temperatura-fluke-724-2\/#breadcrumb"},"inLanguage":"es","potentialAction":[{"@type":"ReadAction","target":["https:\/\/abaa.mx\/tienda\/calibrador-de-temperatura-fluke-724-2\/"]}]},{"@type":"ImageObject","inLanguage":"es","@id":"https:\/\/abaa.mx\/tienda\/calibrador-de-temperatura-fluke-724-2\/#primaryimage","url":"https:\/\/abaa.mx\/tienda\/wp-content\/uploads\/2023\/09\/724.1.jpg","contentUrl":"https:\/\/abaa.mx\/tienda\/wp-content\/uploads\/2023\/09\/724.1.jpg","width":380,"height":452,"caption":"fluke-724-2"},{"@type":"BreadcrumbList","@id":"https:\/\/abaa.mx\/tienda\/calibrador-de-temperatura-fluke-724-2\/#breadcrumb","itemListElement":[{"@type":"ListItem","position":1,"name":"Inicio","item":"https:\/\/abaa.mx\/tienda\/"},{"@type":"ListItem","position":2,"name":"Tienda","item":"https:\/\/abaa.mx\/tienda\/"},{"@type":"ListItem","position":3,"name":"Calibrador de temperatura fluke 724"}]},{"@type":"WebSite","@id":"https:\/\/abaa.mx\/tienda\/#website","url":"https:\/\/abaa.mx\/tienda\/","name":"Abaa tienda online","description":"Instrumentos de medici\u00f3n","publisher":{"@id":"https:\/\/abaa.mx\/tienda\/#organization"},"potentialAction":[{"@type":"SearchAction","target":{"@type":"EntryPoint","urlTemplate":"https:\/\/abaa.mx\/tienda\/?s={search_term_string}"},"query-input":{"@type":"PropertyValueSpecification","valueRequired":true,"valueName":"search_term_string"}}],"inLanguage":"es"},{"@type":"Organization","@id":"https:\/\/abaa.mx\/tienda\/#organization","name":"Abaa tienda online","url":"https:\/\/abaa.mx\/tienda\/","logo":{"@type":"ImageObject","inLanguage":"es","@id":"https:\/\/abaa.mx\/tienda\/#\/schema\/logo\/image\/","url":"https:\/\/abaa.mx\/tienda\/wp-content\/uploads\/2024\/01\/abaa-metrologia-tienda.png","contentUrl":"https:\/\/abaa.mx\/tienda\/wp-content\/uploads\/2024\/01\/abaa-metrologia-tienda.png","width":300,"height":141,"caption":"Abaa tienda online"},"image":{"@id":"https:\/\/abaa.mx\/tienda\/#\/schema\/logo\/image\/"}}]}},"_links":{"self":[{"href":"https:\/\/abaa.mx\/tienda\/wp-json\/wp\/v2\/product\/2926","targetHints":{"allow":["GET"]}}],"collection":[{"href":"https:\/\/abaa.mx\/tienda\/wp-json\/wp\/v2\/product"}],"about":[{"href":"https:\/\/abaa.mx\/tienda\/wp-json\/wp\/v2\/types\/product"}],"replies":[{"embeddable":true,"href":"https:\/\/abaa.mx\/tienda\/wp-json\/wp\/v2\/comments?post=2926"}],"wp:featuredmedia":[{"embeddable":true,"href":"https:\/\/abaa.mx\/tienda\/wp-json\/wp\/v2\/media\/2934"}],"wp:attachment":[{"href":"https:\/\/abaa.mx\/tienda\/wp-json\/wp\/v2\/media?parent=2926"}],"wp:term":[{"taxonomy":"product_brand","embeddable":true,"href":"https:\/\/abaa.mx\/tienda\/wp-json\/wp\/v2\/product_brand?post=2926"},{"taxonomy":"product_cat","embeddable":true,"href":"https:\/\/abaa.mx\/tienda\/wp-json\/wp\/v2\/product_cat?post=2926"},{"taxonomy":"product_tag","embeddable":true,"href":"https:\/\/abaa.mx\/tienda\/wp-json\/wp\/v2\/product_tag?post=2926"}],"curies":[{"name":"wp","href":"https:\/\/api.w.org\/{rel}","templated":true}]}}