{"id":2919,"date":"2023-09-25T20:53:50","date_gmt":"2023-09-25T20:53:50","guid":{"rendered":"https:\/\/abaa.mx\/tienda\/?post_type=product&#038;p=2919"},"modified":"2023-12-06T19:28:21","modified_gmt":"2023-12-06T19:28:21","slug":"manometro-baker-ahnc-5000p-lleno-de-glicerina-conexion-trasera-npt-de-0-5000-0-35-psi-000-kpa","status":"publish","type":"product","link":"https:\/\/abaa.mx\/tienda\/manometro-baker-ahnc-5000p-lleno-de-glicerina-conexion-trasera-npt-de-0-5000-0-35-psi-000-kpa\/","title":{"rendered":"Man\u00f3metro baker ahnc-5000p, lleno de glicerina, conexi\u00f3n trasera npt de 0-5000&#8221;, 0-35 psi-000-<>,<> kpa"},"content":{"rendered":"<p>Este man\u00f3metro tiene un dial de aluminio estampado de 2.5 &#8220;de di\u00e1metro y una caja de acero inoxidable pulido. Su relleno de glicerina proporciona un efecto amortiguador que minimiza las pulsaciones.<\/p>\n<div class=\"span10\">\n<div class=\"mhide ipad-view-setting\">\n<div class=\"row-fluid ProductTabs\">\n<div class=\"span12\">\n<div class=\"tab-content\">\n<div id=\"tab0\" class=\"product-tabs tab-pane active\">\n<p><strong>Funciones<\/strong><\/p>\n<ul>\n<li>Escalas duales de ingl\u00e9s\/m\u00e9tricas (psi\/kPa)<\/li>\n<li>Caja de acero inoxidable pulido<\/li>\n<li>Lente de vidrio, bisel prensado<\/li>\n<li>Tubo de bronce y z\u00f3calo de lat\u00f3n con movimiento de lat\u00f3n<\/li>\n<li>El relleno de glicerina proporciona un efecto amortiguador que minimiza las pulsaciones; lubrica continuamente el movimiento del medidor; y hace que este medidor sea ideal para entornos adversos<\/li>\n<\/ul>\n<p><strong>Aplicaciones<\/strong>Ideal para las siguientes aplicaciones: Monitoreo de procesos, Pruebas de l\u00ednea de producci\u00f3n, Laboratorios, Entornos adversos<\/p>\n<div class=\"span10\">\n<div class=\"mhide ipad-view-setting\">\n<div class=\"row-fluid ProductTabs\">\n<div class=\"span12\">\n<div class=\"tab-content\">\n<div id=\"tab1\" class=\"product-tabs tab-pane active\">\n<h4>Baker AHNC-5000P Especificaciones<\/h4>\n<table class=\"table table-striped\">\n<tbody>\n<tr>\n<td>Di\u00e1metro del dial<\/td>\n<td>2\u00bd&#8221;<\/td>\n<\/tr>\n<tr>\n<td>Rango de presi\u00f3n<\/td>\n<td>0-5000 psi\/0-35.000 kPa<\/td>\n<\/tr>\n<tr>\n<td>Exactitud<\/td>\n<td>\u00b11,6 % de precisi\u00f3n<\/td>\n<\/tr>\n<tr>\n<td>Conexi\u00f3n<\/td>\n<td>Montaje trasero NPT de 1\/4&#8243;<\/td>\n<\/tr>\n<tr>\n<td>Tipo de dial<\/td>\n<td>Equivalente<\/td>\n<\/tr>\n<tr>\n<td>Intervalos de figuras<\/td>\n<td>1000 psi<\/td>\n<\/tr>\n<tr>\n<td>Divisiones menores<\/td>\n<td>100 psi<\/td>\n<\/tr>\n<\/tbody>\n<\/table>\n<\/div>\n<\/div>\n<\/div>\n<\/div>\n<\/div>\n<\/div>\n<\/div>\n<\/div>\n<\/div>\n<\/div>\n<\/div>\n<\/div>\n","protected":false},"excerpt":{"rendered":"<p>Este man\u00f3metro tiene un dial de aluminio estampado de 2.5 &#8220;de di\u00e1metro y una caja de acero inoxidable pulido. Su relleno de glicerina proporciona un efecto amortiguador que minimiza las pulsaciones.<\/p>\n","protected":false},"featured_media":2920,"comment_status":"open","ping_status":"closed","template":"","meta":{"_joinchat":[]},"product_brand":[],"product_cat":[15],"product_tag":[],"class_list":{"0":"post-2919","1":"product","2":"type-product","3":"status-publish","4":"has-post-thumbnail","6":"product_cat-sin-categorizar","8":"first","9":"instock","10":"shipping-taxable","11":"product-type-simple"},"yoast_head":"<!-- This site is optimized with the Yoast SEO plugin v26.4 - https:\/\/yoast.com\/wordpress\/plugins\/seo\/ -->\n<title>Man\u00f3metro baker ahnc-5000p, lleno de glicerina, conexi\u00f3n trasera npt de 0-5000&#039;&#039;, 0-35 psi-000-, kpa - Abaa tienda online<\/title>\n<meta name=\"robots\" content=\"index, follow, max-snippet:-1, max-image-preview:large, max-video-preview:-1\" \/>\n<link rel=\"canonical\" href=\"https:\/\/abaa.mx\/tienda\/manometro-baker-ahnc-5000p-lleno-de-glicerina-conexion-trasera-npt-de-0-5000-0-35-psi-000-kpa\/\" \/>\n<meta property=\"og:locale\" content=\"es_MX\" \/>\n<meta property=\"og:type\" content=\"article\" \/>\n<meta property=\"og:title\" content=\"Man\u00f3metro baker ahnc-5000p, lleno de glicerina, conexi\u00f3n trasera npt de 0-5000&#039;&#039;, 0-35 psi-000-, kpa - Abaa tienda online\" \/>\n<meta property=\"og:description\" content=\"Este man\u00f3metro tiene un dial de aluminio estampado de 2.5 &quot;de di\u00e1metro y una caja de acero inoxidable pulido. Su relleno de glicerina proporciona un efecto amortiguador que minimiza las pulsaciones.\" \/>\n<meta property=\"og:url\" content=\"https:\/\/abaa.mx\/tienda\/manometro-baker-ahnc-5000p-lleno-de-glicerina-conexion-trasera-npt-de-0-5000-0-35-psi-000-kpa\/\" \/>\n<meta property=\"og:site_name\" content=\"Abaa tienda online\" \/>\n<meta property=\"article:modified_time\" content=\"2023-12-06T19:28:21+00:00\" \/>\n<meta property=\"og:image\" content=\"https:\/\/abaa.mx\/tienda\/wp-content\/uploads\/2023\/09\/AHNC-5000P.jpg\" \/>\n\t<meta property=\"og:image:width\" content=\"270\" \/>\n\t<meta property=\"og:image:height\" content=\"274\" \/>\n\t<meta property=\"og:image:type\" content=\"image\/jpeg\" \/>\n<meta name=\"twitter:card\" content=\"summary_large_image\" \/>\n<meta name=\"twitter:label1\" content=\"Tiempo de lectura\" \/>\n\t<meta name=\"twitter:data1\" content=\"1 minuto\" \/>\n<script type=\"application\/ld+json\" class=\"yoast-schema-graph\">{\"@context\":\"https:\/\/schema.org\",\"@graph\":[{\"@type\":\"WebPage\",\"@id\":\"https:\/\/abaa.mx\/tienda\/manometro-baker-ahnc-5000p-lleno-de-glicerina-conexion-trasera-npt-de-0-5000-0-35-psi-000-kpa\/\",\"url\":\"https:\/\/abaa.mx\/tienda\/manometro-baker-ahnc-5000p-lleno-de-glicerina-conexion-trasera-npt-de-0-5000-0-35-psi-000-kpa\/\",\"name\":\"Man\u00f3metro baker ahnc-5000p, lleno de glicerina, conexi\u00f3n trasera npt de 0-5000'', 0-35 psi-000-, kpa - Abaa tienda online\",\"isPartOf\":{\"@id\":\"https:\/\/abaa.mx\/tienda\/#website\"},\"primaryImageOfPage\":{\"@id\":\"https:\/\/abaa.mx\/tienda\/manometro-baker-ahnc-5000p-lleno-de-glicerina-conexion-trasera-npt-de-0-5000-0-35-psi-000-kpa\/#primaryimage\"},\"image\":{\"@id\":\"https:\/\/abaa.mx\/tienda\/manometro-baker-ahnc-5000p-lleno-de-glicerina-conexion-trasera-npt-de-0-5000-0-35-psi-000-kpa\/#primaryimage\"},\"thumbnailUrl\":\"https:\/\/abaa.mx\/tienda\/wp-content\/uploads\/2023\/09\/AHNC-5000P.jpg\",\"datePublished\":\"2023-09-25T20:53:50+00:00\",\"dateModified\":\"2023-12-06T19:28:21+00:00\",\"breadcrumb\":{\"@id\":\"https:\/\/abaa.mx\/tienda\/manometro-baker-ahnc-5000p-lleno-de-glicerina-conexion-trasera-npt-de-0-5000-0-35-psi-000-kpa\/#breadcrumb\"},\"inLanguage\":\"es\",\"potentialAction\":[{\"@type\":\"ReadAction\",\"target\":[\"https:\/\/abaa.mx\/tienda\/manometro-baker-ahnc-5000p-lleno-de-glicerina-conexion-trasera-npt-de-0-5000-0-35-psi-000-kpa\/\"]}]},{\"@type\":\"ImageObject\",\"inLanguage\":\"es\",\"@id\":\"https:\/\/abaa.mx\/tienda\/manometro-baker-ahnc-5000p-lleno-de-glicerina-conexion-trasera-npt-de-0-5000-0-35-psi-000-kpa\/#primaryimage\",\"url\":\"https:\/\/abaa.mx\/tienda\/wp-content\/uploads\/2023\/09\/AHNC-5000P.jpg\",\"contentUrl\":\"https:\/\/abaa.mx\/tienda\/wp-content\/uploads\/2023\/09\/AHNC-5000P.jpg\",\"width\":270,\"height\":274,\"caption\":\"AHNC-5000P\"},{\"@type\":\"BreadcrumbList\",\"@id\":\"https:\/\/abaa.mx\/tienda\/manometro-baker-ahnc-5000p-lleno-de-glicerina-conexion-trasera-npt-de-0-5000-0-35-psi-000-kpa\/#breadcrumb\",\"itemListElement\":[{\"@type\":\"ListItem\",\"position\":1,\"name\":\"Inicio\",\"item\":\"https:\/\/abaa.mx\/tienda\/\"},{\"@type\":\"ListItem\",\"position\":2,\"name\":\"Tienda\",\"item\":\"https:\/\/abaa.mx\/tienda\/\"},{\"@type\":\"ListItem\",\"position\":3,\"name\":\"Man\u00f3metro baker ahnc-5000p, lleno de glicerina, conexi\u00f3n trasera npt de 0-5000&#8221;, 0-35 psi-000-, kpa\"}]},{\"@type\":\"WebSite\",\"@id\":\"https:\/\/abaa.mx\/tienda\/#website\",\"url\":\"https:\/\/abaa.mx\/tienda\/\",\"name\":\"Abaa tienda online\",\"description\":\"Instrumentos de medici\u00f3n\",\"publisher\":{\"@id\":\"https:\/\/abaa.mx\/tienda\/#organization\"},\"potentialAction\":[{\"@type\":\"SearchAction\",\"target\":{\"@type\":\"EntryPoint\",\"urlTemplate\":\"https:\/\/abaa.mx\/tienda\/?s={search_term_string}\"},\"query-input\":{\"@type\":\"PropertyValueSpecification\",\"valueRequired\":true,\"valueName\":\"search_term_string\"}}],\"inLanguage\":\"es\"},{\"@type\":\"Organization\",\"@id\":\"https:\/\/abaa.mx\/tienda\/#organization\",\"name\":\"Abaa tienda online\",\"url\":\"https:\/\/abaa.mx\/tienda\/\",\"logo\":{\"@type\":\"ImageObject\",\"inLanguage\":\"es\",\"@id\":\"https:\/\/abaa.mx\/tienda\/#\/schema\/logo\/image\/\",\"url\":\"https:\/\/abaa.mx\/tienda\/wp-content\/uploads\/2024\/01\/abaa-metrologia-tienda.png\",\"contentUrl\":\"https:\/\/abaa.mx\/tienda\/wp-content\/uploads\/2024\/01\/abaa-metrologia-tienda.png\",\"width\":300,\"height\":141,\"caption\":\"Abaa tienda online\"},\"image\":{\"@id\":\"https:\/\/abaa.mx\/tienda\/#\/schema\/logo\/image\/\"}}]}<\/script>\n<!-- \/ Yoast SEO plugin. -->","yoast_head_json":{"title":"Man\u00f3metro baker ahnc-5000p, lleno de glicerina, conexi\u00f3n trasera npt de 0-5000'', 0-35 psi-000-, kpa - Abaa tienda online","robots":{"index":"index","follow":"follow","max-snippet":"max-snippet:-1","max-image-preview":"max-image-preview:large","max-video-preview":"max-video-preview:-1"},"canonical":"https:\/\/abaa.mx\/tienda\/manometro-baker-ahnc-5000p-lleno-de-glicerina-conexion-trasera-npt-de-0-5000-0-35-psi-000-kpa\/","og_locale":"es_MX","og_type":"article","og_title":"Man\u00f3metro baker ahnc-5000p, lleno de glicerina, conexi\u00f3n trasera npt de 0-5000'', 0-35 psi-000-, kpa - Abaa tienda online","og_description":"Este man\u00f3metro tiene un dial de aluminio estampado de 2.5 \"de di\u00e1metro y una caja de acero inoxidable pulido. Su relleno de glicerina proporciona un efecto amortiguador que minimiza las pulsaciones.","og_url":"https:\/\/abaa.mx\/tienda\/manometro-baker-ahnc-5000p-lleno-de-glicerina-conexion-trasera-npt-de-0-5000-0-35-psi-000-kpa\/","og_site_name":"Abaa tienda online","article_modified_time":"2023-12-06T19:28:21+00:00","og_image":[{"width":270,"height":274,"url":"https:\/\/abaa.mx\/tienda\/wp-content\/uploads\/2023\/09\/AHNC-5000P.jpg","type":"image\/jpeg"}],"twitter_card":"summary_large_image","twitter_misc":{"Tiempo de lectura":"1 minuto"},"schema":{"@context":"https:\/\/schema.org","@graph":[{"@type":"WebPage","@id":"https:\/\/abaa.mx\/tienda\/manometro-baker-ahnc-5000p-lleno-de-glicerina-conexion-trasera-npt-de-0-5000-0-35-psi-000-kpa\/","url":"https:\/\/abaa.mx\/tienda\/manometro-baker-ahnc-5000p-lleno-de-glicerina-conexion-trasera-npt-de-0-5000-0-35-psi-000-kpa\/","name":"Man\u00f3metro baker ahnc-5000p, lleno de glicerina, conexi\u00f3n trasera npt de 0-5000'', 0-35 psi-000-, kpa - Abaa tienda online","isPartOf":{"@id":"https:\/\/abaa.mx\/tienda\/#website"},"primaryImageOfPage":{"@id":"https:\/\/abaa.mx\/tienda\/manometro-baker-ahnc-5000p-lleno-de-glicerina-conexion-trasera-npt-de-0-5000-0-35-psi-000-kpa\/#primaryimage"},"image":{"@id":"https:\/\/abaa.mx\/tienda\/manometro-baker-ahnc-5000p-lleno-de-glicerina-conexion-trasera-npt-de-0-5000-0-35-psi-000-kpa\/#primaryimage"},"thumbnailUrl":"https:\/\/abaa.mx\/tienda\/wp-content\/uploads\/2023\/09\/AHNC-5000P.jpg","datePublished":"2023-09-25T20:53:50+00:00","dateModified":"2023-12-06T19:28:21+00:00","breadcrumb":{"@id":"https:\/\/abaa.mx\/tienda\/manometro-baker-ahnc-5000p-lleno-de-glicerina-conexion-trasera-npt-de-0-5000-0-35-psi-000-kpa\/#breadcrumb"},"inLanguage":"es","potentialAction":[{"@type":"ReadAction","target":["https:\/\/abaa.mx\/tienda\/manometro-baker-ahnc-5000p-lleno-de-glicerina-conexion-trasera-npt-de-0-5000-0-35-psi-000-kpa\/"]}]},{"@type":"ImageObject","inLanguage":"es","@id":"https:\/\/abaa.mx\/tienda\/manometro-baker-ahnc-5000p-lleno-de-glicerina-conexion-trasera-npt-de-0-5000-0-35-psi-000-kpa\/#primaryimage","url":"https:\/\/abaa.mx\/tienda\/wp-content\/uploads\/2023\/09\/AHNC-5000P.jpg","contentUrl":"https:\/\/abaa.mx\/tienda\/wp-content\/uploads\/2023\/09\/AHNC-5000P.jpg","width":270,"height":274,"caption":"AHNC-5000P"},{"@type":"BreadcrumbList","@id":"https:\/\/abaa.mx\/tienda\/manometro-baker-ahnc-5000p-lleno-de-glicerina-conexion-trasera-npt-de-0-5000-0-35-psi-000-kpa\/#breadcrumb","itemListElement":[{"@type":"ListItem","position":1,"name":"Inicio","item":"https:\/\/abaa.mx\/tienda\/"},{"@type":"ListItem","position":2,"name":"Tienda","item":"https:\/\/abaa.mx\/tienda\/"},{"@type":"ListItem","position":3,"name":"Man\u00f3metro baker ahnc-5000p, lleno de glicerina, conexi\u00f3n trasera npt de 0-5000&#8221;, 0-35 psi-000-, kpa"}]},{"@type":"WebSite","@id":"https:\/\/abaa.mx\/tienda\/#website","url":"https:\/\/abaa.mx\/tienda\/","name":"Abaa tienda online","description":"Instrumentos de medici\u00f3n","publisher":{"@id":"https:\/\/abaa.mx\/tienda\/#organization"},"potentialAction":[{"@type":"SearchAction","target":{"@type":"EntryPoint","urlTemplate":"https:\/\/abaa.mx\/tienda\/?s={search_term_string}"},"query-input":{"@type":"PropertyValueSpecification","valueRequired":true,"valueName":"search_term_string"}}],"inLanguage":"es"},{"@type":"Organization","@id":"https:\/\/abaa.mx\/tienda\/#organization","name":"Abaa tienda online","url":"https:\/\/abaa.mx\/tienda\/","logo":{"@type":"ImageObject","inLanguage":"es","@id":"https:\/\/abaa.mx\/tienda\/#\/schema\/logo\/image\/","url":"https:\/\/abaa.mx\/tienda\/wp-content\/uploads\/2024\/01\/abaa-metrologia-tienda.png","contentUrl":"https:\/\/abaa.mx\/tienda\/wp-content\/uploads\/2024\/01\/abaa-metrologia-tienda.png","width":300,"height":141,"caption":"Abaa tienda online"},"image":{"@id":"https:\/\/abaa.mx\/tienda\/#\/schema\/logo\/image\/"}}]}},"_links":{"self":[{"href":"https:\/\/abaa.mx\/tienda\/wp-json\/wp\/v2\/product\/2919","targetHints":{"allow":["GET"]}}],"collection":[{"href":"https:\/\/abaa.mx\/tienda\/wp-json\/wp\/v2\/product"}],"about":[{"href":"https:\/\/abaa.mx\/tienda\/wp-json\/wp\/v2\/types\/product"}],"replies":[{"embeddable":true,"href":"https:\/\/abaa.mx\/tienda\/wp-json\/wp\/v2\/comments?post=2919"}],"wp:featuredmedia":[{"embeddable":true,"href":"https:\/\/abaa.mx\/tienda\/wp-json\/wp\/v2\/media\/2920"}],"wp:attachment":[{"href":"https:\/\/abaa.mx\/tienda\/wp-json\/wp\/v2\/media?parent=2919"}],"wp:term":[{"taxonomy":"product_brand","embeddable":true,"href":"https:\/\/abaa.mx\/tienda\/wp-json\/wp\/v2\/product_brand?post=2919"},{"taxonomy":"product_cat","embeddable":true,"href":"https:\/\/abaa.mx\/tienda\/wp-json\/wp\/v2\/product_cat?post=2919"},{"taxonomy":"product_tag","embeddable":true,"href":"https:\/\/abaa.mx\/tienda\/wp-json\/wp\/v2\/product_tag?post=2919"}],"curies":[{"name":"wp","href":"https:\/\/api.w.org\/{rel}","templated":true}]}}