{"id":2913,"date":"2023-09-25T20:56:33","date_gmt":"2023-09-25T20:56:33","guid":{"rendered":"https:\/\/abaa.mx\/tienda\/?post_type=product&#038;p=2913"},"modified":"2023-11-28T19:07:38","modified_gmt":"2023-11-28T19:07:38","slug":"calibrador-de-temperatura-fluke-724","status":"publish","type":"product","link":"https:\/\/abaa.mx\/tienda\/calibrador-de-temperatura-fluke-724\/","title":{"rendered":"Alcoholimetro digital pasivo iblow 10"},"content":{"rendered":"<p>Alcoholimetro digital pasivo iblow 10.<\/p>\n","protected":false},"excerpt":{"rendered":"<p><strong>Tipo de sensor<\/strong>:<\/p>\n<ul>\n<li>Sensor Suracell (sensor de pila de combustible).<\/li>\n<\/ul>\n<p><strong>Bater\u00eda:<\/strong><\/p>\n<ul>\n<li>Bater\u00eda alcalina tama\u00f1o AA 6EA o bater\u00eda recargable 6EA.<\/li>\n<\/ul>\n<p><strong>Peso: <\/strong><\/p>\n<ul>\n<li>370 g (incluidas las pilas).<\/li>\n<\/ul>\n<p><strong>Tama\u00f1o:<\/strong><\/p>\n<ul>\n<li>44,5 mm (ancho) X 276 mm (alto) X 44,5 mm (grosor) Resultado de la prueba.<\/li>\n<\/ul>\n<p><strong>Alerta LED:<\/strong><\/p>\n<ul>\n<li>Aprobado: Verde.<\/li>\n<li>Bajo: Rojo.<\/li>\n<li>Alto: Rojo parpadeante.<strong>Pantalla FND:<\/strong>\u00a00,00\/Bajo\/Alto o resultado num\u00e9rico (Mostrar \u201cHI\u201d en el modo de resultado num\u00e9rico significa m\u00e1s de 1,00 g\/L)\n<p><strong>Alarma de zumbador:<\/strong><\/li>\n<li>Aprobado: 1 tiempo del pitido.<\/li>\n<li>Bajo: Repetici\u00f3n de un pitido corto.<\/li>\n<li>Alto: Repetici\u00f3n de un pitido largo.<\/li>\n<li>tiempo de calentamiento: Dentro de 10 segundos.<\/li>\n<li>Tiempo de an\u00e1lisis: En 2 segundos (a una concentraci\u00f3n de 0,00).<\/li>\n<li>Prueba m\u00e1xima: 12 veces \/ 1 minuto.<\/li>\n<li>Temperatura de trabajo: 5\u00b0C ~ 55\u00b0C.<\/li>\n<li>Temperatura de almacenamiento: -10\u00b0C ~ 60\u00b0C.<\/li>\n<li>Boquilla: Tapa de soplado (tipo de cono pasivo reemplazable y lavable)<\/li>\n<li>Apagado autom\u00e1tico: Ajustable de 30 a 900 segundos.<\/li>\n<li>Tiempo de duraci\u00f3n para la visualizaci\u00f3n: Ajustable de 1 a 3 segundos.<\/li>\n<li>Per\u00edodo de calibraci\u00f3n: Cada 5000 pruebas o 12 meses, lo que ocurra primero (predeterminado de f\u00e1brica).<\/li>\n<li>Funci\u00f3n adicional: Visualizaci\u00f3n del nivel de la bater\u00eda.<\/li>\n<li>Recordatorio de calibraci\u00f3n y per\u00edodo de gracia.<\/li>\n<li>Protecci\u00f3n de calibraci\u00f3n mediante conexi\u00f3n de PC.<\/li>\n<li>Iluminaci\u00f3n LED.<\/li>\n<\/ul>\n<p>&nbsp;<\/p>\n","protected":false},"featured_media":9458,"comment_status":"open","ping_status":"closed","template":"","meta":{"_joinchat":[]},"product_brand":[],"product_cat":[15],"product_tag":[],"class_list":{"0":"post-2913","1":"product","2":"type-product","3":"status-publish","4":"has-post-thumbnail","6":"product_cat-sin-categorizar","8":"first","9":"instock","10":"shipping-taxable","11":"product-type-simple"},"yoast_head":"<!-- This site is optimized with the Yoast SEO plugin v26.4 - https:\/\/yoast.com\/wordpress\/plugins\/seo\/ -->\n<title>Alcoholimetro digital pasivo iblow 10 - Abaa tienda online<\/title>\n<meta name=\"robots\" content=\"index, follow, max-snippet:-1, max-image-preview:large, max-video-preview:-1\" \/>\n<link rel=\"canonical\" href=\"https:\/\/abaa.mx\/tienda\/calibrador-de-temperatura-fluke-724\/\" \/>\n<meta property=\"og:locale\" content=\"es_MX\" \/>\n<meta property=\"og:type\" content=\"article\" \/>\n<meta property=\"og:title\" content=\"Alcoholimetro digital pasivo iblow 10 - Abaa tienda online\" \/>\n<meta property=\"og:description\" content=\"Tipo de sensor:   Sensor Suracell (sensor de pila de combustible).  Bater\u00eda:   Bater\u00eda alcalina tama\u00f1o AA 6EA o bater\u00eda recargable 6EA.  Peso:    370 g (incluidas las pilas).  Tama\u00f1o:   44,5 mm (ancho) X 276 mm (alto) X 44,5 mm (grosor) Resultado de la prueba.  Alerta LED:   Aprobado: Verde.  Bajo: Rojo.  Alto: Rojo parpadeante.Pantalla FND:\u00a00,00\/Bajo\/Alto o resultado num\u00e9rico (Mostrar \u201cHI\u201d en el modo de resultado num\u00e9rico significa m\u00e1s de 1,00 g\/L)  Alarma de zumbador:  Aprobado: 1 tiempo del pitido.  Bajo: Repetici\u00f3n de un pitido corto.  Alto: Repetici\u00f3n de un pitido largo.  tiempo de calentamiento: Dentro de 10 segundos.  Tiempo de an\u00e1lisis: En 2 segundos (a una concentraci\u00f3n de 0,00).  Prueba m\u00e1xima: 12 veces \/ 1 minuto.  Temperatura de trabajo: 5\u00b0C ~ 55\u00b0C.  Temperatura de almacenamiento: -10\u00b0C ~ 60\u00b0C.  Boquilla: Tapa de soplado (tipo de cono pasivo reemplazable y lavable)  Apagado autom\u00e1tico: Ajustable de 30 a 900 segundos.  Tiempo de duraci\u00f3n para la visualizaci\u00f3n: Ajustable de 1 a 3 segundos.  Per\u00edodo de calibraci\u00f3n: Cada 5000 pruebas o 12 meses, lo que ocurra primero (predeterminado de f\u00e1brica).  Funci\u00f3n adicional: Visualizaci\u00f3n del nivel de la bater\u00eda.  Recordatorio de calibraci\u00f3n y per\u00edodo de gracia.  Protecci\u00f3n de calibraci\u00f3n mediante conexi\u00f3n de PC.  Iluminaci\u00f3n LED.  &nbsp;\" \/>\n<meta property=\"og:url\" content=\"https:\/\/abaa.mx\/tienda\/calibrador-de-temperatura-fluke-724\/\" \/>\n<meta property=\"og:site_name\" content=\"Abaa tienda online\" \/>\n<meta property=\"article:modified_time\" content=\"2023-11-28T19:07:38+00:00\" \/>\n<meta property=\"og:image\" content=\"https:\/\/abaa.mx\/tienda\/wp-content\/uploads\/2023\/09\/Iblow-10.jpg\" \/>\n\t<meta property=\"og:image:width\" content=\"634\" \/>\n\t<meta property=\"og:image:height\" content=\"632\" \/>\n\t<meta property=\"og:image:type\" content=\"image\/jpeg\" \/>\n<meta name=\"twitter:card\" content=\"summary_large_image\" \/>\n<meta name=\"twitter:label1\" content=\"Tiempo de lectura\" \/>\n\t<meta name=\"twitter:data1\" content=\"1 minuto\" \/>\n<script type=\"application\/ld+json\" class=\"yoast-schema-graph\">{\"@context\":\"https:\/\/schema.org\",\"@graph\":[{\"@type\":\"WebPage\",\"@id\":\"https:\/\/abaa.mx\/tienda\/calibrador-de-temperatura-fluke-724\/\",\"url\":\"https:\/\/abaa.mx\/tienda\/calibrador-de-temperatura-fluke-724\/\",\"name\":\"Alcoholimetro digital pasivo iblow 10 - Abaa tienda online\",\"isPartOf\":{\"@id\":\"https:\/\/abaa.mx\/tienda\/#website\"},\"primaryImageOfPage\":{\"@id\":\"https:\/\/abaa.mx\/tienda\/calibrador-de-temperatura-fluke-724\/#primaryimage\"},\"image\":{\"@id\":\"https:\/\/abaa.mx\/tienda\/calibrador-de-temperatura-fluke-724\/#primaryimage\"},\"thumbnailUrl\":\"https:\/\/abaa.mx\/tienda\/wp-content\/uploads\/2023\/09\/Iblow-10.jpg\",\"datePublished\":\"2023-09-25T20:56:33+00:00\",\"dateModified\":\"2023-11-28T19:07:38+00:00\",\"breadcrumb\":{\"@id\":\"https:\/\/abaa.mx\/tienda\/calibrador-de-temperatura-fluke-724\/#breadcrumb\"},\"inLanguage\":\"es\",\"potentialAction\":[{\"@type\":\"ReadAction\",\"target\":[\"https:\/\/abaa.mx\/tienda\/calibrador-de-temperatura-fluke-724\/\"]}]},{\"@type\":\"ImageObject\",\"inLanguage\":\"es\",\"@id\":\"https:\/\/abaa.mx\/tienda\/calibrador-de-temperatura-fluke-724\/#primaryimage\",\"url\":\"https:\/\/abaa.mx\/tienda\/wp-content\/uploads\/2023\/09\/Iblow-10.jpg\",\"contentUrl\":\"https:\/\/abaa.mx\/tienda\/wp-content\/uploads\/2023\/09\/Iblow-10.jpg\",\"width\":634,\"height\":632,\"caption\":\"Iblow 10\"},{\"@type\":\"BreadcrumbList\",\"@id\":\"https:\/\/abaa.mx\/tienda\/calibrador-de-temperatura-fluke-724\/#breadcrumb\",\"itemListElement\":[{\"@type\":\"ListItem\",\"position\":1,\"name\":\"Inicio\",\"item\":\"https:\/\/abaa.mx\/tienda\/\"},{\"@type\":\"ListItem\",\"position\":2,\"name\":\"Tienda\",\"item\":\"https:\/\/abaa.mx\/tienda\/\"},{\"@type\":\"ListItem\",\"position\":3,\"name\":\"Alcoholimetro digital pasivo iblow 10\"}]},{\"@type\":\"WebSite\",\"@id\":\"https:\/\/abaa.mx\/tienda\/#website\",\"url\":\"https:\/\/abaa.mx\/tienda\/\",\"name\":\"Abaa tienda online\",\"description\":\"Instrumentos de medici\u00f3n\",\"publisher\":{\"@id\":\"https:\/\/abaa.mx\/tienda\/#organization\"},\"potentialAction\":[{\"@type\":\"SearchAction\",\"target\":{\"@type\":\"EntryPoint\",\"urlTemplate\":\"https:\/\/abaa.mx\/tienda\/?s={search_term_string}\"},\"query-input\":{\"@type\":\"PropertyValueSpecification\",\"valueRequired\":true,\"valueName\":\"search_term_string\"}}],\"inLanguage\":\"es\"},{\"@type\":\"Organization\",\"@id\":\"https:\/\/abaa.mx\/tienda\/#organization\",\"name\":\"Abaa tienda online\",\"url\":\"https:\/\/abaa.mx\/tienda\/\",\"logo\":{\"@type\":\"ImageObject\",\"inLanguage\":\"es\",\"@id\":\"https:\/\/abaa.mx\/tienda\/#\/schema\/logo\/image\/\",\"url\":\"https:\/\/abaa.mx\/tienda\/wp-content\/uploads\/2024\/01\/abaa-metrologia-tienda.png\",\"contentUrl\":\"https:\/\/abaa.mx\/tienda\/wp-content\/uploads\/2024\/01\/abaa-metrologia-tienda.png\",\"width\":300,\"height\":141,\"caption\":\"Abaa tienda online\"},\"image\":{\"@id\":\"https:\/\/abaa.mx\/tienda\/#\/schema\/logo\/image\/\"}}]}<\/script>\n<!-- \/ Yoast SEO plugin. -->","yoast_head_json":{"title":"Alcoholimetro digital pasivo iblow 10 - Abaa tienda online","robots":{"index":"index","follow":"follow","max-snippet":"max-snippet:-1","max-image-preview":"max-image-preview:large","max-video-preview":"max-video-preview:-1"},"canonical":"https:\/\/abaa.mx\/tienda\/calibrador-de-temperatura-fluke-724\/","og_locale":"es_MX","og_type":"article","og_title":"Alcoholimetro digital pasivo iblow 10 - Abaa tienda online","og_description":"Tipo de sensor:   Sensor Suracell (sensor de pila de combustible).  Bater\u00eda:   Bater\u00eda alcalina tama\u00f1o AA 6EA o bater\u00eda recargable 6EA.  Peso:    370 g (incluidas las pilas).  Tama\u00f1o:   44,5 mm (ancho) X 276 mm (alto) X 44,5 mm (grosor) Resultado de la prueba.  Alerta LED:   Aprobado: Verde.  Bajo: Rojo.  Alto: Rojo parpadeante.Pantalla FND:\u00a00,00\/Bajo\/Alto o resultado num\u00e9rico (Mostrar \u201cHI\u201d en el modo de resultado num\u00e9rico significa m\u00e1s de 1,00 g\/L)  Alarma de zumbador:  Aprobado: 1 tiempo del pitido.  Bajo: Repetici\u00f3n de un pitido corto.  Alto: Repetici\u00f3n de un pitido largo.  tiempo de calentamiento: Dentro de 10 segundos.  Tiempo de an\u00e1lisis: En 2 segundos (a una concentraci\u00f3n de 0,00).  Prueba m\u00e1xima: 12 veces \/ 1 minuto.  Temperatura de trabajo: 5\u00b0C ~ 55\u00b0C.  Temperatura de almacenamiento: -10\u00b0C ~ 60\u00b0C.  Boquilla: Tapa de soplado (tipo de cono pasivo reemplazable y lavable)  Apagado autom\u00e1tico: Ajustable de 30 a 900 segundos.  Tiempo de duraci\u00f3n para la visualizaci\u00f3n: Ajustable de 1 a 3 segundos.  Per\u00edodo de calibraci\u00f3n: Cada 5000 pruebas o 12 meses, lo que ocurra primero (predeterminado de f\u00e1brica).  Funci\u00f3n adicional: Visualizaci\u00f3n del nivel de la bater\u00eda.  Recordatorio de calibraci\u00f3n y per\u00edodo de gracia.  Protecci\u00f3n de calibraci\u00f3n mediante conexi\u00f3n de PC.  Iluminaci\u00f3n LED.  &nbsp;","og_url":"https:\/\/abaa.mx\/tienda\/calibrador-de-temperatura-fluke-724\/","og_site_name":"Abaa tienda online","article_modified_time":"2023-11-28T19:07:38+00:00","og_image":[{"width":634,"height":632,"url":"https:\/\/abaa.mx\/tienda\/wp-content\/uploads\/2023\/09\/Iblow-10.jpg","type":"image\/jpeg"}],"twitter_card":"summary_large_image","twitter_misc":{"Tiempo de lectura":"1 minuto"},"schema":{"@context":"https:\/\/schema.org","@graph":[{"@type":"WebPage","@id":"https:\/\/abaa.mx\/tienda\/calibrador-de-temperatura-fluke-724\/","url":"https:\/\/abaa.mx\/tienda\/calibrador-de-temperatura-fluke-724\/","name":"Alcoholimetro digital pasivo iblow 10 - Abaa tienda online","isPartOf":{"@id":"https:\/\/abaa.mx\/tienda\/#website"},"primaryImageOfPage":{"@id":"https:\/\/abaa.mx\/tienda\/calibrador-de-temperatura-fluke-724\/#primaryimage"},"image":{"@id":"https:\/\/abaa.mx\/tienda\/calibrador-de-temperatura-fluke-724\/#primaryimage"},"thumbnailUrl":"https:\/\/abaa.mx\/tienda\/wp-content\/uploads\/2023\/09\/Iblow-10.jpg","datePublished":"2023-09-25T20:56:33+00:00","dateModified":"2023-11-28T19:07:38+00:00","breadcrumb":{"@id":"https:\/\/abaa.mx\/tienda\/calibrador-de-temperatura-fluke-724\/#breadcrumb"},"inLanguage":"es","potentialAction":[{"@type":"ReadAction","target":["https:\/\/abaa.mx\/tienda\/calibrador-de-temperatura-fluke-724\/"]}]},{"@type":"ImageObject","inLanguage":"es","@id":"https:\/\/abaa.mx\/tienda\/calibrador-de-temperatura-fluke-724\/#primaryimage","url":"https:\/\/abaa.mx\/tienda\/wp-content\/uploads\/2023\/09\/Iblow-10.jpg","contentUrl":"https:\/\/abaa.mx\/tienda\/wp-content\/uploads\/2023\/09\/Iblow-10.jpg","width":634,"height":632,"caption":"Iblow 10"},{"@type":"BreadcrumbList","@id":"https:\/\/abaa.mx\/tienda\/calibrador-de-temperatura-fluke-724\/#breadcrumb","itemListElement":[{"@type":"ListItem","position":1,"name":"Inicio","item":"https:\/\/abaa.mx\/tienda\/"},{"@type":"ListItem","position":2,"name":"Tienda","item":"https:\/\/abaa.mx\/tienda\/"},{"@type":"ListItem","position":3,"name":"Alcoholimetro digital pasivo iblow 10"}]},{"@type":"WebSite","@id":"https:\/\/abaa.mx\/tienda\/#website","url":"https:\/\/abaa.mx\/tienda\/","name":"Abaa tienda online","description":"Instrumentos de medici\u00f3n","publisher":{"@id":"https:\/\/abaa.mx\/tienda\/#organization"},"potentialAction":[{"@type":"SearchAction","target":{"@type":"EntryPoint","urlTemplate":"https:\/\/abaa.mx\/tienda\/?s={search_term_string}"},"query-input":{"@type":"PropertyValueSpecification","valueRequired":true,"valueName":"search_term_string"}}],"inLanguage":"es"},{"@type":"Organization","@id":"https:\/\/abaa.mx\/tienda\/#organization","name":"Abaa tienda online","url":"https:\/\/abaa.mx\/tienda\/","logo":{"@type":"ImageObject","inLanguage":"es","@id":"https:\/\/abaa.mx\/tienda\/#\/schema\/logo\/image\/","url":"https:\/\/abaa.mx\/tienda\/wp-content\/uploads\/2024\/01\/abaa-metrologia-tienda.png","contentUrl":"https:\/\/abaa.mx\/tienda\/wp-content\/uploads\/2024\/01\/abaa-metrologia-tienda.png","width":300,"height":141,"caption":"Abaa tienda online"},"image":{"@id":"https:\/\/abaa.mx\/tienda\/#\/schema\/logo\/image\/"}}]}},"_links":{"self":[{"href":"https:\/\/abaa.mx\/tienda\/wp-json\/wp\/v2\/product\/2913","targetHints":{"allow":["GET"]}}],"collection":[{"href":"https:\/\/abaa.mx\/tienda\/wp-json\/wp\/v2\/product"}],"about":[{"href":"https:\/\/abaa.mx\/tienda\/wp-json\/wp\/v2\/types\/product"}],"replies":[{"embeddable":true,"href":"https:\/\/abaa.mx\/tienda\/wp-json\/wp\/v2\/comments?post=2913"}],"wp:featuredmedia":[{"embeddable":true,"href":"https:\/\/abaa.mx\/tienda\/wp-json\/wp\/v2\/media\/9458"}],"wp:attachment":[{"href":"https:\/\/abaa.mx\/tienda\/wp-json\/wp\/v2\/media?parent=2913"}],"wp:term":[{"taxonomy":"product_brand","embeddable":true,"href":"https:\/\/abaa.mx\/tienda\/wp-json\/wp\/v2\/product_brand?post=2913"},{"taxonomy":"product_cat","embeddable":true,"href":"https:\/\/abaa.mx\/tienda\/wp-json\/wp\/v2\/product_cat?post=2913"},{"taxonomy":"product_tag","embeddable":true,"href":"https:\/\/abaa.mx\/tienda\/wp-json\/wp\/v2\/product_tag?post=2913"}],"curies":[{"name":"wp","href":"https:\/\/api.w.org\/{rel}","templated":true}]}}