{"id":2890,"date":"2023-09-25T20:38:32","date_gmt":"2023-09-25T20:38:32","guid":{"rendered":"https:\/\/abaa.mx\/tienda\/?post_type=product&#038;p=2890"},"modified":"2023-11-27T17:35:23","modified_gmt":"2023-11-27T17:35:23","slug":"calibrador-de-bucle-fluke-705-0-28-v-025-de-precision","status":"publish","type":"product","link":"https:\/\/abaa.mx\/tienda\/calibrador-de-bucle-fluke-705-0-28-v-025-de-precision\/","title":{"rendered":"Calibrador de bucle fluke 705, 0-28 v, .025% de precisi\u00f3n"},"content":{"rendered":"<h4><\/h4>\n<p>Para obtener un potente calibrador de bucle a un precio muy asequible, elija el calibrador de bucle Fluke 705. Esta soluci\u00f3n rica en funciones para la calibraci\u00f3n, el mantenimiento y la reparaci\u00f3n de bucles.<\/p>\n<p>&nbsp;<\/p>\n<p><strong>Funciones:<\/strong><\/p>\n<ul>\n<li>mA precisi\u00f3n de 0.02%.<\/li>\n<li>Pulsador 25% pasos para comprobaciones de linealidad r\u00e1pidas y sencillas. Ahorre tiempo con respecto a los controles tradicionales de tipo perilla.<\/li>\n<li>&#8220;Span Check&#8221; para una confirmaci\u00f3n r\u00e1pida de cero y span.<\/li>\n<li>Rampa lenta, rampa r\u00e1pida y escal\u00f3n seleccionables para proporcionar salidas suaves para las pruebas funcionales de giro y bucle de v\u00e1lvulas.<\/li>\n<li>Fuente de bucle interno de 24 voltios, para que pueda alimentar y leer un transmisor al mismo tiempo sin llevar un DMM.<\/li>\n<li>Una sola bater\u00eda de 9V que se cambia f\u00e1cilmente.<\/li>\n<li>Modos de inicio predeterminados de 0 &#8211; 20 mA o 4 &#8211; 20 mA.<\/li>\n<li>Una pantalla grande y una interfaz simple de pulsador para facilitar su uso.<\/li>\n<li>Lectura simult\u00e1nea de mA y % para una interpretaci\u00f3n r\u00e1pida y f\u00e1cil de las lecturas.<\/li>\n<\/ul>\n<p>&nbsp;<\/p>\n<p><strong>Aplicaciones:<\/strong><\/p>\n<ul>\n<li>Petroqu\u00edmica.<\/li>\n<li>Petr\u00f3leo y Gas.<\/li>\n<li>Farmac\u00e9utico.<\/li>\n<li>Agua y aguas residuales.<\/li>\n<li>Alimentos y bebidas.<\/li>\n<li>Generaci\u00f3n de energ\u00eda.<\/li>\n<\/ul>\n<p>&nbsp;<\/p>\n<h4>Especificaciones de Fluke 705<\/h4>\n<table class=\"table table-striped\">\n<tbody>\n<tr>\n<td>Medici\u00f3n de corriente<\/td>\n<td>Rango: 0 a 24 mA, Resoluci\u00f3n: 0.001 mA, Precisi\u00f3n: 0.02% Rdg + 2 LSD<\/td>\n<\/tr>\n<tr>\n<td>Abastecimiento actual<\/td>\n<td>Rango: 0 a 20 mA o 4 a 20 mA, Precisi\u00f3n: 0.025% Rdg + 2 LSD, Capacidad de unidad: 1000 \u03a9 @ 24 mA<\/td>\n<\/tr>\n<tr>\n<td>Potencia de bucle<\/td>\n<td>Al medir mA, 24 V<\/td>\n<\/tr>\n<tr>\n<td>Medici\u00f3n de voltaje<\/td>\n<td>Rango: 0 a 28 V DC, Resoluci\u00f3n: 1 mV, Precisi\u00f3n: 0.025% Rdg + 2 LSD<\/td>\n<\/tr>\n<tr>\n<td>Temperatura de funcionamiento.<\/td>\n<td>-10 a 55 \u00b0C<\/td>\n<\/tr>\n<tr>\n<td>Humedad (sin condensaci\u00f3n)<\/td>\n<td>0 a 90% (0 a 35 \u00b0C); 0 a 70% (35 a 55 \u00b0C)<\/td>\n<\/tr>\n<tr>\n<td>Coeficiente de temperatura<\/td>\n<td>-10 a 18 \u00b0C, 28 a 55 \u00b0C, \u00b1.005% del rango por \u00b0C<\/td>\n<\/tr>\n<tr>\n<td>Seguridad<\/td>\n<td>CSA C22.2 No. 1010.1:1992<\/td>\n<\/tr>\n<tr>\n<td>EMC<\/td>\n<td>EN50082-1:1992 y EN55022:1994 Clase B<\/td>\n<\/tr>\n<tr>\n<td>Voltaje m\u00e1ximo<\/td>\n<td>30<\/td>\n<\/tr>\n<tr>\n<td>Tama\u00f1o<\/td>\n<td>152 x 70 x 41 mm<\/td>\n<\/tr>\n<tr>\n<td>Peso<\/td>\n<td>340g<\/td>\n<\/tr>\n<tr>\n<td>Bater\u00edas<\/td>\n<td>Una bater\u00eda de 9V<\/td>\n<\/tr>\n<tr>\n<td>Choque y vibraci\u00f3n<\/td>\n<td>seg\u00fan MIL-T-28800 para un instrumento de clase 2<\/td>\n<\/tr>\n<\/tbody>\n<\/table>\n","protected":false},"excerpt":{"rendered":"<p class=\"short-description mhide ipad-view-setting\">Gran pantalla e interfaz simple y de clic r\u00e1pido para una f\u00e1cil operaci\u00f3n con una sola mano. Lectura simult\u00e1nea de mA y % para una interpretaci\u00f3n r\u00e1pida y f\u00e1cil de las lecturas.<\/p>\n<div class=\"row-fluid\">\n<div class=\"span12 mobile-pricing-box-padding\">\n<form id=\"1334\" accept-charset=\"utf-8\" action=\"https:\/\/www.globaltestsupply.com\/shop\/add\" method=\"post\" name=\"addTocartFunction\">\n<div><\/div>\n<\/form>\n<\/div>\n<\/div>\n","protected":false},"featured_media":2907,"comment_status":"open","ping_status":"closed","template":"","meta":{"_joinchat":[]},"product_brand":[],"product_cat":[15],"product_tag":[],"class_list":{"0":"post-2890","1":"product","2":"type-product","3":"status-publish","4":"has-post-thumbnail","6":"product_cat-sin-categorizar","8":"first","9":"instock","10":"shipping-taxable","11":"product-type-simple"},"yoast_head":"<!-- This site is optimized with the Yoast SEO plugin v26.4 - https:\/\/yoast.com\/wordpress\/plugins\/seo\/ -->\n<title>Calibrador de bucle fluke 705, 0-28 v, .025% de precisi\u00f3n - Abaa tienda online<\/title>\n<meta name=\"robots\" content=\"index, follow, max-snippet:-1, max-image-preview:large, max-video-preview:-1\" \/>\n<link rel=\"canonical\" href=\"https:\/\/abaa.mx\/tienda\/calibrador-de-bucle-fluke-705-0-28-v-025-de-precision\/\" \/>\n<meta property=\"og:locale\" content=\"es_MX\" \/>\n<meta property=\"og:type\" content=\"article\" \/>\n<meta property=\"og:title\" content=\"Calibrador de bucle fluke 705, 0-28 v, .025% de precisi\u00f3n - Abaa tienda online\" \/>\n<meta property=\"og:description\" content=\"Gran pantalla e interfaz simple y de clic r\u00e1pido para una f\u00e1cil operaci\u00f3n con una sola mano. Lectura simult\u00e1nea de mA y % para una interpretaci\u00f3n r\u00e1pida y f\u00e1cil de las lecturas.\" \/>\n<meta property=\"og:url\" content=\"https:\/\/abaa.mx\/tienda\/calibrador-de-bucle-fluke-705-0-28-v-025-de-precision\/\" \/>\n<meta property=\"og:site_name\" content=\"Abaa tienda online\" \/>\n<meta property=\"article:modified_time\" content=\"2023-11-27T17:35:23+00:00\" \/>\n<meta property=\"og:image\" content=\"https:\/\/abaa.mx\/tienda\/wp-content\/uploads\/2023\/09\/705.jpg\" \/>\n\t<meta property=\"og:image:width\" content=\"600\" \/>\n\t<meta property=\"og:image:height\" content=\"600\" \/>\n\t<meta property=\"og:image:type\" content=\"image\/jpeg\" \/>\n<meta name=\"twitter:card\" content=\"summary_large_image\" \/>\n<meta name=\"twitter:label1\" content=\"Tiempo de lectura\" \/>\n\t<meta name=\"twitter:data1\" content=\"2 minutos\" \/>\n<script type=\"application\/ld+json\" class=\"yoast-schema-graph\">{\"@context\":\"https:\/\/schema.org\",\"@graph\":[{\"@type\":\"WebPage\",\"@id\":\"https:\/\/abaa.mx\/tienda\/calibrador-de-bucle-fluke-705-0-28-v-025-de-precision\/\",\"url\":\"https:\/\/abaa.mx\/tienda\/calibrador-de-bucle-fluke-705-0-28-v-025-de-precision\/\",\"name\":\"Calibrador de bucle fluke 705, 0-28 v, .025% de precisi\u00f3n - Abaa tienda online\",\"isPartOf\":{\"@id\":\"https:\/\/abaa.mx\/tienda\/#website\"},\"primaryImageOfPage\":{\"@id\":\"https:\/\/abaa.mx\/tienda\/calibrador-de-bucle-fluke-705-0-28-v-025-de-precision\/#primaryimage\"},\"image\":{\"@id\":\"https:\/\/abaa.mx\/tienda\/calibrador-de-bucle-fluke-705-0-28-v-025-de-precision\/#primaryimage\"},\"thumbnailUrl\":\"https:\/\/abaa.mx\/tienda\/wp-content\/uploads\/2023\/09\/705.jpg\",\"datePublished\":\"2023-09-25T20:38:32+00:00\",\"dateModified\":\"2023-11-27T17:35:23+00:00\",\"breadcrumb\":{\"@id\":\"https:\/\/abaa.mx\/tienda\/calibrador-de-bucle-fluke-705-0-28-v-025-de-precision\/#breadcrumb\"},\"inLanguage\":\"es\",\"potentialAction\":[{\"@type\":\"ReadAction\",\"target\":[\"https:\/\/abaa.mx\/tienda\/calibrador-de-bucle-fluke-705-0-28-v-025-de-precision\/\"]}]},{\"@type\":\"ImageObject\",\"inLanguage\":\"es\",\"@id\":\"https:\/\/abaa.mx\/tienda\/calibrador-de-bucle-fluke-705-0-28-v-025-de-precision\/#primaryimage\",\"url\":\"https:\/\/abaa.mx\/tienda\/wp-content\/uploads\/2023\/09\/705.jpg\",\"contentUrl\":\"https:\/\/abaa.mx\/tienda\/wp-content\/uploads\/2023\/09\/705.jpg\",\"width\":600,\"height\":600,\"caption\":\"fluke 705, 0-28 v, .025%\"},{\"@type\":\"BreadcrumbList\",\"@id\":\"https:\/\/abaa.mx\/tienda\/calibrador-de-bucle-fluke-705-0-28-v-025-de-precision\/#breadcrumb\",\"itemListElement\":[{\"@type\":\"ListItem\",\"position\":1,\"name\":\"Inicio\",\"item\":\"https:\/\/abaa.mx\/tienda\/\"},{\"@type\":\"ListItem\",\"position\":2,\"name\":\"Tienda\",\"item\":\"https:\/\/abaa.mx\/tienda\/\"},{\"@type\":\"ListItem\",\"position\":3,\"name\":\"Calibrador de bucle fluke 705, 0-28 v, .025% de precisi\u00f3n\"}]},{\"@type\":\"WebSite\",\"@id\":\"https:\/\/abaa.mx\/tienda\/#website\",\"url\":\"https:\/\/abaa.mx\/tienda\/\",\"name\":\"Abaa tienda online\",\"description\":\"Instrumentos de medici\u00f3n\",\"publisher\":{\"@id\":\"https:\/\/abaa.mx\/tienda\/#organization\"},\"potentialAction\":[{\"@type\":\"SearchAction\",\"target\":{\"@type\":\"EntryPoint\",\"urlTemplate\":\"https:\/\/abaa.mx\/tienda\/?s={search_term_string}\"},\"query-input\":{\"@type\":\"PropertyValueSpecification\",\"valueRequired\":true,\"valueName\":\"search_term_string\"}}],\"inLanguage\":\"es\"},{\"@type\":\"Organization\",\"@id\":\"https:\/\/abaa.mx\/tienda\/#organization\",\"name\":\"Abaa tienda online\",\"url\":\"https:\/\/abaa.mx\/tienda\/\",\"logo\":{\"@type\":\"ImageObject\",\"inLanguage\":\"es\",\"@id\":\"https:\/\/abaa.mx\/tienda\/#\/schema\/logo\/image\/\",\"url\":\"https:\/\/abaa.mx\/tienda\/wp-content\/uploads\/2024\/01\/abaa-metrologia-tienda.png\",\"contentUrl\":\"https:\/\/abaa.mx\/tienda\/wp-content\/uploads\/2024\/01\/abaa-metrologia-tienda.png\",\"width\":300,\"height\":141,\"caption\":\"Abaa tienda online\"},\"image\":{\"@id\":\"https:\/\/abaa.mx\/tienda\/#\/schema\/logo\/image\/\"}}]}<\/script>\n<!-- \/ Yoast SEO plugin. -->","yoast_head_json":{"title":"Calibrador de bucle fluke 705, 0-28 v, .025% de precisi\u00f3n - Abaa tienda online","robots":{"index":"index","follow":"follow","max-snippet":"max-snippet:-1","max-image-preview":"max-image-preview:large","max-video-preview":"max-video-preview:-1"},"canonical":"https:\/\/abaa.mx\/tienda\/calibrador-de-bucle-fluke-705-0-28-v-025-de-precision\/","og_locale":"es_MX","og_type":"article","og_title":"Calibrador de bucle fluke 705, 0-28 v, .025% de precisi\u00f3n - Abaa tienda online","og_description":"Gran pantalla e interfaz simple y de clic r\u00e1pido para una f\u00e1cil operaci\u00f3n con una sola mano. Lectura simult\u00e1nea de mA y % para una interpretaci\u00f3n r\u00e1pida y f\u00e1cil de las lecturas.","og_url":"https:\/\/abaa.mx\/tienda\/calibrador-de-bucle-fluke-705-0-28-v-025-de-precision\/","og_site_name":"Abaa tienda online","article_modified_time":"2023-11-27T17:35:23+00:00","og_image":[{"width":600,"height":600,"url":"https:\/\/abaa.mx\/tienda\/wp-content\/uploads\/2023\/09\/705.jpg","type":"image\/jpeg"}],"twitter_card":"summary_large_image","twitter_misc":{"Tiempo de lectura":"2 minutos"},"schema":{"@context":"https:\/\/schema.org","@graph":[{"@type":"WebPage","@id":"https:\/\/abaa.mx\/tienda\/calibrador-de-bucle-fluke-705-0-28-v-025-de-precision\/","url":"https:\/\/abaa.mx\/tienda\/calibrador-de-bucle-fluke-705-0-28-v-025-de-precision\/","name":"Calibrador de bucle fluke 705, 0-28 v, .025% de precisi\u00f3n - Abaa tienda online","isPartOf":{"@id":"https:\/\/abaa.mx\/tienda\/#website"},"primaryImageOfPage":{"@id":"https:\/\/abaa.mx\/tienda\/calibrador-de-bucle-fluke-705-0-28-v-025-de-precision\/#primaryimage"},"image":{"@id":"https:\/\/abaa.mx\/tienda\/calibrador-de-bucle-fluke-705-0-28-v-025-de-precision\/#primaryimage"},"thumbnailUrl":"https:\/\/abaa.mx\/tienda\/wp-content\/uploads\/2023\/09\/705.jpg","datePublished":"2023-09-25T20:38:32+00:00","dateModified":"2023-11-27T17:35:23+00:00","breadcrumb":{"@id":"https:\/\/abaa.mx\/tienda\/calibrador-de-bucle-fluke-705-0-28-v-025-de-precision\/#breadcrumb"},"inLanguage":"es","potentialAction":[{"@type":"ReadAction","target":["https:\/\/abaa.mx\/tienda\/calibrador-de-bucle-fluke-705-0-28-v-025-de-precision\/"]}]},{"@type":"ImageObject","inLanguage":"es","@id":"https:\/\/abaa.mx\/tienda\/calibrador-de-bucle-fluke-705-0-28-v-025-de-precision\/#primaryimage","url":"https:\/\/abaa.mx\/tienda\/wp-content\/uploads\/2023\/09\/705.jpg","contentUrl":"https:\/\/abaa.mx\/tienda\/wp-content\/uploads\/2023\/09\/705.jpg","width":600,"height":600,"caption":"fluke 705, 0-28 v, .025%"},{"@type":"BreadcrumbList","@id":"https:\/\/abaa.mx\/tienda\/calibrador-de-bucle-fluke-705-0-28-v-025-de-precision\/#breadcrumb","itemListElement":[{"@type":"ListItem","position":1,"name":"Inicio","item":"https:\/\/abaa.mx\/tienda\/"},{"@type":"ListItem","position":2,"name":"Tienda","item":"https:\/\/abaa.mx\/tienda\/"},{"@type":"ListItem","position":3,"name":"Calibrador de bucle fluke 705, 0-28 v, .025% de precisi\u00f3n"}]},{"@type":"WebSite","@id":"https:\/\/abaa.mx\/tienda\/#website","url":"https:\/\/abaa.mx\/tienda\/","name":"Abaa tienda online","description":"Instrumentos de medici\u00f3n","publisher":{"@id":"https:\/\/abaa.mx\/tienda\/#organization"},"potentialAction":[{"@type":"SearchAction","target":{"@type":"EntryPoint","urlTemplate":"https:\/\/abaa.mx\/tienda\/?s={search_term_string}"},"query-input":{"@type":"PropertyValueSpecification","valueRequired":true,"valueName":"search_term_string"}}],"inLanguage":"es"},{"@type":"Organization","@id":"https:\/\/abaa.mx\/tienda\/#organization","name":"Abaa tienda online","url":"https:\/\/abaa.mx\/tienda\/","logo":{"@type":"ImageObject","inLanguage":"es","@id":"https:\/\/abaa.mx\/tienda\/#\/schema\/logo\/image\/","url":"https:\/\/abaa.mx\/tienda\/wp-content\/uploads\/2024\/01\/abaa-metrologia-tienda.png","contentUrl":"https:\/\/abaa.mx\/tienda\/wp-content\/uploads\/2024\/01\/abaa-metrologia-tienda.png","width":300,"height":141,"caption":"Abaa tienda online"},"image":{"@id":"https:\/\/abaa.mx\/tienda\/#\/schema\/logo\/image\/"}}]}},"_links":{"self":[{"href":"https:\/\/abaa.mx\/tienda\/wp-json\/wp\/v2\/product\/2890","targetHints":{"allow":["GET"]}}],"collection":[{"href":"https:\/\/abaa.mx\/tienda\/wp-json\/wp\/v2\/product"}],"about":[{"href":"https:\/\/abaa.mx\/tienda\/wp-json\/wp\/v2\/types\/product"}],"replies":[{"embeddable":true,"href":"https:\/\/abaa.mx\/tienda\/wp-json\/wp\/v2\/comments?post=2890"}],"wp:featuredmedia":[{"embeddable":true,"href":"https:\/\/abaa.mx\/tienda\/wp-json\/wp\/v2\/media\/2907"}],"wp:attachment":[{"href":"https:\/\/abaa.mx\/tienda\/wp-json\/wp\/v2\/media?parent=2890"}],"wp:term":[{"taxonomy":"product_brand","embeddable":true,"href":"https:\/\/abaa.mx\/tienda\/wp-json\/wp\/v2\/product_brand?post=2890"},{"taxonomy":"product_cat","embeddable":true,"href":"https:\/\/abaa.mx\/tienda\/wp-json\/wp\/v2\/product_cat?post=2890"},{"taxonomy":"product_tag","embeddable":true,"href":"https:\/\/abaa.mx\/tienda\/wp-json\/wp\/v2\/product_tag?post=2890"}],"curies":[{"name":"wp","href":"https:\/\/api.w.org\/{rel}","templated":true}]}}