{"id":2889,"date":"2023-09-25T20:36:34","date_gmt":"2023-09-25T20:36:34","guid":{"rendered":"https:\/\/abaa.mx\/tienda\/?post_type=product&#038;p=2889"},"modified":"2023-11-27T17:39:32","modified_gmt":"2023-11-27T17:39:32","slug":"kit-de-calibrador-de-proceso-de-documentacion-fluke-754","status":"publish","type":"product","link":"https:\/\/abaa.mx\/tienda\/kit-de-calibrador-de-proceso-de-documentacion-fluke-754\/","title":{"rendered":"Kit de calibrador de proceso de documentaci\u00f3n fluke 754"},"content":{"rendered":"<p>Ya sea que est\u00e9 calibrando instrumentos, solucionando un problema o ejecutando un mantenimiento de rutina, este calibrador de procesos puede ayudarlo a realizar el trabajo m\u00e1s r\u00e1pido. Es capaz de hacer muchas tareas diferentes de forma r\u00e1pida y bien, es el \u00fanico calibrador que necesita llevar. Viene en un dise\u00f1o resistente y es ideal para calibrar, mantener y solucionar problemas de HART y otros instrumentos.<\/p>\n<p>Este es un calibrador de documentaci\u00f3n multifunci\u00f3n de potencia que puede utilizar para descargar procedimientos, listas e instrucciones creadas con software; o cargar datos para imprimirlos, archivarlos y analizarlos. La potente interfaz HART incorporada es capaz de realizar casi todas las tareas diarias que ahora realiza con un comunicador separado.<\/p>\n<p>De hecho, este calibrador de proceso de documentaci\u00f3n hace el trabajo de varias herramientas. Fuente, simula y mide presi\u00f3n, temperatura y se\u00f1ales el\u00e9ctricas con un dispositivo port\u00e1til resistente. Para la documentaci\u00f3n, el 754 automatiza los procedimientos de calibraci\u00f3n y captura sus datos. Y, por supuesto, le ayuda a cumplir con est\u00e1ndares rigurosos como ISO 9000, FDA, EPA y regulaciones de OSHA. Adem\u00e1s, la nueva pantalla gr\u00e1fica mejorada, la bater\u00eda de iones de litio para una vida \u00fatil m\u00e1s larga, el puerto USB y los accesorios lo ayudan a trabajar de manera m\u00e1s inteligente y r\u00e1pida. Para crear un sistema de gesti\u00f3n de calibraci\u00f3n sin fisuras\/sin papel, considere agregar el software DPCTrack2 Calibration Management de Fluke.<\/p>\n<p>&nbsp;<\/p>\n<p><strong>Funciones<\/strong><\/p>\n<ul>\n<li>Calibrador de proceso de documentaci\u00f3n completo con comunicaci\u00f3n HART para calibrar y solucionar problemas de instrumentaci\u00f3n HART.<\/li>\n<li>Mide voltios, mA, TD, termopares, frecuencia y ohmios para probar sensores, transmisores y m\u00e1s.<\/li>\n<li>Fuentes\/simula voltios, mA, termopares, RTD, frecuencia, ohmios y presi\u00f3n para calibrar transmisores.<\/li>\n<li>Alimenta los transmisores durante la prueba utilizando suministro de bucle con medici\u00f3n simult\u00e1nea de mA.<\/li>\n<li>Maneja transmisores rtd pulsados r\u00e1pidos y PLC, con pulsos tan cortos como 1 ms.<\/li>\n<li>Crea y ejecuta procedimientos automatizados seg\u00fan se encuentran\/seg\u00fan la izquierda para satisfacer programas o regulaciones de calidad, y registra y documenta los resultados.<\/li>\n<li>Contiene hasta una semana completa de procedimientos descargados y resultados de calibraci\u00f3n.<\/li>\n<li>Utiliza muchas funciones como paso autom\u00e1tico, unidades personalizadas, valores ingresados por el usuario durante la prueba, pruebas de interruptores de uno y dos puntos, pruebas de flujo DP de ra\u00edz cuadrada, retardo de medici\u00f3n programable y m\u00e1s.<\/li>\n<li>Proporciona una interfaz multiling\u00fce f\u00e1cil de usar.<\/li>\n<li>Cuenta con una pantalla dual blanca brillante para leer simult\u00e1neamente los par\u00e1metros de origen y medidos.<\/li>\n<li>Ofrece compatibilidad con muchos paquetes de software de gesti\u00f3n de activos.<\/li>\n<li>Multifuncional.<\/li>\n<li>Potente, pero f\u00e1cil de usar.<\/li>\n<li>Registra y documenta los resultados.<\/li>\n<li>Verdaderamente port\u00e1til.<\/li>\n<li>Robusto y fiable.<\/li>\n<li>Pantalla blanca brillante.<\/li>\n<li>Teclas programables.<\/li>\n<li>Tres modos de funcionamiento.<\/li>\n<li>Interfaz multiling\u00fce.<\/li>\n<li>Calculadora algebraica incorporada.<\/li>\n<li>Retardo de medici\u00f3n programable.<\/li>\n<\/ul>\n<p>&nbsp;<\/p>\n<p><strong>M\u00f3dulos de presi\u00f3n<\/strong><\/p>\n<p>Cubre pr\u00e1cticamente cualquier aplicaci\u00f3n de presi\u00f3n, incluyendo man\u00f3metro, diferencial, doble (compuesto), absoluto y vac\u00edo.<\/p>\n<ul>\n<li>Muestre las lecturas de presi\u00f3n en cualquiera de las 10 unidades de presi\u00f3n diferentes que especifique en la configuraci\u00f3n del calibrador.<\/li>\n<li>Las robustas cajas moldeadas de uretano protegen los m\u00f3dulos de un manejo brusco y condiciones dif\u00edciles.<\/li>\n<li>Cuenta con compensaci\u00f3n de temperatura interna de 0 a 50 \u00b0C para un rendimiento de precisi\u00f3n total.<\/li>\n<li>Incluye certificado de calibraci\u00f3n trazable por NIST.<\/li>\n<li>Los m\u00f3dulos se pueden calibrar localmente, lo que ayuda a controlar los costos.<\/li>\n<\/ul>\n<p>&nbsp;<\/p>\n<h4>Fluke 754-KIT5 Especificaciones<\/h4>\n<table class=\"table table-striped\">\n<tbody>\n<tr>\n<td colspan=\"2\"><strong>Precisi\u00f3n de medici\u00f3n<\/strong><\/td>\n<\/tr>\n<tr>\n<td>Voltaje DC<\/td>\n<td>Rango \/ Resoluci\u00f3n: 100 mV, 3, 30, 300 V 1 a\u00f1o: 0.02% + 0.005 mV, 0.02% + 0.00005, 0.02% + 0.0005, 0.05% + 0.05 V 2 a\u00f1os: 0.03% + 0.005 mV, 0.03% + 0.00005, 0.03% + 0.0005, 0.07% + 0.05 V<\/td>\n<\/tr>\n<tr>\n<td>Voltaje AC<\/td>\n<td>Rango \/ Resoluci\u00f3n: 3.000 V (40 Hz a 500 Hz) \/ 0.001 V 1 a\u00f1o: 0.5% + 0.002, 0.5% + 0.02, 0.5% + 0.2 V 2 a\u00f1os: 1.0% + 0.004, 1.0% + 0.04, 1.0% + 0.2 V<\/td>\n<\/tr>\n<tr>\n<td>Resistencia<\/td>\n<td>Rango \/ Resoluci\u00f3n: 10, 100, \u03a9, 1, 10 k\u03a9 1 a\u00f1o: 0.05% + 50, 0.05% + 50, 0.05% + 500 m\u03a9,<br \/>\n0.1% + 10 \u03a9<br \/>\n2 a\u00f1os: 0.07% + 70, 0.07% + 70 m\u03a9, 0.07% + 0.5, 0.15% + 15 \u03a9<\/td>\n<\/tr>\n<tr>\n<td>Frecuencia<\/td>\n<td>Rango \/ Resoluci\u00f3n: 1.00 a 110.00 \/ 0.01, 110.1 a 1100.0 Hz \/ 0.1 Hz, 1.101 a 11.000 \/ 0.001, 11.01 a 50.00 kHz \/ 0.01 kHz<br \/>\n2 a\u00f1os: 0.05, 0.5 Hz, 0.0005, 0.05 kHz<\/td>\n<\/tr>\n<tr>\n<td colspan=\"2\"><strong>Precisi\u00f3n de la fuente<\/strong><\/td>\n<\/tr>\n<tr>\n<td>Voltaje DC<\/td>\n<td>Rango \/ Resoluci\u00f3n: 100 mV, 1, 15 V 1 a\u00f1o: 0.01% + 0.005 mV, 0.01% + 0.00005, 0.01% + 0.0005 V 2 a\u00f1os: 0.015% + 0.005 mV, 0.015% + 0.0005, 0.015% + 0.0005 V<\/td>\n<\/tr>\n<tr>\n<td>DC actual<\/td>\n<td>Rango \/ Resoluci\u00f3n: 22.000 mA (fuente), Sumidero de corriente (simular)<br \/>\n1 a\u00f1o: 0.01% + 0.003, 0.02% + 0.007 mA 2 a\u00f1os: 0.02% + 0.003, 0.04% + 0.007 mA<\/td>\n<\/tr>\n<tr>\n<td>Resistencia<\/td>\n<td>Rango \/ Resoluci\u00f3n: 10, 100 \u03a9, 1, 10k\u03a9<br \/>\n1 a\u00f1o: 0.01% + 10, 0.01% + 20 m\u03a9, 0.02% + 0.2, 0.02% + 3 \u03a9<br \/>\n2 a\u00f1os: 0.015% + 15, 0.015% + 30 m\u03a9, 0.03% + 0.3, 0.03% + 5 \u03a9<\/td>\n<\/tr>\n<tr>\n<td>Frecuencia<\/td>\n<td>Rango \/ Resoluci\u00f3n: 0.1 a 10.99, 0.01 a 10.99, 11.00 a 109.99, 110.0 a 1099.9 Hz, 1.100 a 21.999, 22.000 a 50 kHz<br \/>\n2 a\u00f1os: 0.01, 0.01, 0.1, 0.1 Hz, 0.002, 0.005 kHz<\/td>\n<\/tr>\n<\/tbody>\n<\/table>\n","protected":false},"excerpt":{"rendered":"<p>Viene en un dise\u00f1o resistente, este calibrador de proceso de documentaci\u00f3n es ideal para calibrar, mantener y solucionar problemas de instrumentaci\u00f3n hart.<\/p>\n","protected":false},"featured_media":2902,"comment_status":"open","ping_status":"closed","template":"","meta":{"_joinchat":[]},"product_brand":[],"product_cat":[15],"product_tag":[],"class_list":{"0":"post-2889","1":"product","2":"type-product","3":"status-publish","4":"has-post-thumbnail","6":"product_cat-sin-categorizar","8":"first","9":"instock","10":"shipping-taxable","11":"product-type-simple"},"yoast_head":"<!-- This site is optimized with the Yoast SEO plugin v26.4 - https:\/\/yoast.com\/wordpress\/plugins\/seo\/ -->\n<title>Kit de calibrador de proceso de documentaci\u00f3n fluke 754 - Abaa tienda online<\/title>\n<meta name=\"robots\" content=\"index, follow, max-snippet:-1, max-image-preview:large, max-video-preview:-1\" \/>\n<link rel=\"canonical\" href=\"https:\/\/abaa.mx\/tienda\/kit-de-calibrador-de-proceso-de-documentacion-fluke-754\/\" \/>\n<meta property=\"og:locale\" content=\"es_MX\" \/>\n<meta property=\"og:type\" content=\"article\" \/>\n<meta property=\"og:title\" content=\"Kit de calibrador de proceso de documentaci\u00f3n fluke 754 - Abaa tienda online\" \/>\n<meta property=\"og:description\" content=\"Viene en un dise\u00f1o resistente, este calibrador de proceso de documentaci\u00f3n es ideal para calibrar, mantener y solucionar problemas de instrumentaci\u00f3n hart.\" \/>\n<meta property=\"og:url\" content=\"https:\/\/abaa.mx\/tienda\/kit-de-calibrador-de-proceso-de-documentacion-fluke-754\/\" \/>\n<meta property=\"og:site_name\" content=\"Abaa tienda online\" \/>\n<meta property=\"article:modified_time\" content=\"2023-11-27T17:39:32+00:00\" \/>\n<meta property=\"og:image\" content=\"https:\/\/abaa.mx\/tienda\/wp-content\/uploads\/2023\/09\/754-Kit5-1.jpg\" \/>\n\t<meta property=\"og:image:width\" content=\"270\" \/>\n\t<meta property=\"og:image:height\" content=\"207\" \/>\n\t<meta property=\"og:image:type\" content=\"image\/jpeg\" \/>\n<meta name=\"twitter:card\" content=\"summary_large_image\" \/>\n<meta name=\"twitter:label1\" content=\"Tiempo de lectura\" \/>\n\t<meta name=\"twitter:data1\" content=\"4 minutos\" \/>\n<script type=\"application\/ld+json\" class=\"yoast-schema-graph\">{\"@context\":\"https:\/\/schema.org\",\"@graph\":[{\"@type\":\"WebPage\",\"@id\":\"https:\/\/abaa.mx\/tienda\/kit-de-calibrador-de-proceso-de-documentacion-fluke-754\/\",\"url\":\"https:\/\/abaa.mx\/tienda\/kit-de-calibrador-de-proceso-de-documentacion-fluke-754\/\",\"name\":\"Kit de calibrador de proceso de documentaci\u00f3n fluke 754 - Abaa tienda online\",\"isPartOf\":{\"@id\":\"https:\/\/abaa.mx\/tienda\/#website\"},\"primaryImageOfPage\":{\"@id\":\"https:\/\/abaa.mx\/tienda\/kit-de-calibrador-de-proceso-de-documentacion-fluke-754\/#primaryimage\"},\"image\":{\"@id\":\"https:\/\/abaa.mx\/tienda\/kit-de-calibrador-de-proceso-de-documentacion-fluke-754\/#primaryimage\"},\"thumbnailUrl\":\"https:\/\/abaa.mx\/tienda\/wp-content\/uploads\/2023\/09\/754-Kit5-1.jpg\",\"datePublished\":\"2023-09-25T20:36:34+00:00\",\"dateModified\":\"2023-11-27T17:39:32+00:00\",\"breadcrumb\":{\"@id\":\"https:\/\/abaa.mx\/tienda\/kit-de-calibrador-de-proceso-de-documentacion-fluke-754\/#breadcrumb\"},\"inLanguage\":\"es\",\"potentialAction\":[{\"@type\":\"ReadAction\",\"target\":[\"https:\/\/abaa.mx\/tienda\/kit-de-calibrador-de-proceso-de-documentacion-fluke-754\/\"]}]},{\"@type\":\"ImageObject\",\"inLanguage\":\"es\",\"@id\":\"https:\/\/abaa.mx\/tienda\/kit-de-calibrador-de-proceso-de-documentacion-fluke-754\/#primaryimage\",\"url\":\"https:\/\/abaa.mx\/tienda\/wp-content\/uploads\/2023\/09\/754-Kit5-1.jpg\",\"contentUrl\":\"https:\/\/abaa.mx\/tienda\/wp-content\/uploads\/2023\/09\/754-Kit5-1.jpg\",\"width\":270,\"height\":207,\"caption\":\"fluke 754\"},{\"@type\":\"BreadcrumbList\",\"@id\":\"https:\/\/abaa.mx\/tienda\/kit-de-calibrador-de-proceso-de-documentacion-fluke-754\/#breadcrumb\",\"itemListElement\":[{\"@type\":\"ListItem\",\"position\":1,\"name\":\"Inicio\",\"item\":\"https:\/\/abaa.mx\/tienda\/\"},{\"@type\":\"ListItem\",\"position\":2,\"name\":\"Tienda\",\"item\":\"https:\/\/abaa.mx\/tienda\/\"},{\"@type\":\"ListItem\",\"position\":3,\"name\":\"Kit de calibrador de proceso de documentaci\u00f3n fluke 754\"}]},{\"@type\":\"WebSite\",\"@id\":\"https:\/\/abaa.mx\/tienda\/#website\",\"url\":\"https:\/\/abaa.mx\/tienda\/\",\"name\":\"Abaa tienda online\",\"description\":\"Instrumentos de medici\u00f3n\",\"publisher\":{\"@id\":\"https:\/\/abaa.mx\/tienda\/#organization\"},\"potentialAction\":[{\"@type\":\"SearchAction\",\"target\":{\"@type\":\"EntryPoint\",\"urlTemplate\":\"https:\/\/abaa.mx\/tienda\/?s={search_term_string}\"},\"query-input\":{\"@type\":\"PropertyValueSpecification\",\"valueRequired\":true,\"valueName\":\"search_term_string\"}}],\"inLanguage\":\"es\"},{\"@type\":\"Organization\",\"@id\":\"https:\/\/abaa.mx\/tienda\/#organization\",\"name\":\"Abaa tienda online\",\"url\":\"https:\/\/abaa.mx\/tienda\/\",\"logo\":{\"@type\":\"ImageObject\",\"inLanguage\":\"es\",\"@id\":\"https:\/\/abaa.mx\/tienda\/#\/schema\/logo\/image\/\",\"url\":\"https:\/\/abaa.mx\/tienda\/wp-content\/uploads\/2024\/01\/abaa-metrologia-tienda.png\",\"contentUrl\":\"https:\/\/abaa.mx\/tienda\/wp-content\/uploads\/2024\/01\/abaa-metrologia-tienda.png\",\"width\":300,\"height\":141,\"caption\":\"Abaa tienda online\"},\"image\":{\"@id\":\"https:\/\/abaa.mx\/tienda\/#\/schema\/logo\/image\/\"}}]}<\/script>\n<!-- \/ Yoast SEO plugin. -->","yoast_head_json":{"title":"Kit de calibrador de proceso de documentaci\u00f3n fluke 754 - Abaa tienda online","robots":{"index":"index","follow":"follow","max-snippet":"max-snippet:-1","max-image-preview":"max-image-preview:large","max-video-preview":"max-video-preview:-1"},"canonical":"https:\/\/abaa.mx\/tienda\/kit-de-calibrador-de-proceso-de-documentacion-fluke-754\/","og_locale":"es_MX","og_type":"article","og_title":"Kit de calibrador de proceso de documentaci\u00f3n fluke 754 - Abaa tienda online","og_description":"Viene en un dise\u00f1o resistente, este calibrador de proceso de documentaci\u00f3n es ideal para calibrar, mantener y solucionar problemas de instrumentaci\u00f3n hart.","og_url":"https:\/\/abaa.mx\/tienda\/kit-de-calibrador-de-proceso-de-documentacion-fluke-754\/","og_site_name":"Abaa tienda online","article_modified_time":"2023-11-27T17:39:32+00:00","og_image":[{"width":270,"height":207,"url":"https:\/\/abaa.mx\/tienda\/wp-content\/uploads\/2023\/09\/754-Kit5-1.jpg","type":"image\/jpeg"}],"twitter_card":"summary_large_image","twitter_misc":{"Tiempo de lectura":"4 minutos"},"schema":{"@context":"https:\/\/schema.org","@graph":[{"@type":"WebPage","@id":"https:\/\/abaa.mx\/tienda\/kit-de-calibrador-de-proceso-de-documentacion-fluke-754\/","url":"https:\/\/abaa.mx\/tienda\/kit-de-calibrador-de-proceso-de-documentacion-fluke-754\/","name":"Kit de calibrador de proceso de documentaci\u00f3n fluke 754 - Abaa tienda online","isPartOf":{"@id":"https:\/\/abaa.mx\/tienda\/#website"},"primaryImageOfPage":{"@id":"https:\/\/abaa.mx\/tienda\/kit-de-calibrador-de-proceso-de-documentacion-fluke-754\/#primaryimage"},"image":{"@id":"https:\/\/abaa.mx\/tienda\/kit-de-calibrador-de-proceso-de-documentacion-fluke-754\/#primaryimage"},"thumbnailUrl":"https:\/\/abaa.mx\/tienda\/wp-content\/uploads\/2023\/09\/754-Kit5-1.jpg","datePublished":"2023-09-25T20:36:34+00:00","dateModified":"2023-11-27T17:39:32+00:00","breadcrumb":{"@id":"https:\/\/abaa.mx\/tienda\/kit-de-calibrador-de-proceso-de-documentacion-fluke-754\/#breadcrumb"},"inLanguage":"es","potentialAction":[{"@type":"ReadAction","target":["https:\/\/abaa.mx\/tienda\/kit-de-calibrador-de-proceso-de-documentacion-fluke-754\/"]}]},{"@type":"ImageObject","inLanguage":"es","@id":"https:\/\/abaa.mx\/tienda\/kit-de-calibrador-de-proceso-de-documentacion-fluke-754\/#primaryimage","url":"https:\/\/abaa.mx\/tienda\/wp-content\/uploads\/2023\/09\/754-Kit5-1.jpg","contentUrl":"https:\/\/abaa.mx\/tienda\/wp-content\/uploads\/2023\/09\/754-Kit5-1.jpg","width":270,"height":207,"caption":"fluke 754"},{"@type":"BreadcrumbList","@id":"https:\/\/abaa.mx\/tienda\/kit-de-calibrador-de-proceso-de-documentacion-fluke-754\/#breadcrumb","itemListElement":[{"@type":"ListItem","position":1,"name":"Inicio","item":"https:\/\/abaa.mx\/tienda\/"},{"@type":"ListItem","position":2,"name":"Tienda","item":"https:\/\/abaa.mx\/tienda\/"},{"@type":"ListItem","position":3,"name":"Kit de calibrador de proceso de documentaci\u00f3n fluke 754"}]},{"@type":"WebSite","@id":"https:\/\/abaa.mx\/tienda\/#website","url":"https:\/\/abaa.mx\/tienda\/","name":"Abaa tienda online","description":"Instrumentos de medici\u00f3n","publisher":{"@id":"https:\/\/abaa.mx\/tienda\/#organization"},"potentialAction":[{"@type":"SearchAction","target":{"@type":"EntryPoint","urlTemplate":"https:\/\/abaa.mx\/tienda\/?s={search_term_string}"},"query-input":{"@type":"PropertyValueSpecification","valueRequired":true,"valueName":"search_term_string"}}],"inLanguage":"es"},{"@type":"Organization","@id":"https:\/\/abaa.mx\/tienda\/#organization","name":"Abaa tienda online","url":"https:\/\/abaa.mx\/tienda\/","logo":{"@type":"ImageObject","inLanguage":"es","@id":"https:\/\/abaa.mx\/tienda\/#\/schema\/logo\/image\/","url":"https:\/\/abaa.mx\/tienda\/wp-content\/uploads\/2024\/01\/abaa-metrologia-tienda.png","contentUrl":"https:\/\/abaa.mx\/tienda\/wp-content\/uploads\/2024\/01\/abaa-metrologia-tienda.png","width":300,"height":141,"caption":"Abaa tienda online"},"image":{"@id":"https:\/\/abaa.mx\/tienda\/#\/schema\/logo\/image\/"}}]}},"_links":{"self":[{"href":"https:\/\/abaa.mx\/tienda\/wp-json\/wp\/v2\/product\/2889","targetHints":{"allow":["GET"]}}],"collection":[{"href":"https:\/\/abaa.mx\/tienda\/wp-json\/wp\/v2\/product"}],"about":[{"href":"https:\/\/abaa.mx\/tienda\/wp-json\/wp\/v2\/types\/product"}],"replies":[{"embeddable":true,"href":"https:\/\/abaa.mx\/tienda\/wp-json\/wp\/v2\/comments?post=2889"}],"wp:featuredmedia":[{"embeddable":true,"href":"https:\/\/abaa.mx\/tienda\/wp-json\/wp\/v2\/media\/2902"}],"wp:attachment":[{"href":"https:\/\/abaa.mx\/tienda\/wp-json\/wp\/v2\/media?parent=2889"}],"wp:term":[{"taxonomy":"product_brand","embeddable":true,"href":"https:\/\/abaa.mx\/tienda\/wp-json\/wp\/v2\/product_brand?post=2889"},{"taxonomy":"product_cat","embeddable":true,"href":"https:\/\/abaa.mx\/tienda\/wp-json\/wp\/v2\/product_cat?post=2889"},{"taxonomy":"product_tag","embeddable":true,"href":"https:\/\/abaa.mx\/tienda\/wp-json\/wp\/v2\/product_tag?post=2889"}],"curies":[{"name":"wp","href":"https:\/\/api.w.org\/{rel}","templated":true}]}}