{"id":2880,"date":"2023-09-25T20:15:05","date_gmt":"2023-09-25T20:15:05","guid":{"rendered":"https:\/\/abaa.mx\/tienda\/?post_type=product&#038;p=2880"},"modified":"2023-09-25T20:15:06","modified_gmt":"2023-09-25T20:15:06","slug":"manometro-baker-421avnd-60-0-a-60-psi","status":"publish","type":"product","link":"https:\/\/abaa.mx\/tienda\/manometro-baker-421avnd-60-0-a-60-psi\/","title":{"rendered":"man\u00f3metro baker 421avnd-60, 0 a 60 psi"},"content":{"rendered":"<p>Este man\u00f3metro tiene un dial de 4.5&#8243; de di\u00e1metro y es resistente a la corrosi\u00f3n con su caja y anillo de acero inoxidable. Mide 0-60 psi\/0-400 kPa.<\/p>\n<p><strong>Funciones<\/strong><\/p>\n<ul>\n<li>Escalas duales de ingl\u00e9s\/m\u00e9tricas (psi\/kPa)<\/li>\n<li>Carcasa y anillo de acero inoxidable resistente a la corrosi\u00f3n, lente de pl\u00e1stico<\/li>\n<li>Tubo de bronce fosforado suave soldado con encaje de lat\u00f3n<\/li>\n<li>El movimiento de bronce fosforado se recomienda para uso general<\/li>\n<li>Fondo blanco con n\u00fameros y graduaciones negras y rojas en negrita, arco de 270\u00b0 y puntero negro ajustable equilibrado<\/li>\n<li>Adecuado para vapor, agua, aire, petr\u00f3leo, gas o cualquier medio no corrosivo para las aleaciones de cobre<\/li>\n<\/ul>\n<p><strong>Aplicaciones<\/strong><\/p>\n<ul>\n<li>Detecci\u00f3n de fugas<\/li>\n<li>Monitoreo de procesos<\/li>\n<li>Pruebas de l\u00ednea de producci\u00f3n<\/li>\n<li>Laboratorios<\/li>\n<li>Vapor<\/li>\n<li>Agua<\/li>\n<li>Aire<\/li>\n<li>Aceite<\/li>\n<li>Gas<\/li>\n<\/ul>\n<h4>Baker 421AVND-60 Especificaciones<\/h4>\n<table class=\"table table-striped\">\n<tbody>\n<tr>\n<td>Di\u00e1metro del dial<\/td>\n<td>4\u00bd&#8221;<\/td>\n<\/tr>\n<tr>\n<td>Man\u00f3metro<\/td>\n<td>0-60 psi\/0-400 kPa<\/td>\n<\/tr>\n<tr>\n<td>Exactitud<\/td>\n<td>\u00b11% de precisi\u00f3n<\/td>\n<\/tr>\n<tr>\n<td>Conexi\u00f3n<\/td>\n<td>Montaje inferior NPT de 1\/4&#8243;<\/td>\n<\/tr>\n<tr>\n<td>Tipo de dial<\/td>\n<td>Equivalente<\/td>\n<\/tr>\n<tr>\n<td>Intervalos de figuras<\/td>\n<td>10 psi<\/td>\n<\/tr>\n<tr>\n<td>Divisiones menores<\/td>\n<td>1 psi<\/td>\n<\/tr>\n<\/tbody>\n<\/table>\n","protected":false},"excerpt":{"rendered":"<p>Este man\u00f3metro tiene un dial de 4.5&#8243; de di\u00e1metro y es resistente a la corrosi\u00f3n con su caja y anillo de acero inoxidable. Mide 0-60 psi\/0-400 kPa.<\/p>\n","protected":false},"featured_media":2886,"comment_status":"open","ping_status":"closed","template":"","meta":{"_joinchat":[]},"product_brand":[],"product_cat":[15],"product_tag":[],"class_list":{"0":"post-2880","1":"product","2":"type-product","3":"status-publish","4":"has-post-thumbnail","6":"product_cat-sin-categorizar","8":"first","9":"instock","10":"shipping-taxable","11":"product-type-simple"},"yoast_head":"<!-- This site is optimized with the Yoast SEO plugin v26.4 - https:\/\/yoast.com\/wordpress\/plugins\/seo\/ -->\n<title>man\u00f3metro baker 421avnd-60, 0 a 60 psi - Abaa tienda online<\/title>\n<meta name=\"robots\" content=\"index, follow, max-snippet:-1, max-image-preview:large, max-video-preview:-1\" \/>\n<link rel=\"canonical\" href=\"https:\/\/abaa.mx\/tienda\/manometro-baker-421avnd-60-0-a-60-psi\/\" \/>\n<meta property=\"og:locale\" content=\"es_MX\" \/>\n<meta property=\"og:type\" content=\"article\" \/>\n<meta property=\"og:title\" content=\"man\u00f3metro baker 421avnd-60, 0 a 60 psi - Abaa tienda online\" \/>\n<meta property=\"og:description\" content=\"Este man\u00f3metro tiene un dial de 4.5&quot; de di\u00e1metro y es resistente a la corrosi\u00f3n con su caja y anillo de acero inoxidable. Mide 0-60 psi\/0-400 kPa.\" \/>\n<meta property=\"og:url\" content=\"https:\/\/abaa.mx\/tienda\/manometro-baker-421avnd-60-0-a-60-psi\/\" \/>\n<meta property=\"og:site_name\" content=\"Abaa tienda online\" \/>\n<meta property=\"article:modified_time\" content=\"2023-09-25T20:15:06+00:00\" \/>\n<meta property=\"og:image\" content=\"https:\/\/abaa.mx\/tienda\/wp-content\/uploads\/2023\/09\/421AVND-60.jpg\" \/>\n\t<meta property=\"og:image:width\" content=\"270\" \/>\n\t<meta property=\"og:image:height\" content=\"315\" \/>\n\t<meta property=\"og:image:type\" content=\"image\/jpeg\" \/>\n<meta name=\"twitter:card\" content=\"summary_large_image\" \/>\n<meta name=\"twitter:label1\" content=\"Tiempo de lectura\" \/>\n\t<meta name=\"twitter:data1\" content=\"1 minuto\" \/>\n<script type=\"application\/ld+json\" class=\"yoast-schema-graph\">{\"@context\":\"https:\/\/schema.org\",\"@graph\":[{\"@type\":\"WebPage\",\"@id\":\"https:\/\/abaa.mx\/tienda\/manometro-baker-421avnd-60-0-a-60-psi\/\",\"url\":\"https:\/\/abaa.mx\/tienda\/manometro-baker-421avnd-60-0-a-60-psi\/\",\"name\":\"man\u00f3metro baker 421avnd-60, 0 a 60 psi - Abaa tienda online\",\"isPartOf\":{\"@id\":\"https:\/\/abaa.mx\/tienda\/#website\"},\"primaryImageOfPage\":{\"@id\":\"https:\/\/abaa.mx\/tienda\/manometro-baker-421avnd-60-0-a-60-psi\/#primaryimage\"},\"image\":{\"@id\":\"https:\/\/abaa.mx\/tienda\/manometro-baker-421avnd-60-0-a-60-psi\/#primaryimage\"},\"thumbnailUrl\":\"https:\/\/abaa.mx\/tienda\/wp-content\/uploads\/2023\/09\/421AVND-60.jpg\",\"datePublished\":\"2023-09-25T20:15:05+00:00\",\"dateModified\":\"2023-09-25T20:15:06+00:00\",\"breadcrumb\":{\"@id\":\"https:\/\/abaa.mx\/tienda\/manometro-baker-421avnd-60-0-a-60-psi\/#breadcrumb\"},\"inLanguage\":\"es\",\"potentialAction\":[{\"@type\":\"ReadAction\",\"target\":[\"https:\/\/abaa.mx\/tienda\/manometro-baker-421avnd-60-0-a-60-psi\/\"]}]},{\"@type\":\"ImageObject\",\"inLanguage\":\"es\",\"@id\":\"https:\/\/abaa.mx\/tienda\/manometro-baker-421avnd-60-0-a-60-psi\/#primaryimage\",\"url\":\"https:\/\/abaa.mx\/tienda\/wp-content\/uploads\/2023\/09\/421AVND-60.jpg\",\"contentUrl\":\"https:\/\/abaa.mx\/tienda\/wp-content\/uploads\/2023\/09\/421AVND-60.jpg\",\"width\":270,\"height\":315,\"caption\":\"421AVND-60\"},{\"@type\":\"BreadcrumbList\",\"@id\":\"https:\/\/abaa.mx\/tienda\/manometro-baker-421avnd-60-0-a-60-psi\/#breadcrumb\",\"itemListElement\":[{\"@type\":\"ListItem\",\"position\":1,\"name\":\"Inicio\",\"item\":\"https:\/\/abaa.mx\/tienda\/\"},{\"@type\":\"ListItem\",\"position\":2,\"name\":\"Tienda\",\"item\":\"https:\/\/abaa.mx\/tienda\/\"},{\"@type\":\"ListItem\",\"position\":3,\"name\":\"man\u00f3metro baker 421avnd-60, 0 a 60 psi\"}]},{\"@type\":\"WebSite\",\"@id\":\"https:\/\/abaa.mx\/tienda\/#website\",\"url\":\"https:\/\/abaa.mx\/tienda\/\",\"name\":\"Abaa tienda online\",\"description\":\"Instrumentos de medici\u00f3n\",\"publisher\":{\"@id\":\"https:\/\/abaa.mx\/tienda\/#organization\"},\"potentialAction\":[{\"@type\":\"SearchAction\",\"target\":{\"@type\":\"EntryPoint\",\"urlTemplate\":\"https:\/\/abaa.mx\/tienda\/?s={search_term_string}\"},\"query-input\":{\"@type\":\"PropertyValueSpecification\",\"valueRequired\":true,\"valueName\":\"search_term_string\"}}],\"inLanguage\":\"es\"},{\"@type\":\"Organization\",\"@id\":\"https:\/\/abaa.mx\/tienda\/#organization\",\"name\":\"Abaa tienda online\",\"url\":\"https:\/\/abaa.mx\/tienda\/\",\"logo\":{\"@type\":\"ImageObject\",\"inLanguage\":\"es\",\"@id\":\"https:\/\/abaa.mx\/tienda\/#\/schema\/logo\/image\/\",\"url\":\"https:\/\/abaa.mx\/tienda\/wp-content\/uploads\/2024\/01\/abaa-metrologia-tienda.png\",\"contentUrl\":\"https:\/\/abaa.mx\/tienda\/wp-content\/uploads\/2024\/01\/abaa-metrologia-tienda.png\",\"width\":300,\"height\":141,\"caption\":\"Abaa tienda online\"},\"image\":{\"@id\":\"https:\/\/abaa.mx\/tienda\/#\/schema\/logo\/image\/\"}}]}<\/script>\n<!-- \/ Yoast SEO plugin. -->","yoast_head_json":{"title":"man\u00f3metro baker 421avnd-60, 0 a 60 psi - Abaa tienda online","robots":{"index":"index","follow":"follow","max-snippet":"max-snippet:-1","max-image-preview":"max-image-preview:large","max-video-preview":"max-video-preview:-1"},"canonical":"https:\/\/abaa.mx\/tienda\/manometro-baker-421avnd-60-0-a-60-psi\/","og_locale":"es_MX","og_type":"article","og_title":"man\u00f3metro baker 421avnd-60, 0 a 60 psi - Abaa tienda online","og_description":"Este man\u00f3metro tiene un dial de 4.5\" de di\u00e1metro y es resistente a la corrosi\u00f3n con su caja y anillo de acero inoxidable. Mide 0-60 psi\/0-400 kPa.","og_url":"https:\/\/abaa.mx\/tienda\/manometro-baker-421avnd-60-0-a-60-psi\/","og_site_name":"Abaa tienda online","article_modified_time":"2023-09-25T20:15:06+00:00","og_image":[{"width":270,"height":315,"url":"https:\/\/abaa.mx\/tienda\/wp-content\/uploads\/2023\/09\/421AVND-60.jpg","type":"image\/jpeg"}],"twitter_card":"summary_large_image","twitter_misc":{"Tiempo de lectura":"1 minuto"},"schema":{"@context":"https:\/\/schema.org","@graph":[{"@type":"WebPage","@id":"https:\/\/abaa.mx\/tienda\/manometro-baker-421avnd-60-0-a-60-psi\/","url":"https:\/\/abaa.mx\/tienda\/manometro-baker-421avnd-60-0-a-60-psi\/","name":"man\u00f3metro baker 421avnd-60, 0 a 60 psi - Abaa tienda online","isPartOf":{"@id":"https:\/\/abaa.mx\/tienda\/#website"},"primaryImageOfPage":{"@id":"https:\/\/abaa.mx\/tienda\/manometro-baker-421avnd-60-0-a-60-psi\/#primaryimage"},"image":{"@id":"https:\/\/abaa.mx\/tienda\/manometro-baker-421avnd-60-0-a-60-psi\/#primaryimage"},"thumbnailUrl":"https:\/\/abaa.mx\/tienda\/wp-content\/uploads\/2023\/09\/421AVND-60.jpg","datePublished":"2023-09-25T20:15:05+00:00","dateModified":"2023-09-25T20:15:06+00:00","breadcrumb":{"@id":"https:\/\/abaa.mx\/tienda\/manometro-baker-421avnd-60-0-a-60-psi\/#breadcrumb"},"inLanguage":"es","potentialAction":[{"@type":"ReadAction","target":["https:\/\/abaa.mx\/tienda\/manometro-baker-421avnd-60-0-a-60-psi\/"]}]},{"@type":"ImageObject","inLanguage":"es","@id":"https:\/\/abaa.mx\/tienda\/manometro-baker-421avnd-60-0-a-60-psi\/#primaryimage","url":"https:\/\/abaa.mx\/tienda\/wp-content\/uploads\/2023\/09\/421AVND-60.jpg","contentUrl":"https:\/\/abaa.mx\/tienda\/wp-content\/uploads\/2023\/09\/421AVND-60.jpg","width":270,"height":315,"caption":"421AVND-60"},{"@type":"BreadcrumbList","@id":"https:\/\/abaa.mx\/tienda\/manometro-baker-421avnd-60-0-a-60-psi\/#breadcrumb","itemListElement":[{"@type":"ListItem","position":1,"name":"Inicio","item":"https:\/\/abaa.mx\/tienda\/"},{"@type":"ListItem","position":2,"name":"Tienda","item":"https:\/\/abaa.mx\/tienda\/"},{"@type":"ListItem","position":3,"name":"man\u00f3metro baker 421avnd-60, 0 a 60 psi"}]},{"@type":"WebSite","@id":"https:\/\/abaa.mx\/tienda\/#website","url":"https:\/\/abaa.mx\/tienda\/","name":"Abaa tienda online","description":"Instrumentos de medici\u00f3n","publisher":{"@id":"https:\/\/abaa.mx\/tienda\/#organization"},"potentialAction":[{"@type":"SearchAction","target":{"@type":"EntryPoint","urlTemplate":"https:\/\/abaa.mx\/tienda\/?s={search_term_string}"},"query-input":{"@type":"PropertyValueSpecification","valueRequired":true,"valueName":"search_term_string"}}],"inLanguage":"es"},{"@type":"Organization","@id":"https:\/\/abaa.mx\/tienda\/#organization","name":"Abaa tienda online","url":"https:\/\/abaa.mx\/tienda\/","logo":{"@type":"ImageObject","inLanguage":"es","@id":"https:\/\/abaa.mx\/tienda\/#\/schema\/logo\/image\/","url":"https:\/\/abaa.mx\/tienda\/wp-content\/uploads\/2024\/01\/abaa-metrologia-tienda.png","contentUrl":"https:\/\/abaa.mx\/tienda\/wp-content\/uploads\/2024\/01\/abaa-metrologia-tienda.png","width":300,"height":141,"caption":"Abaa tienda online"},"image":{"@id":"https:\/\/abaa.mx\/tienda\/#\/schema\/logo\/image\/"}}]}},"_links":{"self":[{"href":"https:\/\/abaa.mx\/tienda\/wp-json\/wp\/v2\/product\/2880","targetHints":{"allow":["GET"]}}],"collection":[{"href":"https:\/\/abaa.mx\/tienda\/wp-json\/wp\/v2\/product"}],"about":[{"href":"https:\/\/abaa.mx\/tienda\/wp-json\/wp\/v2\/types\/product"}],"replies":[{"embeddable":true,"href":"https:\/\/abaa.mx\/tienda\/wp-json\/wp\/v2\/comments?post=2880"}],"wp:featuredmedia":[{"embeddable":true,"href":"https:\/\/abaa.mx\/tienda\/wp-json\/wp\/v2\/media\/2886"}],"wp:attachment":[{"href":"https:\/\/abaa.mx\/tienda\/wp-json\/wp\/v2\/media?parent=2880"}],"wp:term":[{"taxonomy":"product_brand","embeddable":true,"href":"https:\/\/abaa.mx\/tienda\/wp-json\/wp\/v2\/product_brand?post=2880"},{"taxonomy":"product_cat","embeddable":true,"href":"https:\/\/abaa.mx\/tienda\/wp-json\/wp\/v2\/product_cat?post=2880"},{"taxonomy":"product_tag","embeddable":true,"href":"https:\/\/abaa.mx\/tienda\/wp-json\/wp\/v2\/product_tag?post=2880"}],"curies":[{"name":"wp","href":"https:\/\/api.w.org\/{rel}","templated":true}]}}