{"id":2879,"date":"2023-09-25T19:52:35","date_gmt":"2023-09-25T19:52:35","guid":{"rendered":"https:\/\/abaa.mx\/tienda\/?post_type=product&#038;p=2879"},"modified":"2023-09-25T19:52:36","modified_gmt":"2023-09-25T19:52:36","slug":"dwyer-dm-001-transmisor-de-presion-diferencial-digimag-0-1-inwc","status":"publish","type":"product","link":"https:\/\/abaa.mx\/tienda\/dwyer-dm-001-transmisor-de-presion-diferencial-digimag-0-1-inwc\/","title":{"rendered":"dwyer dm-001 transmisor de presi\u00f3n diferencial digimag, 0.1 inwc"},"content":{"rendered":"<p>Dise\u00f1ado espec\u00edficamente para montarse en un recorte est\u00e1ndar del medidor Magnehelic, este transmisor de presi\u00f3n cuenta con una carcasa moldeada de policarbonato con conexiones de presi\u00f3n integradas, lo que reduce el tiempo de instalaci\u00f3n. Adem\u00e1s, el pulsador digital de cero y span simplifica la calibraci\u00f3n sobre los potenci\u00f3metros de giro t\u00edpicos, y un solo bot\u00f3n permite la selecci\u00f3n de campo de m\u00faltiples unidades de ingenier\u00eda.<\/p>\n<p><strong>Funciones<\/strong><\/p>\n<ul>\n<li>Reducci\u00f3n del tiempo de instalaci\u00f3n a trav\u00e9s de controles de cero y span que proporcionan una calibraci\u00f3n r\u00e1pida y f\u00e1cil<\/li>\n<li>Configuraci\u00f3n y calibraci\u00f3n r\u00e1pidas y sencillas con controles de cero y span con bot\u00f3n pulsador<\/li>\n<li>Las alertas locales pueden tomar medidas correctivas inmediatas a trav\u00e9s de la pantalla LCD f\u00e1cil de leer<\/li>\n<li>Reduce los costos de instalaci\u00f3n de actualizaci\u00f3n y simplifica la actualizaci\u00f3n en campo desde un medidor Magnehelic,b ya que ambos utilizan el mismo di\u00e1metro Recorte<\/li>\n<\/ul>\n<p><strong>Aplicaciones<\/strong><\/p>\n<ul>\n<li>Presi\u00f3n diferencial entre filtros<\/li>\n<li>Control del ventilador<\/li>\n<li>Presiones est\u00e1ticas en conductos o edificios<\/li>\n<li>Monitoreo de presurizaci\u00f3n de la sala<\/li>\n<\/ul>\n<h4>Dwyer DM-001 Especificaciones<\/h4>\n<table class=\"table table-striped\">\n<tbody>\n<tr>\n<td>Servicio<\/td>\n<td>Aire y gases no combustibles, compatibles<\/td>\n<\/tr>\n<tr>\n<td>Rango de presi\u00f3n<\/td>\n<td>0,1 inWC<\/td>\n<\/tr>\n<tr>\n<td>Exactitud<\/td>\n<td>\u00b14% FOE<\/td>\n<\/tr>\n<tr>\n<td>Estabilidad<\/td>\n<td>&lt;\u00b11%\/a\u00f1o FOE<\/td>\n<\/tr>\n<tr>\n<td>L\u00edmites<\/td>\n<td>Presi\u00f3n: operaci\u00f3n m\u00e1xima de 3.6 psi, explosi\u00f3n<br \/>\nde 6 psi Temperatura: -4 a 158 \u00b0 F (-20 a 70 \u00b0 C)<\/td>\n<\/tr>\n<tr>\n<td>Efecto t\u00e9rmico<\/td>\n<td>0,02% FS\/\u00b0F (0,036% FS\/\u00b0C)<\/td>\n<\/tr>\n<tr>\n<td>Se\u00f1al de salida<\/td>\n<td>De 4 a 20 mA (2 hilos)<\/td>\n<\/tr>\n<tr>\n<td>Ajustes de cero y span<\/td>\n<td>Pulsador<\/td>\n<\/tr>\n<tr>\n<td>Resistencia al bucle<\/td>\n<td>0 a 1250 \u03a9 m\u00e1ximo<\/td>\n<\/tr>\n<tr>\n<td>Consumo de corriente<\/td>\n<td>21 mA m\u00e1ximo<\/td>\n<\/tr>\n<tr>\n<td>Conexiones<\/td>\n<td><span>El\u00e9ctrico: Terminales<br \/>\ntipo tornillo Proceso: Puertos macho en el lado para 1\/8&#8243;,\u00a0<\/span><sup>3<\/sup><span>\u2044<\/span><sub>16<\/sub><span>&#8220;, tubo flexible ID de 0\/2&#8243;, 5,0&#8243; (23 mm), 6 mm (&lt;&gt;,&lt;&gt;&#8221;)<\/span><\/td>\n<\/tr>\n<tr>\n<td>Requisitos de alimentaci\u00f3n<\/td>\n<td>10 a 35 V CC (2 hilos)<\/td>\n<\/tr>\n<tr>\n<td>Clasificaci\u00f3n de la carcasa<\/td>\n<td>NEMA 4X (IP66)<\/td>\n<\/tr>\n<tr>\n<td>Orientaci\u00f3n de montaje<\/td>\n<td>No sensible a la posici\u00f3n<\/td>\n<\/tr>\n<tr>\n<td>Aprobaciones de agencias<\/td>\n<td>Despu\u00e9s de Cristo<\/td>\n<\/tr>\n<tr>\n<td>Material de la carcasa<\/td>\n<td>Policarbonato<\/td>\n<\/tr>\n<tr>\n<td>Dimensiones<\/td>\n<td>\u00d85 x 1,9&#8243; (\u00d8127 x 48,2 mm)<\/td>\n<\/tr>\n<tr>\n<td>Peso<\/td>\n<td>7,04 onzas (200 g)<\/td>\n<\/tr>\n<\/tbody>\n<\/table>\n","protected":false},"excerpt":{"rendered":"<p>Detecta la presi\u00f3n del aire y los gases compatibles, este transmisor de presi\u00f3n diferencial cuenta con un rango de presi\u00f3n de 0,1 inWC y tiene una salida de 4 a 20 mA. R\u00e1pido y f\u00e1cil de configurar, este transmisor es adecuado para el control de ventiladores, presiones est\u00e1ticas en conductos o edificios, monitoreo de presurizaci\u00f3n de habitaciones y presi\u00f3n diferencial a trav\u00e9s de filtros.<\/p>\n","protected":false},"featured_media":2881,"comment_status":"open","ping_status":"closed","template":"","meta":{"_joinchat":[]},"product_brand":[],"product_cat":[15],"product_tag":[],"class_list":{"0":"post-2879","1":"product","2":"type-product","3":"status-publish","4":"has-post-thumbnail","6":"product_cat-sin-categorizar","8":"first","9":"instock","10":"shipping-taxable","11":"product-type-simple"},"yoast_head":"<!-- This site is optimized with the Yoast SEO plugin v26.4 - https:\/\/yoast.com\/wordpress\/plugins\/seo\/ -->\n<title>dwyer dm-001 transmisor de presi\u00f3n diferencial digimag, 0.1 inwc - Abaa tienda online<\/title>\n<meta name=\"robots\" content=\"index, follow, max-snippet:-1, max-image-preview:large, max-video-preview:-1\" \/>\n<link rel=\"canonical\" href=\"https:\/\/abaa.mx\/tienda\/dwyer-dm-001-transmisor-de-presion-diferencial-digimag-0-1-inwc\/\" \/>\n<meta property=\"og:locale\" content=\"es_MX\" \/>\n<meta property=\"og:type\" content=\"article\" \/>\n<meta property=\"og:title\" content=\"dwyer dm-001 transmisor de presi\u00f3n diferencial digimag, 0.1 inwc - Abaa tienda online\" \/>\n<meta property=\"og:description\" content=\"Detecta la presi\u00f3n del aire y los gases compatibles, este transmisor de presi\u00f3n diferencial cuenta con un rango de presi\u00f3n de 0,1 inWC y tiene una salida de 4 a 20 mA. R\u00e1pido y f\u00e1cil de configurar, este transmisor es adecuado para el control de ventiladores, presiones est\u00e1ticas en conductos o edificios, monitoreo de presurizaci\u00f3n de habitaciones y presi\u00f3n diferencial a trav\u00e9s de filtros.\" \/>\n<meta property=\"og:url\" content=\"https:\/\/abaa.mx\/tienda\/dwyer-dm-001-transmisor-de-presion-diferencial-digimag-0-1-inwc\/\" \/>\n<meta property=\"og:site_name\" content=\"Abaa tienda online\" \/>\n<meta property=\"article:modified_time\" content=\"2023-09-25T19:52:36+00:00\" \/>\n<meta property=\"og:image\" content=\"https:\/\/abaa.mx\/tienda\/wp-content\/uploads\/2023\/09\/DM-001.jpg\" \/>\n\t<meta property=\"og:image:width\" content=\"342\" \/>\n\t<meta property=\"og:image:height\" content=\"342\" \/>\n\t<meta property=\"og:image:type\" content=\"image\/jpeg\" \/>\n<meta name=\"twitter:card\" content=\"summary_large_image\" \/>\n<meta name=\"twitter:label1\" content=\"Tiempo de lectura\" \/>\n\t<meta name=\"twitter:data1\" content=\"2 minutos\" \/>\n<script type=\"application\/ld+json\" class=\"yoast-schema-graph\">{\"@context\":\"https:\/\/schema.org\",\"@graph\":[{\"@type\":\"WebPage\",\"@id\":\"https:\/\/abaa.mx\/tienda\/dwyer-dm-001-transmisor-de-presion-diferencial-digimag-0-1-inwc\/\",\"url\":\"https:\/\/abaa.mx\/tienda\/dwyer-dm-001-transmisor-de-presion-diferencial-digimag-0-1-inwc\/\",\"name\":\"dwyer dm-001 transmisor de presi\u00f3n diferencial digimag, 0.1 inwc - Abaa tienda online\",\"isPartOf\":{\"@id\":\"https:\/\/abaa.mx\/tienda\/#website\"},\"primaryImageOfPage\":{\"@id\":\"https:\/\/abaa.mx\/tienda\/dwyer-dm-001-transmisor-de-presion-diferencial-digimag-0-1-inwc\/#primaryimage\"},\"image\":{\"@id\":\"https:\/\/abaa.mx\/tienda\/dwyer-dm-001-transmisor-de-presion-diferencial-digimag-0-1-inwc\/#primaryimage\"},\"thumbnailUrl\":\"https:\/\/abaa.mx\/tienda\/wp-content\/uploads\/2023\/09\/DM-001.jpg\",\"datePublished\":\"2023-09-25T19:52:35+00:00\",\"dateModified\":\"2023-09-25T19:52:36+00:00\",\"breadcrumb\":{\"@id\":\"https:\/\/abaa.mx\/tienda\/dwyer-dm-001-transmisor-de-presion-diferencial-digimag-0-1-inwc\/#breadcrumb\"},\"inLanguage\":\"es\",\"potentialAction\":[{\"@type\":\"ReadAction\",\"target\":[\"https:\/\/abaa.mx\/tienda\/dwyer-dm-001-transmisor-de-presion-diferencial-digimag-0-1-inwc\/\"]}]},{\"@type\":\"ImageObject\",\"inLanguage\":\"es\",\"@id\":\"https:\/\/abaa.mx\/tienda\/dwyer-dm-001-transmisor-de-presion-diferencial-digimag-0-1-inwc\/#primaryimage\",\"url\":\"https:\/\/abaa.mx\/tienda\/wp-content\/uploads\/2023\/09\/DM-001.jpg\",\"contentUrl\":\"https:\/\/abaa.mx\/tienda\/wp-content\/uploads\/2023\/09\/DM-001.jpg\",\"width\":342,\"height\":342,\"caption\":\"DM-001\"},{\"@type\":\"BreadcrumbList\",\"@id\":\"https:\/\/abaa.mx\/tienda\/dwyer-dm-001-transmisor-de-presion-diferencial-digimag-0-1-inwc\/#breadcrumb\",\"itemListElement\":[{\"@type\":\"ListItem\",\"position\":1,\"name\":\"Inicio\",\"item\":\"https:\/\/abaa.mx\/tienda\/\"},{\"@type\":\"ListItem\",\"position\":2,\"name\":\"Tienda\",\"item\":\"https:\/\/abaa.mx\/tienda\/\"},{\"@type\":\"ListItem\",\"position\":3,\"name\":\"dwyer dm-001 transmisor de presi\u00f3n diferencial digimag, 0.1 inwc\"}]},{\"@type\":\"WebSite\",\"@id\":\"https:\/\/abaa.mx\/tienda\/#website\",\"url\":\"https:\/\/abaa.mx\/tienda\/\",\"name\":\"Abaa tienda online\",\"description\":\"Instrumentos de medici\u00f3n\",\"publisher\":{\"@id\":\"https:\/\/abaa.mx\/tienda\/#organization\"},\"potentialAction\":[{\"@type\":\"SearchAction\",\"target\":{\"@type\":\"EntryPoint\",\"urlTemplate\":\"https:\/\/abaa.mx\/tienda\/?s={search_term_string}\"},\"query-input\":{\"@type\":\"PropertyValueSpecification\",\"valueRequired\":true,\"valueName\":\"search_term_string\"}}],\"inLanguage\":\"es\"},{\"@type\":\"Organization\",\"@id\":\"https:\/\/abaa.mx\/tienda\/#organization\",\"name\":\"Abaa tienda online\",\"url\":\"https:\/\/abaa.mx\/tienda\/\",\"logo\":{\"@type\":\"ImageObject\",\"inLanguage\":\"es\",\"@id\":\"https:\/\/abaa.mx\/tienda\/#\/schema\/logo\/image\/\",\"url\":\"https:\/\/abaa.mx\/tienda\/wp-content\/uploads\/2024\/01\/abaa-metrologia-tienda.png\",\"contentUrl\":\"https:\/\/abaa.mx\/tienda\/wp-content\/uploads\/2024\/01\/abaa-metrologia-tienda.png\",\"width\":300,\"height\":141,\"caption\":\"Abaa tienda online\"},\"image\":{\"@id\":\"https:\/\/abaa.mx\/tienda\/#\/schema\/logo\/image\/\"}}]}<\/script>\n<!-- \/ Yoast SEO plugin. -->","yoast_head_json":{"title":"dwyer dm-001 transmisor de presi\u00f3n diferencial digimag, 0.1 inwc - Abaa tienda online","robots":{"index":"index","follow":"follow","max-snippet":"max-snippet:-1","max-image-preview":"max-image-preview:large","max-video-preview":"max-video-preview:-1"},"canonical":"https:\/\/abaa.mx\/tienda\/dwyer-dm-001-transmisor-de-presion-diferencial-digimag-0-1-inwc\/","og_locale":"es_MX","og_type":"article","og_title":"dwyer dm-001 transmisor de presi\u00f3n diferencial digimag, 0.1 inwc - Abaa tienda online","og_description":"Detecta la presi\u00f3n del aire y los gases compatibles, este transmisor de presi\u00f3n diferencial cuenta con un rango de presi\u00f3n de 0,1 inWC y tiene una salida de 4 a 20 mA. R\u00e1pido y f\u00e1cil de configurar, este transmisor es adecuado para el control de ventiladores, presiones est\u00e1ticas en conductos o edificios, monitoreo de presurizaci\u00f3n de habitaciones y presi\u00f3n diferencial a trav\u00e9s de filtros.","og_url":"https:\/\/abaa.mx\/tienda\/dwyer-dm-001-transmisor-de-presion-diferencial-digimag-0-1-inwc\/","og_site_name":"Abaa tienda online","article_modified_time":"2023-09-25T19:52:36+00:00","og_image":[{"width":342,"height":342,"url":"https:\/\/abaa.mx\/tienda\/wp-content\/uploads\/2023\/09\/DM-001.jpg","type":"image\/jpeg"}],"twitter_card":"summary_large_image","twitter_misc":{"Tiempo de lectura":"2 minutos"},"schema":{"@context":"https:\/\/schema.org","@graph":[{"@type":"WebPage","@id":"https:\/\/abaa.mx\/tienda\/dwyer-dm-001-transmisor-de-presion-diferencial-digimag-0-1-inwc\/","url":"https:\/\/abaa.mx\/tienda\/dwyer-dm-001-transmisor-de-presion-diferencial-digimag-0-1-inwc\/","name":"dwyer dm-001 transmisor de presi\u00f3n diferencial digimag, 0.1 inwc - Abaa tienda online","isPartOf":{"@id":"https:\/\/abaa.mx\/tienda\/#website"},"primaryImageOfPage":{"@id":"https:\/\/abaa.mx\/tienda\/dwyer-dm-001-transmisor-de-presion-diferencial-digimag-0-1-inwc\/#primaryimage"},"image":{"@id":"https:\/\/abaa.mx\/tienda\/dwyer-dm-001-transmisor-de-presion-diferencial-digimag-0-1-inwc\/#primaryimage"},"thumbnailUrl":"https:\/\/abaa.mx\/tienda\/wp-content\/uploads\/2023\/09\/DM-001.jpg","datePublished":"2023-09-25T19:52:35+00:00","dateModified":"2023-09-25T19:52:36+00:00","breadcrumb":{"@id":"https:\/\/abaa.mx\/tienda\/dwyer-dm-001-transmisor-de-presion-diferencial-digimag-0-1-inwc\/#breadcrumb"},"inLanguage":"es","potentialAction":[{"@type":"ReadAction","target":["https:\/\/abaa.mx\/tienda\/dwyer-dm-001-transmisor-de-presion-diferencial-digimag-0-1-inwc\/"]}]},{"@type":"ImageObject","inLanguage":"es","@id":"https:\/\/abaa.mx\/tienda\/dwyer-dm-001-transmisor-de-presion-diferencial-digimag-0-1-inwc\/#primaryimage","url":"https:\/\/abaa.mx\/tienda\/wp-content\/uploads\/2023\/09\/DM-001.jpg","contentUrl":"https:\/\/abaa.mx\/tienda\/wp-content\/uploads\/2023\/09\/DM-001.jpg","width":342,"height":342,"caption":"DM-001"},{"@type":"BreadcrumbList","@id":"https:\/\/abaa.mx\/tienda\/dwyer-dm-001-transmisor-de-presion-diferencial-digimag-0-1-inwc\/#breadcrumb","itemListElement":[{"@type":"ListItem","position":1,"name":"Inicio","item":"https:\/\/abaa.mx\/tienda\/"},{"@type":"ListItem","position":2,"name":"Tienda","item":"https:\/\/abaa.mx\/tienda\/"},{"@type":"ListItem","position":3,"name":"dwyer dm-001 transmisor de presi\u00f3n diferencial digimag, 0.1 inwc"}]},{"@type":"WebSite","@id":"https:\/\/abaa.mx\/tienda\/#website","url":"https:\/\/abaa.mx\/tienda\/","name":"Abaa tienda online","description":"Instrumentos de medici\u00f3n","publisher":{"@id":"https:\/\/abaa.mx\/tienda\/#organization"},"potentialAction":[{"@type":"SearchAction","target":{"@type":"EntryPoint","urlTemplate":"https:\/\/abaa.mx\/tienda\/?s={search_term_string}"},"query-input":{"@type":"PropertyValueSpecification","valueRequired":true,"valueName":"search_term_string"}}],"inLanguage":"es"},{"@type":"Organization","@id":"https:\/\/abaa.mx\/tienda\/#organization","name":"Abaa tienda online","url":"https:\/\/abaa.mx\/tienda\/","logo":{"@type":"ImageObject","inLanguage":"es","@id":"https:\/\/abaa.mx\/tienda\/#\/schema\/logo\/image\/","url":"https:\/\/abaa.mx\/tienda\/wp-content\/uploads\/2024\/01\/abaa-metrologia-tienda.png","contentUrl":"https:\/\/abaa.mx\/tienda\/wp-content\/uploads\/2024\/01\/abaa-metrologia-tienda.png","width":300,"height":141,"caption":"Abaa tienda online"},"image":{"@id":"https:\/\/abaa.mx\/tienda\/#\/schema\/logo\/image\/"}}]}},"_links":{"self":[{"href":"https:\/\/abaa.mx\/tienda\/wp-json\/wp\/v2\/product\/2879","targetHints":{"allow":["GET"]}}],"collection":[{"href":"https:\/\/abaa.mx\/tienda\/wp-json\/wp\/v2\/product"}],"about":[{"href":"https:\/\/abaa.mx\/tienda\/wp-json\/wp\/v2\/types\/product"}],"replies":[{"embeddable":true,"href":"https:\/\/abaa.mx\/tienda\/wp-json\/wp\/v2\/comments?post=2879"}],"wp:featuredmedia":[{"embeddable":true,"href":"https:\/\/abaa.mx\/tienda\/wp-json\/wp\/v2\/media\/2881"}],"wp:attachment":[{"href":"https:\/\/abaa.mx\/tienda\/wp-json\/wp\/v2\/media?parent=2879"}],"wp:term":[{"taxonomy":"product_brand","embeddable":true,"href":"https:\/\/abaa.mx\/tienda\/wp-json\/wp\/v2\/product_brand?post=2879"},{"taxonomy":"product_cat","embeddable":true,"href":"https:\/\/abaa.mx\/tienda\/wp-json\/wp\/v2\/product_cat?post=2879"},{"taxonomy":"product_tag","embeddable":true,"href":"https:\/\/abaa.mx\/tienda\/wp-json\/wp\/v2\/product_tag?post=2879"}],"curies":[{"name":"wp","href":"https:\/\/api.w.org\/{rel}","templated":true}]}}