{"id":2878,"date":"2023-09-25T20:15:19","date_gmt":"2023-09-25T20:15:19","guid":{"rendered":"https:\/\/abaa.mx\/tienda\/?post_type=product&#038;p=2878"},"modified":"2023-11-27T17:49:46","modified_gmt":"2023-11-27T17:49:46","slug":"calibrador-de-proceso-de-documentacion-fluke-754-con-comunicacion-hart","status":"publish","type":"product","link":"https:\/\/abaa.mx\/tienda\/calibrador-de-proceso-de-documentacion-fluke-754-con-comunicacion-hart\/","title":{"rendered":"Calibrador de proceso de documentaci\u00f3n fluke 754 con comunicaci\u00f3n hart"},"content":{"rendered":"<h4><\/h4>\n<p>Al proporcionar resultados confiables, este calibrador de proceso de documentaci\u00f3n monitorea, controla, calibra la instrumentaci\u00f3n HART, registra y almacena los resultados. Proporcione y mida simult\u00e1neamente capacidades y comun\u00edquese a trav\u00e9s de protocolos digitales est\u00e1ndar de la industria.<\/p>\n<p>Esta unidad es un calibrador de documentaci\u00f3n multifunci\u00f3n de potencia que puede utilizar para descargar procedimientos, listas e instrucciones creadas con software; o cargar datos para imprimirlos, archivarlos y analizarlos. La potente interfaz HART incorporada es capaz de realizar casi todas las tareas diarias que ahora realiza con un comunicador separado.<\/p>\n<p>De hecho, este calibrador hace el trabajo de varias herramientas. Fuente, simula y mide presi\u00f3n, temperatura y se\u00f1ales el\u00e9ctricas con un dispositivo port\u00e1til resistente. Para la documentaci\u00f3n, automatiza los procedimientos de calibraci\u00f3n y captura sus datos y, por supuesto, lo ayuda a cumplir con est\u00e1ndares rigurosos como ISO 9000, FDA, EPA y regulaciones de OSHA. Adem\u00e1s, la pantalla gr\u00e1fica, la bater\u00eda Li-Ion para una vida \u00fatil m\u00e1s larga, el puerto USB y los accesorios lo ayudan a trabajar de manera m\u00e1s inteligente y r\u00e1pida.<\/p>\n<p>&nbsp;<\/p>\n<p>&nbsp;<\/p>\n<p><strong>Funciones:<\/strong><\/p>\n<ul>\n<li>Multifuncional: calibre la temperatura, la presi\u00f3n, el voltaje, la corriente, la resistencia y la frecuencia; Dado que mide y obtiene, solucione problemas y calibre todo con una herramienta robusta.<\/li>\n<li>Potente, pero f\u00e1cil de usar: la pantalla f\u00e1cil de seguir y basada en men\u00fas le gu\u00eda a trav\u00e9s de cualquier tarea, y las rutinas de calibraci\u00f3n programables le permiten crear y ejecutar procedimientos automatizados seg\u00fan se encuentran\/seg\u00fan la izquierda para garantizar calibraciones r\u00e1pidas y consistentes.<\/li>\n<li>Registra y documenta los resultados: Para admitir ISO-9000 o est\u00e1ndares reglamentarios, captura los resultados de calibraci\u00f3n, eliminando la necesidad de hacer malabares con un bol\u00edgrafo y una almohadilla en el campo, y la interfaz USB le permite transferir los resultados a una PC.<\/li>\n<li>Con\u00e9ctese al software de gesti\u00f3n de calibraci\u00f3n.<\/li>\n<li>Maneja transmisores RTD pulsados r\u00e1pidos y PLC, con pulsos tan cortos como 1 ms.<\/li>\n<li>Mide\/fuente la presi\u00f3n utilizando cualquiera de los 29 m\u00f3dulos de presi\u00f3n 700Pxx de Fluke.<\/li>\n<li>Crea y ejecuta procedimientos automatizados seg\u00fan se encuentran\/seg\u00fan la izquierda para satisfacer programas o regulaciones de calidad, y registra y documenta los resultados.<\/li>\n<li>Contiene hasta una semana completa de procedimientos descargados y resultados de calibraci\u00f3n.<\/li>\n<li>Utiliza muchas funciones como paso autom\u00e1tico, unidades personalizadas, valores ingresados por el usuario durante la prueba, pruebas de interruptores de uno y dos puntos, pruebas de flujo DP de ra\u00edz cuadrada, retardo de medici\u00f3n programable y m\u00e1s.<\/li>\n<li>Proporciona una interfaz multiling\u00fce f\u00e1cil de usar que muestra instrucciones en ingl\u00e9s, franc\u00e9s, alem\u00e1n, espa\u00f1ol e italiano.<\/li>\n<li>Cuenta con una pantalla dual blanca brillante para leer simult\u00e1neamente los par\u00e1metros de origen y medidos.<\/li>\n<li>Verdaderamente port\u00e1til: lo suficientemente peque\u00f1o como para caber f\u00e1cilmente en una bolsa de herramientas y para usar en espacios reducidos, y ejecuta un turno completo en un paquete de bater\u00edas recargables de iones de litio.<\/li>\n<li>Resistente y fiable: la carcasa de uretano sobremoldeada resiste un manejo brusco en entornos industriales.<\/li>\n<li>La pantalla blanca brillante le permite leer los resultados en cualquier tipo de luz, y la luz de fondo tiene tres configuraciones.<\/li>\n<li>Las teclas programables proporcionan acceso con un solo toque a funciones mejoradas como listas de tareas, procedimientos automatizados, escalado, m\u00ednimo\/m\u00e1ximo, paso a paso y rampa, y memoria de revisi\u00f3n.<\/li>\n<li>Tres modos de funcionamiento: Medir, Fuente o Medida\/Fuente simult\u00e1nea permite a los t\u00e9cnicos solucionar problemas, calibrar o mantener la instrumentaci\u00f3n con una sola herramienta.<\/li>\n<li>La capacidad de comunicaci\u00f3n HART integrada le permite programar y controlar la instrumentaci\u00f3n HART.<\/li>\n<li>\u00daselo inmediatamente sin una curva de aprendizaje.<\/li>\n<li>AutoStep permite a los t\u00e9cnicos configurar el calibrador para un inicio retrasado y una secuencia espec\u00edfica de pasos, de modo que pueda ejecutarse sin supervisi\u00f3n como una fuente de prueba que var\u00eda continuamente.<\/li>\n<li>Los valores introducidos por el usuario permiten a los usuarios capturar lecturas medidas u obtenidas por otros dispositivos.<\/li>\n<li>Las unidades personalizadas permiten escalar las lecturas y mostrarlas en cualquier unidad definida por el usuario.<\/li>\n<li>Los procedimientos de calibraci\u00f3n del interruptor realizan una calibraci\u00f3n r\u00e1pida y automatizada de interruptores de uno y dos puntos para voltaje, corriente, temperatura y presi\u00f3n.<\/li>\n<li>Las rutinas de calibraci\u00f3n de instrumentos de flujo de presi\u00f3n diferencial utilizan una funci\u00f3n de ra\u00edz cuadrada para calibrar directamente los instrumentos de flujo DP.<\/li>\n<li>La calculadora algebraica incorporada con cuatro funciones, m\u00e1s la ra\u00edz cuadrada, almacena, recuerda y realiza los c\u00e1lculos necesarios para configurar instrumentos o evaluar datos en el campo; Util\u00edcelo para establecer la funci\u00f3n de origen en un valor calculado.<\/li>\n<li>El retardo de medici\u00f3n programable dentro de los procedimientos automatizados permite calibrar instrumentos que responden lentamente.<\/li>\n<\/ul>\n<p>&nbsp;<\/p>\n<p><strong>Aplicaciones:<\/strong><\/p>\n<ul>\n<li>Calibraci\u00f3n.<\/li>\n<li>Mantenimiento.<\/li>\n<li>Soluci\u00f3n de problemas.<\/li>\n<\/ul>\n<p>&nbsp;<\/p>\n","protected":false},"excerpt":{"rendered":"<p class=\"short-description mhide ipad-view-setting\">Robusto y compacto, este calibrador de proceso de documentaci\u00f3n es potente y f\u00e1cil de usar. Ideal para solucionar problemas de instrumentaci\u00f3n HART, el calibrador ofrece funciones de comunicaci\u00f3n y calibraci\u00f3n en una sola herramienta. Con una pantalla brillante y una interfaz multiling\u00fce, el calibrador mide la presi\u00f3n, la temperatura y las se\u00f1ales el\u00e9ctricas.<\/p>\n<div class=\"row-fluid\">\n<div class=\"span12 mobile-pricing-box-padding\">\n<form id=\"11612\" accept-charset=\"utf-8\" action=\"https:\/\/www.globaltestsupply.com\/shop\/add\" method=\"post\" name=\"addTocartFunction\">\n<div><\/div>\n<\/form>\n<\/div>\n<\/div>\n","protected":false},"featured_media":2887,"comment_status":"open","ping_status":"closed","template":"","meta":{"_joinchat":[]},"product_brand":[],"product_cat":[15],"product_tag":[],"class_list":{"0":"post-2878","1":"product","2":"type-product","3":"status-publish","4":"has-post-thumbnail","6":"product_cat-sin-categorizar","8":"first","9":"instock","10":"shipping-taxable","11":"product-type-simple"},"yoast_head":"<!-- This site is optimized with the Yoast SEO plugin v26.4 - https:\/\/yoast.com\/wordpress\/plugins\/seo\/ -->\n<title>Calibrador de proceso de documentaci\u00f3n fluke 754 con comunicaci\u00f3n hart - Abaa tienda online<\/title>\n<meta name=\"robots\" content=\"index, follow, max-snippet:-1, max-image-preview:large, max-video-preview:-1\" \/>\n<link rel=\"canonical\" href=\"https:\/\/abaa.mx\/tienda\/calibrador-de-proceso-de-documentacion-fluke-754-con-comunicacion-hart\/\" \/>\n<meta property=\"og:locale\" content=\"es_MX\" \/>\n<meta property=\"og:type\" content=\"article\" \/>\n<meta property=\"og:title\" content=\"Calibrador de proceso de documentaci\u00f3n fluke 754 con comunicaci\u00f3n hart - Abaa tienda online\" \/>\n<meta property=\"og:description\" content=\"Robusto y compacto, este calibrador de proceso de documentaci\u00f3n es potente y f\u00e1cil de usar. Ideal para solucionar problemas de instrumentaci\u00f3n HART, el calibrador ofrece funciones de comunicaci\u00f3n y calibraci\u00f3n en una sola herramienta. Con una pantalla brillante y una interfaz multiling\u00fce, el calibrador mide la presi\u00f3n, la temperatura y las se\u00f1ales el\u00e9ctricas.\" \/>\n<meta property=\"og:url\" content=\"https:\/\/abaa.mx\/tienda\/calibrador-de-proceso-de-documentacion-fluke-754-con-comunicacion-hart\/\" \/>\n<meta property=\"og:site_name\" content=\"Abaa tienda online\" \/>\n<meta property=\"article:modified_time\" content=\"2023-11-27T17:49:46+00:00\" \/>\n<meta property=\"og:image\" content=\"https:\/\/abaa.mx\/tienda\/wp-content\/uploads\/2023\/09\/754.jpg\" \/>\n\t<meta property=\"og:image:width\" content=\"460\" \/>\n\t<meta property=\"og:image:height\" content=\"488\" \/>\n\t<meta property=\"og:image:type\" content=\"image\/jpeg\" \/>\n<meta name=\"twitter:card\" content=\"summary_large_image\" \/>\n<meta name=\"twitter:label1\" content=\"Tiempo de lectura\" \/>\n\t<meta name=\"twitter:data1\" content=\"4 minutos\" \/>\n<script type=\"application\/ld+json\" class=\"yoast-schema-graph\">{\"@context\":\"https:\/\/schema.org\",\"@graph\":[{\"@type\":\"WebPage\",\"@id\":\"https:\/\/abaa.mx\/tienda\/calibrador-de-proceso-de-documentacion-fluke-754-con-comunicacion-hart\/\",\"url\":\"https:\/\/abaa.mx\/tienda\/calibrador-de-proceso-de-documentacion-fluke-754-con-comunicacion-hart\/\",\"name\":\"Calibrador de proceso de documentaci\u00f3n fluke 754 con comunicaci\u00f3n hart - Abaa tienda online\",\"isPartOf\":{\"@id\":\"https:\/\/abaa.mx\/tienda\/#website\"},\"primaryImageOfPage\":{\"@id\":\"https:\/\/abaa.mx\/tienda\/calibrador-de-proceso-de-documentacion-fluke-754-con-comunicacion-hart\/#primaryimage\"},\"image\":{\"@id\":\"https:\/\/abaa.mx\/tienda\/calibrador-de-proceso-de-documentacion-fluke-754-con-comunicacion-hart\/#primaryimage\"},\"thumbnailUrl\":\"https:\/\/abaa.mx\/tienda\/wp-content\/uploads\/2023\/09\/754.jpg\",\"datePublished\":\"2023-09-25T20:15:19+00:00\",\"dateModified\":\"2023-11-27T17:49:46+00:00\",\"breadcrumb\":{\"@id\":\"https:\/\/abaa.mx\/tienda\/calibrador-de-proceso-de-documentacion-fluke-754-con-comunicacion-hart\/#breadcrumb\"},\"inLanguage\":\"es\",\"potentialAction\":[{\"@type\":\"ReadAction\",\"target\":[\"https:\/\/abaa.mx\/tienda\/calibrador-de-proceso-de-documentacion-fluke-754-con-comunicacion-hart\/\"]}]},{\"@type\":\"ImageObject\",\"inLanguage\":\"es\",\"@id\":\"https:\/\/abaa.mx\/tienda\/calibrador-de-proceso-de-documentacion-fluke-754-con-comunicacion-hart\/#primaryimage\",\"url\":\"https:\/\/abaa.mx\/tienda\/wp-content\/uploads\/2023\/09\/754.jpg\",\"contentUrl\":\"https:\/\/abaa.mx\/tienda\/wp-content\/uploads\/2023\/09\/754.jpg\",\"width\":460,\"height\":488,\"caption\":\"fluke-754-con-comunicacion-hart\"},{\"@type\":\"BreadcrumbList\",\"@id\":\"https:\/\/abaa.mx\/tienda\/calibrador-de-proceso-de-documentacion-fluke-754-con-comunicacion-hart\/#breadcrumb\",\"itemListElement\":[{\"@type\":\"ListItem\",\"position\":1,\"name\":\"Inicio\",\"item\":\"https:\/\/abaa.mx\/tienda\/\"},{\"@type\":\"ListItem\",\"position\":2,\"name\":\"Tienda\",\"item\":\"https:\/\/abaa.mx\/tienda\/\"},{\"@type\":\"ListItem\",\"position\":3,\"name\":\"Calibrador de proceso de documentaci\u00f3n fluke 754 con comunicaci\u00f3n hart\"}]},{\"@type\":\"WebSite\",\"@id\":\"https:\/\/abaa.mx\/tienda\/#website\",\"url\":\"https:\/\/abaa.mx\/tienda\/\",\"name\":\"Abaa tienda online\",\"description\":\"Instrumentos de medici\u00f3n\",\"publisher\":{\"@id\":\"https:\/\/abaa.mx\/tienda\/#organization\"},\"potentialAction\":[{\"@type\":\"SearchAction\",\"target\":{\"@type\":\"EntryPoint\",\"urlTemplate\":\"https:\/\/abaa.mx\/tienda\/?s={search_term_string}\"},\"query-input\":{\"@type\":\"PropertyValueSpecification\",\"valueRequired\":true,\"valueName\":\"search_term_string\"}}],\"inLanguage\":\"es\"},{\"@type\":\"Organization\",\"@id\":\"https:\/\/abaa.mx\/tienda\/#organization\",\"name\":\"Abaa tienda online\",\"url\":\"https:\/\/abaa.mx\/tienda\/\",\"logo\":{\"@type\":\"ImageObject\",\"inLanguage\":\"es\",\"@id\":\"https:\/\/abaa.mx\/tienda\/#\/schema\/logo\/image\/\",\"url\":\"https:\/\/abaa.mx\/tienda\/wp-content\/uploads\/2024\/01\/abaa-metrologia-tienda.png\",\"contentUrl\":\"https:\/\/abaa.mx\/tienda\/wp-content\/uploads\/2024\/01\/abaa-metrologia-tienda.png\",\"width\":300,\"height\":141,\"caption\":\"Abaa tienda online\"},\"image\":{\"@id\":\"https:\/\/abaa.mx\/tienda\/#\/schema\/logo\/image\/\"}}]}<\/script>\n<!-- \/ Yoast SEO plugin. -->","yoast_head_json":{"title":"Calibrador de proceso de documentaci\u00f3n fluke 754 con comunicaci\u00f3n hart - Abaa tienda online","robots":{"index":"index","follow":"follow","max-snippet":"max-snippet:-1","max-image-preview":"max-image-preview:large","max-video-preview":"max-video-preview:-1"},"canonical":"https:\/\/abaa.mx\/tienda\/calibrador-de-proceso-de-documentacion-fluke-754-con-comunicacion-hart\/","og_locale":"es_MX","og_type":"article","og_title":"Calibrador de proceso de documentaci\u00f3n fluke 754 con comunicaci\u00f3n hart - Abaa tienda online","og_description":"Robusto y compacto, este calibrador de proceso de documentaci\u00f3n es potente y f\u00e1cil de usar. Ideal para solucionar problemas de instrumentaci\u00f3n HART, el calibrador ofrece funciones de comunicaci\u00f3n y calibraci\u00f3n en una sola herramienta. Con una pantalla brillante y una interfaz multiling\u00fce, el calibrador mide la presi\u00f3n, la temperatura y las se\u00f1ales el\u00e9ctricas.","og_url":"https:\/\/abaa.mx\/tienda\/calibrador-de-proceso-de-documentacion-fluke-754-con-comunicacion-hart\/","og_site_name":"Abaa tienda online","article_modified_time":"2023-11-27T17:49:46+00:00","og_image":[{"width":460,"height":488,"url":"https:\/\/abaa.mx\/tienda\/wp-content\/uploads\/2023\/09\/754.jpg","type":"image\/jpeg"}],"twitter_card":"summary_large_image","twitter_misc":{"Tiempo de lectura":"4 minutos"},"schema":{"@context":"https:\/\/schema.org","@graph":[{"@type":"WebPage","@id":"https:\/\/abaa.mx\/tienda\/calibrador-de-proceso-de-documentacion-fluke-754-con-comunicacion-hart\/","url":"https:\/\/abaa.mx\/tienda\/calibrador-de-proceso-de-documentacion-fluke-754-con-comunicacion-hart\/","name":"Calibrador de proceso de documentaci\u00f3n fluke 754 con comunicaci\u00f3n hart - Abaa tienda online","isPartOf":{"@id":"https:\/\/abaa.mx\/tienda\/#website"},"primaryImageOfPage":{"@id":"https:\/\/abaa.mx\/tienda\/calibrador-de-proceso-de-documentacion-fluke-754-con-comunicacion-hart\/#primaryimage"},"image":{"@id":"https:\/\/abaa.mx\/tienda\/calibrador-de-proceso-de-documentacion-fluke-754-con-comunicacion-hart\/#primaryimage"},"thumbnailUrl":"https:\/\/abaa.mx\/tienda\/wp-content\/uploads\/2023\/09\/754.jpg","datePublished":"2023-09-25T20:15:19+00:00","dateModified":"2023-11-27T17:49:46+00:00","breadcrumb":{"@id":"https:\/\/abaa.mx\/tienda\/calibrador-de-proceso-de-documentacion-fluke-754-con-comunicacion-hart\/#breadcrumb"},"inLanguage":"es","potentialAction":[{"@type":"ReadAction","target":["https:\/\/abaa.mx\/tienda\/calibrador-de-proceso-de-documentacion-fluke-754-con-comunicacion-hart\/"]}]},{"@type":"ImageObject","inLanguage":"es","@id":"https:\/\/abaa.mx\/tienda\/calibrador-de-proceso-de-documentacion-fluke-754-con-comunicacion-hart\/#primaryimage","url":"https:\/\/abaa.mx\/tienda\/wp-content\/uploads\/2023\/09\/754.jpg","contentUrl":"https:\/\/abaa.mx\/tienda\/wp-content\/uploads\/2023\/09\/754.jpg","width":460,"height":488,"caption":"fluke-754-con-comunicacion-hart"},{"@type":"BreadcrumbList","@id":"https:\/\/abaa.mx\/tienda\/calibrador-de-proceso-de-documentacion-fluke-754-con-comunicacion-hart\/#breadcrumb","itemListElement":[{"@type":"ListItem","position":1,"name":"Inicio","item":"https:\/\/abaa.mx\/tienda\/"},{"@type":"ListItem","position":2,"name":"Tienda","item":"https:\/\/abaa.mx\/tienda\/"},{"@type":"ListItem","position":3,"name":"Calibrador de proceso de documentaci\u00f3n fluke 754 con comunicaci\u00f3n hart"}]},{"@type":"WebSite","@id":"https:\/\/abaa.mx\/tienda\/#website","url":"https:\/\/abaa.mx\/tienda\/","name":"Abaa tienda online","description":"Instrumentos de medici\u00f3n","publisher":{"@id":"https:\/\/abaa.mx\/tienda\/#organization"},"potentialAction":[{"@type":"SearchAction","target":{"@type":"EntryPoint","urlTemplate":"https:\/\/abaa.mx\/tienda\/?s={search_term_string}"},"query-input":{"@type":"PropertyValueSpecification","valueRequired":true,"valueName":"search_term_string"}}],"inLanguage":"es"},{"@type":"Organization","@id":"https:\/\/abaa.mx\/tienda\/#organization","name":"Abaa tienda online","url":"https:\/\/abaa.mx\/tienda\/","logo":{"@type":"ImageObject","inLanguage":"es","@id":"https:\/\/abaa.mx\/tienda\/#\/schema\/logo\/image\/","url":"https:\/\/abaa.mx\/tienda\/wp-content\/uploads\/2024\/01\/abaa-metrologia-tienda.png","contentUrl":"https:\/\/abaa.mx\/tienda\/wp-content\/uploads\/2024\/01\/abaa-metrologia-tienda.png","width":300,"height":141,"caption":"Abaa tienda online"},"image":{"@id":"https:\/\/abaa.mx\/tienda\/#\/schema\/logo\/image\/"}}]}},"_links":{"self":[{"href":"https:\/\/abaa.mx\/tienda\/wp-json\/wp\/v2\/product\/2878","targetHints":{"allow":["GET"]}}],"collection":[{"href":"https:\/\/abaa.mx\/tienda\/wp-json\/wp\/v2\/product"}],"about":[{"href":"https:\/\/abaa.mx\/tienda\/wp-json\/wp\/v2\/types\/product"}],"replies":[{"embeddable":true,"href":"https:\/\/abaa.mx\/tienda\/wp-json\/wp\/v2\/comments?post=2878"}],"wp:featuredmedia":[{"embeddable":true,"href":"https:\/\/abaa.mx\/tienda\/wp-json\/wp\/v2\/media\/2887"}],"wp:attachment":[{"href":"https:\/\/abaa.mx\/tienda\/wp-json\/wp\/v2\/media?parent=2878"}],"wp:term":[{"taxonomy":"product_brand","embeddable":true,"href":"https:\/\/abaa.mx\/tienda\/wp-json\/wp\/v2\/product_brand?post=2878"},{"taxonomy":"product_cat","embeddable":true,"href":"https:\/\/abaa.mx\/tienda\/wp-json\/wp\/v2\/product_cat?post=2878"},{"taxonomy":"product_tag","embeddable":true,"href":"https:\/\/abaa.mx\/tienda\/wp-json\/wp\/v2\/product_tag?post=2878"}],"curies":[{"name":"wp","href":"https:\/\/api.w.org\/{rel}","templated":true}]}}