{"id":2862,"date":"2023-09-25T19:43:30","date_gmt":"2023-09-25T19:43:30","guid":{"rendered":"https:\/\/abaa.mx\/tienda\/?post_type=product&#038;p=2862"},"modified":"2023-09-25T19:43:32","modified_gmt":"2023-09-25T19:43:32","slug":"kit-processmeter-789-de-fluke","status":"publish","type":"product","link":"https:\/\/abaa.mx\/tienda\/kit-processmeter-789-de-fluke\/","title":{"rendered":"Kit processmeter 789 de fluke"},"content":{"rendered":"<p><strong>Este medidor de proceso duplica su potencia de resoluci\u00f3n de problemas y est\u00e1 habilitado para Fluke Connect<\/strong><\/p>\n<p>Herramienta de soluci\u00f3n de problemas ideal para electricistas y profesionales de la instrumentaci\u00f3n, este medidor de proceso combina la funcionalidad de un calibrador de bucle y la potencia de un mult\u00edmetro digital. Este instrumento tambi\u00e9n viene suministrado con las capacidades de conectividad Fluke Connect. Adem\u00e1s, viene equipado con una resistencia HART\u00ae de 250 \u03a9 seleccionable incorporada que elimina la necesidad de llevar una resistencia separada y una pantalla grande y brillante.<\/p>\n<p>Viene equipado con un suministro de bucle de 24 voltios, lo que reduce la necesidad de llevar una fuente de alimentaci\u00f3n separada cuando se realizan pruebas de transmisor fuera de l\u00ednea. Puede agregar un m\u00f3dulo de medici\u00f3n de temperatura opcional y las capacidades de registro de datos inal\u00e1mbricos de la aplicaci\u00f3n m\u00f3vil Fluke Connect\u2122 para registrar datos de forma inal\u00e1mbrica en su smartphone y revisarlos desde una ubicaci\u00f3n remota. As\u00ed que ahora los t\u00e9cnicos de procesos pueden hacer mucho m\u00e1s mientras llevan mucho menos.<\/p>\n<h5><strong>Funciones<\/strong><\/h5>\n<ul>\n<li>Fuente\/medida\/simulaci\u00f3n de corriente continua de 20 mA<\/li>\n<li>Lectura simult\u00e1nea de mA y % de escala<\/li>\n<li>DMM dise\u00f1ado para cumplir con los est\u00e1ndares IEC 1000 CAT III de 61010 voltios y 600 V CAT IV<\/li>\n<li>Compatibilidad con Fluke Connect\u00a0para el registro de datos inal\u00e1mbrico (con IR3000FC m\u00f3dulo)<\/li>\n<li>Mult\u00edmetro digital Precision 1000 V, 440 mA True RMS<\/li>\n<li>Medici\u00f3n de frecuencia hasta 20 kHz<\/li>\n<li>Modos m\u00edn.\/m\u00e1ximo\/promedio\/retenci\u00f3n\/relativo<\/li>\n<li>Prueba de diodo y pitido de continuidad<\/li>\n<li>Paso manual (100%, 25%, grueso, fino) m\u00e1s paso autom\u00e1tico y rampa autom\u00e1tica<\/li>\n<li>Bater\u00eda accesible externamente para facilitar los cambios de bater\u00eda<\/li>\n<li>Fuente de alimentaci\u00f3n de bucle de 24 V<\/li>\n<li>Configuraci\u00f3n del modo HART con potencia de bucle (agrega resistencia de 250 ohmios)<\/li>\n<li>Proporciona capacidad de unidad de 1200 ohmios en fuente mA<\/li>\n<li>Ofrece una precisi\u00f3n de voltaje de CC del 0,1% y una precisi\u00f3n de corriente continua del 0,05%<\/li>\n<li>Incluye botones de 0% y 100% para alternar entre 4 y 20 mA de abastecimiento para una comprobaci\u00f3n r\u00e1pida del intervalo<\/li>\n<li>Gran pantalla dual con ajustes mejorados de brillo de retroiluminaci\u00f3n de dos niveles<\/li>\n<\/ul>\n<h5><strong>Aplicaciones<\/strong><\/h5>\n<ul>\n<li>Electricidad e instrumentaci\u00f3n<\/li>\n<\/ul>\n<h4>Fluke 789-KIT5 Especificaciones<\/h4>\n<table class=\"table table-striped\">\n<tbody>\n<tr>\n<td colspan=\"2\"><strong>Medici\u00f3n de corriente<\/strong><\/td>\n<\/tr>\n<tr>\n<td>Gama<\/td>\n<td>0 a 1 A CA o CC<\/td>\n<\/tr>\n<tr>\n<td>Resoluci\u00f3n<\/td>\n<td>1 mA<\/td>\n<\/tr>\n<tr>\n<td>Exactitud<\/td>\n<td>0.2% + 2 LSD (DC)<\/td>\n<\/tr>\n<tr>\n<td>Gama<\/td>\n<td>0 a 30 mA<\/td>\n<\/tr>\n<tr>\n<td>Resoluci\u00f3n<\/td>\n<td>0,001 mA<\/td>\n<\/tr>\n<tr>\n<td>Exactitud<\/td>\n<td>0.05% + 2 lSD<\/td>\n<\/tr>\n<tr>\n<td colspan=\"2\"><strong>Abastecimiento actual<\/strong><\/td>\n<\/tr>\n<tr>\n<td>Gama<\/td>\n<td>0 a 20 mA o 4 a 20 mA<\/td>\n<\/tr>\n<tr>\n<td>Resoluci\u00f3n<\/td>\n<td>0.05% del span<\/td>\n<\/tr>\n<tr>\n<td>Capacidad de unidad<\/td>\n<td>Conformidad con 24 V o 1200 \u03a9 a 20 mA<\/td>\n<\/tr>\n<tr>\n<td colspan=\"2\"><strong>Medici\u00f3n de voltaje<\/strong><\/td>\n<\/tr>\n<tr>\n<td>Gama<\/td>\n<td>0 a 1000 V CA (RMS verdadero) o CC<\/td>\n<\/tr>\n<tr>\n<td>Resoluci\u00f3n<\/td>\n<td>De 0,1 mV a 1,0 V<\/td>\n<\/tr>\n<tr>\n<td>Exactitud<\/td>\n<td>0,1% Rdg + 1 LSD (VDC)<\/td>\n<\/tr>\n<tr>\n<td colspan=\"2\"><strong>Especificaciones el\u00e9ctricas<\/strong><\/td>\n<\/tr>\n<tr>\n<td>Frecuencia<\/td>\n<td>Hasta 19.999 kHz, 0.005% + 1 LSD<\/td>\n<\/tr>\n<tr>\n<td>Continuidad<\/td>\n<td>Pitidos para resistencia &lt;100 \u03a9<\/td>\n<\/tr>\n<tr>\n<td>Medici\u00f3n de resistencia<\/td>\n<td>Hasta 40 M\u03a9, 0,2% + 1 LSD<\/td>\n<\/tr>\n<tr>\n<td>Prueba de diodo<\/td>\n<td>Ca\u00edda de voltaje de diodo de zapatos de 2.0 V<\/td>\n<\/tr>\n<tr>\n<td>Mostrar la corriente y el % del intervalo<\/td>\n<td>S\u00ed<\/td>\n<\/tr>\n<tr>\n<td>Paso autom\u00e1tico, rampa autom\u00e1tica<\/td>\n<td>S\u00ed<\/td>\n<\/tr>\n<tr>\n<td colspan=\"2\"><strong>Especificaciones ambientales<\/strong><\/td>\n<\/tr>\n<tr>\n<td>Temperatura de funcionamiento<\/td>\n<td>-4 a 131\u00b0F (-20 a 55\u00b0C)<\/td>\n<\/tr>\n<tr>\n<td>Temperatura de almacenamiento<\/td>\n<td>-40 a 140\u00b0F (-40 a 60\u00b0C)<\/td>\n<\/tr>\n<tr>\n<td>Humedad (sin condensaci\u00f3n)<\/td>\n<td>95% hasta 86\u00b0F (30\u00b0C) 75% hasta 104\u00b0F (40\u00b0C) 45% hasta 122\u00b0F (50\u00b0C) 35% hasta 131\u00b0F (55\u00b0C)<\/td>\n<\/tr>\n<tr>\n<td>Coeficiente de temperatura<\/td>\n<td>0,05 x (precisi\u00f3n especificada) por \u00b0C (para temperaturas &lt;18 \u00b0C o &gt;28 \u00b0C)<\/td>\n<\/tr>\n<tr>\n<td colspan=\"2\"><strong>Especificaciones de seguridad<\/strong><\/td>\n<\/tr>\n<tr>\n<td>Seguridad el\u00e9ctrica<\/td>\n<td>Dise\u00f1ado de acuerdo con IEC 1010-1, ANSI\/ISA S82.01-1994 y CAN\/CSA C22.2 No 1010.1-92<\/td>\n<\/tr>\n<tr>\n<td>Categor\u00eda de sobretensi\u00f3n<\/td>\n<td>IEC 1010-1 CAT III 1000 V<br \/>\nIEC 1010-1 CAT IV 600 V<\/td>\n<\/tr>\n<tr>\n<td>Voltaje m\u00e1ximo<\/td>\n<td>1000 V RMS<\/td>\n<\/tr>\n<tr>\n<td colspan=\"2\"><strong>Especificaciones mec\u00e1nicas y generales<\/strong><\/td>\n<\/tr>\n<tr>\n<td>Bater\u00edas<\/td>\n<td>4 pilas alcalinas AA<\/td>\n<\/tr>\n<tr>\n<td>Duraci\u00f3n de la bater\u00eda<\/td>\n<td>140 horas t\u00edpicas (medici\u00f3n), 10 horas t\u00edpicas (abastecimiento 20 mA)<\/td>\n<\/tr>\n<tr>\n<td>Choque y vibraci\u00f3n<\/td>\n<td>Prueba aleatoria, 2 g, 5 a 500 Hz<br \/>\nPrueba de ca\u00edda de 1 m<\/td>\n<\/tr>\n<tr>\n<td>Dimensiones<\/td>\n<td>1,25 x 3,41 x 7,35&#8243; (50 x 100 x 203 mm)<\/td>\n<\/tr>\n<tr>\n<td>Peso<\/td>\n<td>1,6 libras (610 g)<\/td>\n<\/tr>\n<\/tbody>\n<\/table>\n<h4><\/h4>\n","protected":false},"excerpt":{"rendered":"<p>Ideal para solucionar problemas y calibrar aplicaciones de bucle de corriente, este medidor de proceso es compatible con la aplicaci\u00f3n Fluke Connect, que permite a los t\u00e9cnicos de compatibilidad supervisar, registrar y compartir datos de forma inal\u00e1mbrica desde el campo.<\/p>\n","protected":false},"featured_media":2871,"comment_status":"open","ping_status":"closed","template":"","meta":{"_joinchat":[]},"product_brand":[],"product_cat":[15],"product_tag":[],"class_list":{"0":"post-2862","1":"product","2":"type-product","3":"status-publish","4":"has-post-thumbnail","6":"product_cat-sin-categorizar","8":"first","9":"instock","10":"shipping-taxable","11":"product-type-simple"},"yoast_head":"<!-- This site is optimized with the Yoast SEO plugin v26.4 - https:\/\/yoast.com\/wordpress\/plugins\/seo\/ -->\n<title>Kit processmeter 789 de fluke - Abaa tienda online<\/title>\n<meta name=\"robots\" content=\"index, follow, max-snippet:-1, max-image-preview:large, max-video-preview:-1\" \/>\n<link rel=\"canonical\" href=\"https:\/\/abaa.mx\/tienda\/kit-processmeter-789-de-fluke\/\" \/>\n<meta property=\"og:locale\" content=\"es_MX\" \/>\n<meta property=\"og:type\" content=\"article\" \/>\n<meta property=\"og:title\" content=\"Kit processmeter 789 de fluke - Abaa tienda online\" \/>\n<meta property=\"og:description\" content=\"Ideal para solucionar problemas y calibrar aplicaciones de bucle de corriente, este medidor de proceso es compatible con la aplicaci\u00f3n Fluke Connect, que permite a los t\u00e9cnicos de compatibilidad supervisar, registrar y compartir datos de forma inal\u00e1mbrica desde el campo.\" \/>\n<meta property=\"og:url\" content=\"https:\/\/abaa.mx\/tienda\/kit-processmeter-789-de-fluke\/\" \/>\n<meta property=\"og:site_name\" content=\"Abaa tienda online\" \/>\n<meta property=\"article:modified_time\" content=\"2023-09-25T19:43:32+00:00\" \/>\n<meta property=\"og:image\" content=\"https:\/\/abaa.mx\/tienda\/wp-content\/uploads\/2023\/09\/789-KIT5.jpg\" \/>\n\t<meta property=\"og:image:width\" content=\"270\" \/>\n\t<meta property=\"og:image:height\" content=\"290\" \/>\n\t<meta property=\"og:image:type\" content=\"image\/jpeg\" \/>\n<meta name=\"twitter:card\" content=\"summary_large_image\" \/>\n<meta name=\"twitter:label1\" content=\"Tiempo de lectura\" \/>\n\t<meta name=\"twitter:data1\" content=\"3 minutos\" \/>\n<script type=\"application\/ld+json\" class=\"yoast-schema-graph\">{\"@context\":\"https:\/\/schema.org\",\"@graph\":[{\"@type\":\"WebPage\",\"@id\":\"https:\/\/abaa.mx\/tienda\/kit-processmeter-789-de-fluke\/\",\"url\":\"https:\/\/abaa.mx\/tienda\/kit-processmeter-789-de-fluke\/\",\"name\":\"Kit processmeter 789 de fluke - Abaa tienda online\",\"isPartOf\":{\"@id\":\"https:\/\/abaa.mx\/tienda\/#website\"},\"primaryImageOfPage\":{\"@id\":\"https:\/\/abaa.mx\/tienda\/kit-processmeter-789-de-fluke\/#primaryimage\"},\"image\":{\"@id\":\"https:\/\/abaa.mx\/tienda\/kit-processmeter-789-de-fluke\/#primaryimage\"},\"thumbnailUrl\":\"https:\/\/abaa.mx\/tienda\/wp-content\/uploads\/2023\/09\/789-KIT5.jpg\",\"datePublished\":\"2023-09-25T19:43:30+00:00\",\"dateModified\":\"2023-09-25T19:43:32+00:00\",\"breadcrumb\":{\"@id\":\"https:\/\/abaa.mx\/tienda\/kit-processmeter-789-de-fluke\/#breadcrumb\"},\"inLanguage\":\"es\",\"potentialAction\":[{\"@type\":\"ReadAction\",\"target\":[\"https:\/\/abaa.mx\/tienda\/kit-processmeter-789-de-fluke\/\"]}]},{\"@type\":\"ImageObject\",\"inLanguage\":\"es\",\"@id\":\"https:\/\/abaa.mx\/tienda\/kit-processmeter-789-de-fluke\/#primaryimage\",\"url\":\"https:\/\/abaa.mx\/tienda\/wp-content\/uploads\/2023\/09\/789-KIT5.jpg\",\"contentUrl\":\"https:\/\/abaa.mx\/tienda\/wp-content\/uploads\/2023\/09\/789-KIT5.jpg\",\"width\":270,\"height\":290,\"caption\":\"kit-processmeter-789-de-fluke\"},{\"@type\":\"BreadcrumbList\",\"@id\":\"https:\/\/abaa.mx\/tienda\/kit-processmeter-789-de-fluke\/#breadcrumb\",\"itemListElement\":[{\"@type\":\"ListItem\",\"position\":1,\"name\":\"Inicio\",\"item\":\"https:\/\/abaa.mx\/tienda\/\"},{\"@type\":\"ListItem\",\"position\":2,\"name\":\"Tienda\",\"item\":\"https:\/\/abaa.mx\/tienda\/\"},{\"@type\":\"ListItem\",\"position\":3,\"name\":\"Kit processmeter 789 de fluke\"}]},{\"@type\":\"WebSite\",\"@id\":\"https:\/\/abaa.mx\/tienda\/#website\",\"url\":\"https:\/\/abaa.mx\/tienda\/\",\"name\":\"Abaa tienda online\",\"description\":\"Instrumentos de medici\u00f3n\",\"publisher\":{\"@id\":\"https:\/\/abaa.mx\/tienda\/#organization\"},\"potentialAction\":[{\"@type\":\"SearchAction\",\"target\":{\"@type\":\"EntryPoint\",\"urlTemplate\":\"https:\/\/abaa.mx\/tienda\/?s={search_term_string}\"},\"query-input\":{\"@type\":\"PropertyValueSpecification\",\"valueRequired\":true,\"valueName\":\"search_term_string\"}}],\"inLanguage\":\"es\"},{\"@type\":\"Organization\",\"@id\":\"https:\/\/abaa.mx\/tienda\/#organization\",\"name\":\"Abaa tienda online\",\"url\":\"https:\/\/abaa.mx\/tienda\/\",\"logo\":{\"@type\":\"ImageObject\",\"inLanguage\":\"es\",\"@id\":\"https:\/\/abaa.mx\/tienda\/#\/schema\/logo\/image\/\",\"url\":\"https:\/\/abaa.mx\/tienda\/wp-content\/uploads\/2024\/01\/abaa-metrologia-tienda.png\",\"contentUrl\":\"https:\/\/abaa.mx\/tienda\/wp-content\/uploads\/2024\/01\/abaa-metrologia-tienda.png\",\"width\":300,\"height\":141,\"caption\":\"Abaa tienda online\"},\"image\":{\"@id\":\"https:\/\/abaa.mx\/tienda\/#\/schema\/logo\/image\/\"}}]}<\/script>\n<!-- \/ Yoast SEO plugin. -->","yoast_head_json":{"title":"Kit processmeter 789 de fluke - Abaa tienda online","robots":{"index":"index","follow":"follow","max-snippet":"max-snippet:-1","max-image-preview":"max-image-preview:large","max-video-preview":"max-video-preview:-1"},"canonical":"https:\/\/abaa.mx\/tienda\/kit-processmeter-789-de-fluke\/","og_locale":"es_MX","og_type":"article","og_title":"Kit processmeter 789 de fluke - Abaa tienda online","og_description":"Ideal para solucionar problemas y calibrar aplicaciones de bucle de corriente, este medidor de proceso es compatible con la aplicaci\u00f3n Fluke Connect, que permite a los t\u00e9cnicos de compatibilidad supervisar, registrar y compartir datos de forma inal\u00e1mbrica desde el campo.","og_url":"https:\/\/abaa.mx\/tienda\/kit-processmeter-789-de-fluke\/","og_site_name":"Abaa tienda online","article_modified_time":"2023-09-25T19:43:32+00:00","og_image":[{"width":270,"height":290,"url":"https:\/\/abaa.mx\/tienda\/wp-content\/uploads\/2023\/09\/789-KIT5.jpg","type":"image\/jpeg"}],"twitter_card":"summary_large_image","twitter_misc":{"Tiempo de lectura":"3 minutos"},"schema":{"@context":"https:\/\/schema.org","@graph":[{"@type":"WebPage","@id":"https:\/\/abaa.mx\/tienda\/kit-processmeter-789-de-fluke\/","url":"https:\/\/abaa.mx\/tienda\/kit-processmeter-789-de-fluke\/","name":"Kit processmeter 789 de fluke - Abaa tienda online","isPartOf":{"@id":"https:\/\/abaa.mx\/tienda\/#website"},"primaryImageOfPage":{"@id":"https:\/\/abaa.mx\/tienda\/kit-processmeter-789-de-fluke\/#primaryimage"},"image":{"@id":"https:\/\/abaa.mx\/tienda\/kit-processmeter-789-de-fluke\/#primaryimage"},"thumbnailUrl":"https:\/\/abaa.mx\/tienda\/wp-content\/uploads\/2023\/09\/789-KIT5.jpg","datePublished":"2023-09-25T19:43:30+00:00","dateModified":"2023-09-25T19:43:32+00:00","breadcrumb":{"@id":"https:\/\/abaa.mx\/tienda\/kit-processmeter-789-de-fluke\/#breadcrumb"},"inLanguage":"es","potentialAction":[{"@type":"ReadAction","target":["https:\/\/abaa.mx\/tienda\/kit-processmeter-789-de-fluke\/"]}]},{"@type":"ImageObject","inLanguage":"es","@id":"https:\/\/abaa.mx\/tienda\/kit-processmeter-789-de-fluke\/#primaryimage","url":"https:\/\/abaa.mx\/tienda\/wp-content\/uploads\/2023\/09\/789-KIT5.jpg","contentUrl":"https:\/\/abaa.mx\/tienda\/wp-content\/uploads\/2023\/09\/789-KIT5.jpg","width":270,"height":290,"caption":"kit-processmeter-789-de-fluke"},{"@type":"BreadcrumbList","@id":"https:\/\/abaa.mx\/tienda\/kit-processmeter-789-de-fluke\/#breadcrumb","itemListElement":[{"@type":"ListItem","position":1,"name":"Inicio","item":"https:\/\/abaa.mx\/tienda\/"},{"@type":"ListItem","position":2,"name":"Tienda","item":"https:\/\/abaa.mx\/tienda\/"},{"@type":"ListItem","position":3,"name":"Kit processmeter 789 de fluke"}]},{"@type":"WebSite","@id":"https:\/\/abaa.mx\/tienda\/#website","url":"https:\/\/abaa.mx\/tienda\/","name":"Abaa tienda online","description":"Instrumentos de medici\u00f3n","publisher":{"@id":"https:\/\/abaa.mx\/tienda\/#organization"},"potentialAction":[{"@type":"SearchAction","target":{"@type":"EntryPoint","urlTemplate":"https:\/\/abaa.mx\/tienda\/?s={search_term_string}"},"query-input":{"@type":"PropertyValueSpecification","valueRequired":true,"valueName":"search_term_string"}}],"inLanguage":"es"},{"@type":"Organization","@id":"https:\/\/abaa.mx\/tienda\/#organization","name":"Abaa tienda online","url":"https:\/\/abaa.mx\/tienda\/","logo":{"@type":"ImageObject","inLanguage":"es","@id":"https:\/\/abaa.mx\/tienda\/#\/schema\/logo\/image\/","url":"https:\/\/abaa.mx\/tienda\/wp-content\/uploads\/2024\/01\/abaa-metrologia-tienda.png","contentUrl":"https:\/\/abaa.mx\/tienda\/wp-content\/uploads\/2024\/01\/abaa-metrologia-tienda.png","width":300,"height":141,"caption":"Abaa tienda online"},"image":{"@id":"https:\/\/abaa.mx\/tienda\/#\/schema\/logo\/image\/"}}]}},"_links":{"self":[{"href":"https:\/\/abaa.mx\/tienda\/wp-json\/wp\/v2\/product\/2862","targetHints":{"allow":["GET"]}}],"collection":[{"href":"https:\/\/abaa.mx\/tienda\/wp-json\/wp\/v2\/product"}],"about":[{"href":"https:\/\/abaa.mx\/tienda\/wp-json\/wp\/v2\/types\/product"}],"replies":[{"embeddable":true,"href":"https:\/\/abaa.mx\/tienda\/wp-json\/wp\/v2\/comments?post=2862"}],"wp:featuredmedia":[{"embeddable":true,"href":"https:\/\/abaa.mx\/tienda\/wp-json\/wp\/v2\/media\/2871"}],"wp:attachment":[{"href":"https:\/\/abaa.mx\/tienda\/wp-json\/wp\/v2\/media?parent=2862"}],"wp:term":[{"taxonomy":"product_brand","embeddable":true,"href":"https:\/\/abaa.mx\/tienda\/wp-json\/wp\/v2\/product_brand?post=2862"},{"taxonomy":"product_cat","embeddable":true,"href":"https:\/\/abaa.mx\/tienda\/wp-json\/wp\/v2\/product_cat?post=2862"},{"taxonomy":"product_tag","embeddable":true,"href":"https:\/\/abaa.mx\/tienda\/wp-json\/wp\/v2\/product_tag?post=2862"}],"curies":[{"name":"wp","href":"https:\/\/api.w.org\/{rel}","templated":true}]}}