{"id":2847,"date":"2023-09-25T17:57:29","date_gmt":"2023-09-25T17:57:29","guid":{"rendered":"https:\/\/abaa.mx\/tienda\/?post_type=product&#038;p=2847"},"modified":"2023-11-27T19:19:09","modified_gmt":"2023-11-27T19:19:09","slug":"multimetro-de-aislamiento-fluke-1577-1000-v","status":"publish","type":"product","link":"https:\/\/abaa.mx\/tienda\/multimetro-de-aislamiento-fluke-1577-1000-v\/","title":{"rendered":"Mult\u00edmetro de aislamiento fluke 1577, 1000 v"},"content":{"rendered":"<p>&nbsp;<\/p>\n<p><strong>Funciones:<\/strong><\/p>\n<ul>\n<li>Descarga autom\u00e1tica de voltaje capacitivo.<\/li>\n<li>Voltaje AC\/DC.<\/li>\n<li>Milivoltios de CC.<\/li>\n<li>Miliamperios AC\/DC.<\/li>\n<li>Continuidad.<\/li>\n<li>Apagado autom\u00e1tico para ahorrar energ\u00eda de la bater\u00eda.<\/li>\n<li>RMS verdadero.<\/li>\n<li>Gran pantalla con retroiluminaci\u00f3n.<\/li>\n<li>La detecci\u00f3n de circuito activo evita la prueba de aislamiento si se detecta voltaje &lt;30 V para mayor protecci\u00f3n del usuario.<\/li>\n<li>CAT III 1000V, categor\u00eda de medici\u00f3n CAT IV 600V.<\/li>\n<li>Acepta sistema de suspensi\u00f3n magn\u00e9tica para liberar sus manos para otro trabajo (se vende por separado).<\/li>\n<\/ul>\n<p>&nbsp;<\/p>\n<p><strong>Aplicaciones<\/strong><\/p>\n<ul>\n<li>Soluci\u00f3n de problemas.<\/li>\n<li>Mantenimiento preventivo.<\/li>\n<\/ul>\n<p>&nbsp;<\/p>\n<h4>Especificaciones de Fluke 1577<\/h4>\n<table class=\"table table-striped\">\n<tbody>\n<tr>\n<td colspan=\"2\"><strong>Voltaje DC<\/strong><\/td>\n<\/tr>\n<tr>\n<td>Voltaje m\u00e1ximo<\/td>\n<td>1000 V<\/td>\n<\/tr>\n<tr>\n<td>Exactitud<\/td>\n<td>\u00b1(0,2% + 2)<\/td>\n<\/tr>\n<tr>\n<td>Resoluci\u00f3n m\u00e1xima<\/td>\n<td>0,001 V<\/td>\n<\/tr>\n<tr>\n<td colspan=\"2\"><strong>Voltaje AC<\/strong><\/td>\n<\/tr>\n<tr>\n<td>Voltaje m\u00e1ximo<\/td>\n<td>1000 V<\/td>\n<\/tr>\n<tr>\n<td>Exactitud<\/td>\n<td>\u00b1(2% + 3)<\/td>\n<\/tr>\n<tr>\n<td>Resoluci\u00f3n m\u00e1xima<\/td>\n<td>0,1 mV<\/td>\n<\/tr>\n<tr>\n<td colspan=\"2\"><strong>DC actual<\/strong><\/td>\n<\/tr>\n<tr>\n<td>Amperios m\u00e1ximos<\/td>\n<td>400 mA<\/td>\n<\/tr>\n<tr>\n<td>Precisi\u00f3n de amperios<\/td>\n<td>\u00b1(1,0% + 2)<\/td>\n<\/tr>\n<tr>\n<td>Resoluci\u00f3n m\u00e1xima<\/td>\n<td>0,01 mA<\/td>\n<\/tr>\n<tr>\n<td colspan=\"2\"><strong>AC actual<\/strong><\/td>\n<\/tr>\n<tr>\n<td>Amperios m\u00e1ximos<\/td>\n<td>400 mA<\/td>\n<\/tr>\n<tr>\n<td>Precisi\u00f3n de amperios<\/td>\n<td>\u00b1(2,0% + 2)<\/td>\n<\/tr>\n<tr>\n<td>Resoluci\u00f3n m\u00e1xima<\/td>\n<td>0,01 mA<\/td>\n<\/tr>\n<tr>\n<td colspan=\"2\"><strong>Resistencia<\/strong><\/td>\n<\/tr>\n<tr>\n<td>M\u00e1xima resistencia<\/td>\n<td>50 M\u03a9<\/td>\n<\/tr>\n<tr>\n<td>Exactitud<\/td>\n<td>\u00b1(1,2% + 2)<\/td>\n<\/tr>\n<tr>\n<td>Resoluci\u00f3n m\u00e1xima<\/td>\n<td>0.1 \u03a9<\/td>\n<\/tr>\n<tr>\n<td colspan=\"2\"><strong>Prueba de aislamiento<\/strong><\/td>\n<\/tr>\n<tr>\n<td>Corriente de prueba m\u00ednima a 1 k\u03a9\/V<\/td>\n<td>1 mA<\/td>\n<\/tr>\n<tr>\n<td>Voltajes de prueba<\/td>\n<td>500, 1000 V<\/td>\n<\/tr>\n<tr>\n<td>Resistencia m\u00e1xima por voltaje de prueba<\/td>\n<td>50 V 100 V 250 V 500 V 1000 V<\/p>\n<p>: 600 M\u03a9<\/td>\n<\/tr>\n<tr>\n<td>Resoluci\u00f3n m\u00e1xima por voltaje de prueba<\/td>\n<td>50 V: 0.01 M\u03a9 100 V: 0.01 M\u03a9<br \/>\n250 V: 0.1 M\u03a9<br \/>\n500 V: 0.1 M\u03a91000 V: 0.1 M\u03a9<\/td>\n<\/tr>\n<tr>\n<td>Precisi\u00f3n por voltaje de prueba<\/td>\n<td>50 V: \u00b1(3% + 5) 100 V: \u00b1(3% + 5) 250 V: \u00b1(1.5% + 5) 500 V: \u00b1(2.0% + 5) 1000 V: \u00b1(2.0% + 5)<\/td>\n<\/tr>\n<tr>\n<td colspan=\"2\"><strong>Especificaciones ambientales<\/strong><\/td>\n<\/tr>\n<tr>\n<td>Temperatura de funcionamiento<\/td>\n<td>-4 a 131\u00b0F (\u201320 a 55\u00b0C)<\/td>\n<\/tr>\n<tr>\n<td>Temperatura de almacenamiento<\/td>\n<td>-40 a 140\u00b0F (-40 a 60\u00b0C)<\/td>\n<\/tr>\n<tr>\n<td>Humedad (sin condensaci\u00f3n)<\/td>\n<td>0 a 95%: 50 a 86\u00b0F (10 a 30\u00b0C) 0 a 75%: 86 a 104\u00b0F (30 a 40\u00b0C) 0 a 40%: 104 a 131\u00b0F (40 a 55\u00b0C)<\/td>\n<\/tr>\n<tr>\n<td>Altitud de funcionamiento<\/td>\n<td>6561,68&#8242; (2000 m)<\/td>\n<\/tr>\n<tr>\n<td colspan=\"2\"><strong>Especificaciones mec\u00e1nicas y generales<\/strong><\/td>\n<\/tr>\n<tr>\n<td>Duraci\u00f3n de la bater\u00eda alcalina<\/td>\n<td>Uso del medidor: 1000 horas<br \/>\nUso de prueba de aislamiento: El medidor puede realizar al menos 1000 pruebas de aislamiento con bater\u00edas alcalinas nuevas a temperatura ambiente. Estas son pruebas est\u00e1ndar de 1000 V en 1 M\u03a9 con un ciclo de trabajo de 5 segundos encendido y 25 segundos apagado<\/td>\n<\/tr>\n<tr>\n<td>Dimensiones<\/td>\n<td>7,99 x 3,94 x 1,97&#8243; (203 x 100 x 50 mm) (con funda)<\/td>\n<\/tr>\n<tr>\n<td>Peso<\/td>\n<td>22 onzas (624 g)<\/td>\n<\/tr>\n<tr>\n<td>Clasificaci\u00f3n IP<\/td>\n<td>IP40<\/td>\n<\/tr>\n<tr>\n<td colspan=\"2\"><strong>Especificaciones de seguridad<\/strong><\/td>\n<\/tr>\n<tr>\n<td>Categor\u00eda de sobretensi\u00f3n<\/td>\n<td>Cumple con ANSI\/ISA 82.02.01 (61010-1) 2004, CAN\/CSA-C22.2 NO. 61010-1-04 e IEC\/EN 61010-1 2nd Edition para mediciones CAT III 1000 V y CAT IV 600 V<\/td>\n<\/tr>\n<tr>\n<td>Aprobaciones de agencias<\/td>\n<td>2000 m CAT III 1000 V, CAT IV 600 V; 3000 m CAT II 1000 V, CAT III 600 V<\/td>\n<\/tr>\n<\/tbody>\n<\/table>\n","protected":false},"excerpt":{"rendered":"<p class=\"short-description mhide ipad-view-setting\">Compacto y port\u00e1til, este mult\u00edmetro de aislamiento resistente ofrece la m\u00e1xima versatilidad tanto para la resoluci\u00f3n de problemas como para el mantenimiento preventivo. Ideal para trabajar con motores, generadores, cables o interruptores, este mult\u00edmetro tambi\u00e9n cuenta con capacidades True RMS, una gran pantalla LCD retroiluminada y un apagado autom\u00e1tico para ahorrar energ\u00eda de la bater\u00eda.<\/p>\n<div class=\"row-fluid\">\n<div class=\"span12 mobile-pricing-box-padding\">\n<form id=\"2642\" accept-charset=\"utf-8\" action=\"https:\/\/www.globaltestsupply.com\/shop\/add\" method=\"post\" name=\"addTocartFunction\">\n<div><\/div>\n<\/form>\n<\/div>\n<\/div>\n","protected":false},"featured_media":2856,"comment_status":"open","ping_status":"closed","template":"","meta":{"_joinchat":[]},"product_brand":[],"product_cat":[15],"product_tag":[],"class_list":{"0":"post-2847","1":"product","2":"type-product","3":"status-publish","4":"has-post-thumbnail","6":"product_cat-sin-categorizar","8":"first","9":"instock","10":"shipping-taxable","11":"product-type-simple"},"yoast_head":"<!-- This site is optimized with the Yoast SEO plugin v26.4 - https:\/\/yoast.com\/wordpress\/plugins\/seo\/ -->\n<title>Mult\u00edmetro de aislamiento fluke 1577, 1000 v - Abaa tienda online<\/title>\n<meta name=\"robots\" content=\"index, follow, max-snippet:-1, max-image-preview:large, max-video-preview:-1\" \/>\n<link rel=\"canonical\" href=\"https:\/\/abaa.mx\/tienda\/multimetro-de-aislamiento-fluke-1577-1000-v\/\" \/>\n<meta property=\"og:locale\" content=\"es_MX\" \/>\n<meta property=\"og:type\" content=\"article\" \/>\n<meta property=\"og:title\" content=\"Mult\u00edmetro de aislamiento fluke 1577, 1000 v - Abaa tienda online\" \/>\n<meta property=\"og:description\" content=\"Compacto y port\u00e1til, este mult\u00edmetro de aislamiento resistente ofrece la m\u00e1xima versatilidad tanto para la resoluci\u00f3n de problemas como para el mantenimiento preventivo. Ideal para trabajar con motores, generadores, cables o interruptores, este mult\u00edmetro tambi\u00e9n cuenta con capacidades True RMS, una gran pantalla LCD retroiluminada y un apagado autom\u00e1tico para ahorrar energ\u00eda de la bater\u00eda.\" \/>\n<meta property=\"og:url\" content=\"https:\/\/abaa.mx\/tienda\/multimetro-de-aislamiento-fluke-1577-1000-v\/\" \/>\n<meta property=\"og:site_name\" content=\"Abaa tienda online\" \/>\n<meta property=\"article:modified_time\" content=\"2023-11-27T19:19:09+00:00\" \/>\n<meta property=\"og:image\" content=\"https:\/\/abaa.mx\/tienda\/wp-content\/uploads\/2023\/09\/1577.jpg\" \/>\n\t<meta property=\"og:image:width\" content=\"270\" \/>\n\t<meta property=\"og:image:height\" content=\"450\" \/>\n\t<meta property=\"og:image:type\" content=\"image\/jpeg\" \/>\n<meta name=\"twitter:card\" content=\"summary_large_image\" \/>\n<meta name=\"twitter:label1\" content=\"Tiempo de lectura\" \/>\n\t<meta name=\"twitter:data1\" content=\"2 minutos\" \/>\n<script type=\"application\/ld+json\" class=\"yoast-schema-graph\">{\"@context\":\"https:\/\/schema.org\",\"@graph\":[{\"@type\":\"WebPage\",\"@id\":\"https:\/\/abaa.mx\/tienda\/multimetro-de-aislamiento-fluke-1577-1000-v\/\",\"url\":\"https:\/\/abaa.mx\/tienda\/multimetro-de-aislamiento-fluke-1577-1000-v\/\",\"name\":\"Mult\u00edmetro de aislamiento fluke 1577, 1000 v - Abaa tienda online\",\"isPartOf\":{\"@id\":\"https:\/\/abaa.mx\/tienda\/#website\"},\"primaryImageOfPage\":{\"@id\":\"https:\/\/abaa.mx\/tienda\/multimetro-de-aislamiento-fluke-1577-1000-v\/#primaryimage\"},\"image\":{\"@id\":\"https:\/\/abaa.mx\/tienda\/multimetro-de-aislamiento-fluke-1577-1000-v\/#primaryimage\"},\"thumbnailUrl\":\"https:\/\/abaa.mx\/tienda\/wp-content\/uploads\/2023\/09\/1577.jpg\",\"datePublished\":\"2023-09-25T17:57:29+00:00\",\"dateModified\":\"2023-11-27T19:19:09+00:00\",\"breadcrumb\":{\"@id\":\"https:\/\/abaa.mx\/tienda\/multimetro-de-aislamiento-fluke-1577-1000-v\/#breadcrumb\"},\"inLanguage\":\"es\",\"potentialAction\":[{\"@type\":\"ReadAction\",\"target\":[\"https:\/\/abaa.mx\/tienda\/multimetro-de-aislamiento-fluke-1577-1000-v\/\"]}]},{\"@type\":\"ImageObject\",\"inLanguage\":\"es\",\"@id\":\"https:\/\/abaa.mx\/tienda\/multimetro-de-aislamiento-fluke-1577-1000-v\/#primaryimage\",\"url\":\"https:\/\/abaa.mx\/tienda\/wp-content\/uploads\/2023\/09\/1577.jpg\",\"contentUrl\":\"https:\/\/abaa.mx\/tienda\/wp-content\/uploads\/2023\/09\/1577.jpg\",\"width\":270,\"height\":450,\"caption\":\"fluke 1577, 1000 v\"},{\"@type\":\"BreadcrumbList\",\"@id\":\"https:\/\/abaa.mx\/tienda\/multimetro-de-aislamiento-fluke-1577-1000-v\/#breadcrumb\",\"itemListElement\":[{\"@type\":\"ListItem\",\"position\":1,\"name\":\"Inicio\",\"item\":\"https:\/\/abaa.mx\/tienda\/\"},{\"@type\":\"ListItem\",\"position\":2,\"name\":\"Tienda\",\"item\":\"https:\/\/abaa.mx\/tienda\/\"},{\"@type\":\"ListItem\",\"position\":3,\"name\":\"Mult\u00edmetro de aislamiento fluke 1577, 1000 v\"}]},{\"@type\":\"WebSite\",\"@id\":\"https:\/\/abaa.mx\/tienda\/#website\",\"url\":\"https:\/\/abaa.mx\/tienda\/\",\"name\":\"Abaa tienda online\",\"description\":\"Instrumentos de medici\u00f3n\",\"publisher\":{\"@id\":\"https:\/\/abaa.mx\/tienda\/#organization\"},\"potentialAction\":[{\"@type\":\"SearchAction\",\"target\":{\"@type\":\"EntryPoint\",\"urlTemplate\":\"https:\/\/abaa.mx\/tienda\/?s={search_term_string}\"},\"query-input\":{\"@type\":\"PropertyValueSpecification\",\"valueRequired\":true,\"valueName\":\"search_term_string\"}}],\"inLanguage\":\"es\"},{\"@type\":\"Organization\",\"@id\":\"https:\/\/abaa.mx\/tienda\/#organization\",\"name\":\"Abaa tienda online\",\"url\":\"https:\/\/abaa.mx\/tienda\/\",\"logo\":{\"@type\":\"ImageObject\",\"inLanguage\":\"es\",\"@id\":\"https:\/\/abaa.mx\/tienda\/#\/schema\/logo\/image\/\",\"url\":\"https:\/\/abaa.mx\/tienda\/wp-content\/uploads\/2024\/01\/abaa-metrologia-tienda.png\",\"contentUrl\":\"https:\/\/abaa.mx\/tienda\/wp-content\/uploads\/2024\/01\/abaa-metrologia-tienda.png\",\"width\":300,\"height\":141,\"caption\":\"Abaa tienda online\"},\"image\":{\"@id\":\"https:\/\/abaa.mx\/tienda\/#\/schema\/logo\/image\/\"}}]}<\/script>\n<!-- \/ Yoast SEO plugin. -->","yoast_head_json":{"title":"Mult\u00edmetro de aislamiento fluke 1577, 1000 v - Abaa tienda online","robots":{"index":"index","follow":"follow","max-snippet":"max-snippet:-1","max-image-preview":"max-image-preview:large","max-video-preview":"max-video-preview:-1"},"canonical":"https:\/\/abaa.mx\/tienda\/multimetro-de-aislamiento-fluke-1577-1000-v\/","og_locale":"es_MX","og_type":"article","og_title":"Mult\u00edmetro de aislamiento fluke 1577, 1000 v - Abaa tienda online","og_description":"Compacto y port\u00e1til, este mult\u00edmetro de aislamiento resistente ofrece la m\u00e1xima versatilidad tanto para la resoluci\u00f3n de problemas como para el mantenimiento preventivo. Ideal para trabajar con motores, generadores, cables o interruptores, este mult\u00edmetro tambi\u00e9n cuenta con capacidades True RMS, una gran pantalla LCD retroiluminada y un apagado autom\u00e1tico para ahorrar energ\u00eda de la bater\u00eda.","og_url":"https:\/\/abaa.mx\/tienda\/multimetro-de-aislamiento-fluke-1577-1000-v\/","og_site_name":"Abaa tienda online","article_modified_time":"2023-11-27T19:19:09+00:00","og_image":[{"width":270,"height":450,"url":"https:\/\/abaa.mx\/tienda\/wp-content\/uploads\/2023\/09\/1577.jpg","type":"image\/jpeg"}],"twitter_card":"summary_large_image","twitter_misc":{"Tiempo de lectura":"2 minutos"},"schema":{"@context":"https:\/\/schema.org","@graph":[{"@type":"WebPage","@id":"https:\/\/abaa.mx\/tienda\/multimetro-de-aislamiento-fluke-1577-1000-v\/","url":"https:\/\/abaa.mx\/tienda\/multimetro-de-aislamiento-fluke-1577-1000-v\/","name":"Mult\u00edmetro de aislamiento fluke 1577, 1000 v - Abaa tienda online","isPartOf":{"@id":"https:\/\/abaa.mx\/tienda\/#website"},"primaryImageOfPage":{"@id":"https:\/\/abaa.mx\/tienda\/multimetro-de-aislamiento-fluke-1577-1000-v\/#primaryimage"},"image":{"@id":"https:\/\/abaa.mx\/tienda\/multimetro-de-aislamiento-fluke-1577-1000-v\/#primaryimage"},"thumbnailUrl":"https:\/\/abaa.mx\/tienda\/wp-content\/uploads\/2023\/09\/1577.jpg","datePublished":"2023-09-25T17:57:29+00:00","dateModified":"2023-11-27T19:19:09+00:00","breadcrumb":{"@id":"https:\/\/abaa.mx\/tienda\/multimetro-de-aislamiento-fluke-1577-1000-v\/#breadcrumb"},"inLanguage":"es","potentialAction":[{"@type":"ReadAction","target":["https:\/\/abaa.mx\/tienda\/multimetro-de-aislamiento-fluke-1577-1000-v\/"]}]},{"@type":"ImageObject","inLanguage":"es","@id":"https:\/\/abaa.mx\/tienda\/multimetro-de-aislamiento-fluke-1577-1000-v\/#primaryimage","url":"https:\/\/abaa.mx\/tienda\/wp-content\/uploads\/2023\/09\/1577.jpg","contentUrl":"https:\/\/abaa.mx\/tienda\/wp-content\/uploads\/2023\/09\/1577.jpg","width":270,"height":450,"caption":"fluke 1577, 1000 v"},{"@type":"BreadcrumbList","@id":"https:\/\/abaa.mx\/tienda\/multimetro-de-aislamiento-fluke-1577-1000-v\/#breadcrumb","itemListElement":[{"@type":"ListItem","position":1,"name":"Inicio","item":"https:\/\/abaa.mx\/tienda\/"},{"@type":"ListItem","position":2,"name":"Tienda","item":"https:\/\/abaa.mx\/tienda\/"},{"@type":"ListItem","position":3,"name":"Mult\u00edmetro de aislamiento fluke 1577, 1000 v"}]},{"@type":"WebSite","@id":"https:\/\/abaa.mx\/tienda\/#website","url":"https:\/\/abaa.mx\/tienda\/","name":"Abaa tienda online","description":"Instrumentos de medici\u00f3n","publisher":{"@id":"https:\/\/abaa.mx\/tienda\/#organization"},"potentialAction":[{"@type":"SearchAction","target":{"@type":"EntryPoint","urlTemplate":"https:\/\/abaa.mx\/tienda\/?s={search_term_string}"},"query-input":{"@type":"PropertyValueSpecification","valueRequired":true,"valueName":"search_term_string"}}],"inLanguage":"es"},{"@type":"Organization","@id":"https:\/\/abaa.mx\/tienda\/#organization","name":"Abaa tienda online","url":"https:\/\/abaa.mx\/tienda\/","logo":{"@type":"ImageObject","inLanguage":"es","@id":"https:\/\/abaa.mx\/tienda\/#\/schema\/logo\/image\/","url":"https:\/\/abaa.mx\/tienda\/wp-content\/uploads\/2024\/01\/abaa-metrologia-tienda.png","contentUrl":"https:\/\/abaa.mx\/tienda\/wp-content\/uploads\/2024\/01\/abaa-metrologia-tienda.png","width":300,"height":141,"caption":"Abaa tienda online"},"image":{"@id":"https:\/\/abaa.mx\/tienda\/#\/schema\/logo\/image\/"}}]}},"_links":{"self":[{"href":"https:\/\/abaa.mx\/tienda\/wp-json\/wp\/v2\/product\/2847","targetHints":{"allow":["GET"]}}],"collection":[{"href":"https:\/\/abaa.mx\/tienda\/wp-json\/wp\/v2\/product"}],"about":[{"href":"https:\/\/abaa.mx\/tienda\/wp-json\/wp\/v2\/types\/product"}],"replies":[{"embeddable":true,"href":"https:\/\/abaa.mx\/tienda\/wp-json\/wp\/v2\/comments?post=2847"}],"wp:featuredmedia":[{"embeddable":true,"href":"https:\/\/abaa.mx\/tienda\/wp-json\/wp\/v2\/media\/2856"}],"wp:attachment":[{"href":"https:\/\/abaa.mx\/tienda\/wp-json\/wp\/v2\/media?parent=2847"}],"wp:term":[{"taxonomy":"product_brand","embeddable":true,"href":"https:\/\/abaa.mx\/tienda\/wp-json\/wp\/v2\/product_brand?post=2847"},{"taxonomy":"product_cat","embeddable":true,"href":"https:\/\/abaa.mx\/tienda\/wp-json\/wp\/v2\/product_cat?post=2847"},{"taxonomy":"product_tag","embeddable":true,"href":"https:\/\/abaa.mx\/tienda\/wp-json\/wp\/v2\/product_tag?post=2847"}],"curies":[{"name":"wp","href":"https:\/\/api.w.org\/{rel}","templated":true}]}}