{"id":2846,"date":"2023-09-25T17:57:28","date_gmt":"2023-09-25T17:57:28","guid":{"rendered":"https:\/\/abaa.mx\/tienda\/?post_type=product&#038;p=2846"},"modified":"2023-11-27T19:23:20","modified_gmt":"2023-11-27T19:23:20","slug":"medidor-de-resistencia-de-aislamiento-fluke-1503","status":"publish","type":"product","link":"https:\/\/abaa.mx\/tienda\/medidor-de-resistencia-de-aislamiento-fluke-1503\/","title":{"rendered":"Medidor de resistencia de aislamiento fluke 1503"},"content":{"rendered":"<p>&nbsp;<\/p>\n<p>Maneje todas las necesidades b\u00e1sicas de pruebas de aislamiento con este probador de resistencia de aislamiento. Ideal para pruebas b\u00e1sicas de aislamiento el\u00e9ctrico residencial y comercial, esta herramienta resistente, compacta y f\u00e1cil de usar cabe en la palma de su mano. Puede confiar en \u00e9l para manejar las pruebas m\u00e1s comunes y las caracter\u00edsticas adicionales, como la sonda remota, disminuyen el tiempo necesario para realizar pruebas repetitivas.<\/p>\n<p>&nbsp;<\/p>\n<p><strong>Funciones<\/strong><\/p>\n<ul>\n<li>Un probador de resistencia de aislamiento robusto y compacto para electricistas residenciales y comerciales.<\/li>\n<li>Realiza pruebas de aislamiento de 0.01 a 2000 M\u03a9.<\/li>\n<li>Ofrece dos voltajes de prueba de aislamiento: 500 y 1000 V.<\/li>\n<li>Incluye detecci\u00f3n de circuito en vivo para evitar la prueba de aislamiento si se detecta voltaje &gt;30 V.<\/li>\n<li>Mide la resistencia de 0.01 a 20.00 k\u03a9.<\/li>\n<li>Mide voltaje AC\/DC de 0.1 a 600 V.<\/li>\n<li>Incluye descarga autom\u00e1tica de voltaje capacitivo para mayor protecci\u00f3n del usuario.<\/li>\n<li>Proporciona continuidad de enlace de tierra lo-ohmios (200 mA).<\/li>\n<li>Simplifica las pruebas repetitivas o dif\u00edciles de alcanzar con la sonda de prueba remota.<\/li>\n<li>Ahorra energ\u00eda de la bater\u00eda con el apagado autom\u00e1tico.<\/li>\n<li>Presenta los resultados en una gran pantalla retroiluminada.<\/li>\n<li>Caracter\u00edsticas CAT IV 600 V clasificaci\u00f3n de categor\u00eda de sobretensi\u00f3n.<\/li>\n<li>Funciona con 4 pilas alcalinas AA (NEDA 15 A o IEC LR6) para al menos 1000 pruebas de aislamiento.<\/li>\n<li>Ahorre energ\u00eda de la bater\u00eda con el apagado autom\u00e1tico.<\/li>\n<\/ul>\n<p>&nbsp;<\/p>\n<p><strong>Aplicaciones:<\/strong><\/p>\n<ul>\n<li>Soluci\u00f3n de problemas.<\/li>\n<li>Comisionamiento.<\/li>\n<li>Mantenimiento preventivo.<\/li>\n<\/ul>\n<p>&nbsp;<\/p>\n<h4>Especificaciones de Fluke 1503<\/h4>\n<table class=\"table table-striped\">\n<tbody>\n<tr>\n<td colspan=\"2\"><strong>Medici\u00f3n de voltaje AC\/DC<\/strong><\/td>\n<\/tr>\n<tr>\n<td>Exactitud<\/td>\n<td>Rango: 600 V Resoluci\u00f3n: 0.1 V<\/p>\n<p>50 a 400 Hz \u00b1 (% de Rdg + d\u00edgitos): \u00b1 (2% + 3)<\/td>\n<\/tr>\n<tr>\n<td>Impedancia de entrada<\/td>\n<td>3 M\u03a9 (nominal), &lt;100 pF<\/td>\n<\/tr>\n<tr>\n<td>Relaci\u00f3n de rechazo de modo com\u00fan (1 k\u03a9 desequilibrado)<\/td>\n<td>&gt;60 dB a CC, 50 o 60 Hz<\/td>\n<\/tr>\n<tr>\n<td>Protecci\u00f3n contra sobrecarga<\/td>\n<td>600 V RMS o CC<\/td>\n<\/tr>\n<tr>\n<td colspan=\"2\"><strong>Medici\u00f3n de la resistencia a los enlaces a tierra<\/strong><\/td>\n<\/tr>\n<tr>\n<td>Rango\/Resoluci\u00f3n<\/td>\n<td>20 \u03a9:0.01 \u03a9<br \/>\n200 \u03a9:0.1 \u03a9<br \/>\n2000 \u03a9:1 \u03a9<br \/>\n20k \u03a9:0.01 k\u03a9<\/td>\n<\/tr>\n<tr>\n<td>Exactitud<\/td>\n<td>\u00b1(1,5% + 3)<\/td>\n<\/tr>\n<tr>\n<td>Protecci\u00f3n contra sobrecarga<\/td>\n<td>2 V rms o CC<\/td>\n<\/tr>\n<tr>\n<td>Voltaje de prueba de circuito abierto<\/td>\n<td>&gt;4 V, &lt;8 V<\/td>\n<\/tr>\n<tr>\n<td>Corriente de cortocircuito<\/td>\n<td>&gt;200 mA<\/td>\n<\/tr>\n<tr>\n<td colspan=\"2\"><strong>Especificaciones de aislamiento<\/strong><\/td>\n<\/tr>\n<tr>\n<td>Rango de medici\u00f3n<\/td>\n<td>0,01 a 2000 M\u03a9<\/td>\n<\/tr>\n<tr>\n<td>Voltaje de prueba<\/td>\n<td>500 V, 1000 V<\/td>\n<\/tr>\n<tr>\n<td>Precisi\u00f3n del voltaje de prueba<\/td>\n<td>+20%, -0%<\/td>\n<\/tr>\n<tr>\n<td>Corriente de cortocircuito<\/td>\n<td>1 mA nominal<\/td>\n<\/tr>\n<tr>\n<td>Descarga autom\u00e1tica<\/td>\n<td>Tiempo de descarga &lt;0.5 segundos para C = 1 \u03bcF o menos<\/td>\n<\/tr>\n<tr>\n<td>Indicador de circuito en vivo<\/td>\n<td>Inhibir la prueba si el voltaje del terminal &gt;30 V antes de la inicializaci\u00f3n de la prueba<\/td>\n<\/tr>\n<tr>\n<td>Carga capacitiva m\u00e1xima<\/td>\n<td>Operable con una carga de hasta 1 \u03bcF<\/td>\n<\/tr>\n<tr>\n<td>Precisi\u00f3n de la medida<\/td>\n<td>500 V: \u00b1(1.5% + 5) 1000 V: \u00b1(1.5% + 5) a 2000 M\u03a9, \u00b1(10% + 3)<br \/>\npor encima de 2000 M\u03a9<\/td>\n<\/tr>\n<\/tbody>\n<\/table>\n","protected":false},"excerpt":{"rendered":"<p class=\"short-description mhide ipad-view-setting\">Compacto, resistente, confiable y f\u00e1cil de usar, este probador de resistencia de aislamiento presenta m\u00faltiples voltajes de prueba, lo que es ideal para muchas aplicaciones de resoluci\u00f3n de problemas, puesta en marcha y mantenimiento preventivo. Adem\u00e1s, viene equipado con una sonda remota, cables de prueba, sondas de prueba y pinzas de cocodrilo.<\/p>\n<div class=\"row-fluid\">\n<div class=\"span12 mobile-pricing-box-padding\">\n<form id=\"3393\" accept-charset=\"utf-8\" action=\"https:\/\/www.globaltestsupply.com\/shop\/add\" method=\"post\" name=\"addTocartFunction\">\n<div><\/div>\n<\/form>\n<\/div>\n<\/div>\n","protected":false},"featured_media":2855,"comment_status":"open","ping_status":"closed","template":"","meta":{"_joinchat":[]},"product_brand":[],"product_cat":[15],"product_tag":[],"class_list":{"0":"post-2846","1":"product","2":"type-product","3":"status-publish","4":"has-post-thumbnail","6":"product_cat-sin-categorizar","8":"first","9":"instock","10":"shipping-taxable","11":"product-type-simple"},"yoast_head":"<!-- This site is optimized with the Yoast SEO plugin v26.4 - https:\/\/yoast.com\/wordpress\/plugins\/seo\/ -->\n<title>Medidor de resistencia de aislamiento fluke 1503 - Abaa tienda online<\/title>\n<meta name=\"robots\" content=\"index, follow, max-snippet:-1, max-image-preview:large, max-video-preview:-1\" \/>\n<link rel=\"canonical\" href=\"https:\/\/abaa.mx\/tienda\/medidor-de-resistencia-de-aislamiento-fluke-1503\/\" \/>\n<meta property=\"og:locale\" content=\"es_MX\" \/>\n<meta property=\"og:type\" content=\"article\" \/>\n<meta property=\"og:title\" content=\"Medidor de resistencia de aislamiento fluke 1503 - Abaa tienda online\" \/>\n<meta property=\"og:description\" content=\"Compacto, resistente, confiable y f\u00e1cil de usar, este probador de resistencia de aislamiento presenta m\u00faltiples voltajes de prueba, lo que es ideal para muchas aplicaciones de resoluci\u00f3n de problemas, puesta en marcha y mantenimiento preventivo. Adem\u00e1s, viene equipado con una sonda remota, cables de prueba, sondas de prueba y pinzas de cocodrilo.\" \/>\n<meta property=\"og:url\" content=\"https:\/\/abaa.mx\/tienda\/medidor-de-resistencia-de-aislamiento-fluke-1503\/\" \/>\n<meta property=\"og:site_name\" content=\"Abaa tienda online\" \/>\n<meta property=\"article:modified_time\" content=\"2023-11-27T19:23:20+00:00\" \/>\n<meta property=\"og:image\" content=\"https:\/\/abaa.mx\/tienda\/wp-content\/uploads\/2023\/09\/1503.jpg\" \/>\n\t<meta property=\"og:image:width\" content=\"270\" \/>\n\t<meta property=\"og:image:height\" content=\"500\" \/>\n\t<meta property=\"og:image:type\" content=\"image\/jpeg\" \/>\n<meta name=\"twitter:card\" content=\"summary_large_image\" \/>\n<meta name=\"twitter:label1\" content=\"Tiempo de lectura\" \/>\n\t<meta name=\"twitter:data1\" content=\"2 minutos\" \/>\n<script type=\"application\/ld+json\" class=\"yoast-schema-graph\">{\"@context\":\"https:\/\/schema.org\",\"@graph\":[{\"@type\":\"WebPage\",\"@id\":\"https:\/\/abaa.mx\/tienda\/medidor-de-resistencia-de-aislamiento-fluke-1503\/\",\"url\":\"https:\/\/abaa.mx\/tienda\/medidor-de-resistencia-de-aislamiento-fluke-1503\/\",\"name\":\"Medidor de resistencia de aislamiento fluke 1503 - Abaa tienda online\",\"isPartOf\":{\"@id\":\"https:\/\/abaa.mx\/tienda\/#website\"},\"primaryImageOfPage\":{\"@id\":\"https:\/\/abaa.mx\/tienda\/medidor-de-resistencia-de-aislamiento-fluke-1503\/#primaryimage\"},\"image\":{\"@id\":\"https:\/\/abaa.mx\/tienda\/medidor-de-resistencia-de-aislamiento-fluke-1503\/#primaryimage\"},\"thumbnailUrl\":\"https:\/\/abaa.mx\/tienda\/wp-content\/uploads\/2023\/09\/1503.jpg\",\"datePublished\":\"2023-09-25T17:57:28+00:00\",\"dateModified\":\"2023-11-27T19:23:20+00:00\",\"breadcrumb\":{\"@id\":\"https:\/\/abaa.mx\/tienda\/medidor-de-resistencia-de-aislamiento-fluke-1503\/#breadcrumb\"},\"inLanguage\":\"es\",\"potentialAction\":[{\"@type\":\"ReadAction\",\"target\":[\"https:\/\/abaa.mx\/tienda\/medidor-de-resistencia-de-aislamiento-fluke-1503\/\"]}]},{\"@type\":\"ImageObject\",\"inLanguage\":\"es\",\"@id\":\"https:\/\/abaa.mx\/tienda\/medidor-de-resistencia-de-aislamiento-fluke-1503\/#primaryimage\",\"url\":\"https:\/\/abaa.mx\/tienda\/wp-content\/uploads\/2023\/09\/1503.jpg\",\"contentUrl\":\"https:\/\/abaa.mx\/tienda\/wp-content\/uploads\/2023\/09\/1503.jpg\",\"width\":270,\"height\":500,\"caption\":\"fluke-1503\"},{\"@type\":\"BreadcrumbList\",\"@id\":\"https:\/\/abaa.mx\/tienda\/medidor-de-resistencia-de-aislamiento-fluke-1503\/#breadcrumb\",\"itemListElement\":[{\"@type\":\"ListItem\",\"position\":1,\"name\":\"Inicio\",\"item\":\"https:\/\/abaa.mx\/tienda\/\"},{\"@type\":\"ListItem\",\"position\":2,\"name\":\"Tienda\",\"item\":\"https:\/\/abaa.mx\/tienda\/\"},{\"@type\":\"ListItem\",\"position\":3,\"name\":\"Medidor de resistencia de aislamiento fluke 1503\"}]},{\"@type\":\"WebSite\",\"@id\":\"https:\/\/abaa.mx\/tienda\/#website\",\"url\":\"https:\/\/abaa.mx\/tienda\/\",\"name\":\"Abaa tienda online\",\"description\":\"Instrumentos de medici\u00f3n\",\"publisher\":{\"@id\":\"https:\/\/abaa.mx\/tienda\/#organization\"},\"potentialAction\":[{\"@type\":\"SearchAction\",\"target\":{\"@type\":\"EntryPoint\",\"urlTemplate\":\"https:\/\/abaa.mx\/tienda\/?s={search_term_string}\"},\"query-input\":{\"@type\":\"PropertyValueSpecification\",\"valueRequired\":true,\"valueName\":\"search_term_string\"}}],\"inLanguage\":\"es\"},{\"@type\":\"Organization\",\"@id\":\"https:\/\/abaa.mx\/tienda\/#organization\",\"name\":\"Abaa tienda online\",\"url\":\"https:\/\/abaa.mx\/tienda\/\",\"logo\":{\"@type\":\"ImageObject\",\"inLanguage\":\"es\",\"@id\":\"https:\/\/abaa.mx\/tienda\/#\/schema\/logo\/image\/\",\"url\":\"https:\/\/abaa.mx\/tienda\/wp-content\/uploads\/2024\/01\/abaa-metrologia-tienda.png\",\"contentUrl\":\"https:\/\/abaa.mx\/tienda\/wp-content\/uploads\/2024\/01\/abaa-metrologia-tienda.png\",\"width\":300,\"height\":141,\"caption\":\"Abaa tienda online\"},\"image\":{\"@id\":\"https:\/\/abaa.mx\/tienda\/#\/schema\/logo\/image\/\"}}]}<\/script>\n<!-- \/ Yoast SEO plugin. -->","yoast_head_json":{"title":"Medidor de resistencia de aislamiento fluke 1503 - Abaa tienda online","robots":{"index":"index","follow":"follow","max-snippet":"max-snippet:-1","max-image-preview":"max-image-preview:large","max-video-preview":"max-video-preview:-1"},"canonical":"https:\/\/abaa.mx\/tienda\/medidor-de-resistencia-de-aislamiento-fluke-1503\/","og_locale":"es_MX","og_type":"article","og_title":"Medidor de resistencia de aislamiento fluke 1503 - Abaa tienda online","og_description":"Compacto, resistente, confiable y f\u00e1cil de usar, este probador de resistencia de aislamiento presenta m\u00faltiples voltajes de prueba, lo que es ideal para muchas aplicaciones de resoluci\u00f3n de problemas, puesta en marcha y mantenimiento preventivo. Adem\u00e1s, viene equipado con una sonda remota, cables de prueba, sondas de prueba y pinzas de cocodrilo.","og_url":"https:\/\/abaa.mx\/tienda\/medidor-de-resistencia-de-aislamiento-fluke-1503\/","og_site_name":"Abaa tienda online","article_modified_time":"2023-11-27T19:23:20+00:00","og_image":[{"width":270,"height":500,"url":"https:\/\/abaa.mx\/tienda\/wp-content\/uploads\/2023\/09\/1503.jpg","type":"image\/jpeg"}],"twitter_card":"summary_large_image","twitter_misc":{"Tiempo de lectura":"2 minutos"},"schema":{"@context":"https:\/\/schema.org","@graph":[{"@type":"WebPage","@id":"https:\/\/abaa.mx\/tienda\/medidor-de-resistencia-de-aislamiento-fluke-1503\/","url":"https:\/\/abaa.mx\/tienda\/medidor-de-resistencia-de-aislamiento-fluke-1503\/","name":"Medidor de resistencia de aislamiento fluke 1503 - Abaa tienda online","isPartOf":{"@id":"https:\/\/abaa.mx\/tienda\/#website"},"primaryImageOfPage":{"@id":"https:\/\/abaa.mx\/tienda\/medidor-de-resistencia-de-aislamiento-fluke-1503\/#primaryimage"},"image":{"@id":"https:\/\/abaa.mx\/tienda\/medidor-de-resistencia-de-aislamiento-fluke-1503\/#primaryimage"},"thumbnailUrl":"https:\/\/abaa.mx\/tienda\/wp-content\/uploads\/2023\/09\/1503.jpg","datePublished":"2023-09-25T17:57:28+00:00","dateModified":"2023-11-27T19:23:20+00:00","breadcrumb":{"@id":"https:\/\/abaa.mx\/tienda\/medidor-de-resistencia-de-aislamiento-fluke-1503\/#breadcrumb"},"inLanguage":"es","potentialAction":[{"@type":"ReadAction","target":["https:\/\/abaa.mx\/tienda\/medidor-de-resistencia-de-aislamiento-fluke-1503\/"]}]},{"@type":"ImageObject","inLanguage":"es","@id":"https:\/\/abaa.mx\/tienda\/medidor-de-resistencia-de-aislamiento-fluke-1503\/#primaryimage","url":"https:\/\/abaa.mx\/tienda\/wp-content\/uploads\/2023\/09\/1503.jpg","contentUrl":"https:\/\/abaa.mx\/tienda\/wp-content\/uploads\/2023\/09\/1503.jpg","width":270,"height":500,"caption":"fluke-1503"},{"@type":"BreadcrumbList","@id":"https:\/\/abaa.mx\/tienda\/medidor-de-resistencia-de-aislamiento-fluke-1503\/#breadcrumb","itemListElement":[{"@type":"ListItem","position":1,"name":"Inicio","item":"https:\/\/abaa.mx\/tienda\/"},{"@type":"ListItem","position":2,"name":"Tienda","item":"https:\/\/abaa.mx\/tienda\/"},{"@type":"ListItem","position":3,"name":"Medidor de resistencia de aislamiento fluke 1503"}]},{"@type":"WebSite","@id":"https:\/\/abaa.mx\/tienda\/#website","url":"https:\/\/abaa.mx\/tienda\/","name":"Abaa tienda online","description":"Instrumentos de medici\u00f3n","publisher":{"@id":"https:\/\/abaa.mx\/tienda\/#organization"},"potentialAction":[{"@type":"SearchAction","target":{"@type":"EntryPoint","urlTemplate":"https:\/\/abaa.mx\/tienda\/?s={search_term_string}"},"query-input":{"@type":"PropertyValueSpecification","valueRequired":true,"valueName":"search_term_string"}}],"inLanguage":"es"},{"@type":"Organization","@id":"https:\/\/abaa.mx\/tienda\/#organization","name":"Abaa tienda online","url":"https:\/\/abaa.mx\/tienda\/","logo":{"@type":"ImageObject","inLanguage":"es","@id":"https:\/\/abaa.mx\/tienda\/#\/schema\/logo\/image\/","url":"https:\/\/abaa.mx\/tienda\/wp-content\/uploads\/2024\/01\/abaa-metrologia-tienda.png","contentUrl":"https:\/\/abaa.mx\/tienda\/wp-content\/uploads\/2024\/01\/abaa-metrologia-tienda.png","width":300,"height":141,"caption":"Abaa tienda online"},"image":{"@id":"https:\/\/abaa.mx\/tienda\/#\/schema\/logo\/image\/"}}]}},"_links":{"self":[{"href":"https:\/\/abaa.mx\/tienda\/wp-json\/wp\/v2\/product\/2846","targetHints":{"allow":["GET"]}}],"collection":[{"href":"https:\/\/abaa.mx\/tienda\/wp-json\/wp\/v2\/product"}],"about":[{"href":"https:\/\/abaa.mx\/tienda\/wp-json\/wp\/v2\/types\/product"}],"replies":[{"embeddable":true,"href":"https:\/\/abaa.mx\/tienda\/wp-json\/wp\/v2\/comments?post=2846"}],"wp:featuredmedia":[{"embeddable":true,"href":"https:\/\/abaa.mx\/tienda\/wp-json\/wp\/v2\/media\/2855"}],"wp:attachment":[{"href":"https:\/\/abaa.mx\/tienda\/wp-json\/wp\/v2\/media?parent=2846"}],"wp:term":[{"taxonomy":"product_brand","embeddable":true,"href":"https:\/\/abaa.mx\/tienda\/wp-json\/wp\/v2\/product_brand?post=2846"},{"taxonomy":"product_cat","embeddable":true,"href":"https:\/\/abaa.mx\/tienda\/wp-json\/wp\/v2\/product_cat?post=2846"},{"taxonomy":"product_tag","embeddable":true,"href":"https:\/\/abaa.mx\/tienda\/wp-json\/wp\/v2\/product_tag?post=2846"}],"curies":[{"name":"wp","href":"https:\/\/api.w.org\/{rel}","templated":true}]}}