{"id":2841,"date":"2023-09-25T17:43:21","date_gmt":"2023-09-25T17:43:21","guid":{"rendered":"https:\/\/abaa.mx\/tienda\/?post_type=product&#038;p=2841"},"modified":"2023-12-22T16:50:19","modified_gmt":"2023-12-22T16:50:19","slug":"termometro-industrial-baker-9vu35-115-nist-40-a-110-f-40-a-43-c-incluye-certificado-trazable","status":"publish","type":"product","link":"https:\/\/abaa.mx\/tienda\/termometro-industrial-baker-9vu35-115-nist-40-a-110-f-40-a-43-c-incluye-certificado-trazable\/","title":{"rendered":"term\u00f3metro industrial baker 9vu35-115-nist, -40 a 110 \u00b0f&#8211;40 a 43 \u00b0c, incluye certificado trazable"},"content":{"rendered":"<p>Este term\u00f3metro industrial cuenta con un estuche especialmente dise\u00f1ado, un v\u00e1stago bloqueable totalmente ajustable y un tubo de &#8220;lectura azul&#8221; de lente de aumento lleno de l\u00edquido azul queroseno. Este producto incluye un certificado trazable con datos completos e incertidumbres.<\/p>\n<p><strong>Funciones<\/strong><\/p>\n<ul>\n<li>Caja de poli\u00e9ster GE Valox<\/li>\n<li>Escala de 9&#8243; con potencia de 3,5&#8243; (90 mm)<\/li>\n<li>Conexi\u00f3n de \u00e1ngulo de v\u00e1stago ajustable y rotaci\u00f3n de caja de 360\u00b0 para una f\u00e1cil instalaci\u00f3n<\/li>\n<li>Frente pesado protegido contra el vidrio firmemente asegurado contra el traqueteo por acci\u00f3n de resorte<\/li>\n<li>Encierra completamente el capilar para evitar que la manipulaci\u00f3n y las materias extra\u00f1as entren en el instrumento<\/li>\n<li>Tubo azul de &#8220;lectura azul&#8221; de la lente de aumento lleno de l\u00edquido<\/li>\n<li>Precisi\u00f3n hecha para garantizar una precisi\u00f3n dentro del 1% del rango de escala<\/li>\n<li>Montaje en choque de silicona para una durabilidad duradera<\/li>\n<li>Aluminio recubierto de blanco con marcas negras audaces permanentemente horneadas<\/li>\n<li>Bloqueado en su lugar y ajustado a trav\u00e9s del dispositivo en la parte superior de la escala<\/li>\n<li>Doble escala (\u00b0F y \u00b0C)<\/li>\n<\/ul>\n<p><strong>Aplicaciones<\/strong><\/p>\n<p>Algunos de los usos son tuber\u00edas de proceso, tanques, tuber\u00edas en la construcci\u00f3n de edificios, calderas y conductos de aire.<\/p>\n<h4>Baker 9VU35-115-NIST Especificaciones<\/h4>\n<table class=\"table table-striped\">\n<tbody>\n<tr>\n<td>Rango de medici\u00f3n<\/td>\n<td>-40 a 110\u00b0F (-40 a 43\u00b0C)<\/td>\n<\/tr>\n<tr>\n<td>Exactitud<\/td>\n<td>1%<\/td>\n<\/tr>\n<tr>\n<td>Material h\u00famedo<\/td>\n<td>Aluminio fundido c\u00f3nico con relleno de grafito<\/td>\n<\/tr>\n<tr>\n<td>Material de la carcasa<\/td>\n<td>Poli\u00e9ster Valox\u00ae de 9&#8243; (228 mm)<\/td>\n<\/tr>\n<tr>\n<td>Lente<\/td>\n<td>Vidrio<\/td>\n<\/tr>\n<tr>\n<td>Balanza<\/td>\n<td>Aluminio pintado de blanco con marcas negras<\/td>\n<\/tr>\n<tr>\n<td>Conexi\u00f3n<\/td>\n<td>1-18\/&lt;&gt;-&lt;&gt; rosca UNEF macho<\/td>\n<\/tr>\n<tr>\n<td>Llenado de l\u00edquidos<\/td>\n<td>Tubo azul org\u00e1nico lleno de l\u00edquido<\/td>\n<\/tr>\n<tr>\n<td>Montura<\/td>\n<td>Potencia ajustable &#8211; rotaci\u00f3n de la caja de 360\u00b0<\/td>\n<\/tr>\n<tr>\n<td>Peso<\/td>\n<td>1,6 libras (0,73 kg)<\/td>\n<\/tr>\n<\/tbody>\n<\/table>\n","protected":false},"excerpt":{"rendered":"<p>Este term\u00f3metro industrial cuenta con un estuche especialmente dise\u00f1ado, un v\u00e1stago bloqueable totalmente ajustable y un tubo de &#8220;lectura azul&#8221; de lente de aumento lleno de l\u00edquido azul queroseno. Este producto incluye un certificado trazable con datos completos e incertidumbres.<\/p>\n","protected":false},"featured_media":2848,"comment_status":"open","ping_status":"closed","template":"","meta":{"_joinchat":[]},"product_brand":[],"product_cat":[15],"product_tag":[],"class_list":{"0":"post-2841","1":"product","2":"type-product","3":"status-publish","4":"has-post-thumbnail","6":"product_cat-sin-categorizar","8":"first","9":"instock","10":"shipping-taxable","11":"product-type-simple"},"yoast_head":"<!-- This site is optimized with the Yoast SEO plugin v26.4 - https:\/\/yoast.com\/wordpress\/plugins\/seo\/ -->\n<title>term\u00f3metro industrial baker 9vu35-115-nist, -40 a 110 \u00b0f-40 a 43 \u00b0c, incluye certificado trazable - Abaa tienda online<\/title>\n<meta name=\"robots\" content=\"index, follow, max-snippet:-1, max-image-preview:large, max-video-preview:-1\" \/>\n<link rel=\"canonical\" href=\"https:\/\/abaa.mx\/tienda\/termometro-industrial-baker-9vu35-115-nist-40-a-110-f-40-a-43-c-incluye-certificado-trazable\/\" \/>\n<meta property=\"og:locale\" content=\"es_MX\" \/>\n<meta property=\"og:type\" content=\"article\" \/>\n<meta property=\"og:title\" content=\"term\u00f3metro industrial baker 9vu35-115-nist, -40 a 110 \u00b0f-40 a 43 \u00b0c, incluye certificado trazable - Abaa tienda online\" \/>\n<meta property=\"og:description\" content=\"Este term\u00f3metro industrial cuenta con un estuche especialmente dise\u00f1ado, un v\u00e1stago bloqueable totalmente ajustable y un tubo de &quot;lectura azul&quot; de lente de aumento lleno de l\u00edquido azul queroseno. Este producto incluye un certificado trazable con datos completos e incertidumbres.\" \/>\n<meta property=\"og:url\" content=\"https:\/\/abaa.mx\/tienda\/termometro-industrial-baker-9vu35-115-nist-40-a-110-f-40-a-43-c-incluye-certificado-trazable\/\" \/>\n<meta property=\"og:site_name\" content=\"Abaa tienda online\" \/>\n<meta property=\"article:modified_time\" content=\"2023-12-22T16:50:19+00:00\" \/>\n<meta property=\"og:image\" content=\"https:\/\/abaa.mx\/tienda\/wp-content\/uploads\/2023\/09\/9VU35-115-NIST.jpg\" \/>\n\t<meta property=\"og:image:width\" content=\"270\" \/>\n\t<meta property=\"og:image:height\" content=\"500\" \/>\n\t<meta property=\"og:image:type\" content=\"image\/jpeg\" \/>\n<meta name=\"twitter:card\" content=\"summary_large_image\" \/>\n<meta name=\"twitter:label1\" content=\"Tiempo de lectura\" \/>\n\t<meta name=\"twitter:data1\" content=\"2 minutos\" \/>\n<script type=\"application\/ld+json\" class=\"yoast-schema-graph\">{\"@context\":\"https:\/\/schema.org\",\"@graph\":[{\"@type\":\"WebPage\",\"@id\":\"https:\/\/abaa.mx\/tienda\/termometro-industrial-baker-9vu35-115-nist-40-a-110-f-40-a-43-c-incluye-certificado-trazable\/\",\"url\":\"https:\/\/abaa.mx\/tienda\/termometro-industrial-baker-9vu35-115-nist-40-a-110-f-40-a-43-c-incluye-certificado-trazable\/\",\"name\":\"term\u00f3metro industrial baker 9vu35-115-nist, -40 a 110 \u00b0f-40 a 43 \u00b0c, incluye certificado trazable - Abaa tienda online\",\"isPartOf\":{\"@id\":\"https:\/\/abaa.mx\/tienda\/#website\"},\"primaryImageOfPage\":{\"@id\":\"https:\/\/abaa.mx\/tienda\/termometro-industrial-baker-9vu35-115-nist-40-a-110-f-40-a-43-c-incluye-certificado-trazable\/#primaryimage\"},\"image\":{\"@id\":\"https:\/\/abaa.mx\/tienda\/termometro-industrial-baker-9vu35-115-nist-40-a-110-f-40-a-43-c-incluye-certificado-trazable\/#primaryimage\"},\"thumbnailUrl\":\"https:\/\/abaa.mx\/tienda\/wp-content\/uploads\/2023\/09\/9VU35-115-NIST.jpg\",\"datePublished\":\"2023-09-25T17:43:21+00:00\",\"dateModified\":\"2023-12-22T16:50:19+00:00\",\"breadcrumb\":{\"@id\":\"https:\/\/abaa.mx\/tienda\/termometro-industrial-baker-9vu35-115-nist-40-a-110-f-40-a-43-c-incluye-certificado-trazable\/#breadcrumb\"},\"inLanguage\":\"es\",\"potentialAction\":[{\"@type\":\"ReadAction\",\"target\":[\"https:\/\/abaa.mx\/tienda\/termometro-industrial-baker-9vu35-115-nist-40-a-110-f-40-a-43-c-incluye-certificado-trazable\/\"]}]},{\"@type\":\"ImageObject\",\"inLanguage\":\"es\",\"@id\":\"https:\/\/abaa.mx\/tienda\/termometro-industrial-baker-9vu35-115-nist-40-a-110-f-40-a-43-c-incluye-certificado-trazable\/#primaryimage\",\"url\":\"https:\/\/abaa.mx\/tienda\/wp-content\/uploads\/2023\/09\/9VU35-115-NIST.jpg\",\"contentUrl\":\"https:\/\/abaa.mx\/tienda\/wp-content\/uploads\/2023\/09\/9VU35-115-NIST.jpg\",\"width\":270,\"height\":500,\"caption\":\"9VU35-115-NIST\"},{\"@type\":\"BreadcrumbList\",\"@id\":\"https:\/\/abaa.mx\/tienda\/termometro-industrial-baker-9vu35-115-nist-40-a-110-f-40-a-43-c-incluye-certificado-trazable\/#breadcrumb\",\"itemListElement\":[{\"@type\":\"ListItem\",\"position\":1,\"name\":\"Inicio\",\"item\":\"https:\/\/abaa.mx\/tienda\/\"},{\"@type\":\"ListItem\",\"position\":2,\"name\":\"Tienda\",\"item\":\"https:\/\/abaa.mx\/tienda\/\"},{\"@type\":\"ListItem\",\"position\":3,\"name\":\"term\u00f3metro industrial baker 9vu35-115-nist, -40 a 110 \u00b0f&#8211;40 a 43 \u00b0c, incluye certificado trazable\"}]},{\"@type\":\"WebSite\",\"@id\":\"https:\/\/abaa.mx\/tienda\/#website\",\"url\":\"https:\/\/abaa.mx\/tienda\/\",\"name\":\"Abaa tienda online\",\"description\":\"Instrumentos de medici\u00f3n\",\"publisher\":{\"@id\":\"https:\/\/abaa.mx\/tienda\/#organization\"},\"potentialAction\":[{\"@type\":\"SearchAction\",\"target\":{\"@type\":\"EntryPoint\",\"urlTemplate\":\"https:\/\/abaa.mx\/tienda\/?s={search_term_string}\"},\"query-input\":{\"@type\":\"PropertyValueSpecification\",\"valueRequired\":true,\"valueName\":\"search_term_string\"}}],\"inLanguage\":\"es\"},{\"@type\":\"Organization\",\"@id\":\"https:\/\/abaa.mx\/tienda\/#organization\",\"name\":\"Abaa tienda online\",\"url\":\"https:\/\/abaa.mx\/tienda\/\",\"logo\":{\"@type\":\"ImageObject\",\"inLanguage\":\"es\",\"@id\":\"https:\/\/abaa.mx\/tienda\/#\/schema\/logo\/image\/\",\"url\":\"https:\/\/abaa.mx\/tienda\/wp-content\/uploads\/2024\/01\/abaa-metrologia-tienda.png\",\"contentUrl\":\"https:\/\/abaa.mx\/tienda\/wp-content\/uploads\/2024\/01\/abaa-metrologia-tienda.png\",\"width\":300,\"height\":141,\"caption\":\"Abaa tienda online\"},\"image\":{\"@id\":\"https:\/\/abaa.mx\/tienda\/#\/schema\/logo\/image\/\"}}]}<\/script>\n<!-- \/ Yoast SEO plugin. -->","yoast_head_json":{"title":"term\u00f3metro industrial baker 9vu35-115-nist, -40 a 110 \u00b0f-40 a 43 \u00b0c, incluye certificado trazable - Abaa tienda online","robots":{"index":"index","follow":"follow","max-snippet":"max-snippet:-1","max-image-preview":"max-image-preview:large","max-video-preview":"max-video-preview:-1"},"canonical":"https:\/\/abaa.mx\/tienda\/termometro-industrial-baker-9vu35-115-nist-40-a-110-f-40-a-43-c-incluye-certificado-trazable\/","og_locale":"es_MX","og_type":"article","og_title":"term\u00f3metro industrial baker 9vu35-115-nist, -40 a 110 \u00b0f-40 a 43 \u00b0c, incluye certificado trazable - Abaa tienda online","og_description":"Este term\u00f3metro industrial cuenta con un estuche especialmente dise\u00f1ado, un v\u00e1stago bloqueable totalmente ajustable y un tubo de \"lectura azul\" de lente de aumento lleno de l\u00edquido azul queroseno. Este producto incluye un certificado trazable con datos completos e incertidumbres.","og_url":"https:\/\/abaa.mx\/tienda\/termometro-industrial-baker-9vu35-115-nist-40-a-110-f-40-a-43-c-incluye-certificado-trazable\/","og_site_name":"Abaa tienda online","article_modified_time":"2023-12-22T16:50:19+00:00","og_image":[{"width":270,"height":500,"url":"https:\/\/abaa.mx\/tienda\/wp-content\/uploads\/2023\/09\/9VU35-115-NIST.jpg","type":"image\/jpeg"}],"twitter_card":"summary_large_image","twitter_misc":{"Tiempo de lectura":"2 minutos"},"schema":{"@context":"https:\/\/schema.org","@graph":[{"@type":"WebPage","@id":"https:\/\/abaa.mx\/tienda\/termometro-industrial-baker-9vu35-115-nist-40-a-110-f-40-a-43-c-incluye-certificado-trazable\/","url":"https:\/\/abaa.mx\/tienda\/termometro-industrial-baker-9vu35-115-nist-40-a-110-f-40-a-43-c-incluye-certificado-trazable\/","name":"term\u00f3metro industrial baker 9vu35-115-nist, -40 a 110 \u00b0f-40 a 43 \u00b0c, incluye certificado trazable - Abaa tienda online","isPartOf":{"@id":"https:\/\/abaa.mx\/tienda\/#website"},"primaryImageOfPage":{"@id":"https:\/\/abaa.mx\/tienda\/termometro-industrial-baker-9vu35-115-nist-40-a-110-f-40-a-43-c-incluye-certificado-trazable\/#primaryimage"},"image":{"@id":"https:\/\/abaa.mx\/tienda\/termometro-industrial-baker-9vu35-115-nist-40-a-110-f-40-a-43-c-incluye-certificado-trazable\/#primaryimage"},"thumbnailUrl":"https:\/\/abaa.mx\/tienda\/wp-content\/uploads\/2023\/09\/9VU35-115-NIST.jpg","datePublished":"2023-09-25T17:43:21+00:00","dateModified":"2023-12-22T16:50:19+00:00","breadcrumb":{"@id":"https:\/\/abaa.mx\/tienda\/termometro-industrial-baker-9vu35-115-nist-40-a-110-f-40-a-43-c-incluye-certificado-trazable\/#breadcrumb"},"inLanguage":"es","potentialAction":[{"@type":"ReadAction","target":["https:\/\/abaa.mx\/tienda\/termometro-industrial-baker-9vu35-115-nist-40-a-110-f-40-a-43-c-incluye-certificado-trazable\/"]}]},{"@type":"ImageObject","inLanguage":"es","@id":"https:\/\/abaa.mx\/tienda\/termometro-industrial-baker-9vu35-115-nist-40-a-110-f-40-a-43-c-incluye-certificado-trazable\/#primaryimage","url":"https:\/\/abaa.mx\/tienda\/wp-content\/uploads\/2023\/09\/9VU35-115-NIST.jpg","contentUrl":"https:\/\/abaa.mx\/tienda\/wp-content\/uploads\/2023\/09\/9VU35-115-NIST.jpg","width":270,"height":500,"caption":"9VU35-115-NIST"},{"@type":"BreadcrumbList","@id":"https:\/\/abaa.mx\/tienda\/termometro-industrial-baker-9vu35-115-nist-40-a-110-f-40-a-43-c-incluye-certificado-trazable\/#breadcrumb","itemListElement":[{"@type":"ListItem","position":1,"name":"Inicio","item":"https:\/\/abaa.mx\/tienda\/"},{"@type":"ListItem","position":2,"name":"Tienda","item":"https:\/\/abaa.mx\/tienda\/"},{"@type":"ListItem","position":3,"name":"term\u00f3metro industrial baker 9vu35-115-nist, -40 a 110 \u00b0f&#8211;40 a 43 \u00b0c, incluye certificado trazable"}]},{"@type":"WebSite","@id":"https:\/\/abaa.mx\/tienda\/#website","url":"https:\/\/abaa.mx\/tienda\/","name":"Abaa tienda online","description":"Instrumentos de medici\u00f3n","publisher":{"@id":"https:\/\/abaa.mx\/tienda\/#organization"},"potentialAction":[{"@type":"SearchAction","target":{"@type":"EntryPoint","urlTemplate":"https:\/\/abaa.mx\/tienda\/?s={search_term_string}"},"query-input":{"@type":"PropertyValueSpecification","valueRequired":true,"valueName":"search_term_string"}}],"inLanguage":"es"},{"@type":"Organization","@id":"https:\/\/abaa.mx\/tienda\/#organization","name":"Abaa tienda online","url":"https:\/\/abaa.mx\/tienda\/","logo":{"@type":"ImageObject","inLanguage":"es","@id":"https:\/\/abaa.mx\/tienda\/#\/schema\/logo\/image\/","url":"https:\/\/abaa.mx\/tienda\/wp-content\/uploads\/2024\/01\/abaa-metrologia-tienda.png","contentUrl":"https:\/\/abaa.mx\/tienda\/wp-content\/uploads\/2024\/01\/abaa-metrologia-tienda.png","width":300,"height":141,"caption":"Abaa tienda online"},"image":{"@id":"https:\/\/abaa.mx\/tienda\/#\/schema\/logo\/image\/"}}]}},"_links":{"self":[{"href":"https:\/\/abaa.mx\/tienda\/wp-json\/wp\/v2\/product\/2841","targetHints":{"allow":["GET"]}}],"collection":[{"href":"https:\/\/abaa.mx\/tienda\/wp-json\/wp\/v2\/product"}],"about":[{"href":"https:\/\/abaa.mx\/tienda\/wp-json\/wp\/v2\/types\/product"}],"replies":[{"embeddable":true,"href":"https:\/\/abaa.mx\/tienda\/wp-json\/wp\/v2\/comments?post=2841"}],"wp:featuredmedia":[{"embeddable":true,"href":"https:\/\/abaa.mx\/tienda\/wp-json\/wp\/v2\/media\/2848"}],"wp:attachment":[{"href":"https:\/\/abaa.mx\/tienda\/wp-json\/wp\/v2\/media?parent=2841"}],"wp:term":[{"taxonomy":"product_brand","embeddable":true,"href":"https:\/\/abaa.mx\/tienda\/wp-json\/wp\/v2\/product_brand?post=2841"},{"taxonomy":"product_cat","embeddable":true,"href":"https:\/\/abaa.mx\/tienda\/wp-json\/wp\/v2\/product_cat?post=2841"},{"taxonomy":"product_tag","embeddable":true,"href":"https:\/\/abaa.mx\/tienda\/wp-json\/wp\/v2\/product_tag?post=2841"}],"curies":[{"name":"wp","href":"https:\/\/api.w.org\/{rel}","templated":true}]}}