{"id":2829,"date":"2023-09-25T17:23:14","date_gmt":"2023-09-25T17:23:14","guid":{"rendered":"https:\/\/abaa.mx\/tienda\/?post_type=product&#038;p=2829"},"modified":"2023-09-25T17:23:15","modified_gmt":"2023-09-25T17:23:15","slug":"termometro-de-superficie-magnetica-baker-314fc-nist-de-50-a-750-f-de-10-a-400-c-incluye-certificado-trazable","status":"publish","type":"product","link":"https:\/\/abaa.mx\/tienda\/termometro-de-superficie-magnetica-baker-314fc-nist-de-50-a-750-f-de-10-a-400-c-incluye-certificado-trazable\/","title":{"rendered":"Term\u00f3metro De Superficie Magn\u00e9tica Baker 314fc-Nist, De 50 A 750 \u00b0F (De 10 A 400 \u00b0C), Incluye Certificado Trazable"},"content":{"rendered":"<p>Este term\u00f3metro de superficie magn\u00e9tica presenta un rango de temperatura de 50 a 750 \u00b0 F (10 a 400 \u00b0 C) y alcanza el equilibrio de detecci\u00f3n en 3 minutos. Este producto incluye un certificado trazable con datos completos e incertidumbres.<\/p>\n<p>Este producto incluye un certificado trazable con datos completos e incertidumbres.<\/p>\n<p><strong>Funciones<\/strong><\/p>\n<ul>\n<li>Term\u00f3metros de superficie de montaje de doble im\u00e1n dise\u00f1ados espec\u00edficamente para ser utilizados en superficies horizontales o ferrosas no horizontales<\/li>\n<li>Cuenta con dos imanes de alnico que act\u00faan como base del term\u00f3metro y lo mantienen en su lugar en superficies ferrosas<\/li>\n<li>El sensor bimet\u00e1lico es una aleaci\u00f3n especialmente procesada que est\u00e1 preacondicionada y probada previamente para una calibraci\u00f3n permanente y m\u00e1xima estabilidad.<\/li>\n<li>El sensor est\u00e1 ubicado en un blindaje de tiro y est\u00e1 en contacto t\u00e9rmico virtual con la superficie a medir, lo que significa un tiempo de respuesta relativamente r\u00e1pido<\/li>\n<li>Alcanza el equilibrio de detecci\u00f3n (estabilidad) en tres minutos<\/li>\n<\/ul>\n<p><strong>Aplicaciones<\/strong><\/p>\n<ul>\n<li>Placas calientes<\/li>\n<li>Planchas<\/li>\n<li>Matrices fundidas a presi\u00f3n<\/li>\n<li>Cajas de n\u00facleo de fundici\u00f3n<\/li>\n<li>Hornos de recocido<\/li>\n<li>Precalentamientos de soldadura<\/li>\n<li>Motores<\/li>\n<li>Generadores<\/li>\n<li>Motores<\/li>\n<li>Rumbos<\/li>\n<li>Calderas<\/li>\n<li>Tanques<\/li>\n<li>Tambores<\/li>\n<\/ul>\n","protected":false},"excerpt":{"rendered":"<p>Este term\u00f3metro de superficie magn\u00e9tica presenta un rango de temperatura de 50 a 750 \u00b0 F (10 a 400 \u00b0 C) y alcanza el equilibrio de detecci\u00f3n en 3 minutos. Este producto incluye un certificado trazable con datos completos e incertidumbres.<\/p>\n","protected":false},"featured_media":2833,"comment_status":"open","ping_status":"closed","template":"","meta":{"_joinchat":[]},"product_brand":[],"product_cat":[15],"product_tag":[],"class_list":{"0":"post-2829","1":"product","2":"type-product","3":"status-publish","4":"has-post-thumbnail","6":"product_cat-sin-categorizar","8":"first","9":"instock","10":"shipping-taxable","11":"product-type-simple"},"yoast_head":"<!-- This site is optimized with the Yoast SEO plugin v26.4 - https:\/\/yoast.com\/wordpress\/plugins\/seo\/ -->\n<title>Term\u00f3metro De Superficie Magn\u00e9tica Baker 314fc-Nist, De 50 A 750 \u00b0F (De 10 A 400 \u00b0C), Incluye Certificado Trazable - Abaa tienda online<\/title>\n<meta name=\"robots\" content=\"index, follow, max-snippet:-1, max-image-preview:large, max-video-preview:-1\" \/>\n<link rel=\"canonical\" href=\"https:\/\/abaa.mx\/tienda\/termometro-de-superficie-magnetica-baker-314fc-nist-de-50-a-750-f-de-10-a-400-c-incluye-certificado-trazable\/\" \/>\n<meta property=\"og:locale\" content=\"es_MX\" \/>\n<meta property=\"og:type\" content=\"article\" \/>\n<meta property=\"og:title\" content=\"Term\u00f3metro De Superficie Magn\u00e9tica Baker 314fc-Nist, De 50 A 750 \u00b0F (De 10 A 400 \u00b0C), Incluye Certificado Trazable - Abaa tienda online\" \/>\n<meta property=\"og:description\" content=\"Este term\u00f3metro de superficie magn\u00e9tica presenta un rango de temperatura de 50 a 750 \u00b0 F (10 a 400 \u00b0 C) y alcanza el equilibrio de detecci\u00f3n en 3 minutos. Este producto incluye un certificado trazable con datos completos e incertidumbres.\" \/>\n<meta property=\"og:url\" content=\"https:\/\/abaa.mx\/tienda\/termometro-de-superficie-magnetica-baker-314fc-nist-de-50-a-750-f-de-10-a-400-c-incluye-certificado-trazable\/\" \/>\n<meta property=\"og:site_name\" content=\"Abaa tienda online\" \/>\n<meta property=\"article:modified_time\" content=\"2023-09-25T17:23:15+00:00\" \/>\n<meta property=\"og:image\" content=\"https:\/\/abaa.mx\/tienda\/wp-content\/uploads\/2023\/09\/314FC-NIST.jpg\" \/>\n\t<meta property=\"og:image:width\" content=\"522\" \/>\n\t<meta property=\"og:image:height\" content=\"507\" \/>\n\t<meta property=\"og:image:type\" content=\"image\/jpeg\" \/>\n<meta name=\"twitter:card\" content=\"summary_large_image\" \/>\n<meta name=\"twitter:label1\" content=\"Tiempo de lectura\" \/>\n\t<meta name=\"twitter:data1\" content=\"1 minuto\" \/>\n<script type=\"application\/ld+json\" class=\"yoast-schema-graph\">{\"@context\":\"https:\/\/schema.org\",\"@graph\":[{\"@type\":\"WebPage\",\"@id\":\"https:\/\/abaa.mx\/tienda\/termometro-de-superficie-magnetica-baker-314fc-nist-de-50-a-750-f-de-10-a-400-c-incluye-certificado-trazable\/\",\"url\":\"https:\/\/abaa.mx\/tienda\/termometro-de-superficie-magnetica-baker-314fc-nist-de-50-a-750-f-de-10-a-400-c-incluye-certificado-trazable\/\",\"name\":\"Term\u00f3metro De Superficie Magn\u00e9tica Baker 314fc-Nist, De 50 A 750 \u00b0F (De 10 A 400 \u00b0C), Incluye Certificado Trazable - Abaa tienda online\",\"isPartOf\":{\"@id\":\"https:\/\/abaa.mx\/tienda\/#website\"},\"primaryImageOfPage\":{\"@id\":\"https:\/\/abaa.mx\/tienda\/termometro-de-superficie-magnetica-baker-314fc-nist-de-50-a-750-f-de-10-a-400-c-incluye-certificado-trazable\/#primaryimage\"},\"image\":{\"@id\":\"https:\/\/abaa.mx\/tienda\/termometro-de-superficie-magnetica-baker-314fc-nist-de-50-a-750-f-de-10-a-400-c-incluye-certificado-trazable\/#primaryimage\"},\"thumbnailUrl\":\"https:\/\/abaa.mx\/tienda\/wp-content\/uploads\/2023\/09\/314FC-NIST.jpg\",\"datePublished\":\"2023-09-25T17:23:14+00:00\",\"dateModified\":\"2023-09-25T17:23:15+00:00\",\"breadcrumb\":{\"@id\":\"https:\/\/abaa.mx\/tienda\/termometro-de-superficie-magnetica-baker-314fc-nist-de-50-a-750-f-de-10-a-400-c-incluye-certificado-trazable\/#breadcrumb\"},\"inLanguage\":\"es\",\"potentialAction\":[{\"@type\":\"ReadAction\",\"target\":[\"https:\/\/abaa.mx\/tienda\/termometro-de-superficie-magnetica-baker-314fc-nist-de-50-a-750-f-de-10-a-400-c-incluye-certificado-trazable\/\"]}]},{\"@type\":\"ImageObject\",\"inLanguage\":\"es\",\"@id\":\"https:\/\/abaa.mx\/tienda\/termometro-de-superficie-magnetica-baker-314fc-nist-de-50-a-750-f-de-10-a-400-c-incluye-certificado-trazable\/#primaryimage\",\"url\":\"https:\/\/abaa.mx\/tienda\/wp-content\/uploads\/2023\/09\/314FC-NIST.jpg\",\"contentUrl\":\"https:\/\/abaa.mx\/tienda\/wp-content\/uploads\/2023\/09\/314FC-NIST.jpg\",\"width\":522,\"height\":507,\"caption\":\"314FC-NIST\"},{\"@type\":\"BreadcrumbList\",\"@id\":\"https:\/\/abaa.mx\/tienda\/termometro-de-superficie-magnetica-baker-314fc-nist-de-50-a-750-f-de-10-a-400-c-incluye-certificado-trazable\/#breadcrumb\",\"itemListElement\":[{\"@type\":\"ListItem\",\"position\":1,\"name\":\"Inicio\",\"item\":\"https:\/\/abaa.mx\/tienda\/\"},{\"@type\":\"ListItem\",\"position\":2,\"name\":\"Tienda\",\"item\":\"https:\/\/abaa.mx\/tienda\/\"},{\"@type\":\"ListItem\",\"position\":3,\"name\":\"Term\u00f3metro De Superficie Magn\u00e9tica Baker 314fc-Nist, De 50 A 750 \u00b0F (De 10 A 400 \u00b0C), Incluye Certificado Trazable\"}]},{\"@type\":\"WebSite\",\"@id\":\"https:\/\/abaa.mx\/tienda\/#website\",\"url\":\"https:\/\/abaa.mx\/tienda\/\",\"name\":\"Abaa tienda online\",\"description\":\"Instrumentos de medici\u00f3n\",\"publisher\":{\"@id\":\"https:\/\/abaa.mx\/tienda\/#organization\"},\"potentialAction\":[{\"@type\":\"SearchAction\",\"target\":{\"@type\":\"EntryPoint\",\"urlTemplate\":\"https:\/\/abaa.mx\/tienda\/?s={search_term_string}\"},\"query-input\":{\"@type\":\"PropertyValueSpecification\",\"valueRequired\":true,\"valueName\":\"search_term_string\"}}],\"inLanguage\":\"es\"},{\"@type\":\"Organization\",\"@id\":\"https:\/\/abaa.mx\/tienda\/#organization\",\"name\":\"Abaa tienda online\",\"url\":\"https:\/\/abaa.mx\/tienda\/\",\"logo\":{\"@type\":\"ImageObject\",\"inLanguage\":\"es\",\"@id\":\"https:\/\/abaa.mx\/tienda\/#\/schema\/logo\/image\/\",\"url\":\"https:\/\/abaa.mx\/tienda\/wp-content\/uploads\/2024\/01\/abaa-metrologia-tienda.png\",\"contentUrl\":\"https:\/\/abaa.mx\/tienda\/wp-content\/uploads\/2024\/01\/abaa-metrologia-tienda.png\",\"width\":300,\"height\":141,\"caption\":\"Abaa tienda online\"},\"image\":{\"@id\":\"https:\/\/abaa.mx\/tienda\/#\/schema\/logo\/image\/\"}}]}<\/script>\n<!-- \/ Yoast SEO plugin. -->","yoast_head_json":{"title":"Term\u00f3metro De Superficie Magn\u00e9tica Baker 314fc-Nist, De 50 A 750 \u00b0F (De 10 A 400 \u00b0C), Incluye Certificado Trazable - Abaa tienda online","robots":{"index":"index","follow":"follow","max-snippet":"max-snippet:-1","max-image-preview":"max-image-preview:large","max-video-preview":"max-video-preview:-1"},"canonical":"https:\/\/abaa.mx\/tienda\/termometro-de-superficie-magnetica-baker-314fc-nist-de-50-a-750-f-de-10-a-400-c-incluye-certificado-trazable\/","og_locale":"es_MX","og_type":"article","og_title":"Term\u00f3metro De Superficie Magn\u00e9tica Baker 314fc-Nist, De 50 A 750 \u00b0F (De 10 A 400 \u00b0C), Incluye Certificado Trazable - Abaa tienda online","og_description":"Este term\u00f3metro de superficie magn\u00e9tica presenta un rango de temperatura de 50 a 750 \u00b0 F (10 a 400 \u00b0 C) y alcanza el equilibrio de detecci\u00f3n en 3 minutos. Este producto incluye un certificado trazable con datos completos e incertidumbres.","og_url":"https:\/\/abaa.mx\/tienda\/termometro-de-superficie-magnetica-baker-314fc-nist-de-50-a-750-f-de-10-a-400-c-incluye-certificado-trazable\/","og_site_name":"Abaa tienda online","article_modified_time":"2023-09-25T17:23:15+00:00","og_image":[{"width":522,"height":507,"url":"https:\/\/abaa.mx\/tienda\/wp-content\/uploads\/2023\/09\/314FC-NIST.jpg","type":"image\/jpeg"}],"twitter_card":"summary_large_image","twitter_misc":{"Tiempo de lectura":"1 minuto"},"schema":{"@context":"https:\/\/schema.org","@graph":[{"@type":"WebPage","@id":"https:\/\/abaa.mx\/tienda\/termometro-de-superficie-magnetica-baker-314fc-nist-de-50-a-750-f-de-10-a-400-c-incluye-certificado-trazable\/","url":"https:\/\/abaa.mx\/tienda\/termometro-de-superficie-magnetica-baker-314fc-nist-de-50-a-750-f-de-10-a-400-c-incluye-certificado-trazable\/","name":"Term\u00f3metro De Superficie Magn\u00e9tica Baker 314fc-Nist, De 50 A 750 \u00b0F (De 10 A 400 \u00b0C), Incluye Certificado Trazable - Abaa tienda online","isPartOf":{"@id":"https:\/\/abaa.mx\/tienda\/#website"},"primaryImageOfPage":{"@id":"https:\/\/abaa.mx\/tienda\/termometro-de-superficie-magnetica-baker-314fc-nist-de-50-a-750-f-de-10-a-400-c-incluye-certificado-trazable\/#primaryimage"},"image":{"@id":"https:\/\/abaa.mx\/tienda\/termometro-de-superficie-magnetica-baker-314fc-nist-de-50-a-750-f-de-10-a-400-c-incluye-certificado-trazable\/#primaryimage"},"thumbnailUrl":"https:\/\/abaa.mx\/tienda\/wp-content\/uploads\/2023\/09\/314FC-NIST.jpg","datePublished":"2023-09-25T17:23:14+00:00","dateModified":"2023-09-25T17:23:15+00:00","breadcrumb":{"@id":"https:\/\/abaa.mx\/tienda\/termometro-de-superficie-magnetica-baker-314fc-nist-de-50-a-750-f-de-10-a-400-c-incluye-certificado-trazable\/#breadcrumb"},"inLanguage":"es","potentialAction":[{"@type":"ReadAction","target":["https:\/\/abaa.mx\/tienda\/termometro-de-superficie-magnetica-baker-314fc-nist-de-50-a-750-f-de-10-a-400-c-incluye-certificado-trazable\/"]}]},{"@type":"ImageObject","inLanguage":"es","@id":"https:\/\/abaa.mx\/tienda\/termometro-de-superficie-magnetica-baker-314fc-nist-de-50-a-750-f-de-10-a-400-c-incluye-certificado-trazable\/#primaryimage","url":"https:\/\/abaa.mx\/tienda\/wp-content\/uploads\/2023\/09\/314FC-NIST.jpg","contentUrl":"https:\/\/abaa.mx\/tienda\/wp-content\/uploads\/2023\/09\/314FC-NIST.jpg","width":522,"height":507,"caption":"314FC-NIST"},{"@type":"BreadcrumbList","@id":"https:\/\/abaa.mx\/tienda\/termometro-de-superficie-magnetica-baker-314fc-nist-de-50-a-750-f-de-10-a-400-c-incluye-certificado-trazable\/#breadcrumb","itemListElement":[{"@type":"ListItem","position":1,"name":"Inicio","item":"https:\/\/abaa.mx\/tienda\/"},{"@type":"ListItem","position":2,"name":"Tienda","item":"https:\/\/abaa.mx\/tienda\/"},{"@type":"ListItem","position":3,"name":"Term\u00f3metro De Superficie Magn\u00e9tica Baker 314fc-Nist, De 50 A 750 \u00b0F (De 10 A 400 \u00b0C), Incluye Certificado Trazable"}]},{"@type":"WebSite","@id":"https:\/\/abaa.mx\/tienda\/#website","url":"https:\/\/abaa.mx\/tienda\/","name":"Abaa tienda online","description":"Instrumentos de medici\u00f3n","publisher":{"@id":"https:\/\/abaa.mx\/tienda\/#organization"},"potentialAction":[{"@type":"SearchAction","target":{"@type":"EntryPoint","urlTemplate":"https:\/\/abaa.mx\/tienda\/?s={search_term_string}"},"query-input":{"@type":"PropertyValueSpecification","valueRequired":true,"valueName":"search_term_string"}}],"inLanguage":"es"},{"@type":"Organization","@id":"https:\/\/abaa.mx\/tienda\/#organization","name":"Abaa tienda online","url":"https:\/\/abaa.mx\/tienda\/","logo":{"@type":"ImageObject","inLanguage":"es","@id":"https:\/\/abaa.mx\/tienda\/#\/schema\/logo\/image\/","url":"https:\/\/abaa.mx\/tienda\/wp-content\/uploads\/2024\/01\/abaa-metrologia-tienda.png","contentUrl":"https:\/\/abaa.mx\/tienda\/wp-content\/uploads\/2024\/01\/abaa-metrologia-tienda.png","width":300,"height":141,"caption":"Abaa tienda online"},"image":{"@id":"https:\/\/abaa.mx\/tienda\/#\/schema\/logo\/image\/"}}]}},"_links":{"self":[{"href":"https:\/\/abaa.mx\/tienda\/wp-json\/wp\/v2\/product\/2829","targetHints":{"allow":["GET"]}}],"collection":[{"href":"https:\/\/abaa.mx\/tienda\/wp-json\/wp\/v2\/product"}],"about":[{"href":"https:\/\/abaa.mx\/tienda\/wp-json\/wp\/v2\/types\/product"}],"replies":[{"embeddable":true,"href":"https:\/\/abaa.mx\/tienda\/wp-json\/wp\/v2\/comments?post=2829"}],"wp:featuredmedia":[{"embeddable":true,"href":"https:\/\/abaa.mx\/tienda\/wp-json\/wp\/v2\/media\/2833"}],"wp:attachment":[{"href":"https:\/\/abaa.mx\/tienda\/wp-json\/wp\/v2\/media?parent=2829"}],"wp:term":[{"taxonomy":"product_brand","embeddable":true,"href":"https:\/\/abaa.mx\/tienda\/wp-json\/wp\/v2\/product_brand?post=2829"},{"taxonomy":"product_cat","embeddable":true,"href":"https:\/\/abaa.mx\/tienda\/wp-json\/wp\/v2\/product_cat?post=2829"},{"taxonomy":"product_tag","embeddable":true,"href":"https:\/\/abaa.mx\/tienda\/wp-json\/wp\/v2\/product_tag?post=2829"}],"curies":[{"name":"wp","href":"https:\/\/api.w.org\/{rel}","templated":true}]}}