{"id":2825,"date":"2023-09-25T17:39:24","date_gmt":"2023-09-25T17:39:24","guid":{"rendered":"https:\/\/abaa.mx\/tienda\/?post_type=product&#038;p=2825"},"modified":"2023-11-27T19:31:58","modified_gmt":"2023-11-27T19:31:58","slug":"probador-de-resistencia-de-aislamiento-fluke-1507-nist-de-50-a-1000-v","status":"publish","type":"product","link":"https:\/\/abaa.mx\/tienda\/probador-de-resistencia-de-aislamiento-fluke-1507-nist-de-50-a-1000-v\/","title":{"rendered":"Probador de resistencia de aislamiento fluke 1507-nist, de 50 a 1000 v"},"content":{"rendered":"<h4><\/h4>\n<p>Ideal para pruebas avanzadas de aislamiento industrial y el\u00e9ctrico, este probador de aislamiento viene en un dise\u00f1o compacto y presenta versatilidad. Adem\u00e1s, los m\u00faltiples voltajes de prueba facilitan la herramienta para muchas aplicaciones de resoluci\u00f3n de problemas, puesta en marcha y mantenimiento preventivo. Aproveche el conjunto completo de funciones para realizar f\u00e1cil y r\u00e1pidamente pruebas avanzadas de resistencia de aislamiento. Su tama\u00f1o pr\u00e1ctico y ligero hacen que sea f\u00e1cil de empacar y usar. Las caracter\u00edsticas adicionales, como la sonda remota, ahorran tiempo y dinero, especialmente cuando se realizan pruebas repetitivas.<\/p>\n<p>&nbsp;<\/p>\n<p><strong>Funciones:<\/strong><\/p>\n<ul>\n<li>Probador de resistencia de aislamiento avanzado robusto y compacto para contratistas el\u00e9ctricos y electricistas industriales y comerciales.<\/li>\n<li>Calcula autom\u00e1ticamente el \u00edndice de polarizaci\u00f3n y la relaci\u00f3n de absorci\u00f3n diel\u00e9ctrica.<\/li>\n<li>Hace que las pruebas repetitivas sean simples y f\u00e1ciles con una funci\u00f3n de comparaci\u00f3n (aprobado\/no aprobado).<\/li>\n<li>Ofrece m\u00faltiples voltajes de prueba de aislamiento: 50, 100, 250, 500 y 1000 V.<\/li>\n<li>Realiza pruebas de aislamiento de 0,01 M\u03a9 a 2,0 G\u03a9.<\/li>\n<li>Incluye detecci\u00f3n de circuito en vivo para evitar la prueba de aislamiento si se detecta voltaje &gt;30 V.<\/li>\n<li>Incluye descarga autom\u00e1tica de voltaje capacitivo para mayor protecci\u00f3n del usuario.<\/li>\n<li>Mide voltaje AC\/DC de 0.1 a 600 V y resistencia de 0.01 \u03a9 a 20.00 k\u03a9.<\/li>\n<li>Proporciona continuidad de enlace de tierra lo-ohmios (200 mA).<\/li>\n<li>Simplifica las pruebas repetitivas o dif\u00edciles de alcanzar con la sonda de prueba remota.<\/li>\n<li>Ahorra energ\u00eda de la bater\u00eda con el apagado autom\u00e1tico.<\/li>\n<li>Presenta los resultados en una gran pantalla retroiluminada.<\/li>\n<li>Caracter\u00edsticas CAT IV 600 V sobre tensi\u00f3n clasificaci\u00f3n de categor\u00eda.<\/li>\n<li>Funciona con cuatro pilas alcalinas AA (NEDA 15 A o IEC LR6) para al menos 1000 pruebas de aislamiento.<\/li>\n<\/ul>\n<p>&nbsp;<\/p>\n<p><strong>Aplicaciones:<\/strong><\/p>\n<ul>\n<li>Soluci\u00f3n de problemas.<\/li>\n<li>Comisionamiento.<\/li>\n<li>Mantenimiento preventivo.<\/li>\n<\/ul>\n<p>&nbsp;<\/p>\n<h4>Especificaciones de Fluke 1507-NIST<\/h4>\n<table class=\"table table-striped\">\n<tbody>\n<tr>\n<td colspan=\"2\"><strong>Especificaciones de voltaje AC\/DC<\/strong><\/td>\n<\/tr>\n<tr>\n<td>Gama<\/td>\n<td>600,0 V<\/td>\n<\/tr>\n<tr>\n<td>Resoluci\u00f3n<\/td>\n<td>0,1 V<\/td>\n<\/tr>\n<tr>\n<td>Exactitud<\/td>\n<td>50 Hz a 400 Hz: \u00b1(2% de rdg + 3 d\u00edgitos)<\/td>\n<\/tr>\n<tr>\n<td>Impedancia de entrada<\/td>\n<td>3 M\u03a9 (nominal), &lt; 100 pF<\/td>\n<\/tr>\n<tr>\n<td>Relaci\u00f3n de rechazo de modo com\u00fan (1 k\u03a9 desequilibrado)<\/td>\n<td>&gt;60 dB a CC, 50 o 60 Hz<\/td>\n<\/tr>\n<tr>\n<td>Protecci\u00f3n contra sobrecarga<\/td>\n<td>600 V RMS o CC<\/td>\n<\/tr>\n<tr>\n<td colspan=\"2\"><strong>Especificaciones de resistencia a la uni\u00f3n a tierra<\/strong><\/td>\n<\/tr>\n<tr>\n<td>Gama<\/td>\n<td>20,00 \u03a9 a 20,00 k\u03a9<\/td>\n<\/tr>\n<tr>\n<td>Resoluci\u00f3n<\/td>\n<td>0,01 \u03a9 a 0,01 k\u03a9<\/td>\n<\/tr>\n<tr>\n<td>Exactitud<\/td>\n<td>\u00b1(1.5% + 3 d\u00edgitos)<\/td>\n<\/tr>\n<tr>\n<td>Protecci\u00f3n contra sobrecarga<\/td>\n<td>2 V RMS o CC<\/td>\n<\/tr>\n<tr>\n<td>Voltaje de prueba de circuito abierto<\/td>\n<td>&gt;4,0 V, &lt;8 V<\/td>\n<\/tr>\n<tr>\n<td>Corriente de cortocircuito<\/td>\n<td>&gt;200,0 mA<\/td>\n<\/tr>\n<tr>\n<td colspan=\"2\"><strong>Especificaciones de aislamiento<\/strong><\/td>\n<\/tr>\n<tr>\n<td>Rango de medici\u00f3n<\/td>\n<td>0,01 M\u03a9 a 10 G\u03a9<\/td>\n<\/tr>\n<tr>\n<td>Voltaje de prueba<\/td>\n<td>50, 100, 250, 500, 1000 V<\/td>\n<\/tr>\n<tr>\n<td>Precisi\u00f3n del voltaje de prueba<\/td>\n<td>+20%, -0%<\/td>\n<\/tr>\n<tr>\n<td>Corriente de cortocircuito<\/td>\n<td>1 mA nominal<\/td>\n<\/tr>\n<tr>\n<td>Descarga autom\u00e1tica<\/td>\n<td>Tiempo de descarga &lt;0.5 segundos para C = 1 \u03bcF o menos<\/td>\n<\/tr>\n<tr>\n<td>Indicador de circuito en vivo<\/td>\n<td>Inhibir la prueba si el voltaje del terminal &gt;30 V antes de la inicializaci\u00f3n de la prueba<\/td>\n<\/tr>\n<tr>\n<td>Carga capacitiva m\u00e1xima<\/td>\n<td>Operable con una carga de hasta 1 \u03bcF<\/td>\n<\/tr>\n<tr>\n<td>Detecci\u00f3n de circuitos en vivo<\/td>\n<td>Inhibir la prueba si el voltaje del terminal &gt; 30 V antes de la inicializaci\u00f3n de la prueba<\/td>\n<\/tr>\n<tr>\n<td>Carga capacitiva m\u00e1xima<\/td>\n<td>Operable con una carga de hasta 1 \u03bcF<\/td>\n<\/tr>\n<tr>\n<td>Precisi\u00f3n de la medida<\/td>\n<td>50 V: \u00b1(3% + 5) 100 V: \u00b1(3% + 5) 250 V: \u00b1(3% + 5) 500 V: \u00b1(3% + 5) 1000 V: \u00b1(3% + 5) a 2000 M\u03a9, \u00b1(10% + 3)<\/p>\n<p>por encima de 2000 M\u03a9<\/td>\n<\/tr>\n<\/tbody>\n<\/table>\n","protected":false},"excerpt":{"rendered":"<p>Ideal para contratistas el\u00e9ctricos y electricistas industriales y comerciales, este probador de resistencia de aislamiento tambi\u00e9n viene en un dise\u00f1o compacto y resistente y es f\u00e1cil de usar. Adem\u00e1s, esta herramienta es ideal para la resoluci\u00f3n de problemas, la puesta en marcha y las aplicaciones de mantenimiento preventivo.<\/p>\n","protected":false},"featured_media":2842,"comment_status":"open","ping_status":"closed","template":"","meta":{"_joinchat":[]},"product_brand":[],"product_cat":[15],"product_tag":[],"class_list":{"0":"post-2825","1":"product","2":"type-product","3":"status-publish","4":"has-post-thumbnail","6":"product_cat-sin-categorizar","8":"first","9":"instock","10":"shipping-taxable","11":"product-type-simple"},"yoast_head":"<!-- This site is optimized with the Yoast SEO plugin v26.4 - https:\/\/yoast.com\/wordpress\/plugins\/seo\/ -->\n<title>Probador de resistencia de aislamiento fluke 1507-nist, de 50 a 1000 v - Abaa tienda online<\/title>\n<meta name=\"robots\" content=\"index, follow, max-snippet:-1, max-image-preview:large, max-video-preview:-1\" \/>\n<link rel=\"canonical\" href=\"https:\/\/abaa.mx\/tienda\/probador-de-resistencia-de-aislamiento-fluke-1507-nist-de-50-a-1000-v\/\" \/>\n<meta property=\"og:locale\" content=\"es_MX\" \/>\n<meta property=\"og:type\" content=\"article\" \/>\n<meta property=\"og:title\" content=\"Probador de resistencia de aislamiento fluke 1507-nist, de 50 a 1000 v - Abaa tienda online\" \/>\n<meta property=\"og:description\" content=\"Ideal para contratistas el\u00e9ctricos y electricistas industriales y comerciales, este probador de resistencia de aislamiento tambi\u00e9n viene en un dise\u00f1o compacto y resistente y es f\u00e1cil de usar. Adem\u00e1s, esta herramienta es ideal para la resoluci\u00f3n de problemas, la puesta en marcha y las aplicaciones de mantenimiento preventivo.\" \/>\n<meta property=\"og:url\" content=\"https:\/\/abaa.mx\/tienda\/probador-de-resistencia-de-aislamiento-fluke-1507-nist-de-50-a-1000-v\/\" \/>\n<meta property=\"og:site_name\" content=\"Abaa tienda online\" \/>\n<meta property=\"article:modified_time\" content=\"2023-11-27T19:31:58+00:00\" \/>\n<meta property=\"og:image\" content=\"https:\/\/abaa.mx\/tienda\/wp-content\/uploads\/2023\/09\/1507-NIST.jpg\" \/>\n\t<meta property=\"og:image:width\" content=\"1200\" \/>\n\t<meta property=\"og:image:height\" content=\"1372\" \/>\n\t<meta property=\"og:image:type\" content=\"image\/jpeg\" \/>\n<meta name=\"twitter:card\" content=\"summary_large_image\" \/>\n<meta name=\"twitter:label1\" content=\"Tiempo de lectura\" \/>\n\t<meta name=\"twitter:data1\" content=\"3 minutos\" \/>\n<script type=\"application\/ld+json\" class=\"yoast-schema-graph\">{\"@context\":\"https:\/\/schema.org\",\"@graph\":[{\"@type\":\"WebPage\",\"@id\":\"https:\/\/abaa.mx\/tienda\/probador-de-resistencia-de-aislamiento-fluke-1507-nist-de-50-a-1000-v\/\",\"url\":\"https:\/\/abaa.mx\/tienda\/probador-de-resistencia-de-aislamiento-fluke-1507-nist-de-50-a-1000-v\/\",\"name\":\"Probador de resistencia de aislamiento fluke 1507-nist, de 50 a 1000 v - Abaa tienda online\",\"isPartOf\":{\"@id\":\"https:\/\/abaa.mx\/tienda\/#website\"},\"primaryImageOfPage\":{\"@id\":\"https:\/\/abaa.mx\/tienda\/probador-de-resistencia-de-aislamiento-fluke-1507-nist-de-50-a-1000-v\/#primaryimage\"},\"image\":{\"@id\":\"https:\/\/abaa.mx\/tienda\/probador-de-resistencia-de-aislamiento-fluke-1507-nist-de-50-a-1000-v\/#primaryimage\"},\"thumbnailUrl\":\"https:\/\/abaa.mx\/tienda\/wp-content\/uploads\/2023\/09\/1507-NIST.jpg\",\"datePublished\":\"2023-09-25T17:39:24+00:00\",\"dateModified\":\"2023-11-27T19:31:58+00:00\",\"breadcrumb\":{\"@id\":\"https:\/\/abaa.mx\/tienda\/probador-de-resistencia-de-aislamiento-fluke-1507-nist-de-50-a-1000-v\/#breadcrumb\"},\"inLanguage\":\"es\",\"potentialAction\":[{\"@type\":\"ReadAction\",\"target\":[\"https:\/\/abaa.mx\/tienda\/probador-de-resistencia-de-aislamiento-fluke-1507-nist-de-50-a-1000-v\/\"]}]},{\"@type\":\"ImageObject\",\"inLanguage\":\"es\",\"@id\":\"https:\/\/abaa.mx\/tienda\/probador-de-resistencia-de-aislamiento-fluke-1507-nist-de-50-a-1000-v\/#primaryimage\",\"url\":\"https:\/\/abaa.mx\/tienda\/wp-content\/uploads\/2023\/09\/1507-NIST.jpg\",\"contentUrl\":\"https:\/\/abaa.mx\/tienda\/wp-content\/uploads\/2023\/09\/1507-NIST.jpg\",\"width\":1200,\"height\":1372,\"caption\":\"fluke-1507-nist-de-50-a-1000-v\"},{\"@type\":\"BreadcrumbList\",\"@id\":\"https:\/\/abaa.mx\/tienda\/probador-de-resistencia-de-aislamiento-fluke-1507-nist-de-50-a-1000-v\/#breadcrumb\",\"itemListElement\":[{\"@type\":\"ListItem\",\"position\":1,\"name\":\"Inicio\",\"item\":\"https:\/\/abaa.mx\/tienda\/\"},{\"@type\":\"ListItem\",\"position\":2,\"name\":\"Tienda\",\"item\":\"https:\/\/abaa.mx\/tienda\/\"},{\"@type\":\"ListItem\",\"position\":3,\"name\":\"Probador de resistencia de aislamiento fluke 1507-nist, de 50 a 1000 v\"}]},{\"@type\":\"WebSite\",\"@id\":\"https:\/\/abaa.mx\/tienda\/#website\",\"url\":\"https:\/\/abaa.mx\/tienda\/\",\"name\":\"Abaa tienda online\",\"description\":\"Instrumentos de medici\u00f3n\",\"publisher\":{\"@id\":\"https:\/\/abaa.mx\/tienda\/#organization\"},\"potentialAction\":[{\"@type\":\"SearchAction\",\"target\":{\"@type\":\"EntryPoint\",\"urlTemplate\":\"https:\/\/abaa.mx\/tienda\/?s={search_term_string}\"},\"query-input\":{\"@type\":\"PropertyValueSpecification\",\"valueRequired\":true,\"valueName\":\"search_term_string\"}}],\"inLanguage\":\"es\"},{\"@type\":\"Organization\",\"@id\":\"https:\/\/abaa.mx\/tienda\/#organization\",\"name\":\"Abaa tienda online\",\"url\":\"https:\/\/abaa.mx\/tienda\/\",\"logo\":{\"@type\":\"ImageObject\",\"inLanguage\":\"es\",\"@id\":\"https:\/\/abaa.mx\/tienda\/#\/schema\/logo\/image\/\",\"url\":\"https:\/\/abaa.mx\/tienda\/wp-content\/uploads\/2024\/01\/abaa-metrologia-tienda.png\",\"contentUrl\":\"https:\/\/abaa.mx\/tienda\/wp-content\/uploads\/2024\/01\/abaa-metrologia-tienda.png\",\"width\":300,\"height\":141,\"caption\":\"Abaa tienda online\"},\"image\":{\"@id\":\"https:\/\/abaa.mx\/tienda\/#\/schema\/logo\/image\/\"}}]}<\/script>\n<!-- \/ Yoast SEO plugin. -->","yoast_head_json":{"title":"Probador de resistencia de aislamiento fluke 1507-nist, de 50 a 1000 v - Abaa tienda online","robots":{"index":"index","follow":"follow","max-snippet":"max-snippet:-1","max-image-preview":"max-image-preview:large","max-video-preview":"max-video-preview:-1"},"canonical":"https:\/\/abaa.mx\/tienda\/probador-de-resistencia-de-aislamiento-fluke-1507-nist-de-50-a-1000-v\/","og_locale":"es_MX","og_type":"article","og_title":"Probador de resistencia de aislamiento fluke 1507-nist, de 50 a 1000 v - Abaa tienda online","og_description":"Ideal para contratistas el\u00e9ctricos y electricistas industriales y comerciales, este probador de resistencia de aislamiento tambi\u00e9n viene en un dise\u00f1o compacto y resistente y es f\u00e1cil de usar. Adem\u00e1s, esta herramienta es ideal para la resoluci\u00f3n de problemas, la puesta en marcha y las aplicaciones de mantenimiento preventivo.","og_url":"https:\/\/abaa.mx\/tienda\/probador-de-resistencia-de-aislamiento-fluke-1507-nist-de-50-a-1000-v\/","og_site_name":"Abaa tienda online","article_modified_time":"2023-11-27T19:31:58+00:00","og_image":[{"width":1200,"height":1372,"url":"https:\/\/abaa.mx\/tienda\/wp-content\/uploads\/2023\/09\/1507-NIST.jpg","type":"image\/jpeg"}],"twitter_card":"summary_large_image","twitter_misc":{"Tiempo de lectura":"3 minutos"},"schema":{"@context":"https:\/\/schema.org","@graph":[{"@type":"WebPage","@id":"https:\/\/abaa.mx\/tienda\/probador-de-resistencia-de-aislamiento-fluke-1507-nist-de-50-a-1000-v\/","url":"https:\/\/abaa.mx\/tienda\/probador-de-resistencia-de-aislamiento-fluke-1507-nist-de-50-a-1000-v\/","name":"Probador de resistencia de aislamiento fluke 1507-nist, de 50 a 1000 v - Abaa tienda online","isPartOf":{"@id":"https:\/\/abaa.mx\/tienda\/#website"},"primaryImageOfPage":{"@id":"https:\/\/abaa.mx\/tienda\/probador-de-resistencia-de-aislamiento-fluke-1507-nist-de-50-a-1000-v\/#primaryimage"},"image":{"@id":"https:\/\/abaa.mx\/tienda\/probador-de-resistencia-de-aislamiento-fluke-1507-nist-de-50-a-1000-v\/#primaryimage"},"thumbnailUrl":"https:\/\/abaa.mx\/tienda\/wp-content\/uploads\/2023\/09\/1507-NIST.jpg","datePublished":"2023-09-25T17:39:24+00:00","dateModified":"2023-11-27T19:31:58+00:00","breadcrumb":{"@id":"https:\/\/abaa.mx\/tienda\/probador-de-resistencia-de-aislamiento-fluke-1507-nist-de-50-a-1000-v\/#breadcrumb"},"inLanguage":"es","potentialAction":[{"@type":"ReadAction","target":["https:\/\/abaa.mx\/tienda\/probador-de-resistencia-de-aislamiento-fluke-1507-nist-de-50-a-1000-v\/"]}]},{"@type":"ImageObject","inLanguage":"es","@id":"https:\/\/abaa.mx\/tienda\/probador-de-resistencia-de-aislamiento-fluke-1507-nist-de-50-a-1000-v\/#primaryimage","url":"https:\/\/abaa.mx\/tienda\/wp-content\/uploads\/2023\/09\/1507-NIST.jpg","contentUrl":"https:\/\/abaa.mx\/tienda\/wp-content\/uploads\/2023\/09\/1507-NIST.jpg","width":1200,"height":1372,"caption":"fluke-1507-nist-de-50-a-1000-v"},{"@type":"BreadcrumbList","@id":"https:\/\/abaa.mx\/tienda\/probador-de-resistencia-de-aislamiento-fluke-1507-nist-de-50-a-1000-v\/#breadcrumb","itemListElement":[{"@type":"ListItem","position":1,"name":"Inicio","item":"https:\/\/abaa.mx\/tienda\/"},{"@type":"ListItem","position":2,"name":"Tienda","item":"https:\/\/abaa.mx\/tienda\/"},{"@type":"ListItem","position":3,"name":"Probador de resistencia de aislamiento fluke 1507-nist, de 50 a 1000 v"}]},{"@type":"WebSite","@id":"https:\/\/abaa.mx\/tienda\/#website","url":"https:\/\/abaa.mx\/tienda\/","name":"Abaa tienda online","description":"Instrumentos de medici\u00f3n","publisher":{"@id":"https:\/\/abaa.mx\/tienda\/#organization"},"potentialAction":[{"@type":"SearchAction","target":{"@type":"EntryPoint","urlTemplate":"https:\/\/abaa.mx\/tienda\/?s={search_term_string}"},"query-input":{"@type":"PropertyValueSpecification","valueRequired":true,"valueName":"search_term_string"}}],"inLanguage":"es"},{"@type":"Organization","@id":"https:\/\/abaa.mx\/tienda\/#organization","name":"Abaa tienda online","url":"https:\/\/abaa.mx\/tienda\/","logo":{"@type":"ImageObject","inLanguage":"es","@id":"https:\/\/abaa.mx\/tienda\/#\/schema\/logo\/image\/","url":"https:\/\/abaa.mx\/tienda\/wp-content\/uploads\/2024\/01\/abaa-metrologia-tienda.png","contentUrl":"https:\/\/abaa.mx\/tienda\/wp-content\/uploads\/2024\/01\/abaa-metrologia-tienda.png","width":300,"height":141,"caption":"Abaa tienda online"},"image":{"@id":"https:\/\/abaa.mx\/tienda\/#\/schema\/logo\/image\/"}}]}},"_links":{"self":[{"href":"https:\/\/abaa.mx\/tienda\/wp-json\/wp\/v2\/product\/2825","targetHints":{"allow":["GET"]}}],"collection":[{"href":"https:\/\/abaa.mx\/tienda\/wp-json\/wp\/v2\/product"}],"about":[{"href":"https:\/\/abaa.mx\/tienda\/wp-json\/wp\/v2\/types\/product"}],"replies":[{"embeddable":true,"href":"https:\/\/abaa.mx\/tienda\/wp-json\/wp\/v2\/comments?post=2825"}],"wp:featuredmedia":[{"embeddable":true,"href":"https:\/\/abaa.mx\/tienda\/wp-json\/wp\/v2\/media\/2842"}],"wp:attachment":[{"href":"https:\/\/abaa.mx\/tienda\/wp-json\/wp\/v2\/media?parent=2825"}],"wp:term":[{"taxonomy":"product_brand","embeddable":true,"href":"https:\/\/abaa.mx\/tienda\/wp-json\/wp\/v2\/product_brand?post=2825"},{"taxonomy":"product_cat","embeddable":true,"href":"https:\/\/abaa.mx\/tienda\/wp-json\/wp\/v2\/product_cat?post=2825"},{"taxonomy":"product_tag","embeddable":true,"href":"https:\/\/abaa.mx\/tienda\/wp-json\/wp\/v2\/product_tag?post=2825"}],"curies":[{"name":"wp","href":"https:\/\/api.w.org\/{rel}","templated":true}]}}