{"id":2794,"date":"2023-09-25T15:44:43","date_gmt":"2023-09-25T15:44:43","guid":{"rendered":"https:\/\/abaa.mx\/tienda\/?post_type=product&#038;p=2794"},"modified":"2023-09-25T15:44:44","modified_gmt":"2023-09-25T15:44:44","slug":"termometro-bimetalico-baker-t3004-250-de-0-a-250-f-20-a-120-c","status":"publish","type":"product","link":"https:\/\/abaa.mx\/tienda\/termometro-bimetalico-baker-t3004-250-de-0-a-250-f-20-a-120-c\/","title":{"rendered":"term\u00f3metro bimet\u00e1lico baker t3004-250, de 0 a 250 \u00b0f (-20 a 120 \u00b0c)"},"content":{"rendered":"<h4>Este term\u00f3metro bimet\u00e1lico est\u00e1 hecho de toda la construcci\u00f3n de acero inoxidable soldado y un dial anti-paralaje de 3 &#8220;de di\u00e1metro.<\/h4>\n<h4>Baker T3004-250 Ofertas<\/h4>\n<p><strong>Funciones<\/strong><\/p>\n<ul>\n<li>0 a 250\u00b0F (-20 a 120\u00b0C)<\/li>\n<li>Longitud del v\u00e1stago: 4&#8243;<\/li>\n<li>Toda la construcci\u00f3n de acero inoxidable soldado<\/li>\n<li>F\u00e1cil ajuste de recalibraci\u00f3n externa<\/li>\n<li>Dial antiparalaje de 3&#8243; de di\u00e1metro<\/li>\n<li>B\u00e1sculas de temperatura duales, \u00b0F y \u00b0C<\/li>\n<li>Precisi\u00f3n del 1% seg\u00fan ASME B40.3 Grado A<\/li>\n<li>La protecci\u00f3n de sobrealcance es del 50% hasta 500 \u00b0F; 10% por encima de 500\u00b0F)<\/li>\n<li>Sellado herm\u00e9ticamente seg\u00fan ASME B40.3<\/li>\n<li>Lente de vidrio totalmente con juntas<\/li>\n<li>Conexi\u00f3n recta NPT de 1\/2&#8243;<\/li>\n<\/ul>\n","protected":false},"excerpt":{"rendered":"<p>Este term\u00f3metro bimet\u00e1lico est\u00e1 hecho de toda la construcci\u00f3n de acero inoxidable soldado y un dial anti-paralaje de 3 &#8220;de di\u00e1metro.<\/p>\n","protected":false},"featured_media":2796,"comment_status":"open","ping_status":"closed","template":"","meta":{"_joinchat":[]},"product_brand":[],"product_cat":[15],"product_tag":[],"class_list":{"0":"post-2794","1":"product","2":"type-product","3":"status-publish","4":"has-post-thumbnail","6":"product_cat-sin-categorizar","8":"first","9":"instock","10":"shipping-taxable","11":"product-type-simple"},"yoast_head":"<!-- This site is optimized with the Yoast SEO plugin v26.4 - https:\/\/yoast.com\/wordpress\/plugins\/seo\/ -->\n<title>term\u00f3metro bimet\u00e1lico baker t3004-250, de 0 a 250 \u00b0f (-20 a 120 \u00b0c) - Abaa tienda online<\/title>\n<meta name=\"robots\" content=\"index, follow, max-snippet:-1, max-image-preview:large, max-video-preview:-1\" \/>\n<link rel=\"canonical\" href=\"https:\/\/abaa.mx\/tienda\/termometro-bimetalico-baker-t3004-250-de-0-a-250-f-20-a-120-c\/\" \/>\n<meta property=\"og:locale\" content=\"es_MX\" \/>\n<meta property=\"og:type\" content=\"article\" \/>\n<meta property=\"og:title\" content=\"term\u00f3metro bimet\u00e1lico baker t3004-250, de 0 a 250 \u00b0f (-20 a 120 \u00b0c) - Abaa tienda online\" \/>\n<meta property=\"og:description\" content=\"Este term\u00f3metro bimet\u00e1lico est\u00e1 hecho de toda la construcci\u00f3n de acero inoxidable soldado y un dial anti-paralaje de 3 &quot;de di\u00e1metro.\" \/>\n<meta property=\"og:url\" content=\"https:\/\/abaa.mx\/tienda\/termometro-bimetalico-baker-t3004-250-de-0-a-250-f-20-a-120-c\/\" \/>\n<meta property=\"og:site_name\" content=\"Abaa tienda online\" \/>\n<meta property=\"article:modified_time\" content=\"2023-09-25T15:44:44+00:00\" \/>\n<meta property=\"og:image\" content=\"https:\/\/abaa.mx\/tienda\/wp-content\/uploads\/2023\/09\/T3004-250.jpg\" \/>\n\t<meta property=\"og:image:width\" content=\"270\" \/>\n\t<meta property=\"og:image:height\" content=\"248\" \/>\n\t<meta property=\"og:image:type\" content=\"image\/jpeg\" \/>\n<meta name=\"twitter:card\" content=\"summary_large_image\" \/>\n<meta name=\"twitter:label1\" content=\"Tiempo de lectura\" \/>\n\t<meta name=\"twitter:data1\" content=\"1 minuto\" \/>\n<script type=\"application\/ld+json\" class=\"yoast-schema-graph\">{\"@context\":\"https:\/\/schema.org\",\"@graph\":[{\"@type\":\"WebPage\",\"@id\":\"https:\/\/abaa.mx\/tienda\/termometro-bimetalico-baker-t3004-250-de-0-a-250-f-20-a-120-c\/\",\"url\":\"https:\/\/abaa.mx\/tienda\/termometro-bimetalico-baker-t3004-250-de-0-a-250-f-20-a-120-c\/\",\"name\":\"term\u00f3metro bimet\u00e1lico baker t3004-250, de 0 a 250 \u00b0f (-20 a 120 \u00b0c) - Abaa tienda online\",\"isPartOf\":{\"@id\":\"https:\/\/abaa.mx\/tienda\/#website\"},\"primaryImageOfPage\":{\"@id\":\"https:\/\/abaa.mx\/tienda\/termometro-bimetalico-baker-t3004-250-de-0-a-250-f-20-a-120-c\/#primaryimage\"},\"image\":{\"@id\":\"https:\/\/abaa.mx\/tienda\/termometro-bimetalico-baker-t3004-250-de-0-a-250-f-20-a-120-c\/#primaryimage\"},\"thumbnailUrl\":\"https:\/\/abaa.mx\/tienda\/wp-content\/uploads\/2023\/09\/T3004-250.jpg\",\"datePublished\":\"2023-09-25T15:44:43+00:00\",\"dateModified\":\"2023-09-25T15:44:44+00:00\",\"breadcrumb\":{\"@id\":\"https:\/\/abaa.mx\/tienda\/termometro-bimetalico-baker-t3004-250-de-0-a-250-f-20-a-120-c\/#breadcrumb\"},\"inLanguage\":\"es\",\"potentialAction\":[{\"@type\":\"ReadAction\",\"target\":[\"https:\/\/abaa.mx\/tienda\/termometro-bimetalico-baker-t3004-250-de-0-a-250-f-20-a-120-c\/\"]}]},{\"@type\":\"ImageObject\",\"inLanguage\":\"es\",\"@id\":\"https:\/\/abaa.mx\/tienda\/termometro-bimetalico-baker-t3004-250-de-0-a-250-f-20-a-120-c\/#primaryimage\",\"url\":\"https:\/\/abaa.mx\/tienda\/wp-content\/uploads\/2023\/09\/T3004-250.jpg\",\"contentUrl\":\"https:\/\/abaa.mx\/tienda\/wp-content\/uploads\/2023\/09\/T3004-250.jpg\",\"width\":270,\"height\":248,\"caption\":\"T3004-250\"},{\"@type\":\"BreadcrumbList\",\"@id\":\"https:\/\/abaa.mx\/tienda\/termometro-bimetalico-baker-t3004-250-de-0-a-250-f-20-a-120-c\/#breadcrumb\",\"itemListElement\":[{\"@type\":\"ListItem\",\"position\":1,\"name\":\"Inicio\",\"item\":\"https:\/\/abaa.mx\/tienda\/\"},{\"@type\":\"ListItem\",\"position\":2,\"name\":\"Tienda\",\"item\":\"https:\/\/abaa.mx\/tienda\/\"},{\"@type\":\"ListItem\",\"position\":3,\"name\":\"term\u00f3metro bimet\u00e1lico baker t3004-250, de 0 a 250 \u00b0f (-20 a 120 \u00b0c)\"}]},{\"@type\":\"WebSite\",\"@id\":\"https:\/\/abaa.mx\/tienda\/#website\",\"url\":\"https:\/\/abaa.mx\/tienda\/\",\"name\":\"Abaa tienda online\",\"description\":\"Instrumentos de medici\u00f3n\",\"publisher\":{\"@id\":\"https:\/\/abaa.mx\/tienda\/#organization\"},\"potentialAction\":[{\"@type\":\"SearchAction\",\"target\":{\"@type\":\"EntryPoint\",\"urlTemplate\":\"https:\/\/abaa.mx\/tienda\/?s={search_term_string}\"},\"query-input\":{\"@type\":\"PropertyValueSpecification\",\"valueRequired\":true,\"valueName\":\"search_term_string\"}}],\"inLanguage\":\"es\"},{\"@type\":\"Organization\",\"@id\":\"https:\/\/abaa.mx\/tienda\/#organization\",\"name\":\"Abaa tienda online\",\"url\":\"https:\/\/abaa.mx\/tienda\/\",\"logo\":{\"@type\":\"ImageObject\",\"inLanguage\":\"es\",\"@id\":\"https:\/\/abaa.mx\/tienda\/#\/schema\/logo\/image\/\",\"url\":\"https:\/\/abaa.mx\/tienda\/wp-content\/uploads\/2024\/01\/abaa-metrologia-tienda.png\",\"contentUrl\":\"https:\/\/abaa.mx\/tienda\/wp-content\/uploads\/2024\/01\/abaa-metrologia-tienda.png\",\"width\":300,\"height\":141,\"caption\":\"Abaa tienda online\"},\"image\":{\"@id\":\"https:\/\/abaa.mx\/tienda\/#\/schema\/logo\/image\/\"}}]}<\/script>\n<!-- \/ Yoast SEO plugin. -->","yoast_head_json":{"title":"term\u00f3metro bimet\u00e1lico baker t3004-250, de 0 a 250 \u00b0f (-20 a 120 \u00b0c) - Abaa tienda online","robots":{"index":"index","follow":"follow","max-snippet":"max-snippet:-1","max-image-preview":"max-image-preview:large","max-video-preview":"max-video-preview:-1"},"canonical":"https:\/\/abaa.mx\/tienda\/termometro-bimetalico-baker-t3004-250-de-0-a-250-f-20-a-120-c\/","og_locale":"es_MX","og_type":"article","og_title":"term\u00f3metro bimet\u00e1lico baker t3004-250, de 0 a 250 \u00b0f (-20 a 120 \u00b0c) - Abaa tienda online","og_description":"Este term\u00f3metro bimet\u00e1lico est\u00e1 hecho de toda la construcci\u00f3n de acero inoxidable soldado y un dial anti-paralaje de 3 \"de di\u00e1metro.","og_url":"https:\/\/abaa.mx\/tienda\/termometro-bimetalico-baker-t3004-250-de-0-a-250-f-20-a-120-c\/","og_site_name":"Abaa tienda online","article_modified_time":"2023-09-25T15:44:44+00:00","og_image":[{"width":270,"height":248,"url":"https:\/\/abaa.mx\/tienda\/wp-content\/uploads\/2023\/09\/T3004-250.jpg","type":"image\/jpeg"}],"twitter_card":"summary_large_image","twitter_misc":{"Tiempo de lectura":"1 minuto"},"schema":{"@context":"https:\/\/schema.org","@graph":[{"@type":"WebPage","@id":"https:\/\/abaa.mx\/tienda\/termometro-bimetalico-baker-t3004-250-de-0-a-250-f-20-a-120-c\/","url":"https:\/\/abaa.mx\/tienda\/termometro-bimetalico-baker-t3004-250-de-0-a-250-f-20-a-120-c\/","name":"term\u00f3metro bimet\u00e1lico baker t3004-250, de 0 a 250 \u00b0f (-20 a 120 \u00b0c) - Abaa tienda online","isPartOf":{"@id":"https:\/\/abaa.mx\/tienda\/#website"},"primaryImageOfPage":{"@id":"https:\/\/abaa.mx\/tienda\/termometro-bimetalico-baker-t3004-250-de-0-a-250-f-20-a-120-c\/#primaryimage"},"image":{"@id":"https:\/\/abaa.mx\/tienda\/termometro-bimetalico-baker-t3004-250-de-0-a-250-f-20-a-120-c\/#primaryimage"},"thumbnailUrl":"https:\/\/abaa.mx\/tienda\/wp-content\/uploads\/2023\/09\/T3004-250.jpg","datePublished":"2023-09-25T15:44:43+00:00","dateModified":"2023-09-25T15:44:44+00:00","breadcrumb":{"@id":"https:\/\/abaa.mx\/tienda\/termometro-bimetalico-baker-t3004-250-de-0-a-250-f-20-a-120-c\/#breadcrumb"},"inLanguage":"es","potentialAction":[{"@type":"ReadAction","target":["https:\/\/abaa.mx\/tienda\/termometro-bimetalico-baker-t3004-250-de-0-a-250-f-20-a-120-c\/"]}]},{"@type":"ImageObject","inLanguage":"es","@id":"https:\/\/abaa.mx\/tienda\/termometro-bimetalico-baker-t3004-250-de-0-a-250-f-20-a-120-c\/#primaryimage","url":"https:\/\/abaa.mx\/tienda\/wp-content\/uploads\/2023\/09\/T3004-250.jpg","contentUrl":"https:\/\/abaa.mx\/tienda\/wp-content\/uploads\/2023\/09\/T3004-250.jpg","width":270,"height":248,"caption":"T3004-250"},{"@type":"BreadcrumbList","@id":"https:\/\/abaa.mx\/tienda\/termometro-bimetalico-baker-t3004-250-de-0-a-250-f-20-a-120-c\/#breadcrumb","itemListElement":[{"@type":"ListItem","position":1,"name":"Inicio","item":"https:\/\/abaa.mx\/tienda\/"},{"@type":"ListItem","position":2,"name":"Tienda","item":"https:\/\/abaa.mx\/tienda\/"},{"@type":"ListItem","position":3,"name":"term\u00f3metro bimet\u00e1lico baker t3004-250, de 0 a 250 \u00b0f (-20 a 120 \u00b0c)"}]},{"@type":"WebSite","@id":"https:\/\/abaa.mx\/tienda\/#website","url":"https:\/\/abaa.mx\/tienda\/","name":"Abaa tienda online","description":"Instrumentos de medici\u00f3n","publisher":{"@id":"https:\/\/abaa.mx\/tienda\/#organization"},"potentialAction":[{"@type":"SearchAction","target":{"@type":"EntryPoint","urlTemplate":"https:\/\/abaa.mx\/tienda\/?s={search_term_string}"},"query-input":{"@type":"PropertyValueSpecification","valueRequired":true,"valueName":"search_term_string"}}],"inLanguage":"es"},{"@type":"Organization","@id":"https:\/\/abaa.mx\/tienda\/#organization","name":"Abaa tienda online","url":"https:\/\/abaa.mx\/tienda\/","logo":{"@type":"ImageObject","inLanguage":"es","@id":"https:\/\/abaa.mx\/tienda\/#\/schema\/logo\/image\/","url":"https:\/\/abaa.mx\/tienda\/wp-content\/uploads\/2024\/01\/abaa-metrologia-tienda.png","contentUrl":"https:\/\/abaa.mx\/tienda\/wp-content\/uploads\/2024\/01\/abaa-metrologia-tienda.png","width":300,"height":141,"caption":"Abaa tienda online"},"image":{"@id":"https:\/\/abaa.mx\/tienda\/#\/schema\/logo\/image\/"}}]}},"_links":{"self":[{"href":"https:\/\/abaa.mx\/tienda\/wp-json\/wp\/v2\/product\/2794","targetHints":{"allow":["GET"]}}],"collection":[{"href":"https:\/\/abaa.mx\/tienda\/wp-json\/wp\/v2\/product"}],"about":[{"href":"https:\/\/abaa.mx\/tienda\/wp-json\/wp\/v2\/types\/product"}],"replies":[{"embeddable":true,"href":"https:\/\/abaa.mx\/tienda\/wp-json\/wp\/v2\/comments?post=2794"}],"wp:featuredmedia":[{"embeddable":true,"href":"https:\/\/abaa.mx\/tienda\/wp-json\/wp\/v2\/media\/2796"}],"wp:attachment":[{"href":"https:\/\/abaa.mx\/tienda\/wp-json\/wp\/v2\/media?parent=2794"}],"wp:term":[{"taxonomy":"product_brand","embeddable":true,"href":"https:\/\/abaa.mx\/tienda\/wp-json\/wp\/v2\/product_brand?post=2794"},{"taxonomy":"product_cat","embeddable":true,"href":"https:\/\/abaa.mx\/tienda\/wp-json\/wp\/v2\/product_cat?post=2794"},{"taxonomy":"product_tag","embeddable":true,"href":"https:\/\/abaa.mx\/tienda\/wp-json\/wp\/v2\/product_tag?post=2794"}],"curies":[{"name":"wp","href":"https:\/\/api.w.org\/{rel}","templated":true}]}}