{"id":2791,"date":"2023-09-25T15:46:40","date_gmt":"2023-09-25T15:46:40","guid":{"rendered":"https:\/\/abaa.mx\/tienda\/?post_type=product&#038;p=2791"},"modified":"2023-09-25T15:46:40","modified_gmt":"2023-09-25T15:46:40","slug":"termometros-bimetalicos-digitales-alimentados-por-energia-solar-de-la-serie-dbt-de-dwyer","status":"publish","type":"product","link":"https:\/\/abaa.mx\/tienda\/termometros-bimetalicos-digitales-alimentados-por-energia-solar-de-la-serie-dbt-de-dwyer\/","title":{"rendered":"Term\u00f3metros bimet\u00e1licos digitales alimentados por energ\u00eda solar de la serie dbt de dwyer"},"content":{"rendered":"<h4>Ofertas de la serie DBT de Dwyer<\/h4>\n<h5><strong>Funciones<\/strong><\/h5>\n<ul>\n<li>Pantalla LED de 3-1\/2 d\u00edgitos con resoluci\u00f3n de 0.1 \u00b0 F<\/li>\n<li>El \u00e1ngulo ajustable se puede montar en pr\u00e1cticamente cualquier posici\u00f3n<\/li>\n<li>Las unidades de ingenier\u00eda se pueden seleccionar en el campo quitando la cubierta posterior<\/li>\n<\/ul>\n<h5><strong>Especificaciones funcionales<\/strong><\/h5>\n<ul>\n<li>Materiales h\u00famedos: 304 SS<\/li>\n<li>Material de la carcasa: Serie 300 SS<\/li>\n<li>Precisi\u00f3n: 32 a 122 \u00b0F (0 a 50 \u00b0C): \u00b11 \u00b0C<\/li>\n<li>Conexi\u00f3n de proceso: 1\/2 &#8220;NPT, \u00e1ngulo ajustable<\/li>\n<li>Pantalla: LCD de 3-1\/2 d\u00edgitos<\/li>\n<li>Tiempo de respuesta: 15 segundos<\/li>\n<\/ul>\n<h5><strong>Especificaciones generales<\/strong><\/h5>\n<ul>\n<li>Requisitos de energ\u00eda: c\u00e9lula solar LR3 de 44 V (se requiere un m\u00ednimo de 35 LUX) bater\u00eda alcalina, funcional instalada, reemplazable por el usuario<\/li>\n<li>Lente: Acr\u00edlico<\/li>\n<li>Tama\u00f1o del dial: 3&#8243;<\/li>\n<li>Peso: 12 oz (350 g)<\/li>\n<\/ul>\n","protected":false},"excerpt":{"rendered":"<p class=\"short-description mhide ipad-view-setting\">El term\u00f3metro bimet\u00e1lico digital alimentado por energ\u00eda solar DBT elimina las conjeturas de la medici\u00f3n de temperatura. La pantalla LED de 3-1\/2 d\u00edgitos es f\u00e1cil de leer y proporciona una resoluci\u00f3n de 0.1 \u00b0 F. El \u00e1ngulo ajustable se puede montar en pr\u00e1cticamente cualquier posici\u00f3n. Las unidades de ingenier\u00eda se pueden seleccionar en el campo quitando la cubierta posterior.<\/p>\n<p class=\"comment-tag-product\">\n<div class=\"row-fluid\">\n<div class=\"span12 mobile-pricing-box-padding\">\n<div class=\"row-fluid mhide ipad-view-setting\">\n<div class=\"span12\">\n<div class=\"tab-content tab-content-overflow\">\n<div id=\"related36258a\" class=\"tab-pane active\"><\/div>\n<\/div>\n<\/div>\n<\/div>\n<\/div>\n<\/div>\n","protected":false},"featured_media":2799,"comment_status":"open","ping_status":"closed","template":"","meta":{"_joinchat":[]},"product_brand":[],"product_cat":[15],"product_tag":[],"class_list":{"0":"post-2791","1":"product","2":"type-product","3":"status-publish","4":"has-post-thumbnail","6":"product_cat-sin-categorizar","8":"first","9":"instock","10":"shipping-taxable","11":"product-type-simple"},"yoast_head":"<!-- This site is optimized with the Yoast SEO plugin v26.4 - https:\/\/yoast.com\/wordpress\/plugins\/seo\/ -->\n<title>Term\u00f3metros bimet\u00e1licos digitales alimentados por energ\u00eda solar de la serie dbt de dwyer - Abaa tienda online<\/title>\n<meta name=\"robots\" content=\"index, follow, max-snippet:-1, max-image-preview:large, max-video-preview:-1\" \/>\n<link rel=\"canonical\" href=\"https:\/\/abaa.mx\/tienda\/termometros-bimetalicos-digitales-alimentados-por-energia-solar-de-la-serie-dbt-de-dwyer\/\" \/>\n<meta property=\"og:locale\" content=\"es_MX\" \/>\n<meta property=\"og:type\" content=\"article\" \/>\n<meta property=\"og:title\" content=\"Term\u00f3metros bimet\u00e1licos digitales alimentados por energ\u00eda solar de la serie dbt de dwyer - Abaa tienda online\" \/>\n<meta property=\"og:description\" content=\"El term\u00f3metro bimet\u00e1lico digital alimentado por energ\u00eda solar DBT elimina las conjeturas de la medici\u00f3n de temperatura. La pantalla LED de 3-1\/2 d\u00edgitos es f\u00e1cil de leer y proporciona una resoluci\u00f3n de 0.1 \u00b0 F. El \u00e1ngulo ajustable se puede montar en pr\u00e1cticamente cualquier posici\u00f3n. Las unidades de ingenier\u00eda se pueden seleccionar en el campo quitando la cubierta posterior.\" \/>\n<meta property=\"og:url\" content=\"https:\/\/abaa.mx\/tienda\/termometros-bimetalicos-digitales-alimentados-por-energia-solar-de-la-serie-dbt-de-dwyer\/\" \/>\n<meta property=\"og:site_name\" content=\"Abaa tienda online\" \/>\n<meta property=\"og:image\" content=\"https:\/\/abaa.mx\/tienda\/wp-content\/uploads\/2023\/09\/2-2.jpg\" \/>\n\t<meta property=\"og:image:width\" content=\"500\" \/>\n\t<meta property=\"og:image:height\" content=\"409\" \/>\n\t<meta property=\"og:image:type\" content=\"image\/jpeg\" \/>\n<meta name=\"twitter:card\" content=\"summary_large_image\" \/>\n<meta name=\"twitter:label1\" content=\"Tiempo de lectura\" \/>\n\t<meta name=\"twitter:data1\" content=\"1 minuto\" \/>\n<script type=\"application\/ld+json\" class=\"yoast-schema-graph\">{\"@context\":\"https:\/\/schema.org\",\"@graph\":[{\"@type\":\"WebPage\",\"@id\":\"https:\/\/abaa.mx\/tienda\/termometros-bimetalicos-digitales-alimentados-por-energia-solar-de-la-serie-dbt-de-dwyer\/\",\"url\":\"https:\/\/abaa.mx\/tienda\/termometros-bimetalicos-digitales-alimentados-por-energia-solar-de-la-serie-dbt-de-dwyer\/\",\"name\":\"Term\u00f3metros bimet\u00e1licos digitales alimentados por energ\u00eda solar de la serie dbt de dwyer - Abaa tienda online\",\"isPartOf\":{\"@id\":\"https:\/\/abaa.mx\/tienda\/#website\"},\"primaryImageOfPage\":{\"@id\":\"https:\/\/abaa.mx\/tienda\/termometros-bimetalicos-digitales-alimentados-por-energia-solar-de-la-serie-dbt-de-dwyer\/#primaryimage\"},\"image\":{\"@id\":\"https:\/\/abaa.mx\/tienda\/termometros-bimetalicos-digitales-alimentados-por-energia-solar-de-la-serie-dbt-de-dwyer\/#primaryimage\"},\"thumbnailUrl\":\"https:\/\/abaa.mx\/tienda\/wp-content\/uploads\/2023\/09\/2-2.jpg\",\"datePublished\":\"2023-09-25T15:46:40+00:00\",\"breadcrumb\":{\"@id\":\"https:\/\/abaa.mx\/tienda\/termometros-bimetalicos-digitales-alimentados-por-energia-solar-de-la-serie-dbt-de-dwyer\/#breadcrumb\"},\"inLanguage\":\"es\",\"potentialAction\":[{\"@type\":\"ReadAction\",\"target\":[\"https:\/\/abaa.mx\/tienda\/termometros-bimetalicos-digitales-alimentados-por-energia-solar-de-la-serie-dbt-de-dwyer\/\"]}]},{\"@type\":\"ImageObject\",\"inLanguage\":\"es\",\"@id\":\"https:\/\/abaa.mx\/tienda\/termometros-bimetalicos-digitales-alimentados-por-energia-solar-de-la-serie-dbt-de-dwyer\/#primaryimage\",\"url\":\"https:\/\/abaa.mx\/tienda\/wp-content\/uploads\/2023\/09\/2-2.jpg\",\"contentUrl\":\"https:\/\/abaa.mx\/tienda\/wp-content\/uploads\/2023\/09\/2-2.jpg\",\"width\":500,\"height\":409,\"caption\":\"termometros-bimetalicos-digitales-alimentados-por-energia-solar-de-la-serie-dbt-de-dwyer\"},{\"@type\":\"BreadcrumbList\",\"@id\":\"https:\/\/abaa.mx\/tienda\/termometros-bimetalicos-digitales-alimentados-por-energia-solar-de-la-serie-dbt-de-dwyer\/#breadcrumb\",\"itemListElement\":[{\"@type\":\"ListItem\",\"position\":1,\"name\":\"Inicio\",\"item\":\"https:\/\/abaa.mx\/tienda\/\"},{\"@type\":\"ListItem\",\"position\":2,\"name\":\"Tienda\",\"item\":\"https:\/\/abaa.mx\/tienda\/\"},{\"@type\":\"ListItem\",\"position\":3,\"name\":\"Term\u00f3metros bimet\u00e1licos digitales alimentados por energ\u00eda solar de la serie dbt de dwyer\"}]},{\"@type\":\"WebSite\",\"@id\":\"https:\/\/abaa.mx\/tienda\/#website\",\"url\":\"https:\/\/abaa.mx\/tienda\/\",\"name\":\"Abaa tienda online\",\"description\":\"Instrumentos de medici\u00f3n\",\"publisher\":{\"@id\":\"https:\/\/abaa.mx\/tienda\/#organization\"},\"potentialAction\":[{\"@type\":\"SearchAction\",\"target\":{\"@type\":\"EntryPoint\",\"urlTemplate\":\"https:\/\/abaa.mx\/tienda\/?s={search_term_string}\"},\"query-input\":{\"@type\":\"PropertyValueSpecification\",\"valueRequired\":true,\"valueName\":\"search_term_string\"}}],\"inLanguage\":\"es\"},{\"@type\":\"Organization\",\"@id\":\"https:\/\/abaa.mx\/tienda\/#organization\",\"name\":\"Abaa tienda online\",\"url\":\"https:\/\/abaa.mx\/tienda\/\",\"logo\":{\"@type\":\"ImageObject\",\"inLanguage\":\"es\",\"@id\":\"https:\/\/abaa.mx\/tienda\/#\/schema\/logo\/image\/\",\"url\":\"https:\/\/abaa.mx\/tienda\/wp-content\/uploads\/2024\/01\/abaa-metrologia-tienda.png\",\"contentUrl\":\"https:\/\/abaa.mx\/tienda\/wp-content\/uploads\/2024\/01\/abaa-metrologia-tienda.png\",\"width\":300,\"height\":141,\"caption\":\"Abaa tienda online\"},\"image\":{\"@id\":\"https:\/\/abaa.mx\/tienda\/#\/schema\/logo\/image\/\"}}]}<\/script>\n<!-- \/ Yoast SEO plugin. -->","yoast_head_json":{"title":"Term\u00f3metros bimet\u00e1licos digitales alimentados por energ\u00eda solar de la serie dbt de dwyer - Abaa tienda online","robots":{"index":"index","follow":"follow","max-snippet":"max-snippet:-1","max-image-preview":"max-image-preview:large","max-video-preview":"max-video-preview:-1"},"canonical":"https:\/\/abaa.mx\/tienda\/termometros-bimetalicos-digitales-alimentados-por-energia-solar-de-la-serie-dbt-de-dwyer\/","og_locale":"es_MX","og_type":"article","og_title":"Term\u00f3metros bimet\u00e1licos digitales alimentados por energ\u00eda solar de la serie dbt de dwyer - Abaa tienda online","og_description":"El term\u00f3metro bimet\u00e1lico digital alimentado por energ\u00eda solar DBT elimina las conjeturas de la medici\u00f3n de temperatura. La pantalla LED de 3-1\/2 d\u00edgitos es f\u00e1cil de leer y proporciona una resoluci\u00f3n de 0.1 \u00b0 F. El \u00e1ngulo ajustable se puede montar en pr\u00e1cticamente cualquier posici\u00f3n. Las unidades de ingenier\u00eda se pueden seleccionar en el campo quitando la cubierta posterior.","og_url":"https:\/\/abaa.mx\/tienda\/termometros-bimetalicos-digitales-alimentados-por-energia-solar-de-la-serie-dbt-de-dwyer\/","og_site_name":"Abaa tienda online","og_image":[{"width":500,"height":409,"url":"https:\/\/abaa.mx\/tienda\/wp-content\/uploads\/2023\/09\/2-2.jpg","type":"image\/jpeg"}],"twitter_card":"summary_large_image","twitter_misc":{"Tiempo de lectura":"1 minuto"},"schema":{"@context":"https:\/\/schema.org","@graph":[{"@type":"WebPage","@id":"https:\/\/abaa.mx\/tienda\/termometros-bimetalicos-digitales-alimentados-por-energia-solar-de-la-serie-dbt-de-dwyer\/","url":"https:\/\/abaa.mx\/tienda\/termometros-bimetalicos-digitales-alimentados-por-energia-solar-de-la-serie-dbt-de-dwyer\/","name":"Term\u00f3metros bimet\u00e1licos digitales alimentados por energ\u00eda solar de la serie dbt de dwyer - Abaa tienda online","isPartOf":{"@id":"https:\/\/abaa.mx\/tienda\/#website"},"primaryImageOfPage":{"@id":"https:\/\/abaa.mx\/tienda\/termometros-bimetalicos-digitales-alimentados-por-energia-solar-de-la-serie-dbt-de-dwyer\/#primaryimage"},"image":{"@id":"https:\/\/abaa.mx\/tienda\/termometros-bimetalicos-digitales-alimentados-por-energia-solar-de-la-serie-dbt-de-dwyer\/#primaryimage"},"thumbnailUrl":"https:\/\/abaa.mx\/tienda\/wp-content\/uploads\/2023\/09\/2-2.jpg","datePublished":"2023-09-25T15:46:40+00:00","breadcrumb":{"@id":"https:\/\/abaa.mx\/tienda\/termometros-bimetalicos-digitales-alimentados-por-energia-solar-de-la-serie-dbt-de-dwyer\/#breadcrumb"},"inLanguage":"es","potentialAction":[{"@type":"ReadAction","target":["https:\/\/abaa.mx\/tienda\/termometros-bimetalicos-digitales-alimentados-por-energia-solar-de-la-serie-dbt-de-dwyer\/"]}]},{"@type":"ImageObject","inLanguage":"es","@id":"https:\/\/abaa.mx\/tienda\/termometros-bimetalicos-digitales-alimentados-por-energia-solar-de-la-serie-dbt-de-dwyer\/#primaryimage","url":"https:\/\/abaa.mx\/tienda\/wp-content\/uploads\/2023\/09\/2-2.jpg","contentUrl":"https:\/\/abaa.mx\/tienda\/wp-content\/uploads\/2023\/09\/2-2.jpg","width":500,"height":409,"caption":"termometros-bimetalicos-digitales-alimentados-por-energia-solar-de-la-serie-dbt-de-dwyer"},{"@type":"BreadcrumbList","@id":"https:\/\/abaa.mx\/tienda\/termometros-bimetalicos-digitales-alimentados-por-energia-solar-de-la-serie-dbt-de-dwyer\/#breadcrumb","itemListElement":[{"@type":"ListItem","position":1,"name":"Inicio","item":"https:\/\/abaa.mx\/tienda\/"},{"@type":"ListItem","position":2,"name":"Tienda","item":"https:\/\/abaa.mx\/tienda\/"},{"@type":"ListItem","position":3,"name":"Term\u00f3metros bimet\u00e1licos digitales alimentados por energ\u00eda solar de la serie dbt de dwyer"}]},{"@type":"WebSite","@id":"https:\/\/abaa.mx\/tienda\/#website","url":"https:\/\/abaa.mx\/tienda\/","name":"Abaa tienda online","description":"Instrumentos de medici\u00f3n","publisher":{"@id":"https:\/\/abaa.mx\/tienda\/#organization"},"potentialAction":[{"@type":"SearchAction","target":{"@type":"EntryPoint","urlTemplate":"https:\/\/abaa.mx\/tienda\/?s={search_term_string}"},"query-input":{"@type":"PropertyValueSpecification","valueRequired":true,"valueName":"search_term_string"}}],"inLanguage":"es"},{"@type":"Organization","@id":"https:\/\/abaa.mx\/tienda\/#organization","name":"Abaa tienda online","url":"https:\/\/abaa.mx\/tienda\/","logo":{"@type":"ImageObject","inLanguage":"es","@id":"https:\/\/abaa.mx\/tienda\/#\/schema\/logo\/image\/","url":"https:\/\/abaa.mx\/tienda\/wp-content\/uploads\/2024\/01\/abaa-metrologia-tienda.png","contentUrl":"https:\/\/abaa.mx\/tienda\/wp-content\/uploads\/2024\/01\/abaa-metrologia-tienda.png","width":300,"height":141,"caption":"Abaa tienda online"},"image":{"@id":"https:\/\/abaa.mx\/tienda\/#\/schema\/logo\/image\/"}}]}},"_links":{"self":[{"href":"https:\/\/abaa.mx\/tienda\/wp-json\/wp\/v2\/product\/2791","targetHints":{"allow":["GET"]}}],"collection":[{"href":"https:\/\/abaa.mx\/tienda\/wp-json\/wp\/v2\/product"}],"about":[{"href":"https:\/\/abaa.mx\/tienda\/wp-json\/wp\/v2\/types\/product"}],"replies":[{"embeddable":true,"href":"https:\/\/abaa.mx\/tienda\/wp-json\/wp\/v2\/comments?post=2791"}],"wp:featuredmedia":[{"embeddable":true,"href":"https:\/\/abaa.mx\/tienda\/wp-json\/wp\/v2\/media\/2799"}],"wp:attachment":[{"href":"https:\/\/abaa.mx\/tienda\/wp-json\/wp\/v2\/media?parent=2791"}],"wp:term":[{"taxonomy":"product_brand","embeddable":true,"href":"https:\/\/abaa.mx\/tienda\/wp-json\/wp\/v2\/product_brand?post=2791"},{"taxonomy":"product_cat","embeddable":true,"href":"https:\/\/abaa.mx\/tienda\/wp-json\/wp\/v2\/product_cat?post=2791"},{"taxonomy":"product_tag","embeddable":true,"href":"https:\/\/abaa.mx\/tienda\/wp-json\/wp\/v2\/product_tag?post=2791"}],"curies":[{"name":"wp","href":"https:\/\/api.w.org\/{rel}","templated":true}]}}