{"id":2790,"date":"2023-09-25T15:46:38","date_gmt":"2023-09-25T15:46:38","guid":{"rendered":"https:\/\/abaa.mx\/tienda\/?post_type=product&#038;p=2790"},"modified":"2023-09-25T15:46:39","modified_gmt":"2023-09-25T15:46:39","slug":"dwyer-btb2409d-termometro-bimetalico-con-conexion-trasera-200-1000-f","status":"publish","type":"product","link":"https:\/\/abaa.mx\/tienda\/dwyer-btb2409d-termometro-bimetalico-con-conexion-trasera-200-1000-f\/","title":{"rendered":"Dwyer btb2409d term\u00f3metro bimet\u00e1lico con conexi\u00f3n trasera (200-1000 \u00b0 f)"},"content":{"rendered":"<h4>\u00a0Dwyer BTB2409D<\/h4>\n<p>Ofrece un servicio preciso y fiable incluso en los entornos m\u00e1s dif\u00edciles. Estas unidades resistentes a la corrosi\u00f3n est\u00e1n construidas de acero inoxidable y est\u00e1n selladas herm\u00e9ticamente para evitar el empa\u00f1amiento de cristales. El elemento bimet\u00e1lico acciona directamente el puntero, eliminando engranajes y varillajes. Un tornillo de reinicio externo permite la calibraci\u00f3n en campo y el dial de aluminio f\u00e1cil de leer minimiza el error de paralaje.<\/p>\n<h5><strong>Aplicaciones<\/strong><\/h5>\n<ul>\n<li>Monitoreo de la temperatura del agua del enfriador o caldera<\/li>\n<li>Monitoreo de la temperatura de la planta de tratamiento<\/li>\n<\/ul>\n<h5>Gossen Metrawatt M249A Especificaciones<\/h5>\n<table class=\"table table-striped\">\n<tbody>\n<tr>\n<th colspan=\"2\">Factor de cresta CF<\/th>\n<\/tr>\n<tr>\n<td>Rango de medici\u00f3n<\/td>\n<td>1.0 \u2264 CF \u2264 11.0<\/td>\n<\/tr>\n<tr>\n<td>Resoluci\u00f3n<\/td>\n<td>0.1<\/td>\n<\/tr>\n<tr>\n<th colspan=\"2\">Reloj interno<\/th>\n<\/tr>\n<tr>\n<td>Resoluci\u00f3n<\/td>\n<td>0,1 s<\/td>\n<\/tr>\n<tr>\n<td>Exactitud<\/td>\n<td>\u00b11 minuto por mes<\/td>\n<\/tr>\n<tr>\n<td>Influencia de la temperatura<\/td>\n<td>50 ppm por K<\/td>\n<\/tr>\n<tr>\n<th colspan=\"2\">Fuente de alimentaci\u00f3n<\/th>\n<\/tr>\n<tr>\n<td>Bater\u00eda<\/td>\n<td>2 pilas AA de 1,5 V cada una, manganeso alcalino seg\u00fan IEC LR6 (tambi\u00e9n son posibles 2 pilas recargables NiMH de 1,2 V)<\/td>\n<\/tr>\n<tr>\n<td>Vida \u00fatil<\/td>\n<td>Con manganeso alcalino: aprox. 120 horas<\/td>\n<\/tr>\n<tr>\n<td>Indicador de bater\u00eda<\/td>\n<td>Pantalla de capacidad de la bater\u00eda con el s\u00edmbolo de la bater\u00eda en 4 segmentos. Consulta del voltaje moment\u00e1neo de la bater\u00eda a trav\u00e9s de la funci\u00f3n de men\u00fa.<\/td>\n<\/tr>\n<\/tbody>\n<\/table>\n","protected":false},"excerpt":{"rendered":"<p class=\"short-description mhide ipad-view-setting\">Cuenta con un dial de 2 pulgadas, potencia de 4 pulgadas y un rango de divisi\u00f3n de 200 a 1000 \u00b0 F (100 a 550 \u00b0 C) y 10 \u00b0 F (5 \u00b0 C).<\/p>\n<p class=\"comment-tag-product\">\n<div class=\"row-fluid\">\n<div class=\"span12 mobile-pricing-box-padding\">\n<form id=\"51638\" accept-charset=\"utf-8\" action=\"https:\/\/www.globaltestsupply.com\/shop\/add\" method=\"post\" name=\"addTocartFunction\">\n<div><\/div>\n<\/form>\n<\/div>\n<\/div>\n","protected":false},"featured_media":2797,"comment_status":"open","ping_status":"closed","template":"","meta":{"_joinchat":[]},"product_brand":[],"product_cat":[15],"product_tag":[],"class_list":{"0":"post-2790","1":"product","2":"type-product","3":"status-publish","4":"has-post-thumbnail","6":"product_cat-sin-categorizar","8":"first","9":"instock","10":"shipping-taxable","11":"product-type-simple"},"yoast_head":"<!-- This site is optimized with the Yoast SEO plugin v26.4 - https:\/\/yoast.com\/wordpress\/plugins\/seo\/ -->\n<title>Dwyer btb2409d term\u00f3metro bimet\u00e1lico con conexi\u00f3n trasera (200-1000 \u00b0 f) - Abaa tienda online<\/title>\n<meta name=\"robots\" content=\"index, follow, max-snippet:-1, max-image-preview:large, max-video-preview:-1\" \/>\n<link rel=\"canonical\" href=\"https:\/\/abaa.mx\/tienda\/dwyer-btb2409d-termometro-bimetalico-con-conexion-trasera-200-1000-f\/\" \/>\n<meta property=\"og:locale\" content=\"es_MX\" \/>\n<meta property=\"og:type\" content=\"article\" \/>\n<meta property=\"og:title\" content=\"Dwyer btb2409d term\u00f3metro bimet\u00e1lico con conexi\u00f3n trasera (200-1000 \u00b0 f) - Abaa tienda online\" \/>\n<meta property=\"og:description\" content=\"Cuenta con un dial de 2 pulgadas, potencia de 4 pulgadas y un rango de divisi\u00f3n de 200 a 1000 \u00b0 F (100 a 550 \u00b0 C) y 10 \u00b0 F (5 \u00b0 C).\" \/>\n<meta property=\"og:url\" content=\"https:\/\/abaa.mx\/tienda\/dwyer-btb2409d-termometro-bimetalico-con-conexion-trasera-200-1000-f\/\" \/>\n<meta property=\"og:site_name\" content=\"Abaa tienda online\" \/>\n<meta property=\"article:modified_time\" content=\"2023-09-25T15:46:39+00:00\" \/>\n<meta property=\"og:image\" content=\"https:\/\/abaa.mx\/tienda\/wp-content\/uploads\/2023\/09\/1.jpg\" \/>\n\t<meta property=\"og:image:width\" content=\"500\" \/>\n\t<meta property=\"og:image:height\" content=\"478\" \/>\n\t<meta property=\"og:image:type\" content=\"image\/jpeg\" \/>\n<meta name=\"twitter:card\" content=\"summary_large_image\" \/>\n<meta name=\"twitter:label1\" content=\"Tiempo de lectura\" \/>\n\t<meta name=\"twitter:data1\" content=\"1 minuto\" \/>\n<script type=\"application\/ld+json\" class=\"yoast-schema-graph\">{\"@context\":\"https:\/\/schema.org\",\"@graph\":[{\"@type\":\"WebPage\",\"@id\":\"https:\/\/abaa.mx\/tienda\/dwyer-btb2409d-termometro-bimetalico-con-conexion-trasera-200-1000-f\/\",\"url\":\"https:\/\/abaa.mx\/tienda\/dwyer-btb2409d-termometro-bimetalico-con-conexion-trasera-200-1000-f\/\",\"name\":\"Dwyer btb2409d term\u00f3metro bimet\u00e1lico con conexi\u00f3n trasera (200-1000 \u00b0 f) - Abaa tienda online\",\"isPartOf\":{\"@id\":\"https:\/\/abaa.mx\/tienda\/#website\"},\"primaryImageOfPage\":{\"@id\":\"https:\/\/abaa.mx\/tienda\/dwyer-btb2409d-termometro-bimetalico-con-conexion-trasera-200-1000-f\/#primaryimage\"},\"image\":{\"@id\":\"https:\/\/abaa.mx\/tienda\/dwyer-btb2409d-termometro-bimetalico-con-conexion-trasera-200-1000-f\/#primaryimage\"},\"thumbnailUrl\":\"https:\/\/abaa.mx\/tienda\/wp-content\/uploads\/2023\/09\/1.jpg\",\"datePublished\":\"2023-09-25T15:46:38+00:00\",\"dateModified\":\"2023-09-25T15:46:39+00:00\",\"breadcrumb\":{\"@id\":\"https:\/\/abaa.mx\/tienda\/dwyer-btb2409d-termometro-bimetalico-con-conexion-trasera-200-1000-f\/#breadcrumb\"},\"inLanguage\":\"es\",\"potentialAction\":[{\"@type\":\"ReadAction\",\"target\":[\"https:\/\/abaa.mx\/tienda\/dwyer-btb2409d-termometro-bimetalico-con-conexion-trasera-200-1000-f\/\"]}]},{\"@type\":\"ImageObject\",\"inLanguage\":\"es\",\"@id\":\"https:\/\/abaa.mx\/tienda\/dwyer-btb2409d-termometro-bimetalico-con-conexion-trasera-200-1000-f\/#primaryimage\",\"url\":\"https:\/\/abaa.mx\/tienda\/wp-content\/uploads\/2023\/09\/1.jpg\",\"contentUrl\":\"https:\/\/abaa.mx\/tienda\/wp-content\/uploads\/2023\/09\/1.jpg\",\"width\":500,\"height\":478,\"caption\":\"dwyer-btb2409d-termometro-bimetalico-con-conexion-trasera-200-1000-f\"},{\"@type\":\"BreadcrumbList\",\"@id\":\"https:\/\/abaa.mx\/tienda\/dwyer-btb2409d-termometro-bimetalico-con-conexion-trasera-200-1000-f\/#breadcrumb\",\"itemListElement\":[{\"@type\":\"ListItem\",\"position\":1,\"name\":\"Inicio\",\"item\":\"https:\/\/abaa.mx\/tienda\/\"},{\"@type\":\"ListItem\",\"position\":2,\"name\":\"Tienda\",\"item\":\"https:\/\/abaa.mx\/tienda\/\"},{\"@type\":\"ListItem\",\"position\":3,\"name\":\"Dwyer btb2409d term\u00f3metro bimet\u00e1lico con conexi\u00f3n trasera (200-1000 \u00b0 f)\"}]},{\"@type\":\"WebSite\",\"@id\":\"https:\/\/abaa.mx\/tienda\/#website\",\"url\":\"https:\/\/abaa.mx\/tienda\/\",\"name\":\"Abaa tienda online\",\"description\":\"Instrumentos de medici\u00f3n\",\"publisher\":{\"@id\":\"https:\/\/abaa.mx\/tienda\/#organization\"},\"potentialAction\":[{\"@type\":\"SearchAction\",\"target\":{\"@type\":\"EntryPoint\",\"urlTemplate\":\"https:\/\/abaa.mx\/tienda\/?s={search_term_string}\"},\"query-input\":{\"@type\":\"PropertyValueSpecification\",\"valueRequired\":true,\"valueName\":\"search_term_string\"}}],\"inLanguage\":\"es\"},{\"@type\":\"Organization\",\"@id\":\"https:\/\/abaa.mx\/tienda\/#organization\",\"name\":\"Abaa tienda online\",\"url\":\"https:\/\/abaa.mx\/tienda\/\",\"logo\":{\"@type\":\"ImageObject\",\"inLanguage\":\"es\",\"@id\":\"https:\/\/abaa.mx\/tienda\/#\/schema\/logo\/image\/\",\"url\":\"https:\/\/abaa.mx\/tienda\/wp-content\/uploads\/2024\/01\/abaa-metrologia-tienda.png\",\"contentUrl\":\"https:\/\/abaa.mx\/tienda\/wp-content\/uploads\/2024\/01\/abaa-metrologia-tienda.png\",\"width\":300,\"height\":141,\"caption\":\"Abaa tienda online\"},\"image\":{\"@id\":\"https:\/\/abaa.mx\/tienda\/#\/schema\/logo\/image\/\"}}]}<\/script>\n<!-- \/ Yoast SEO plugin. -->","yoast_head_json":{"title":"Dwyer btb2409d term\u00f3metro bimet\u00e1lico con conexi\u00f3n trasera (200-1000 \u00b0 f) - Abaa tienda online","robots":{"index":"index","follow":"follow","max-snippet":"max-snippet:-1","max-image-preview":"max-image-preview:large","max-video-preview":"max-video-preview:-1"},"canonical":"https:\/\/abaa.mx\/tienda\/dwyer-btb2409d-termometro-bimetalico-con-conexion-trasera-200-1000-f\/","og_locale":"es_MX","og_type":"article","og_title":"Dwyer btb2409d term\u00f3metro bimet\u00e1lico con conexi\u00f3n trasera (200-1000 \u00b0 f) - Abaa tienda online","og_description":"Cuenta con un dial de 2 pulgadas, potencia de 4 pulgadas y un rango de divisi\u00f3n de 200 a 1000 \u00b0 F (100 a 550 \u00b0 C) y 10 \u00b0 F (5 \u00b0 C).","og_url":"https:\/\/abaa.mx\/tienda\/dwyer-btb2409d-termometro-bimetalico-con-conexion-trasera-200-1000-f\/","og_site_name":"Abaa tienda online","article_modified_time":"2023-09-25T15:46:39+00:00","og_image":[{"width":500,"height":478,"url":"https:\/\/abaa.mx\/tienda\/wp-content\/uploads\/2023\/09\/1.jpg","type":"image\/jpeg"}],"twitter_card":"summary_large_image","twitter_misc":{"Tiempo de lectura":"1 minuto"},"schema":{"@context":"https:\/\/schema.org","@graph":[{"@type":"WebPage","@id":"https:\/\/abaa.mx\/tienda\/dwyer-btb2409d-termometro-bimetalico-con-conexion-trasera-200-1000-f\/","url":"https:\/\/abaa.mx\/tienda\/dwyer-btb2409d-termometro-bimetalico-con-conexion-trasera-200-1000-f\/","name":"Dwyer btb2409d term\u00f3metro bimet\u00e1lico con conexi\u00f3n trasera (200-1000 \u00b0 f) - Abaa tienda online","isPartOf":{"@id":"https:\/\/abaa.mx\/tienda\/#website"},"primaryImageOfPage":{"@id":"https:\/\/abaa.mx\/tienda\/dwyer-btb2409d-termometro-bimetalico-con-conexion-trasera-200-1000-f\/#primaryimage"},"image":{"@id":"https:\/\/abaa.mx\/tienda\/dwyer-btb2409d-termometro-bimetalico-con-conexion-trasera-200-1000-f\/#primaryimage"},"thumbnailUrl":"https:\/\/abaa.mx\/tienda\/wp-content\/uploads\/2023\/09\/1.jpg","datePublished":"2023-09-25T15:46:38+00:00","dateModified":"2023-09-25T15:46:39+00:00","breadcrumb":{"@id":"https:\/\/abaa.mx\/tienda\/dwyer-btb2409d-termometro-bimetalico-con-conexion-trasera-200-1000-f\/#breadcrumb"},"inLanguage":"es","potentialAction":[{"@type":"ReadAction","target":["https:\/\/abaa.mx\/tienda\/dwyer-btb2409d-termometro-bimetalico-con-conexion-trasera-200-1000-f\/"]}]},{"@type":"ImageObject","inLanguage":"es","@id":"https:\/\/abaa.mx\/tienda\/dwyer-btb2409d-termometro-bimetalico-con-conexion-trasera-200-1000-f\/#primaryimage","url":"https:\/\/abaa.mx\/tienda\/wp-content\/uploads\/2023\/09\/1.jpg","contentUrl":"https:\/\/abaa.mx\/tienda\/wp-content\/uploads\/2023\/09\/1.jpg","width":500,"height":478,"caption":"dwyer-btb2409d-termometro-bimetalico-con-conexion-trasera-200-1000-f"},{"@type":"BreadcrumbList","@id":"https:\/\/abaa.mx\/tienda\/dwyer-btb2409d-termometro-bimetalico-con-conexion-trasera-200-1000-f\/#breadcrumb","itemListElement":[{"@type":"ListItem","position":1,"name":"Inicio","item":"https:\/\/abaa.mx\/tienda\/"},{"@type":"ListItem","position":2,"name":"Tienda","item":"https:\/\/abaa.mx\/tienda\/"},{"@type":"ListItem","position":3,"name":"Dwyer btb2409d term\u00f3metro bimet\u00e1lico con conexi\u00f3n trasera (200-1000 \u00b0 f)"}]},{"@type":"WebSite","@id":"https:\/\/abaa.mx\/tienda\/#website","url":"https:\/\/abaa.mx\/tienda\/","name":"Abaa tienda online","description":"Instrumentos de medici\u00f3n","publisher":{"@id":"https:\/\/abaa.mx\/tienda\/#organization"},"potentialAction":[{"@type":"SearchAction","target":{"@type":"EntryPoint","urlTemplate":"https:\/\/abaa.mx\/tienda\/?s={search_term_string}"},"query-input":{"@type":"PropertyValueSpecification","valueRequired":true,"valueName":"search_term_string"}}],"inLanguage":"es"},{"@type":"Organization","@id":"https:\/\/abaa.mx\/tienda\/#organization","name":"Abaa tienda online","url":"https:\/\/abaa.mx\/tienda\/","logo":{"@type":"ImageObject","inLanguage":"es","@id":"https:\/\/abaa.mx\/tienda\/#\/schema\/logo\/image\/","url":"https:\/\/abaa.mx\/tienda\/wp-content\/uploads\/2024\/01\/abaa-metrologia-tienda.png","contentUrl":"https:\/\/abaa.mx\/tienda\/wp-content\/uploads\/2024\/01\/abaa-metrologia-tienda.png","width":300,"height":141,"caption":"Abaa tienda online"},"image":{"@id":"https:\/\/abaa.mx\/tienda\/#\/schema\/logo\/image\/"}}]}},"_links":{"self":[{"href":"https:\/\/abaa.mx\/tienda\/wp-json\/wp\/v2\/product\/2790","targetHints":{"allow":["GET"]}}],"collection":[{"href":"https:\/\/abaa.mx\/tienda\/wp-json\/wp\/v2\/product"}],"about":[{"href":"https:\/\/abaa.mx\/tienda\/wp-json\/wp\/v2\/types\/product"}],"replies":[{"embeddable":true,"href":"https:\/\/abaa.mx\/tienda\/wp-json\/wp\/v2\/comments?post=2790"}],"wp:featuredmedia":[{"embeddable":true,"href":"https:\/\/abaa.mx\/tienda\/wp-json\/wp\/v2\/media\/2797"}],"wp:attachment":[{"href":"https:\/\/abaa.mx\/tienda\/wp-json\/wp\/v2\/media?parent=2790"}],"wp:term":[{"taxonomy":"product_brand","embeddable":true,"href":"https:\/\/abaa.mx\/tienda\/wp-json\/wp\/v2\/product_brand?post=2790"},{"taxonomy":"product_cat","embeddable":true,"href":"https:\/\/abaa.mx\/tienda\/wp-json\/wp\/v2\/product_cat?post=2790"},{"taxonomy":"product_tag","embeddable":true,"href":"https:\/\/abaa.mx\/tienda\/wp-json\/wp\/v2\/product_tag?post=2790"}],"curies":[{"name":"wp","href":"https:\/\/api.w.org\/{rel}","templated":true}]}}