{"id":2777,"date":"2023-09-25T14:49:17","date_gmt":"2023-09-25T14:49:17","guid":{"rendered":"https:\/\/abaa.mx\/tienda\/?post_type=product&#038;p=2777"},"modified":"2023-12-20T17:02:26","modified_gmt":"2023-12-20T17:02:26","slug":"controlador-de-bucle-de-proceso-temperatura-din-serie-8b-de-la-serie-dwyer-100-a-240-v-ca-pulso-de-voltaje","status":"publish","type":"product","link":"https:\/\/abaa.mx\/tienda\/controlador-de-bucle-de-proceso-temperatura-din-serie-8b-de-la-serie-dwyer-100-a-240-v-ca-pulso-de-voltaje\/","title":{"rendered":"Controlador de bucle de proceso-temperatura din serie 8b de la serie dwyer, 100 a 240 v ca, pulso de voltaje"},"content":{"rendered":"<h4>Dwyer 8B-23 Ofertas<\/h4>\n<p>Trabaje con funciones de control avanzadas con este controlador est\u00e1ndar RS-485 que cuenta con una pantalla LED doble de cuatro d\u00edgitos para la indicaci\u00f3n local del valor del proceso, el punto de ajuste y las condiciones de salida. Adem\u00e1s, este controlador tiene una entrada universal que acepta transmisores de proceso, RTD&#8217;s o se\u00f1ales de termopar.<\/p>\n<h5><strong>Funciones<\/strong><\/h5>\n<ul>\n<li>La entrada universal acepta transmisores de proceso, RTD o se\u00f1ales de termopar<\/li>\n<li>Control de encendido\/apagado, PID o salida manual<\/li>\n<li>RS-485 est\u00e1ndar en todos los modelos<\/li>\n<li>Programa de control de escenario para hasta 64 acciones de rampa\/remojo<\/li>\n<\/ul>\n<h5><strong>Aplicaciones<\/strong><\/h5>\n<ul>\n<li>Control de horno, caldera o enfriador<\/li>\n<li>C\u00e1maras ambientales<\/li>\n<li>Placas calientes\/crisoles<\/li>\n<li>Equipo m\u00e9dico<\/li>\n<li>Equipos de embalaje<\/li>\n<li>Equipo de servicio de alimentos<\/li>\n<\/ul>\n<h4>Dwyer 8B-23 Especificaciones<\/h4>\n<table class=\"table table-striped\">\n<tbody>\n<tr>\n<td>Entradas<\/td>\n<td>Termopar, RTD, voltajes DC o corriente DC<\/td>\n<\/tr>\n<tr>\n<td>Monitor<\/td>\n<td>Dos LED PV de 4 d\u00edgitos y 7 segmentos<br \/>\n: Rojo<br \/>\nSV: Verde<\/td>\n<\/tr>\n<tr>\n<td>Exactitud<\/td>\n<td>\u00b10.25% span, \u00b11 d\u00edgito menos significativo<\/td>\n<\/tr>\n<tr>\n<td>Poder<\/td>\n<td>Requisitos: 100 a 240 V CA, 50\/60 Hz<br \/>\nConsumo: 5 VA m\u00e1ximo<\/td>\n<\/tr>\n<tr>\n<td>Temperatura de funcionamiento<\/td>\n<td>De 32 a 122 \u00b0C (de 0 a 50 \u00b0F)<\/td>\n<\/tr>\n<tr>\n<td>Copia de seguridad de memoria<\/td>\n<td>Memoria no vol\u00e1til<\/td>\n<\/tr>\n<tr>\n<td>Clasificaciones de salida de control<\/td>\n<td>SPDT, 5 A a 250 V CA resistivo<br \/>\nPulso de voltaje: 14 V DC (m\u00e1ximo 40 mA)<\/td>\n<\/tr>\n<tr>\n<td>Comunicaci\u00f3n<\/td>\n<td>Protocolo de comunicaci\u00f3n RS-485 Modbus\u00ae ASCII\/RTU<\/td>\n<\/tr>\n<tr>\n<td>Clasificaci\u00f3n del panel frontal<\/td>\n<td>IP56<\/td>\n<\/tr>\n<tr>\n<td>Conformidad<\/td>\n<td>CE, cULus<\/td>\n<\/tr>\n<tr>\n<td>Dimensiones<\/td>\n<td>1,88 x 3,87 x 1,73&#8243; (47,8 x 98,2 x 44 mm)<\/td>\n<\/tr>\n<tr>\n<td>Peso<\/td>\n<td>15 onzas (425 g)<\/td>\n<\/tr>\n<\/tbody>\n<\/table>\n<p>&nbsp;<\/p>\n","protected":false},"excerpt":{"rendered":"<p>Vers\u00e1til y confiable para aplicaciones de monitoreo de temperatura y procesos, este controlador de bucle de temperatura\/proceso cuenta con salidas duales con una salida de pulso de voltaje de 14 V CC (m\u00e1ximo 40 mA), una fuente de alimentaci\u00f3n de CA de 100 a 240 V y una entrada universal. Adem\u00e1s, este controlador est\u00e1 dise\u00f1ado como un controlador DIN 1\/8 de montaje vertical.<\/p>\n","protected":false},"featured_media":2779,"comment_status":"open","ping_status":"closed","template":"","meta":{"_joinchat":[]},"product_brand":[],"product_cat":[15],"product_tag":[],"class_list":{"0":"post-2777","1":"product","2":"type-product","3":"status-publish","4":"has-post-thumbnail","6":"product_cat-sin-categorizar","8":"first","9":"instock","10":"shipping-taxable","11":"product-type-simple"},"yoast_head":"<!-- This site is optimized with the Yoast SEO plugin v26.4 - https:\/\/yoast.com\/wordpress\/plugins\/seo\/ -->\n<title>Controlador de bucle de proceso-temperatura din serie 8b de la serie dwyer, 100 a 240 v ca, pulso de voltaje - Abaa tienda online<\/title>\n<meta name=\"robots\" content=\"index, follow, max-snippet:-1, max-image-preview:large, max-video-preview:-1\" \/>\n<link rel=\"canonical\" href=\"https:\/\/abaa.mx\/tienda\/controlador-de-bucle-de-proceso-temperatura-din-serie-8b-de-la-serie-dwyer-100-a-240-v-ca-pulso-de-voltaje\/\" \/>\n<meta property=\"og:locale\" content=\"es_MX\" \/>\n<meta property=\"og:type\" content=\"article\" \/>\n<meta property=\"og:title\" content=\"Controlador de bucle de proceso-temperatura din serie 8b de la serie dwyer, 100 a 240 v ca, pulso de voltaje - Abaa tienda online\" \/>\n<meta property=\"og:description\" content=\"Vers\u00e1til y confiable para aplicaciones de monitoreo de temperatura y procesos, este controlador de bucle de temperatura\/proceso cuenta con salidas duales con una salida de pulso de voltaje de 14 V CC (m\u00e1ximo 40 mA), una fuente de alimentaci\u00f3n de CA de 100 a 240 V y una entrada universal. Adem\u00e1s, este controlador est\u00e1 dise\u00f1ado como un controlador DIN 1\/8 de montaje vertical.\" \/>\n<meta property=\"og:url\" content=\"https:\/\/abaa.mx\/tienda\/controlador-de-bucle-de-proceso-temperatura-din-serie-8b-de-la-serie-dwyer-100-a-240-v-ca-pulso-de-voltaje\/\" \/>\n<meta property=\"og:site_name\" content=\"Abaa tienda online\" \/>\n<meta property=\"article:modified_time\" content=\"2023-12-20T17:02:26+00:00\" \/>\n<meta property=\"og:image\" content=\"https:\/\/abaa.mx\/tienda\/wp-content\/uploads\/2023\/09\/serie-8B.jpg\" \/>\n\t<meta property=\"og:image:width\" content=\"738\" \/>\n\t<meta property=\"og:image:height\" content=\"604\" \/>\n\t<meta property=\"og:image:type\" content=\"image\/jpeg\" \/>\n<meta name=\"twitter:card\" content=\"summary_large_image\" \/>\n<meta name=\"twitter:label1\" content=\"Tiempo de lectura\" \/>\n\t<meta name=\"twitter:data1\" content=\"2 minutos\" \/>\n<script type=\"application\/ld+json\" class=\"yoast-schema-graph\">{\"@context\":\"https:\/\/schema.org\",\"@graph\":[{\"@type\":\"WebPage\",\"@id\":\"https:\/\/abaa.mx\/tienda\/controlador-de-bucle-de-proceso-temperatura-din-serie-8b-de-la-serie-dwyer-100-a-240-v-ca-pulso-de-voltaje\/\",\"url\":\"https:\/\/abaa.mx\/tienda\/controlador-de-bucle-de-proceso-temperatura-din-serie-8b-de-la-serie-dwyer-100-a-240-v-ca-pulso-de-voltaje\/\",\"name\":\"Controlador de bucle de proceso-temperatura din serie 8b de la serie dwyer, 100 a 240 v ca, pulso de voltaje - Abaa tienda online\",\"isPartOf\":{\"@id\":\"https:\/\/abaa.mx\/tienda\/#website\"},\"primaryImageOfPage\":{\"@id\":\"https:\/\/abaa.mx\/tienda\/controlador-de-bucle-de-proceso-temperatura-din-serie-8b-de-la-serie-dwyer-100-a-240-v-ca-pulso-de-voltaje\/#primaryimage\"},\"image\":{\"@id\":\"https:\/\/abaa.mx\/tienda\/controlador-de-bucle-de-proceso-temperatura-din-serie-8b-de-la-serie-dwyer-100-a-240-v-ca-pulso-de-voltaje\/#primaryimage\"},\"thumbnailUrl\":\"https:\/\/abaa.mx\/tienda\/wp-content\/uploads\/2023\/09\/serie-8B.jpg\",\"datePublished\":\"2023-09-25T14:49:17+00:00\",\"dateModified\":\"2023-12-20T17:02:26+00:00\",\"breadcrumb\":{\"@id\":\"https:\/\/abaa.mx\/tienda\/controlador-de-bucle-de-proceso-temperatura-din-serie-8b-de-la-serie-dwyer-100-a-240-v-ca-pulso-de-voltaje\/#breadcrumb\"},\"inLanguage\":\"es\",\"potentialAction\":[{\"@type\":\"ReadAction\",\"target\":[\"https:\/\/abaa.mx\/tienda\/controlador-de-bucle-de-proceso-temperatura-din-serie-8b-de-la-serie-dwyer-100-a-240-v-ca-pulso-de-voltaje\/\"]}]},{\"@type\":\"ImageObject\",\"inLanguage\":\"es\",\"@id\":\"https:\/\/abaa.mx\/tienda\/controlador-de-bucle-de-proceso-temperatura-din-serie-8b-de-la-serie-dwyer-100-a-240-v-ca-pulso-de-voltaje\/#primaryimage\",\"url\":\"https:\/\/abaa.mx\/tienda\/wp-content\/uploads\/2023\/09\/serie-8B.jpg\",\"contentUrl\":\"https:\/\/abaa.mx\/tienda\/wp-content\/uploads\/2023\/09\/serie-8B.jpg\",\"width\":738,\"height\":604,\"caption\":\"controlador-de-bucle-de-proceso-temperatura-din-serie-8b-de-la-serie-dwyer-100-a-240-v-ca-pulso-de-voltaje\"},{\"@type\":\"BreadcrumbList\",\"@id\":\"https:\/\/abaa.mx\/tienda\/controlador-de-bucle-de-proceso-temperatura-din-serie-8b-de-la-serie-dwyer-100-a-240-v-ca-pulso-de-voltaje\/#breadcrumb\",\"itemListElement\":[{\"@type\":\"ListItem\",\"position\":1,\"name\":\"Inicio\",\"item\":\"https:\/\/abaa.mx\/tienda\/\"},{\"@type\":\"ListItem\",\"position\":2,\"name\":\"Tienda\",\"item\":\"https:\/\/abaa.mx\/tienda\/\"},{\"@type\":\"ListItem\",\"position\":3,\"name\":\"Controlador de bucle de proceso-temperatura din serie 8b de la serie dwyer, 100 a 240 v ca, pulso de voltaje\"}]},{\"@type\":\"WebSite\",\"@id\":\"https:\/\/abaa.mx\/tienda\/#website\",\"url\":\"https:\/\/abaa.mx\/tienda\/\",\"name\":\"Abaa tienda online\",\"description\":\"Instrumentos de medici\u00f3n\",\"publisher\":{\"@id\":\"https:\/\/abaa.mx\/tienda\/#organization\"},\"potentialAction\":[{\"@type\":\"SearchAction\",\"target\":{\"@type\":\"EntryPoint\",\"urlTemplate\":\"https:\/\/abaa.mx\/tienda\/?s={search_term_string}\"},\"query-input\":{\"@type\":\"PropertyValueSpecification\",\"valueRequired\":true,\"valueName\":\"search_term_string\"}}],\"inLanguage\":\"es\"},{\"@type\":\"Organization\",\"@id\":\"https:\/\/abaa.mx\/tienda\/#organization\",\"name\":\"Abaa tienda online\",\"url\":\"https:\/\/abaa.mx\/tienda\/\",\"logo\":{\"@type\":\"ImageObject\",\"inLanguage\":\"es\",\"@id\":\"https:\/\/abaa.mx\/tienda\/#\/schema\/logo\/image\/\",\"url\":\"https:\/\/abaa.mx\/tienda\/wp-content\/uploads\/2024\/01\/abaa-metrologia-tienda.png\",\"contentUrl\":\"https:\/\/abaa.mx\/tienda\/wp-content\/uploads\/2024\/01\/abaa-metrologia-tienda.png\",\"width\":300,\"height\":141,\"caption\":\"Abaa tienda online\"},\"image\":{\"@id\":\"https:\/\/abaa.mx\/tienda\/#\/schema\/logo\/image\/\"}}]}<\/script>\n<!-- \/ Yoast SEO plugin. -->","yoast_head_json":{"title":"Controlador de bucle de proceso-temperatura din serie 8b de la serie dwyer, 100 a 240 v ca, pulso de voltaje - Abaa tienda online","robots":{"index":"index","follow":"follow","max-snippet":"max-snippet:-1","max-image-preview":"max-image-preview:large","max-video-preview":"max-video-preview:-1"},"canonical":"https:\/\/abaa.mx\/tienda\/controlador-de-bucle-de-proceso-temperatura-din-serie-8b-de-la-serie-dwyer-100-a-240-v-ca-pulso-de-voltaje\/","og_locale":"es_MX","og_type":"article","og_title":"Controlador de bucle de proceso-temperatura din serie 8b de la serie dwyer, 100 a 240 v ca, pulso de voltaje - Abaa tienda online","og_description":"Vers\u00e1til y confiable para aplicaciones de monitoreo de temperatura y procesos, este controlador de bucle de temperatura\/proceso cuenta con salidas duales con una salida de pulso de voltaje de 14 V CC (m\u00e1ximo 40 mA), una fuente de alimentaci\u00f3n de CA de 100 a 240 V y una entrada universal. Adem\u00e1s, este controlador est\u00e1 dise\u00f1ado como un controlador DIN 1\/8 de montaje vertical.","og_url":"https:\/\/abaa.mx\/tienda\/controlador-de-bucle-de-proceso-temperatura-din-serie-8b-de-la-serie-dwyer-100-a-240-v-ca-pulso-de-voltaje\/","og_site_name":"Abaa tienda online","article_modified_time":"2023-12-20T17:02:26+00:00","og_image":[{"width":738,"height":604,"url":"https:\/\/abaa.mx\/tienda\/wp-content\/uploads\/2023\/09\/serie-8B.jpg","type":"image\/jpeg"}],"twitter_card":"summary_large_image","twitter_misc":{"Tiempo de lectura":"2 minutos"},"schema":{"@context":"https:\/\/schema.org","@graph":[{"@type":"WebPage","@id":"https:\/\/abaa.mx\/tienda\/controlador-de-bucle-de-proceso-temperatura-din-serie-8b-de-la-serie-dwyer-100-a-240-v-ca-pulso-de-voltaje\/","url":"https:\/\/abaa.mx\/tienda\/controlador-de-bucle-de-proceso-temperatura-din-serie-8b-de-la-serie-dwyer-100-a-240-v-ca-pulso-de-voltaje\/","name":"Controlador de bucle de proceso-temperatura din serie 8b de la serie dwyer, 100 a 240 v ca, pulso de voltaje - Abaa tienda online","isPartOf":{"@id":"https:\/\/abaa.mx\/tienda\/#website"},"primaryImageOfPage":{"@id":"https:\/\/abaa.mx\/tienda\/controlador-de-bucle-de-proceso-temperatura-din-serie-8b-de-la-serie-dwyer-100-a-240-v-ca-pulso-de-voltaje\/#primaryimage"},"image":{"@id":"https:\/\/abaa.mx\/tienda\/controlador-de-bucle-de-proceso-temperatura-din-serie-8b-de-la-serie-dwyer-100-a-240-v-ca-pulso-de-voltaje\/#primaryimage"},"thumbnailUrl":"https:\/\/abaa.mx\/tienda\/wp-content\/uploads\/2023\/09\/serie-8B.jpg","datePublished":"2023-09-25T14:49:17+00:00","dateModified":"2023-12-20T17:02:26+00:00","breadcrumb":{"@id":"https:\/\/abaa.mx\/tienda\/controlador-de-bucle-de-proceso-temperatura-din-serie-8b-de-la-serie-dwyer-100-a-240-v-ca-pulso-de-voltaje\/#breadcrumb"},"inLanguage":"es","potentialAction":[{"@type":"ReadAction","target":["https:\/\/abaa.mx\/tienda\/controlador-de-bucle-de-proceso-temperatura-din-serie-8b-de-la-serie-dwyer-100-a-240-v-ca-pulso-de-voltaje\/"]}]},{"@type":"ImageObject","inLanguage":"es","@id":"https:\/\/abaa.mx\/tienda\/controlador-de-bucle-de-proceso-temperatura-din-serie-8b-de-la-serie-dwyer-100-a-240-v-ca-pulso-de-voltaje\/#primaryimage","url":"https:\/\/abaa.mx\/tienda\/wp-content\/uploads\/2023\/09\/serie-8B.jpg","contentUrl":"https:\/\/abaa.mx\/tienda\/wp-content\/uploads\/2023\/09\/serie-8B.jpg","width":738,"height":604,"caption":"controlador-de-bucle-de-proceso-temperatura-din-serie-8b-de-la-serie-dwyer-100-a-240-v-ca-pulso-de-voltaje"},{"@type":"BreadcrumbList","@id":"https:\/\/abaa.mx\/tienda\/controlador-de-bucle-de-proceso-temperatura-din-serie-8b-de-la-serie-dwyer-100-a-240-v-ca-pulso-de-voltaje\/#breadcrumb","itemListElement":[{"@type":"ListItem","position":1,"name":"Inicio","item":"https:\/\/abaa.mx\/tienda\/"},{"@type":"ListItem","position":2,"name":"Tienda","item":"https:\/\/abaa.mx\/tienda\/"},{"@type":"ListItem","position":3,"name":"Controlador de bucle de proceso-temperatura din serie 8b de la serie dwyer, 100 a 240 v ca, pulso de voltaje"}]},{"@type":"WebSite","@id":"https:\/\/abaa.mx\/tienda\/#website","url":"https:\/\/abaa.mx\/tienda\/","name":"Abaa tienda online","description":"Instrumentos de medici\u00f3n","publisher":{"@id":"https:\/\/abaa.mx\/tienda\/#organization"},"potentialAction":[{"@type":"SearchAction","target":{"@type":"EntryPoint","urlTemplate":"https:\/\/abaa.mx\/tienda\/?s={search_term_string}"},"query-input":{"@type":"PropertyValueSpecification","valueRequired":true,"valueName":"search_term_string"}}],"inLanguage":"es"},{"@type":"Organization","@id":"https:\/\/abaa.mx\/tienda\/#organization","name":"Abaa tienda online","url":"https:\/\/abaa.mx\/tienda\/","logo":{"@type":"ImageObject","inLanguage":"es","@id":"https:\/\/abaa.mx\/tienda\/#\/schema\/logo\/image\/","url":"https:\/\/abaa.mx\/tienda\/wp-content\/uploads\/2024\/01\/abaa-metrologia-tienda.png","contentUrl":"https:\/\/abaa.mx\/tienda\/wp-content\/uploads\/2024\/01\/abaa-metrologia-tienda.png","width":300,"height":141,"caption":"Abaa tienda online"},"image":{"@id":"https:\/\/abaa.mx\/tienda\/#\/schema\/logo\/image\/"}}]}},"_links":{"self":[{"href":"https:\/\/abaa.mx\/tienda\/wp-json\/wp\/v2\/product\/2777","targetHints":{"allow":["GET"]}}],"collection":[{"href":"https:\/\/abaa.mx\/tienda\/wp-json\/wp\/v2\/product"}],"about":[{"href":"https:\/\/abaa.mx\/tienda\/wp-json\/wp\/v2\/types\/product"}],"replies":[{"embeddable":true,"href":"https:\/\/abaa.mx\/tienda\/wp-json\/wp\/v2\/comments?post=2777"}],"wp:featuredmedia":[{"embeddable":true,"href":"https:\/\/abaa.mx\/tienda\/wp-json\/wp\/v2\/media\/2779"}],"wp:attachment":[{"href":"https:\/\/abaa.mx\/tienda\/wp-json\/wp\/v2\/media?parent=2777"}],"wp:term":[{"taxonomy":"product_brand","embeddable":true,"href":"https:\/\/abaa.mx\/tienda\/wp-json\/wp\/v2\/product_brand?post=2777"},{"taxonomy":"product_cat","embeddable":true,"href":"https:\/\/abaa.mx\/tienda\/wp-json\/wp\/v2\/product_cat?post=2777"},{"taxonomy":"product_tag","embeddable":true,"href":"https:\/\/abaa.mx\/tienda\/wp-json\/wp\/v2\/product_tag?post=2777"}],"curies":[{"name":"wp","href":"https:\/\/api.w.org\/{rel}","templated":true}]}}