{"id":2765,"date":"2023-09-22T21:59:57","date_gmt":"2023-09-22T21:59:57","guid":{"rendered":"https:\/\/abaa.mx\/tienda\/?post_type=product&#038;p=2765"},"modified":"2023-09-22T21:59:58","modified_gmt":"2023-09-22T21:59:58","slug":"controles-de-limite-de-la-serie-dwyer-16l","status":"publish","type":"product","link":"https:\/\/abaa.mx\/tienda\/controles-de-limite-de-la-serie-dwyer-16l\/","title":{"rendered":"Controles de l\u00edmite de la serie dwyer 16l"},"content":{"rendered":"<h4>Ofertas de la serie Dwyer 16L<\/h4>\n<p>&nbsp;<\/p>\n<h5><strong>Funciones<\/strong><\/h5>\n<ul>\n<li>La p\u00e9rdida y la eficiencia se calculan a partir de c\u00e1lculos est\u00e1ndar de p\u00e9rdida de calor<\/li>\n<li>Pantalla multiling\u00fce y opciones para c\u00e1lculos europeos<\/li>\n<li>Capacidad para almacenar y descargar 1000 registros de prueba<\/li>\n<li>Diez opciones de combustible m\u00e1s la capacidad de cargar combustibles personalizados<\/li>\n<li>Gas met\u00e1lico resistente y conectores de tiro<\/li>\n<li>Cargue el logotipo con informaci\u00f3n de la empresa y etiquete la informaci\u00f3n del cliente para probar los datos de los informes personalizados<\/li>\n<li>Sensores precalibrados B-Smart \u00fanicos y programa de intercambio<\/li>\n<li>Nuevo modo de atenuaci\u00f3n de ahorro de bater\u00eda<\/li>\n<li>Zoom de pantalla<\/li>\n<li>Retroiluminaci\u00f3n s\u00faper brillante<\/li>\n<\/ul>\n<h5><strong>Especificaciones funcionales<\/strong><\/h5>\n<ul>\n<li>Memoria: 500 registros completos de pruebas de combusti\u00f3n<\/li>\n<li>Memoria registrada: 500 registros completos de pruebas de combusti\u00f3n registrados<\/li>\n<li>Materiales del cuerpo: Carcasa de ABS duradera \/ sobremoldeo de goma resistente y bota protectora con im\u00e1n<\/li>\n<li>Interfaz de usuario: pantalla gr\u00e1fica a todo color (320 x 240 p\u00edxeles), impresora infrarroja opcional<\/li>\n<li>Rango de temperatura de funcionamiento: 32 a 104 F; 0 a 40 C<\/li>\n<li>Rango de humedad de funcionamiento: 15 a 90 por ciento HR sin condensaci\u00f3n<\/li>\n<li>Combustibles seleccionables: Gas natural, Petr\u00f3leo #2, Petr\u00f3leo #4, Petr\u00f3leo #6, Propano, Carb\u00f3n, Madera, Queroseno, Bagazo y Gas Didigestor<\/li>\n<li>Tiempo de calentamiento: 60 segundos de tiempo total de calentamiento: los sensores se verifican y se ponen a cero autom\u00e1ticamente durante el calentamiento<\/li>\n<li>Pantalla: pantalla gr\u00e1fica a todo color de 320 x 240 p\u00edxeles<\/li>\n<\/ul>\n<h5><strong>Especificaciones generales<\/strong><\/h5>\n<ul>\n<li>Fuente de alimentaci\u00f3n: Cuatro pilas alcalinas AA desechables. Adaptador de CA universal opcional de 100 a 240 voltios a 47 a 63 Hz<\/li>\n<li>Dimensiones: 9 x 3 x 2.5 in; 22,9 x 7,6 x 6,3 cm<\/li>\n<li>Peso: 1.4 lbs; 0,6 kg<\/li>\n<\/ul>\n<h5><strong>Aplicaciones<\/strong><\/h5>\n<ul>\n<li>Alarma de sobretemperatura de la caldera<\/li>\n<li>Caldera parada<\/li>\n<li>Se utiliza como interruptor de temperatura de l\u00edmite alto para calderas<\/li>\n<\/ul>\n<p>&nbsp;<\/p>\n","protected":false},"excerpt":{"rendered":"<p class=\"short-description mhide ipad-view-setting\">Ofrece entrada universal (10 tipos de termopares, 4 tipos RTD, voltaje y corriente), punto de ajuste \u00fanico o punto de ajuste doble. Las caracter\u00edsticas est\u00e1ndar incluyen capacidad de restablecimiento remoto, indicaci\u00f3n de pico\/valle, protecci\u00f3n de sensor abierto, protecci\u00f3n de velocidad de cambio de entrada y mucho m\u00e1s.<\/p>\n<p class=\"comment-tag-product\">\n<div class=\"row-fluid\">\n<div class=\"span12 mobile-pricing-box-padding\">\n<div class=\"row-fluid mhide ipad-view-setting\">\n<div class=\"span12\">\n<div class=\"tab-content tab-content-overflow\">\n<div id=\"related33327a\" class=\"tab-pane  active\"><\/div>\n<\/div>\n<\/div>\n<\/div>\n<\/div>\n<\/div>\n","protected":false},"featured_media":2770,"comment_status":"open","ping_status":"closed","template":"","meta":{"_joinchat":[]},"product_brand":[],"product_cat":[15],"product_tag":[],"class_list":{"0":"post-2765","1":"product","2":"type-product","3":"status-publish","4":"has-post-thumbnail","6":"product_cat-sin-categorizar","8":"first","9":"instock","10":"shipping-taxable","11":"product-type-simple"},"yoast_head":"<!-- This site is optimized with the Yoast SEO plugin v26.4 - https:\/\/yoast.com\/wordpress\/plugins\/seo\/ -->\n<title>Controles de l\u00edmite de la serie dwyer 16l - Abaa tienda online<\/title>\n<meta name=\"robots\" content=\"index, follow, max-snippet:-1, max-image-preview:large, max-video-preview:-1\" \/>\n<link rel=\"canonical\" href=\"https:\/\/abaa.mx\/tienda\/controles-de-limite-de-la-serie-dwyer-16l\/\" \/>\n<meta property=\"og:locale\" content=\"es_MX\" \/>\n<meta property=\"og:type\" content=\"article\" \/>\n<meta property=\"og:title\" content=\"Controles de l\u00edmite de la serie dwyer 16l - Abaa tienda online\" \/>\n<meta property=\"og:description\" content=\"Ofrece entrada universal (10 tipos de termopares, 4 tipos RTD, voltaje y corriente), punto de ajuste \u00fanico o punto de ajuste doble. Las caracter\u00edsticas est\u00e1ndar incluyen capacidad de restablecimiento remoto, indicaci\u00f3n de pico\/valle, protecci\u00f3n de sensor abierto, protecci\u00f3n de velocidad de cambio de entrada y mucho m\u00e1s.\" \/>\n<meta property=\"og:url\" content=\"https:\/\/abaa.mx\/tienda\/controles-de-limite-de-la-serie-dwyer-16l\/\" \/>\n<meta property=\"og:site_name\" content=\"Abaa tienda online\" \/>\n<meta property=\"article:modified_time\" content=\"2023-09-22T21:59:58+00:00\" \/>\n<meta property=\"og:image\" content=\"https:\/\/abaa.mx\/tienda\/wp-content\/uploads\/2023\/09\/16L.jpg\" \/>\n\t<meta property=\"og:image:width\" content=\"738\" \/>\n\t<meta property=\"og:image:height\" content=\"604\" \/>\n\t<meta property=\"og:image:type\" content=\"image\/jpeg\" \/>\n<meta name=\"twitter:card\" content=\"summary_large_image\" \/>\n<meta name=\"twitter:label1\" content=\"Tiempo de lectura\" \/>\n\t<meta name=\"twitter:data1\" content=\"2 minutos\" \/>\n<script type=\"application\/ld+json\" class=\"yoast-schema-graph\">{\"@context\":\"https:\/\/schema.org\",\"@graph\":[{\"@type\":\"WebPage\",\"@id\":\"https:\/\/abaa.mx\/tienda\/controles-de-limite-de-la-serie-dwyer-16l\/\",\"url\":\"https:\/\/abaa.mx\/tienda\/controles-de-limite-de-la-serie-dwyer-16l\/\",\"name\":\"Controles de l\u00edmite de la serie dwyer 16l - Abaa tienda online\",\"isPartOf\":{\"@id\":\"https:\/\/abaa.mx\/tienda\/#website\"},\"primaryImageOfPage\":{\"@id\":\"https:\/\/abaa.mx\/tienda\/controles-de-limite-de-la-serie-dwyer-16l\/#primaryimage\"},\"image\":{\"@id\":\"https:\/\/abaa.mx\/tienda\/controles-de-limite-de-la-serie-dwyer-16l\/#primaryimage\"},\"thumbnailUrl\":\"https:\/\/abaa.mx\/tienda\/wp-content\/uploads\/2023\/09\/16L.jpg\",\"datePublished\":\"2023-09-22T21:59:57+00:00\",\"dateModified\":\"2023-09-22T21:59:58+00:00\",\"breadcrumb\":{\"@id\":\"https:\/\/abaa.mx\/tienda\/controles-de-limite-de-la-serie-dwyer-16l\/#breadcrumb\"},\"inLanguage\":\"es\",\"potentialAction\":[{\"@type\":\"ReadAction\",\"target\":[\"https:\/\/abaa.mx\/tienda\/controles-de-limite-de-la-serie-dwyer-16l\/\"]}]},{\"@type\":\"ImageObject\",\"inLanguage\":\"es\",\"@id\":\"https:\/\/abaa.mx\/tienda\/controles-de-limite-de-la-serie-dwyer-16l\/#primaryimage\",\"url\":\"https:\/\/abaa.mx\/tienda\/wp-content\/uploads\/2023\/09\/16L.jpg\",\"contentUrl\":\"https:\/\/abaa.mx\/tienda\/wp-content\/uploads\/2023\/09\/16L.jpg\",\"width\":738,\"height\":604,\"caption\":\"controles-de-limite-de-la-serie-dwyer-16l\"},{\"@type\":\"BreadcrumbList\",\"@id\":\"https:\/\/abaa.mx\/tienda\/controles-de-limite-de-la-serie-dwyer-16l\/#breadcrumb\",\"itemListElement\":[{\"@type\":\"ListItem\",\"position\":1,\"name\":\"Inicio\",\"item\":\"https:\/\/abaa.mx\/tienda\/\"},{\"@type\":\"ListItem\",\"position\":2,\"name\":\"Tienda\",\"item\":\"https:\/\/abaa.mx\/tienda\/\"},{\"@type\":\"ListItem\",\"position\":3,\"name\":\"Controles de l\u00edmite de la serie dwyer 16l\"}]},{\"@type\":\"WebSite\",\"@id\":\"https:\/\/abaa.mx\/tienda\/#website\",\"url\":\"https:\/\/abaa.mx\/tienda\/\",\"name\":\"Abaa tienda online\",\"description\":\"Instrumentos de medici\u00f3n\",\"publisher\":{\"@id\":\"https:\/\/abaa.mx\/tienda\/#organization\"},\"potentialAction\":[{\"@type\":\"SearchAction\",\"target\":{\"@type\":\"EntryPoint\",\"urlTemplate\":\"https:\/\/abaa.mx\/tienda\/?s={search_term_string}\"},\"query-input\":{\"@type\":\"PropertyValueSpecification\",\"valueRequired\":true,\"valueName\":\"search_term_string\"}}],\"inLanguage\":\"es\"},{\"@type\":\"Organization\",\"@id\":\"https:\/\/abaa.mx\/tienda\/#organization\",\"name\":\"Abaa tienda online\",\"url\":\"https:\/\/abaa.mx\/tienda\/\",\"logo\":{\"@type\":\"ImageObject\",\"inLanguage\":\"es\",\"@id\":\"https:\/\/abaa.mx\/tienda\/#\/schema\/logo\/image\/\",\"url\":\"https:\/\/abaa.mx\/tienda\/wp-content\/uploads\/2024\/01\/abaa-metrologia-tienda.png\",\"contentUrl\":\"https:\/\/abaa.mx\/tienda\/wp-content\/uploads\/2024\/01\/abaa-metrologia-tienda.png\",\"width\":300,\"height\":141,\"caption\":\"Abaa tienda online\"},\"image\":{\"@id\":\"https:\/\/abaa.mx\/tienda\/#\/schema\/logo\/image\/\"}}]}<\/script>\n<!-- \/ Yoast SEO plugin. -->","yoast_head_json":{"title":"Controles de l\u00edmite de la serie dwyer 16l - Abaa tienda online","robots":{"index":"index","follow":"follow","max-snippet":"max-snippet:-1","max-image-preview":"max-image-preview:large","max-video-preview":"max-video-preview:-1"},"canonical":"https:\/\/abaa.mx\/tienda\/controles-de-limite-de-la-serie-dwyer-16l\/","og_locale":"es_MX","og_type":"article","og_title":"Controles de l\u00edmite de la serie dwyer 16l - Abaa tienda online","og_description":"Ofrece entrada universal (10 tipos de termopares, 4 tipos RTD, voltaje y corriente), punto de ajuste \u00fanico o punto de ajuste doble. Las caracter\u00edsticas est\u00e1ndar incluyen capacidad de restablecimiento remoto, indicaci\u00f3n de pico\/valle, protecci\u00f3n de sensor abierto, protecci\u00f3n de velocidad de cambio de entrada y mucho m\u00e1s.","og_url":"https:\/\/abaa.mx\/tienda\/controles-de-limite-de-la-serie-dwyer-16l\/","og_site_name":"Abaa tienda online","article_modified_time":"2023-09-22T21:59:58+00:00","og_image":[{"width":738,"height":604,"url":"https:\/\/abaa.mx\/tienda\/wp-content\/uploads\/2023\/09\/16L.jpg","type":"image\/jpeg"}],"twitter_card":"summary_large_image","twitter_misc":{"Tiempo de lectura":"2 minutos"},"schema":{"@context":"https:\/\/schema.org","@graph":[{"@type":"WebPage","@id":"https:\/\/abaa.mx\/tienda\/controles-de-limite-de-la-serie-dwyer-16l\/","url":"https:\/\/abaa.mx\/tienda\/controles-de-limite-de-la-serie-dwyer-16l\/","name":"Controles de l\u00edmite de la serie dwyer 16l - Abaa tienda online","isPartOf":{"@id":"https:\/\/abaa.mx\/tienda\/#website"},"primaryImageOfPage":{"@id":"https:\/\/abaa.mx\/tienda\/controles-de-limite-de-la-serie-dwyer-16l\/#primaryimage"},"image":{"@id":"https:\/\/abaa.mx\/tienda\/controles-de-limite-de-la-serie-dwyer-16l\/#primaryimage"},"thumbnailUrl":"https:\/\/abaa.mx\/tienda\/wp-content\/uploads\/2023\/09\/16L.jpg","datePublished":"2023-09-22T21:59:57+00:00","dateModified":"2023-09-22T21:59:58+00:00","breadcrumb":{"@id":"https:\/\/abaa.mx\/tienda\/controles-de-limite-de-la-serie-dwyer-16l\/#breadcrumb"},"inLanguage":"es","potentialAction":[{"@type":"ReadAction","target":["https:\/\/abaa.mx\/tienda\/controles-de-limite-de-la-serie-dwyer-16l\/"]}]},{"@type":"ImageObject","inLanguage":"es","@id":"https:\/\/abaa.mx\/tienda\/controles-de-limite-de-la-serie-dwyer-16l\/#primaryimage","url":"https:\/\/abaa.mx\/tienda\/wp-content\/uploads\/2023\/09\/16L.jpg","contentUrl":"https:\/\/abaa.mx\/tienda\/wp-content\/uploads\/2023\/09\/16L.jpg","width":738,"height":604,"caption":"controles-de-limite-de-la-serie-dwyer-16l"},{"@type":"BreadcrumbList","@id":"https:\/\/abaa.mx\/tienda\/controles-de-limite-de-la-serie-dwyer-16l\/#breadcrumb","itemListElement":[{"@type":"ListItem","position":1,"name":"Inicio","item":"https:\/\/abaa.mx\/tienda\/"},{"@type":"ListItem","position":2,"name":"Tienda","item":"https:\/\/abaa.mx\/tienda\/"},{"@type":"ListItem","position":3,"name":"Controles de l\u00edmite de la serie dwyer 16l"}]},{"@type":"WebSite","@id":"https:\/\/abaa.mx\/tienda\/#website","url":"https:\/\/abaa.mx\/tienda\/","name":"Abaa tienda online","description":"Instrumentos de medici\u00f3n","publisher":{"@id":"https:\/\/abaa.mx\/tienda\/#organization"},"potentialAction":[{"@type":"SearchAction","target":{"@type":"EntryPoint","urlTemplate":"https:\/\/abaa.mx\/tienda\/?s={search_term_string}"},"query-input":{"@type":"PropertyValueSpecification","valueRequired":true,"valueName":"search_term_string"}}],"inLanguage":"es"},{"@type":"Organization","@id":"https:\/\/abaa.mx\/tienda\/#organization","name":"Abaa tienda online","url":"https:\/\/abaa.mx\/tienda\/","logo":{"@type":"ImageObject","inLanguage":"es","@id":"https:\/\/abaa.mx\/tienda\/#\/schema\/logo\/image\/","url":"https:\/\/abaa.mx\/tienda\/wp-content\/uploads\/2024\/01\/abaa-metrologia-tienda.png","contentUrl":"https:\/\/abaa.mx\/tienda\/wp-content\/uploads\/2024\/01\/abaa-metrologia-tienda.png","width":300,"height":141,"caption":"Abaa tienda online"},"image":{"@id":"https:\/\/abaa.mx\/tienda\/#\/schema\/logo\/image\/"}}]}},"_links":{"self":[{"href":"https:\/\/abaa.mx\/tienda\/wp-json\/wp\/v2\/product\/2765","targetHints":{"allow":["GET"]}}],"collection":[{"href":"https:\/\/abaa.mx\/tienda\/wp-json\/wp\/v2\/product"}],"about":[{"href":"https:\/\/abaa.mx\/tienda\/wp-json\/wp\/v2\/types\/product"}],"replies":[{"embeddable":true,"href":"https:\/\/abaa.mx\/tienda\/wp-json\/wp\/v2\/comments?post=2765"}],"wp:featuredmedia":[{"embeddable":true,"href":"https:\/\/abaa.mx\/tienda\/wp-json\/wp\/v2\/media\/2770"}],"wp:attachment":[{"href":"https:\/\/abaa.mx\/tienda\/wp-json\/wp\/v2\/media?parent=2765"}],"wp:term":[{"taxonomy":"product_brand","embeddable":true,"href":"https:\/\/abaa.mx\/tienda\/wp-json\/wp\/v2\/product_brand?post=2765"},{"taxonomy":"product_cat","embeddable":true,"href":"https:\/\/abaa.mx\/tienda\/wp-json\/wp\/v2\/product_cat?post=2765"},{"taxonomy":"product_tag","embeddable":true,"href":"https:\/\/abaa.mx\/tienda\/wp-json\/wp\/v2\/product_tag?post=2765"}],"curies":[{"name":"wp","href":"https:\/\/api.w.org\/{rel}","templated":true}]}}