{"id":2752,"date":"2023-09-22T21:44:28","date_gmt":"2023-09-22T21:44:28","guid":{"rendered":"https:\/\/abaa.mx\/tienda\/?post_type=product&#038;p=2752"},"modified":"2023-12-20T17:09:22","modified_gmt":"2023-12-20T17:09:22","slug":"dwyer-16b-23-1-16-din-controlador-de-temperatura-proceso-con-pulso-de-voltaje-y-salidas-de-rele","status":"publish","type":"product","link":"https:\/\/abaa.mx\/tienda\/dwyer-16b-23-1-16-din-controlador-de-temperatura-proceso-con-pulso-de-voltaje-y-salidas-de-rele\/","title":{"rendered":"Dwyer 16b-23 1-16 din controlador de temperatura-proceso con pulso de voltaje y salidas de rel\u00e9"},"content":{"rendered":"<h4>Ofertas de la serie Dwyer 16B<\/h4>\n<h5><strong>Funciones<\/strong><\/h5>\n<ul>\n<li>LCD de 3-3\/4 d\u00edgitos con indicaci\u00f3n de gr\u00e1fico de barras<\/li>\n<li>Funciones de retenci\u00f3n de datos y retenci\u00f3n m\u00e1xima<\/li>\n<li>MAX\/MIN y funciones relativas<\/li>\n<li>Coseno angular corregido<\/li>\n<li>Funci\u00f3n de apagado autom\u00e1tico<\/li>\n<li>CNS 5119 clase II<\/li>\n<li>Incluye 6 pilas AAA y malet\u00edn de transporte<\/li>\n<\/ul>\n<h5><strong>Especificaciones funcionales<\/strong><\/h5>\n<ul>\n<li>Rango de medici\u00f3n: 40, 400, 4000, 40,000, 400,000 lux 40, 400, 4000, 40,000 Fc<\/li>\n<li>Resoluci\u00f3n: 0.01 lux, 0.001Fc<\/li>\n<li>Precisi\u00f3n: \u00b13.0% rdg. \u00b10,5 dgt<\/li>\n<li>CIE Photopic f&#8221;1: &lt; 9%<\/li>\n<li>Temperatura Coef.: \u00b10.1% \/\u00b0C<\/li>\n<li>Velocidad de medici\u00f3n: Aproximadamente 2.5 tiempo \/ seg<\/li>\n<li>Fotosensor: fotodiodos de silicio<\/li>\n<li>Pantalla: LCD de 3 3\/4 d\u00edgitos con indicaci\u00f3n de gr\u00e1fico de barras<\/li>\n<li>Fotosensor: 100 (L) \u03a960 (W) \u03a927 (H) mm w \/ 150 cm de plomo<\/li>\n<\/ul>\n<h5><strong>Especificaciones generales<\/strong><\/h5>\n<ul>\n<li>Fuente de alimentaci\u00f3n: seis pilas AAA (incluidas)<\/li>\n<li>Duraci\u00f3n de la bater\u00eda: 200 horas<\/li>\n<li>Dimensiones: Metro: 135 (L) 72 (W) 33 (H) mm<\/li>\n<li>Peso: 250g<\/li>\n<\/ul>\n<h5><strong>Aplicaciones<\/strong><\/h5>\n<p>Control de temperatura para calderas, control de amortiguadores basado en temperatura o presi\u00f3n.<\/p>\n<p>&nbsp;<\/p>\n","protected":false},"excerpt":{"rendered":"<p class=\"short-description mhide ipad-view-setting\">Punta de aguja hipod\u00e9rmica de calibre medio, utilizada para medir alimentos m\u00e1s blandos, cauchos y s\u00f3lidos. Ideal para su uso en entornos industriales, de laboratorio y qu\u00edmicos. Temperatura m\u00e1xima: 1472\u00b0F\/800\u00b0C.<\/p>\n<div class=\"row-fluid\">\n<div class=\"span12 mobile-pricing-box-padding\">\n<form id=\"70198\" accept-charset=\"utf-8\" action=\"https:\/\/www.globaltestsupply.com\/shop\/add\" method=\"post\" name=\"addTocartFunction\">\n<div><\/div>\n<\/form>\n<\/div>\n<\/div>\n","protected":false},"featured_media":2762,"comment_status":"open","ping_status":"closed","template":"","meta":{"_joinchat":[]},"product_brand":[],"product_cat":[15],"product_tag":[],"class_list":{"0":"post-2752","1":"product","2":"type-product","3":"status-publish","4":"has-post-thumbnail","6":"product_cat-sin-categorizar","8":"first","9":"instock","10":"shipping-taxable","11":"product-type-simple"},"yoast_head":"<!-- This site is optimized with the Yoast SEO plugin v26.4 - https:\/\/yoast.com\/wordpress\/plugins\/seo\/ -->\n<title>Dwyer 16b-23 1-16 din controlador de temperatura-proceso con pulso de voltaje y salidas de rel\u00e9 - Abaa tienda online<\/title>\n<meta name=\"robots\" content=\"index, follow, max-snippet:-1, max-image-preview:large, max-video-preview:-1\" \/>\n<link rel=\"canonical\" href=\"https:\/\/abaa.mx\/tienda\/dwyer-16b-23-1-16-din-controlador-de-temperatura-proceso-con-pulso-de-voltaje-y-salidas-de-rele\/\" \/>\n<meta property=\"og:locale\" content=\"es_MX\" \/>\n<meta property=\"og:type\" content=\"article\" \/>\n<meta property=\"og:title\" content=\"Dwyer 16b-23 1-16 din controlador de temperatura-proceso con pulso de voltaje y salidas de rel\u00e9 - Abaa tienda online\" \/>\n<meta property=\"og:description\" content=\"Punta de aguja hipod\u00e9rmica de calibre medio, utilizada para medir alimentos m\u00e1s blandos, cauchos y s\u00f3lidos. Ideal para su uso en entornos industriales, de laboratorio y qu\u00edmicos. Temperatura m\u00e1xima: 1472\u00b0F\/800\u00b0C.\" \/>\n<meta property=\"og:url\" content=\"https:\/\/abaa.mx\/tienda\/dwyer-16b-23-1-16-din-controlador-de-temperatura-proceso-con-pulso-de-voltaje-y-salidas-de-rele\/\" \/>\n<meta property=\"og:site_name\" content=\"Abaa tienda online\" \/>\n<meta property=\"article:modified_time\" content=\"2023-12-20T17:09:22+00:00\" \/>\n<meta property=\"og:image\" content=\"https:\/\/abaa.mx\/tienda\/wp-content\/uploads\/2023\/09\/16B-23.jpg\" \/>\n\t<meta property=\"og:image:width\" content=\"738\" \/>\n\t<meta property=\"og:image:height\" content=\"604\" \/>\n\t<meta property=\"og:image:type\" content=\"image\/jpeg\" \/>\n<meta name=\"twitter:card\" content=\"summary_large_image\" \/>\n<meta name=\"twitter:label1\" content=\"Tiempo de lectura\" \/>\n\t<meta name=\"twitter:data1\" content=\"1 minuto\" \/>\n<script type=\"application\/ld+json\" class=\"yoast-schema-graph\">{\"@context\":\"https:\/\/schema.org\",\"@graph\":[{\"@type\":\"WebPage\",\"@id\":\"https:\/\/abaa.mx\/tienda\/dwyer-16b-23-1-16-din-controlador-de-temperatura-proceso-con-pulso-de-voltaje-y-salidas-de-rele\/\",\"url\":\"https:\/\/abaa.mx\/tienda\/dwyer-16b-23-1-16-din-controlador-de-temperatura-proceso-con-pulso-de-voltaje-y-salidas-de-rele\/\",\"name\":\"Dwyer 16b-23 1-16 din controlador de temperatura-proceso con pulso de voltaje y salidas de rel\u00e9 - Abaa tienda online\",\"isPartOf\":{\"@id\":\"https:\/\/abaa.mx\/tienda\/#website\"},\"primaryImageOfPage\":{\"@id\":\"https:\/\/abaa.mx\/tienda\/dwyer-16b-23-1-16-din-controlador-de-temperatura-proceso-con-pulso-de-voltaje-y-salidas-de-rele\/#primaryimage\"},\"image\":{\"@id\":\"https:\/\/abaa.mx\/tienda\/dwyer-16b-23-1-16-din-controlador-de-temperatura-proceso-con-pulso-de-voltaje-y-salidas-de-rele\/#primaryimage\"},\"thumbnailUrl\":\"https:\/\/abaa.mx\/tienda\/wp-content\/uploads\/2023\/09\/16B-23.jpg\",\"datePublished\":\"2023-09-22T21:44:28+00:00\",\"dateModified\":\"2023-12-20T17:09:22+00:00\",\"breadcrumb\":{\"@id\":\"https:\/\/abaa.mx\/tienda\/dwyer-16b-23-1-16-din-controlador-de-temperatura-proceso-con-pulso-de-voltaje-y-salidas-de-rele\/#breadcrumb\"},\"inLanguage\":\"es\",\"potentialAction\":[{\"@type\":\"ReadAction\",\"target\":[\"https:\/\/abaa.mx\/tienda\/dwyer-16b-23-1-16-din-controlador-de-temperatura-proceso-con-pulso-de-voltaje-y-salidas-de-rele\/\"]}]},{\"@type\":\"ImageObject\",\"inLanguage\":\"es\",\"@id\":\"https:\/\/abaa.mx\/tienda\/dwyer-16b-23-1-16-din-controlador-de-temperatura-proceso-con-pulso-de-voltaje-y-salidas-de-rele\/#primaryimage\",\"url\":\"https:\/\/abaa.mx\/tienda\/wp-content\/uploads\/2023\/09\/16B-23.jpg\",\"contentUrl\":\"https:\/\/abaa.mx\/tienda\/wp-content\/uploads\/2023\/09\/16B-23.jpg\",\"width\":738,\"height\":604,\"caption\":\"dwyer-16b-23-1-16-din-controlador-de-temperatura-proceso-con-pulso-de-voltaje-y-salidas-de-rele\"},{\"@type\":\"BreadcrumbList\",\"@id\":\"https:\/\/abaa.mx\/tienda\/dwyer-16b-23-1-16-din-controlador-de-temperatura-proceso-con-pulso-de-voltaje-y-salidas-de-rele\/#breadcrumb\",\"itemListElement\":[{\"@type\":\"ListItem\",\"position\":1,\"name\":\"Inicio\",\"item\":\"https:\/\/abaa.mx\/tienda\/\"},{\"@type\":\"ListItem\",\"position\":2,\"name\":\"Tienda\",\"item\":\"https:\/\/abaa.mx\/tienda\/\"},{\"@type\":\"ListItem\",\"position\":3,\"name\":\"Dwyer 16b-23 1-16 din controlador de temperatura-proceso con pulso de voltaje y salidas de rel\u00e9\"}]},{\"@type\":\"WebSite\",\"@id\":\"https:\/\/abaa.mx\/tienda\/#website\",\"url\":\"https:\/\/abaa.mx\/tienda\/\",\"name\":\"Abaa tienda online\",\"description\":\"Instrumentos de medici\u00f3n\",\"publisher\":{\"@id\":\"https:\/\/abaa.mx\/tienda\/#organization\"},\"potentialAction\":[{\"@type\":\"SearchAction\",\"target\":{\"@type\":\"EntryPoint\",\"urlTemplate\":\"https:\/\/abaa.mx\/tienda\/?s={search_term_string}\"},\"query-input\":{\"@type\":\"PropertyValueSpecification\",\"valueRequired\":true,\"valueName\":\"search_term_string\"}}],\"inLanguage\":\"es\"},{\"@type\":\"Organization\",\"@id\":\"https:\/\/abaa.mx\/tienda\/#organization\",\"name\":\"Abaa tienda online\",\"url\":\"https:\/\/abaa.mx\/tienda\/\",\"logo\":{\"@type\":\"ImageObject\",\"inLanguage\":\"es\",\"@id\":\"https:\/\/abaa.mx\/tienda\/#\/schema\/logo\/image\/\",\"url\":\"https:\/\/abaa.mx\/tienda\/wp-content\/uploads\/2024\/01\/abaa-metrologia-tienda.png\",\"contentUrl\":\"https:\/\/abaa.mx\/tienda\/wp-content\/uploads\/2024\/01\/abaa-metrologia-tienda.png\",\"width\":300,\"height\":141,\"caption\":\"Abaa tienda online\"},\"image\":{\"@id\":\"https:\/\/abaa.mx\/tienda\/#\/schema\/logo\/image\/\"}}]}<\/script>\n<!-- \/ Yoast SEO plugin. -->","yoast_head_json":{"title":"Dwyer 16b-23 1-16 din controlador de temperatura-proceso con pulso de voltaje y salidas de rel\u00e9 - Abaa tienda online","robots":{"index":"index","follow":"follow","max-snippet":"max-snippet:-1","max-image-preview":"max-image-preview:large","max-video-preview":"max-video-preview:-1"},"canonical":"https:\/\/abaa.mx\/tienda\/dwyer-16b-23-1-16-din-controlador-de-temperatura-proceso-con-pulso-de-voltaje-y-salidas-de-rele\/","og_locale":"es_MX","og_type":"article","og_title":"Dwyer 16b-23 1-16 din controlador de temperatura-proceso con pulso de voltaje y salidas de rel\u00e9 - Abaa tienda online","og_description":"Punta de aguja hipod\u00e9rmica de calibre medio, utilizada para medir alimentos m\u00e1s blandos, cauchos y s\u00f3lidos. Ideal para su uso en entornos industriales, de laboratorio y qu\u00edmicos. Temperatura m\u00e1xima: 1472\u00b0F\/800\u00b0C.","og_url":"https:\/\/abaa.mx\/tienda\/dwyer-16b-23-1-16-din-controlador-de-temperatura-proceso-con-pulso-de-voltaje-y-salidas-de-rele\/","og_site_name":"Abaa tienda online","article_modified_time":"2023-12-20T17:09:22+00:00","og_image":[{"width":738,"height":604,"url":"https:\/\/abaa.mx\/tienda\/wp-content\/uploads\/2023\/09\/16B-23.jpg","type":"image\/jpeg"}],"twitter_card":"summary_large_image","twitter_misc":{"Tiempo de lectura":"1 minuto"},"schema":{"@context":"https:\/\/schema.org","@graph":[{"@type":"WebPage","@id":"https:\/\/abaa.mx\/tienda\/dwyer-16b-23-1-16-din-controlador-de-temperatura-proceso-con-pulso-de-voltaje-y-salidas-de-rele\/","url":"https:\/\/abaa.mx\/tienda\/dwyer-16b-23-1-16-din-controlador-de-temperatura-proceso-con-pulso-de-voltaje-y-salidas-de-rele\/","name":"Dwyer 16b-23 1-16 din controlador de temperatura-proceso con pulso de voltaje y salidas de rel\u00e9 - Abaa tienda online","isPartOf":{"@id":"https:\/\/abaa.mx\/tienda\/#website"},"primaryImageOfPage":{"@id":"https:\/\/abaa.mx\/tienda\/dwyer-16b-23-1-16-din-controlador-de-temperatura-proceso-con-pulso-de-voltaje-y-salidas-de-rele\/#primaryimage"},"image":{"@id":"https:\/\/abaa.mx\/tienda\/dwyer-16b-23-1-16-din-controlador-de-temperatura-proceso-con-pulso-de-voltaje-y-salidas-de-rele\/#primaryimage"},"thumbnailUrl":"https:\/\/abaa.mx\/tienda\/wp-content\/uploads\/2023\/09\/16B-23.jpg","datePublished":"2023-09-22T21:44:28+00:00","dateModified":"2023-12-20T17:09:22+00:00","breadcrumb":{"@id":"https:\/\/abaa.mx\/tienda\/dwyer-16b-23-1-16-din-controlador-de-temperatura-proceso-con-pulso-de-voltaje-y-salidas-de-rele\/#breadcrumb"},"inLanguage":"es","potentialAction":[{"@type":"ReadAction","target":["https:\/\/abaa.mx\/tienda\/dwyer-16b-23-1-16-din-controlador-de-temperatura-proceso-con-pulso-de-voltaje-y-salidas-de-rele\/"]}]},{"@type":"ImageObject","inLanguage":"es","@id":"https:\/\/abaa.mx\/tienda\/dwyer-16b-23-1-16-din-controlador-de-temperatura-proceso-con-pulso-de-voltaje-y-salidas-de-rele\/#primaryimage","url":"https:\/\/abaa.mx\/tienda\/wp-content\/uploads\/2023\/09\/16B-23.jpg","contentUrl":"https:\/\/abaa.mx\/tienda\/wp-content\/uploads\/2023\/09\/16B-23.jpg","width":738,"height":604,"caption":"dwyer-16b-23-1-16-din-controlador-de-temperatura-proceso-con-pulso-de-voltaje-y-salidas-de-rele"},{"@type":"BreadcrumbList","@id":"https:\/\/abaa.mx\/tienda\/dwyer-16b-23-1-16-din-controlador-de-temperatura-proceso-con-pulso-de-voltaje-y-salidas-de-rele\/#breadcrumb","itemListElement":[{"@type":"ListItem","position":1,"name":"Inicio","item":"https:\/\/abaa.mx\/tienda\/"},{"@type":"ListItem","position":2,"name":"Tienda","item":"https:\/\/abaa.mx\/tienda\/"},{"@type":"ListItem","position":3,"name":"Dwyer 16b-23 1-16 din controlador de temperatura-proceso con pulso de voltaje y salidas de rel\u00e9"}]},{"@type":"WebSite","@id":"https:\/\/abaa.mx\/tienda\/#website","url":"https:\/\/abaa.mx\/tienda\/","name":"Abaa tienda online","description":"Instrumentos de medici\u00f3n","publisher":{"@id":"https:\/\/abaa.mx\/tienda\/#organization"},"potentialAction":[{"@type":"SearchAction","target":{"@type":"EntryPoint","urlTemplate":"https:\/\/abaa.mx\/tienda\/?s={search_term_string}"},"query-input":{"@type":"PropertyValueSpecification","valueRequired":true,"valueName":"search_term_string"}}],"inLanguage":"es"},{"@type":"Organization","@id":"https:\/\/abaa.mx\/tienda\/#organization","name":"Abaa tienda online","url":"https:\/\/abaa.mx\/tienda\/","logo":{"@type":"ImageObject","inLanguage":"es","@id":"https:\/\/abaa.mx\/tienda\/#\/schema\/logo\/image\/","url":"https:\/\/abaa.mx\/tienda\/wp-content\/uploads\/2024\/01\/abaa-metrologia-tienda.png","contentUrl":"https:\/\/abaa.mx\/tienda\/wp-content\/uploads\/2024\/01\/abaa-metrologia-tienda.png","width":300,"height":141,"caption":"Abaa tienda online"},"image":{"@id":"https:\/\/abaa.mx\/tienda\/#\/schema\/logo\/image\/"}}]}},"_links":{"self":[{"href":"https:\/\/abaa.mx\/tienda\/wp-json\/wp\/v2\/product\/2752","targetHints":{"allow":["GET"]}}],"collection":[{"href":"https:\/\/abaa.mx\/tienda\/wp-json\/wp\/v2\/product"}],"about":[{"href":"https:\/\/abaa.mx\/tienda\/wp-json\/wp\/v2\/types\/product"}],"replies":[{"embeddable":true,"href":"https:\/\/abaa.mx\/tienda\/wp-json\/wp\/v2\/comments?post=2752"}],"wp:featuredmedia":[{"embeddable":true,"href":"https:\/\/abaa.mx\/tienda\/wp-json\/wp\/v2\/media\/2762"}],"wp:attachment":[{"href":"https:\/\/abaa.mx\/tienda\/wp-json\/wp\/v2\/media?parent=2752"}],"wp:term":[{"taxonomy":"product_brand","embeddable":true,"href":"https:\/\/abaa.mx\/tienda\/wp-json\/wp\/v2\/product_brand?post=2752"},{"taxonomy":"product_cat","embeddable":true,"href":"https:\/\/abaa.mx\/tienda\/wp-json\/wp\/v2\/product_cat?post=2752"},{"taxonomy":"product_tag","embeddable":true,"href":"https:\/\/abaa.mx\/tienda\/wp-json\/wp\/v2\/product_tag?post=2752"}],"curies":[{"name":"wp","href":"https:\/\/api.w.org\/{rel}","templated":true}]}}