{"id":2751,"date":"2023-09-22T21:44:30","date_gmt":"2023-09-22T21:44:30","guid":{"rendered":"https:\/\/abaa.mx\/tienda\/?post_type=product&#038;p=2751"},"modified":"2023-12-20T17:08:50","modified_gmt":"2023-12-20T17:08:50","slug":"controladores-de-temperatura-proceso-de-la-serie-dwyer-16a","status":"publish","type":"product","link":"https:\/\/abaa.mx\/tienda\/controladores-de-temperatura-proceso-de-la-serie-dwyer-16a\/","title":{"rendered":"Controladores de temperatura-proceso de la serie dwyer 16a"},"content":{"rendered":"<h4>\u00a0Dwyer 16A<\/h4>\n<p>&nbsp;<\/p>\n<h5><strong>Funciones<\/strong><\/h5>\n<ul>\n<li>Las salidas disponibles son rel\u00e9 de estado s\u00f3lido, rel\u00e9, voltaje pulsado o corriente proporcional La alarma programable (opcional) se puede restablecer autom\u00e1tica o manualmente<\/li>\n<li>El panel frontal es resistente al agua y a la corrosi\u00f3n (UL tipo 4X), lo que lo hace ideal para aplicaciones sanitarias<\/li>\n<li>Reemplace la electr\u00f3nica sin cambios de cableado (a trav\u00e9s del panel frontal extra\u00edble)<\/li>\n<li>El autodiagn\u00f3stico, la memoria no vol\u00e1til y los modos de control seleccionables est\u00e1n dise\u00f1ados para una mayor productividad<\/li>\n<li>Cuatro niveles de seguridad est\u00e1n protegidos por contrase\u00f1a. Se pueden seleccionar las funciones de control de ajuste manual de encendido y apagado, P, PI o PID, o el controlador se ajustar\u00e1 autom\u00e1ticamente para un mejor control PID.<\/li>\n<li>Ofrece indicaci\u00f3n de pico\/valle, indicaci\u00f3n de porcentaje de salida, filtro de entrada digital y muchos otros<\/li>\n<\/ul>\n<h5><strong>Especificaciones funcionales<\/strong><\/h5>\n<ul>\n<li>Entradas seleccionables: termopar, RTD, voltaje de CC o corriente continua (consulte Rangos de entrada)<\/li>\n<li>Pantalla: Dos pantallas LED de cuatro d\u00edgitos, 0,3 pulgadas (7,62 mm) de alto<\/li>\n<li>Resoluci\u00f3n de pantalla: 1 grado o 0.1 grado (depende del sensor), o 1 conteo<\/li>\n<li>Precisi\u00f3n: \u00b10.25% del span \u00b11 d\u00edgito menos significativo<\/li>\n<li>Tensi\u00f3n de alimentaci\u00f3n: 100 a 240 VCA nominal, +10% -15%, 50 a 400 Hz monof\u00e1sica; 132 a 240 VCC +10% -20%<\/li>\n<li>Temperatura de funcionamiento: 14 a 131 \u00b0F (-10 a 55 \u00b0C)<\/li>\n<li>Clasificaciones de salida de control: SSR: 2.0 A a 240 VCA resistivo a 77 \u00b0 F (25 \u00b0 C). Reduce a 1.0 A a 130 \u00b0 F (55 \u00b0 C). Carga m\u00ednima de 100 mA<\/li>\n<li>DC SSR: 1,75 A a 32 VCC m\u00e1ximo<\/li>\n<li>Rel\u00e9: SPST, 3A a 240 VCA resistivo, 1.5 A @ 240 VCA inductivo<\/li>\n<li>Clasificaci\u00f3n de servicio del piloto: 250 VA, 2 A @ 120 VCA, 1 A @ 240 VCA<\/li>\n<li>Rel\u00e9 de alarma: SPST, 3 A @ 240 VAC resistivo; 1.5 A @ 240 VCA inductivo. Clasificaci\u00f3n de servicio del piloto: 240 VA, 2 A @ 120 VCA o 1 A @ 240 VCA<\/li>\n<li>Voltaje conmutado: 15 VCC a 20 mA<\/li>\n<li>Corriente proporcional: 0 a 20 mADC, escalable, en 600 ohmios m\u00e1ximo<\/li>\n<\/ul>\n<h6><strong>Especificaciones generales<\/strong><\/h6>\n<ul>\n<li>Peso: 8 oz (227g)<\/li>\n<li>Consumo de energ\u00eda: 5 VA m\u00e1ximo<\/li>\n<\/ul>\n<p>&nbsp;<\/p>\n","protected":false},"excerpt":{"rendered":"<p class=\"short-description mhide ipad-view-setting\">Cuenta con entrada universal, PID autoajustable, l\u00f3gica difusa y pantallas LED duales de cuatro d\u00edgitos para el proceso y el valor del punto de ajuste. Las entradas pueden ser termopar, RTD, corriente o voltaje. Las salidas disponibles son rel\u00e9 de estado s\u00f3lido, rel\u00e9, voltaje pulsado o alarma programable de corriente proporcional (opcional). El panel frontal es impermeable y resistente a la corrosi\u00f3n.<\/p>\n<div class=\"row-fluid\">\n<div class=\"span12 mobile-pricing-box-padding\">\n<div class=\"row-fluid mhide ipad-view-setting\">\n<div class=\"span12\">\n<div class=\"tab-content tab-content-overflow\">\n<div id=\"related33321a\" class=\"tab-pane active\"><\/div>\n<\/div>\n<\/div>\n<\/div>\n<\/div>\n<\/div>\n","protected":false},"featured_media":2763,"comment_status":"open","ping_status":"closed","template":"","meta":{"_joinchat":[]},"product_brand":[],"product_cat":[15],"product_tag":[],"class_list":{"0":"post-2751","1":"product","2":"type-product","3":"status-publish","4":"has-post-thumbnail","6":"product_cat-sin-categorizar","8":"first","9":"instock","10":"shipping-taxable","11":"product-type-simple"},"yoast_head":"<!-- This site is optimized with the Yoast SEO plugin v26.4 - https:\/\/yoast.com\/wordpress\/plugins\/seo\/ -->\n<title>Controladores de temperatura-proceso de la serie dwyer 16a - Abaa tienda online<\/title>\n<meta name=\"robots\" content=\"index, follow, max-snippet:-1, max-image-preview:large, max-video-preview:-1\" \/>\n<link rel=\"canonical\" href=\"https:\/\/abaa.mx\/tienda\/controladores-de-temperatura-proceso-de-la-serie-dwyer-16a\/\" \/>\n<meta property=\"og:locale\" content=\"es_MX\" \/>\n<meta property=\"og:type\" content=\"article\" \/>\n<meta property=\"og:title\" content=\"Controladores de temperatura-proceso de la serie dwyer 16a - Abaa tienda online\" \/>\n<meta property=\"og:description\" content=\"Cuenta con entrada universal, PID autoajustable, l\u00f3gica difusa y pantallas LED duales de cuatro d\u00edgitos para el proceso y el valor del punto de ajuste. Las entradas pueden ser termopar, RTD, corriente o voltaje. Las salidas disponibles son rel\u00e9 de estado s\u00f3lido, rel\u00e9, voltaje pulsado o alarma programable de corriente proporcional (opcional). El panel frontal es impermeable y resistente a la corrosi\u00f3n.\" \/>\n<meta property=\"og:url\" content=\"https:\/\/abaa.mx\/tienda\/controladores-de-temperatura-proceso-de-la-serie-dwyer-16a\/\" \/>\n<meta property=\"og:site_name\" content=\"Abaa tienda online\" \/>\n<meta property=\"article:modified_time\" content=\"2023-12-20T17:08:50+00:00\" \/>\n<meta property=\"og:image\" content=\"https:\/\/abaa.mx\/tienda\/wp-content\/uploads\/2023\/09\/Dwyer-16A.jpg\" \/>\n\t<meta property=\"og:image:width\" content=\"600\" \/>\n\t<meta property=\"og:image:height\" content=\"600\" \/>\n\t<meta property=\"og:image:type\" content=\"image\/jpeg\" \/>\n<meta name=\"twitter:card\" content=\"summary_large_image\" \/>\n<meta name=\"twitter:label1\" content=\"Tiempo de lectura\" \/>\n\t<meta name=\"twitter:data1\" content=\"2 minutos\" \/>\n<script type=\"application\/ld+json\" class=\"yoast-schema-graph\">{\"@context\":\"https:\/\/schema.org\",\"@graph\":[{\"@type\":\"WebPage\",\"@id\":\"https:\/\/abaa.mx\/tienda\/controladores-de-temperatura-proceso-de-la-serie-dwyer-16a\/\",\"url\":\"https:\/\/abaa.mx\/tienda\/controladores-de-temperatura-proceso-de-la-serie-dwyer-16a\/\",\"name\":\"Controladores de temperatura-proceso de la serie dwyer 16a - Abaa tienda online\",\"isPartOf\":{\"@id\":\"https:\/\/abaa.mx\/tienda\/#website\"},\"primaryImageOfPage\":{\"@id\":\"https:\/\/abaa.mx\/tienda\/controladores-de-temperatura-proceso-de-la-serie-dwyer-16a\/#primaryimage\"},\"image\":{\"@id\":\"https:\/\/abaa.mx\/tienda\/controladores-de-temperatura-proceso-de-la-serie-dwyer-16a\/#primaryimage\"},\"thumbnailUrl\":\"https:\/\/abaa.mx\/tienda\/wp-content\/uploads\/2023\/09\/Dwyer-16A.jpg\",\"datePublished\":\"2023-09-22T21:44:30+00:00\",\"dateModified\":\"2023-12-20T17:08:50+00:00\",\"breadcrumb\":{\"@id\":\"https:\/\/abaa.mx\/tienda\/controladores-de-temperatura-proceso-de-la-serie-dwyer-16a\/#breadcrumb\"},\"inLanguage\":\"es\",\"potentialAction\":[{\"@type\":\"ReadAction\",\"target\":[\"https:\/\/abaa.mx\/tienda\/controladores-de-temperatura-proceso-de-la-serie-dwyer-16a\/\"]}]},{\"@type\":\"ImageObject\",\"inLanguage\":\"es\",\"@id\":\"https:\/\/abaa.mx\/tienda\/controladores-de-temperatura-proceso-de-la-serie-dwyer-16a\/#primaryimage\",\"url\":\"https:\/\/abaa.mx\/tienda\/wp-content\/uploads\/2023\/09\/Dwyer-16A.jpg\",\"contentUrl\":\"https:\/\/abaa.mx\/tienda\/wp-content\/uploads\/2023\/09\/Dwyer-16A.jpg\",\"width\":600,\"height\":600,\"caption\":\"controladores-de-temperatura-proceso-de-la-serie-dwyer-16a\"},{\"@type\":\"BreadcrumbList\",\"@id\":\"https:\/\/abaa.mx\/tienda\/controladores-de-temperatura-proceso-de-la-serie-dwyer-16a\/#breadcrumb\",\"itemListElement\":[{\"@type\":\"ListItem\",\"position\":1,\"name\":\"Inicio\",\"item\":\"https:\/\/abaa.mx\/tienda\/\"},{\"@type\":\"ListItem\",\"position\":2,\"name\":\"Tienda\",\"item\":\"https:\/\/abaa.mx\/tienda\/\"},{\"@type\":\"ListItem\",\"position\":3,\"name\":\"Controladores de temperatura-proceso de la serie dwyer 16a\"}]},{\"@type\":\"WebSite\",\"@id\":\"https:\/\/abaa.mx\/tienda\/#website\",\"url\":\"https:\/\/abaa.mx\/tienda\/\",\"name\":\"Abaa tienda online\",\"description\":\"Instrumentos de medici\u00f3n\",\"publisher\":{\"@id\":\"https:\/\/abaa.mx\/tienda\/#organization\"},\"potentialAction\":[{\"@type\":\"SearchAction\",\"target\":{\"@type\":\"EntryPoint\",\"urlTemplate\":\"https:\/\/abaa.mx\/tienda\/?s={search_term_string}\"},\"query-input\":{\"@type\":\"PropertyValueSpecification\",\"valueRequired\":true,\"valueName\":\"search_term_string\"}}],\"inLanguage\":\"es\"},{\"@type\":\"Organization\",\"@id\":\"https:\/\/abaa.mx\/tienda\/#organization\",\"name\":\"Abaa tienda online\",\"url\":\"https:\/\/abaa.mx\/tienda\/\",\"logo\":{\"@type\":\"ImageObject\",\"inLanguage\":\"es\",\"@id\":\"https:\/\/abaa.mx\/tienda\/#\/schema\/logo\/image\/\",\"url\":\"https:\/\/abaa.mx\/tienda\/wp-content\/uploads\/2024\/01\/abaa-metrologia-tienda.png\",\"contentUrl\":\"https:\/\/abaa.mx\/tienda\/wp-content\/uploads\/2024\/01\/abaa-metrologia-tienda.png\",\"width\":300,\"height\":141,\"caption\":\"Abaa tienda online\"},\"image\":{\"@id\":\"https:\/\/abaa.mx\/tienda\/#\/schema\/logo\/image\/\"}}]}<\/script>\n<!-- \/ Yoast SEO plugin. -->","yoast_head_json":{"title":"Controladores de temperatura-proceso de la serie dwyer 16a - Abaa tienda online","robots":{"index":"index","follow":"follow","max-snippet":"max-snippet:-1","max-image-preview":"max-image-preview:large","max-video-preview":"max-video-preview:-1"},"canonical":"https:\/\/abaa.mx\/tienda\/controladores-de-temperatura-proceso-de-la-serie-dwyer-16a\/","og_locale":"es_MX","og_type":"article","og_title":"Controladores de temperatura-proceso de la serie dwyer 16a - Abaa tienda online","og_description":"Cuenta con entrada universal, PID autoajustable, l\u00f3gica difusa y pantallas LED duales de cuatro d\u00edgitos para el proceso y el valor del punto de ajuste. Las entradas pueden ser termopar, RTD, corriente o voltaje. Las salidas disponibles son rel\u00e9 de estado s\u00f3lido, rel\u00e9, voltaje pulsado o alarma programable de corriente proporcional (opcional). El panel frontal es impermeable y resistente a la corrosi\u00f3n.","og_url":"https:\/\/abaa.mx\/tienda\/controladores-de-temperatura-proceso-de-la-serie-dwyer-16a\/","og_site_name":"Abaa tienda online","article_modified_time":"2023-12-20T17:08:50+00:00","og_image":[{"width":600,"height":600,"url":"https:\/\/abaa.mx\/tienda\/wp-content\/uploads\/2023\/09\/Dwyer-16A.jpg","type":"image\/jpeg"}],"twitter_card":"summary_large_image","twitter_misc":{"Tiempo de lectura":"2 minutos"},"schema":{"@context":"https:\/\/schema.org","@graph":[{"@type":"WebPage","@id":"https:\/\/abaa.mx\/tienda\/controladores-de-temperatura-proceso-de-la-serie-dwyer-16a\/","url":"https:\/\/abaa.mx\/tienda\/controladores-de-temperatura-proceso-de-la-serie-dwyer-16a\/","name":"Controladores de temperatura-proceso de la serie dwyer 16a - Abaa tienda online","isPartOf":{"@id":"https:\/\/abaa.mx\/tienda\/#website"},"primaryImageOfPage":{"@id":"https:\/\/abaa.mx\/tienda\/controladores-de-temperatura-proceso-de-la-serie-dwyer-16a\/#primaryimage"},"image":{"@id":"https:\/\/abaa.mx\/tienda\/controladores-de-temperatura-proceso-de-la-serie-dwyer-16a\/#primaryimage"},"thumbnailUrl":"https:\/\/abaa.mx\/tienda\/wp-content\/uploads\/2023\/09\/Dwyer-16A.jpg","datePublished":"2023-09-22T21:44:30+00:00","dateModified":"2023-12-20T17:08:50+00:00","breadcrumb":{"@id":"https:\/\/abaa.mx\/tienda\/controladores-de-temperatura-proceso-de-la-serie-dwyer-16a\/#breadcrumb"},"inLanguage":"es","potentialAction":[{"@type":"ReadAction","target":["https:\/\/abaa.mx\/tienda\/controladores-de-temperatura-proceso-de-la-serie-dwyer-16a\/"]}]},{"@type":"ImageObject","inLanguage":"es","@id":"https:\/\/abaa.mx\/tienda\/controladores-de-temperatura-proceso-de-la-serie-dwyer-16a\/#primaryimage","url":"https:\/\/abaa.mx\/tienda\/wp-content\/uploads\/2023\/09\/Dwyer-16A.jpg","contentUrl":"https:\/\/abaa.mx\/tienda\/wp-content\/uploads\/2023\/09\/Dwyer-16A.jpg","width":600,"height":600,"caption":"controladores-de-temperatura-proceso-de-la-serie-dwyer-16a"},{"@type":"BreadcrumbList","@id":"https:\/\/abaa.mx\/tienda\/controladores-de-temperatura-proceso-de-la-serie-dwyer-16a\/#breadcrumb","itemListElement":[{"@type":"ListItem","position":1,"name":"Inicio","item":"https:\/\/abaa.mx\/tienda\/"},{"@type":"ListItem","position":2,"name":"Tienda","item":"https:\/\/abaa.mx\/tienda\/"},{"@type":"ListItem","position":3,"name":"Controladores de temperatura-proceso de la serie dwyer 16a"}]},{"@type":"WebSite","@id":"https:\/\/abaa.mx\/tienda\/#website","url":"https:\/\/abaa.mx\/tienda\/","name":"Abaa tienda online","description":"Instrumentos de medici\u00f3n","publisher":{"@id":"https:\/\/abaa.mx\/tienda\/#organization"},"potentialAction":[{"@type":"SearchAction","target":{"@type":"EntryPoint","urlTemplate":"https:\/\/abaa.mx\/tienda\/?s={search_term_string}"},"query-input":{"@type":"PropertyValueSpecification","valueRequired":true,"valueName":"search_term_string"}}],"inLanguage":"es"},{"@type":"Organization","@id":"https:\/\/abaa.mx\/tienda\/#organization","name":"Abaa tienda online","url":"https:\/\/abaa.mx\/tienda\/","logo":{"@type":"ImageObject","inLanguage":"es","@id":"https:\/\/abaa.mx\/tienda\/#\/schema\/logo\/image\/","url":"https:\/\/abaa.mx\/tienda\/wp-content\/uploads\/2024\/01\/abaa-metrologia-tienda.png","contentUrl":"https:\/\/abaa.mx\/tienda\/wp-content\/uploads\/2024\/01\/abaa-metrologia-tienda.png","width":300,"height":141,"caption":"Abaa tienda online"},"image":{"@id":"https:\/\/abaa.mx\/tienda\/#\/schema\/logo\/image\/"}}]}},"_links":{"self":[{"href":"https:\/\/abaa.mx\/tienda\/wp-json\/wp\/v2\/product\/2751","targetHints":{"allow":["GET"]}}],"collection":[{"href":"https:\/\/abaa.mx\/tienda\/wp-json\/wp\/v2\/product"}],"about":[{"href":"https:\/\/abaa.mx\/tienda\/wp-json\/wp\/v2\/types\/product"}],"replies":[{"embeddable":true,"href":"https:\/\/abaa.mx\/tienda\/wp-json\/wp\/v2\/comments?post=2751"}],"wp:featuredmedia":[{"embeddable":true,"href":"https:\/\/abaa.mx\/tienda\/wp-json\/wp\/v2\/media\/2763"}],"wp:attachment":[{"href":"https:\/\/abaa.mx\/tienda\/wp-json\/wp\/v2\/media?parent=2751"}],"wp:term":[{"taxonomy":"product_brand","embeddable":true,"href":"https:\/\/abaa.mx\/tienda\/wp-json\/wp\/v2\/product_brand?post=2751"},{"taxonomy":"product_cat","embeddable":true,"href":"https:\/\/abaa.mx\/tienda\/wp-json\/wp\/v2\/product_cat?post=2751"},{"taxonomy":"product_tag","embeddable":true,"href":"https:\/\/abaa.mx\/tienda\/wp-json\/wp\/v2\/product_tag?post=2751"}],"curies":[{"name":"wp","href":"https:\/\/api.w.org\/{rel}","templated":true}]}}