{"id":2750,"date":"2023-09-22T21:44:32","date_gmt":"2023-09-22T21:44:32","guid":{"rendered":"https:\/\/abaa.mx\/tienda\/?post_type=product&#038;p=2750"},"modified":"2023-12-20T17:08:13","modified_gmt":"2023-12-20T17:08:13","slug":"dwyer-16c-3-1%e2%81%8416-controlador-de-temperatura-din-salida-de-rele-pantalla-dual","status":"publish","type":"product","link":"https:\/\/abaa.mx\/tienda\/dwyer-16c-3-1%e2%81%8416-controlador-de-temperatura-din-salida-de-rele-pantalla-dual\/","title":{"rendered":"Dwyer 16c-3 1-16 controlador de temperatura din, salida de rel\u00e9, pantalla dual"},"content":{"rendered":"<h4>Dwyer 16C-3 Ofertas<\/h4>\n<p>Ofrece funciones de control avanzadas para satisfacer las exigentes aplicaciones de medici\u00f3n de temperatura, el controlador de la serie 16C cuenta con un\u00a0<sup>1<\/sup>\u2044<sub>16<\/sub>\u00a0Carcasa DIN con doble LED de 4 d\u00edgitos. Dise\u00f1ado para el control de acci\u00f3n directa o inversa (refrigeraci\u00f3n o calefacci\u00f3n), se puede configurar en encendido \/ apagado o PID, ajuste manual o autom\u00e1tico.<\/p>\n<h5><strong>Funciones<\/strong><\/h5>\n<ul>\n<li>La entrada universal acepta sensores RTD o termopar<\/li>\n<li>Control de encendido\/apagado, PID o de salida manual<\/li>\n<li>RS-485 est\u00e1ndar en todos los modelos<\/li>\n<\/ul>\n<h5><strong>Aplicaciones<\/strong><\/h5>\n<ul>\n<li>Control de horno, caldera o enfriador<\/li>\n<li>Placas calientes\/crisoles<\/li>\n<li>Equipo de servicio de alimentos<\/li>\n<li>C\u00e1maras Ambientales<\/li>\n<li>Equipos de embalaje<\/li>\n<\/ul>\n<h4>Dwyer 16C-3 Especificaciones<\/h4>\n<table class=\"table table-striped\">\n<tbody>\n<tr>\n<td>Entradas<\/td>\n<td>Termopar y RTD<\/td>\n<\/tr>\n<tr>\n<td>Monitor<\/td>\n<td>Dos LED de 4 d\u00edgitos y 7 segmentos .25&#8243; H (6.35 mm). PV: rojo; SV: verde<\/td>\n<\/tr>\n<tr>\n<td>Exactitud<\/td>\n<td>\u00b10.25% span, \u00b11 d\u00edgito menos significativo<\/td>\n<\/tr>\n<tr>\n<td>Tensi\u00f3n de alimentaci\u00f3n<\/td>\n<td>100 a 240 VCA, 50\/60 Hz<\/td>\n<\/tr>\n<tr>\n<td>Consumo de energ\u00eda<\/td>\n<td>5 VA m\u00e1x.<\/td>\n<\/tr>\n<tr>\n<td>Temperatura de funcionamiento<\/td>\n<td>De 32 a 122 \u00b0C (de 0 a 50 \u00b0F)<\/td>\n<\/tr>\n<tr>\n<td>Copia de seguridad de memoria<\/td>\n<td>Memoria no vol\u00e1til<\/td>\n<\/tr>\n<tr>\n<td>Clasificaciones de salida de control<\/td>\n<td>Rel\u00e9: SPST, 5 A @ 250 VAC resistivo; Pulso de voltaje: 14 V, 10% a -20% (m\u00e1x. 40 mA); Corriente: 4 a 20 mA<\/td>\n<\/tr>\n<tr>\n<td>Comunicaci\u00f3n<\/td>\n<td>Protocolo de comunicaci\u00f3n RS-485 Modbus ASCII<\/td>\n<\/tr>\n<tr>\n<td>Aprobaciones de agencias<\/td>\n<td>CE, RoHS, cUL, UL<\/td>\n<\/tr>\n<\/tbody>\n<\/table>\n","protected":false},"excerpt":{"rendered":"<p class=\"short-description mhide ipad-view-setting\">Controla y mide con precisi\u00f3n la temperatura programable a ON\/OFF o funciones de control PID m\u00e1s complejas. Cuenta con una salida de rel\u00e9 y entradas universales para sensores de termopar y RTD. Muestra simult\u00e1neamente los valores de proceso y de consigna en el LED dual grande.<\/p>\n<div class=\"row-fluid\">\n<div class=\"span12 mobile-pricing-box-padding\">\n<form id=\"180419\" accept-charset=\"utf-8\" action=\"https:\/\/www.globaltestsupply.com\/shop\/add\" method=\"post\" name=\"addTocartFunction\">\n<div><\/div>\n<\/form>\n<\/div>\n<\/div>\n<div class=\"row-fluid\">\n<div class=\"span12 mobile-pricing-box-padding\">\n<form id=\"180419\" accept-charset=\"utf-8\" action=\"https:\/\/www.globaltestsupply.com\/shop\/add\" method=\"post\" name=\"addTocartFunction\">\n<div><\/div>\n<\/form>\n<\/div>\n<\/div>\n","protected":false},"featured_media":2764,"comment_status":"open","ping_status":"closed","template":"","meta":{"_joinchat":[]},"product_brand":[],"product_cat":[15],"product_tag":[],"class_list":{"0":"post-2750","1":"product","2":"type-product","3":"status-publish","4":"has-post-thumbnail","6":"product_cat-sin-categorizar","8":"first","9":"instock","10":"shipping-taxable","11":"product-type-simple"},"yoast_head":"<!-- This site is optimized with the Yoast SEO plugin v26.4 - https:\/\/yoast.com\/wordpress\/plugins\/seo\/ -->\n<title>Dwyer 16c-3 1-16 controlador de temperatura din, salida de rel\u00e9, pantalla dual - Abaa tienda online<\/title>\n<meta name=\"robots\" content=\"index, follow, max-snippet:-1, max-image-preview:large, max-video-preview:-1\" \/>\n<link rel=\"canonical\" href=\"https:\/\/abaa.mx\/tienda\/dwyer-16c-3-1\u204416-controlador-de-temperatura-din-salida-de-rele-pantalla-dual\/\" \/>\n<meta property=\"og:locale\" content=\"es_MX\" \/>\n<meta property=\"og:type\" content=\"article\" \/>\n<meta property=\"og:title\" content=\"Dwyer 16c-3 1-16 controlador de temperatura din, salida de rel\u00e9, pantalla dual - Abaa tienda online\" \/>\n<meta property=\"og:description\" content=\"Controla y mide con precisi\u00f3n la temperatura programable a ON\/OFF o funciones de control PID m\u00e1s complejas. Cuenta con una salida de rel\u00e9 y entradas universales para sensores de termopar y RTD. Muestra simult\u00e1neamente los valores de proceso y de consigna en el LED dual grande.\" \/>\n<meta property=\"og:url\" content=\"https:\/\/abaa.mx\/tienda\/dwyer-16c-3-1\u204416-controlador-de-temperatura-din-salida-de-rele-pantalla-dual\/\" \/>\n<meta property=\"og:site_name\" content=\"Abaa tienda online\" \/>\n<meta property=\"article:modified_time\" content=\"2023-12-20T17:08:13+00:00\" \/>\n<meta property=\"og:image\" content=\"https:\/\/abaa.mx\/tienda\/wp-content\/uploads\/2023\/09\/16C-3.jpg\" \/>\n\t<meta property=\"og:image:width\" content=\"738\" \/>\n\t<meta property=\"og:image:height\" content=\"604\" \/>\n\t<meta property=\"og:image:type\" content=\"image\/jpeg\" \/>\n<meta name=\"twitter:card\" content=\"summary_large_image\" \/>\n<meta name=\"twitter:label1\" content=\"Tiempo de lectura\" \/>\n\t<meta name=\"twitter:data1\" content=\"1 minuto\" \/>\n<script type=\"application\/ld+json\" class=\"yoast-schema-graph\">{\"@context\":\"https:\/\/schema.org\",\"@graph\":[{\"@type\":\"WebPage\",\"@id\":\"https:\/\/abaa.mx\/tienda\/dwyer-16c-3-1%e2%81%8416-controlador-de-temperatura-din-salida-de-rele-pantalla-dual\/\",\"url\":\"https:\/\/abaa.mx\/tienda\/dwyer-16c-3-1%e2%81%8416-controlador-de-temperatura-din-salida-de-rele-pantalla-dual\/\",\"name\":\"Dwyer 16c-3 1-16 controlador de temperatura din, salida de rel\u00e9, pantalla dual - Abaa tienda online\",\"isPartOf\":{\"@id\":\"https:\/\/abaa.mx\/tienda\/#website\"},\"primaryImageOfPage\":{\"@id\":\"https:\/\/abaa.mx\/tienda\/dwyer-16c-3-1%e2%81%8416-controlador-de-temperatura-din-salida-de-rele-pantalla-dual\/#primaryimage\"},\"image\":{\"@id\":\"https:\/\/abaa.mx\/tienda\/dwyer-16c-3-1%e2%81%8416-controlador-de-temperatura-din-salida-de-rele-pantalla-dual\/#primaryimage\"},\"thumbnailUrl\":\"https:\/\/abaa.mx\/tienda\/wp-content\/uploads\/2023\/09\/16C-3.jpg\",\"datePublished\":\"2023-09-22T21:44:32+00:00\",\"dateModified\":\"2023-12-20T17:08:13+00:00\",\"breadcrumb\":{\"@id\":\"https:\/\/abaa.mx\/tienda\/dwyer-16c-3-1%e2%81%8416-controlador-de-temperatura-din-salida-de-rele-pantalla-dual\/#breadcrumb\"},\"inLanguage\":\"es\",\"potentialAction\":[{\"@type\":\"ReadAction\",\"target\":[\"https:\/\/abaa.mx\/tienda\/dwyer-16c-3-1%e2%81%8416-controlador-de-temperatura-din-salida-de-rele-pantalla-dual\/\"]}]},{\"@type\":\"ImageObject\",\"inLanguage\":\"es\",\"@id\":\"https:\/\/abaa.mx\/tienda\/dwyer-16c-3-1%e2%81%8416-controlador-de-temperatura-din-salida-de-rele-pantalla-dual\/#primaryimage\",\"url\":\"https:\/\/abaa.mx\/tienda\/wp-content\/uploads\/2023\/09\/16C-3.jpg\",\"contentUrl\":\"https:\/\/abaa.mx\/tienda\/wp-content\/uploads\/2023\/09\/16C-3.jpg\",\"width\":738,\"height\":604,\"caption\":\"dwyer-16c-3-1\u204416-controlador-de-temperatura-din-salida-de-rele-pantalla-dual\"},{\"@type\":\"BreadcrumbList\",\"@id\":\"https:\/\/abaa.mx\/tienda\/dwyer-16c-3-1%e2%81%8416-controlador-de-temperatura-din-salida-de-rele-pantalla-dual\/#breadcrumb\",\"itemListElement\":[{\"@type\":\"ListItem\",\"position\":1,\"name\":\"Inicio\",\"item\":\"https:\/\/abaa.mx\/tienda\/\"},{\"@type\":\"ListItem\",\"position\":2,\"name\":\"Tienda\",\"item\":\"https:\/\/abaa.mx\/tienda\/\"},{\"@type\":\"ListItem\",\"position\":3,\"name\":\"Dwyer 16c-3 1-16 controlador de temperatura din, salida de rel\u00e9, pantalla dual\"}]},{\"@type\":\"WebSite\",\"@id\":\"https:\/\/abaa.mx\/tienda\/#website\",\"url\":\"https:\/\/abaa.mx\/tienda\/\",\"name\":\"Abaa tienda online\",\"description\":\"Instrumentos de medici\u00f3n\",\"publisher\":{\"@id\":\"https:\/\/abaa.mx\/tienda\/#organization\"},\"potentialAction\":[{\"@type\":\"SearchAction\",\"target\":{\"@type\":\"EntryPoint\",\"urlTemplate\":\"https:\/\/abaa.mx\/tienda\/?s={search_term_string}\"},\"query-input\":{\"@type\":\"PropertyValueSpecification\",\"valueRequired\":true,\"valueName\":\"search_term_string\"}}],\"inLanguage\":\"es\"},{\"@type\":\"Organization\",\"@id\":\"https:\/\/abaa.mx\/tienda\/#organization\",\"name\":\"Abaa tienda online\",\"url\":\"https:\/\/abaa.mx\/tienda\/\",\"logo\":{\"@type\":\"ImageObject\",\"inLanguage\":\"es\",\"@id\":\"https:\/\/abaa.mx\/tienda\/#\/schema\/logo\/image\/\",\"url\":\"https:\/\/abaa.mx\/tienda\/wp-content\/uploads\/2024\/01\/abaa-metrologia-tienda.png\",\"contentUrl\":\"https:\/\/abaa.mx\/tienda\/wp-content\/uploads\/2024\/01\/abaa-metrologia-tienda.png\",\"width\":300,\"height\":141,\"caption\":\"Abaa tienda online\"},\"image\":{\"@id\":\"https:\/\/abaa.mx\/tienda\/#\/schema\/logo\/image\/\"}}]}<\/script>\n<!-- \/ Yoast SEO plugin. -->","yoast_head_json":{"title":"Dwyer 16c-3 1-16 controlador de temperatura din, salida de rel\u00e9, pantalla dual - Abaa tienda online","robots":{"index":"index","follow":"follow","max-snippet":"max-snippet:-1","max-image-preview":"max-image-preview:large","max-video-preview":"max-video-preview:-1"},"canonical":"https:\/\/abaa.mx\/tienda\/dwyer-16c-3-1\u204416-controlador-de-temperatura-din-salida-de-rele-pantalla-dual\/","og_locale":"es_MX","og_type":"article","og_title":"Dwyer 16c-3 1-16 controlador de temperatura din, salida de rel\u00e9, pantalla dual - Abaa tienda online","og_description":"Controla y mide con precisi\u00f3n la temperatura programable a ON\/OFF o funciones de control PID m\u00e1s complejas. Cuenta con una salida de rel\u00e9 y entradas universales para sensores de termopar y RTD. Muestra simult\u00e1neamente los valores de proceso y de consigna en el LED dual grande.","og_url":"https:\/\/abaa.mx\/tienda\/dwyer-16c-3-1\u204416-controlador-de-temperatura-din-salida-de-rele-pantalla-dual\/","og_site_name":"Abaa tienda online","article_modified_time":"2023-12-20T17:08:13+00:00","og_image":[{"width":738,"height":604,"url":"https:\/\/abaa.mx\/tienda\/wp-content\/uploads\/2023\/09\/16C-3.jpg","type":"image\/jpeg"}],"twitter_card":"summary_large_image","twitter_misc":{"Tiempo de lectura":"1 minuto"},"schema":{"@context":"https:\/\/schema.org","@graph":[{"@type":"WebPage","@id":"https:\/\/abaa.mx\/tienda\/dwyer-16c-3-1%e2%81%8416-controlador-de-temperatura-din-salida-de-rele-pantalla-dual\/","url":"https:\/\/abaa.mx\/tienda\/dwyer-16c-3-1%e2%81%8416-controlador-de-temperatura-din-salida-de-rele-pantalla-dual\/","name":"Dwyer 16c-3 1-16 controlador de temperatura din, salida de rel\u00e9, pantalla dual - Abaa tienda online","isPartOf":{"@id":"https:\/\/abaa.mx\/tienda\/#website"},"primaryImageOfPage":{"@id":"https:\/\/abaa.mx\/tienda\/dwyer-16c-3-1%e2%81%8416-controlador-de-temperatura-din-salida-de-rele-pantalla-dual\/#primaryimage"},"image":{"@id":"https:\/\/abaa.mx\/tienda\/dwyer-16c-3-1%e2%81%8416-controlador-de-temperatura-din-salida-de-rele-pantalla-dual\/#primaryimage"},"thumbnailUrl":"https:\/\/abaa.mx\/tienda\/wp-content\/uploads\/2023\/09\/16C-3.jpg","datePublished":"2023-09-22T21:44:32+00:00","dateModified":"2023-12-20T17:08:13+00:00","breadcrumb":{"@id":"https:\/\/abaa.mx\/tienda\/dwyer-16c-3-1%e2%81%8416-controlador-de-temperatura-din-salida-de-rele-pantalla-dual\/#breadcrumb"},"inLanguage":"es","potentialAction":[{"@type":"ReadAction","target":["https:\/\/abaa.mx\/tienda\/dwyer-16c-3-1%e2%81%8416-controlador-de-temperatura-din-salida-de-rele-pantalla-dual\/"]}]},{"@type":"ImageObject","inLanguage":"es","@id":"https:\/\/abaa.mx\/tienda\/dwyer-16c-3-1%e2%81%8416-controlador-de-temperatura-din-salida-de-rele-pantalla-dual\/#primaryimage","url":"https:\/\/abaa.mx\/tienda\/wp-content\/uploads\/2023\/09\/16C-3.jpg","contentUrl":"https:\/\/abaa.mx\/tienda\/wp-content\/uploads\/2023\/09\/16C-3.jpg","width":738,"height":604,"caption":"dwyer-16c-3-1\u204416-controlador-de-temperatura-din-salida-de-rele-pantalla-dual"},{"@type":"BreadcrumbList","@id":"https:\/\/abaa.mx\/tienda\/dwyer-16c-3-1%e2%81%8416-controlador-de-temperatura-din-salida-de-rele-pantalla-dual\/#breadcrumb","itemListElement":[{"@type":"ListItem","position":1,"name":"Inicio","item":"https:\/\/abaa.mx\/tienda\/"},{"@type":"ListItem","position":2,"name":"Tienda","item":"https:\/\/abaa.mx\/tienda\/"},{"@type":"ListItem","position":3,"name":"Dwyer 16c-3 1-16 controlador de temperatura din, salida de rel\u00e9, pantalla dual"}]},{"@type":"WebSite","@id":"https:\/\/abaa.mx\/tienda\/#website","url":"https:\/\/abaa.mx\/tienda\/","name":"Abaa tienda online","description":"Instrumentos de medici\u00f3n","publisher":{"@id":"https:\/\/abaa.mx\/tienda\/#organization"},"potentialAction":[{"@type":"SearchAction","target":{"@type":"EntryPoint","urlTemplate":"https:\/\/abaa.mx\/tienda\/?s={search_term_string}"},"query-input":{"@type":"PropertyValueSpecification","valueRequired":true,"valueName":"search_term_string"}}],"inLanguage":"es"},{"@type":"Organization","@id":"https:\/\/abaa.mx\/tienda\/#organization","name":"Abaa tienda online","url":"https:\/\/abaa.mx\/tienda\/","logo":{"@type":"ImageObject","inLanguage":"es","@id":"https:\/\/abaa.mx\/tienda\/#\/schema\/logo\/image\/","url":"https:\/\/abaa.mx\/tienda\/wp-content\/uploads\/2024\/01\/abaa-metrologia-tienda.png","contentUrl":"https:\/\/abaa.mx\/tienda\/wp-content\/uploads\/2024\/01\/abaa-metrologia-tienda.png","width":300,"height":141,"caption":"Abaa tienda online"},"image":{"@id":"https:\/\/abaa.mx\/tienda\/#\/schema\/logo\/image\/"}}]}},"_links":{"self":[{"href":"https:\/\/abaa.mx\/tienda\/wp-json\/wp\/v2\/product\/2750","targetHints":{"allow":["GET"]}}],"collection":[{"href":"https:\/\/abaa.mx\/tienda\/wp-json\/wp\/v2\/product"}],"about":[{"href":"https:\/\/abaa.mx\/tienda\/wp-json\/wp\/v2\/types\/product"}],"replies":[{"embeddable":true,"href":"https:\/\/abaa.mx\/tienda\/wp-json\/wp\/v2\/comments?post=2750"}],"wp:featuredmedia":[{"embeddable":true,"href":"https:\/\/abaa.mx\/tienda\/wp-json\/wp\/v2\/media\/2764"}],"wp:attachment":[{"href":"https:\/\/abaa.mx\/tienda\/wp-json\/wp\/v2\/media?parent=2750"}],"wp:term":[{"taxonomy":"product_brand","embeddable":true,"href":"https:\/\/abaa.mx\/tienda\/wp-json\/wp\/v2\/product_brand?post=2750"},{"taxonomy":"product_cat","embeddable":true,"href":"https:\/\/abaa.mx\/tienda\/wp-json\/wp\/v2\/product_cat?post=2750"},{"taxonomy":"product_tag","embeddable":true,"href":"https:\/\/abaa.mx\/tienda\/wp-json\/wp\/v2\/product_tag?post=2750"}],"curies":[{"name":"wp","href":"https:\/\/api.w.org\/{rel}","templated":true}]}}