{"id":2729,"date":"2023-09-22T20:16:23","date_gmt":"2023-09-22T20:16:23","guid":{"rendered":"https:\/\/abaa.mx\/tienda\/?post_type=product&#038;p=2729"},"modified":"2023-09-22T20:16:24","modified_gmt":"2023-09-22T20:16:24","slug":"interruptor-de-temperatura-de-doble-etapa-tss2-serie-dwyer-f-115-v-ca","status":"publish","type":"product","link":"https:\/\/abaa.mx\/tienda\/interruptor-de-temperatura-de-doble-etapa-tss2-serie-dwyer-f-115-v-ca\/","title":{"rendered":"Interruptor de temperatura de doble etapa tss2 serie dwyer, \u00b0f, 115 v ca"},"content":{"rendered":"<div class=\"span10\">\n<div class=\"mhide ipad-view-setting\">\n<div class=\"row-fluid ProductTabs\">\n<div class=\"span12\">\n<div class=\"tab-content\">\n<div id=\"tab0\" class=\"product-tabs tab-pane  active\">\n<h4>Dwyer TSS2-2100 Ofertas<\/h4>\n<p>Controle la refrigeraci\u00f3n, la calefacci\u00f3n o ambas con este interruptor, donde sus rel\u00e9s se pueden configurar para operaci\u00f3n directa o inversa. Programe 34 par\u00e1metros diferentes, incluidos puntos de ajuste, hist\u00e9resis, una configuraci\u00f3n de alarmas y ajuste de la sonda con el teclado frontal de silicona. Adem\u00e1s, este interruptor est\u00e1 dise\u00f1ado para el control de encendido \/ apagado o control de \u00e1rea neutral y cuenta con advertencia de error y protecci\u00f3n con contrase\u00f1a.<\/p>\n<h5><strong>Funciones<\/strong><\/h5>\n<ul>\n<li>Dispositivo de control de temperatura dual f\u00e1cil de usar<\/li>\n<li>Clave de configuraci\u00f3n<\/li>\n<\/ul>\n<h5><strong>Aplicaciones<\/strong><\/h5>\n<ul>\n<li>Refrigeradores<\/li>\n<li>Refrigeradores<\/li>\n<li>Equipo de servicio de alimentos<\/li>\n<li>Esterilizadores o equipos m\u00e9dicos<\/li>\n<\/ul>\n<div class=\"span10\">\n<div class=\"mhide ipad-view-setting\">\n<div class=\"row-fluid ProductTabs\">\n<div class=\"span12\">\n<div class=\"tab-content\">\n<div id=\"tab1\" class=\"product-tabs tab-pane  active\">\n<h4>Dwyer TSS2-2100 Especificaciones<\/h4>\n<table class=\"table table-striped\">\n<tbody>\n<tr>\n<td>Fuente de alimentaci\u00f3n<\/td>\n<td>115 V CA<\/td>\n<\/tr>\n<tr>\n<td>Rango de sonda<\/td>\n<td>PTC: -58 a 302 \u00b0F (-50 a 150 \u00b0C)NTC: -58 a 230 \u00b0F (-50 a 110 \u00b0C)<\/td>\n<\/tr>\n<tr>\n<td>Entrada<\/td>\n<td>PTC: 1000 \u03a9 a 25\u00b0C;<br \/>\nNTC: 10 k\u03a9 a 25\u00b0C<\/td>\n<\/tr>\n<tr>\n<td>Salidas<\/td>\n<td>OUT1 &#8211; Rel\u00e9 SPDT clasificado 16 A a 240 V CA resistivo; OUT2 &#8211; Rel\u00e9 SPDT clasificado 8 A a 240 V CA resistivo<\/td>\n<\/tr>\n<tr>\n<td>Clasificaci\u00f3n de caballos de fuerza (HP)<\/td>\n<td>1 HP (SALIDA1)<\/td>\n<\/tr>\n<tr>\n<td>Requisitos de alimentaci\u00f3n<\/td>\n<td>115 V CA<\/td>\n<\/tr>\n<tr>\n<td>Exactitud<\/td>\n<td>1% FS<\/td>\n<\/tr>\n<tr>\n<td>Monitor<\/td>\n<td>3 d\u00edgitos y signo, LED rojo<\/td>\n<\/tr>\n<tr>\n<td>Resoluci\u00f3n<\/td>\n<td>0,1\u00b0 (&lt;100\u00b0); 1\u00b0 (\u2265100\u00b0)<\/td>\n<\/tr>\n<tr>\n<td>Copia de seguridad de memoria<\/td>\n<td>Memoria no vol\u00e1til<\/td>\n<\/tr>\n<tr>\n<td>Temperatura<\/td>\n<td>Ambiente: 32 a 158\u00b0F (0 a 70\u00b0C)Almacenamiento: -4 a 176\u00b0F (-20 a 80\u00b0C)<\/td>\n<\/tr>\n<tr>\n<td>Clasificaci\u00f3n del panel frontal<\/td>\n<td>IP64<\/td>\n<\/tr>\n<tr>\n<td>Aprobaciones de agencias<\/td>\n<td>CE, cURus<\/td>\n<\/tr>\n<tr>\n<td>Dimensiones<\/td>\n<td>3 x 1,42 x 2,44&#8243; (76,2 x 36,07 x 61,98 mm)<\/td>\n<\/tr>\n<tr>\n<td>Peso<\/td>\n<td>0,14 libras (65 g)<\/td>\n<\/tr>\n<\/tbody>\n<\/table>\n<\/div>\n<\/div>\n<\/div>\n<\/div>\n<\/div>\n<\/div>\n<\/div>\n<\/div>\n<\/div>\n<\/div>\n<\/div>\n<\/div>\n","protected":false},"excerpt":{"rendered":"<p class=\"short-description mhide ipad-view-setting\">Trabaje con dos entradas de sensor independientes y salidas de control en un dispositivo con este termostato de doble etapa que funciona en \u00b0F y tiene una fuente de alimentaci\u00f3n de CA de 115 V. Adem\u00e1s, este interruptor se puede proporcionar con una o dos sondas (PTC o NTC) y proporciona dos rel\u00e9s de salida m\u00e1s un zumbador de alarma.<\/p>\n<p class=\"comment-tag-product\">\n<div class=\"row-fluid\">\n<div class=\"span12 mobile-pricing-box-padding\">\n<form id=\"126189057\" accept-charset=\"utf-8\" action=\"https:\/\/www.globaltestsupply.com\/shop\/add\" method=\"post\" name=\"addTocartFunction\">\n<div><\/div>\n<\/form>\n<\/div>\n<\/div>\n","protected":false},"featured_media":2732,"comment_status":"open","ping_status":"closed","template":"","meta":{"_joinchat":[]},"product_brand":[],"product_cat":[15],"product_tag":[],"class_list":{"0":"post-2729","1":"product","2":"type-product","3":"status-publish","4":"has-post-thumbnail","6":"product_cat-sin-categorizar","8":"first","9":"instock","10":"shipping-taxable","11":"product-type-simple"},"yoast_head":"<!-- This site is optimized with the Yoast SEO plugin v26.4 - https:\/\/yoast.com\/wordpress\/plugins\/seo\/ -->\n<title>Interruptor de temperatura de doble etapa tss2 serie dwyer, \u00b0f, 115 v ca - Abaa tienda online<\/title>\n<meta name=\"robots\" content=\"index, follow, max-snippet:-1, max-image-preview:large, max-video-preview:-1\" \/>\n<link rel=\"canonical\" href=\"https:\/\/abaa.mx\/tienda\/interruptor-de-temperatura-de-doble-etapa-tss2-serie-dwyer-f-115-v-ca\/\" \/>\n<meta property=\"og:locale\" content=\"es_MX\" \/>\n<meta property=\"og:type\" content=\"article\" \/>\n<meta property=\"og:title\" content=\"Interruptor de temperatura de doble etapa tss2 serie dwyer, \u00b0f, 115 v ca - Abaa tienda online\" \/>\n<meta property=\"og:description\" content=\"Trabaje con dos entradas de sensor independientes y salidas de control en un dispositivo con este termostato de doble etapa que funciona en \u00b0F y tiene una fuente de alimentaci\u00f3n de CA de 115 V. Adem\u00e1s, este interruptor se puede proporcionar con una o dos sondas (PTC o NTC) y proporciona dos rel\u00e9s de salida m\u00e1s un zumbador de alarma.\" \/>\n<meta property=\"og:url\" content=\"https:\/\/abaa.mx\/tienda\/interruptor-de-temperatura-de-doble-etapa-tss2-serie-dwyer-f-115-v-ca\/\" \/>\n<meta property=\"og:site_name\" content=\"Abaa tienda online\" \/>\n<meta property=\"article:modified_time\" content=\"2023-09-22T20:16:24+00:00\" \/>\n<meta property=\"og:image\" content=\"https:\/\/abaa.mx\/tienda\/wp-content\/uploads\/2023\/09\/TSS2-2100.jpg\" \/>\n\t<meta property=\"og:image:width\" content=\"500\" \/>\n\t<meta property=\"og:image:height\" content=\"500\" \/>\n\t<meta property=\"og:image:type\" content=\"image\/jpeg\" \/>\n<meta name=\"twitter:card\" content=\"summary_large_image\" \/>\n<meta name=\"twitter:label1\" content=\"Tiempo de lectura\" \/>\n\t<meta name=\"twitter:data1\" content=\"2 minutos\" \/>\n<script type=\"application\/ld+json\" class=\"yoast-schema-graph\">{\"@context\":\"https:\/\/schema.org\",\"@graph\":[{\"@type\":\"WebPage\",\"@id\":\"https:\/\/abaa.mx\/tienda\/interruptor-de-temperatura-de-doble-etapa-tss2-serie-dwyer-f-115-v-ca\/\",\"url\":\"https:\/\/abaa.mx\/tienda\/interruptor-de-temperatura-de-doble-etapa-tss2-serie-dwyer-f-115-v-ca\/\",\"name\":\"Interruptor de temperatura de doble etapa tss2 serie dwyer, \u00b0f, 115 v ca - Abaa tienda online\",\"isPartOf\":{\"@id\":\"https:\/\/abaa.mx\/tienda\/#website\"},\"primaryImageOfPage\":{\"@id\":\"https:\/\/abaa.mx\/tienda\/interruptor-de-temperatura-de-doble-etapa-tss2-serie-dwyer-f-115-v-ca\/#primaryimage\"},\"image\":{\"@id\":\"https:\/\/abaa.mx\/tienda\/interruptor-de-temperatura-de-doble-etapa-tss2-serie-dwyer-f-115-v-ca\/#primaryimage\"},\"thumbnailUrl\":\"https:\/\/abaa.mx\/tienda\/wp-content\/uploads\/2023\/09\/TSS2-2100.jpg\",\"datePublished\":\"2023-09-22T20:16:23+00:00\",\"dateModified\":\"2023-09-22T20:16:24+00:00\",\"breadcrumb\":{\"@id\":\"https:\/\/abaa.mx\/tienda\/interruptor-de-temperatura-de-doble-etapa-tss2-serie-dwyer-f-115-v-ca\/#breadcrumb\"},\"inLanguage\":\"es\",\"potentialAction\":[{\"@type\":\"ReadAction\",\"target\":[\"https:\/\/abaa.mx\/tienda\/interruptor-de-temperatura-de-doble-etapa-tss2-serie-dwyer-f-115-v-ca\/\"]}]},{\"@type\":\"ImageObject\",\"inLanguage\":\"es\",\"@id\":\"https:\/\/abaa.mx\/tienda\/interruptor-de-temperatura-de-doble-etapa-tss2-serie-dwyer-f-115-v-ca\/#primaryimage\",\"url\":\"https:\/\/abaa.mx\/tienda\/wp-content\/uploads\/2023\/09\/TSS2-2100.jpg\",\"contentUrl\":\"https:\/\/abaa.mx\/tienda\/wp-content\/uploads\/2023\/09\/TSS2-2100.jpg\",\"width\":500,\"height\":500,\"caption\":\"interruptor-de-temperatura-de-doble-etapa-tss2-serie-dwyer-f-115-v-ca\"},{\"@type\":\"BreadcrumbList\",\"@id\":\"https:\/\/abaa.mx\/tienda\/interruptor-de-temperatura-de-doble-etapa-tss2-serie-dwyer-f-115-v-ca\/#breadcrumb\",\"itemListElement\":[{\"@type\":\"ListItem\",\"position\":1,\"name\":\"Inicio\",\"item\":\"https:\/\/abaa.mx\/tienda\/\"},{\"@type\":\"ListItem\",\"position\":2,\"name\":\"Tienda\",\"item\":\"https:\/\/abaa.mx\/tienda\/\"},{\"@type\":\"ListItem\",\"position\":3,\"name\":\"Interruptor de temperatura de doble etapa tss2 serie dwyer, \u00b0f, 115 v ca\"}]},{\"@type\":\"WebSite\",\"@id\":\"https:\/\/abaa.mx\/tienda\/#website\",\"url\":\"https:\/\/abaa.mx\/tienda\/\",\"name\":\"Abaa tienda online\",\"description\":\"Instrumentos de medici\u00f3n\",\"publisher\":{\"@id\":\"https:\/\/abaa.mx\/tienda\/#organization\"},\"potentialAction\":[{\"@type\":\"SearchAction\",\"target\":{\"@type\":\"EntryPoint\",\"urlTemplate\":\"https:\/\/abaa.mx\/tienda\/?s={search_term_string}\"},\"query-input\":{\"@type\":\"PropertyValueSpecification\",\"valueRequired\":true,\"valueName\":\"search_term_string\"}}],\"inLanguage\":\"es\"},{\"@type\":\"Organization\",\"@id\":\"https:\/\/abaa.mx\/tienda\/#organization\",\"name\":\"Abaa tienda online\",\"url\":\"https:\/\/abaa.mx\/tienda\/\",\"logo\":{\"@type\":\"ImageObject\",\"inLanguage\":\"es\",\"@id\":\"https:\/\/abaa.mx\/tienda\/#\/schema\/logo\/image\/\",\"url\":\"https:\/\/abaa.mx\/tienda\/wp-content\/uploads\/2024\/01\/abaa-metrologia-tienda.png\",\"contentUrl\":\"https:\/\/abaa.mx\/tienda\/wp-content\/uploads\/2024\/01\/abaa-metrologia-tienda.png\",\"width\":300,\"height\":141,\"caption\":\"Abaa tienda online\"},\"image\":{\"@id\":\"https:\/\/abaa.mx\/tienda\/#\/schema\/logo\/image\/\"}}]}<\/script>\n<!-- \/ Yoast SEO plugin. -->","yoast_head_json":{"title":"Interruptor de temperatura de doble etapa tss2 serie dwyer, \u00b0f, 115 v ca - Abaa tienda online","robots":{"index":"index","follow":"follow","max-snippet":"max-snippet:-1","max-image-preview":"max-image-preview:large","max-video-preview":"max-video-preview:-1"},"canonical":"https:\/\/abaa.mx\/tienda\/interruptor-de-temperatura-de-doble-etapa-tss2-serie-dwyer-f-115-v-ca\/","og_locale":"es_MX","og_type":"article","og_title":"Interruptor de temperatura de doble etapa tss2 serie dwyer, \u00b0f, 115 v ca - Abaa tienda online","og_description":"Trabaje con dos entradas de sensor independientes y salidas de control en un dispositivo con este termostato de doble etapa que funciona en \u00b0F y tiene una fuente de alimentaci\u00f3n de CA de 115 V. Adem\u00e1s, este interruptor se puede proporcionar con una o dos sondas (PTC o NTC) y proporciona dos rel\u00e9s de salida m\u00e1s un zumbador de alarma.","og_url":"https:\/\/abaa.mx\/tienda\/interruptor-de-temperatura-de-doble-etapa-tss2-serie-dwyer-f-115-v-ca\/","og_site_name":"Abaa tienda online","article_modified_time":"2023-09-22T20:16:24+00:00","og_image":[{"width":500,"height":500,"url":"https:\/\/abaa.mx\/tienda\/wp-content\/uploads\/2023\/09\/TSS2-2100.jpg","type":"image\/jpeg"}],"twitter_card":"summary_large_image","twitter_misc":{"Tiempo de lectura":"2 minutos"},"schema":{"@context":"https:\/\/schema.org","@graph":[{"@type":"WebPage","@id":"https:\/\/abaa.mx\/tienda\/interruptor-de-temperatura-de-doble-etapa-tss2-serie-dwyer-f-115-v-ca\/","url":"https:\/\/abaa.mx\/tienda\/interruptor-de-temperatura-de-doble-etapa-tss2-serie-dwyer-f-115-v-ca\/","name":"Interruptor de temperatura de doble etapa tss2 serie dwyer, \u00b0f, 115 v ca - Abaa tienda online","isPartOf":{"@id":"https:\/\/abaa.mx\/tienda\/#website"},"primaryImageOfPage":{"@id":"https:\/\/abaa.mx\/tienda\/interruptor-de-temperatura-de-doble-etapa-tss2-serie-dwyer-f-115-v-ca\/#primaryimage"},"image":{"@id":"https:\/\/abaa.mx\/tienda\/interruptor-de-temperatura-de-doble-etapa-tss2-serie-dwyer-f-115-v-ca\/#primaryimage"},"thumbnailUrl":"https:\/\/abaa.mx\/tienda\/wp-content\/uploads\/2023\/09\/TSS2-2100.jpg","datePublished":"2023-09-22T20:16:23+00:00","dateModified":"2023-09-22T20:16:24+00:00","breadcrumb":{"@id":"https:\/\/abaa.mx\/tienda\/interruptor-de-temperatura-de-doble-etapa-tss2-serie-dwyer-f-115-v-ca\/#breadcrumb"},"inLanguage":"es","potentialAction":[{"@type":"ReadAction","target":["https:\/\/abaa.mx\/tienda\/interruptor-de-temperatura-de-doble-etapa-tss2-serie-dwyer-f-115-v-ca\/"]}]},{"@type":"ImageObject","inLanguage":"es","@id":"https:\/\/abaa.mx\/tienda\/interruptor-de-temperatura-de-doble-etapa-tss2-serie-dwyer-f-115-v-ca\/#primaryimage","url":"https:\/\/abaa.mx\/tienda\/wp-content\/uploads\/2023\/09\/TSS2-2100.jpg","contentUrl":"https:\/\/abaa.mx\/tienda\/wp-content\/uploads\/2023\/09\/TSS2-2100.jpg","width":500,"height":500,"caption":"interruptor-de-temperatura-de-doble-etapa-tss2-serie-dwyer-f-115-v-ca"},{"@type":"BreadcrumbList","@id":"https:\/\/abaa.mx\/tienda\/interruptor-de-temperatura-de-doble-etapa-tss2-serie-dwyer-f-115-v-ca\/#breadcrumb","itemListElement":[{"@type":"ListItem","position":1,"name":"Inicio","item":"https:\/\/abaa.mx\/tienda\/"},{"@type":"ListItem","position":2,"name":"Tienda","item":"https:\/\/abaa.mx\/tienda\/"},{"@type":"ListItem","position":3,"name":"Interruptor de temperatura de doble etapa tss2 serie dwyer, \u00b0f, 115 v ca"}]},{"@type":"WebSite","@id":"https:\/\/abaa.mx\/tienda\/#website","url":"https:\/\/abaa.mx\/tienda\/","name":"Abaa tienda online","description":"Instrumentos de medici\u00f3n","publisher":{"@id":"https:\/\/abaa.mx\/tienda\/#organization"},"potentialAction":[{"@type":"SearchAction","target":{"@type":"EntryPoint","urlTemplate":"https:\/\/abaa.mx\/tienda\/?s={search_term_string}"},"query-input":{"@type":"PropertyValueSpecification","valueRequired":true,"valueName":"search_term_string"}}],"inLanguage":"es"},{"@type":"Organization","@id":"https:\/\/abaa.mx\/tienda\/#organization","name":"Abaa tienda online","url":"https:\/\/abaa.mx\/tienda\/","logo":{"@type":"ImageObject","inLanguage":"es","@id":"https:\/\/abaa.mx\/tienda\/#\/schema\/logo\/image\/","url":"https:\/\/abaa.mx\/tienda\/wp-content\/uploads\/2024\/01\/abaa-metrologia-tienda.png","contentUrl":"https:\/\/abaa.mx\/tienda\/wp-content\/uploads\/2024\/01\/abaa-metrologia-tienda.png","width":300,"height":141,"caption":"Abaa tienda online"},"image":{"@id":"https:\/\/abaa.mx\/tienda\/#\/schema\/logo\/image\/"}}]}},"_links":{"self":[{"href":"https:\/\/abaa.mx\/tienda\/wp-json\/wp\/v2\/product\/2729","targetHints":{"allow":["GET"]}}],"collection":[{"href":"https:\/\/abaa.mx\/tienda\/wp-json\/wp\/v2\/product"}],"about":[{"href":"https:\/\/abaa.mx\/tienda\/wp-json\/wp\/v2\/types\/product"}],"replies":[{"embeddable":true,"href":"https:\/\/abaa.mx\/tienda\/wp-json\/wp\/v2\/comments?post=2729"}],"wp:featuredmedia":[{"embeddable":true,"href":"https:\/\/abaa.mx\/tienda\/wp-json\/wp\/v2\/media\/2732"}],"wp:attachment":[{"href":"https:\/\/abaa.mx\/tienda\/wp-json\/wp\/v2\/media?parent=2729"}],"wp:term":[{"taxonomy":"product_brand","embeddable":true,"href":"https:\/\/abaa.mx\/tienda\/wp-json\/wp\/v2\/product_brand?post=2729"},{"taxonomy":"product_cat","embeddable":true,"href":"https:\/\/abaa.mx\/tienda\/wp-json\/wp\/v2\/product_cat?post=2729"},{"taxonomy":"product_tag","embeddable":true,"href":"https:\/\/abaa.mx\/tienda\/wp-json\/wp\/v2\/product_tag?post=2729"}],"curies":[{"name":"wp","href":"https:\/\/api.w.org\/{rel}","templated":true}]}}