{"id":2728,"date":"2023-09-22T20:16:22","date_gmt":"2023-09-22T20:16:22","guid":{"rendered":"https:\/\/abaa.mx\/tienda\/?post_type=product&#038;p=2728"},"modified":"2023-09-22T20:16:22","modified_gmt":"2023-09-22T20:16:22","slug":"termostato-digital-dwyer-ts3-50010-115-v-ca","status":"publish","type":"product","link":"https:\/\/abaa.mx\/tienda\/termostato-digital-dwyer-ts3-50010-115-v-ca\/","title":{"rendered":"Termostato digital dwyer ts3-50010, 115 v ca"},"content":{"rendered":"<h4>Dwyer TS3-50010 Ofertas<\/h4>\n<p>Para aplicaciones de refrigeraci\u00f3n, el ciclo de descongelaci\u00f3n se puede iniciar en funci\u00f3n del tiempo o utilizando las teclas del panel frontal. Adem\u00e1s, tiene una sola entrada de sonda de temperatura, una salida de rel\u00e9 SPDT y una pantalla y botones rojos.<\/p>\n<h5><strong>Funciones<\/strong><\/h5>\n<ul>\n<li>Campo seleccionable \u00b0F o \u00b0C<\/li>\n<li>Reloj en tiempo real<\/li>\n<li>Registro de alarmas HACCP<\/li>\n<li>Clave de configuraci\u00f3n<\/li>\n<\/ul>\n<h5><strong>Aplicaciones<\/strong><\/h5>\n<ul>\n<li>Refrigeradores<\/li>\n<li>Refrigeradores<\/li>\n<li>Equipo de servicio de alimentos<\/li>\n<li>Esterilizadores o equipos m\u00e9dicos<\/li>\n<\/ul>\n<h4>Dwyer TS3-50010 Especificaciones<\/h4>\n<table class=\"table table-striped\">\n<tbody>\n<tr>\n<td>Rango de sonda<\/td>\n<td>PTC: -58 a 302 \u00b0F (-50 a 150 \u00b0C) NTC: -58 a 230 \u00b0F (-50 a 110 \u00b0C)<\/td>\n<\/tr>\n<tr>\n<td>Entrada<\/td>\n<td>PTC (1000 \u03a9 a 25\u00b0C); NTC (10 K\u03a9 a 25\u00b0C)<\/td>\n<\/tr>\n<tr>\n<td>Salida<\/td>\n<td>R1 SPDT rel\u00e9 carga resistiva 16 A, carga inductiva 10 FLA, 60 LRA a 240 V CA<\/td>\n<\/tr>\n<tr>\n<td>Clasificaci\u00f3n de caballos de fuerza<\/td>\n<td>1 HP a 240 V CA<\/td>\n<\/tr>\n<tr>\n<td>Tipo de control<\/td>\n<td>Encendido\/apagado<\/td>\n<\/tr>\n<tr>\n<td>Poder<\/td>\n<td>Requisito: 115, 230, 12 V AC\/V DC, 24 V AC\/DC (\u00b110%) seg\u00fan el modelo<br \/>\nConsumo: 3.6 V A (115\/230\/24 V), 1.5 V A (12 V)<\/td>\n<\/tr>\n<tr>\n<td>Exactitud<\/td>\n<td>\u00b11% FS<\/td>\n<\/tr>\n<tr>\n<td>Monitor<\/td>\n<td>3 d\u00edgitos, signo m\u00e1s<\/td>\n<\/tr>\n<tr>\n<td>Resoluci\u00f3n<\/td>\n<td>0.1\u00b0<\/td>\n<\/tr>\n<tr>\n<td>Copia de seguridad de memoria<\/td>\n<td>Memoria no vol\u00e1til<\/td>\n<\/tr>\n<tr>\n<td>Temperatura ambiente<\/td>\n<td>De 32 a 131 \u00b0C (de 0 a 55 \u00b0F)<\/td>\n<\/tr>\n<tr>\n<td>Panel frontal<\/td>\n<td>IP65<\/td>\n<\/tr>\n<tr>\n<td>Aprobaciones de agencias<\/td>\n<td>CE<br \/>\ncURus<\/td>\n<\/tr>\n<tr>\n<td>Dimensiones<\/td>\n<td>3 x 2\/1 x 76\/2&#8243; (66,74 x 35,08 x &lt;&gt;,&lt;&gt; mm)<\/td>\n<\/tr>\n<tr>\n<td>Peso<\/td>\n<td>2,3 onzas (65 g)<\/td>\n<\/tr>\n<\/tbody>\n<\/table>\n","protected":false},"excerpt":{"rendered":"<p class=\"short-description mhide ipad-view-setting\">Ideal para el control de aplicaciones de calefacci\u00f3n o refrigeraci\u00f3n de encendido \/ apagado, este interruptor de temperatura digital tiene unidades de ingenier\u00eda seleccionables en campo y tipos de sondas de temperatura para reducir la combinaci\u00f3n de piezas que deben almacenarse. Adem\u00e1s, tiene una alimentaci\u00f3n de 115 V AC.<\/p>\n<p class=\"comment-tag-product\">\n<div class=\"row-fluid\">\n<div class=\"span12 mobile-pricing-box-padding\">\n<form id=\"126184416\" accept-charset=\"utf-8\" action=\"https:\/\/www.globaltestsupply.com\/shop\/add\" method=\"post\" name=\"addTocartFunction\">\n<div><\/div>\n<\/form>\n<\/div>\n<\/div>\n","protected":false},"featured_media":2731,"comment_status":"open","ping_status":"closed","template":"","meta":{"_joinchat":[]},"product_brand":[],"product_cat":[15],"product_tag":[],"class_list":{"0":"post-2728","1":"product","2":"type-product","3":"status-publish","4":"has-post-thumbnail","6":"product_cat-sin-categorizar","8":"first","9":"instock","10":"shipping-taxable","11":"product-type-simple"},"yoast_head":"<!-- This site is optimized with the Yoast SEO plugin v26.4 - https:\/\/yoast.com\/wordpress\/plugins\/seo\/ -->\n<title>Termostato digital dwyer ts3-50010, 115 v ca - Abaa tienda online<\/title>\n<meta name=\"robots\" content=\"index, follow, max-snippet:-1, max-image-preview:large, max-video-preview:-1\" \/>\n<link rel=\"canonical\" href=\"https:\/\/abaa.mx\/tienda\/termostato-digital-dwyer-ts3-50010-115-v-ca\/\" \/>\n<meta property=\"og:locale\" content=\"es_MX\" \/>\n<meta property=\"og:type\" content=\"article\" \/>\n<meta property=\"og:title\" content=\"Termostato digital dwyer ts3-50010, 115 v ca - Abaa tienda online\" \/>\n<meta property=\"og:description\" content=\"Ideal para el control de aplicaciones de calefacci\u00f3n o refrigeraci\u00f3n de encendido \/ apagado, este interruptor de temperatura digital tiene unidades de ingenier\u00eda seleccionables en campo y tipos de sondas de temperatura para reducir la combinaci\u00f3n de piezas que deben almacenarse. Adem\u00e1s, tiene una alimentaci\u00f3n de 115 V AC.\" \/>\n<meta property=\"og:url\" content=\"https:\/\/abaa.mx\/tienda\/termostato-digital-dwyer-ts3-50010-115-v-ca\/\" \/>\n<meta property=\"og:site_name\" content=\"Abaa tienda online\" \/>\n<meta property=\"og:image\" content=\"https:\/\/abaa.mx\/tienda\/wp-content\/uploads\/2023\/09\/TS3-50010.jpg\" \/>\n\t<meta property=\"og:image:width\" content=\"750\" \/>\n\t<meta property=\"og:image:height\" content=\"750\" \/>\n\t<meta property=\"og:image:type\" content=\"image\/jpeg\" \/>\n<meta name=\"twitter:card\" content=\"summary_large_image\" \/>\n<meta name=\"twitter:label1\" content=\"Tiempo de lectura\" \/>\n\t<meta name=\"twitter:data1\" content=\"2 minutos\" \/>\n<script type=\"application\/ld+json\" class=\"yoast-schema-graph\">{\"@context\":\"https:\/\/schema.org\",\"@graph\":[{\"@type\":\"WebPage\",\"@id\":\"https:\/\/abaa.mx\/tienda\/termostato-digital-dwyer-ts3-50010-115-v-ca\/\",\"url\":\"https:\/\/abaa.mx\/tienda\/termostato-digital-dwyer-ts3-50010-115-v-ca\/\",\"name\":\"Termostato digital dwyer ts3-50010, 115 v ca - Abaa tienda online\",\"isPartOf\":{\"@id\":\"https:\/\/abaa.mx\/tienda\/#website\"},\"primaryImageOfPage\":{\"@id\":\"https:\/\/abaa.mx\/tienda\/termostato-digital-dwyer-ts3-50010-115-v-ca\/#primaryimage\"},\"image\":{\"@id\":\"https:\/\/abaa.mx\/tienda\/termostato-digital-dwyer-ts3-50010-115-v-ca\/#primaryimage\"},\"thumbnailUrl\":\"https:\/\/abaa.mx\/tienda\/wp-content\/uploads\/2023\/09\/TS3-50010.jpg\",\"datePublished\":\"2023-09-22T20:16:22+00:00\",\"breadcrumb\":{\"@id\":\"https:\/\/abaa.mx\/tienda\/termostato-digital-dwyer-ts3-50010-115-v-ca\/#breadcrumb\"},\"inLanguage\":\"es\",\"potentialAction\":[{\"@type\":\"ReadAction\",\"target\":[\"https:\/\/abaa.mx\/tienda\/termostato-digital-dwyer-ts3-50010-115-v-ca\/\"]}]},{\"@type\":\"ImageObject\",\"inLanguage\":\"es\",\"@id\":\"https:\/\/abaa.mx\/tienda\/termostato-digital-dwyer-ts3-50010-115-v-ca\/#primaryimage\",\"url\":\"https:\/\/abaa.mx\/tienda\/wp-content\/uploads\/2023\/09\/TS3-50010.jpg\",\"contentUrl\":\"https:\/\/abaa.mx\/tienda\/wp-content\/uploads\/2023\/09\/TS3-50010.jpg\",\"width\":750,\"height\":750,\"caption\":\"termostato-digital-dwyer-ts3-50010-115-v-ca\"},{\"@type\":\"BreadcrumbList\",\"@id\":\"https:\/\/abaa.mx\/tienda\/termostato-digital-dwyer-ts3-50010-115-v-ca\/#breadcrumb\",\"itemListElement\":[{\"@type\":\"ListItem\",\"position\":1,\"name\":\"Inicio\",\"item\":\"https:\/\/abaa.mx\/tienda\/\"},{\"@type\":\"ListItem\",\"position\":2,\"name\":\"Tienda\",\"item\":\"https:\/\/abaa.mx\/tienda\/\"},{\"@type\":\"ListItem\",\"position\":3,\"name\":\"Termostato digital dwyer ts3-50010, 115 v ca\"}]},{\"@type\":\"WebSite\",\"@id\":\"https:\/\/abaa.mx\/tienda\/#website\",\"url\":\"https:\/\/abaa.mx\/tienda\/\",\"name\":\"Abaa tienda online\",\"description\":\"Instrumentos de medici\u00f3n\",\"publisher\":{\"@id\":\"https:\/\/abaa.mx\/tienda\/#organization\"},\"potentialAction\":[{\"@type\":\"SearchAction\",\"target\":{\"@type\":\"EntryPoint\",\"urlTemplate\":\"https:\/\/abaa.mx\/tienda\/?s={search_term_string}\"},\"query-input\":{\"@type\":\"PropertyValueSpecification\",\"valueRequired\":true,\"valueName\":\"search_term_string\"}}],\"inLanguage\":\"es\"},{\"@type\":\"Organization\",\"@id\":\"https:\/\/abaa.mx\/tienda\/#organization\",\"name\":\"Abaa tienda online\",\"url\":\"https:\/\/abaa.mx\/tienda\/\",\"logo\":{\"@type\":\"ImageObject\",\"inLanguage\":\"es\",\"@id\":\"https:\/\/abaa.mx\/tienda\/#\/schema\/logo\/image\/\",\"url\":\"https:\/\/abaa.mx\/tienda\/wp-content\/uploads\/2024\/01\/abaa-metrologia-tienda.png\",\"contentUrl\":\"https:\/\/abaa.mx\/tienda\/wp-content\/uploads\/2024\/01\/abaa-metrologia-tienda.png\",\"width\":300,\"height\":141,\"caption\":\"Abaa tienda online\"},\"image\":{\"@id\":\"https:\/\/abaa.mx\/tienda\/#\/schema\/logo\/image\/\"}}]}<\/script>\n<!-- \/ Yoast SEO plugin. -->","yoast_head_json":{"title":"Termostato digital dwyer ts3-50010, 115 v ca - Abaa tienda online","robots":{"index":"index","follow":"follow","max-snippet":"max-snippet:-1","max-image-preview":"max-image-preview:large","max-video-preview":"max-video-preview:-1"},"canonical":"https:\/\/abaa.mx\/tienda\/termostato-digital-dwyer-ts3-50010-115-v-ca\/","og_locale":"es_MX","og_type":"article","og_title":"Termostato digital dwyer ts3-50010, 115 v ca - Abaa tienda online","og_description":"Ideal para el control de aplicaciones de calefacci\u00f3n o refrigeraci\u00f3n de encendido \/ apagado, este interruptor de temperatura digital tiene unidades de ingenier\u00eda seleccionables en campo y tipos de sondas de temperatura para reducir la combinaci\u00f3n de piezas que deben almacenarse. Adem\u00e1s, tiene una alimentaci\u00f3n de 115 V AC.","og_url":"https:\/\/abaa.mx\/tienda\/termostato-digital-dwyer-ts3-50010-115-v-ca\/","og_site_name":"Abaa tienda online","og_image":[{"width":750,"height":750,"url":"https:\/\/abaa.mx\/tienda\/wp-content\/uploads\/2023\/09\/TS3-50010.jpg","type":"image\/jpeg"}],"twitter_card":"summary_large_image","twitter_misc":{"Tiempo de lectura":"2 minutos"},"schema":{"@context":"https:\/\/schema.org","@graph":[{"@type":"WebPage","@id":"https:\/\/abaa.mx\/tienda\/termostato-digital-dwyer-ts3-50010-115-v-ca\/","url":"https:\/\/abaa.mx\/tienda\/termostato-digital-dwyer-ts3-50010-115-v-ca\/","name":"Termostato digital dwyer ts3-50010, 115 v ca - Abaa tienda online","isPartOf":{"@id":"https:\/\/abaa.mx\/tienda\/#website"},"primaryImageOfPage":{"@id":"https:\/\/abaa.mx\/tienda\/termostato-digital-dwyer-ts3-50010-115-v-ca\/#primaryimage"},"image":{"@id":"https:\/\/abaa.mx\/tienda\/termostato-digital-dwyer-ts3-50010-115-v-ca\/#primaryimage"},"thumbnailUrl":"https:\/\/abaa.mx\/tienda\/wp-content\/uploads\/2023\/09\/TS3-50010.jpg","datePublished":"2023-09-22T20:16:22+00:00","breadcrumb":{"@id":"https:\/\/abaa.mx\/tienda\/termostato-digital-dwyer-ts3-50010-115-v-ca\/#breadcrumb"},"inLanguage":"es","potentialAction":[{"@type":"ReadAction","target":["https:\/\/abaa.mx\/tienda\/termostato-digital-dwyer-ts3-50010-115-v-ca\/"]}]},{"@type":"ImageObject","inLanguage":"es","@id":"https:\/\/abaa.mx\/tienda\/termostato-digital-dwyer-ts3-50010-115-v-ca\/#primaryimage","url":"https:\/\/abaa.mx\/tienda\/wp-content\/uploads\/2023\/09\/TS3-50010.jpg","contentUrl":"https:\/\/abaa.mx\/tienda\/wp-content\/uploads\/2023\/09\/TS3-50010.jpg","width":750,"height":750,"caption":"termostato-digital-dwyer-ts3-50010-115-v-ca"},{"@type":"BreadcrumbList","@id":"https:\/\/abaa.mx\/tienda\/termostato-digital-dwyer-ts3-50010-115-v-ca\/#breadcrumb","itemListElement":[{"@type":"ListItem","position":1,"name":"Inicio","item":"https:\/\/abaa.mx\/tienda\/"},{"@type":"ListItem","position":2,"name":"Tienda","item":"https:\/\/abaa.mx\/tienda\/"},{"@type":"ListItem","position":3,"name":"Termostato digital dwyer ts3-50010, 115 v ca"}]},{"@type":"WebSite","@id":"https:\/\/abaa.mx\/tienda\/#website","url":"https:\/\/abaa.mx\/tienda\/","name":"Abaa tienda online","description":"Instrumentos de medici\u00f3n","publisher":{"@id":"https:\/\/abaa.mx\/tienda\/#organization"},"potentialAction":[{"@type":"SearchAction","target":{"@type":"EntryPoint","urlTemplate":"https:\/\/abaa.mx\/tienda\/?s={search_term_string}"},"query-input":{"@type":"PropertyValueSpecification","valueRequired":true,"valueName":"search_term_string"}}],"inLanguage":"es"},{"@type":"Organization","@id":"https:\/\/abaa.mx\/tienda\/#organization","name":"Abaa tienda online","url":"https:\/\/abaa.mx\/tienda\/","logo":{"@type":"ImageObject","inLanguage":"es","@id":"https:\/\/abaa.mx\/tienda\/#\/schema\/logo\/image\/","url":"https:\/\/abaa.mx\/tienda\/wp-content\/uploads\/2024\/01\/abaa-metrologia-tienda.png","contentUrl":"https:\/\/abaa.mx\/tienda\/wp-content\/uploads\/2024\/01\/abaa-metrologia-tienda.png","width":300,"height":141,"caption":"Abaa tienda online"},"image":{"@id":"https:\/\/abaa.mx\/tienda\/#\/schema\/logo\/image\/"}}]}},"_links":{"self":[{"href":"https:\/\/abaa.mx\/tienda\/wp-json\/wp\/v2\/product\/2728","targetHints":{"allow":["GET"]}}],"collection":[{"href":"https:\/\/abaa.mx\/tienda\/wp-json\/wp\/v2\/product"}],"about":[{"href":"https:\/\/abaa.mx\/tienda\/wp-json\/wp\/v2\/types\/product"}],"replies":[{"embeddable":true,"href":"https:\/\/abaa.mx\/tienda\/wp-json\/wp\/v2\/comments?post=2728"}],"wp:featuredmedia":[{"embeddable":true,"href":"https:\/\/abaa.mx\/tienda\/wp-json\/wp\/v2\/media\/2731"}],"wp:attachment":[{"href":"https:\/\/abaa.mx\/tienda\/wp-json\/wp\/v2\/media?parent=2728"}],"wp:term":[{"taxonomy":"product_brand","embeddable":true,"href":"https:\/\/abaa.mx\/tienda\/wp-json\/wp\/v2\/product_brand?post=2728"},{"taxonomy":"product_cat","embeddable":true,"href":"https:\/\/abaa.mx\/tienda\/wp-json\/wp\/v2\/product_cat?post=2728"},{"taxonomy":"product_tag","embeddable":true,"href":"https:\/\/abaa.mx\/tienda\/wp-json\/wp\/v2\/product_tag?post=2728"}],"curies":[{"name":"wp","href":"https:\/\/api.w.org\/{rel}","templated":true}]}}